{"id":26637,"date":"2020-08-03T09:28:12","date_gmt":"2020-08-03T09:28:12","guid":{"rendered":"https:\/\/penosil.com\/lv\/?post_type=product&#038;p=26637"},"modified":"2026-01-20T01:09:00","modified_gmt":"2026-01-20T01:09:00","slug":"foil-pack-gun-pneumatic-ph6","status":"publish","type":"product","link":"https:\/\/penosil.com\/lv\/produkt\/foil-pack-gun-pneumatic-ph6\/","title":{"rendered":"Foil Pack Gun Pneumatic PH6"},"content":{"rendered":"<p>PENOSIL Foil Pack Gun Pneumatic PH6 ir profesion\u0101la pneimatisk\u0101 pistole herm\u0113ti\u0137iem un l\u012bm\u0113m folijas iepakojumos l\u012bdz 600 ml. Spiediena jauda l\u012bdz 8 b\u0101riem.<\/p>\n","protected":false},"excerpt":{"rendered":"Profesion\u0101la pneimatisk\u0101 pistole 600ml folijas iepakojumiem","protected":false},"author":4,"featured_media":32518,"template":"","meta":{"_acf_changed":false,"advgb_blocks_editor_width":"","advgb_blocks_columns_visual_guide":"","footnotes":""},"product_brand":[],"product_cat":[832,214,1605,1823,2599],"product_tag":[],"class_list":{"0":"post-26637","1":"product","2":"type-product","3":"status-publish","4":"has-post-thumbnail","6":"product_cat-vispareja-buvnieciba","7":"product_cat-hermetiku-pistoles","8":"product_cat-hermetiki-un-mastikas","9":"product_cat-tiritaji-un-instrumenti","10":"product_cat-hermetiku-pistoles-un-tiritaji","12":"first","13":"outofstock","14":"taxable","15":"shipping-taxable","16":"purchasable","17":"product-type-simple"},"acf":[],"yoast_head":"<!-- This site is optimized with the Yoast SEO plugin v27.2 - https:\/\/yoast.com\/product\/yoast-seo-wordpress\/ -->\n<title>PENOSIL Foil Pack Gun Pneumatic PH6 pneimatisk\u0101 pistole<\/title>\n<meta name=\"description\" content=\"PENOSIL Foil Pack Gun Pneumatic PH6 Profesion\u0101la pneimatisk\u0101 pistole herm\u0113ti\u0137iem, l\u012bm\u0113m 600 ml folijas iepakojumos. Spiediena jauda l\u012bdz 8 b\u0101riem.\" \/>\n<meta name=\"robots\" content=\"index, follow, max-snippet:-1, max-image-preview:large, max-video-preview:-1\" \/>\n<link rel=\"canonical\" href=\"https:\/\/penosil.com\/lv\/produkt\/foil-pack-gun-pneumatic-ph6\/\" \/>\n<meta property=\"og:locale\" content=\"lv_LV\" \/>\n<meta property=\"og:type\" content=\"article\" \/>\n<meta property=\"og:title\" content=\"PENOSIL Foil Pack Gun Pneumatic PH6 pneimatisk\u0101 pistole\" \/>\n<meta property=\"og:description\" content=\"PENOSIL Foil Pack Gun Pneumatic PH6 Profesion\u0101la pneimatisk\u0101 pistole herm\u0113ti\u0137iem, l\u012bm\u0113m 600 ml folijas iepakojumos. Spiediena jauda l\u012bdz 8 b\u0101riem.\" \/>\n<meta property=\"og:url\" content=\"https:\/\/penosil.com\/lv\/produkt\/foil-pack-gun-pneumatic-ph6\/\" \/>\n<meta property=\"og:site_name\" content=\"Penosil Latvia\" \/>\n<meta property=\"article:modified_time\" content=\"2026-01-20T01:09:00+00:00\" \/>\n<meta property=\"og:image\" content=\"https:\/\/penosil.com\/lv\/wp-content\/uploads\/sites\/31\/2020\/06\/PENOSIL_Pneumatic_Sealant_Gun_WEB.png\" \/>\n\t<meta property=\"og:image:width\" content=\"750\" \/>\n\t<meta property=\"og:image:height\" content=\"469\" \/>\n\t<meta property=\"og:image:type\" content=\"image\/png\" \/>\n<meta name=\"twitter:card\" content=\"summary_large_image\" \/>\n<meta name=\"twitter:label1\" content=\"Est. reading time\" \/>\n\t<meta name=\"twitter:data1\" content=\"1 minute\" \/>\n<script type=\"application\/ld+json\" class=\"yoast-schema-graph\">{\"@context\":\"https:\/\/schema.org\",\"@graph\":[{\"@type\":\"WebPage\",\"@id\":\"https:\/\/penosil.com\/lv\/produkt\/foil-pack-gun-pneumatic-ph6\/\",\"url\":\"https:\/\/penosil.com\/lv\/produkt\/foil-pack-gun-pneumatic-ph6\/\",\"name\":\"PENOSIL Foil Pack Gun Pneumatic PH6 pneimatisk\u0101 pistole\",\"isPartOf\":{\"@id\":\"https:\/\/penosil.com\/lv\/#website\"},\"primaryImageOfPage\":{\"@id\":\"https:\/\/penosil.com\/lv\/produkt\/foil-pack-gun-pneumatic-ph6\/#primaryimage\"},\"image\":{\"@id\":\"https:\/\/penosil.com\/lv\/produkt\/foil-pack-gun-pneumatic-ph6\/#primaryimage\"},\"thumbnailUrl\":\"https:\/\/penosil.com\/lv\/wp-content\/uploads\/sites\/31\/2025\/07\/Foil_Pack_Gun_Pneumatic_PH6.jpg\",\"datePublished\":\"2020-08-03T09:28:12+00:00\",\"dateModified\":\"2026-01-20T01:09:00+00:00\",\"description\":\"PENOSIL Foil Pack Gun Pneumatic PH6 Profesion\u0101la pneimatisk\u0101 pistole herm\u0113ti\u0137iem, l\u012bm\u0113m 600 ml folijas iepakojumos. Spiediena jauda l\u012bdz 8 b\u0101riem.\",\"breadcrumb\":{\"@id\":\"https:\/\/penosil.com\/lv\/produkt\/foil-pack-gun-pneumatic-ph6\/#breadcrumb\"},\"inLanguage\":\"lv-LV\",\"potentialAction\":[{\"@type\":\"ReadAction\",\"target\":[\"https:\/\/penosil.com\/lv\/produkt\/foil-pack-gun-pneumatic-ph6\/\"]}]},{\"@type\":\"ImageObject\",\"inLanguage\":\"lv-LV\",\"@id\":\"https:\/\/penosil.com\/lv\/produkt\/foil-pack-gun-pneumatic-ph6\/#primaryimage\",\"url\":\"https:\/\/penosil.com\/lv\/wp-content\/uploads\/sites\/31\/2025\/07\/Foil_Pack_Gun_Pneumatic_PH6.jpg\",\"contentUrl\":\"https:\/\/penosil.com\/lv\/wp-content\/uploads\/sites\/31\/2025\/07\/Foil_Pack_Gun_Pneumatic_PH6.jpg\",\"width\":1024,\"height\":640},{\"@type\":\"BreadcrumbList\",\"@id\":\"https:\/\/penosil.com\/lv\/produkt\/foil-pack-gun-pneumatic-ph6\/#breadcrumb\",\"itemListElement\":[{\"@type\":\"ListItem\",\"position\":1,\"name\":\"S\u0101kums\",\"item\":\"https:\/\/penosil.com\/lv\/\"},{\"@type\":\"ListItem\",\"position\":2,\"name\":\"Produkti\",\"item\":\"https:\/\/penosil.com\/lv\/produkti\/\"},{\"@type\":\"ListItem\",\"position\":3,\"name\":\"Foil Pack Gun Pneumatic PH6\"}]},{\"@type\":\"WebSite\",\"@id\":\"https:\/\/penosil.com\/lv\/#website\",\"url\":\"https:\/\/penosil.com\/lv\/\",\"name\":\"Penosil Latvia\",\"description\":\"\",\"potentialAction\":[{\"@type\":\"SearchAction\",\"target\":{\"@type\":\"EntryPoint\",\"urlTemplate\":\"https:\/\/penosil.com\/lv\/?s={search_term_string}\"},\"query-input\":{\"@type\":\"PropertyValueSpecification\",\"valueRequired\":true,\"valueName\":\"search_term_string\"}}],\"inLanguage\":\"lv-LV\"}]}<\/script>\n<!-- \/ Yoast SEO plugin. -->","yoast_head_json":{"title":"PENOSIL Foil Pack Gun Pneumatic PH6 pneimatisk\u0101 pistole","description":"PENOSIL Foil Pack Gun Pneumatic PH6 Profesion\u0101la pneimatisk\u0101 pistole herm\u0113ti\u0137iem, l\u012bm\u0113m 600 ml folijas iepakojumos. Spiediena jauda l\u012bdz 8 b\u0101riem.","robots":{"index":"index","follow":"follow","max-snippet":"max-snippet:-1","max-image-preview":"max-image-preview:large","max-video-preview":"max-video-preview:-1"},"canonical":"https:\/\/penosil.com\/lv\/produkt\/foil-pack-gun-pneumatic-ph6\/","og_locale":"lv_LV","og_type":"article","og_title":"PENOSIL Foil Pack Gun Pneumatic PH6 pneimatisk\u0101 pistole","og_description":"PENOSIL Foil Pack Gun Pneumatic PH6 Profesion\u0101la pneimatisk\u0101 pistole herm\u0113ti\u0137iem, l\u012bm\u0113m 600 ml folijas iepakojumos. Spiediena jauda l\u012bdz 8 b\u0101riem.","og_url":"https:\/\/penosil.com\/lv\/produkt\/foil-pack-gun-pneumatic-ph6\/","og_site_name":"Penosil Latvia","article_modified_time":"2026-01-20T01:09:00+00:00","og_image":[{"width":750,"height":469,"url":"https:\/\/penosil.com\/lv\/wp-content\/uploads\/sites\/31\/2020\/06\/PENOSIL_Pneumatic_Sealant_Gun_WEB.png","type":"image\/png"}],"twitter_card":"summary_large_image","twitter_misc":{"Est. reading time":"1 minute"},"schema":{"@context":"https:\/\/schema.org","@graph":[{"@type":"WebPage","@id":"https:\/\/penosil.com\/lv\/produkt\/foil-pack-gun-pneumatic-ph6\/","url":"https:\/\/penosil.com\/lv\/produkt\/foil-pack-gun-pneumatic-ph6\/","name":"PENOSIL Foil Pack Gun Pneumatic PH6 pneimatisk\u0101 pistole","isPartOf":{"@id":"https:\/\/penosil.com\/lv\/#website"},"primaryImageOfPage":{"@id":"https:\/\/penosil.com\/lv\/produkt\/foil-pack-gun-pneumatic-ph6\/#primaryimage"},"image":{"@id":"https:\/\/penosil.com\/lv\/produkt\/foil-pack-gun-pneumatic-ph6\/#primaryimage"},"thumbnailUrl":"https:\/\/penosil.com\/lv\/wp-content\/uploads\/sites\/31\/2025\/07\/Foil_Pack_Gun_Pneumatic_PH6.jpg","datePublished":"2020-08-03T09:28:12+00:00","dateModified":"2026-01-20T01:09:00+00:00","description":"PENOSIL Foil Pack Gun Pneumatic PH6 Profesion\u0101la pneimatisk\u0101 pistole herm\u0113ti\u0137iem, l\u012bm\u0113m 600 ml folijas iepakojumos. Spiediena jauda l\u012bdz 8 b\u0101riem.","breadcrumb":{"@id":"https:\/\/penosil.com\/lv\/produkt\/foil-pack-gun-pneumatic-ph6\/#breadcrumb"},"inLanguage":"lv-LV","potentialAction":[{"@type":"ReadAction","target":["https:\/\/penosil.com\/lv\/produkt\/foil-pack-gun-pneumatic-ph6\/"]}]},{"@type":"ImageObject","inLanguage":"lv-LV","@id":"https:\/\/penosil.com\/lv\/produkt\/foil-pack-gun-pneumatic-ph6\/#primaryimage","url":"https:\/\/penosil.com\/lv\/wp-content\/uploads\/sites\/31\/2025\/07\/Foil_Pack_Gun_Pneumatic_PH6.jpg","contentUrl":"https:\/\/penosil.com\/lv\/wp-content\/uploads\/sites\/31\/2025\/07\/Foil_Pack_Gun_Pneumatic_PH6.jpg","width":1024,"height":640},{"@type":"BreadcrumbList","@id":"https:\/\/penosil.com\/lv\/produkt\/foil-pack-gun-pneumatic-ph6\/#breadcrumb","itemListElement":[{"@type":"ListItem","position":1,"name":"S\u0101kums","item":"https:\/\/penosil.com\/lv\/"},{"@type":"ListItem","position":2,"name":"Produkti","item":"https:\/\/penosil.com\/lv\/produkti\/"},{"@type":"ListItem","position":3,"name":"Foil Pack Gun Pneumatic PH6"}]},{"@type":"WebSite","@id":"https:\/\/penosil.com\/lv\/#website","url":"https:\/\/penosil.com\/lv\/","name":"Penosil Latvia","description":"","potentialAction":[{"@type":"SearchAction","target":{"@type":"EntryPoint","urlTemplate":"https:\/\/penosil.com\/lv\/?s={search_term_string}"},"query-input":{"@type":"PropertyValueSpecification","valueRequired":true,"valueName":"search_term_string"}}],"inLanguage":"lv-LV"}]}},"featured_img":"https:\/\/penosil.com\/lv\/wp-content\/uploads\/sites\/31\/2025\/07\/Foil_Pack_Gun_Pneumatic_PH6.jpg","coauthors":[],"author_meta":{"author_link":"https:\/\/penosil.com\/lv\/author\/olga\/","display_name":"Olga Ku\u010dmasova"},"relative_dates":{"created":"Posted 6 years ago","modified":"Updated 3 months ago"},"absolute_dates":{"created":"Posted on August 3, 2020","modified":"Updated on January 20, 2026"},"absolute_dates_time":{"created":"Posted on August 3, 2020 9:28 am","modified":"Updated on January 20, 2026 1:09 am"},"featured_img_caption":"","tax_additional":{"product_brand":{"linked":[],"unlinked":[],"slug":"product_brand","name":"Brands"},"product_type":{"linked":["<a href=\"https:\/\/penosil.com\/lv\/?taxonomy=product_type&#038;term=simple\" class=\"advgb-post-tax-term\">simple<\/a>"],"unlinked":["<span class=\"advgb-post-tax-term\">simple<\/span>"],"slug":"product_type","name":"Product type"},"product_visibility":{"linked":["<a href=\"https:\/\/penosil.com\/lv\/en\/?taxonomy=product_visibility&#038;term=outofstock\" class=\"advgb-post-tax-term\">outofstock<\/a>"],"unlinked":["<span class=\"advgb-post-tax-term\">outofstock<\/span>"],"slug":"product_visibility","name":"Product visibility"},"product_cat":{"linked":["<a href=\"https:\/\/penosil.com\/lv\/produkti\/pielietojums\/vispareja-buvnieciba\/\" class=\"advgb-post-tax-term\">Visp\u0101r\u0113j\u0101 b\u016bvniec\u012bba<\/a>","<a href=\"https:\/\/penosil.com\/lv\/produkti\/produktu-grupas\/tiritaji-un-instrumenti\/hermetiku-pistoles\/\" class=\"advgb-post-tax-term\">Herm\u0113ti\u0137u pistoles<\/a>","<a href=\"https:\/\/penosil.com\/lv\/produkti\/produktu-grupas\/hermetiki-un-mastikas\/\" class=\"advgb-post-tax-term\">Herm\u0113ti\u0137i un mastikas<\/a>","<a href=\"https:\/\/penosil.com\/lv\/produkti\/produktu-grupas\/tiritaji-un-instrumenti\/\" class=\"advgb-post-tax-term\">T\u012br\u012bt\u0101ji un instrumenti<\/a>","<a href=\"https:\/\/penosil.com\/lv\/produkti\/produktu-grupas\/hermetiki-un-mastikas\/hermetiku-pistoles-un-tiritaji\/\" class=\"advgb-post-tax-term\">Herm\u0113ti\u0137u pistoles un t\u012br\u012bt\u0101ji<\/a>"],"unlinked":["<span class=\"advgb-post-tax-term\">Visp\u0101r\u0113j\u0101 b\u016bvniec\u012bba<\/span>","<span class=\"advgb-post-tax-term\">Herm\u0113ti\u0137u pistoles<\/span>","<span class=\"advgb-post-tax-term\">Herm\u0113ti\u0137i un mastikas<\/span>","<span class=\"advgb-post-tax-term\">T\u012br\u012bt\u0101ji un instrumenti<\/span>","<span class=\"advgb-post-tax-term\">Herm\u0113ti\u0137u pistoles un t\u012br\u012bt\u0101ji<\/span>"],"slug":"product_cat","name":"Product categories"},"product_tag":{"linked":[],"unlinked":[],"slug":"product_tag","name":"Product tags"},"product_shipping_class":{"linked":[],"unlinked":[],"slug":"product_shipping_class","name":"Product shipping classes"},"pos_product_visibility":{"linked":[],"unlinked":[],"slug":"pos_product_visibility","name":"POS Product visibility"},"pa_color":{"linked":[],"unlinked":[],"slug":"pa_color","name":"Product Colour"},"pa_diameter":{"linked":[],"unlinked":[],"slug":"pa_diameter","name":"Product Diameter"},"pa_package":{"linked":[],"unlinked":[],"slug":"pa_package","name":"Product Package"},"pa_roll":{"linked":[],"unlinked":[],"slug":"pa_roll","name":"Product Roll"},"pa_widths":{"linked":[],"unlinked":[],"slug":"pa_widths","name":"Product Widths"},"translation_priority":{"linked":["<a href=\"https:\/\/penosil.com\/lv\/?taxonomy=translation_priority&#038;term=optional-lv\" class=\"advgb-post-tax-term\">Optional<\/a>"],"unlinked":["<span class=\"advgb-post-tax-term\">Optional<\/span>"],"slug":"translation_priority","name":"Translation Priorities"}},"series_order":"","_links":{"self":[{"href":"https:\/\/penosil.com\/lv\/wp-json\/wp\/v2\/product\/26637","targetHints":{"allow":["GET"]}}],"collection":[{"href":"https:\/\/penosil.com\/lv\/wp-json\/wp\/v2\/product"}],"about":[{"href":"https:\/\/penosil.com\/lv\/wp-json\/wp\/v2\/types\/product"}],"version-history":[{"count":7,"href":"https:\/\/penosil.com\/lv\/wp-json\/wp\/v2\/product\/26637\/revisions"}],"predecessor-version":[{"id":32517,"href":"https:\/\/penosil.com\/lv\/wp-json\/wp\/v2\/product\/26637\/revisions\/32517"}],"wp:featuredmedia":[{"embeddable":true,"href":"https:\/\/penosil.com\/lv\/wp-json\/wp\/v2\/media\/32518"}],"wp:attachment":[{"href":"https:\/\/penosil.com\/lv\/wp-json\/wp\/v2\/media?parent=26637"}],"wp:term":[{"taxonomy":"product_brand","embeddable":true,"href":"https:\/\/penosil.com\/lv\/wp-json\/wp\/v2\/product_brand?post=26637"},{"taxonomy":"product_cat","embeddable":true,"href":"https:\/\/penosil.com\/lv\/wp-json\/wp\/v2\/product_cat?post=26637"},{"taxonomy":"product_tag","embeddable":true,"href":"https:\/\/penosil.com\/lv\/wp-json\/wp\/v2\/product_tag?post=26637"}],"curies":[{"name":"wp","href":"https:\/\/api.w.org\/{rel}","templated":true}]}}