{"id":26663,"date":"2020-08-03T13:20:13","date_gmt":"2020-08-03T13:20:13","guid":{"rendered":"https:\/\/penosil.com\/lv\/?post_type=product&#038;p=26663"},"modified":"2026-03-25T08:21:43","modified_gmt":"2026-03-25T08:21:43","slug":"dustproofer-612","status":"publish","type":"product","link":"https:\/\/penosil.com\/lv\/produkt\/dustproofer-612\/","title":{"rendered":"DustProofer 612"},"content":{"rendered":"<p>PENOSIL DustProofer 612 ir \u0161\u0137\u012bdums, kas paaugstina betona gr\u012bdu nodilumiztur\u012bbu, pasarg\u0101 t\u0101s no putek\u013ciem un padara iztur\u012bgas pret \u0137\u012bmisko vielu iedarb\u012bbu. Rea\u0123\u0113 ar betonu, t\u0101d\u0113j\u0101di padarot virs\u0113jo sl\u0101ni vienm\u0113r\u012bgi herm\u0113tisku.<\/p>\n","protected":false},"excerpt":{"rendered":"\u0160\u0137\u012bdums betona virsmu stiprin\u0101\u0161anai un aizsardz\u012bbai","protected":false},"author":4,"featured_media":31801,"template":"","meta":{"_acf_changed":false,"advgb_blocks_editor_width":"","advgb_blocks_columns_visual_guide":"","footnotes":""},"product_brand":[],"product_cat":[1755,768,1711],"product_tag":[],"class_list":{"0":"post-26663","1":"product","2":"type-product","3":"status-publish","4":"has-post-thumbnail","6":"product_cat-parklajumi-un-membranas","7":"product_cat-gridas","8":"product_cat-virsmu-apstrade","10":"first","11":"outofstock","12":"taxable","13":"shipping-taxable","14":"purchasable","15":"product-type-variable"},"acf":[],"yoast_head":"<!-- This site is optimized with the Yoast SEO plugin v27.2 - https:\/\/yoast.com\/product\/yoast-seo-wordpress\/ -->\n<title>Penosil DustProofer 612 \u0160\u0137\u012bdums betona virsmu stiprin\u0101\u0161anai<\/title>\n<meta name=\"description\" content=\"PENOSIL DustProofer 612 \u0160\u0137\u012bdums betona virsmu stiprin\u0101\u0161anai un aizsardz\u012bbai, pasarg\u0101 no putek\u013ciem un padara iztur\u012bgas pret \u0137\u012bmisko vielu iedarb\u012bbu.\" \/>\n<meta name=\"robots\" content=\"index, follow, max-snippet:-1, max-image-preview:large, max-video-preview:-1\" \/>\n<link rel=\"canonical\" href=\"https:\/\/penosil.com\/lv\/produkt\/dustproofer-612\/\" \/>\n<meta property=\"og:locale\" content=\"lv_LV\" \/>\n<meta property=\"og:type\" content=\"article\" \/>\n<meta property=\"og:title\" content=\"Penosil DustProofer 612 \u0160\u0137\u012bdums betona virsmu stiprin\u0101\u0161anai\" \/>\n<meta property=\"og:description\" content=\"PENOSIL DustProofer 612 \u0160\u0137\u012bdums betona virsmu stiprin\u0101\u0161anai un aizsardz\u012bbai, pasarg\u0101 no putek\u013ciem un padara iztur\u012bgas pret \u0137\u012bmisko vielu iedarb\u012bbu.\" \/>\n<meta property=\"og:url\" content=\"https:\/\/penosil.com\/lv\/produkt\/dustproofer-612\/\" \/>\n<meta property=\"og:site_name\" content=\"Penosil Latvia\" \/>\n<meta property=\"article:modified_time\" content=\"2026-03-25T08:21:43+00:00\" \/>\n<meta property=\"og:image\" content=\"https:\/\/penosil.com\/lv\/wp-content\/uploads\/sites\/31\/2025\/05\/612_DustProofer_612_5l_LT_LV_RU2028129.png\" \/>\n\t<meta property=\"og:image:width\" content=\"640\" \/>\n\t<meta property=\"og:image:height\" content=\"864\" \/>\n\t<meta property=\"og:image:type\" content=\"image\/png\" \/>\n<meta name=\"twitter:card\" content=\"summary_large_image\" \/>\n<meta name=\"twitter:label1\" content=\"Est. reading time\" \/>\n\t<meta name=\"twitter:data1\" content=\"3 minutes\" \/>\n<script type=\"application\/ld+json\" class=\"yoast-schema-graph\">{\"@context\":\"https:\/\/schema.org\",\"@graph\":[{\"@type\":\"WebPage\",\"@id\":\"https:\/\/penosil.com\/lv\/produkt\/dustproofer-612\/\",\"url\":\"https:\/\/penosil.com\/lv\/produkt\/dustproofer-612\/\",\"name\":\"Penosil DustProofer 612 \u0160\u0137\u012bdums betona virsmu stiprin\u0101\u0161anai\",\"isPartOf\":{\"@id\":\"https:\/\/penosil.com\/lv\/#website\"},\"primaryImageOfPage\":{\"@id\":\"https:\/\/penosil.com\/lv\/produkt\/dustproofer-612\/#primaryimage\"},\"image\":{\"@id\":\"https:\/\/penosil.com\/lv\/produkt\/dustproofer-612\/#primaryimage\"},\"thumbnailUrl\":\"https:\/\/penosil.com\/lv\/wp-content\/uploads\/sites\/31\/2025\/05\/612_DustProofer_612_5l_LT_LV_RU2028129.png\",\"datePublished\":\"2020-08-03T13:20:13+00:00\",\"dateModified\":\"2026-03-25T08:21:43+00:00\",\"description\":\"PENOSIL DustProofer 612 \u0160\u0137\u012bdums betona virsmu stiprin\u0101\u0161anai un aizsardz\u012bbai, pasarg\u0101 no putek\u013ciem un padara iztur\u012bgas pret \u0137\u012bmisko vielu iedarb\u012bbu.\",\"breadcrumb\":{\"@id\":\"https:\/\/penosil.com\/lv\/produkt\/dustproofer-612\/#breadcrumb\"},\"inLanguage\":\"lv-LV\",\"potentialAction\":[{\"@type\":\"ReadAction\",\"target\":[\"https:\/\/penosil.com\/lv\/produkt\/dustproofer-612\/\"]}]},{\"@type\":\"ImageObject\",\"inLanguage\":\"lv-LV\",\"@id\":\"https:\/\/penosil.com\/lv\/produkt\/dustproofer-612\/#primaryimage\",\"url\":\"https:\/\/penosil.com\/lv\/wp-content\/uploads\/sites\/31\/2025\/05\/612_DustProofer_612_5l_LT_LV_RU2028129.png\",\"contentUrl\":\"https:\/\/penosil.com\/lv\/wp-content\/uploads\/sites\/31\/2025\/05\/612_DustProofer_612_5l_LT_LV_RU2028129.png\",\"width\":640,\"height\":864},{\"@type\":\"BreadcrumbList\",\"@id\":\"https:\/\/penosil.com\/lv\/produkt\/dustproofer-612\/#breadcrumb\",\"itemListElement\":[{\"@type\":\"ListItem\",\"position\":1,\"name\":\"S\u0101kums\",\"item\":\"https:\/\/penosil.com\/lv\/\"},{\"@type\":\"ListItem\",\"position\":2,\"name\":\"Produkti\",\"item\":\"https:\/\/penosil.com\/lv\/produkti\/\"},{\"@type\":\"ListItem\",\"position\":3,\"name\":\"DustProofer 612\"}]},{\"@type\":\"WebSite\",\"@id\":\"https:\/\/penosil.com\/lv\/#website\",\"url\":\"https:\/\/penosil.com\/lv\/\",\"name\":\"Penosil Latvia\",\"description\":\"\",\"potentialAction\":[{\"@type\":\"SearchAction\",\"target\":{\"@type\":\"EntryPoint\",\"urlTemplate\":\"https:\/\/penosil.com\/lv\/?s={search_term_string}\"},\"query-input\":{\"@type\":\"PropertyValueSpecification\",\"valueRequired\":true,\"valueName\":\"search_term_string\"}}],\"inLanguage\":\"lv-LV\"}]}<\/script>\n<!-- \/ Yoast SEO plugin. -->","yoast_head_json":{"title":"Penosil DustProofer 612 \u0160\u0137\u012bdums betona virsmu stiprin\u0101\u0161anai","description":"PENOSIL DustProofer 612 \u0160\u0137\u012bdums betona virsmu stiprin\u0101\u0161anai un aizsardz\u012bbai, pasarg\u0101 no putek\u013ciem un padara iztur\u012bgas pret \u0137\u012bmisko vielu iedarb\u012bbu.","robots":{"index":"index","follow":"follow","max-snippet":"max-snippet:-1","max-image-preview":"max-image-preview:large","max-video-preview":"max-video-preview:-1"},"canonical":"https:\/\/penosil.com\/lv\/produkt\/dustproofer-612\/","og_locale":"lv_LV","og_type":"article","og_title":"Penosil DustProofer 612 \u0160\u0137\u012bdums betona virsmu stiprin\u0101\u0161anai","og_description":"PENOSIL DustProofer 612 \u0160\u0137\u012bdums betona virsmu stiprin\u0101\u0161anai un aizsardz\u012bbai, pasarg\u0101 no putek\u013ciem un padara iztur\u012bgas pret \u0137\u012bmisko vielu iedarb\u012bbu.","og_url":"https:\/\/penosil.com\/lv\/produkt\/dustproofer-612\/","og_site_name":"Penosil Latvia","article_modified_time":"2026-03-25T08:21:43+00:00","og_image":[{"width":640,"height":864,"url":"https:\/\/penosil.com\/lv\/wp-content\/uploads\/sites\/31\/2025\/05\/612_DustProofer_612_5l_LT_LV_RU2028129.png","type":"image\/png"}],"twitter_card":"summary_large_image","twitter_misc":{"Est. reading time":"3 minutes"},"schema":{"@context":"https:\/\/schema.org","@graph":[{"@type":"WebPage","@id":"https:\/\/penosil.com\/lv\/produkt\/dustproofer-612\/","url":"https:\/\/penosil.com\/lv\/produkt\/dustproofer-612\/","name":"Penosil DustProofer 612 \u0160\u0137\u012bdums betona virsmu stiprin\u0101\u0161anai","isPartOf":{"@id":"https:\/\/penosil.com\/lv\/#website"},"primaryImageOfPage":{"@id":"https:\/\/penosil.com\/lv\/produkt\/dustproofer-612\/#primaryimage"},"image":{"@id":"https:\/\/penosil.com\/lv\/produkt\/dustproofer-612\/#primaryimage"},"thumbnailUrl":"https:\/\/penosil.com\/lv\/wp-content\/uploads\/sites\/31\/2025\/05\/612_DustProofer_612_5l_LT_LV_RU2028129.png","datePublished":"2020-08-03T13:20:13+00:00","dateModified":"2026-03-25T08:21:43+00:00","description":"PENOSIL DustProofer 612 \u0160\u0137\u012bdums betona virsmu stiprin\u0101\u0161anai un aizsardz\u012bbai, pasarg\u0101 no putek\u013ciem un padara iztur\u012bgas pret \u0137\u012bmisko vielu iedarb\u012bbu.","breadcrumb":{"@id":"https:\/\/penosil.com\/lv\/produkt\/dustproofer-612\/#breadcrumb"},"inLanguage":"lv-LV","potentialAction":[{"@type":"ReadAction","target":["https:\/\/penosil.com\/lv\/produkt\/dustproofer-612\/"]}]},{"@type":"ImageObject","inLanguage":"lv-LV","@id":"https:\/\/penosil.com\/lv\/produkt\/dustproofer-612\/#primaryimage","url":"https:\/\/penosil.com\/lv\/wp-content\/uploads\/sites\/31\/2025\/05\/612_DustProofer_612_5l_LT_LV_RU2028129.png","contentUrl":"https:\/\/penosil.com\/lv\/wp-content\/uploads\/sites\/31\/2025\/05\/612_DustProofer_612_5l_LT_LV_RU2028129.png","width":640,"height":864},{"@type":"BreadcrumbList","@id":"https:\/\/penosil.com\/lv\/produkt\/dustproofer-612\/#breadcrumb","itemListElement":[{"@type":"ListItem","position":1,"name":"S\u0101kums","item":"https:\/\/penosil.com\/lv\/"},{"@type":"ListItem","position":2,"name":"Produkti","item":"https:\/\/penosil.com\/lv\/produkti\/"},{"@type":"ListItem","position":3,"name":"DustProofer 612"}]},{"@type":"WebSite","@id":"https:\/\/penosil.com\/lv\/#website","url":"https:\/\/penosil.com\/lv\/","name":"Penosil Latvia","description":"","potentialAction":[{"@type":"SearchAction","target":{"@type":"EntryPoint","urlTemplate":"https:\/\/penosil.com\/lv\/?s={search_term_string}"},"query-input":{"@type":"PropertyValueSpecification","valueRequired":true,"valueName":"search_term_string"}}],"inLanguage":"lv-LV"}]}},"featured_img":"https:\/\/penosil.com\/lv\/wp-content\/uploads\/sites\/31\/2025\/05\/612_DustProofer_612_5l_LT_LV_RU2028129.png","coauthors":[],"author_meta":{"author_link":"https:\/\/penosil.com\/lv\/author\/olga\/","display_name":"Olga Ku\u010dmasova"},"relative_dates":{"created":"Posted 6 years ago","modified":"Updated 3 weeks ago"},"absolute_dates":{"created":"Posted on August 3, 2020","modified":"Updated on March 25, 2026"},"absolute_dates_time":{"created":"Posted on August 3, 2020 1:20 pm","modified":"Updated on March 25, 2026 8:21 am"},"featured_img_caption":"","tax_additional":{"product_brand":{"linked":[],"unlinked":[],"slug":"product_brand","name":"Brands"},"product_type":{"linked":["<a href=\"https:\/\/penosil.com\/lv\/?taxonomy=product_type&#038;term=variable\" class=\"advgb-post-tax-term\">variable<\/a>"],"unlinked":["<span class=\"advgb-post-tax-term\">variable<\/span>"],"slug":"product_type","name":"Product type"},"product_visibility":{"linked":["<a href=\"https:\/\/penosil.com\/lv\/en\/?taxonomy=product_visibility&#038;term=outofstock\" class=\"advgb-post-tax-term\">outofstock<\/a>"],"unlinked":["<span class=\"advgb-post-tax-term\">outofstock<\/span>"],"slug":"product_visibility","name":"Product visibility"},"product_cat":{"linked":["<a href=\"https:\/\/penosil.com\/lv\/produkti\/produktu-grupas\/virsmu-apstrade\/parklajumi-un-membranas\/\" class=\"advgb-post-tax-term\">P\u0101rkl\u0101jumi un membr\u0101nas<\/a>","<a href=\"https:\/\/penosil.com\/lv\/produkti\/pielietojums\/gridas\/\" class=\"advgb-post-tax-term\">Gr\u012bdas<\/a>","<a href=\"https:\/\/penosil.com\/lv\/produkti\/produktu-grupas\/virsmu-apstrade\/\" class=\"advgb-post-tax-term\">Virsmu apstr\u0101de<\/a>"],"unlinked":["<span class=\"advgb-post-tax-term\">P\u0101rkl\u0101jumi un membr\u0101nas<\/span>","<span class=\"advgb-post-tax-term\">Gr\u012bdas<\/span>","<span class=\"advgb-post-tax-term\">Virsmu apstr\u0101de<\/span>"],"slug":"product_cat","name":"Product categories"},"product_tag":{"linked":[],"unlinked":[],"slug":"product_tag","name":"Product tags"},"product_shipping_class":{"linked":[],"unlinked":[],"slug":"product_shipping_class","name":"Product shipping classes"},"pos_product_visibility":{"linked":[],"unlinked":[],"slug":"pos_product_visibility","name":"POS Product visibility"},"pa_color":{"linked":["<a href=\"https:\/\/penosil.com\/lv\/?taxonomy=pa_color&#038;term=milky-lv-2\" class=\"advgb-post-tax-term\">Caursp\u012bd\u012bgi pienains<\/a>"],"unlinked":["<span class=\"advgb-post-tax-term\">Caursp\u012bd\u012bgi pienains<\/span>"],"slug":"pa_color","name":"Product Colour"},"pa_diameter":{"linked":[],"unlinked":[],"slug":"pa_diameter","name":"Product Diameter"},"pa_package":{"linked":["<a href=\"https:\/\/penosil.com\/lv\/?taxonomy=pa_package&#038;term=20-l-lv-2\" class=\"advgb-post-tax-term\">20 L<\/a>","<a href=\"https:\/\/penosil.com\/lv\/?taxonomy=pa_package&#038;term=10-l-lv-2\" class=\"advgb-post-tax-term\">10 L<\/a>","<a href=\"https:\/\/penosil.com\/lv\/?taxonomy=pa_package&#038;term=5-l-lv-2\" class=\"advgb-post-tax-term\">5 L<\/a>"],"unlinked":["<span class=\"advgb-post-tax-term\">20 L<\/span>","<span class=\"advgb-post-tax-term\">10 L<\/span>","<span class=\"advgb-post-tax-term\">5 L<\/span>"],"slug":"pa_package","name":"Product Package"},"pa_roll":{"linked":[],"unlinked":[],"slug":"pa_roll","name":"Product Roll"},"pa_widths":{"linked":[],"unlinked":[],"slug":"pa_widths","name":"Product Widths"},"translation_priority":{"linked":["<a href=\"https:\/\/penosil.com\/lv\/?taxonomy=translation_priority&#038;term=optional-lv\" class=\"advgb-post-tax-term\">Optional<\/a>"],"unlinked":["<span class=\"advgb-post-tax-term\">Optional<\/span>"],"slug":"translation_priority","name":"Translation Priorities"}},"series_order":"","_links":{"self":[{"href":"https:\/\/penosil.com\/lv\/wp-json\/wp\/v2\/product\/26663","targetHints":{"allow":["GET"]}}],"collection":[{"href":"https:\/\/penosil.com\/lv\/wp-json\/wp\/v2\/product"}],"about":[{"href":"https:\/\/penosil.com\/lv\/wp-json\/wp\/v2\/types\/product"}],"version-history":[{"count":7,"href":"https:\/\/penosil.com\/lv\/wp-json\/wp\/v2\/product\/26663\/revisions"}],"predecessor-version":[{"id":32445,"href":"https:\/\/penosil.com\/lv\/wp-json\/wp\/v2\/product\/26663\/revisions\/32445"}],"wp:featuredmedia":[{"embeddable":true,"href":"https:\/\/penosil.com\/lv\/wp-json\/wp\/v2\/media\/31801"}],"wp:attachment":[{"href":"https:\/\/penosil.com\/lv\/wp-json\/wp\/v2\/media?parent=26663"}],"wp:term":[{"taxonomy":"product_brand","embeddable":true,"href":"https:\/\/penosil.com\/lv\/wp-json\/wp\/v2\/product_brand?post=26663"},{"taxonomy":"product_cat","embeddable":true,"href":"https:\/\/penosil.com\/lv\/wp-json\/wp\/v2\/product_cat?post=26663"},{"taxonomy":"product_tag","embeddable":true,"href":"https:\/\/penosil.com\/lv\/wp-json\/wp\/v2\/product_tag?post=26663"}],"curies":[{"name":"wp","href":"https:\/\/api.w.org\/{rel}","templated":true}]}}