{"id":27829,"date":"2021-10-20T13:13:39","date_gmt":"2021-10-20T13:13:39","guid":{"rendered":"https:\/\/penosil.com\/lv\/?post_type=product&#038;p=27829"},"modified":"2026-04-01T09:57:01","modified_gmt":"2026-04-01T09:57:01","slug":"epoxy-fix-metal-520","status":"publish","type":"product","link":"https:\/\/penosil.com\/lv\/produkt\/epoxy-fix-metal-520\/","title":{"rendered":"Epoxy Fix Metal 520"},"content":{"rendered":"<p>PENOSIL EpoxyFix Metal 520 manu\u0101li sajaucama un \u0101tri saciet\u0113jo\u0161a tepe, kas paredz\u0113ta met\u0101la virsmu remontam un l\u0101p\u012b\u0161anai iek\u0161- un \u0101rdarbos.<\/p>\n","protected":false},"excerpt":{"rendered":"Epoks\u012bda tepe met\u0101la virsmu remontam","protected":false},"author":18,"featured_media":29359,"template":"","meta":{"_acf_changed":false,"advgb_blocks_editor_width":"","advgb_blocks_columns_visual_guide":"","footnotes":""},"product_brand":[],"product_cat":[1408,1711,216],"product_tag":[],"class_list":{"0":"post-27829","1":"product","2":"type-product","3":"status-publish","4":"has-post-thumbnail","6":"product_cat-aizpilditaji-un-pildvielas","7":"product_cat-virsmu-apstrade","8":"product_cat-limesana","10":"first","11":"outofstock","12":"taxable","13":"shipping-taxable","14":"purchasable","15":"product-type-simple"},"acf":[],"yoast_head":"<!-- This site is optimized with the Yoast SEO plugin v27.2 - https:\/\/yoast.com\/product\/yoast-seo-wordpress\/ -->\n<title>Penosil Epoxy Fix Metal 520 Epoks\u012bda tepe met\u0101la virsm\u0101m<\/title>\n<meta name=\"description\" content=\"Penosil Epoxy Fix Metal 520 Epoks\u012bda tepe met\u0101la virsmu un izstr\u0101d\u0101jumu remontam. \u0100tri saciet\u0113! Uzzini vair\u0101k un p\u0113rc \u0161eit!\" \/>\n<meta name=\"robots\" content=\"index, follow, max-snippet:-1, max-image-preview:large, max-video-preview:-1\" \/>\n<link rel=\"canonical\" href=\"https:\/\/penosil.com\/lv\/produkt\/epoxy-fix-metal-520\/\" \/>\n<meta property=\"og:locale\" content=\"lv_LV\" \/>\n<meta property=\"og:type\" content=\"article\" \/>\n<meta property=\"og:title\" content=\"Penosil Epoxy Fix Metal 520 Epoks\u012bda tepe met\u0101la virsm\u0101m\" \/>\n<meta property=\"og:description\" content=\"Penosil Epoxy Fix Metal 520 Epoks\u012bda tepe met\u0101la virsmu un izstr\u0101d\u0101jumu remontam. \u0100tri saciet\u0113! Uzzini vair\u0101k un p\u0113rc \u0161eit!\" \/>\n<meta property=\"og:url\" content=\"https:\/\/penosil.com\/lv\/produkt\/epoxy-fix-metal-520\/\" \/>\n<meta property=\"og:site_name\" content=\"Penosil Latvia\" \/>\n<meta property=\"article:modified_time\" content=\"2026-04-01T09:57:01+00:00\" \/>\n<meta property=\"og:image\" content=\"https:\/\/penosil.com\/lv\/wp-content\/uploads\/sites\/31\/2021\/10\/520_EpoxyFix_Metal_520.png\" \/>\n\t<meta property=\"og:image:width\" content=\"387\" \/>\n\t<meta property=\"og:image:height\" content=\"1080\" \/>\n\t<meta property=\"og:image:type\" content=\"image\/png\" \/>\n<meta name=\"twitter:card\" content=\"summary_large_image\" \/>\n<meta name=\"twitter:label1\" content=\"Est. reading time\" \/>\n\t<meta name=\"twitter:data1\" content=\"3 minutes\" \/>\n<script type=\"application\/ld+json\" class=\"yoast-schema-graph\">{\"@context\":\"https:\/\/schema.org\",\"@graph\":[{\"@type\":\"WebPage\",\"@id\":\"https:\/\/penosil.com\/lv\/produkt\/epoxy-fix-metal-520\/\",\"url\":\"https:\/\/penosil.com\/lv\/produkt\/epoxy-fix-metal-520\/\",\"name\":\"Penosil Epoxy Fix Metal 520 Epoks\u012bda tepe met\u0101la virsm\u0101m\",\"isPartOf\":{\"@id\":\"https:\/\/penosil.com\/lv\/#website\"},\"primaryImageOfPage\":{\"@id\":\"https:\/\/penosil.com\/lv\/produkt\/epoxy-fix-metal-520\/#primaryimage\"},\"image\":{\"@id\":\"https:\/\/penosil.com\/lv\/produkt\/epoxy-fix-metal-520\/#primaryimage\"},\"thumbnailUrl\":\"https:\/\/penosil.com\/lv\/wp-content\/uploads\/sites\/31\/2021\/10\/520_EpoxyFix_Metal_520.png\",\"datePublished\":\"2021-10-20T13:13:39+00:00\",\"dateModified\":\"2026-04-01T09:57:01+00:00\",\"description\":\"Penosil Epoxy Fix Metal 520 Epoks\u012bda tepe met\u0101la virsmu un izstr\u0101d\u0101jumu remontam. \u0100tri saciet\u0113! Uzzini vair\u0101k un p\u0113rc \u0161eit!\",\"breadcrumb\":{\"@id\":\"https:\/\/penosil.com\/lv\/produkt\/epoxy-fix-metal-520\/#breadcrumb\"},\"inLanguage\":\"lv-LV\",\"potentialAction\":[{\"@type\":\"ReadAction\",\"target\":[\"https:\/\/penosil.com\/lv\/produkt\/epoxy-fix-metal-520\/\"]}]},{\"@type\":\"ImageObject\",\"inLanguage\":\"lv-LV\",\"@id\":\"https:\/\/penosil.com\/lv\/produkt\/epoxy-fix-metal-520\/#primaryimage\",\"url\":\"https:\/\/penosil.com\/lv\/wp-content\/uploads\/sites\/31\/2021\/10\/520_EpoxyFix_Metal_520.png\",\"contentUrl\":\"https:\/\/penosil.com\/lv\/wp-content\/uploads\/sites\/31\/2021\/10\/520_EpoxyFix_Metal_520.png\",\"width\":387,\"height\":1080,\"caption\":\"Penosil Epoxy Fix Metal 520\"},{\"@type\":\"BreadcrumbList\",\"@id\":\"https:\/\/penosil.com\/lv\/produkt\/epoxy-fix-metal-520\/#breadcrumb\",\"itemListElement\":[{\"@type\":\"ListItem\",\"position\":1,\"name\":\"S\u0101kums\",\"item\":\"https:\/\/penosil.com\/lv\/\"},{\"@type\":\"ListItem\",\"position\":2,\"name\":\"Produkti\",\"item\":\"https:\/\/penosil.com\/lv\/produkti\/\"},{\"@type\":\"ListItem\",\"position\":3,\"name\":\"Epoxy Fix Metal 520\"}]},{\"@type\":\"WebSite\",\"@id\":\"https:\/\/penosil.com\/lv\/#website\",\"url\":\"https:\/\/penosil.com\/lv\/\",\"name\":\"Penosil Latvia\",\"description\":\"\",\"potentialAction\":[{\"@type\":\"SearchAction\",\"target\":{\"@type\":\"EntryPoint\",\"urlTemplate\":\"https:\/\/penosil.com\/lv\/?s={search_term_string}\"},\"query-input\":{\"@type\":\"PropertyValueSpecification\",\"valueRequired\":true,\"valueName\":\"search_term_string\"}}],\"inLanguage\":\"lv-LV\"}]}<\/script>\n<!-- \/ Yoast SEO plugin. -->","yoast_head_json":{"title":"Penosil Epoxy Fix Metal 520 Epoks\u012bda tepe met\u0101la virsm\u0101m","description":"Penosil Epoxy Fix Metal 520 Epoks\u012bda tepe met\u0101la virsmu un izstr\u0101d\u0101jumu remontam. \u0100tri saciet\u0113! Uzzini vair\u0101k un p\u0113rc \u0161eit!","robots":{"index":"index","follow":"follow","max-snippet":"max-snippet:-1","max-image-preview":"max-image-preview:large","max-video-preview":"max-video-preview:-1"},"canonical":"https:\/\/penosil.com\/lv\/produkt\/epoxy-fix-metal-520\/","og_locale":"lv_LV","og_type":"article","og_title":"Penosil Epoxy Fix Metal 520 Epoks\u012bda tepe met\u0101la virsm\u0101m","og_description":"Penosil Epoxy Fix Metal 520 Epoks\u012bda tepe met\u0101la virsmu un izstr\u0101d\u0101jumu remontam. \u0100tri saciet\u0113! Uzzini vair\u0101k un p\u0113rc \u0161eit!","og_url":"https:\/\/penosil.com\/lv\/produkt\/epoxy-fix-metal-520\/","og_site_name":"Penosil Latvia","article_modified_time":"2026-04-01T09:57:01+00:00","og_image":[{"width":387,"height":1080,"url":"https:\/\/penosil.com\/lv\/wp-content\/uploads\/sites\/31\/2021\/10\/520_EpoxyFix_Metal_520.png","type":"image\/png"}],"twitter_card":"summary_large_image","twitter_misc":{"Est. reading time":"3 minutes"},"schema":{"@context":"https:\/\/schema.org","@graph":[{"@type":"WebPage","@id":"https:\/\/penosil.com\/lv\/produkt\/epoxy-fix-metal-520\/","url":"https:\/\/penosil.com\/lv\/produkt\/epoxy-fix-metal-520\/","name":"Penosil Epoxy Fix Metal 520 Epoks\u012bda tepe met\u0101la virsm\u0101m","isPartOf":{"@id":"https:\/\/penosil.com\/lv\/#website"},"primaryImageOfPage":{"@id":"https:\/\/penosil.com\/lv\/produkt\/epoxy-fix-metal-520\/#primaryimage"},"image":{"@id":"https:\/\/penosil.com\/lv\/produkt\/epoxy-fix-metal-520\/#primaryimage"},"thumbnailUrl":"https:\/\/penosil.com\/lv\/wp-content\/uploads\/sites\/31\/2021\/10\/520_EpoxyFix_Metal_520.png","datePublished":"2021-10-20T13:13:39+00:00","dateModified":"2026-04-01T09:57:01+00:00","description":"Penosil Epoxy Fix Metal 520 Epoks\u012bda tepe met\u0101la virsmu un izstr\u0101d\u0101jumu remontam. \u0100tri saciet\u0113! Uzzini vair\u0101k un p\u0113rc \u0161eit!","breadcrumb":{"@id":"https:\/\/penosil.com\/lv\/produkt\/epoxy-fix-metal-520\/#breadcrumb"},"inLanguage":"lv-LV","potentialAction":[{"@type":"ReadAction","target":["https:\/\/penosil.com\/lv\/produkt\/epoxy-fix-metal-520\/"]}]},{"@type":"ImageObject","inLanguage":"lv-LV","@id":"https:\/\/penosil.com\/lv\/produkt\/epoxy-fix-metal-520\/#primaryimage","url":"https:\/\/penosil.com\/lv\/wp-content\/uploads\/sites\/31\/2021\/10\/520_EpoxyFix_Metal_520.png","contentUrl":"https:\/\/penosil.com\/lv\/wp-content\/uploads\/sites\/31\/2021\/10\/520_EpoxyFix_Metal_520.png","width":387,"height":1080,"caption":"Penosil Epoxy Fix Metal 520"},{"@type":"BreadcrumbList","@id":"https:\/\/penosil.com\/lv\/produkt\/epoxy-fix-metal-520\/#breadcrumb","itemListElement":[{"@type":"ListItem","position":1,"name":"S\u0101kums","item":"https:\/\/penosil.com\/lv\/"},{"@type":"ListItem","position":2,"name":"Produkti","item":"https:\/\/penosil.com\/lv\/produkti\/"},{"@type":"ListItem","position":3,"name":"Epoxy Fix Metal 520"}]},{"@type":"WebSite","@id":"https:\/\/penosil.com\/lv\/#website","url":"https:\/\/penosil.com\/lv\/","name":"Penosil Latvia","description":"","potentialAction":[{"@type":"SearchAction","target":{"@type":"EntryPoint","urlTemplate":"https:\/\/penosil.com\/lv\/?s={search_term_string}"},"query-input":{"@type":"PropertyValueSpecification","valueRequired":true,"valueName":"search_term_string"}}],"inLanguage":"lv-LV"}]}},"featured_img":"https:\/\/penosil.com\/lv\/wp-content\/uploads\/sites\/31\/2021\/10\/520_EpoxyFix_Metal_520.png","coauthors":[],"author_meta":{"author_link":"https:\/\/penosil.com\/lv\/author\/olgakucmasova\/","display_name":"olgakucmasova"},"relative_dates":{"created":"Posted 4 years ago","modified":"Updated 2 weeks ago"},"absolute_dates":{"created":"Posted on October 20, 2021","modified":"Updated on April 1, 2026"},"absolute_dates_time":{"created":"Posted on October 20, 2021 1:13 pm","modified":"Updated on April 1, 2026 9:57 am"},"featured_img_caption":"","tax_additional":{"product_brand":{"linked":[],"unlinked":[],"slug":"product_brand","name":"Brands"},"product_type":{"linked":["<a href=\"https:\/\/penosil.com\/lv\/?taxonomy=product_type&#038;term=simple\" class=\"advgb-post-tax-term\">simple<\/a>"],"unlinked":["<span class=\"advgb-post-tax-term\">simple<\/span>"],"slug":"product_type","name":"Product type"},"product_visibility":{"linked":["<a href=\"https:\/\/penosil.com\/lv\/en\/?taxonomy=product_visibility&#038;term=outofstock\" class=\"advgb-post-tax-term\">outofstock<\/a>"],"unlinked":["<span class=\"advgb-post-tax-term\">outofstock<\/span>"],"slug":"product_visibility","name":"Product visibility"},"product_cat":{"linked":["<a href=\"https:\/\/penosil.com\/lv\/produkti\/produktu-grupas\/virsmu-apstrade\/aizpilditaji-un-pildvielas\/\" class=\"advgb-post-tax-term\">Aizpild\u012bt\u0101ji un pildvielas<\/a>","<a href=\"https:\/\/penosil.com\/lv\/produkti\/produktu-grupas\/virsmu-apstrade\/\" class=\"advgb-post-tax-term\">Virsmu apstr\u0101de<\/a>","<a href=\"https:\/\/penosil.com\/lv\/produkti\/pielietojums\/limesana\/\" class=\"advgb-post-tax-term\">L\u012bm\u0113\u0161ana<\/a>"],"unlinked":["<span class=\"advgb-post-tax-term\">Aizpild\u012bt\u0101ji un pildvielas<\/span>","<span class=\"advgb-post-tax-term\">Virsmu apstr\u0101de<\/span>","<span class=\"advgb-post-tax-term\">L\u012bm\u0113\u0161ana<\/span>"],"slug":"product_cat","name":"Product categories"},"product_tag":{"linked":[],"unlinked":[],"slug":"product_tag","name":"Product tags"},"product_shipping_class":{"linked":[],"unlinked":[],"slug":"product_shipping_class","name":"Product shipping classes"},"pos_product_visibility":{"linked":[],"unlinked":[],"slug":"pos_product_visibility","name":"POS Product visibility"},"pa_color":{"linked":["<a href=\"https:\/\/penosil.com\/lv\/?taxonomy=pa_color&#038;term=grey-lv-2\" class=\"advgb-post-tax-term\">Pel\u0113ks<\/a>"],"unlinked":["<span class=\"advgb-post-tax-term\">Pel\u0113ks<\/span>"],"slug":"pa_color","name":"Product Colour"},"pa_diameter":{"linked":[],"unlinked":[],"slug":"pa_diameter","name":"Product Diameter"},"pa_package":{"linked":[],"unlinked":[],"slug":"pa_package","name":"Product Package"},"pa_roll":{"linked":[],"unlinked":[],"slug":"pa_roll","name":"Product Roll"},"pa_widths":{"linked":[],"unlinked":[],"slug":"pa_widths","name":"Product Widths"},"translation_priority":{"linked":["<a href=\"https:\/\/penosil.com\/lv\/?taxonomy=translation_priority&#038;term=optional-lv\" class=\"advgb-post-tax-term\">Optional<\/a>"],"unlinked":["<span class=\"advgb-post-tax-term\">Optional<\/span>"],"slug":"translation_priority","name":"Translation Priorities"}},"series_order":"","_links":{"self":[{"href":"https:\/\/penosil.com\/lv\/wp-json\/wp\/v2\/product\/27829","targetHints":{"allow":["GET"]}}],"collection":[{"href":"https:\/\/penosil.com\/lv\/wp-json\/wp\/v2\/product"}],"about":[{"href":"https:\/\/penosil.com\/lv\/wp-json\/wp\/v2\/types\/product"}],"version-history":[{"count":5,"href":"https:\/\/penosil.com\/lv\/wp-json\/wp\/v2\/product\/27829\/revisions"}],"predecessor-version":[{"id":33025,"href":"https:\/\/penosil.com\/lv\/wp-json\/wp\/v2\/product\/27829\/revisions\/33025"}],"wp:featuredmedia":[{"embeddable":true,"href":"https:\/\/penosil.com\/lv\/wp-json\/wp\/v2\/media\/29359"}],"wp:attachment":[{"href":"https:\/\/penosil.com\/lv\/wp-json\/wp\/v2\/media?parent=27829"}],"wp:term":[{"taxonomy":"product_brand","embeddable":true,"href":"https:\/\/penosil.com\/lv\/wp-json\/wp\/v2\/product_brand?post=27829"},{"taxonomy":"product_cat","embeddable":true,"href":"https:\/\/penosil.com\/lv\/wp-json\/wp\/v2\/product_cat?post=27829"},{"taxonomy":"product_tag","embeddable":true,"href":"https:\/\/penosil.com\/lv\/wp-json\/wp\/v2\/product_tag?post=27829"}],"curies":[{"name":"wp","href":"https:\/\/api.w.org\/{rel}","templated":true}]}}