{"id":28045,"date":"2021-12-14T13:47:39","date_gmt":"2021-12-14T13:47:39","guid":{"rendered":"https:\/\/penosil.com\/lv\/?post_type=product&#038;p=28045"},"modified":"2026-03-14T01:03:06","modified_gmt":"2026-03-14T01:03:06","slug":"floorwall-universalfix-619","status":"publish","type":"product","link":"https:\/\/penosil.com\/lv\/produkt\/floorwall-universalfix-619\/","title":{"rendered":"Floor&amp;Wall UniversalFix 619"},"content":{"rendered":"<p>PENOSIL Floor&amp;Wall UniversalFix 619 Akrila l\u012bme uz \u016bdens b\u0101zes a\u017e\u0101du m\u012bksto gr\u012bdas un sienu segumu materi\u0101lu l\u012bm\u0113\u0161anai. Labi piegu\u013c da\u017e\u0101d\u0101m porain\u0101m un neporain\u0101m virsm\u0101m.<\/p>\n<ul class=\"default-list\">\n<li><em>Produkts pieejams p\u0113c piepras\u012bjuma!<\/em><\/li>\n<\/ul>\n","protected":false},"excerpt":{"rendered":"Akrila l\u012bme gr\u012bdas segumiem","protected":false},"author":18,"featured_media":33201,"template":"","meta":{"_acf_changed":false,"advgb_blocks_editor_width":"","advgb_blocks_columns_visual_guide":"","footnotes":""},"product_brand":[],"product_cat":[2607,218,216],"product_tag":[],"class_list":{"0":"post-28045","1":"product","2":"type-product","3":"status-publish","4":"has-post-thumbnail","6":"product_cat-akrila-limes","7":"product_cat-limes","8":"product_cat-limesana","10":"first","11":"outofstock","12":"taxable","13":"shipping-taxable","14":"purchasable","15":"product-type-simple"},"acf":[],"yoast_head":"<!-- This site is optimized with the Yoast SEO plugin v27.2 - https:\/\/yoast.com\/product\/yoast-seo-wordpress\/ -->\n<title>Floor&amp;Wall UniversalFix 619<\/title>\n<meta name=\"description\" content=\"Akrila l\u012bme uz \u016bdens b\u0101zes da\u017e\u0101diem gr\u012bdu un sienu segumiem, piem\u0113ram, pakl\u0101jiem, PVC, vinilam, filcam, kor\u0137im. Uzzin\u0101t vair\u0101k!\" \/>\n<meta name=\"robots\" content=\"index, follow, max-snippet:-1, max-image-preview:large, max-video-preview:-1\" \/>\n<link rel=\"canonical\" href=\"https:\/\/penosil.com\/lv\/produkt\/floorwall-universalfix-619\/\" \/>\n<meta property=\"og:locale\" content=\"lv_LV\" \/>\n<meta property=\"og:type\" content=\"article\" \/>\n<meta property=\"og:title\" content=\"Floor&amp;Wall UniversalFix 619\" \/>\n<meta property=\"og:description\" content=\"Akrila l\u012bme uz \u016bdens b\u0101zes da\u017e\u0101diem gr\u012bdu un sienu segumiem, piem\u0113ram, pakl\u0101jiem, PVC, vinilam, filcam, kor\u0137im. Uzzin\u0101t vair\u0101k!\" \/>\n<meta property=\"og:url\" content=\"https:\/\/penosil.com\/lv\/produkt\/floorwall-universalfix-619\/\" \/>\n<meta property=\"og:site_name\" content=\"Penosil Latvia\" \/>\n<meta property=\"article:modified_time\" content=\"2026-03-14T01:03:06+00:00\" \/>\n<meta property=\"og:image\" content=\"https:\/\/penosil.com\/lv\/wp-content\/uploads\/sites\/31\/2021\/12\/619_FloorWall_UniversalFix_619.png\" \/>\n\t<meta property=\"og:image:width\" content=\"1080\" \/>\n\t<meta property=\"og:image:height\" content=\"608\" \/>\n\t<meta property=\"og:image:type\" content=\"image\/png\" \/>\n<meta name=\"twitter:card\" content=\"summary_large_image\" \/>\n<meta name=\"twitter:label1\" content=\"Est. reading time\" \/>\n\t<meta name=\"twitter:data1\" content=\"3 minutes\" \/>\n<script type=\"application\/ld+json\" class=\"yoast-schema-graph\">{\"@context\":\"https:\/\/schema.org\",\"@graph\":[{\"@type\":\"WebPage\",\"@id\":\"https:\/\/penosil.com\/lv\/produkt\/floorwall-universalfix-619\/\",\"url\":\"https:\/\/penosil.com\/lv\/produkt\/floorwall-universalfix-619\/\",\"name\":\"Floor&amp;Wall UniversalFix 619\",\"isPartOf\":{\"@id\":\"https:\/\/penosil.com\/lv\/#website\"},\"primaryImageOfPage\":{\"@id\":\"https:\/\/penosil.com\/lv\/produkt\/floorwall-universalfix-619\/#primaryimage\"},\"image\":{\"@id\":\"https:\/\/penosil.com\/lv\/produkt\/floorwall-universalfix-619\/#primaryimage\"},\"thumbnailUrl\":\"https:\/\/penosil.com\/lv\/wp-content\/uploads\/sites\/31\/2026\/03\/619_-Floor26Wall_UniversalFix_619_15kg_EE_FI_1.png\",\"datePublished\":\"2021-12-14T13:47:39+00:00\",\"dateModified\":\"2026-03-14T01:03:06+00:00\",\"description\":\"Akrila l\u012bme uz \u016bdens b\u0101zes da\u017e\u0101diem gr\u012bdu un sienu segumiem, piem\u0113ram, pakl\u0101jiem, PVC, vinilam, filcam, kor\u0137im. Uzzin\u0101t vair\u0101k!\",\"breadcrumb\":{\"@id\":\"https:\/\/penosil.com\/lv\/produkt\/floorwall-universalfix-619\/#breadcrumb\"},\"inLanguage\":\"lv-LV\",\"potentialAction\":[{\"@type\":\"ReadAction\",\"target\":[\"https:\/\/penosil.com\/lv\/produkt\/floorwall-universalfix-619\/\"]}]},{\"@type\":\"ImageObject\",\"inLanguage\":\"lv-LV\",\"@id\":\"https:\/\/penosil.com\/lv\/produkt\/floorwall-universalfix-619\/#primaryimage\",\"url\":\"https:\/\/penosil.com\/lv\/wp-content\/uploads\/sites\/31\/2026\/03\/619_-Floor26Wall_UniversalFix_619_15kg_EE_FI_1.png\",\"contentUrl\":\"https:\/\/penosil.com\/lv\/wp-content\/uploads\/sites\/31\/2026\/03\/619_-Floor26Wall_UniversalFix_619_15kg_EE_FI_1.png\",\"width\":831,\"height\":648},{\"@type\":\"BreadcrumbList\",\"@id\":\"https:\/\/penosil.com\/lv\/produkt\/floorwall-universalfix-619\/#breadcrumb\",\"itemListElement\":[{\"@type\":\"ListItem\",\"position\":1,\"name\":\"S\u0101kums\",\"item\":\"https:\/\/penosil.com\/lv\/\"},{\"@type\":\"ListItem\",\"position\":2,\"name\":\"Produkti\",\"item\":\"https:\/\/penosil.com\/lv\/produkti\/\"},{\"@type\":\"ListItem\",\"position\":3,\"name\":\"Floor&amp;Wall UniversalFix 619\"}]},{\"@type\":\"WebSite\",\"@id\":\"https:\/\/penosil.com\/lv\/#website\",\"url\":\"https:\/\/penosil.com\/lv\/\",\"name\":\"Penosil Latvia\",\"description\":\"\",\"potentialAction\":[{\"@type\":\"SearchAction\",\"target\":{\"@type\":\"EntryPoint\",\"urlTemplate\":\"https:\/\/penosil.com\/lv\/?s={search_term_string}\"},\"query-input\":{\"@type\":\"PropertyValueSpecification\",\"valueRequired\":true,\"valueName\":\"search_term_string\"}}],\"inLanguage\":\"lv-LV\"}]}<\/script>\n<!-- \/ Yoast SEO plugin. -->","yoast_head_json":{"title":"Floor&amp;Wall UniversalFix 619","description":"Akrila l\u012bme uz \u016bdens b\u0101zes da\u017e\u0101diem gr\u012bdu un sienu segumiem, piem\u0113ram, pakl\u0101jiem, PVC, vinilam, filcam, kor\u0137im. Uzzin\u0101t vair\u0101k!","robots":{"index":"index","follow":"follow","max-snippet":"max-snippet:-1","max-image-preview":"max-image-preview:large","max-video-preview":"max-video-preview:-1"},"canonical":"https:\/\/penosil.com\/lv\/produkt\/floorwall-universalfix-619\/","og_locale":"lv_LV","og_type":"article","og_title":"Floor&amp;Wall UniversalFix 619","og_description":"Akrila l\u012bme uz \u016bdens b\u0101zes da\u017e\u0101diem gr\u012bdu un sienu segumiem, piem\u0113ram, pakl\u0101jiem, PVC, vinilam, filcam, kor\u0137im. Uzzin\u0101t vair\u0101k!","og_url":"https:\/\/penosil.com\/lv\/produkt\/floorwall-universalfix-619\/","og_site_name":"Penosil Latvia","article_modified_time":"2026-03-14T01:03:06+00:00","og_image":[{"width":1080,"height":608,"url":"https:\/\/penosil.com\/lv\/wp-content\/uploads\/sites\/31\/2021\/12\/619_FloorWall_UniversalFix_619.png","type":"image\/png"}],"twitter_card":"summary_large_image","twitter_misc":{"Est. reading time":"3 minutes"},"schema":{"@context":"https:\/\/schema.org","@graph":[{"@type":"WebPage","@id":"https:\/\/penosil.com\/lv\/produkt\/floorwall-universalfix-619\/","url":"https:\/\/penosil.com\/lv\/produkt\/floorwall-universalfix-619\/","name":"Floor&amp;Wall UniversalFix 619","isPartOf":{"@id":"https:\/\/penosil.com\/lv\/#website"},"primaryImageOfPage":{"@id":"https:\/\/penosil.com\/lv\/produkt\/floorwall-universalfix-619\/#primaryimage"},"image":{"@id":"https:\/\/penosil.com\/lv\/produkt\/floorwall-universalfix-619\/#primaryimage"},"thumbnailUrl":"https:\/\/penosil.com\/lv\/wp-content\/uploads\/sites\/31\/2026\/03\/619_-Floor26Wall_UniversalFix_619_15kg_EE_FI_1.png","datePublished":"2021-12-14T13:47:39+00:00","dateModified":"2026-03-14T01:03:06+00:00","description":"Akrila l\u012bme uz \u016bdens b\u0101zes da\u017e\u0101diem gr\u012bdu un sienu segumiem, piem\u0113ram, pakl\u0101jiem, PVC, vinilam, filcam, kor\u0137im. Uzzin\u0101t vair\u0101k!","breadcrumb":{"@id":"https:\/\/penosil.com\/lv\/produkt\/floorwall-universalfix-619\/#breadcrumb"},"inLanguage":"lv-LV","potentialAction":[{"@type":"ReadAction","target":["https:\/\/penosil.com\/lv\/produkt\/floorwall-universalfix-619\/"]}]},{"@type":"ImageObject","inLanguage":"lv-LV","@id":"https:\/\/penosil.com\/lv\/produkt\/floorwall-universalfix-619\/#primaryimage","url":"https:\/\/penosil.com\/lv\/wp-content\/uploads\/sites\/31\/2026\/03\/619_-Floor26Wall_UniversalFix_619_15kg_EE_FI_1.png","contentUrl":"https:\/\/penosil.com\/lv\/wp-content\/uploads\/sites\/31\/2026\/03\/619_-Floor26Wall_UniversalFix_619_15kg_EE_FI_1.png","width":831,"height":648},{"@type":"BreadcrumbList","@id":"https:\/\/penosil.com\/lv\/produkt\/floorwall-universalfix-619\/#breadcrumb","itemListElement":[{"@type":"ListItem","position":1,"name":"S\u0101kums","item":"https:\/\/penosil.com\/lv\/"},{"@type":"ListItem","position":2,"name":"Produkti","item":"https:\/\/penosil.com\/lv\/produkti\/"},{"@type":"ListItem","position":3,"name":"Floor&amp;Wall UniversalFix 619"}]},{"@type":"WebSite","@id":"https:\/\/penosil.com\/lv\/#website","url":"https:\/\/penosil.com\/lv\/","name":"Penosil Latvia","description":"","potentialAction":[{"@type":"SearchAction","target":{"@type":"EntryPoint","urlTemplate":"https:\/\/penosil.com\/lv\/?s={search_term_string}"},"query-input":{"@type":"PropertyValueSpecification","valueRequired":true,"valueName":"search_term_string"}}],"inLanguage":"lv-LV"}]}},"featured_img":"https:\/\/penosil.com\/lv\/wp-content\/uploads\/sites\/31\/2026\/03\/619_-Floor26Wall_UniversalFix_619_15kg_EE_FI_1.png","coauthors":[],"author_meta":{"author_link":"https:\/\/penosil.com\/lv\/author\/olgakucmasova\/","display_name":"olgakucmasova"},"relative_dates":{"created":"Posted 4 years ago","modified":"Updated 1 month ago"},"absolute_dates":{"created":"Posted on December 14, 2021","modified":"Updated on March 14, 2026"},"absolute_dates_time":{"created":"Posted on December 14, 2021 1:47 pm","modified":"Updated on March 14, 2026 1:03 am"},"featured_img_caption":"","tax_additional":{"product_brand":{"linked":[],"unlinked":[],"slug":"product_brand","name":"Brands"},"product_type":{"linked":["<a href=\"https:\/\/penosil.com\/lv\/?taxonomy=product_type&#038;term=simple\" class=\"advgb-post-tax-term\">simple<\/a>"],"unlinked":["<span class=\"advgb-post-tax-term\">simple<\/span>"],"slug":"product_type","name":"Product type"},"product_visibility":{"linked":["<a href=\"https:\/\/penosil.com\/lv\/en\/?taxonomy=product_visibility&#038;term=outofstock\" class=\"advgb-post-tax-term\">outofstock<\/a>"],"unlinked":["<span class=\"advgb-post-tax-term\">outofstock<\/span>"],"slug":"product_visibility","name":"Product visibility"},"product_cat":{"linked":["<a href=\"https:\/\/penosil.com\/lv\/produkti\/produktu-grupas\/limes\/akrila-limes\/\" class=\"advgb-post-tax-term\">Akrila l\u012bmes<\/a>","<a href=\"https:\/\/penosil.com\/lv\/produkti\/produktu-grupas\/limes\/\" class=\"advgb-post-tax-term\">L\u012bmes<\/a>","<a href=\"https:\/\/penosil.com\/lv\/produkti\/pielietojums\/limesana\/\" class=\"advgb-post-tax-term\">L\u012bm\u0113\u0161ana<\/a>"],"unlinked":["<span class=\"advgb-post-tax-term\">Akrila l\u012bmes<\/span>","<span class=\"advgb-post-tax-term\">L\u012bmes<\/span>","<span class=\"advgb-post-tax-term\">L\u012bm\u0113\u0161ana<\/span>"],"slug":"product_cat","name":"Product categories"},"product_tag":{"linked":[],"unlinked":[],"slug":"product_tag","name":"Product tags"},"product_shipping_class":{"linked":[],"unlinked":[],"slug":"product_shipping_class","name":"Product shipping classes"},"pos_product_visibility":{"linked":[],"unlinked":[],"slug":"pos_product_visibility","name":"POS Product visibility"},"pa_color":{"linked":["<a href=\"https:\/\/penosil.com\/lv\/?taxonomy=pa_color&#038;term=light-yellow-lv\" class=\"advgb-post-tax-term\">Gai\u0161i dzeltens<\/a>"],"unlinked":["<span class=\"advgb-post-tax-term\">Gai\u0161i dzeltens<\/span>"],"slug":"pa_color","name":"Product Colour"},"pa_diameter":{"linked":[],"unlinked":[],"slug":"pa_diameter","name":"Product Diameter"},"pa_package":{"linked":[],"unlinked":[],"slug":"pa_package","name":"Product Package"},"pa_roll":{"linked":[],"unlinked":[],"slug":"pa_roll","name":"Product Roll"},"pa_widths":{"linked":[],"unlinked":[],"slug":"pa_widths","name":"Product Widths"},"translation_priority":{"linked":["<a href=\"https:\/\/penosil.com\/lv\/?taxonomy=translation_priority&#038;term=optional-lv\" class=\"advgb-post-tax-term\">Optional<\/a>"],"unlinked":["<span class=\"advgb-post-tax-term\">Optional<\/span>"],"slug":"translation_priority","name":"Translation Priorities"}},"series_order":"","_links":{"self":[{"href":"https:\/\/penosil.com\/lv\/wp-json\/wp\/v2\/product\/28045","targetHints":{"allow":["GET"]}}],"collection":[{"href":"https:\/\/penosil.com\/lv\/wp-json\/wp\/v2\/product"}],"about":[{"href":"https:\/\/penosil.com\/lv\/wp-json\/wp\/v2\/types\/product"}],"version-history":[{"count":3,"href":"https:\/\/penosil.com\/lv\/wp-json\/wp\/v2\/product\/28045\/revisions"}],"predecessor-version":[{"id":33200,"href":"https:\/\/penosil.com\/lv\/wp-json\/wp\/v2\/product\/28045\/revisions\/33200"}],"wp:featuredmedia":[{"embeddable":true,"href":"https:\/\/penosil.com\/lv\/wp-json\/wp\/v2\/media\/33201"}],"wp:attachment":[{"href":"https:\/\/penosil.com\/lv\/wp-json\/wp\/v2\/media?parent=28045"}],"wp:term":[{"taxonomy":"product_brand","embeddable":true,"href":"https:\/\/penosil.com\/lv\/wp-json\/wp\/v2\/product_brand?post=28045"},{"taxonomy":"product_cat","embeddable":true,"href":"https:\/\/penosil.com\/lv\/wp-json\/wp\/v2\/product_cat?post=28045"},{"taxonomy":"product_tag","embeddable":true,"href":"https:\/\/penosil.com\/lv\/wp-json\/wp\/v2\/product_tag?post=28045"}],"curies":[{"name":"wp","href":"https:\/\/api.w.org\/{rel}","templated":true}]}}