{"id":28200,"date":"2022-03-31T06:42:28","date_gmt":"2022-03-31T06:42:28","guid":{"rendered":"https:\/\/penosil.com\/lv\/?post_type=product&#038;p=28200"},"modified":"2026-04-20T13:41:59","modified_gmt":"2026-04-20T13:41:59","slug":"penosil-rooffacade-crystal","status":"publish","type":"product","link":"https:\/\/penosil.com\/lv\/produkt\/penosil-rooffacade-crystal\/","title":{"rendered":"PENOSIL Roof&#038;Facade Crystal"},"content":{"rendered":"<p>Caursp\u012bd\u012bgs hibr\u012bdherm\u0113ti\u0137is remonta un renov\u0101cijas \u0101rdarbiem.<\/p>\n","protected":false},"excerpt":{"rendered":"Caursp\u012bd\u012bgs herm\u0113ti\u0137is jumtiem un fas\u0101d\u0113m","protected":false},"author":18,"featured_media":33203,"template":"","meta":{"_acf_changed":false,"advgb_blocks_editor_width":"","advgb_blocks_columns_visual_guide":"","footnotes":""},"product_brand":[],"product_cat":[2506,2509,1605,1671],"product_tag":[],"class_list":{"0":"post-28200","1":"product","2":"type-product","3":"status-publish","4":"has-post-thumbnail","6":"product_cat-easypro","7":"product_cat-jumts-un-fasade","8":"product_cat-hermetiki-un-mastikas","9":"product_cat-hibridhermetiki","11":"first","12":"instock","13":"taxable","14":"shipping-taxable","15":"purchasable","16":"product-type-simple"},"acf":[],"yoast_head":"<!-- This site is optimized with the Yoast SEO plugin v27.4 - https:\/\/yoast.com\/product\/yoast-seo-wordpress\/ -->\n<title>PENOSIL Roof&amp;Facade Crystal herm\u0113ti\u0137is jumtiem un fas\u0101d\u0113m<\/title>\n<meta name=\"description\" content=\"Caursp\u012bd\u012bgs hibr\u012bdherm\u0113ti\u0137is remonta un renov\u0101cijas \u0101rdarbiem - jumtiem, fas\u0101d\u0113m, skurste\u0146iem, \u0101r\u0113jiem logu un durvju r\u0101mjiem utt.\" \/>\n<meta name=\"robots\" content=\"index, follow, max-snippet:-1, max-image-preview:large, max-video-preview:-1\" \/>\n<link rel=\"canonical\" href=\"https:\/\/penosil.com\/lv\/produkt\/penosil-rooffacade-crystal\/\" \/>\n<meta property=\"og:locale\" content=\"lv_LV\" \/>\n<meta property=\"og:type\" content=\"article\" \/>\n<meta property=\"og:title\" content=\"PENOSIL Roof&amp;Facade Crystal herm\u0113ti\u0137is jumtiem un fas\u0101d\u0113m\" \/>\n<meta property=\"og:description\" content=\"Caursp\u012bd\u012bgs hibr\u012bdherm\u0113ti\u0137is remonta un renov\u0101cijas \u0101rdarbiem - jumtiem, fas\u0101d\u0113m, skurste\u0146iem, \u0101r\u0113jiem logu un durvju r\u0101mjiem utt.\" \/>\n<meta property=\"og:url\" content=\"https:\/\/penosil.com\/lv\/produkt\/penosil-rooffacade-crystal\/\" \/>\n<meta property=\"og:site_name\" content=\"Penosil Latvia\" \/>\n<meta property=\"article:modified_time\" content=\"2026-04-20T13:41:59+00:00\" \/>\n<meta property=\"og:image\" content=\"https:\/\/penosil.com\/lv\/wp-content\/uploads\/sites\/31\/2026\/03\/1042_Roof_and_Facade_Crystal_LV.png\" \/>\n\t<meta property=\"og:image:width\" content=\"375\" \/>\n\t<meta property=\"og:image:height\" content=\"1080\" \/>\n\t<meta property=\"og:image:type\" content=\"image\/png\" \/>\n<meta name=\"twitter:card\" content=\"summary_large_image\" \/>\n<meta name=\"twitter:label1\" content=\"Est. reading time\" \/>\n\t<meta name=\"twitter:data1\" content=\"3 minutes\" \/>\n<script type=\"application\/ld+json\" class=\"yoast-schema-graph\">{\"@context\":\"https:\\\/\\\/schema.org\",\"@graph\":[{\"@type\":\"WebPage\",\"@id\":\"https:\\\/\\\/penosil.com\\\/lv\\\/produkt\\\/penosil-rooffacade-crystal\\\/\",\"url\":\"https:\\\/\\\/penosil.com\\\/lv\\\/produkt\\\/penosil-rooffacade-crystal\\\/\",\"name\":\"PENOSIL Roof&Facade Crystal herm\u0113ti\u0137is jumtiem un fas\u0101d\u0113m\",\"isPartOf\":{\"@id\":\"https:\\\/\\\/penosil.com\\\/lv\\\/#website\"},\"primaryImageOfPage\":{\"@id\":\"https:\\\/\\\/penosil.com\\\/lv\\\/produkt\\\/penosil-rooffacade-crystal\\\/#primaryimage\"},\"image\":{\"@id\":\"https:\\\/\\\/penosil.com\\\/lv\\\/produkt\\\/penosil-rooffacade-crystal\\\/#primaryimage\"},\"thumbnailUrl\":\"https:\\\/\\\/penosil.com\\\/lv\\\/wp-content\\\/uploads\\\/sites\\\/31\\\/2026\\\/03\\\/1042_Roof_and_Facade_Crystal_LV.png\",\"datePublished\":\"2022-03-31T06:42:28+00:00\",\"dateModified\":\"2026-04-20T13:41:59+00:00\",\"description\":\"Caursp\u012bd\u012bgs hibr\u012bdherm\u0113ti\u0137is remonta un renov\u0101cijas \u0101rdarbiem - jumtiem, fas\u0101d\u0113m, skurste\u0146iem, \u0101r\u0113jiem logu un durvju r\u0101mjiem utt.\",\"breadcrumb\":{\"@id\":\"https:\\\/\\\/penosil.com\\\/lv\\\/produkt\\\/penosil-rooffacade-crystal\\\/#breadcrumb\"},\"inLanguage\":\"lv-LV\",\"potentialAction\":[{\"@type\":\"ReadAction\",\"target\":[\"https:\\\/\\\/penosil.com\\\/lv\\\/produkt\\\/penosil-rooffacade-crystal\\\/\"]}]},{\"@type\":\"ImageObject\",\"inLanguage\":\"lv-LV\",\"@id\":\"https:\\\/\\\/penosil.com\\\/lv\\\/produkt\\\/penosil-rooffacade-crystal\\\/#primaryimage\",\"url\":\"https:\\\/\\\/penosil.com\\\/lv\\\/wp-content\\\/uploads\\\/sites\\\/31\\\/2026\\\/03\\\/1042_Roof_and_Facade_Crystal_LV.png\",\"contentUrl\":\"https:\\\/\\\/penosil.com\\\/lv\\\/wp-content\\\/uploads\\\/sites\\\/31\\\/2026\\\/03\\\/1042_Roof_and_Facade_Crystal_LV.png\",\"width\":375,\"height\":1080},{\"@type\":\"BreadcrumbList\",\"@id\":\"https:\\\/\\\/penosil.com\\\/lv\\\/produkt\\\/penosil-rooffacade-crystal\\\/#breadcrumb\",\"itemListElement\":[{\"@type\":\"ListItem\",\"position\":1,\"name\":\"S\u0101kums\",\"item\":\"https:\\\/\\\/penosil.com\\\/lv\\\/\"},{\"@type\":\"ListItem\",\"position\":2,\"name\":\"Produkti\",\"item\":\"https:\\\/\\\/penosil.com\\\/lv\\\/produkti\\\/\"},{\"@type\":\"ListItem\",\"position\":3,\"name\":\"PENOSIL Roof&#038;Facade Crystal\"}]},{\"@type\":\"WebSite\",\"@id\":\"https:\\\/\\\/penosil.com\\\/lv\\\/#website\",\"url\":\"https:\\\/\\\/penosil.com\\\/lv\\\/\",\"name\":\"Penosil Latvia\",\"description\":\"\",\"potentialAction\":[{\"@type\":\"SearchAction\",\"target\":{\"@type\":\"EntryPoint\",\"urlTemplate\":\"https:\\\/\\\/penosil.com\\\/lv\\\/?s={search_term_string}\"},\"query-input\":{\"@type\":\"PropertyValueSpecification\",\"valueRequired\":true,\"valueName\":\"search_term_string\"}}],\"inLanguage\":\"lv-LV\"}]}<\/script>\n<!-- \/ Yoast SEO plugin. -->","yoast_head_json":{"title":"PENOSIL Roof&Facade Crystal herm\u0113ti\u0137is jumtiem un fas\u0101d\u0113m","description":"Caursp\u012bd\u012bgs hibr\u012bdherm\u0113ti\u0137is remonta un renov\u0101cijas \u0101rdarbiem - jumtiem, fas\u0101d\u0113m, skurste\u0146iem, \u0101r\u0113jiem logu un durvju r\u0101mjiem utt.","robots":{"index":"index","follow":"follow","max-snippet":"max-snippet:-1","max-image-preview":"max-image-preview:large","max-video-preview":"max-video-preview:-1"},"canonical":"https:\/\/penosil.com\/lv\/produkt\/penosil-rooffacade-crystal\/","og_locale":"lv_LV","og_type":"article","og_title":"PENOSIL Roof&Facade Crystal herm\u0113ti\u0137is jumtiem un fas\u0101d\u0113m","og_description":"Caursp\u012bd\u012bgs hibr\u012bdherm\u0113ti\u0137is remonta un renov\u0101cijas \u0101rdarbiem - jumtiem, fas\u0101d\u0113m, skurste\u0146iem, \u0101r\u0113jiem logu un durvju r\u0101mjiem utt.","og_url":"https:\/\/penosil.com\/lv\/produkt\/penosil-rooffacade-crystal\/","og_site_name":"Penosil Latvia","article_modified_time":"2026-04-20T13:41:59+00:00","og_image":[{"width":375,"height":1080,"url":"https:\/\/penosil.com\/lv\/wp-content\/uploads\/sites\/31\/2026\/03\/1042_Roof_and_Facade_Crystal_LV.png","type":"image\/png"}],"twitter_card":"summary_large_image","twitter_misc":{"Est. reading time":"3 minutes"},"schema":{"@context":"https:\/\/schema.org","@graph":[{"@type":"WebPage","@id":"https:\/\/penosil.com\/lv\/produkt\/penosil-rooffacade-crystal\/","url":"https:\/\/penosil.com\/lv\/produkt\/penosil-rooffacade-crystal\/","name":"PENOSIL Roof&Facade Crystal herm\u0113ti\u0137is jumtiem un fas\u0101d\u0113m","isPartOf":{"@id":"https:\/\/penosil.com\/lv\/#website"},"primaryImageOfPage":{"@id":"https:\/\/penosil.com\/lv\/produkt\/penosil-rooffacade-crystal\/#primaryimage"},"image":{"@id":"https:\/\/penosil.com\/lv\/produkt\/penosil-rooffacade-crystal\/#primaryimage"},"thumbnailUrl":"https:\/\/penosil.com\/lv\/wp-content\/uploads\/sites\/31\/2026\/03\/1042_Roof_and_Facade_Crystal_LV.png","datePublished":"2022-03-31T06:42:28+00:00","dateModified":"2026-04-20T13:41:59+00:00","description":"Caursp\u012bd\u012bgs hibr\u012bdherm\u0113ti\u0137is remonta un renov\u0101cijas \u0101rdarbiem - jumtiem, fas\u0101d\u0113m, skurste\u0146iem, \u0101r\u0113jiem logu un durvju r\u0101mjiem utt.","breadcrumb":{"@id":"https:\/\/penosil.com\/lv\/produkt\/penosil-rooffacade-crystal\/#breadcrumb"},"inLanguage":"lv-LV","potentialAction":[{"@type":"ReadAction","target":["https:\/\/penosil.com\/lv\/produkt\/penosil-rooffacade-crystal\/"]}]},{"@type":"ImageObject","inLanguage":"lv-LV","@id":"https:\/\/penosil.com\/lv\/produkt\/penosil-rooffacade-crystal\/#primaryimage","url":"https:\/\/penosil.com\/lv\/wp-content\/uploads\/sites\/31\/2026\/03\/1042_Roof_and_Facade_Crystal_LV.png","contentUrl":"https:\/\/penosil.com\/lv\/wp-content\/uploads\/sites\/31\/2026\/03\/1042_Roof_and_Facade_Crystal_LV.png","width":375,"height":1080},{"@type":"BreadcrumbList","@id":"https:\/\/penosil.com\/lv\/produkt\/penosil-rooffacade-crystal\/#breadcrumb","itemListElement":[{"@type":"ListItem","position":1,"name":"S\u0101kums","item":"https:\/\/penosil.com\/lv\/"},{"@type":"ListItem","position":2,"name":"Produkti","item":"https:\/\/penosil.com\/lv\/produkti\/"},{"@type":"ListItem","position":3,"name":"PENOSIL Roof&#038;Facade Crystal"}]},{"@type":"WebSite","@id":"https:\/\/penosil.com\/lv\/#website","url":"https:\/\/penosil.com\/lv\/","name":"Penosil Latvia","description":"","potentialAction":[{"@type":"SearchAction","target":{"@type":"EntryPoint","urlTemplate":"https:\/\/penosil.com\/lv\/?s={search_term_string}"},"query-input":{"@type":"PropertyValueSpecification","valueRequired":true,"valueName":"search_term_string"}}],"inLanguage":"lv-LV"}]}},"featured_img":"https:\/\/penosil.com\/lv\/wp-content\/uploads\/sites\/31\/2026\/03\/1042_Roof_and_Facade_Crystal_LV.png","coauthors":[],"author_meta":{"author_link":"https:\/\/penosil.com\/lv\/author\/olgakucmasova\/","display_name":"olgakucmasova"},"relative_dates":{"created":"Posted 4 years ago","modified":"Updated 6 days ago"},"absolute_dates":{"created":"Posted on March 31, 2022","modified":"Updated on April 20, 2026"},"absolute_dates_time":{"created":"Posted on March 31, 2022 6:42 am","modified":"Updated on April 20, 2026 1:41 pm"},"featured_img_caption":"","tax_additional":{"product_brand":{"linked":[],"unlinked":[],"slug":"product_brand","name":"Brands"},"product_type":{"linked":["<a href=\"https:\/\/penosil.com\/lv\/?taxonomy=product_type&#038;term=simple\" class=\"advgb-post-tax-term\">simple<\/a>"],"unlinked":["<span class=\"advgb-post-tax-term\">simple<\/span>"],"slug":"product_type","name":"Product type"},"product_visibility":{"linked":[],"unlinked":[],"slug":"product_visibility","name":"Product visibility"},"product_cat":{"linked":["<a href=\"https:\/\/penosil.com\/lv\/produkti\/easypro\/\" class=\"advgb-post-tax-term\">EasyPRO<\/a>","<a href=\"https:\/\/penosil.com\/lv\/produkti\/easypro\/jumts-un-fasade\/\" class=\"advgb-post-tax-term\">Jumts un fas\u0101de<\/a>","<a href=\"https:\/\/penosil.com\/lv\/produkti\/produktu-grupas\/hermetiki-un-mastikas\/\" class=\"advgb-post-tax-term\">Herm\u0113ti\u0137i un mastikas<\/a>","<a href=\"https:\/\/penosil.com\/lv\/produkti\/produktu-grupas\/hermetiki-un-mastikas\/hibridhermetiki\/\" class=\"advgb-post-tax-term\">Hibr\u012bdherm\u0113ti\u0137i<\/a>"],"unlinked":["<span class=\"advgb-post-tax-term\">EasyPRO<\/span>","<span class=\"advgb-post-tax-term\">Jumts un fas\u0101de<\/span>","<span class=\"advgb-post-tax-term\">Herm\u0113ti\u0137i un mastikas<\/span>","<span class=\"advgb-post-tax-term\">Hibr\u012bdherm\u0113ti\u0137i<\/span>"],"slug":"product_cat","name":"Product categories"},"product_tag":{"linked":[],"unlinked":[],"slug":"product_tag","name":"Product tags"},"product_shipping_class":{"linked":[],"unlinked":[],"slug":"product_shipping_class","name":"Product shipping classes"},"pos_product_visibility":{"linked":[],"unlinked":[],"slug":"pos_product_visibility","name":"POS Product visibility"},"pa_color":{"linked":["<a href=\"https:\/\/penosil.com\/lv\/?taxonomy=pa_color&#038;term=transparent-lv-2\" class=\"advgb-post-tax-term\">Caursp\u012bd\u012bgs<\/a>"],"unlinked":["<span class=\"advgb-post-tax-term\">Caursp\u012bd\u012bgs<\/span>"],"slug":"pa_color","name":"Product Colour"},"pa_diameter":{"linked":[],"unlinked":[],"slug":"pa_diameter","name":"Product Diameter"},"pa_package":{"linked":["<a href=\"https:\/\/penosil.com\/lv\/?taxonomy=pa_package&#038;term=290-ml-lv-2\" class=\"advgb-post-tax-term\">290 ml<\/a>"],"unlinked":["<span class=\"advgb-post-tax-term\">290 ml<\/span>"],"slug":"pa_package","name":"Product Package"},"pa_roll":{"linked":[],"unlinked":[],"slug":"pa_roll","name":"Product Roll"},"pa_widths":{"linked":[],"unlinked":[],"slug":"pa_widths","name":"Product Widths"},"translation_priority":{"linked":["<a href=\"https:\/\/penosil.com\/lv\/?taxonomy=translation_priority&#038;term=optional-lv\" class=\"advgb-post-tax-term\">Optional<\/a>"],"unlinked":["<span class=\"advgb-post-tax-term\">Optional<\/span>"],"slug":"translation_priority","name":"Translation Priorities"}},"series_order":"","_links":{"self":[{"href":"https:\/\/penosil.com\/lv\/wp-json\/wp\/v2\/product\/28200","targetHints":{"allow":["GET"]}}],"collection":[{"href":"https:\/\/penosil.com\/lv\/wp-json\/wp\/v2\/product"}],"about":[{"href":"https:\/\/penosil.com\/lv\/wp-json\/wp\/v2\/types\/product"}],"version-history":[{"count":4,"href":"https:\/\/penosil.com\/lv\/wp-json\/wp\/v2\/product\/28200\/revisions"}],"predecessor-version":[{"id":33393,"href":"https:\/\/penosil.com\/lv\/wp-json\/wp\/v2\/product\/28200\/revisions\/33393"}],"wp:featuredmedia":[{"embeddable":true,"href":"https:\/\/penosil.com\/lv\/wp-json\/wp\/v2\/media\/33203"}],"wp:attachment":[{"href":"https:\/\/penosil.com\/lv\/wp-json\/wp\/v2\/media?parent=28200"}],"wp:term":[{"taxonomy":"product_brand","embeddable":true,"href":"https:\/\/penosil.com\/lv\/wp-json\/wp\/v2\/product_brand?post=28200"},{"taxonomy":"product_cat","embeddable":true,"href":"https:\/\/penosil.com\/lv\/wp-json\/wp\/v2\/product_cat?post=28200"},{"taxonomy":"product_tag","embeddable":true,"href":"https:\/\/penosil.com\/lv\/wp-json\/wp\/v2\/product_tag?post=28200"}],"curies":[{"name":"wp","href":"https:\/\/api.w.org\/{rel}","templated":true}]}}