{"id":28315,"date":"2022-05-09T13:45:42","date_gmt":"2022-05-09T13:45:42","guid":{"rendered":"https:\/\/penosil.com\/lv\/?post_type=product&#038;p=28315"},"modified":"2026-01-08T01:16:41","modified_gmt":"2026-01-08T01:16:41","slug":"low-monomer-gunfoam-122","status":"publish","type":"product","link":"https:\/\/penosil.com\/lv\/produkt\/low-monomer-gunfoam-122\/","title":{"rendered":"Low Monomer Gunfoam 122"},"content":{"rendered":"<p>PENOSIL Low Monomer Gunfoam 122 ir vienkomponenta poliuret\u0101na pisto\u013cputas ar \u013coti zemu diizocian\u0101ta monom\u0113ra saturu (&lt;0,1%) un \u012bpa\u0161u EasyGun aplikatoru \u0161aur\u0101m, dzi\u013c\u0101m un gr\u016bti pieejam\u0101m viet\u0101m. Laba sa\u0137ere ar visiem visbie\u017e\u0101k izmantotajiem b\u016bvmateri\u0101liem, piem\u0113ram, koksni, betonu, akmeni, apmetumu, met\u0101lu, PVC un polistirolu.<\/p>\n","protected":false},"excerpt":{"rendered":"izol\u0101cijas celtniec\u012bbas putas","protected":false},"author":18,"featured_media":32524,"template":"","meta":{"_acf_changed":false,"advgb_blocks_editor_width":"","advgb_blocks_columns_visual_guide":"","footnotes":""},"product_brand":[],"product_cat":[832,1500,1519],"product_tag":[],"class_list":{"0":"post-28315","1":"product","2":"type-product","3":"status-publish","4":"has-post-thumbnail","6":"product_cat-vispareja-buvnieciba","7":"product_cat-celtniecibas-putas","8":"product_cat-easygun-putas","10":"first","11":"outofstock","12":"taxable","13":"shipping-taxable","14":"purchasable","15":"product-type-simple"},"acf":[],"yoast_head":"<!-- This site is optimized with the Yoast SEO plugin v27.2 - https:\/\/yoast.com\/product\/yoast-seo-wordpress\/ -->\n<title>Low Monomer Gunfoam 122 - Penosil Latvia<\/title>\n<meta name=\"description\" content=\"Penosil Low Monomer Gunfoam 122 - dro\u0161as izol\u0101cijas celtniec\u012bbas putas ar \u013coti zemu diizocian\u0101tu saturu. Uzzin\u0101t vair\u0101k un pirkt \u0161eit!\" \/>\n<meta name=\"robots\" content=\"index, follow, max-snippet:-1, max-image-preview:large, max-video-preview:-1\" \/>\n<link rel=\"canonical\" href=\"https:\/\/penosil.com\/lv\/produkt\/low-monomer-gunfoam-122\/\" \/>\n<meta property=\"og:locale\" content=\"lv_LV\" \/>\n<meta property=\"og:type\" content=\"article\" \/>\n<meta property=\"og:title\" content=\"Low Monomer Gunfoam 122 - Penosil Latvia\" \/>\n<meta property=\"og:description\" content=\"Penosil Low Monomer Gunfoam 122 - dro\u0161as izol\u0101cijas celtniec\u012bbas putas ar \u013coti zemu diizocian\u0101tu saturu. Uzzin\u0101t vair\u0101k un pirkt \u0161eit!\" \/>\n<meta property=\"og:url\" content=\"https:\/\/penosil.com\/lv\/produkt\/low-monomer-gunfoam-122\/\" \/>\n<meta property=\"og:site_name\" content=\"Penosil Latvia\" \/>\n<meta property=\"article:modified_time\" content=\"2026-01-08T01:16:41+00:00\" \/>\n<meta property=\"og:image\" content=\"https:\/\/penosil.com\/lv\/wp-content\/uploads\/sites\/31\/2022\/05\/122_Low_Monomer_Gunfoam_122_LT_LV.png\" \/>\n\t<meta property=\"og:image:width\" content=\"523\" \/>\n\t<meta property=\"og:image:height\" content=\"1080\" \/>\n\t<meta property=\"og:image:type\" content=\"image\/png\" \/>\n<meta name=\"twitter:card\" content=\"summary_large_image\" \/>\n<meta name=\"twitter:label1\" content=\"Est. reading time\" \/>\n\t<meta name=\"twitter:data1\" content=\"4 minutes\" \/>\n<script type=\"application\/ld+json\" class=\"yoast-schema-graph\">{\"@context\":\"https:\/\/schema.org\",\"@graph\":[{\"@type\":\"WebPage\",\"@id\":\"https:\/\/penosil.com\/lv\/produkt\/low-monomer-gunfoam-122\/\",\"url\":\"https:\/\/penosil.com\/lv\/produkt\/low-monomer-gunfoam-122\/\",\"name\":\"Low Monomer Gunfoam 122 - Penosil Latvia\",\"isPartOf\":{\"@id\":\"https:\/\/penosil.com\/lv\/#website\"},\"primaryImageOfPage\":{\"@id\":\"https:\/\/penosil.com\/lv\/produkt\/low-monomer-gunfoam-122\/#primaryimage\"},\"image\":{\"@id\":\"https:\/\/penosil.com\/lv\/produkt\/low-monomer-gunfoam-122\/#primaryimage\"},\"thumbnailUrl\":\"https:\/\/penosil.com\/lv\/wp-content\/uploads\/sites\/31\/2025\/07\/122_Low_Monomer_Gunfoam_122_LT_LV.png\",\"datePublished\":\"2022-05-09T13:45:42+00:00\",\"dateModified\":\"2026-01-08T01:16:41+00:00\",\"description\":\"Penosil Low Monomer Gunfoam 122 - dro\u0161as izol\u0101cijas celtniec\u012bbas putas ar \u013coti zemu diizocian\u0101tu saturu. Uzzin\u0101t vair\u0101k un pirkt \u0161eit!\",\"breadcrumb\":{\"@id\":\"https:\/\/penosil.com\/lv\/produkt\/low-monomer-gunfoam-122\/#breadcrumb\"},\"inLanguage\":\"lv-LV\",\"potentialAction\":[{\"@type\":\"ReadAction\",\"target\":[\"https:\/\/penosil.com\/lv\/produkt\/low-monomer-gunfoam-122\/\"]}]},{\"@type\":\"ImageObject\",\"inLanguage\":\"lv-LV\",\"@id\":\"https:\/\/penosil.com\/lv\/produkt\/low-monomer-gunfoam-122\/#primaryimage\",\"url\":\"https:\/\/penosil.com\/lv\/wp-content\/uploads\/sites\/31\/2025\/07\/122_Low_Monomer_Gunfoam_122_LT_LV.png\",\"contentUrl\":\"https:\/\/penosil.com\/lv\/wp-content\/uploads\/sites\/31\/2025\/07\/122_Low_Monomer_Gunfoam_122_LT_LV.png\",\"width\":523,\"height\":1080},{\"@type\":\"BreadcrumbList\",\"@id\":\"https:\/\/penosil.com\/lv\/produkt\/low-monomer-gunfoam-122\/#breadcrumb\",\"itemListElement\":[{\"@type\":\"ListItem\",\"position\":1,\"name\":\"S\u0101kums\",\"item\":\"https:\/\/penosil.com\/lv\/\"},{\"@type\":\"ListItem\",\"position\":2,\"name\":\"Produkti\",\"item\":\"https:\/\/penosil.com\/lv\/produkti\/\"},{\"@type\":\"ListItem\",\"position\":3,\"name\":\"Low Monomer Gunfoam 122\"}]},{\"@type\":\"WebSite\",\"@id\":\"https:\/\/penosil.com\/lv\/#website\",\"url\":\"https:\/\/penosil.com\/lv\/\",\"name\":\"Penosil Latvia\",\"description\":\"\",\"potentialAction\":[{\"@type\":\"SearchAction\",\"target\":{\"@type\":\"EntryPoint\",\"urlTemplate\":\"https:\/\/penosil.com\/lv\/?s={search_term_string}\"},\"query-input\":{\"@type\":\"PropertyValueSpecification\",\"valueRequired\":true,\"valueName\":\"search_term_string\"}}],\"inLanguage\":\"lv-LV\"}]}<\/script>\n<!-- \/ Yoast SEO plugin. -->","yoast_head_json":{"title":"Low Monomer Gunfoam 122 - Penosil Latvia","description":"Penosil Low Monomer Gunfoam 122 - dro\u0161as izol\u0101cijas celtniec\u012bbas putas ar \u013coti zemu diizocian\u0101tu saturu. Uzzin\u0101t vair\u0101k un pirkt \u0161eit!","robots":{"index":"index","follow":"follow","max-snippet":"max-snippet:-1","max-image-preview":"max-image-preview:large","max-video-preview":"max-video-preview:-1"},"canonical":"https:\/\/penosil.com\/lv\/produkt\/low-monomer-gunfoam-122\/","og_locale":"lv_LV","og_type":"article","og_title":"Low Monomer Gunfoam 122 - Penosil Latvia","og_description":"Penosil Low Monomer Gunfoam 122 - dro\u0161as izol\u0101cijas celtniec\u012bbas putas ar \u013coti zemu diizocian\u0101tu saturu. Uzzin\u0101t vair\u0101k un pirkt \u0161eit!","og_url":"https:\/\/penosil.com\/lv\/produkt\/low-monomer-gunfoam-122\/","og_site_name":"Penosil Latvia","article_modified_time":"2026-01-08T01:16:41+00:00","og_image":[{"width":523,"height":1080,"url":"https:\/\/penosil.com\/lv\/wp-content\/uploads\/sites\/31\/2022\/05\/122_Low_Monomer_Gunfoam_122_LT_LV.png","type":"image\/png"}],"twitter_card":"summary_large_image","twitter_misc":{"Est. reading time":"4 minutes"},"schema":{"@context":"https:\/\/schema.org","@graph":[{"@type":"WebPage","@id":"https:\/\/penosil.com\/lv\/produkt\/low-monomer-gunfoam-122\/","url":"https:\/\/penosil.com\/lv\/produkt\/low-monomer-gunfoam-122\/","name":"Low Monomer Gunfoam 122 - Penosil Latvia","isPartOf":{"@id":"https:\/\/penosil.com\/lv\/#website"},"primaryImageOfPage":{"@id":"https:\/\/penosil.com\/lv\/produkt\/low-monomer-gunfoam-122\/#primaryimage"},"image":{"@id":"https:\/\/penosil.com\/lv\/produkt\/low-monomer-gunfoam-122\/#primaryimage"},"thumbnailUrl":"https:\/\/penosil.com\/lv\/wp-content\/uploads\/sites\/31\/2025\/07\/122_Low_Monomer_Gunfoam_122_LT_LV.png","datePublished":"2022-05-09T13:45:42+00:00","dateModified":"2026-01-08T01:16:41+00:00","description":"Penosil Low Monomer Gunfoam 122 - dro\u0161as izol\u0101cijas celtniec\u012bbas putas ar \u013coti zemu diizocian\u0101tu saturu. Uzzin\u0101t vair\u0101k un pirkt \u0161eit!","breadcrumb":{"@id":"https:\/\/penosil.com\/lv\/produkt\/low-monomer-gunfoam-122\/#breadcrumb"},"inLanguage":"lv-LV","potentialAction":[{"@type":"ReadAction","target":["https:\/\/penosil.com\/lv\/produkt\/low-monomer-gunfoam-122\/"]}]},{"@type":"ImageObject","inLanguage":"lv-LV","@id":"https:\/\/penosil.com\/lv\/produkt\/low-monomer-gunfoam-122\/#primaryimage","url":"https:\/\/penosil.com\/lv\/wp-content\/uploads\/sites\/31\/2025\/07\/122_Low_Monomer_Gunfoam_122_LT_LV.png","contentUrl":"https:\/\/penosil.com\/lv\/wp-content\/uploads\/sites\/31\/2025\/07\/122_Low_Monomer_Gunfoam_122_LT_LV.png","width":523,"height":1080},{"@type":"BreadcrumbList","@id":"https:\/\/penosil.com\/lv\/produkt\/low-monomer-gunfoam-122\/#breadcrumb","itemListElement":[{"@type":"ListItem","position":1,"name":"S\u0101kums","item":"https:\/\/penosil.com\/lv\/"},{"@type":"ListItem","position":2,"name":"Produkti","item":"https:\/\/penosil.com\/lv\/produkti\/"},{"@type":"ListItem","position":3,"name":"Low Monomer Gunfoam 122"}]},{"@type":"WebSite","@id":"https:\/\/penosil.com\/lv\/#website","url":"https:\/\/penosil.com\/lv\/","name":"Penosil Latvia","description":"","potentialAction":[{"@type":"SearchAction","target":{"@type":"EntryPoint","urlTemplate":"https:\/\/penosil.com\/lv\/?s={search_term_string}"},"query-input":{"@type":"PropertyValueSpecification","valueRequired":true,"valueName":"search_term_string"}}],"inLanguage":"lv-LV"}]}},"featured_img":"https:\/\/penosil.com\/lv\/wp-content\/uploads\/sites\/31\/2025\/07\/122_Low_Monomer_Gunfoam_122_LT_LV.png","coauthors":[],"author_meta":{"author_link":"https:\/\/penosil.com\/lv\/author\/olgakucmasova\/","display_name":"olgakucmasova"},"relative_dates":{"created":"Posted 4 years ago","modified":"Updated 3 months ago"},"absolute_dates":{"created":"Posted on May 9, 2022","modified":"Updated on January 8, 2026"},"absolute_dates_time":{"created":"Posted on May 9, 2022 1:45 pm","modified":"Updated on January 8, 2026 1:16 am"},"featured_img_caption":"","tax_additional":{"product_brand":{"linked":[],"unlinked":[],"slug":"product_brand","name":"Brands"},"product_type":{"linked":["<a href=\"https:\/\/penosil.com\/lv\/?taxonomy=product_type&#038;term=simple\" class=\"advgb-post-tax-term\">simple<\/a>"],"unlinked":["<span class=\"advgb-post-tax-term\">simple<\/span>"],"slug":"product_type","name":"Product type"},"product_visibility":{"linked":["<a href=\"https:\/\/penosil.com\/lv\/en\/?taxonomy=product_visibility&#038;term=outofstock\" class=\"advgb-post-tax-term\">outofstock<\/a>"],"unlinked":["<span class=\"advgb-post-tax-term\">outofstock<\/span>"],"slug":"product_visibility","name":"Product visibility"},"product_cat":{"linked":["<a href=\"https:\/\/penosil.com\/lv\/produkti\/pielietojums\/vispareja-buvnieciba\/\" class=\"advgb-post-tax-term\">Visp\u0101r\u0113j\u0101 b\u016bvniec\u012bba<\/a>","<a href=\"https:\/\/penosil.com\/lv\/produkti\/produktu-grupas\/celtniecibas-putas\/\" class=\"advgb-post-tax-term\">Celtniec\u012bbas putas<\/a>","<a href=\"https:\/\/penosil.com\/lv\/produkti\/produktu-grupas\/celtniecibas-putas\/easygun-putas\/\" class=\"advgb-post-tax-term\">Easygun putas<\/a>"],"unlinked":["<span class=\"advgb-post-tax-term\">Visp\u0101r\u0113j\u0101 b\u016bvniec\u012bba<\/span>","<span class=\"advgb-post-tax-term\">Celtniec\u012bbas putas<\/span>","<span class=\"advgb-post-tax-term\">Easygun putas<\/span>"],"slug":"product_cat","name":"Product categories"},"product_tag":{"linked":[],"unlinked":[],"slug":"product_tag","name":"Product tags"},"product_shipping_class":{"linked":[],"unlinked":[],"slug":"product_shipping_class","name":"Product shipping classes"},"pos_product_visibility":{"linked":[],"unlinked":[],"slug":"pos_product_visibility","name":"POS Product visibility"},"pa_color":{"linked":["<a href=\"https:\/\/penosil.com\/lv\/?taxonomy=pa_color&#038;term=white-lv-2\" class=\"advgb-post-tax-term\">Balts<\/a>"],"unlinked":["<span class=\"advgb-post-tax-term\">Balts<\/span>"],"slug":"pa_color","name":"Product Colour"},"pa_diameter":{"linked":[],"unlinked":[],"slug":"pa_diameter","name":"Product Diameter"},"pa_package":{"linked":["<a href=\"https:\/\/penosil.com\/lv\/?taxonomy=pa_package&#038;term=1000-ml-lv-2\" class=\"advgb-post-tax-term\">1000 ml<\/a>"],"unlinked":["<span class=\"advgb-post-tax-term\">1000 ml<\/span>"],"slug":"pa_package","name":"Product Package"},"pa_roll":{"linked":[],"unlinked":[],"slug":"pa_roll","name":"Product Roll"},"pa_widths":{"linked":[],"unlinked":[],"slug":"pa_widths","name":"Product Widths"},"translation_priority":{"linked":["<a href=\"https:\/\/penosil.com\/lv\/?taxonomy=translation_priority&#038;term=optional-lv\" class=\"advgb-post-tax-term\">Optional<\/a>"],"unlinked":["<span class=\"advgb-post-tax-term\">Optional<\/span>"],"slug":"translation_priority","name":"Translation Priorities"}},"series_order":"","_links":{"self":[{"href":"https:\/\/penosil.com\/lv\/wp-json\/wp\/v2\/product\/28315","targetHints":{"allow":["GET"]}}],"collection":[{"href":"https:\/\/penosil.com\/lv\/wp-json\/wp\/v2\/product"}],"about":[{"href":"https:\/\/penosil.com\/lv\/wp-json\/wp\/v2\/types\/product"}],"version-history":[{"count":6,"href":"https:\/\/penosil.com\/lv\/wp-json\/wp\/v2\/product\/28315\/revisions"}],"predecessor-version":[{"id":32523,"href":"https:\/\/penosil.com\/lv\/wp-json\/wp\/v2\/product\/28315\/revisions\/32523"}],"wp:featuredmedia":[{"embeddable":true,"href":"https:\/\/penosil.com\/lv\/wp-json\/wp\/v2\/media\/32524"}],"wp:attachment":[{"href":"https:\/\/penosil.com\/lv\/wp-json\/wp\/v2\/media?parent=28315"}],"wp:term":[{"taxonomy":"product_brand","embeddable":true,"href":"https:\/\/penosil.com\/lv\/wp-json\/wp\/v2\/product_brand?post=28315"},{"taxonomy":"product_cat","embeddable":true,"href":"https:\/\/penosil.com\/lv\/wp-json\/wp\/v2\/product_cat?post=28315"},{"taxonomy":"product_tag","embeddable":true,"href":"https:\/\/penosil.com\/lv\/wp-json\/wp\/v2\/product_tag?post=28315"}],"curies":[{"name":"wp","href":"https:\/\/api.w.org\/{rel}","templated":true}]}}