{"id":28331,"date":"2022-05-17T09:57:02","date_gmt":"2022-05-17T09:57:02","guid":{"rendered":"https:\/\/penosil.com\/lv\/?post_type=product&#038;p=28331"},"modified":"2026-04-29T06:21:36","modified_gmt":"2026-04-29T06:21:36","slug":"elastic-gunfoam-198-elastigas-montazas-putas","status":"publish","type":"product","link":"https:\/\/penosil.com\/lv\/produkt\/elastic-gunfoam-198-elastigas-montazas-putas\/","title":{"rendered":"Elastic Gunfoam 198"},"content":{"rendered":"<p>PENOSIL Elastic Gunfoam 198 vienkomponenta, poliuret\u0101na mont\u0101\u017eas pisto\u013cputas spiedienjut\u012bgu, kust\u012bgu savienojumu un da\u017e\u0101du caurlaidumu bl\u012bv\u0113\u0161anai, k\u0101 ar\u012b mont\u0101\u017eas darbiem. Putas ir viegli saspie\u017eamas, elast\u012bgas un \u012bpa\u0161i piem\u0113rotas logu un durvju uzst\u0101d\u012b\u0161anai.<\/p>\n","protected":false},"excerpt":{"rendered":"Elast\u012bgas mont\u0101\u017eas putas","protected":false},"author":18,"featured_media":33152,"template":"","meta":{"_acf_changed":false,"advgb_blocks_editor_width":"","advgb_blocks_columns_visual_guide":"","footnotes":""},"product_brand":[],"product_cat":[1539,1290,1500],"product_tag":[],"class_list":{"0":"post-28331","1":"product","2":"type-product","3":"status-publish","4":"has-post-thumbnail","6":"product_cat-pistolu-putas","7":"product_cat-logi-un-durvis-1","8":"product_cat-celtniecibas-putas","10":"first","11":"instock","12":"sale","13":"taxable","14":"shipping-taxable","15":"purchasable","16":"product-type-simple"},"acf":[],"yoast_head":"<!-- This site is optimized with the Yoast SEO plugin v27.4 - https:\/\/yoast.com\/product\/yoast-seo-wordpress\/ -->\n<title>Penosil Elastic Gunfoam 198 elast\u012bgas mont\u0101\u017eas putas logiem<\/title>\n<meta name=\"description\" content=\"Vienkomponenta poliuret\u0101na mont\u0101\u017eas putas spiedienjut\u012bgu, kust\u012bgu savienojumu un caurlaidumu bl\u012bv\u0113\u0161anai bl\u012bv\u0113\u0161anai. Uzzin\u0101t vair\u0101k!\" \/>\n<meta name=\"robots\" content=\"index, follow, max-snippet:-1, max-image-preview:large, max-video-preview:-1\" \/>\n<link rel=\"canonical\" href=\"https:\/\/penosil.com\/lv\/produkt\/elastic-gunfoam-198-elastigas-montazas-putas\/\" \/>\n<meta property=\"og:locale\" content=\"lv_LV\" \/>\n<meta property=\"og:type\" content=\"article\" \/>\n<meta property=\"og:title\" content=\"Penosil Elastic Gunfoam 198 elast\u012bgas mont\u0101\u017eas putas logiem\" \/>\n<meta property=\"og:description\" content=\"Vienkomponenta poliuret\u0101na mont\u0101\u017eas putas spiedienjut\u012bgu, kust\u012bgu savienojumu un caurlaidumu bl\u012bv\u0113\u0161anai bl\u012bv\u0113\u0161anai. Uzzin\u0101t vair\u0101k!\" \/>\n<meta property=\"og:url\" content=\"https:\/\/penosil.com\/lv\/produkt\/elastic-gunfoam-198-elastigas-montazas-putas\/\" \/>\n<meta property=\"og:site_name\" content=\"Penosil Latvia\" \/>\n<meta property=\"article:modified_time\" content=\"2026-04-29T06:21:36+00:00\" \/>\n<meta property=\"og:image\" content=\"https:\/\/penosil.com\/lv\/wp-content\/uploads\/sites\/31\/2026\/03\/198_Elastic_Gunfoam_198_LT-LV2028229.png\" \/>\n\t<meta property=\"og:image:width\" content=\"523\" \/>\n\t<meta property=\"og:image:height\" content=\"1080\" \/>\n\t<meta property=\"og:image:type\" content=\"image\/png\" \/>\n<meta name=\"twitter:card\" content=\"summary_large_image\" \/>\n<meta name=\"twitter:label1\" content=\"Est. reading time\" \/>\n\t<meta name=\"twitter:data1\" content=\"5 minutes\" \/>\n<script type=\"application\/ld+json\" class=\"yoast-schema-graph\">{\"@context\":\"https:\\\/\\\/schema.org\",\"@graph\":[{\"@type\":\"WebPage\",\"@id\":\"https:\\\/\\\/penosil.com\\\/lv\\\/produkt\\\/elastic-gunfoam-198-elastigas-montazas-putas\\\/\",\"url\":\"https:\\\/\\\/penosil.com\\\/lv\\\/produkt\\\/elastic-gunfoam-198-elastigas-montazas-putas\\\/\",\"name\":\"Penosil Elastic Gunfoam 198 elast\u012bgas mont\u0101\u017eas putas logiem\",\"isPartOf\":{\"@id\":\"https:\\\/\\\/penosil.com\\\/lv\\\/#website\"},\"primaryImageOfPage\":{\"@id\":\"https:\\\/\\\/penosil.com\\\/lv\\\/produkt\\\/elastic-gunfoam-198-elastigas-montazas-putas\\\/#primaryimage\"},\"image\":{\"@id\":\"https:\\\/\\\/penosil.com\\\/lv\\\/produkt\\\/elastic-gunfoam-198-elastigas-montazas-putas\\\/#primaryimage\"},\"thumbnailUrl\":\"https:\\\/\\\/penosil.com\\\/lv\\\/wp-content\\\/uploads\\\/sites\\\/31\\\/2026\\\/03\\\/198_Elastic_Gunfoam_198_LT-LV2028229.png\",\"datePublished\":\"2022-05-17T09:57:02+00:00\",\"dateModified\":\"2026-04-29T06:21:36+00:00\",\"description\":\"Vienkomponenta poliuret\u0101na mont\u0101\u017eas putas spiedienjut\u012bgu, kust\u012bgu savienojumu un caurlaidumu bl\u012bv\u0113\u0161anai bl\u012bv\u0113\u0161anai. Uzzin\u0101t vair\u0101k!\",\"breadcrumb\":{\"@id\":\"https:\\\/\\\/penosil.com\\\/lv\\\/produkt\\\/elastic-gunfoam-198-elastigas-montazas-putas\\\/#breadcrumb\"},\"inLanguage\":\"lv-LV\",\"potentialAction\":[{\"@type\":\"ReadAction\",\"target\":[\"https:\\\/\\\/penosil.com\\\/lv\\\/produkt\\\/elastic-gunfoam-198-elastigas-montazas-putas\\\/\"]}]},{\"@type\":\"ImageObject\",\"inLanguage\":\"lv-LV\",\"@id\":\"https:\\\/\\\/penosil.com\\\/lv\\\/produkt\\\/elastic-gunfoam-198-elastigas-montazas-putas\\\/#primaryimage\",\"url\":\"https:\\\/\\\/penosil.com\\\/lv\\\/wp-content\\\/uploads\\\/sites\\\/31\\\/2026\\\/03\\\/198_Elastic_Gunfoam_198_LT-LV2028229.png\",\"contentUrl\":\"https:\\\/\\\/penosil.com\\\/lv\\\/wp-content\\\/uploads\\\/sites\\\/31\\\/2026\\\/03\\\/198_Elastic_Gunfoam_198_LT-LV2028229.png\",\"width\":523,\"height\":1080},{\"@type\":\"BreadcrumbList\",\"@id\":\"https:\\\/\\\/penosil.com\\\/lv\\\/produkt\\\/elastic-gunfoam-198-elastigas-montazas-putas\\\/#breadcrumb\",\"itemListElement\":[{\"@type\":\"ListItem\",\"position\":1,\"name\":\"S\u0101kums\",\"item\":\"https:\\\/\\\/penosil.com\\\/lv\\\/\"},{\"@type\":\"ListItem\",\"position\":2,\"name\":\"Produkti\",\"item\":\"https:\\\/\\\/penosil.com\\\/lv\\\/produkti\\\/\"},{\"@type\":\"ListItem\",\"position\":3,\"name\":\"Elastic Gunfoam 198\"}]},{\"@type\":\"WebSite\",\"@id\":\"https:\\\/\\\/penosil.com\\\/lv\\\/#website\",\"url\":\"https:\\\/\\\/penosil.com\\\/lv\\\/\",\"name\":\"Penosil Latvia\",\"description\":\"\",\"potentialAction\":[{\"@type\":\"SearchAction\",\"target\":{\"@type\":\"EntryPoint\",\"urlTemplate\":\"https:\\\/\\\/penosil.com\\\/lv\\\/?s={search_term_string}\"},\"query-input\":{\"@type\":\"PropertyValueSpecification\",\"valueRequired\":true,\"valueName\":\"search_term_string\"}}],\"inLanguage\":\"lv-LV\"}]}<\/script>\n<!-- \/ Yoast SEO plugin. -->","yoast_head_json":{"title":"Penosil Elastic Gunfoam 198 elast\u012bgas mont\u0101\u017eas putas logiem","description":"Vienkomponenta poliuret\u0101na mont\u0101\u017eas putas spiedienjut\u012bgu, kust\u012bgu savienojumu un caurlaidumu bl\u012bv\u0113\u0161anai bl\u012bv\u0113\u0161anai. Uzzin\u0101t vair\u0101k!","robots":{"index":"index","follow":"follow","max-snippet":"max-snippet:-1","max-image-preview":"max-image-preview:large","max-video-preview":"max-video-preview:-1"},"canonical":"https:\/\/penosil.com\/lv\/produkt\/elastic-gunfoam-198-elastigas-montazas-putas\/","og_locale":"lv_LV","og_type":"article","og_title":"Penosil Elastic Gunfoam 198 elast\u012bgas mont\u0101\u017eas putas logiem","og_description":"Vienkomponenta poliuret\u0101na mont\u0101\u017eas putas spiedienjut\u012bgu, kust\u012bgu savienojumu un caurlaidumu bl\u012bv\u0113\u0161anai bl\u012bv\u0113\u0161anai. Uzzin\u0101t vair\u0101k!","og_url":"https:\/\/penosil.com\/lv\/produkt\/elastic-gunfoam-198-elastigas-montazas-putas\/","og_site_name":"Penosil Latvia","article_modified_time":"2026-04-29T06:21:36+00:00","og_image":[{"width":523,"height":1080,"url":"https:\/\/penosil.com\/lv\/wp-content\/uploads\/sites\/31\/2026\/03\/198_Elastic_Gunfoam_198_LT-LV2028229.png","type":"image\/png"}],"twitter_card":"summary_large_image","twitter_misc":{"Est. reading time":"5 minutes"},"schema":{"@context":"https:\/\/schema.org","@graph":[{"@type":"WebPage","@id":"https:\/\/penosil.com\/lv\/produkt\/elastic-gunfoam-198-elastigas-montazas-putas\/","url":"https:\/\/penosil.com\/lv\/produkt\/elastic-gunfoam-198-elastigas-montazas-putas\/","name":"Penosil Elastic Gunfoam 198 elast\u012bgas mont\u0101\u017eas putas logiem","isPartOf":{"@id":"https:\/\/penosil.com\/lv\/#website"},"primaryImageOfPage":{"@id":"https:\/\/penosil.com\/lv\/produkt\/elastic-gunfoam-198-elastigas-montazas-putas\/#primaryimage"},"image":{"@id":"https:\/\/penosil.com\/lv\/produkt\/elastic-gunfoam-198-elastigas-montazas-putas\/#primaryimage"},"thumbnailUrl":"https:\/\/penosil.com\/lv\/wp-content\/uploads\/sites\/31\/2026\/03\/198_Elastic_Gunfoam_198_LT-LV2028229.png","datePublished":"2022-05-17T09:57:02+00:00","dateModified":"2026-04-29T06:21:36+00:00","description":"Vienkomponenta poliuret\u0101na mont\u0101\u017eas putas spiedienjut\u012bgu, kust\u012bgu savienojumu un caurlaidumu bl\u012bv\u0113\u0161anai bl\u012bv\u0113\u0161anai. Uzzin\u0101t vair\u0101k!","breadcrumb":{"@id":"https:\/\/penosil.com\/lv\/produkt\/elastic-gunfoam-198-elastigas-montazas-putas\/#breadcrumb"},"inLanguage":"lv-LV","potentialAction":[{"@type":"ReadAction","target":["https:\/\/penosil.com\/lv\/produkt\/elastic-gunfoam-198-elastigas-montazas-putas\/"]}]},{"@type":"ImageObject","inLanguage":"lv-LV","@id":"https:\/\/penosil.com\/lv\/produkt\/elastic-gunfoam-198-elastigas-montazas-putas\/#primaryimage","url":"https:\/\/penosil.com\/lv\/wp-content\/uploads\/sites\/31\/2026\/03\/198_Elastic_Gunfoam_198_LT-LV2028229.png","contentUrl":"https:\/\/penosil.com\/lv\/wp-content\/uploads\/sites\/31\/2026\/03\/198_Elastic_Gunfoam_198_LT-LV2028229.png","width":523,"height":1080},{"@type":"BreadcrumbList","@id":"https:\/\/penosil.com\/lv\/produkt\/elastic-gunfoam-198-elastigas-montazas-putas\/#breadcrumb","itemListElement":[{"@type":"ListItem","position":1,"name":"S\u0101kums","item":"https:\/\/penosil.com\/lv\/"},{"@type":"ListItem","position":2,"name":"Produkti","item":"https:\/\/penosil.com\/lv\/produkti\/"},{"@type":"ListItem","position":3,"name":"Elastic Gunfoam 198"}]},{"@type":"WebSite","@id":"https:\/\/penosil.com\/lv\/#website","url":"https:\/\/penosil.com\/lv\/","name":"Penosil Latvia","description":"","potentialAction":[{"@type":"SearchAction","target":{"@type":"EntryPoint","urlTemplate":"https:\/\/penosil.com\/lv\/?s={search_term_string}"},"query-input":{"@type":"PropertyValueSpecification","valueRequired":true,"valueName":"search_term_string"}}],"inLanguage":"lv-LV"}]}},"featured_img":"https:\/\/penosil.com\/lv\/wp-content\/uploads\/sites\/31\/2026\/03\/198_Elastic_Gunfoam_198_LT-LV2028229.png","coauthors":[],"author_meta":{"author_link":"https:\/\/penosil.com\/lv\/author\/olgakucmasova\/","display_name":"olgakucmasova"},"relative_dates":{"created":"Posted 4 years ago","modified":"Updated 4 days ago"},"absolute_dates":{"created":"Posted on May 17, 2022","modified":"Updated on April 29, 2026"},"absolute_dates_time":{"created":"Posted on May 17, 2022 9:57 am","modified":"Updated on April 29, 2026 6:21 am"},"featured_img_caption":"","tax_additional":{"product_brand":{"linked":[],"unlinked":[],"slug":"product_brand","name":"Brands"},"product_type":{"linked":["<a href=\"https:\/\/penosil.com\/lv\/?taxonomy=product_type&#038;term=simple\" class=\"advgb-post-tax-term\">simple<\/a>"],"unlinked":["<span class=\"advgb-post-tax-term\">simple<\/span>"],"slug":"product_type","name":"Product type"},"product_visibility":{"linked":[],"unlinked":[],"slug":"product_visibility","name":"Product visibility"},"product_cat":{"linked":["<a href=\"https:\/\/penosil.com\/lv\/produkti\/produktu-grupas\/celtniecibas-putas\/pistolu-putas\/\" class=\"advgb-post-tax-term\">Pisto\u013cputas<\/a>","<a href=\"https:\/\/penosil.com\/lv\/produkti\/pielietojums\/logi-un-durvis-1\/\" class=\"advgb-post-tax-term\">Logi un durvis<\/a>","<a href=\"https:\/\/penosil.com\/lv\/produkti\/produktu-grupas\/celtniecibas-putas\/\" class=\"advgb-post-tax-term\">Celtniec\u012bbas putas<\/a>"],"unlinked":["<span class=\"advgb-post-tax-term\">Pisto\u013cputas<\/span>","<span class=\"advgb-post-tax-term\">Logi un durvis<\/span>","<span class=\"advgb-post-tax-term\">Celtniec\u012bbas putas<\/span>"],"slug":"product_cat","name":"Product categories"},"product_tag":{"linked":[],"unlinked":[],"slug":"product_tag","name":"Product tags"},"product_shipping_class":{"linked":[],"unlinked":[],"slug":"product_shipping_class","name":"Product shipping classes"},"pos_product_visibility":{"linked":[],"unlinked":[],"slug":"pos_product_visibility","name":"POS Product visibility"},"pa_color":{"linked":["<a href=\"https:\/\/penosil.com\/lv\/?taxonomy=pa_color&#038;term=green-lv-2\" class=\"advgb-post-tax-term\">Za\u013c\u0161<\/a>"],"unlinked":["<span class=\"advgb-post-tax-term\">Za\u013c\u0161<\/span>"],"slug":"pa_color","name":"Product Colour"},"pa_diameter":{"linked":[],"unlinked":[],"slug":"pa_diameter","name":"Product Diameter"},"pa_package":{"linked":["<a href=\"https:\/\/penosil.com\/lv\/?taxonomy=pa_package&#038;term=1000-ml-lv-2\" class=\"advgb-post-tax-term\">1000 ml<\/a>"],"unlinked":["<span class=\"advgb-post-tax-term\">1000 ml<\/span>"],"slug":"pa_package","name":"Product Package"},"pa_roll":{"linked":[],"unlinked":[],"slug":"pa_roll","name":"Product Roll"},"pa_widths":{"linked":[],"unlinked":[],"slug":"pa_widths","name":"Product Widths"},"translation_priority":{"linked":["<a href=\"https:\/\/penosil.com\/lv\/?taxonomy=translation_priority&#038;term=optional-lv\" class=\"advgb-post-tax-term\">Optional<\/a>"],"unlinked":["<span class=\"advgb-post-tax-term\">Optional<\/span>"],"slug":"translation_priority","name":"Translation Priorities"}},"series_order":"","_links":{"self":[{"href":"https:\/\/penosil.com\/lv\/wp-json\/wp\/v2\/product\/28331","targetHints":{"allow":["GET"]}}],"collection":[{"href":"https:\/\/penosil.com\/lv\/wp-json\/wp\/v2\/product"}],"about":[{"href":"https:\/\/penosil.com\/lv\/wp-json\/wp\/v2\/types\/product"}],"version-history":[{"count":9,"href":"https:\/\/penosil.com\/lv\/wp-json\/wp\/v2\/product\/28331\/revisions"}],"predecessor-version":[{"id":33432,"href":"https:\/\/penosil.com\/lv\/wp-json\/wp\/v2\/product\/28331\/revisions\/33432"}],"wp:featuredmedia":[{"embeddable":true,"href":"https:\/\/penosil.com\/lv\/wp-json\/wp\/v2\/media\/33152"}],"wp:attachment":[{"href":"https:\/\/penosil.com\/lv\/wp-json\/wp\/v2\/media?parent=28331"}],"wp:term":[{"taxonomy":"product_brand","embeddable":true,"href":"https:\/\/penosil.com\/lv\/wp-json\/wp\/v2\/product_brand?post=28331"},{"taxonomy":"product_cat","embeddable":true,"href":"https:\/\/penosil.com\/lv\/wp-json\/wp\/v2\/product_cat?post=28331"},{"taxonomy":"product_tag","embeddable":true,"href":"https:\/\/penosil.com\/lv\/wp-json\/wp\/v2\/product_tag?post=28331"}],"curies":[{"name":"wp","href":"https:\/\/api.w.org\/{rel}","templated":true}]}}