{"id":28355,"date":"2022-06-01T10:54:05","date_gmt":"2022-06-01T10:54:05","guid":{"rendered":"https:\/\/penosil.com\/lv\/?post_type=product&#038;p=28355"},"modified":"2026-04-01T09:57:01","modified_gmt":"2026-04-01T09:57:01","slug":"all-weather-sealant-919-hermetikis-ar-tuliteju-uzdensizturibu","status":"publish","type":"product","link":"https:\/\/penosil.com\/lv\/produkt\/all-weather-sealant-919-hermetikis-ar-tuliteju-uzdensizturibu\/","title":{"rendered":"All Weather Sealant 919"},"content":{"rendered":"<p>PENOSIL All Weather Sealant 919 ir herm\u0113ti\u0137is ar t\u016bl\u012bt\u0113ju \u016bdensiztur\u012bbu uz gumijas b\u0101zes. Nesatur silikonu, var tikt izmantots \u0101triem fas\u0101\u017eu un jumtu remonta darbiem pat lietus laik\u0101. Laba sa\u0137ere ar visbie\u017e\u0101k sastopamajiem jumta seguma materi\u0101liem. Var izmantot ar\u012b uz mitr\u0101m, nedaudz e\u013c\u013cain\u0101m vai bitumena virsm\u0101m.<\/p>\n","protected":false},"excerpt":{"rendered":"herm\u0113ti\u0137is ar t\u016bl\u012bt\u0113ju \u016bdensiztur\u012bbu","protected":false},"author":18,"featured_media":32095,"template":"","meta":{"_acf_changed":false,"advgb_blocks_editor_width":"","advgb_blocks_columns_visual_guide":"","footnotes":""},"product_brand":[],"product_cat":[1082,1605,2597],"product_tag":[],"class_list":{"0":"post-28355","1":"product","2":"type-product","3":"status-publish","4":"has-post-thumbnail","6":"product_cat-jumti-un-fasades-1","7":"product_cat-hermetiki-un-mastikas","8":"product_cat-hermetiki-uz-skidinataja-bazes","10":"first","11":"instock","12":"taxable","13":"shipping-taxable","14":"purchasable","15":"product-type-variable"},"acf":[],"yoast_head":"<!-- This site is optimized with the Yoast SEO plugin v27.2 - https:\/\/yoast.com\/product\/yoast-seo-wordpress\/ -->\n<title>Penosil All Weather Sealant 919 Herm\u0113ti\u0137is ar t\u016bl\u012bt\u0113ju \u016bdensiztur\u012bbu<\/title>\n<meta name=\"description\" content=\"PENOSIL All Weather Sealant 919 herm\u0113ti\u0137is ar t\u016bl\u012bt\u0113ju \u016bdensiztur\u012bbu ar labu sa\u0137eri ar liel\u0101ko da\u013cu materi\u0101lu. Uzzin\u0101t vair\u0101k!\" \/>\n<meta name=\"robots\" content=\"index, follow, max-snippet:-1, max-image-preview:large, max-video-preview:-1\" \/>\n<link rel=\"canonical\" href=\"https:\/\/penosil.com\/lv\/produkt\/all-weather-sealant-919-hermetikis-ar-tuliteju-uzdensizturibu\/\" \/>\n<meta property=\"og:locale\" content=\"lv_LV\" \/>\n<meta property=\"og:type\" content=\"article\" \/>\n<meta property=\"og:title\" content=\"Penosil All Weather Sealant 919 Herm\u0113ti\u0137is ar t\u016bl\u012bt\u0113ju \u016bdensiztur\u012bbu\" \/>\n<meta property=\"og:description\" content=\"PENOSIL All Weather Sealant 919 herm\u0113ti\u0137is ar t\u016bl\u012bt\u0113ju \u016bdensiztur\u012bbu ar labu sa\u0137eri ar liel\u0101ko da\u013cu materi\u0101lu. Uzzin\u0101t vair\u0101k!\" \/>\n<meta property=\"og:url\" content=\"https:\/\/penosil.com\/lv\/produkt\/all-weather-sealant-919-hermetikis-ar-tuliteju-uzdensizturibu\/\" \/>\n<meta property=\"og:site_name\" content=\"Penosil Latvia\" \/>\n<meta property=\"article:modified_time\" content=\"2026-04-01T09:57:01+00:00\" \/>\n<meta property=\"og:image\" content=\"https:\/\/penosil.com\/lv\/wp-content\/uploads\/sites\/31\/2025\/05\/919_All_Weather_Sealant_919_LT_LV.png\" \/>\n\t<meta property=\"og:image:width\" content=\"870\" \/>\n\t<meta property=\"og:image:height\" content=\"2430\" \/>\n\t<meta property=\"og:image:type\" content=\"image\/png\" \/>\n<meta name=\"twitter:card\" content=\"summary_large_image\" \/>\n<meta name=\"twitter:label1\" content=\"Est. reading time\" \/>\n\t<meta name=\"twitter:data1\" content=\"4 minutes\" \/>\n<script type=\"application\/ld+json\" class=\"yoast-schema-graph\">{\"@context\":\"https:\/\/schema.org\",\"@graph\":[{\"@type\":\"WebPage\",\"@id\":\"https:\/\/penosil.com\/lv\/produkt\/all-weather-sealant-919-hermetikis-ar-tuliteju-uzdensizturibu\/\",\"url\":\"https:\/\/penosil.com\/lv\/produkt\/all-weather-sealant-919-hermetikis-ar-tuliteju-uzdensizturibu\/\",\"name\":\"Penosil All Weather Sealant 919 Herm\u0113ti\u0137is ar t\u016bl\u012bt\u0113ju \u016bdensiztur\u012bbu\",\"isPartOf\":{\"@id\":\"https:\/\/penosil.com\/lv\/#website\"},\"primaryImageOfPage\":{\"@id\":\"https:\/\/penosil.com\/lv\/produkt\/all-weather-sealant-919-hermetikis-ar-tuliteju-uzdensizturibu\/#primaryimage\"},\"image\":{\"@id\":\"https:\/\/penosil.com\/lv\/produkt\/all-weather-sealant-919-hermetikis-ar-tuliteju-uzdensizturibu\/#primaryimage\"},\"thumbnailUrl\":\"https:\/\/penosil.com\/lv\/wp-content\/uploads\/sites\/31\/2025\/05\/919_All_Weather_Sealant_919_LT_LV.png\",\"datePublished\":\"2022-06-01T10:54:05+00:00\",\"dateModified\":\"2026-04-01T09:57:01+00:00\",\"description\":\"PENOSIL All Weather Sealant 919 herm\u0113ti\u0137is ar t\u016bl\u012bt\u0113ju \u016bdensiztur\u012bbu ar labu sa\u0137eri ar liel\u0101ko da\u013cu materi\u0101lu. Uzzin\u0101t vair\u0101k!\",\"breadcrumb\":{\"@id\":\"https:\/\/penosil.com\/lv\/produkt\/all-weather-sealant-919-hermetikis-ar-tuliteju-uzdensizturibu\/#breadcrumb\"},\"inLanguage\":\"lv-LV\",\"potentialAction\":[{\"@type\":\"ReadAction\",\"target\":[\"https:\/\/penosil.com\/lv\/produkt\/all-weather-sealant-919-hermetikis-ar-tuliteju-uzdensizturibu\/\"]}]},{\"@type\":\"ImageObject\",\"inLanguage\":\"lv-LV\",\"@id\":\"https:\/\/penosil.com\/lv\/produkt\/all-weather-sealant-919-hermetikis-ar-tuliteju-uzdensizturibu\/#primaryimage\",\"url\":\"https:\/\/penosil.com\/lv\/wp-content\/uploads\/sites\/31\/2025\/05\/919_All_Weather_Sealant_919_LT_LV.png\",\"contentUrl\":\"https:\/\/penosil.com\/lv\/wp-content\/uploads\/sites\/31\/2025\/05\/919_All_Weather_Sealant_919_LT_LV.png\",\"width\":870,\"height\":2430},{\"@type\":\"BreadcrumbList\",\"@id\":\"https:\/\/penosil.com\/lv\/produkt\/all-weather-sealant-919-hermetikis-ar-tuliteju-uzdensizturibu\/#breadcrumb\",\"itemListElement\":[{\"@type\":\"ListItem\",\"position\":1,\"name\":\"S\u0101kums\",\"item\":\"https:\/\/penosil.com\/lv\/\"},{\"@type\":\"ListItem\",\"position\":2,\"name\":\"Produkti\",\"item\":\"https:\/\/penosil.com\/lv\/produkti\/\"},{\"@type\":\"ListItem\",\"position\":3,\"name\":\"All Weather Sealant 919\"}]},{\"@type\":\"WebSite\",\"@id\":\"https:\/\/penosil.com\/lv\/#website\",\"url\":\"https:\/\/penosil.com\/lv\/\",\"name\":\"Penosil Latvia\",\"description\":\"\",\"potentialAction\":[{\"@type\":\"SearchAction\",\"target\":{\"@type\":\"EntryPoint\",\"urlTemplate\":\"https:\/\/penosil.com\/lv\/?s={search_term_string}\"},\"query-input\":{\"@type\":\"PropertyValueSpecification\",\"valueRequired\":true,\"valueName\":\"search_term_string\"}}],\"inLanguage\":\"lv-LV\"}]}<\/script>\n<!-- \/ Yoast SEO plugin. -->","yoast_head_json":{"title":"Penosil All Weather Sealant 919 Herm\u0113ti\u0137is ar t\u016bl\u012bt\u0113ju \u016bdensiztur\u012bbu","description":"PENOSIL All Weather Sealant 919 herm\u0113ti\u0137is ar t\u016bl\u012bt\u0113ju \u016bdensiztur\u012bbu ar labu sa\u0137eri ar liel\u0101ko da\u013cu materi\u0101lu. Uzzin\u0101t vair\u0101k!","robots":{"index":"index","follow":"follow","max-snippet":"max-snippet:-1","max-image-preview":"max-image-preview:large","max-video-preview":"max-video-preview:-1"},"canonical":"https:\/\/penosil.com\/lv\/produkt\/all-weather-sealant-919-hermetikis-ar-tuliteju-uzdensizturibu\/","og_locale":"lv_LV","og_type":"article","og_title":"Penosil All Weather Sealant 919 Herm\u0113ti\u0137is ar t\u016bl\u012bt\u0113ju \u016bdensiztur\u012bbu","og_description":"PENOSIL All Weather Sealant 919 herm\u0113ti\u0137is ar t\u016bl\u012bt\u0113ju \u016bdensiztur\u012bbu ar labu sa\u0137eri ar liel\u0101ko da\u013cu materi\u0101lu. Uzzin\u0101t vair\u0101k!","og_url":"https:\/\/penosil.com\/lv\/produkt\/all-weather-sealant-919-hermetikis-ar-tuliteju-uzdensizturibu\/","og_site_name":"Penosil Latvia","article_modified_time":"2026-04-01T09:57:01+00:00","og_image":[{"width":870,"height":2430,"url":"https:\/\/penosil.com\/lv\/wp-content\/uploads\/sites\/31\/2025\/05\/919_All_Weather_Sealant_919_LT_LV.png","type":"image\/png"}],"twitter_card":"summary_large_image","twitter_misc":{"Est. reading time":"4 minutes"},"schema":{"@context":"https:\/\/schema.org","@graph":[{"@type":"WebPage","@id":"https:\/\/penosil.com\/lv\/produkt\/all-weather-sealant-919-hermetikis-ar-tuliteju-uzdensizturibu\/","url":"https:\/\/penosil.com\/lv\/produkt\/all-weather-sealant-919-hermetikis-ar-tuliteju-uzdensizturibu\/","name":"Penosil All Weather Sealant 919 Herm\u0113ti\u0137is ar t\u016bl\u012bt\u0113ju \u016bdensiztur\u012bbu","isPartOf":{"@id":"https:\/\/penosil.com\/lv\/#website"},"primaryImageOfPage":{"@id":"https:\/\/penosil.com\/lv\/produkt\/all-weather-sealant-919-hermetikis-ar-tuliteju-uzdensizturibu\/#primaryimage"},"image":{"@id":"https:\/\/penosil.com\/lv\/produkt\/all-weather-sealant-919-hermetikis-ar-tuliteju-uzdensizturibu\/#primaryimage"},"thumbnailUrl":"https:\/\/penosil.com\/lv\/wp-content\/uploads\/sites\/31\/2025\/05\/919_All_Weather_Sealant_919_LT_LV.png","datePublished":"2022-06-01T10:54:05+00:00","dateModified":"2026-04-01T09:57:01+00:00","description":"PENOSIL All Weather Sealant 919 herm\u0113ti\u0137is ar t\u016bl\u012bt\u0113ju \u016bdensiztur\u012bbu ar labu sa\u0137eri ar liel\u0101ko da\u013cu materi\u0101lu. Uzzin\u0101t vair\u0101k!","breadcrumb":{"@id":"https:\/\/penosil.com\/lv\/produkt\/all-weather-sealant-919-hermetikis-ar-tuliteju-uzdensizturibu\/#breadcrumb"},"inLanguage":"lv-LV","potentialAction":[{"@type":"ReadAction","target":["https:\/\/penosil.com\/lv\/produkt\/all-weather-sealant-919-hermetikis-ar-tuliteju-uzdensizturibu\/"]}]},{"@type":"ImageObject","inLanguage":"lv-LV","@id":"https:\/\/penosil.com\/lv\/produkt\/all-weather-sealant-919-hermetikis-ar-tuliteju-uzdensizturibu\/#primaryimage","url":"https:\/\/penosil.com\/lv\/wp-content\/uploads\/sites\/31\/2025\/05\/919_All_Weather_Sealant_919_LT_LV.png","contentUrl":"https:\/\/penosil.com\/lv\/wp-content\/uploads\/sites\/31\/2025\/05\/919_All_Weather_Sealant_919_LT_LV.png","width":870,"height":2430},{"@type":"BreadcrumbList","@id":"https:\/\/penosil.com\/lv\/produkt\/all-weather-sealant-919-hermetikis-ar-tuliteju-uzdensizturibu\/#breadcrumb","itemListElement":[{"@type":"ListItem","position":1,"name":"S\u0101kums","item":"https:\/\/penosil.com\/lv\/"},{"@type":"ListItem","position":2,"name":"Produkti","item":"https:\/\/penosil.com\/lv\/produkti\/"},{"@type":"ListItem","position":3,"name":"All Weather Sealant 919"}]},{"@type":"WebSite","@id":"https:\/\/penosil.com\/lv\/#website","url":"https:\/\/penosil.com\/lv\/","name":"Penosil Latvia","description":"","potentialAction":[{"@type":"SearchAction","target":{"@type":"EntryPoint","urlTemplate":"https:\/\/penosil.com\/lv\/?s={search_term_string}"},"query-input":{"@type":"PropertyValueSpecification","valueRequired":true,"valueName":"search_term_string"}}],"inLanguage":"lv-LV"}]}},"featured_img":"https:\/\/penosil.com\/lv\/wp-content\/uploads\/sites\/31\/2025\/05\/919_All_Weather_Sealant_919_LT_LV.png","coauthors":[],"author_meta":{"author_link":"https:\/\/penosil.com\/lv\/author\/olgakucmasova\/","display_name":"olgakucmasova"},"relative_dates":{"created":"Posted 4 years ago","modified":"Updated 2 weeks ago"},"absolute_dates":{"created":"Posted on June 1, 2022","modified":"Updated on April 1, 2026"},"absolute_dates_time":{"created":"Posted on June 1, 2022 10:54 am","modified":"Updated on April 1, 2026 9:57 am"},"featured_img_caption":"","tax_additional":{"product_brand":{"linked":[],"unlinked":[],"slug":"product_brand","name":"Brands"},"product_type":{"linked":["<a href=\"https:\/\/penosil.com\/lv\/?taxonomy=product_type&#038;term=variable\" class=\"advgb-post-tax-term\">variable<\/a>"],"unlinked":["<span class=\"advgb-post-tax-term\">variable<\/span>"],"slug":"product_type","name":"Product type"},"product_visibility":{"linked":[],"unlinked":[],"slug":"product_visibility","name":"Product visibility"},"product_cat":{"linked":["<a href=\"https:\/\/penosil.com\/lv\/produkti\/pielietojums\/jumti-un-fasades-1\/\" class=\"advgb-post-tax-term\">Jumti un fas\u0101des<\/a>","<a href=\"https:\/\/penosil.com\/lv\/produkti\/produktu-grupas\/hermetiki-un-mastikas\/\" class=\"advgb-post-tax-term\">Herm\u0113ti\u0137i un mastikas<\/a>","<a href=\"https:\/\/penosil.com\/lv\/produkti\/produktu-grupas\/hermetiki-un-mastikas\/hermetiki-uz-skidinataja-bazes\/\" class=\"advgb-post-tax-term\">Herm\u0113ti\u0137i uz \u0161\u0137\u012bdin\u0101t\u0101ja b\u0101zes<\/a>"],"unlinked":["<span class=\"advgb-post-tax-term\">Jumti un fas\u0101des<\/span>","<span class=\"advgb-post-tax-term\">Herm\u0113ti\u0137i un mastikas<\/span>","<span class=\"advgb-post-tax-term\">Herm\u0113ti\u0137i uz \u0161\u0137\u012bdin\u0101t\u0101ja b\u0101zes<\/span>"],"slug":"product_cat","name":"Product categories"},"product_tag":{"linked":[],"unlinked":[],"slug":"product_tag","name":"Product tags"},"product_shipping_class":{"linked":[],"unlinked":[],"slug":"product_shipping_class","name":"Product shipping classes"},"pos_product_visibility":{"linked":[],"unlinked":[],"slug":"pos_product_visibility","name":"POS Product visibility"},"pa_color":{"linked":["<a href=\"https:\/\/penosil.com\/lv\/?taxonomy=pa_color&#038;term=grey-lv-2\" class=\"advgb-post-tax-term\">Pel\u0113ks<\/a>","<a href=\"https:\/\/penosil.com\/lv\/?taxonomy=pa_color&#038;term=black-lv-2\" class=\"advgb-post-tax-term\">Melns<\/a>","<a href=\"https:\/\/penosil.com\/lv\/?taxonomy=pa_color&#038;term=transparent-lv-2\" class=\"advgb-post-tax-term\">Caursp\u012bd\u012bgs<\/a>","<a href=\"https:\/\/penosil.com\/lv\/?taxonomy=pa_color&#038;term=brown-lv-2\" class=\"advgb-post-tax-term\">Br\u016bns<\/a>"],"unlinked":["<span class=\"advgb-post-tax-term\">Pel\u0113ks<\/span>","<span class=\"advgb-post-tax-term\">Melns<\/span>","<span class=\"advgb-post-tax-term\">Caursp\u012bd\u012bgs<\/span>","<span class=\"advgb-post-tax-term\">Br\u016bns<\/span>"],"slug":"pa_color","name":"Product Colour"},"pa_diameter":{"linked":[],"unlinked":[],"slug":"pa_diameter","name":"Product Diameter"},"pa_package":{"linked":["<a href=\"https:\/\/penosil.com\/lv\/?taxonomy=pa_package&#038;term=300-ml-2\" class=\"advgb-post-tax-term\">300 ml<\/a>"],"unlinked":["<span class=\"advgb-post-tax-term\">300 ml<\/span>"],"slug":"pa_package","name":"Product Package"},"pa_roll":{"linked":[],"unlinked":[],"slug":"pa_roll","name":"Product Roll"},"pa_widths":{"linked":[],"unlinked":[],"slug":"pa_widths","name":"Product Widths"},"translation_priority":{"linked":["<a href=\"https:\/\/penosil.com\/lv\/?taxonomy=translation_priority&#038;term=optional-lv\" class=\"advgb-post-tax-term\">Optional<\/a>"],"unlinked":["<span class=\"advgb-post-tax-term\">Optional<\/span>"],"slug":"translation_priority","name":"Translation Priorities"}},"series_order":"","_links":{"self":[{"href":"https:\/\/penosil.com\/lv\/wp-json\/wp\/v2\/product\/28355","targetHints":{"allow":["GET"]}}],"collection":[{"href":"https:\/\/penosil.com\/lv\/wp-json\/wp\/v2\/product"}],"about":[{"href":"https:\/\/penosil.com\/lv\/wp-json\/wp\/v2\/types\/product"}],"version-history":[{"count":7,"href":"https:\/\/penosil.com\/lv\/wp-json\/wp\/v2\/product\/28355\/revisions"}],"predecessor-version":[{"id":32735,"href":"https:\/\/penosil.com\/lv\/wp-json\/wp\/v2\/product\/28355\/revisions\/32735"}],"wp:featuredmedia":[{"embeddable":true,"href":"https:\/\/penosil.com\/lv\/wp-json\/wp\/v2\/media\/32095"}],"wp:attachment":[{"href":"https:\/\/penosil.com\/lv\/wp-json\/wp\/v2\/media?parent=28355"}],"wp:term":[{"taxonomy":"product_brand","embeddable":true,"href":"https:\/\/penosil.com\/lv\/wp-json\/wp\/v2\/product_brand?post=28355"},{"taxonomy":"product_cat","embeddable":true,"href":"https:\/\/penosil.com\/lv\/wp-json\/wp\/v2\/product_cat?post=28355"},{"taxonomy":"product_tag","embeddable":true,"href":"https:\/\/penosil.com\/lv\/wp-json\/wp\/v2\/product_tag?post=28355"}],"curies":[{"name":"wp","href":"https:\/\/api.w.org\/{rel}","templated":true}]}}