{"id":28369,"date":"2022-06-16T13:34:31","date_gmt":"2022-06-16T13:34:31","guid":{"rendered":"https:\/\/penosil.com\/lv\/?post_type=product&#038;p=28369"},"modified":"2026-04-01T09:56:59","modified_gmt":"2026-04-01T09:56:59","slug":"sanitary-silacryl-elastic-633","status":"publish","type":"product","link":"https:\/\/penosil.com\/lv\/produkt\/sanitary-silacryl-elastic-633\/","title":{"rendered":"Sanitary SilAcryl Elastic 633"},"content":{"rendered":"<p>PENOSIL Sanitary SilAcryl Elastic 633 ir elast\u012bgi plastisks, silikoniz\u0113ts akrila herm\u0113ti\u0137is uz \u016bdens b\u0101zes da\u017e\u0101diem bl\u012bv\u0113\u0161anas un aizpild\u012b\u0161anas darbiem mitr\u0101s un slapj\u0101s viet\u0101s. Pievienotie fungic\u012bdi aizsarg\u0101 bl\u012bv\u0113t\u0101s virsmas no pel\u0113juma ra\u0161an\u0101s un ilgsto\u0161i saglab\u0101 t\u0101s baltas un t\u012bras.<\/p>\n","protected":false},"excerpt":{"rendered":"Silikoniz\u0113ts sanit\u0101rais akrila herm\u0113ti\u0137is","protected":false},"author":18,"featured_media":32298,"template":"","meta":{"_acf_changed":false,"advgb_blocks_editor_width":"","advgb_blocks_columns_visual_guide":"","footnotes":""},"product_brand":[],"product_cat":[1605,1629,1146],"product_tag":[],"class_list":{"0":"post-28369","1":"product","2":"type-product","3":"status-publish","4":"has-post-thumbnail","6":"product_cat-hermetiki-un-mastikas","7":"product_cat-akrili","8":"product_cat-sanitaras-telpas","10":"first","11":"instock","12":"taxable","13":"shipping-taxable","14":"purchasable","15":"product-type-simple"},"acf":[],"yoast_head":"<!-- This site is optimized with the Yoast SEO plugin v27.2 - https:\/\/yoast.com\/product\/yoast-seo-wordpress\/ -->\n<title>PENOSIL Sanitary SilAcryl Elastic 633 Silikoniz\u0113ts akrila herm\u0113ti\u0137is<\/title>\n<meta name=\"description\" content=\"Elast\u012bgi plastisks, silikoniz\u0113ts akrila herm\u0113ti\u0137is bl\u012bv\u0113\u0161anas un aizpild\u012b\u0161anas darbiem mitr\u0101s un slapj\u0101s viet\u0101s. Uzzin\u0101t vair\u0101k!\" \/>\n<meta name=\"robots\" content=\"index, follow, max-snippet:-1, max-image-preview:large, max-video-preview:-1\" \/>\n<link rel=\"canonical\" href=\"https:\/\/penosil.com\/lv\/produkt\/sanitary-silacryl-elastic-633\/\" \/>\n<meta property=\"og:locale\" content=\"lv_LV\" \/>\n<meta property=\"og:type\" content=\"article\" \/>\n<meta property=\"og:title\" content=\"PENOSIL Sanitary SilAcryl Elastic 633 Silikoniz\u0113ts akrila herm\u0113ti\u0137is\" \/>\n<meta property=\"og:description\" content=\"Elast\u012bgi plastisks, silikoniz\u0113ts akrila herm\u0113ti\u0137is bl\u012bv\u0113\u0161anas un aizpild\u012b\u0161anas darbiem mitr\u0101s un slapj\u0101s viet\u0101s. Uzzin\u0101t vair\u0101k!\" \/>\n<meta property=\"og:url\" content=\"https:\/\/penosil.com\/lv\/produkt\/sanitary-silacryl-elastic-633\/\" \/>\n<meta property=\"og:site_name\" content=\"Penosil Latvia\" \/>\n<meta property=\"article:modified_time\" content=\"2026-04-01T09:56:59+00:00\" \/>\n<meta property=\"og:image\" content=\"https:\/\/penosil.com\/lv\/wp-content\/uploads\/sites\/31\/2022\/06\/633_Sanitary_SilAcryl_Elastic_633_LT_LV-700x1955.png\" \/>\n\t<meta property=\"og:image:width\" content=\"700\" \/>\n\t<meta property=\"og:image:height\" content=\"1955\" \/>\n\t<meta property=\"og:image:type\" content=\"image\/png\" \/>\n<meta name=\"twitter:card\" content=\"summary_large_image\" \/>\n<meta name=\"twitter:label1\" content=\"Est. reading time\" \/>\n\t<meta name=\"twitter:data1\" content=\"3 minutes\" \/>\n<script type=\"application\/ld+json\" class=\"yoast-schema-graph\">{\"@context\":\"https:\/\/schema.org\",\"@graph\":[{\"@type\":\"WebPage\",\"@id\":\"https:\/\/penosil.com\/lv\/produkt\/sanitary-silacryl-elastic-633\/\",\"url\":\"https:\/\/penosil.com\/lv\/produkt\/sanitary-silacryl-elastic-633\/\",\"name\":\"PENOSIL Sanitary SilAcryl Elastic 633 Silikoniz\u0113ts akrila herm\u0113ti\u0137is\",\"isPartOf\":{\"@id\":\"https:\/\/penosil.com\/lv\/#website\"},\"primaryImageOfPage\":{\"@id\":\"https:\/\/penosil.com\/lv\/produkt\/sanitary-silacryl-elastic-633\/#primaryimage\"},\"image\":{\"@id\":\"https:\/\/penosil.com\/lv\/produkt\/sanitary-silacryl-elastic-633\/#primaryimage\"},\"thumbnailUrl\":\"https:\/\/penosil.com\/lv\/wp-content\/uploads\/sites\/31\/2025\/06\/633_Sanitary_SilAcryl_Elastic_633_LT_LV.png\",\"datePublished\":\"2022-06-16T13:34:31+00:00\",\"dateModified\":\"2026-04-01T09:56:59+00:00\",\"description\":\"Elast\u012bgi plastisks, silikoniz\u0113ts akrila herm\u0113ti\u0137is bl\u012bv\u0113\u0161anas un aizpild\u012b\u0161anas darbiem mitr\u0101s un slapj\u0101s viet\u0101s. Uzzin\u0101t vair\u0101k!\",\"breadcrumb\":{\"@id\":\"https:\/\/penosil.com\/lv\/produkt\/sanitary-silacryl-elastic-633\/#breadcrumb\"},\"inLanguage\":\"lv-LV\",\"potentialAction\":[{\"@type\":\"ReadAction\",\"target\":[\"https:\/\/penosil.com\/lv\/produkt\/sanitary-silacryl-elastic-633\/\"]}]},{\"@type\":\"ImageObject\",\"inLanguage\":\"lv-LV\",\"@id\":\"https:\/\/penosil.com\/lv\/produkt\/sanitary-silacryl-elastic-633\/#primaryimage\",\"url\":\"https:\/\/penosil.com\/lv\/wp-content\/uploads\/sites\/31\/2025\/06\/633_Sanitary_SilAcryl_Elastic_633_LT_LV.png\",\"contentUrl\":\"https:\/\/penosil.com\/lv\/wp-content\/uploads\/sites\/31\/2025\/06\/633_Sanitary_SilAcryl_Elastic_633_LT_LV.png\",\"width\":870,\"height\":2430},{\"@type\":\"BreadcrumbList\",\"@id\":\"https:\/\/penosil.com\/lv\/produkt\/sanitary-silacryl-elastic-633\/#breadcrumb\",\"itemListElement\":[{\"@type\":\"ListItem\",\"position\":1,\"name\":\"S\u0101kums\",\"item\":\"https:\/\/penosil.com\/lv\/\"},{\"@type\":\"ListItem\",\"position\":2,\"name\":\"Produkti\",\"item\":\"https:\/\/penosil.com\/lv\/produkti\/\"},{\"@type\":\"ListItem\",\"position\":3,\"name\":\"Sanitary SilAcryl Elastic 633\"}]},{\"@type\":\"WebSite\",\"@id\":\"https:\/\/penosil.com\/lv\/#website\",\"url\":\"https:\/\/penosil.com\/lv\/\",\"name\":\"Penosil Latvia\",\"description\":\"\",\"potentialAction\":[{\"@type\":\"SearchAction\",\"target\":{\"@type\":\"EntryPoint\",\"urlTemplate\":\"https:\/\/penosil.com\/lv\/?s={search_term_string}\"},\"query-input\":{\"@type\":\"PropertyValueSpecification\",\"valueRequired\":true,\"valueName\":\"search_term_string\"}}],\"inLanguage\":\"lv-LV\"}]}<\/script>\n<!-- \/ Yoast SEO plugin. -->","yoast_head_json":{"title":"PENOSIL Sanitary SilAcryl Elastic 633 Silikoniz\u0113ts akrila herm\u0113ti\u0137is","description":"Elast\u012bgi plastisks, silikoniz\u0113ts akrila herm\u0113ti\u0137is bl\u012bv\u0113\u0161anas un aizpild\u012b\u0161anas darbiem mitr\u0101s un slapj\u0101s viet\u0101s. Uzzin\u0101t vair\u0101k!","robots":{"index":"index","follow":"follow","max-snippet":"max-snippet:-1","max-image-preview":"max-image-preview:large","max-video-preview":"max-video-preview:-1"},"canonical":"https:\/\/penosil.com\/lv\/produkt\/sanitary-silacryl-elastic-633\/","og_locale":"lv_LV","og_type":"article","og_title":"PENOSIL Sanitary SilAcryl Elastic 633 Silikoniz\u0113ts akrila herm\u0113ti\u0137is","og_description":"Elast\u012bgi plastisks, silikoniz\u0113ts akrila herm\u0113ti\u0137is bl\u012bv\u0113\u0161anas un aizpild\u012b\u0161anas darbiem mitr\u0101s un slapj\u0101s viet\u0101s. Uzzin\u0101t vair\u0101k!","og_url":"https:\/\/penosil.com\/lv\/produkt\/sanitary-silacryl-elastic-633\/","og_site_name":"Penosil Latvia","article_modified_time":"2026-04-01T09:56:59+00:00","og_image":[{"width":700,"height":1955,"url":"https:\/\/penosil.com\/lv\/wp-content\/uploads\/sites\/31\/2022\/06\/633_Sanitary_SilAcryl_Elastic_633_LT_LV-700x1955.png","type":"image\/png"}],"twitter_card":"summary_large_image","twitter_misc":{"Est. reading time":"3 minutes"},"schema":{"@context":"https:\/\/schema.org","@graph":[{"@type":"WebPage","@id":"https:\/\/penosil.com\/lv\/produkt\/sanitary-silacryl-elastic-633\/","url":"https:\/\/penosil.com\/lv\/produkt\/sanitary-silacryl-elastic-633\/","name":"PENOSIL Sanitary SilAcryl Elastic 633 Silikoniz\u0113ts akrila herm\u0113ti\u0137is","isPartOf":{"@id":"https:\/\/penosil.com\/lv\/#website"},"primaryImageOfPage":{"@id":"https:\/\/penosil.com\/lv\/produkt\/sanitary-silacryl-elastic-633\/#primaryimage"},"image":{"@id":"https:\/\/penosil.com\/lv\/produkt\/sanitary-silacryl-elastic-633\/#primaryimage"},"thumbnailUrl":"https:\/\/penosil.com\/lv\/wp-content\/uploads\/sites\/31\/2025\/06\/633_Sanitary_SilAcryl_Elastic_633_LT_LV.png","datePublished":"2022-06-16T13:34:31+00:00","dateModified":"2026-04-01T09:56:59+00:00","description":"Elast\u012bgi plastisks, silikoniz\u0113ts akrila herm\u0113ti\u0137is bl\u012bv\u0113\u0161anas un aizpild\u012b\u0161anas darbiem mitr\u0101s un slapj\u0101s viet\u0101s. Uzzin\u0101t vair\u0101k!","breadcrumb":{"@id":"https:\/\/penosil.com\/lv\/produkt\/sanitary-silacryl-elastic-633\/#breadcrumb"},"inLanguage":"lv-LV","potentialAction":[{"@type":"ReadAction","target":["https:\/\/penosil.com\/lv\/produkt\/sanitary-silacryl-elastic-633\/"]}]},{"@type":"ImageObject","inLanguage":"lv-LV","@id":"https:\/\/penosil.com\/lv\/produkt\/sanitary-silacryl-elastic-633\/#primaryimage","url":"https:\/\/penosil.com\/lv\/wp-content\/uploads\/sites\/31\/2025\/06\/633_Sanitary_SilAcryl_Elastic_633_LT_LV.png","contentUrl":"https:\/\/penosil.com\/lv\/wp-content\/uploads\/sites\/31\/2025\/06\/633_Sanitary_SilAcryl_Elastic_633_LT_LV.png","width":870,"height":2430},{"@type":"BreadcrumbList","@id":"https:\/\/penosil.com\/lv\/produkt\/sanitary-silacryl-elastic-633\/#breadcrumb","itemListElement":[{"@type":"ListItem","position":1,"name":"S\u0101kums","item":"https:\/\/penosil.com\/lv\/"},{"@type":"ListItem","position":2,"name":"Produkti","item":"https:\/\/penosil.com\/lv\/produkti\/"},{"@type":"ListItem","position":3,"name":"Sanitary SilAcryl Elastic 633"}]},{"@type":"WebSite","@id":"https:\/\/penosil.com\/lv\/#website","url":"https:\/\/penosil.com\/lv\/","name":"Penosil Latvia","description":"","potentialAction":[{"@type":"SearchAction","target":{"@type":"EntryPoint","urlTemplate":"https:\/\/penosil.com\/lv\/?s={search_term_string}"},"query-input":{"@type":"PropertyValueSpecification","valueRequired":true,"valueName":"search_term_string"}}],"inLanguage":"lv-LV"}]}},"featured_img":"https:\/\/penosil.com\/lv\/wp-content\/uploads\/sites\/31\/2025\/06\/633_Sanitary_SilAcryl_Elastic_633_LT_LV.png","coauthors":[],"author_meta":{"author_link":"https:\/\/penosil.com\/lv\/author\/olgakucmasova\/","display_name":"olgakucmasova"},"relative_dates":{"created":"Posted 4 years ago","modified":"Updated 2 weeks ago"},"absolute_dates":{"created":"Posted on June 16, 2022","modified":"Updated on April 1, 2026"},"absolute_dates_time":{"created":"Posted on June 16, 2022 1:34 pm","modified":"Updated on April 1, 2026 9:56 am"},"featured_img_caption":"","tax_additional":{"product_brand":{"linked":[],"unlinked":[],"slug":"product_brand","name":"Brands"},"product_type":{"linked":["<a href=\"https:\/\/penosil.com\/lv\/?taxonomy=product_type&#038;term=simple\" class=\"advgb-post-tax-term\">simple<\/a>"],"unlinked":["<span class=\"advgb-post-tax-term\">simple<\/span>"],"slug":"product_type","name":"Product type"},"product_visibility":{"linked":[],"unlinked":[],"slug":"product_visibility","name":"Product visibility"},"product_cat":{"linked":["<a href=\"https:\/\/penosil.com\/lv\/produkti\/produktu-grupas\/hermetiki-un-mastikas\/\" class=\"advgb-post-tax-term\">Herm\u0113ti\u0137i un mastikas<\/a>","<a href=\"https:\/\/penosil.com\/lv\/produkti\/produktu-grupas\/hermetiki-un-mastikas\/akrili\/\" class=\"advgb-post-tax-term\">Akrila herm\u0113ti\u0137i<\/a>","<a href=\"https:\/\/penosil.com\/lv\/produkti\/pielietojums\/sanitaras-telpas\/\" class=\"advgb-post-tax-term\">Sanit\u0101r\u0101s telpas<\/a>"],"unlinked":["<span class=\"advgb-post-tax-term\">Herm\u0113ti\u0137i un mastikas<\/span>","<span class=\"advgb-post-tax-term\">Akrila herm\u0113ti\u0137i<\/span>","<span class=\"advgb-post-tax-term\">Sanit\u0101r\u0101s telpas<\/span>"],"slug":"product_cat","name":"Product categories"},"product_tag":{"linked":[],"unlinked":[],"slug":"product_tag","name":"Product tags"},"product_shipping_class":{"linked":[],"unlinked":[],"slug":"product_shipping_class","name":"Product shipping classes"},"pos_product_visibility":{"linked":[],"unlinked":[],"slug":"pos_product_visibility","name":"POS Product visibility"},"pa_color":{"linked":["<a href=\"https:\/\/penosil.com\/lv\/?taxonomy=pa_color&#038;term=white-lv-2\" class=\"advgb-post-tax-term\">Balts<\/a>"],"unlinked":["<span class=\"advgb-post-tax-term\">Balts<\/span>"],"slug":"pa_color","name":"Product Colour"},"pa_diameter":{"linked":[],"unlinked":[],"slug":"pa_diameter","name":"Product Diameter"},"pa_package":{"linked":["<a href=\"https:\/\/penosil.com\/lv\/?taxonomy=pa_package&#038;term=300-ml-2\" class=\"advgb-post-tax-term\">300 ml<\/a>"],"unlinked":["<span class=\"advgb-post-tax-term\">300 ml<\/span>"],"slug":"pa_package","name":"Product Package"},"pa_roll":{"linked":[],"unlinked":[],"slug":"pa_roll","name":"Product Roll"},"pa_widths":{"linked":[],"unlinked":[],"slug":"pa_widths","name":"Product Widths"},"translation_priority":{"linked":["<a href=\"https:\/\/penosil.com\/lv\/?taxonomy=translation_priority&#038;term=optional-lv\" class=\"advgb-post-tax-term\">Optional<\/a>"],"unlinked":["<span class=\"advgb-post-tax-term\">Optional<\/span>"],"slug":"translation_priority","name":"Translation Priorities"}},"series_order":"","_links":{"self":[{"href":"https:\/\/penosil.com\/lv\/wp-json\/wp\/v2\/product\/28369","targetHints":{"allow":["GET"]}}],"collection":[{"href":"https:\/\/penosil.com\/lv\/wp-json\/wp\/v2\/product"}],"about":[{"href":"https:\/\/penosil.com\/lv\/wp-json\/wp\/v2\/types\/product"}],"version-history":[{"count":4,"href":"https:\/\/penosil.com\/lv\/wp-json\/wp\/v2\/product\/28369\/revisions"}],"predecessor-version":[{"id":32297,"href":"https:\/\/penosil.com\/lv\/wp-json\/wp\/v2\/product\/28369\/revisions\/32297"}],"wp:featuredmedia":[{"embeddable":true,"href":"https:\/\/penosil.com\/lv\/wp-json\/wp\/v2\/media\/32298"}],"wp:attachment":[{"href":"https:\/\/penosil.com\/lv\/wp-json\/wp\/v2\/media?parent=28369"}],"wp:term":[{"taxonomy":"product_brand","embeddable":true,"href":"https:\/\/penosil.com\/lv\/wp-json\/wp\/v2\/product_brand?post=28369"},{"taxonomy":"product_cat","embeddable":true,"href":"https:\/\/penosil.com\/lv\/wp-json\/wp\/v2\/product_cat?post=28369"},{"taxonomy":"product_tag","embeddable":true,"href":"https:\/\/penosil.com\/lv\/wp-json\/wp\/v2\/product_tag?post=28369"}],"curies":[{"name":"wp","href":"https:\/\/api.w.org\/{rel}","templated":true}]}}