{"id":28384,"date":"2022-06-21T13:33:56","date_gmt":"2022-06-21T13:33:56","guid":{"rendered":"https:\/\/penosil.com\/lv\/?post_type=product&#038;p=28384"},"modified":"2026-04-20T13:42:01","modified_gmt":"2026-04-20T13:42:01","slug":"gap-filling-strawfoam-278","status":"publish","type":"product","link":"https:\/\/penosil.com\/lv\/produkt\/gap-filling-strawfoam-278\/","title":{"rendered":"Gap Filling Strawfoam 278"},"content":{"rendered":"<p>PENOSIL Gap Filling Strawfoam 278 ir vissezonu, vienkomponenta, poliuret\u0101na putas ar salmi\u0146aplikatoru aizpild\u012b\u0161anas un bl\u012bv\u0113\u0161anas darbiem iek\u0161telp\u0101s un \u0101r\u0101, da\u017e\u0101dos laikapst\u0101k\u013cos. Liels apjoms un otrreiz\u0113j\u0101 izple\u0161an\u0101s padara \u0161\u012bs putas par \u012bpa\u0161i piem\u0113rot\u0101m liel\u0101ku caurumu un atv\u0113rumu aizpild\u012b\u0161anai.<\/p>\n","protected":false},"excerpt":{"rendered":"Vissezonu poliuret\u0101na putas ar salmi\u0146aplikatoru","protected":false},"author":18,"featured_media":32392,"template":"","meta":{"_acf_changed":false,"advgb_blocks_editor_width":"","advgb_blocks_columns_visual_guide":"","footnotes":""},"product_brand":[],"product_cat":[832,1500,1571],"product_tag":[],"class_list":{"0":"post-28384","1":"product","2":"type-product","3":"status-publish","4":"has-post-thumbnail","6":"product_cat-vispareja-buvnieciba","7":"product_cat-celtniecibas-putas","8":"product_cat-putas-ar-salminaplikatoru","10":"first","11":"instock","12":"taxable","13":"shipping-taxable","14":"purchasable","15":"product-type-variable","16":"has-default-attributes"},"acf":[],"yoast_head":"<!-- This site is optimized with the Yoast SEO plugin v27.4 - https:\/\/yoast.com\/product\/yoast-seo-wordpress\/ -->\n<title>PENOSIL Gap Filling Strawfoam 278 Vissezonu poliuret\u0101na putas<\/title>\n<meta name=\"description\" content=\"PENOSIL Gap Filling Strawfoam 278 Vissezonu poliuret\u0101na putas ar salmi\u0146aplikatoru aizpild\u012b\u0161anas un bl\u012bv\u0113\u0161anas darbiem. Vair\u0101k info!\" \/>\n<meta name=\"robots\" content=\"index, follow, max-snippet:-1, max-image-preview:large, max-video-preview:-1\" \/>\n<link rel=\"canonical\" href=\"https:\/\/penosil.com\/lv\/produkt\/gap-filling-strawfoam-278\/\" \/>\n<meta property=\"og:locale\" content=\"lv_LV\" \/>\n<meta property=\"og:type\" content=\"article\" \/>\n<meta property=\"og:title\" content=\"PENOSIL Gap Filling Strawfoam 278 Vissezonu poliuret\u0101na putas\" \/>\n<meta property=\"og:description\" content=\"PENOSIL Gap Filling Strawfoam 278 Vissezonu poliuret\u0101na putas ar salmi\u0146aplikatoru aizpild\u012b\u0161anas un bl\u012bv\u0113\u0161anas darbiem. Vair\u0101k info!\" \/>\n<meta property=\"og:url\" content=\"https:\/\/penosil.com\/lv\/produkt\/gap-filling-strawfoam-278\/\" \/>\n<meta property=\"og:site_name\" content=\"Penosil Latvia\" \/>\n<meta property=\"article:modified_time\" content=\"2026-04-20T13:42:01+00:00\" \/>\n<meta property=\"og:image\" content=\"https:\/\/penosil.com\/lv\/wp-content\/uploads\/sites\/31\/2022\/06\/278_Gap_Filling_Strawfoam_278_LT_LV.png\" \/>\n\t<meta property=\"og:image:width\" content=\"523\" \/>\n\t<meta property=\"og:image:height\" content=\"1080\" \/>\n\t<meta property=\"og:image:type\" content=\"image\/png\" \/>\n<meta name=\"twitter:card\" content=\"summary_large_image\" \/>\n<meta name=\"twitter:label1\" content=\"Est. reading time\" \/>\n\t<meta name=\"twitter:data1\" content=\"5 minutes\" \/>\n<script type=\"application\/ld+json\" class=\"yoast-schema-graph\">{\"@context\":\"https:\\\/\\\/schema.org\",\"@graph\":[{\"@type\":\"WebPage\",\"@id\":\"https:\\\/\\\/penosil.com\\\/lv\\\/produkt\\\/gap-filling-strawfoam-278\\\/\",\"url\":\"https:\\\/\\\/penosil.com\\\/lv\\\/produkt\\\/gap-filling-strawfoam-278\\\/\",\"name\":\"PENOSIL Gap Filling Strawfoam 278 Vissezonu poliuret\u0101na putas\",\"isPartOf\":{\"@id\":\"https:\\\/\\\/penosil.com\\\/lv\\\/#website\"},\"primaryImageOfPage\":{\"@id\":\"https:\\\/\\\/penosil.com\\\/lv\\\/produkt\\\/gap-filling-strawfoam-278\\\/#primaryimage\"},\"image\":{\"@id\":\"https:\\\/\\\/penosil.com\\\/lv\\\/produkt\\\/gap-filling-strawfoam-278\\\/#primaryimage\"},\"thumbnailUrl\":\"https:\\\/\\\/penosil.com\\\/lv\\\/wp-content\\\/uploads\\\/sites\\\/31\\\/2025\\\/06\\\/278_Gap_Filling_Strawfoam_278_LT_LV_RU.png\",\"datePublished\":\"2022-06-21T13:33:56+00:00\",\"dateModified\":\"2026-04-20T13:42:01+00:00\",\"description\":\"PENOSIL Gap Filling Strawfoam 278 Vissezonu poliuret\u0101na putas ar salmi\u0146aplikatoru aizpild\u012b\u0161anas un bl\u012bv\u0113\u0161anas darbiem. Vair\u0101k info!\",\"breadcrumb\":{\"@id\":\"https:\\\/\\\/penosil.com\\\/lv\\\/produkt\\\/gap-filling-strawfoam-278\\\/#breadcrumb\"},\"inLanguage\":\"lv-LV\",\"potentialAction\":[{\"@type\":\"ReadAction\",\"target\":[\"https:\\\/\\\/penosil.com\\\/lv\\\/produkt\\\/gap-filling-strawfoam-278\\\/\"]}]},{\"@type\":\"ImageObject\",\"inLanguage\":\"lv-LV\",\"@id\":\"https:\\\/\\\/penosil.com\\\/lv\\\/produkt\\\/gap-filling-strawfoam-278\\\/#primaryimage\",\"url\":\"https:\\\/\\\/penosil.com\\\/lv\\\/wp-content\\\/uploads\\\/sites\\\/31\\\/2025\\\/06\\\/278_Gap_Filling_Strawfoam_278_LT_LV_RU.png\",\"contentUrl\":\"https:\\\/\\\/penosil.com\\\/lv\\\/wp-content\\\/uploads\\\/sites\\\/31\\\/2025\\\/06\\\/278_Gap_Filling_Strawfoam_278_LT_LV_RU.png\",\"width\":523,\"height\":1080},{\"@type\":\"BreadcrumbList\",\"@id\":\"https:\\\/\\\/penosil.com\\\/lv\\\/produkt\\\/gap-filling-strawfoam-278\\\/#breadcrumb\",\"itemListElement\":[{\"@type\":\"ListItem\",\"position\":1,\"name\":\"S\u0101kums\",\"item\":\"https:\\\/\\\/penosil.com\\\/lv\\\/\"},{\"@type\":\"ListItem\",\"position\":2,\"name\":\"Produkti\",\"item\":\"https:\\\/\\\/penosil.com\\\/lv\\\/produkti\\\/\"},{\"@type\":\"ListItem\",\"position\":3,\"name\":\"Gap Filling Strawfoam 278\"}]},{\"@type\":\"WebSite\",\"@id\":\"https:\\\/\\\/penosil.com\\\/lv\\\/#website\",\"url\":\"https:\\\/\\\/penosil.com\\\/lv\\\/\",\"name\":\"Penosil Latvia\",\"description\":\"\",\"potentialAction\":[{\"@type\":\"SearchAction\",\"target\":{\"@type\":\"EntryPoint\",\"urlTemplate\":\"https:\\\/\\\/penosil.com\\\/lv\\\/?s={search_term_string}\"},\"query-input\":{\"@type\":\"PropertyValueSpecification\",\"valueRequired\":true,\"valueName\":\"search_term_string\"}}],\"inLanguage\":\"lv-LV\"}]}<\/script>\n<!-- \/ Yoast SEO plugin. -->","yoast_head_json":{"title":"PENOSIL Gap Filling Strawfoam 278 Vissezonu poliuret\u0101na putas","description":"PENOSIL Gap Filling Strawfoam 278 Vissezonu poliuret\u0101na putas ar salmi\u0146aplikatoru aizpild\u012b\u0161anas un bl\u012bv\u0113\u0161anas darbiem. Vair\u0101k info!","robots":{"index":"index","follow":"follow","max-snippet":"max-snippet:-1","max-image-preview":"max-image-preview:large","max-video-preview":"max-video-preview:-1"},"canonical":"https:\/\/penosil.com\/lv\/produkt\/gap-filling-strawfoam-278\/","og_locale":"lv_LV","og_type":"article","og_title":"PENOSIL Gap Filling Strawfoam 278 Vissezonu poliuret\u0101na putas","og_description":"PENOSIL Gap Filling Strawfoam 278 Vissezonu poliuret\u0101na putas ar salmi\u0146aplikatoru aizpild\u012b\u0161anas un bl\u012bv\u0113\u0161anas darbiem. Vair\u0101k info!","og_url":"https:\/\/penosil.com\/lv\/produkt\/gap-filling-strawfoam-278\/","og_site_name":"Penosil Latvia","article_modified_time":"2026-04-20T13:42:01+00:00","og_image":[{"width":523,"height":1080,"url":"https:\/\/penosil.com\/lv\/wp-content\/uploads\/sites\/31\/2022\/06\/278_Gap_Filling_Strawfoam_278_LT_LV.png","type":"image\/png"}],"twitter_card":"summary_large_image","twitter_misc":{"Est. reading time":"5 minutes"},"schema":{"@context":"https:\/\/schema.org","@graph":[{"@type":"WebPage","@id":"https:\/\/penosil.com\/lv\/produkt\/gap-filling-strawfoam-278\/","url":"https:\/\/penosil.com\/lv\/produkt\/gap-filling-strawfoam-278\/","name":"PENOSIL Gap Filling Strawfoam 278 Vissezonu poliuret\u0101na putas","isPartOf":{"@id":"https:\/\/penosil.com\/lv\/#website"},"primaryImageOfPage":{"@id":"https:\/\/penosil.com\/lv\/produkt\/gap-filling-strawfoam-278\/#primaryimage"},"image":{"@id":"https:\/\/penosil.com\/lv\/produkt\/gap-filling-strawfoam-278\/#primaryimage"},"thumbnailUrl":"https:\/\/penosil.com\/lv\/wp-content\/uploads\/sites\/31\/2025\/06\/278_Gap_Filling_Strawfoam_278_LT_LV_RU.png","datePublished":"2022-06-21T13:33:56+00:00","dateModified":"2026-04-20T13:42:01+00:00","description":"PENOSIL Gap Filling Strawfoam 278 Vissezonu poliuret\u0101na putas ar salmi\u0146aplikatoru aizpild\u012b\u0161anas un bl\u012bv\u0113\u0161anas darbiem. Vair\u0101k info!","breadcrumb":{"@id":"https:\/\/penosil.com\/lv\/produkt\/gap-filling-strawfoam-278\/#breadcrumb"},"inLanguage":"lv-LV","potentialAction":[{"@type":"ReadAction","target":["https:\/\/penosil.com\/lv\/produkt\/gap-filling-strawfoam-278\/"]}]},{"@type":"ImageObject","inLanguage":"lv-LV","@id":"https:\/\/penosil.com\/lv\/produkt\/gap-filling-strawfoam-278\/#primaryimage","url":"https:\/\/penosil.com\/lv\/wp-content\/uploads\/sites\/31\/2025\/06\/278_Gap_Filling_Strawfoam_278_LT_LV_RU.png","contentUrl":"https:\/\/penosil.com\/lv\/wp-content\/uploads\/sites\/31\/2025\/06\/278_Gap_Filling_Strawfoam_278_LT_LV_RU.png","width":523,"height":1080},{"@type":"BreadcrumbList","@id":"https:\/\/penosil.com\/lv\/produkt\/gap-filling-strawfoam-278\/#breadcrumb","itemListElement":[{"@type":"ListItem","position":1,"name":"S\u0101kums","item":"https:\/\/penosil.com\/lv\/"},{"@type":"ListItem","position":2,"name":"Produkti","item":"https:\/\/penosil.com\/lv\/produkti\/"},{"@type":"ListItem","position":3,"name":"Gap Filling Strawfoam 278"}]},{"@type":"WebSite","@id":"https:\/\/penosil.com\/lv\/#website","url":"https:\/\/penosil.com\/lv\/","name":"Penosil Latvia","description":"","potentialAction":[{"@type":"SearchAction","target":{"@type":"EntryPoint","urlTemplate":"https:\/\/penosil.com\/lv\/?s={search_term_string}"},"query-input":{"@type":"PropertyValueSpecification","valueRequired":true,"valueName":"search_term_string"}}],"inLanguage":"lv-LV"}]}},"featured_img":"https:\/\/penosil.com\/lv\/wp-content\/uploads\/sites\/31\/2025\/06\/278_Gap_Filling_Strawfoam_278_LT_LV_RU.png","coauthors":[],"author_meta":{"author_link":"https:\/\/penosil.com\/lv\/author\/olgakucmasova\/","display_name":"olgakucmasova"},"relative_dates":{"created":"Posted 4 years ago","modified":"Updated 21 hours ago"},"absolute_dates":{"created":"Posted on June 21, 2022","modified":"Updated on April 20, 2026"},"absolute_dates_time":{"created":"Posted on June 21, 2022 1:33 pm","modified":"Updated on April 20, 2026 1:42 pm"},"featured_img_caption":"","tax_additional":{"product_brand":{"linked":[],"unlinked":[],"slug":"product_brand","name":"Brands"},"product_type":{"linked":["<a href=\"https:\/\/penosil.com\/lv\/?taxonomy=product_type&#038;term=variable\" class=\"advgb-post-tax-term\">variable<\/a>"],"unlinked":["<span class=\"advgb-post-tax-term\">variable<\/span>"],"slug":"product_type","name":"Product type"},"product_visibility":{"linked":[],"unlinked":[],"slug":"product_visibility","name":"Product visibility"},"product_cat":{"linked":["<a href=\"https:\/\/penosil.com\/lv\/produkti\/pielietojums\/vispareja-buvnieciba\/\" class=\"advgb-post-tax-term\">Visp\u0101r\u0113j\u0101 b\u016bvniec\u012bba<\/a>","<a href=\"https:\/\/penosil.com\/lv\/produkti\/produktu-grupas\/celtniecibas-putas\/\" class=\"advgb-post-tax-term\">Celtniec\u012bbas putas<\/a>","<a href=\"https:\/\/penosil.com\/lv\/produkti\/produktu-grupas\/celtniecibas-putas\/putas-ar-salminaplikatoru\/\" class=\"advgb-post-tax-term\">Putas ar salmi\u0146aplikatoru<\/a>"],"unlinked":["<span class=\"advgb-post-tax-term\">Visp\u0101r\u0113j\u0101 b\u016bvniec\u012bba<\/span>","<span class=\"advgb-post-tax-term\">Celtniec\u012bbas putas<\/span>","<span class=\"advgb-post-tax-term\">Putas ar salmi\u0146aplikatoru<\/span>"],"slug":"product_cat","name":"Product categories"},"product_tag":{"linked":[],"unlinked":[],"slug":"product_tag","name":"Product tags"},"product_shipping_class":{"linked":[],"unlinked":[],"slug":"product_shipping_class","name":"Product shipping classes"},"pos_product_visibility":{"linked":[],"unlinked":[],"slug":"pos_product_visibility","name":"POS Product visibility"},"pa_color":{"linked":["<a href=\"https:\/\/penosil.com\/lv\/?taxonomy=pa_color&#038;term=light-yellow-lv\" class=\"advgb-post-tax-term\">Gai\u0161i dzeltens<\/a>"],"unlinked":["<span class=\"advgb-post-tax-term\">Gai\u0161i dzeltens<\/span>"],"slug":"pa_color","name":"Product Colour"},"pa_diameter":{"linked":[],"unlinked":[],"slug":"pa_diameter","name":"Product Diameter"},"pa_package":{"linked":["<a href=\"https:\/\/penosil.com\/lv\/?taxonomy=pa_package&#038;term=520-ml-2\" class=\"advgb-post-tax-term\">520 ml<\/a>","<a href=\"https:\/\/penosil.com\/lv\/?taxonomy=pa_package&#038;term=1000-ml-lv-2\" class=\"advgb-post-tax-term\">1000 ml<\/a>"],"unlinked":["<span class=\"advgb-post-tax-term\">520 ml<\/span>","<span class=\"advgb-post-tax-term\">1000 ml<\/span>"],"slug":"pa_package","name":"Product Package"},"pa_roll":{"linked":[],"unlinked":[],"slug":"pa_roll","name":"Product Roll"},"pa_widths":{"linked":[],"unlinked":[],"slug":"pa_widths","name":"Product Widths"},"translation_priority":{"linked":["<a href=\"https:\/\/penosil.com\/lv\/?taxonomy=translation_priority&#038;term=optional-lv\" class=\"advgb-post-tax-term\">Optional<\/a>"],"unlinked":["<span class=\"advgb-post-tax-term\">Optional<\/span>"],"slug":"translation_priority","name":"Translation Priorities"}},"series_order":"","_links":{"self":[{"href":"https:\/\/penosil.com\/lv\/wp-json\/wp\/v2\/product\/28384","targetHints":{"allow":["GET"]}}],"collection":[{"href":"https:\/\/penosil.com\/lv\/wp-json\/wp\/v2\/product"}],"about":[{"href":"https:\/\/penosil.com\/lv\/wp-json\/wp\/v2\/types\/product"}],"version-history":[{"count":5,"href":"https:\/\/penosil.com\/lv\/wp-json\/wp\/v2\/product\/28384\/revisions"}],"predecessor-version":[{"id":32391,"href":"https:\/\/penosil.com\/lv\/wp-json\/wp\/v2\/product\/28384\/revisions\/32391"}],"wp:featuredmedia":[{"embeddable":true,"href":"https:\/\/penosil.com\/lv\/wp-json\/wp\/v2\/media\/32392"}],"wp:attachment":[{"href":"https:\/\/penosil.com\/lv\/wp-json\/wp\/v2\/media?parent=28384"}],"wp:term":[{"taxonomy":"product_brand","embeddable":true,"href":"https:\/\/penosil.com\/lv\/wp-json\/wp\/v2\/product_brand?post=28384"},{"taxonomy":"product_cat","embeddable":true,"href":"https:\/\/penosil.com\/lv\/wp-json\/wp\/v2\/product_cat?post=28384"},{"taxonomy":"product_tag","embeddable":true,"href":"https:\/\/penosil.com\/lv\/wp-json\/wp\/v2\/product_tag?post=28384"}],"curies":[{"name":"wp","href":"https:\/\/api.w.org\/{rel}","templated":true}]}}