{"id":28455,"date":"2022-08-08T12:52:10","date_gmt":"2022-08-08T12:52:10","guid":{"rendered":"https:\/\/penosil.com\/lv\/?post_type=product&#038;p=28455"},"modified":"2026-04-01T09:56:59","modified_gmt":"2026-04-01T09:56:59","slug":"speedfix-clear-909","status":"publish","type":"product","link":"https:\/\/penosil.com\/lv\/produkt\/speedfix-clear-909\/","title":{"rendered":"SpeedFix Clear 909"},"content":{"rendered":"<p>PENOSIL SpeedFix Clear 909 ir caursp\u012bd\u012bga mont\u0101\u017eas l\u012bme uz \u0161\u0137\u012bdin\u0101t\u0101ju b\u0101zes neman\u0101mai l\u012bm\u0113\u0161anai un bl\u012bv\u0113\u0161anai, da\u017e\u0101diem pielietojumiem b\u016bvniec\u012bbas projektos.<\/p>\n","protected":false},"excerpt":{"rendered":"Caursp\u012bd\u012bga, elast\u012bga l\u012bme ar \u0101tru sp\u0113c\u012bgu sa\u0137eri","protected":false},"author":18,"featured_media":28456,"template":"","meta":{"_acf_changed":false,"advgb_blocks_editor_width":"","advgb_blocks_columns_visual_guide":"","footnotes":""},"product_brand":[],"product_cat":[2605,218,216],"product_tag":[],"class_list":{"0":"post-28455","1":"product","2":"type-product","3":"status-publish","4":"has-post-thumbnail","6":"product_cat-limes-uz-skidinataja-bazes","7":"product_cat-limes","8":"product_cat-limesana","10":"first","11":"instock","12":"taxable","13":"shipping-taxable","14":"purchasable","15":"product-type-simple"},"acf":[],"yoast_head":"<!-- This site is optimized with the Yoast SEO plugin v27.2 - https:\/\/yoast.com\/product\/yoast-seo-wordpress\/ -->\n<title>Penosil SpeedFix Clear 909 Caursp\u012bd\u012bga l\u012bme ar \u0101tru sa\u0137eri<\/title>\n<meta name=\"description\" content=\"Penosil SpeedFix Clear 909 l\u012bme l\u012bm\u0113\u0161anai un bl\u012bv\u0113\u0161anai, da\u017e\u0101diem pielietojumiem b\u016bvniec\u012bb\u0101. Iztur\u012bga pret laika apst\u0101k\u013ciem.\" \/>\n<meta name=\"robots\" content=\"index, follow, max-snippet:-1, max-image-preview:large, max-video-preview:-1\" \/>\n<link rel=\"canonical\" href=\"https:\/\/penosil.com\/lv\/produkt\/speedfix-clear-909\/\" \/>\n<meta property=\"og:locale\" content=\"lv_LV\" \/>\n<meta property=\"og:type\" content=\"article\" \/>\n<meta property=\"og:title\" content=\"Penosil SpeedFix Clear 909 Caursp\u012bd\u012bga l\u012bme ar \u0101tru sa\u0137eri\" \/>\n<meta property=\"og:description\" content=\"Penosil SpeedFix Clear 909 l\u012bme l\u012bm\u0113\u0161anai un bl\u012bv\u0113\u0161anai, da\u017e\u0101diem pielietojumiem b\u016bvniec\u012bb\u0101. Iztur\u012bga pret laika apst\u0101k\u013ciem.\" \/>\n<meta property=\"og:url\" content=\"https:\/\/penosil.com\/lv\/produkt\/speedfix-clear-909\/\" \/>\n<meta property=\"og:site_name\" content=\"Penosil Latvia\" \/>\n<meta property=\"article:modified_time\" content=\"2026-04-01T09:56:59+00:00\" \/>\n<meta property=\"og:image\" content=\"https:\/\/penosil.com\/lv\/wp-content\/uploads\/sites\/31\/2022\/08\/909_SpeedFix_Clear_909_LT_LV.png\" \/>\n\t<meta property=\"og:image:width\" content=\"870\" \/>\n\t<meta property=\"og:image:height\" content=\"2430\" \/>\n\t<meta property=\"og:image:type\" content=\"image\/png\" \/>\n<meta name=\"twitter:card\" content=\"summary_large_image\" \/>\n<meta name=\"twitter:label1\" content=\"Est. reading time\" \/>\n\t<meta name=\"twitter:data1\" content=\"4 minutes\" \/>\n<script type=\"application\/ld+json\" class=\"yoast-schema-graph\">{\"@context\":\"https:\/\/schema.org\",\"@graph\":[{\"@type\":\"WebPage\",\"@id\":\"https:\/\/penosil.com\/lv\/produkt\/speedfix-clear-909\/\",\"url\":\"https:\/\/penosil.com\/lv\/produkt\/speedfix-clear-909\/\",\"name\":\"Penosil SpeedFix Clear 909 Caursp\u012bd\u012bga l\u012bme ar \u0101tru sa\u0137eri\",\"isPartOf\":{\"@id\":\"https:\/\/penosil.com\/lv\/#website\"},\"primaryImageOfPage\":{\"@id\":\"https:\/\/penosil.com\/lv\/produkt\/speedfix-clear-909\/#primaryimage\"},\"image\":{\"@id\":\"https:\/\/penosil.com\/lv\/produkt\/speedfix-clear-909\/#primaryimage\"},\"thumbnailUrl\":\"https:\/\/penosil.com\/lv\/wp-content\/uploads\/sites\/31\/2022\/08\/909_SpeedFix_Clear_909_LT_LV.png\",\"datePublished\":\"2022-08-08T12:52:10+00:00\",\"dateModified\":\"2026-04-01T09:56:59+00:00\",\"description\":\"Penosil SpeedFix Clear 909 l\u012bme l\u012bm\u0113\u0161anai un bl\u012bv\u0113\u0161anai, da\u017e\u0101diem pielietojumiem b\u016bvniec\u012bb\u0101. Iztur\u012bga pret laika apst\u0101k\u013ciem.\",\"breadcrumb\":{\"@id\":\"https:\/\/penosil.com\/lv\/produkt\/speedfix-clear-909\/#breadcrumb\"},\"inLanguage\":\"lv-LV\",\"potentialAction\":[{\"@type\":\"ReadAction\",\"target\":[\"https:\/\/penosil.com\/lv\/produkt\/speedfix-clear-909\/\"]}]},{\"@type\":\"ImageObject\",\"inLanguage\":\"lv-LV\",\"@id\":\"https:\/\/penosil.com\/lv\/produkt\/speedfix-clear-909\/#primaryimage\",\"url\":\"https:\/\/penosil.com\/lv\/wp-content\/uploads\/sites\/31\/2022\/08\/909_SpeedFix_Clear_909_LT_LV.png\",\"contentUrl\":\"https:\/\/penosil.com\/lv\/wp-content\/uploads\/sites\/31\/2022\/08\/909_SpeedFix_Clear_909_LT_LV.png\",\"width\":870,\"height\":2430,\"caption\":\"SpeedFix Clear 909 caursp\u012bd\u012bga l\u012bme\"},{\"@type\":\"BreadcrumbList\",\"@id\":\"https:\/\/penosil.com\/lv\/produkt\/speedfix-clear-909\/#breadcrumb\",\"itemListElement\":[{\"@type\":\"ListItem\",\"position\":1,\"name\":\"S\u0101kums\",\"item\":\"https:\/\/penosil.com\/lv\/\"},{\"@type\":\"ListItem\",\"position\":2,\"name\":\"Produkti\",\"item\":\"https:\/\/penosil.com\/lv\/produkti\/\"},{\"@type\":\"ListItem\",\"position\":3,\"name\":\"SpeedFix Clear 909\"}]},{\"@type\":\"WebSite\",\"@id\":\"https:\/\/penosil.com\/lv\/#website\",\"url\":\"https:\/\/penosil.com\/lv\/\",\"name\":\"Penosil Latvia\",\"description\":\"\",\"potentialAction\":[{\"@type\":\"SearchAction\",\"target\":{\"@type\":\"EntryPoint\",\"urlTemplate\":\"https:\/\/penosil.com\/lv\/?s={search_term_string}\"},\"query-input\":{\"@type\":\"PropertyValueSpecification\",\"valueRequired\":true,\"valueName\":\"search_term_string\"}}],\"inLanguage\":\"lv-LV\"}]}<\/script>\n<!-- \/ Yoast SEO plugin. -->","yoast_head_json":{"title":"Penosil SpeedFix Clear 909 Caursp\u012bd\u012bga l\u012bme ar \u0101tru sa\u0137eri","description":"Penosil SpeedFix Clear 909 l\u012bme l\u012bm\u0113\u0161anai un bl\u012bv\u0113\u0161anai, da\u017e\u0101diem pielietojumiem b\u016bvniec\u012bb\u0101. Iztur\u012bga pret laika apst\u0101k\u013ciem.","robots":{"index":"index","follow":"follow","max-snippet":"max-snippet:-1","max-image-preview":"max-image-preview:large","max-video-preview":"max-video-preview:-1"},"canonical":"https:\/\/penosil.com\/lv\/produkt\/speedfix-clear-909\/","og_locale":"lv_LV","og_type":"article","og_title":"Penosil SpeedFix Clear 909 Caursp\u012bd\u012bga l\u012bme ar \u0101tru sa\u0137eri","og_description":"Penosil SpeedFix Clear 909 l\u012bme l\u012bm\u0113\u0161anai un bl\u012bv\u0113\u0161anai, da\u017e\u0101diem pielietojumiem b\u016bvniec\u012bb\u0101. Iztur\u012bga pret laika apst\u0101k\u013ciem.","og_url":"https:\/\/penosil.com\/lv\/produkt\/speedfix-clear-909\/","og_site_name":"Penosil Latvia","article_modified_time":"2026-04-01T09:56:59+00:00","og_image":[{"width":870,"height":2430,"url":"https:\/\/penosil.com\/lv\/wp-content\/uploads\/sites\/31\/2022\/08\/909_SpeedFix_Clear_909_LT_LV.png","type":"image\/png"}],"twitter_card":"summary_large_image","twitter_misc":{"Est. reading time":"4 minutes"},"schema":{"@context":"https:\/\/schema.org","@graph":[{"@type":"WebPage","@id":"https:\/\/penosil.com\/lv\/produkt\/speedfix-clear-909\/","url":"https:\/\/penosil.com\/lv\/produkt\/speedfix-clear-909\/","name":"Penosil SpeedFix Clear 909 Caursp\u012bd\u012bga l\u012bme ar \u0101tru sa\u0137eri","isPartOf":{"@id":"https:\/\/penosil.com\/lv\/#website"},"primaryImageOfPage":{"@id":"https:\/\/penosil.com\/lv\/produkt\/speedfix-clear-909\/#primaryimage"},"image":{"@id":"https:\/\/penosil.com\/lv\/produkt\/speedfix-clear-909\/#primaryimage"},"thumbnailUrl":"https:\/\/penosil.com\/lv\/wp-content\/uploads\/sites\/31\/2022\/08\/909_SpeedFix_Clear_909_LT_LV.png","datePublished":"2022-08-08T12:52:10+00:00","dateModified":"2026-04-01T09:56:59+00:00","description":"Penosil SpeedFix Clear 909 l\u012bme l\u012bm\u0113\u0161anai un bl\u012bv\u0113\u0161anai, da\u017e\u0101diem pielietojumiem b\u016bvniec\u012bb\u0101. Iztur\u012bga pret laika apst\u0101k\u013ciem.","breadcrumb":{"@id":"https:\/\/penosil.com\/lv\/produkt\/speedfix-clear-909\/#breadcrumb"},"inLanguage":"lv-LV","potentialAction":[{"@type":"ReadAction","target":["https:\/\/penosil.com\/lv\/produkt\/speedfix-clear-909\/"]}]},{"@type":"ImageObject","inLanguage":"lv-LV","@id":"https:\/\/penosil.com\/lv\/produkt\/speedfix-clear-909\/#primaryimage","url":"https:\/\/penosil.com\/lv\/wp-content\/uploads\/sites\/31\/2022\/08\/909_SpeedFix_Clear_909_LT_LV.png","contentUrl":"https:\/\/penosil.com\/lv\/wp-content\/uploads\/sites\/31\/2022\/08\/909_SpeedFix_Clear_909_LT_LV.png","width":870,"height":2430,"caption":"SpeedFix Clear 909 caursp\u012bd\u012bga l\u012bme"},{"@type":"BreadcrumbList","@id":"https:\/\/penosil.com\/lv\/produkt\/speedfix-clear-909\/#breadcrumb","itemListElement":[{"@type":"ListItem","position":1,"name":"S\u0101kums","item":"https:\/\/penosil.com\/lv\/"},{"@type":"ListItem","position":2,"name":"Produkti","item":"https:\/\/penosil.com\/lv\/produkti\/"},{"@type":"ListItem","position":3,"name":"SpeedFix Clear 909"}]},{"@type":"WebSite","@id":"https:\/\/penosil.com\/lv\/#website","url":"https:\/\/penosil.com\/lv\/","name":"Penosil Latvia","description":"","potentialAction":[{"@type":"SearchAction","target":{"@type":"EntryPoint","urlTemplate":"https:\/\/penosil.com\/lv\/?s={search_term_string}"},"query-input":{"@type":"PropertyValueSpecification","valueRequired":true,"valueName":"search_term_string"}}],"inLanguage":"lv-LV"}]}},"featured_img":"https:\/\/penosil.com\/lv\/wp-content\/uploads\/sites\/31\/2022\/08\/909_SpeedFix_Clear_909_LT_LV.png","coauthors":[],"author_meta":{"author_link":"https:\/\/penosil.com\/lv\/author\/olgakucmasova\/","display_name":"olgakucmasova"},"relative_dates":{"created":"Posted 4 years ago","modified":"Updated 2 weeks ago"},"absolute_dates":{"created":"Posted on August 8, 2022","modified":"Updated on April 1, 2026"},"absolute_dates_time":{"created":"Posted on August 8, 2022 12:52 pm","modified":"Updated on April 1, 2026 9:56 am"},"featured_img_caption":"","tax_additional":{"product_brand":{"linked":[],"unlinked":[],"slug":"product_brand","name":"Brands"},"product_type":{"linked":["<a href=\"https:\/\/penosil.com\/lv\/?taxonomy=product_type&#038;term=simple\" class=\"advgb-post-tax-term\">simple<\/a>"],"unlinked":["<span class=\"advgb-post-tax-term\">simple<\/span>"],"slug":"product_type","name":"Product type"},"product_visibility":{"linked":[],"unlinked":[],"slug":"product_visibility","name":"Product visibility"},"product_cat":{"linked":["<a href=\"https:\/\/penosil.com\/lv\/produkti\/produktu-grupas\/limes\/limes-uz-skidinataja-bazes\/\" class=\"advgb-post-tax-term\">L\u012bmes uz \u0161\u0137\u012bdin\u0101t\u0101ja b\u0101zes<\/a>","<a href=\"https:\/\/penosil.com\/lv\/produkti\/produktu-grupas\/limes\/\" class=\"advgb-post-tax-term\">L\u012bmes<\/a>","<a href=\"https:\/\/penosil.com\/lv\/produkti\/pielietojums\/limesana\/\" class=\"advgb-post-tax-term\">L\u012bm\u0113\u0161ana<\/a>"],"unlinked":["<span class=\"advgb-post-tax-term\">L\u012bmes uz \u0161\u0137\u012bdin\u0101t\u0101ja b\u0101zes<\/span>","<span class=\"advgb-post-tax-term\">L\u012bmes<\/span>","<span class=\"advgb-post-tax-term\">L\u012bm\u0113\u0161ana<\/span>"],"slug":"product_cat","name":"Product categories"},"product_tag":{"linked":[],"unlinked":[],"slug":"product_tag","name":"Product tags"},"product_shipping_class":{"linked":[],"unlinked":[],"slug":"product_shipping_class","name":"Product shipping classes"},"pos_product_visibility":{"linked":[],"unlinked":[],"slug":"pos_product_visibility","name":"POS Product visibility"},"pa_color":{"linked":["<a href=\"https:\/\/penosil.com\/lv\/?taxonomy=pa_color&#038;term=transparent-lv-2\" class=\"advgb-post-tax-term\">Caursp\u012bd\u012bgs<\/a>"],"unlinked":["<span class=\"advgb-post-tax-term\">Caursp\u012bd\u012bgs<\/span>"],"slug":"pa_color","name":"Product Colour"},"pa_diameter":{"linked":[],"unlinked":[],"slug":"pa_diameter","name":"Product Diameter"},"pa_package":{"linked":["<a href=\"https:\/\/penosil.com\/lv\/?taxonomy=pa_package&#038;term=290-ml-lv-2\" class=\"advgb-post-tax-term\">290 ml<\/a>"],"unlinked":["<span class=\"advgb-post-tax-term\">290 ml<\/span>"],"slug":"pa_package","name":"Product Package"},"pa_roll":{"linked":[],"unlinked":[],"slug":"pa_roll","name":"Product Roll"},"pa_widths":{"linked":[],"unlinked":[],"slug":"pa_widths","name":"Product Widths"},"translation_priority":{"linked":["<a href=\"https:\/\/penosil.com\/lv\/?taxonomy=translation_priority&#038;term=optional-lv\" class=\"advgb-post-tax-term\">Optional<\/a>"],"unlinked":["<span class=\"advgb-post-tax-term\">Optional<\/span>"],"slug":"translation_priority","name":"Translation Priorities"}},"series_order":"","_links":{"self":[{"href":"https:\/\/penosil.com\/lv\/wp-json\/wp\/v2\/product\/28455","targetHints":{"allow":["GET"]}}],"collection":[{"href":"https:\/\/penosil.com\/lv\/wp-json\/wp\/v2\/product"}],"about":[{"href":"https:\/\/penosil.com\/lv\/wp-json\/wp\/v2\/types\/product"}],"version-history":[{"count":5,"href":"https:\/\/penosil.com\/lv\/wp-json\/wp\/v2\/product\/28455\/revisions"}],"predecessor-version":[{"id":32958,"href":"https:\/\/penosil.com\/lv\/wp-json\/wp\/v2\/product\/28455\/revisions\/32958"}],"wp:featuredmedia":[{"embeddable":true,"href":"https:\/\/penosil.com\/lv\/wp-json\/wp\/v2\/media\/28456"}],"wp:attachment":[{"href":"https:\/\/penosil.com\/lv\/wp-json\/wp\/v2\/media?parent=28455"}],"wp:term":[{"taxonomy":"product_brand","embeddable":true,"href":"https:\/\/penosil.com\/lv\/wp-json\/wp\/v2\/product_brand?post=28455"},{"taxonomy":"product_cat","embeddable":true,"href":"https:\/\/penosil.com\/lv\/wp-json\/wp\/v2\/product_cat?post=28455"},{"taxonomy":"product_tag","embeddable":true,"href":"https:\/\/penosil.com\/lv\/wp-json\/wp\/v2\/product_tag?post=28455"}],"curies":[{"name":"wp","href":"https:\/\/api.w.org\/{rel}","templated":true}]}}