{"id":28464,"date":"2022-08-14T16:36:27","date_gmt":"2022-08-14T16:36:27","guid":{"rendered":"https:\/\/penosil.com\/lv\/?post_type=product&#038;p=28464"},"modified":"2026-04-01T09:57:00","modified_gmt":"2026-04-01T09:57:00","slug":"greenhouse-silicone-393","status":"publish","type":"product","link":"https:\/\/penosil.com\/lv\/produkt\/greenhouse-silicone-393\/","title":{"rendered":"Greenhouse Silicone 393"},"content":{"rendered":"<p>PENOSIL Greenhouse Silicone 393 ir pla\u0161a pielietojuma, neitr\u0101ls silikona herm\u0113ti\u0137is ar pret laikapst\u0101k\u013cu iedarb\u012bbu un pel\u0113jumu iztur\u012bg\u0101m \u012bpa\u0161\u012bb\u0101m un lielisku sa\u0137eri bl\u012bv\u0113\u0161anas darbiem siltumn\u012bc\u0101s un ziemas d\u0101rzos. Izveido elast\u012bgu un temperat\u016bras iztur\u012bgu bl\u012bv\u0113jumu ar daudziem porainiem un neporainiem materi\u0101liem, piem\u0113ram, met\u0101liem, plastmasu, koku un alum\u012bniju.<\/p>\n","protected":false},"excerpt":{"rendered":"Silikona herm\u0113ti\u0137is siltumn\u012bc\u0101m","protected":false},"author":18,"featured_media":32292,"template":"","meta":{"_acf_changed":false,"advgb_blocks_editor_width":"","advgb_blocks_columns_visual_guide":"","footnotes":""},"product_brand":[],"product_cat":[1290,2596,1605],"product_tag":[],"class_list":{"0":"post-28464","1":"product","2":"type-product","3":"status-publish","4":"has-post-thumbnail","6":"product_cat-logi-un-durvis-1","7":"product_cat-neitralie-silikona-hermetki","8":"product_cat-hermetiki-un-mastikas","10":"first","11":"instock","12":"taxable","13":"shipping-taxable","14":"purchasable","15":"product-type-simple"},"acf":[],"yoast_head":"<!-- This site is optimized with the Yoast SEO plugin v27.2 - https:\/\/yoast.com\/product\/yoast-seo-wordpress\/ -->\n<title>Penosil Greenhouse Silicone 393 silikona herm\u0113ti\u0137is siltumn\u012bc\u0101m<\/title>\n<meta name=\"description\" content=\"PENOSIL Greenhouse Silicone 393 neitr\u0101ls silikona herm\u0113ti\u0137is ar lielisku sa\u0137eri bl\u012bv\u0113\u0161anas darbiem siltumn\u012bc\u0101s un ziemas d\u0101rzos.\" \/>\n<meta name=\"robots\" content=\"index, follow, max-snippet:-1, max-image-preview:large, max-video-preview:-1\" \/>\n<link rel=\"canonical\" href=\"https:\/\/penosil.com\/lv\/produkt\/greenhouse-silicone-393\/\" \/>\n<meta property=\"og:locale\" content=\"lv_LV\" \/>\n<meta property=\"og:type\" content=\"article\" \/>\n<meta property=\"og:title\" content=\"Penosil Greenhouse Silicone 393 silikona herm\u0113ti\u0137is siltumn\u012bc\u0101m\" \/>\n<meta property=\"og:description\" content=\"PENOSIL Greenhouse Silicone 393 neitr\u0101ls silikona herm\u0113ti\u0137is ar lielisku sa\u0137eri bl\u012bv\u0113\u0161anas darbiem siltumn\u012bc\u0101s un ziemas d\u0101rzos.\" \/>\n<meta property=\"og:url\" content=\"https:\/\/penosil.com\/lv\/produkt\/greenhouse-silicone-393\/\" \/>\n<meta property=\"og:site_name\" content=\"Penosil Latvia\" \/>\n<meta property=\"article:modified_time\" content=\"2026-04-01T09:57:00+00:00\" \/>\n<meta property=\"og:image\" content=\"https:\/\/penosil.com\/lv\/wp-content\/uploads\/sites\/31\/2022\/08\/393_Greenhouse_Silicone_393_LT_LV.png\" \/>\n\t<meta property=\"og:image:width\" content=\"870\" \/>\n\t<meta property=\"og:image:height\" content=\"2430\" \/>\n\t<meta property=\"og:image:type\" content=\"image\/png\" \/>\n<meta name=\"twitter:card\" content=\"summary_large_image\" \/>\n<meta name=\"twitter:label1\" content=\"Est. reading time\" \/>\n\t<meta name=\"twitter:data1\" content=\"4 minutes\" \/>\n<script type=\"application\/ld+json\" class=\"yoast-schema-graph\">{\"@context\":\"https:\/\/schema.org\",\"@graph\":[{\"@type\":\"WebPage\",\"@id\":\"https:\/\/penosil.com\/lv\/produkt\/greenhouse-silicone-393\/\",\"url\":\"https:\/\/penosil.com\/lv\/produkt\/greenhouse-silicone-393\/\",\"name\":\"Penosil Greenhouse Silicone 393 silikona herm\u0113ti\u0137is siltumn\u012bc\u0101m\",\"isPartOf\":{\"@id\":\"https:\/\/penosil.com\/lv\/#website\"},\"primaryImageOfPage\":{\"@id\":\"https:\/\/penosil.com\/lv\/produkt\/greenhouse-silicone-393\/#primaryimage\"},\"image\":{\"@id\":\"https:\/\/penosil.com\/lv\/produkt\/greenhouse-silicone-393\/#primaryimage\"},\"thumbnailUrl\":\"https:\/\/penosil.com\/lv\/wp-content\/uploads\/sites\/31\/2025\/06\/393_Greenhouse_Silicone_393_LT_LV.png\",\"datePublished\":\"2022-08-14T16:36:27+00:00\",\"dateModified\":\"2026-04-01T09:57:00+00:00\",\"description\":\"PENOSIL Greenhouse Silicone 393 neitr\u0101ls silikona herm\u0113ti\u0137is ar lielisku sa\u0137eri bl\u012bv\u0113\u0161anas darbiem siltumn\u012bc\u0101s un ziemas d\u0101rzos.\",\"breadcrumb\":{\"@id\":\"https:\/\/penosil.com\/lv\/produkt\/greenhouse-silicone-393\/#breadcrumb\"},\"inLanguage\":\"lv-LV\",\"potentialAction\":[{\"@type\":\"ReadAction\",\"target\":[\"https:\/\/penosil.com\/lv\/produkt\/greenhouse-silicone-393\/\"]}]},{\"@type\":\"ImageObject\",\"inLanguage\":\"lv-LV\",\"@id\":\"https:\/\/penosil.com\/lv\/produkt\/greenhouse-silicone-393\/#primaryimage\",\"url\":\"https:\/\/penosil.com\/lv\/wp-content\/uploads\/sites\/31\/2025\/06\/393_Greenhouse_Silicone_393_LT_LV.png\",\"contentUrl\":\"https:\/\/penosil.com\/lv\/wp-content\/uploads\/sites\/31\/2025\/06\/393_Greenhouse_Silicone_393_LT_LV.png\",\"width\":870,\"height\":2430},{\"@type\":\"BreadcrumbList\",\"@id\":\"https:\/\/penosil.com\/lv\/produkt\/greenhouse-silicone-393\/#breadcrumb\",\"itemListElement\":[{\"@type\":\"ListItem\",\"position\":1,\"name\":\"S\u0101kums\",\"item\":\"https:\/\/penosil.com\/lv\/\"},{\"@type\":\"ListItem\",\"position\":2,\"name\":\"Produkti\",\"item\":\"https:\/\/penosil.com\/lv\/produkti\/\"},{\"@type\":\"ListItem\",\"position\":3,\"name\":\"Greenhouse Silicone 393\"}]},{\"@type\":\"WebSite\",\"@id\":\"https:\/\/penosil.com\/lv\/#website\",\"url\":\"https:\/\/penosil.com\/lv\/\",\"name\":\"Penosil Latvia\",\"description\":\"\",\"potentialAction\":[{\"@type\":\"SearchAction\",\"target\":{\"@type\":\"EntryPoint\",\"urlTemplate\":\"https:\/\/penosil.com\/lv\/?s={search_term_string}\"},\"query-input\":{\"@type\":\"PropertyValueSpecification\",\"valueRequired\":true,\"valueName\":\"search_term_string\"}}],\"inLanguage\":\"lv-LV\"}]}<\/script>\n<!-- \/ Yoast SEO plugin. -->","yoast_head_json":{"title":"Penosil Greenhouse Silicone 393 silikona herm\u0113ti\u0137is siltumn\u012bc\u0101m","description":"PENOSIL Greenhouse Silicone 393 neitr\u0101ls silikona herm\u0113ti\u0137is ar lielisku sa\u0137eri bl\u012bv\u0113\u0161anas darbiem siltumn\u012bc\u0101s un ziemas d\u0101rzos.","robots":{"index":"index","follow":"follow","max-snippet":"max-snippet:-1","max-image-preview":"max-image-preview:large","max-video-preview":"max-video-preview:-1"},"canonical":"https:\/\/penosil.com\/lv\/produkt\/greenhouse-silicone-393\/","og_locale":"lv_LV","og_type":"article","og_title":"Penosil Greenhouse Silicone 393 silikona herm\u0113ti\u0137is siltumn\u012bc\u0101m","og_description":"PENOSIL Greenhouse Silicone 393 neitr\u0101ls silikona herm\u0113ti\u0137is ar lielisku sa\u0137eri bl\u012bv\u0113\u0161anas darbiem siltumn\u012bc\u0101s un ziemas d\u0101rzos.","og_url":"https:\/\/penosil.com\/lv\/produkt\/greenhouse-silicone-393\/","og_site_name":"Penosil Latvia","article_modified_time":"2026-04-01T09:57:00+00:00","og_image":[{"width":870,"height":2430,"url":"https:\/\/penosil.com\/lv\/wp-content\/uploads\/sites\/31\/2022\/08\/393_Greenhouse_Silicone_393_LT_LV.png","type":"image\/png"}],"twitter_card":"summary_large_image","twitter_misc":{"Est. reading time":"4 minutes"},"schema":{"@context":"https:\/\/schema.org","@graph":[{"@type":"WebPage","@id":"https:\/\/penosil.com\/lv\/produkt\/greenhouse-silicone-393\/","url":"https:\/\/penosil.com\/lv\/produkt\/greenhouse-silicone-393\/","name":"Penosil Greenhouse Silicone 393 silikona herm\u0113ti\u0137is siltumn\u012bc\u0101m","isPartOf":{"@id":"https:\/\/penosil.com\/lv\/#website"},"primaryImageOfPage":{"@id":"https:\/\/penosil.com\/lv\/produkt\/greenhouse-silicone-393\/#primaryimage"},"image":{"@id":"https:\/\/penosil.com\/lv\/produkt\/greenhouse-silicone-393\/#primaryimage"},"thumbnailUrl":"https:\/\/penosil.com\/lv\/wp-content\/uploads\/sites\/31\/2025\/06\/393_Greenhouse_Silicone_393_LT_LV.png","datePublished":"2022-08-14T16:36:27+00:00","dateModified":"2026-04-01T09:57:00+00:00","description":"PENOSIL Greenhouse Silicone 393 neitr\u0101ls silikona herm\u0113ti\u0137is ar lielisku sa\u0137eri bl\u012bv\u0113\u0161anas darbiem siltumn\u012bc\u0101s un ziemas d\u0101rzos.","breadcrumb":{"@id":"https:\/\/penosil.com\/lv\/produkt\/greenhouse-silicone-393\/#breadcrumb"},"inLanguage":"lv-LV","potentialAction":[{"@type":"ReadAction","target":["https:\/\/penosil.com\/lv\/produkt\/greenhouse-silicone-393\/"]}]},{"@type":"ImageObject","inLanguage":"lv-LV","@id":"https:\/\/penosil.com\/lv\/produkt\/greenhouse-silicone-393\/#primaryimage","url":"https:\/\/penosil.com\/lv\/wp-content\/uploads\/sites\/31\/2025\/06\/393_Greenhouse_Silicone_393_LT_LV.png","contentUrl":"https:\/\/penosil.com\/lv\/wp-content\/uploads\/sites\/31\/2025\/06\/393_Greenhouse_Silicone_393_LT_LV.png","width":870,"height":2430},{"@type":"BreadcrumbList","@id":"https:\/\/penosil.com\/lv\/produkt\/greenhouse-silicone-393\/#breadcrumb","itemListElement":[{"@type":"ListItem","position":1,"name":"S\u0101kums","item":"https:\/\/penosil.com\/lv\/"},{"@type":"ListItem","position":2,"name":"Produkti","item":"https:\/\/penosil.com\/lv\/produkti\/"},{"@type":"ListItem","position":3,"name":"Greenhouse Silicone 393"}]},{"@type":"WebSite","@id":"https:\/\/penosil.com\/lv\/#website","url":"https:\/\/penosil.com\/lv\/","name":"Penosil Latvia","description":"","potentialAction":[{"@type":"SearchAction","target":{"@type":"EntryPoint","urlTemplate":"https:\/\/penosil.com\/lv\/?s={search_term_string}"},"query-input":{"@type":"PropertyValueSpecification","valueRequired":true,"valueName":"search_term_string"}}],"inLanguage":"lv-LV"}]}},"featured_img":"https:\/\/penosil.com\/lv\/wp-content\/uploads\/sites\/31\/2025\/06\/393_Greenhouse_Silicone_393_LT_LV.png","coauthors":[],"author_meta":{"author_link":"https:\/\/penosil.com\/lv\/author\/olgakucmasova\/","display_name":"olgakucmasova"},"relative_dates":{"created":"Posted 4 years ago","modified":"Updated 2 weeks ago"},"absolute_dates":{"created":"Posted on August 14, 2022","modified":"Updated on April 1, 2026"},"absolute_dates_time":{"created":"Posted on August 14, 2022 4:36 pm","modified":"Updated on April 1, 2026 9:57 am"},"featured_img_caption":"","tax_additional":{"product_brand":{"linked":[],"unlinked":[],"slug":"product_brand","name":"Brands"},"product_type":{"linked":["<a href=\"https:\/\/penosil.com\/lv\/?taxonomy=product_type&#038;term=simple\" class=\"advgb-post-tax-term\">simple<\/a>"],"unlinked":["<span class=\"advgb-post-tax-term\">simple<\/span>"],"slug":"product_type","name":"Product type"},"product_visibility":{"linked":[],"unlinked":[],"slug":"product_visibility","name":"Product visibility"},"product_cat":{"linked":["<a href=\"https:\/\/penosil.com\/lv\/produkti\/pielietojums\/logi-un-durvis-1\/\" class=\"advgb-post-tax-term\">Logi un durvis<\/a>","<a href=\"https:\/\/penosil.com\/lv\/produkti\/produktu-grupas\/hermetiki-un-mastikas\/neitralie-silikona-hermetki\/\" class=\"advgb-post-tax-term\">Neitr\u0101lie silikona herm\u0113ti\u0137i<\/a>","<a href=\"https:\/\/penosil.com\/lv\/produkti\/produktu-grupas\/hermetiki-un-mastikas\/\" class=\"advgb-post-tax-term\">Herm\u0113ti\u0137i un mastikas<\/a>"],"unlinked":["<span class=\"advgb-post-tax-term\">Logi un durvis<\/span>","<span class=\"advgb-post-tax-term\">Neitr\u0101lie silikona herm\u0113ti\u0137i<\/span>","<span class=\"advgb-post-tax-term\">Herm\u0113ti\u0137i un mastikas<\/span>"],"slug":"product_cat","name":"Product categories"},"product_tag":{"linked":[],"unlinked":[],"slug":"product_tag","name":"Product tags"},"product_shipping_class":{"linked":[],"unlinked":[],"slug":"product_shipping_class","name":"Product shipping classes"},"pos_product_visibility":{"linked":[],"unlinked":[],"slug":"pos_product_visibility","name":"POS Product visibility"},"pa_color":{"linked":["<a href=\"https:\/\/penosil.com\/lv\/?taxonomy=pa_color&#038;term=transparent-lv-2\" class=\"advgb-post-tax-term\">Caursp\u012bd\u012bgs<\/a>"],"unlinked":["<span class=\"advgb-post-tax-term\">Caursp\u012bd\u012bgs<\/span>"],"slug":"pa_color","name":"Product Colour"},"pa_diameter":{"linked":[],"unlinked":[],"slug":"pa_diameter","name":"Product Diameter"},"pa_package":{"linked":["<a href=\"https:\/\/penosil.com\/lv\/?taxonomy=pa_package&#038;term=300-ml-2\" class=\"advgb-post-tax-term\">300 ml<\/a>"],"unlinked":["<span class=\"advgb-post-tax-term\">300 ml<\/span>"],"slug":"pa_package","name":"Product Package"},"pa_roll":{"linked":[],"unlinked":[],"slug":"pa_roll","name":"Product Roll"},"pa_widths":{"linked":[],"unlinked":[],"slug":"pa_widths","name":"Product Widths"},"translation_priority":{"linked":["<a href=\"https:\/\/penosil.com\/lv\/?taxonomy=translation_priority&#038;term=optional-lv\" class=\"advgb-post-tax-term\">Optional<\/a>"],"unlinked":["<span class=\"advgb-post-tax-term\">Optional<\/span>"],"slug":"translation_priority","name":"Translation Priorities"}},"series_order":"","_links":{"self":[{"href":"https:\/\/penosil.com\/lv\/wp-json\/wp\/v2\/product\/28464","targetHints":{"allow":["GET"]}}],"collection":[{"href":"https:\/\/penosil.com\/lv\/wp-json\/wp\/v2\/product"}],"about":[{"href":"https:\/\/penosil.com\/lv\/wp-json\/wp\/v2\/types\/product"}],"version-history":[{"count":5,"href":"https:\/\/penosil.com\/lv\/wp-json\/wp\/v2\/product\/28464\/revisions"}],"predecessor-version":[{"id":32291,"href":"https:\/\/penosil.com\/lv\/wp-json\/wp\/v2\/product\/28464\/revisions\/32291"}],"wp:featuredmedia":[{"embeddable":true,"href":"https:\/\/penosil.com\/lv\/wp-json\/wp\/v2\/media\/32292"}],"wp:attachment":[{"href":"https:\/\/penosil.com\/lv\/wp-json\/wp\/v2\/media?parent=28464"}],"wp:term":[{"taxonomy":"product_brand","embeddable":true,"href":"https:\/\/penosil.com\/lv\/wp-json\/wp\/v2\/product_brand?post=28464"},{"taxonomy":"product_cat","embeddable":true,"href":"https:\/\/penosil.com\/lv\/wp-json\/wp\/v2\/product_cat?post=28464"},{"taxonomy":"product_tag","embeddable":true,"href":"https:\/\/penosil.com\/lv\/wp-json\/wp\/v2\/product_tag?post=28464"}],"curies":[{"name":"wp","href":"https:\/\/api.w.org\/{rel}","templated":true}]}}