{"id":28468,"date":"2022-08-18T13:45:49","date_gmt":"2022-08-18T13:45:49","guid":{"rendered":"https:\/\/penosil.com\/lv\/?post_type=product&#038;p=28468"},"modified":"2026-04-15T00:34:42","modified_gmt":"2026-04-15T00:34:42","slug":"parquet-filler-630-hermetikis-parketam","status":"publish","type":"product","link":"https:\/\/penosil.com\/lv\/produkt\/parquet-filler-630-hermetikis-parketam\/","title":{"rendered":"Parquet Filler 630"},"content":{"rendered":"<p>Plastoelast\u012bgs akrila herm\u0113ti\u0137is uz \u016bdens b\u0101zes koka savienojumu bl\u012bv\u0113\u0161anai, aizpild\u012b\u0161anai un remontam, \u0161uvju bl\u012bv\u0113\u0161anai lakota un nelakota parketa un lamin\u0101ta gr\u012bd\u0101s. Veido sa\u0137eri ar daudziem porainiem un neporainiem materi\u0101liem, piem\u0113ram, betonu, \u0137ie\u0123e\u013ciem, met\u0101liem un \u0123ip\u0161kartona pl\u0101ksn\u0113m.<\/p>\n","protected":false},"excerpt":{"rendered":"Akrila herm\u0113ti\u0137is parketam","protected":false},"author":18,"featured_media":32104,"template":"","meta":{"_acf_changed":false,"advgb_blocks_editor_width":"","advgb_blocks_columns_visual_guide":"","footnotes":""},"product_brand":[],"product_cat":[1605,1629,768],"product_tag":[],"class_list":{"0":"post-28468","1":"product","2":"type-product","3":"status-publish","4":"has-post-thumbnail","6":"product_cat-hermetiki-un-mastikas","7":"product_cat-akrili","8":"product_cat-gridas","10":"first","11":"instock","12":"taxable","13":"shipping-taxable","14":"purchasable","15":"product-type-variable","16":"has-default-attributes"},"acf":[],"yoast_head":"<!-- This site is optimized with the Yoast SEO plugin v27.2 - https:\/\/yoast.com\/product\/yoast-seo-wordpress\/ -->\n<title>Penosil Parquet Filler 630 Herm\u0113ti\u0137is parketa un lamin\u0101ta gr\u012bd\u0101m<\/title>\n<meta name=\"description\" content=\"Penosil Parquet Filler 630 ir plastoelast\u012bgs akrila herm\u0113ti\u0137is \u0161uvju bl\u012bv\u0113\u0161anai lakota un nelakota parketa un lamin\u0101ta gr\u012bd\u0101s.\" \/>\n<meta name=\"robots\" content=\"index, follow, max-snippet:-1, max-image-preview:large, max-video-preview:-1\" \/>\n<link rel=\"canonical\" href=\"https:\/\/penosil.com\/lv\/produkt\/parquet-filler-630-hermetikis-parketam\/\" \/>\n<meta property=\"og:locale\" content=\"lv_LV\" \/>\n<meta property=\"og:type\" content=\"article\" \/>\n<meta property=\"og:title\" content=\"Penosil Parquet Filler 630 Herm\u0113ti\u0137is parketa un lamin\u0101ta gr\u012bd\u0101m\" \/>\n<meta property=\"og:description\" content=\"Penosil Parquet Filler 630 ir plastoelast\u012bgs akrila herm\u0113ti\u0137is \u0161uvju bl\u012bv\u0113\u0161anai lakota un nelakota parketa un lamin\u0101ta gr\u012bd\u0101s.\" \/>\n<meta property=\"og:url\" content=\"https:\/\/penosil.com\/lv\/produkt\/parquet-filler-630-hermetikis-parketam\/\" \/>\n<meta property=\"og:site_name\" content=\"Penosil Latvia\" \/>\n<meta property=\"article:modified_time\" content=\"2026-04-15T00:34:42+00:00\" \/>\n<meta property=\"og:image\" content=\"https:\/\/penosil.com\/lv\/wp-content\/uploads\/sites\/31\/2022\/08\/630_Parquet_Filler_PF37_630_LT_LV.png\" \/>\n\t<meta property=\"og:image:width\" content=\"870\" \/>\n\t<meta property=\"og:image:height\" content=\"2430\" \/>\n\t<meta property=\"og:image:type\" content=\"image\/png\" \/>\n<meta name=\"twitter:card\" content=\"summary_large_image\" \/>\n<meta name=\"twitter:label1\" content=\"Est. reading time\" \/>\n\t<meta name=\"twitter:data1\" content=\"3 minutes\" \/>\n<script type=\"application\/ld+json\" class=\"yoast-schema-graph\">{\"@context\":\"https:\/\/schema.org\",\"@graph\":[{\"@type\":\"WebPage\",\"@id\":\"https:\/\/penosil.com\/lv\/produkt\/parquet-filler-630-hermetikis-parketam\/\",\"url\":\"https:\/\/penosil.com\/lv\/produkt\/parquet-filler-630-hermetikis-parketam\/\",\"name\":\"Penosil Parquet Filler 630 Herm\u0113ti\u0137is parketa un lamin\u0101ta gr\u012bd\u0101m\",\"isPartOf\":{\"@id\":\"https:\/\/penosil.com\/lv\/#website\"},\"primaryImageOfPage\":{\"@id\":\"https:\/\/penosil.com\/lv\/produkt\/parquet-filler-630-hermetikis-parketam\/#primaryimage\"},\"image\":{\"@id\":\"https:\/\/penosil.com\/lv\/produkt\/parquet-filler-630-hermetikis-parketam\/#primaryimage\"},\"thumbnailUrl\":\"https:\/\/penosil.com\/lv\/wp-content\/uploads\/sites\/31\/2025\/05\/630_Parquet_Filler_PF104_630_LT_LV.png\",\"datePublished\":\"2022-08-18T13:45:49+00:00\",\"dateModified\":\"2026-04-15T00:34:42+00:00\",\"description\":\"Penosil Parquet Filler 630 ir plastoelast\u012bgs akrila herm\u0113ti\u0137is \u0161uvju bl\u012bv\u0113\u0161anai lakota un nelakota parketa un lamin\u0101ta gr\u012bd\u0101s.\",\"breadcrumb\":{\"@id\":\"https:\/\/penosil.com\/lv\/produkt\/parquet-filler-630-hermetikis-parketam\/#breadcrumb\"},\"inLanguage\":\"lv-LV\",\"potentialAction\":[{\"@type\":\"ReadAction\",\"target\":[\"https:\/\/penosil.com\/lv\/produkt\/parquet-filler-630-hermetikis-parketam\/\"]}]},{\"@type\":\"ImageObject\",\"inLanguage\":\"lv-LV\",\"@id\":\"https:\/\/penosil.com\/lv\/produkt\/parquet-filler-630-hermetikis-parketam\/#primaryimage\",\"url\":\"https:\/\/penosil.com\/lv\/wp-content\/uploads\/sites\/31\/2025\/05\/630_Parquet_Filler_PF104_630_LT_LV.png\",\"contentUrl\":\"https:\/\/penosil.com\/lv\/wp-content\/uploads\/sites\/31\/2025\/05\/630_Parquet_Filler_PF104_630_LT_LV.png\",\"width\":870,\"height\":2430},{\"@type\":\"BreadcrumbList\",\"@id\":\"https:\/\/penosil.com\/lv\/produkt\/parquet-filler-630-hermetikis-parketam\/#breadcrumb\",\"itemListElement\":[{\"@type\":\"ListItem\",\"position\":1,\"name\":\"S\u0101kums\",\"item\":\"https:\/\/penosil.com\/lv\/\"},{\"@type\":\"ListItem\",\"position\":2,\"name\":\"Produkti\",\"item\":\"https:\/\/penosil.com\/lv\/produkti\/\"},{\"@type\":\"ListItem\",\"position\":3,\"name\":\"Parquet Filler 630\"}]},{\"@type\":\"WebSite\",\"@id\":\"https:\/\/penosil.com\/lv\/#website\",\"url\":\"https:\/\/penosil.com\/lv\/\",\"name\":\"Penosil Latvia\",\"description\":\"\",\"potentialAction\":[{\"@type\":\"SearchAction\",\"target\":{\"@type\":\"EntryPoint\",\"urlTemplate\":\"https:\/\/penosil.com\/lv\/?s={search_term_string}\"},\"query-input\":{\"@type\":\"PropertyValueSpecification\",\"valueRequired\":true,\"valueName\":\"search_term_string\"}}],\"inLanguage\":\"lv-LV\"}]}<\/script>\n<!-- \/ Yoast SEO plugin. -->","yoast_head_json":{"title":"Penosil Parquet Filler 630 Herm\u0113ti\u0137is parketa un lamin\u0101ta gr\u012bd\u0101m","description":"Penosil Parquet Filler 630 ir plastoelast\u012bgs akrila herm\u0113ti\u0137is \u0161uvju bl\u012bv\u0113\u0161anai lakota un nelakota parketa un lamin\u0101ta gr\u012bd\u0101s.","robots":{"index":"index","follow":"follow","max-snippet":"max-snippet:-1","max-image-preview":"max-image-preview:large","max-video-preview":"max-video-preview:-1"},"canonical":"https:\/\/penosil.com\/lv\/produkt\/parquet-filler-630-hermetikis-parketam\/","og_locale":"lv_LV","og_type":"article","og_title":"Penosil Parquet Filler 630 Herm\u0113ti\u0137is parketa un lamin\u0101ta gr\u012bd\u0101m","og_description":"Penosil Parquet Filler 630 ir plastoelast\u012bgs akrila herm\u0113ti\u0137is \u0161uvju bl\u012bv\u0113\u0161anai lakota un nelakota parketa un lamin\u0101ta gr\u012bd\u0101s.","og_url":"https:\/\/penosil.com\/lv\/produkt\/parquet-filler-630-hermetikis-parketam\/","og_site_name":"Penosil Latvia","article_modified_time":"2026-04-15T00:34:42+00:00","og_image":[{"width":870,"height":2430,"url":"https:\/\/penosil.com\/lv\/wp-content\/uploads\/sites\/31\/2022\/08\/630_Parquet_Filler_PF37_630_LT_LV.png","type":"image\/png"}],"twitter_card":"summary_large_image","twitter_misc":{"Est. reading time":"3 minutes"},"schema":{"@context":"https:\/\/schema.org","@graph":[{"@type":"WebPage","@id":"https:\/\/penosil.com\/lv\/produkt\/parquet-filler-630-hermetikis-parketam\/","url":"https:\/\/penosil.com\/lv\/produkt\/parquet-filler-630-hermetikis-parketam\/","name":"Penosil Parquet Filler 630 Herm\u0113ti\u0137is parketa un lamin\u0101ta gr\u012bd\u0101m","isPartOf":{"@id":"https:\/\/penosil.com\/lv\/#website"},"primaryImageOfPage":{"@id":"https:\/\/penosil.com\/lv\/produkt\/parquet-filler-630-hermetikis-parketam\/#primaryimage"},"image":{"@id":"https:\/\/penosil.com\/lv\/produkt\/parquet-filler-630-hermetikis-parketam\/#primaryimage"},"thumbnailUrl":"https:\/\/penosil.com\/lv\/wp-content\/uploads\/sites\/31\/2025\/05\/630_Parquet_Filler_PF104_630_LT_LV.png","datePublished":"2022-08-18T13:45:49+00:00","dateModified":"2026-04-15T00:34:42+00:00","description":"Penosil Parquet Filler 630 ir plastoelast\u012bgs akrila herm\u0113ti\u0137is \u0161uvju bl\u012bv\u0113\u0161anai lakota un nelakota parketa un lamin\u0101ta gr\u012bd\u0101s.","breadcrumb":{"@id":"https:\/\/penosil.com\/lv\/produkt\/parquet-filler-630-hermetikis-parketam\/#breadcrumb"},"inLanguage":"lv-LV","potentialAction":[{"@type":"ReadAction","target":["https:\/\/penosil.com\/lv\/produkt\/parquet-filler-630-hermetikis-parketam\/"]}]},{"@type":"ImageObject","inLanguage":"lv-LV","@id":"https:\/\/penosil.com\/lv\/produkt\/parquet-filler-630-hermetikis-parketam\/#primaryimage","url":"https:\/\/penosil.com\/lv\/wp-content\/uploads\/sites\/31\/2025\/05\/630_Parquet_Filler_PF104_630_LT_LV.png","contentUrl":"https:\/\/penosil.com\/lv\/wp-content\/uploads\/sites\/31\/2025\/05\/630_Parquet_Filler_PF104_630_LT_LV.png","width":870,"height":2430},{"@type":"BreadcrumbList","@id":"https:\/\/penosil.com\/lv\/produkt\/parquet-filler-630-hermetikis-parketam\/#breadcrumb","itemListElement":[{"@type":"ListItem","position":1,"name":"S\u0101kums","item":"https:\/\/penosil.com\/lv\/"},{"@type":"ListItem","position":2,"name":"Produkti","item":"https:\/\/penosil.com\/lv\/produkti\/"},{"@type":"ListItem","position":3,"name":"Parquet Filler 630"}]},{"@type":"WebSite","@id":"https:\/\/penosil.com\/lv\/#website","url":"https:\/\/penosil.com\/lv\/","name":"Penosil Latvia","description":"","potentialAction":[{"@type":"SearchAction","target":{"@type":"EntryPoint","urlTemplate":"https:\/\/penosil.com\/lv\/?s={search_term_string}"},"query-input":{"@type":"PropertyValueSpecification","valueRequired":true,"valueName":"search_term_string"}}],"inLanguage":"lv-LV"}]}},"featured_img":"https:\/\/penosil.com\/lv\/wp-content\/uploads\/sites\/31\/2025\/05\/630_Parquet_Filler_PF104_630_LT_LV.png","coauthors":[],"author_meta":{"author_link":"https:\/\/penosil.com\/lv\/author\/olgakucmasova\/","display_name":"olgakucmasova"},"relative_dates":{"created":"Posted 4 years ago","modified":"Updated 7 hours ago"},"absolute_dates":{"created":"Posted on August 18, 2022","modified":"Updated on April 15, 2026"},"absolute_dates_time":{"created":"Posted on August 18, 2022 1:45 pm","modified":"Updated on April 15, 2026 12:34 am"},"featured_img_caption":"","tax_additional":{"product_brand":{"linked":[],"unlinked":[],"slug":"product_brand","name":"Brands"},"product_type":{"linked":["<a href=\"https:\/\/penosil.com\/lv\/?taxonomy=product_type&#038;term=variable\" class=\"advgb-post-tax-term\">variable<\/a>"],"unlinked":["<span class=\"advgb-post-tax-term\">variable<\/span>"],"slug":"product_type","name":"Product type"},"product_visibility":{"linked":[],"unlinked":[],"slug":"product_visibility","name":"Product visibility"},"product_cat":{"linked":["<a href=\"https:\/\/penosil.com\/lv\/produkti\/produktu-grupas\/hermetiki-un-mastikas\/\" class=\"advgb-post-tax-term\">Herm\u0113ti\u0137i un mastikas<\/a>","<a href=\"https:\/\/penosil.com\/lv\/produkti\/produktu-grupas\/hermetiki-un-mastikas\/akrili\/\" class=\"advgb-post-tax-term\">Akrila herm\u0113ti\u0137i<\/a>","<a href=\"https:\/\/penosil.com\/lv\/produkti\/pielietojums\/gridas\/\" class=\"advgb-post-tax-term\">Gr\u012bdas<\/a>"],"unlinked":["<span class=\"advgb-post-tax-term\">Herm\u0113ti\u0137i un mastikas<\/span>","<span class=\"advgb-post-tax-term\">Akrila herm\u0113ti\u0137i<\/span>","<span class=\"advgb-post-tax-term\">Gr\u012bdas<\/span>"],"slug":"product_cat","name":"Product categories"},"product_tag":{"linked":[],"unlinked":[],"slug":"product_tag","name":"Product tags"},"product_shipping_class":{"linked":[],"unlinked":[],"slug":"product_shipping_class","name":"Product shipping classes"},"pos_product_visibility":{"linked":[],"unlinked":[],"slug":"pos_product_visibility","name":"POS Product visibility"},"pa_color":{"linked":["<a href=\"https:\/\/penosil.com\/lv\/?taxonomy=pa_color&#038;term=reddish-alder-lv-2\" class=\"advgb-post-tax-term\">Sarkanais alksnis<\/a>","<a href=\"https:\/\/penosil.com\/lv\/?taxonomy=pa_color&#038;term=alder-lv-2\" class=\"advgb-post-tax-term\">Alksnis<\/a>","<a href=\"https:\/\/penosil.com\/lv\/?taxonomy=pa_color&#038;term=beech-lv-2\" class=\"advgb-post-tax-term\">Di\u017eskab\u0101rdis<\/a>","<a href=\"https:\/\/penosil.com\/lv\/?taxonomy=pa_color&#038;term=dark-cherry-lv-2\" class=\"advgb-post-tax-term\">Tum\u0161s \u0137irsis<\/a>","<a href=\"https:\/\/penosil.com\/lv\/?taxonomy=pa_color&#038;term=dark-oak-lv\" class=\"advgb-post-tax-term\">Tum\u0161s ozols<\/a>","<a href=\"https:\/\/penosil.com\/lv\/?taxonomy=pa_color&#038;term=mahogany-lv-2\" class=\"advgb-post-tax-term\">Sarkankoks<\/a>","<a href=\"https:\/\/penosil.com\/lv\/?taxonomy=pa_color&#038;term=maple-lv-2\" class=\"advgb-post-tax-term\">K\u013cava<\/a>","<a href=\"https:\/\/penosil.com\/lv\/?taxonomy=pa_color&#038;term=oak-lv-2\" class=\"advgb-post-tax-term\">Ozols<\/a>"],"unlinked":["<span class=\"advgb-post-tax-term\">Sarkanais alksnis<\/span>","<span class=\"advgb-post-tax-term\">Alksnis<\/span>","<span class=\"advgb-post-tax-term\">Di\u017eskab\u0101rdis<\/span>","<span class=\"advgb-post-tax-term\">Tum\u0161s \u0137irsis<\/span>","<span class=\"advgb-post-tax-term\">Tum\u0161s ozols<\/span>","<span class=\"advgb-post-tax-term\">Sarkankoks<\/span>","<span class=\"advgb-post-tax-term\">K\u013cava<\/span>","<span class=\"advgb-post-tax-term\">Ozols<\/span>"],"slug":"pa_color","name":"Product Colour"},"pa_diameter":{"linked":[],"unlinked":[],"slug":"pa_diameter","name":"Product Diameter"},"pa_package":{"linked":["<a href=\"https:\/\/penosil.com\/lv\/?taxonomy=pa_package&#038;term=300-ml-2\" class=\"advgb-post-tax-term\">300 ml<\/a>"],"unlinked":["<span class=\"advgb-post-tax-term\">300 ml<\/span>"],"slug":"pa_package","name":"Product Package"},"pa_roll":{"linked":[],"unlinked":[],"slug":"pa_roll","name":"Product Roll"},"pa_widths":{"linked":[],"unlinked":[],"slug":"pa_widths","name":"Product Widths"},"translation_priority":{"linked":["<a href=\"https:\/\/penosil.com\/lv\/?taxonomy=translation_priority&#038;term=optional-lv\" class=\"advgb-post-tax-term\">Optional<\/a>"],"unlinked":["<span class=\"advgb-post-tax-term\">Optional<\/span>"],"slug":"translation_priority","name":"Translation Priorities"}},"series_order":"","_links":{"self":[{"href":"https:\/\/penosil.com\/lv\/wp-json\/wp\/v2\/product\/28468","targetHints":{"allow":["GET"]}}],"collection":[{"href":"https:\/\/penosil.com\/lv\/wp-json\/wp\/v2\/product"}],"about":[{"href":"https:\/\/penosil.com\/lv\/wp-json\/wp\/v2\/types\/product"}],"version-history":[{"count":5,"href":"https:\/\/penosil.com\/lv\/wp-json\/wp\/v2\/product\/28468\/revisions"}],"predecessor-version":[{"id":32103,"href":"https:\/\/penosil.com\/lv\/wp-json\/wp\/v2\/product\/28468\/revisions\/32103"}],"wp:featuredmedia":[{"embeddable":true,"href":"https:\/\/penosil.com\/lv\/wp-json\/wp\/v2\/media\/32104"}],"wp:attachment":[{"href":"https:\/\/penosil.com\/lv\/wp-json\/wp\/v2\/media?parent=28468"}],"wp:term":[{"taxonomy":"product_brand","embeddable":true,"href":"https:\/\/penosil.com\/lv\/wp-json\/wp\/v2\/product_brand?post=28468"},{"taxonomy":"product_cat","embeddable":true,"href":"https:\/\/penosil.com\/lv\/wp-json\/wp\/v2\/product_cat?post=28468"},{"taxonomy":"product_tag","embeddable":true,"href":"https:\/\/penosil.com\/lv\/wp-json\/wp\/v2\/product_tag?post=28468"}],"curies":[{"name":"wp","href":"https:\/\/api.w.org\/{rel}","templated":true}]}}