{"id":28566,"date":"2022-09-22T12:43:58","date_gmt":"2022-09-22T12:43:58","guid":{"rendered":"https:\/\/penosil.com\/lv\/?post_type=product&#038;p=28566"},"modified":"2026-04-01T09:57:00","modified_gmt":"2026-04-01T09:57:00","slug":"bitumen-sealant-939","status":"publish","type":"product","link":"https:\/\/penosil.com\/lv\/produkt\/bitumen-sealant-939\/","title":{"rendered":"Bitumen Sealant 939"},"content":{"rendered":"<p>PENOSIL Bitumen Sealant 939 pla\u0161a pielietojuma, plastiski elast\u012bgs herm\u0113ti\u0137is uz \u0161\u0137\u012bdin\u0101t\u0101ju b\u0101zes da\u017e\u0101diem remonta un bl\u012bv\u0113\u0161anas \u0101rdarbiem. Lieliska sa\u0137ere ar da\u017e\u0101d\u0101m virsm\u0101m, ar\u012b ar bitumena un mitr\u0101m virsm\u0101m. Ar \u013coti augstu viskozit\u0101ti un \u0101tru pl\u0113ves izveido\u0161an\u0101s laiku, l\u012bdz ar to var tik pla\u0161i izmantots da\u017eados \u0101rdarbos.<\/p>\n","protected":false},"excerpt":{"rendered":"Pla\u0161a pielietojuma herm\u0113ti\u0137is \u0101rdarbiem","protected":false},"author":18,"featured_media":32130,"template":"","meta":{"_acf_changed":false,"advgb_blocks_editor_width":"","advgb_blocks_columns_visual_guide":"","footnotes":""},"product_brand":[],"product_cat":[1082,1605,2597],"product_tag":[],"class_list":{"0":"post-28566","1":"product","2":"type-product","3":"status-publish","4":"has-post-thumbnail","6":"product_cat-jumti-un-fasades-1","7":"product_cat-hermetiki-un-mastikas","8":"product_cat-hermetiki-uz-skidinataja-bazes","10":"first","11":"instock","12":"taxable","13":"shipping-taxable","14":"purchasable","15":"product-type-simple"},"acf":[],"yoast_head":"<!-- This site is optimized with the Yoast SEO plugin v27.2 - https:\/\/yoast.com\/product\/yoast-seo-wordpress\/ -->\n<title>Penosil Bitumen 939 Sealant herm\u0113ti\u0137is \u0101rdarbiem<\/title>\n<meta name=\"description\" content=\"PENOSIL Bitumen 939 Sealant ir pla\u0161a pielietojuma herm\u0113ti\u0137is \u0101rdarbiem. Uzreiz k\u013c\u016bst iztur\u012bgs pret lietu un ledu. Uzzin\u0101t vair\u0101k!\" \/>\n<meta name=\"robots\" content=\"index, follow, max-snippet:-1, max-image-preview:large, max-video-preview:-1\" \/>\n<link rel=\"canonical\" href=\"https:\/\/penosil.com\/lv\/produkt\/bitumen-sealant-939\/\" \/>\n<meta property=\"og:locale\" content=\"lv_LV\" \/>\n<meta property=\"og:type\" content=\"article\" \/>\n<meta property=\"og:title\" content=\"Penosil Bitumen 939 Sealant herm\u0113ti\u0137is \u0101rdarbiem\" \/>\n<meta property=\"og:description\" content=\"PENOSIL Bitumen 939 Sealant ir pla\u0161a pielietojuma herm\u0113ti\u0137is \u0101rdarbiem. Uzreiz k\u013c\u016bst iztur\u012bgs pret lietu un ledu. Uzzin\u0101t vair\u0101k!\" \/>\n<meta property=\"og:url\" content=\"https:\/\/penosil.com\/lv\/produkt\/bitumen-sealant-939\/\" \/>\n<meta property=\"og:site_name\" content=\"Penosil Latvia\" \/>\n<meta property=\"article:modified_time\" content=\"2026-04-01T09:57:00+00:00\" \/>\n<meta property=\"og:image\" content=\"https:\/\/penosil.com\/lv\/wp-content\/uploads\/sites\/31\/2025\/05\/939_Bitumen_Sealant_939_LT_LV.png\" \/>\n\t<meta property=\"og:image:width\" content=\"870\" \/>\n\t<meta property=\"og:image:height\" content=\"2430\" \/>\n\t<meta property=\"og:image:type\" content=\"image\/png\" \/>\n<meta name=\"twitter:card\" content=\"summary_large_image\" \/>\n<meta name=\"twitter:label1\" content=\"Est. reading time\" \/>\n\t<meta name=\"twitter:data1\" content=\"4 minutes\" \/>\n<script type=\"application\/ld+json\" class=\"yoast-schema-graph\">{\"@context\":\"https:\/\/schema.org\",\"@graph\":[{\"@type\":\"WebPage\",\"@id\":\"https:\/\/penosil.com\/lv\/produkt\/bitumen-sealant-939\/\",\"url\":\"https:\/\/penosil.com\/lv\/produkt\/bitumen-sealant-939\/\",\"name\":\"Penosil Bitumen 939 Sealant herm\u0113ti\u0137is \u0101rdarbiem\",\"isPartOf\":{\"@id\":\"https:\/\/penosil.com\/lv\/#website\"},\"primaryImageOfPage\":{\"@id\":\"https:\/\/penosil.com\/lv\/produkt\/bitumen-sealant-939\/#primaryimage\"},\"image\":{\"@id\":\"https:\/\/penosil.com\/lv\/produkt\/bitumen-sealant-939\/#primaryimage\"},\"thumbnailUrl\":\"https:\/\/penosil.com\/lv\/wp-content\/uploads\/sites\/31\/2025\/05\/939_Bitumen_Sealant_939_LT_LV.png\",\"datePublished\":\"2022-09-22T12:43:58+00:00\",\"dateModified\":\"2026-04-01T09:57:00+00:00\",\"description\":\"PENOSIL Bitumen 939 Sealant ir pla\u0161a pielietojuma herm\u0113ti\u0137is \u0101rdarbiem. Uzreiz k\u013c\u016bst iztur\u012bgs pret lietu un ledu. Uzzin\u0101t vair\u0101k!\",\"breadcrumb\":{\"@id\":\"https:\/\/penosil.com\/lv\/produkt\/bitumen-sealant-939\/#breadcrumb\"},\"inLanguage\":\"lv-LV\",\"potentialAction\":[{\"@type\":\"ReadAction\",\"target\":[\"https:\/\/penosil.com\/lv\/produkt\/bitumen-sealant-939\/\"]}]},{\"@type\":\"ImageObject\",\"inLanguage\":\"lv-LV\",\"@id\":\"https:\/\/penosil.com\/lv\/produkt\/bitumen-sealant-939\/#primaryimage\",\"url\":\"https:\/\/penosil.com\/lv\/wp-content\/uploads\/sites\/31\/2025\/05\/939_Bitumen_Sealant_939_LT_LV.png\",\"contentUrl\":\"https:\/\/penosil.com\/lv\/wp-content\/uploads\/sites\/31\/2025\/05\/939_Bitumen_Sealant_939_LT_LV.png\",\"width\":870,\"height\":2430},{\"@type\":\"BreadcrumbList\",\"@id\":\"https:\/\/penosil.com\/lv\/produkt\/bitumen-sealant-939\/#breadcrumb\",\"itemListElement\":[{\"@type\":\"ListItem\",\"position\":1,\"name\":\"S\u0101kums\",\"item\":\"https:\/\/penosil.com\/lv\/\"},{\"@type\":\"ListItem\",\"position\":2,\"name\":\"Produkti\",\"item\":\"https:\/\/penosil.com\/lv\/produkti\/\"},{\"@type\":\"ListItem\",\"position\":3,\"name\":\"Bitumen Sealant 939\"}]},{\"@type\":\"WebSite\",\"@id\":\"https:\/\/penosil.com\/lv\/#website\",\"url\":\"https:\/\/penosil.com\/lv\/\",\"name\":\"Penosil Latvia\",\"description\":\"\",\"potentialAction\":[{\"@type\":\"SearchAction\",\"target\":{\"@type\":\"EntryPoint\",\"urlTemplate\":\"https:\/\/penosil.com\/lv\/?s={search_term_string}\"},\"query-input\":{\"@type\":\"PropertyValueSpecification\",\"valueRequired\":true,\"valueName\":\"search_term_string\"}}],\"inLanguage\":\"lv-LV\"}]}<\/script>\n<!-- \/ Yoast SEO plugin. -->","yoast_head_json":{"title":"Penosil Bitumen 939 Sealant herm\u0113ti\u0137is \u0101rdarbiem","description":"PENOSIL Bitumen 939 Sealant ir pla\u0161a pielietojuma herm\u0113ti\u0137is \u0101rdarbiem. Uzreiz k\u013c\u016bst iztur\u012bgs pret lietu un ledu. Uzzin\u0101t vair\u0101k!","robots":{"index":"index","follow":"follow","max-snippet":"max-snippet:-1","max-image-preview":"max-image-preview:large","max-video-preview":"max-video-preview:-1"},"canonical":"https:\/\/penosil.com\/lv\/produkt\/bitumen-sealant-939\/","og_locale":"lv_LV","og_type":"article","og_title":"Penosil Bitumen 939 Sealant herm\u0113ti\u0137is \u0101rdarbiem","og_description":"PENOSIL Bitumen 939 Sealant ir pla\u0161a pielietojuma herm\u0113ti\u0137is \u0101rdarbiem. Uzreiz k\u013c\u016bst iztur\u012bgs pret lietu un ledu. Uzzin\u0101t vair\u0101k!","og_url":"https:\/\/penosil.com\/lv\/produkt\/bitumen-sealant-939\/","og_site_name":"Penosil Latvia","article_modified_time":"2026-04-01T09:57:00+00:00","og_image":[{"width":870,"height":2430,"url":"https:\/\/penosil.com\/lv\/wp-content\/uploads\/sites\/31\/2025\/05\/939_Bitumen_Sealant_939_LT_LV.png","type":"image\/png"}],"twitter_card":"summary_large_image","twitter_misc":{"Est. reading time":"4 minutes"},"schema":{"@context":"https:\/\/schema.org","@graph":[{"@type":"WebPage","@id":"https:\/\/penosil.com\/lv\/produkt\/bitumen-sealant-939\/","url":"https:\/\/penosil.com\/lv\/produkt\/bitumen-sealant-939\/","name":"Penosil Bitumen 939 Sealant herm\u0113ti\u0137is \u0101rdarbiem","isPartOf":{"@id":"https:\/\/penosil.com\/lv\/#website"},"primaryImageOfPage":{"@id":"https:\/\/penosil.com\/lv\/produkt\/bitumen-sealant-939\/#primaryimage"},"image":{"@id":"https:\/\/penosil.com\/lv\/produkt\/bitumen-sealant-939\/#primaryimage"},"thumbnailUrl":"https:\/\/penosil.com\/lv\/wp-content\/uploads\/sites\/31\/2025\/05\/939_Bitumen_Sealant_939_LT_LV.png","datePublished":"2022-09-22T12:43:58+00:00","dateModified":"2026-04-01T09:57:00+00:00","description":"PENOSIL Bitumen 939 Sealant ir pla\u0161a pielietojuma herm\u0113ti\u0137is \u0101rdarbiem. Uzreiz k\u013c\u016bst iztur\u012bgs pret lietu un ledu. Uzzin\u0101t vair\u0101k!","breadcrumb":{"@id":"https:\/\/penosil.com\/lv\/produkt\/bitumen-sealant-939\/#breadcrumb"},"inLanguage":"lv-LV","potentialAction":[{"@type":"ReadAction","target":["https:\/\/penosil.com\/lv\/produkt\/bitumen-sealant-939\/"]}]},{"@type":"ImageObject","inLanguage":"lv-LV","@id":"https:\/\/penosil.com\/lv\/produkt\/bitumen-sealant-939\/#primaryimage","url":"https:\/\/penosil.com\/lv\/wp-content\/uploads\/sites\/31\/2025\/05\/939_Bitumen_Sealant_939_LT_LV.png","contentUrl":"https:\/\/penosil.com\/lv\/wp-content\/uploads\/sites\/31\/2025\/05\/939_Bitumen_Sealant_939_LT_LV.png","width":870,"height":2430},{"@type":"BreadcrumbList","@id":"https:\/\/penosil.com\/lv\/produkt\/bitumen-sealant-939\/#breadcrumb","itemListElement":[{"@type":"ListItem","position":1,"name":"S\u0101kums","item":"https:\/\/penosil.com\/lv\/"},{"@type":"ListItem","position":2,"name":"Produkti","item":"https:\/\/penosil.com\/lv\/produkti\/"},{"@type":"ListItem","position":3,"name":"Bitumen Sealant 939"}]},{"@type":"WebSite","@id":"https:\/\/penosil.com\/lv\/#website","url":"https:\/\/penosil.com\/lv\/","name":"Penosil Latvia","description":"","potentialAction":[{"@type":"SearchAction","target":{"@type":"EntryPoint","urlTemplate":"https:\/\/penosil.com\/lv\/?s={search_term_string}"},"query-input":{"@type":"PropertyValueSpecification","valueRequired":true,"valueName":"search_term_string"}}],"inLanguage":"lv-LV"}]}},"featured_img":"https:\/\/penosil.com\/lv\/wp-content\/uploads\/sites\/31\/2025\/05\/939_Bitumen_Sealant_939_LT_LV.png","coauthors":[],"author_meta":{"author_link":"https:\/\/penosil.com\/lv\/author\/olgakucmasova\/","display_name":"olgakucmasova"},"relative_dates":{"created":"Posted 4 years ago","modified":"Updated 2 weeks ago"},"absolute_dates":{"created":"Posted on September 22, 2022","modified":"Updated on April 1, 2026"},"absolute_dates_time":{"created":"Posted on September 22, 2022 12:43 pm","modified":"Updated on April 1, 2026 9:57 am"},"featured_img_caption":"","tax_additional":{"product_brand":{"linked":[],"unlinked":[],"slug":"product_brand","name":"Brands"},"product_type":{"linked":["<a href=\"https:\/\/penosil.com\/lv\/?taxonomy=product_type&#038;term=simple\" class=\"advgb-post-tax-term\">simple<\/a>"],"unlinked":["<span class=\"advgb-post-tax-term\">simple<\/span>"],"slug":"product_type","name":"Product type"},"product_visibility":{"linked":[],"unlinked":[],"slug":"product_visibility","name":"Product visibility"},"product_cat":{"linked":["<a href=\"https:\/\/penosil.com\/lv\/produkti\/pielietojums\/jumti-un-fasades-1\/\" class=\"advgb-post-tax-term\">Jumti un fas\u0101des<\/a>","<a href=\"https:\/\/penosil.com\/lv\/produkti\/produktu-grupas\/hermetiki-un-mastikas\/\" class=\"advgb-post-tax-term\">Herm\u0113ti\u0137i un mastikas<\/a>","<a href=\"https:\/\/penosil.com\/lv\/produkti\/produktu-grupas\/hermetiki-un-mastikas\/hermetiki-uz-skidinataja-bazes\/\" class=\"advgb-post-tax-term\">Herm\u0113ti\u0137i uz \u0161\u0137\u012bdin\u0101t\u0101ja b\u0101zes<\/a>"],"unlinked":["<span class=\"advgb-post-tax-term\">Jumti un fas\u0101des<\/span>","<span class=\"advgb-post-tax-term\">Herm\u0113ti\u0137i un mastikas<\/span>","<span class=\"advgb-post-tax-term\">Herm\u0113ti\u0137i uz \u0161\u0137\u012bdin\u0101t\u0101ja b\u0101zes<\/span>"],"slug":"product_cat","name":"Product categories"},"product_tag":{"linked":[],"unlinked":[],"slug":"product_tag","name":"Product tags"},"product_shipping_class":{"linked":[],"unlinked":[],"slug":"product_shipping_class","name":"Product shipping classes"},"pos_product_visibility":{"linked":[],"unlinked":[],"slug":"pos_product_visibility","name":"POS Product visibility"},"pa_color":{"linked":["<a href=\"https:\/\/penosil.com\/lv\/?taxonomy=pa_color&#038;term=black-lv-2\" class=\"advgb-post-tax-term\">Melns<\/a>"],"unlinked":["<span class=\"advgb-post-tax-term\">Melns<\/span>"],"slug":"pa_color","name":"Product Colour"},"pa_diameter":{"linked":[],"unlinked":[],"slug":"pa_diameter","name":"Product Diameter"},"pa_package":{"linked":["<a href=\"https:\/\/penosil.com\/lv\/?taxonomy=pa_package&#038;term=300-ml-2\" class=\"advgb-post-tax-term\">300 ml<\/a>"],"unlinked":["<span class=\"advgb-post-tax-term\">300 ml<\/span>"],"slug":"pa_package","name":"Product Package"},"pa_roll":{"linked":[],"unlinked":[],"slug":"pa_roll","name":"Product Roll"},"pa_widths":{"linked":[],"unlinked":[],"slug":"pa_widths","name":"Product Widths"},"translation_priority":{"linked":["<a href=\"https:\/\/penosil.com\/lv\/?taxonomy=translation_priority&#038;term=optional-lv\" class=\"advgb-post-tax-term\">Optional<\/a>"],"unlinked":["<span class=\"advgb-post-tax-term\">Optional<\/span>"],"slug":"translation_priority","name":"Translation Priorities"}},"series_order":"","_links":{"self":[{"href":"https:\/\/penosil.com\/lv\/wp-json\/wp\/v2\/product\/28566","targetHints":{"allow":["GET"]}}],"collection":[{"href":"https:\/\/penosil.com\/lv\/wp-json\/wp\/v2\/product"}],"about":[{"href":"https:\/\/penosil.com\/lv\/wp-json\/wp\/v2\/types\/product"}],"version-history":[{"count":7,"href":"https:\/\/penosil.com\/lv\/wp-json\/wp\/v2\/product\/28566\/revisions"}],"predecessor-version":[{"id":32736,"href":"https:\/\/penosil.com\/lv\/wp-json\/wp\/v2\/product\/28566\/revisions\/32736"}],"wp:featuredmedia":[{"embeddable":true,"href":"https:\/\/penosil.com\/lv\/wp-json\/wp\/v2\/media\/32130"}],"wp:attachment":[{"href":"https:\/\/penosil.com\/lv\/wp-json\/wp\/v2\/media?parent=28566"}],"wp:term":[{"taxonomy":"product_brand","embeddable":true,"href":"https:\/\/penosil.com\/lv\/wp-json\/wp\/v2\/product_brand?post=28566"},{"taxonomy":"product_cat","embeddable":true,"href":"https:\/\/penosil.com\/lv\/wp-json\/wp\/v2\/product_cat?post=28566"},{"taxonomy":"product_tag","embeddable":true,"href":"https:\/\/penosil.com\/lv\/wp-json\/wp\/v2\/product_tag?post=28566"}],"curies":[{"name":"wp","href":"https:\/\/api.w.org\/{rel}","templated":true}]}}