{"id":28570,"date":"2022-09-26T06:57:34","date_gmt":"2022-09-26T06:57:34","guid":{"rendered":"https:\/\/penosil.com\/lv\/?post_type=product&#038;p=28570"},"modified":"2026-04-15T00:03:22","modified_gmt":"2026-04-15T00:03:22","slug":"wet-room-323","status":"publish","type":"product","link":"https:\/\/penosil.com\/lv\/produkt\/wet-room-323\/","title":{"rendered":"Wet Room Silicone 323 \/ 323 c"},"content":{"rendered":"<p>PENOSIL Wet Room Silicone 323\u00a0 ir sk\u0101bs sanit\u0101rais silikona herm\u0113ti\u0137is da\u017e\u0101diem bl\u012bv\u0113\u0161anas un aizpild\u012b\u0161anas darbiem mitr\u0101s telp\u0101s. Saciet\u0113jot, izveido pret pel\u0113jumu un \u016bdeni iztur\u012bgu, elast\u012bgu bl\u012bv\u0113jumu.<\/p>\n","protected":false},"excerpt":{"rendered":"Sk\u0101bs sanit\u0101rais silikona herm\u0113ti\u0137is","protected":false},"author":18,"featured_media":32301,"template":"","meta":{"_acf_changed":false,"advgb_blocks_editor_width":"","advgb_blocks_columns_visual_guide":"","footnotes":""},"product_brand":[],"product_cat":[1652,1605,1146],"product_tag":[],"class_list":{"0":"post-28570","1":"product","2":"type-product","3":"status-publish","4":"has-post-thumbnail","6":"product_cat-skabie-silikona-hermetiki","7":"product_cat-hermetiki-un-mastikas","8":"product_cat-sanitaras-telpas","10":"first","11":"instock","12":"taxable","13":"shipping-taxable","14":"purchasable","15":"product-type-variable","16":"has-default-attributes"},"acf":[],"yoast_head":"<!-- This site is optimized with the Yoast SEO plugin v27.2 - https:\/\/yoast.com\/product\/yoast-seo-wordpress\/ -->\n<title>Sanit\u0101rais silikona herm\u0113ti\u0137is PENOSIL Wet Room 323 Silicone<\/title>\n<meta name=\"description\" content=\"PENOSIL Wet Room 323 Silicone sanit\u0101rais silikona herm\u0113ti\u0137is izol\u0113, bl\u012bv\u0113 visus materi\u0101lus. Tas ieliski padodas apstr\u0101dei, \u0101tri saciet\u0113.\" \/>\n<meta name=\"robots\" content=\"index, follow, max-snippet:-1, max-image-preview:large, max-video-preview:-1\" \/>\n<link rel=\"canonical\" href=\"https:\/\/penosil.com\/lv\/produkt\/wet-room-323\/\" \/>\n<meta property=\"og:locale\" content=\"lv_LV\" \/>\n<meta property=\"og:type\" content=\"article\" \/>\n<meta property=\"og:title\" content=\"Sanit\u0101rais silikona herm\u0113ti\u0137is PENOSIL Wet Room 323 Silicone\" \/>\n<meta property=\"og:description\" content=\"PENOSIL Wet Room 323 Silicone sanit\u0101rais silikona herm\u0113ti\u0137is izol\u0113, bl\u012bv\u0113 visus materi\u0101lus. Tas ieliski padodas apstr\u0101dei, \u0101tri saciet\u0113.\" \/>\n<meta property=\"og:url\" content=\"https:\/\/penosil.com\/lv\/produkt\/wet-room-323\/\" \/>\n<meta property=\"og:site_name\" content=\"Penosil Latvia\" \/>\n<meta property=\"article:modified_time\" content=\"2026-04-15T00:03:22+00:00\" \/>\n<meta property=\"og:image\" content=\"https:\/\/penosil.com\/lv\/wp-content\/uploads\/sites\/31\/2025\/06\/323_Wet_Room_Silicone_323_LT_LV.png\" \/>\n\t<meta property=\"og:image:width\" content=\"870\" \/>\n\t<meta property=\"og:image:height\" content=\"2430\" \/>\n\t<meta property=\"og:image:type\" content=\"image\/png\" \/>\n<meta name=\"twitter:card\" content=\"summary_large_image\" \/>\n<meta name=\"twitter:label1\" content=\"Est. reading time\" \/>\n\t<meta name=\"twitter:data1\" content=\"4 minutes\" \/>\n<script type=\"application\/ld+json\" class=\"yoast-schema-graph\">{\"@context\":\"https:\/\/schema.org\",\"@graph\":[{\"@type\":\"WebPage\",\"@id\":\"https:\/\/penosil.com\/lv\/produkt\/wet-room-323\/\",\"url\":\"https:\/\/penosil.com\/lv\/produkt\/wet-room-323\/\",\"name\":\"Sanit\u0101rais silikona herm\u0113ti\u0137is PENOSIL Wet Room 323 Silicone\",\"isPartOf\":{\"@id\":\"https:\/\/penosil.com\/lv\/#website\"},\"primaryImageOfPage\":{\"@id\":\"https:\/\/penosil.com\/lv\/produkt\/wet-room-323\/#primaryimage\"},\"image\":{\"@id\":\"https:\/\/penosil.com\/lv\/produkt\/wet-room-323\/#primaryimage\"},\"thumbnailUrl\":\"https:\/\/penosil.com\/lv\/wp-content\/uploads\/sites\/31\/2025\/06\/323_Wet_Room_Silicone_323_LT_LV.png\",\"datePublished\":\"2022-09-26T06:57:34+00:00\",\"dateModified\":\"2026-04-15T00:03:22+00:00\",\"description\":\"PENOSIL Wet Room 323 Silicone sanit\u0101rais silikona herm\u0113ti\u0137is izol\u0113, bl\u012bv\u0113 visus materi\u0101lus. Tas ieliski padodas apstr\u0101dei, \u0101tri saciet\u0113.\",\"breadcrumb\":{\"@id\":\"https:\/\/penosil.com\/lv\/produkt\/wet-room-323\/#breadcrumb\"},\"inLanguage\":\"lv-LV\",\"potentialAction\":[{\"@type\":\"ReadAction\",\"target\":[\"https:\/\/penosil.com\/lv\/produkt\/wet-room-323\/\"]}]},{\"@type\":\"ImageObject\",\"inLanguage\":\"lv-LV\",\"@id\":\"https:\/\/penosil.com\/lv\/produkt\/wet-room-323\/#primaryimage\",\"url\":\"https:\/\/penosil.com\/lv\/wp-content\/uploads\/sites\/31\/2025\/06\/323_Wet_Room_Silicone_323_LT_LV.png\",\"contentUrl\":\"https:\/\/penosil.com\/lv\/wp-content\/uploads\/sites\/31\/2025\/06\/323_Wet_Room_Silicone_323_LT_LV.png\",\"width\":870,\"height\":2430},{\"@type\":\"BreadcrumbList\",\"@id\":\"https:\/\/penosil.com\/lv\/produkt\/wet-room-323\/#breadcrumb\",\"itemListElement\":[{\"@type\":\"ListItem\",\"position\":1,\"name\":\"S\u0101kums\",\"item\":\"https:\/\/penosil.com\/lv\/\"},{\"@type\":\"ListItem\",\"position\":2,\"name\":\"Produkti\",\"item\":\"https:\/\/penosil.com\/lv\/produkti\/\"},{\"@type\":\"ListItem\",\"position\":3,\"name\":\"Wet Room Silicone 323 \/ 323 c\"}]},{\"@type\":\"WebSite\",\"@id\":\"https:\/\/penosil.com\/lv\/#website\",\"url\":\"https:\/\/penosil.com\/lv\/\",\"name\":\"Penosil Latvia\",\"description\":\"\",\"potentialAction\":[{\"@type\":\"SearchAction\",\"target\":{\"@type\":\"EntryPoint\",\"urlTemplate\":\"https:\/\/penosil.com\/lv\/?s={search_term_string}\"},\"query-input\":{\"@type\":\"PropertyValueSpecification\",\"valueRequired\":true,\"valueName\":\"search_term_string\"}}],\"inLanguage\":\"lv-LV\"}]}<\/script>\n<!-- \/ Yoast SEO plugin. -->","yoast_head_json":{"title":"Sanit\u0101rais silikona herm\u0113ti\u0137is PENOSIL Wet Room 323 Silicone","description":"PENOSIL Wet Room 323 Silicone sanit\u0101rais silikona herm\u0113ti\u0137is izol\u0113, bl\u012bv\u0113 visus materi\u0101lus. Tas ieliski padodas apstr\u0101dei, \u0101tri saciet\u0113.","robots":{"index":"index","follow":"follow","max-snippet":"max-snippet:-1","max-image-preview":"max-image-preview:large","max-video-preview":"max-video-preview:-1"},"canonical":"https:\/\/penosil.com\/lv\/produkt\/wet-room-323\/","og_locale":"lv_LV","og_type":"article","og_title":"Sanit\u0101rais silikona herm\u0113ti\u0137is PENOSIL Wet Room 323 Silicone","og_description":"PENOSIL Wet Room 323 Silicone sanit\u0101rais silikona herm\u0113ti\u0137is izol\u0113, bl\u012bv\u0113 visus materi\u0101lus. Tas ieliski padodas apstr\u0101dei, \u0101tri saciet\u0113.","og_url":"https:\/\/penosil.com\/lv\/produkt\/wet-room-323\/","og_site_name":"Penosil Latvia","article_modified_time":"2026-04-15T00:03:22+00:00","og_image":[{"width":870,"height":2430,"url":"https:\/\/penosil.com\/lv\/wp-content\/uploads\/sites\/31\/2025\/06\/323_Wet_Room_Silicone_323_LT_LV.png","type":"image\/png"}],"twitter_card":"summary_large_image","twitter_misc":{"Est. reading time":"4 minutes"},"schema":{"@context":"https:\/\/schema.org","@graph":[{"@type":"WebPage","@id":"https:\/\/penosil.com\/lv\/produkt\/wet-room-323\/","url":"https:\/\/penosil.com\/lv\/produkt\/wet-room-323\/","name":"Sanit\u0101rais silikona herm\u0113ti\u0137is PENOSIL Wet Room 323 Silicone","isPartOf":{"@id":"https:\/\/penosil.com\/lv\/#website"},"primaryImageOfPage":{"@id":"https:\/\/penosil.com\/lv\/produkt\/wet-room-323\/#primaryimage"},"image":{"@id":"https:\/\/penosil.com\/lv\/produkt\/wet-room-323\/#primaryimage"},"thumbnailUrl":"https:\/\/penosil.com\/lv\/wp-content\/uploads\/sites\/31\/2025\/06\/323_Wet_Room_Silicone_323_LT_LV.png","datePublished":"2022-09-26T06:57:34+00:00","dateModified":"2026-04-15T00:03:22+00:00","description":"PENOSIL Wet Room 323 Silicone sanit\u0101rais silikona herm\u0113ti\u0137is izol\u0113, bl\u012bv\u0113 visus materi\u0101lus. Tas ieliski padodas apstr\u0101dei, \u0101tri saciet\u0113.","breadcrumb":{"@id":"https:\/\/penosil.com\/lv\/produkt\/wet-room-323\/#breadcrumb"},"inLanguage":"lv-LV","potentialAction":[{"@type":"ReadAction","target":["https:\/\/penosil.com\/lv\/produkt\/wet-room-323\/"]}]},{"@type":"ImageObject","inLanguage":"lv-LV","@id":"https:\/\/penosil.com\/lv\/produkt\/wet-room-323\/#primaryimage","url":"https:\/\/penosil.com\/lv\/wp-content\/uploads\/sites\/31\/2025\/06\/323_Wet_Room_Silicone_323_LT_LV.png","contentUrl":"https:\/\/penosil.com\/lv\/wp-content\/uploads\/sites\/31\/2025\/06\/323_Wet_Room_Silicone_323_LT_LV.png","width":870,"height":2430},{"@type":"BreadcrumbList","@id":"https:\/\/penosil.com\/lv\/produkt\/wet-room-323\/#breadcrumb","itemListElement":[{"@type":"ListItem","position":1,"name":"S\u0101kums","item":"https:\/\/penosil.com\/lv\/"},{"@type":"ListItem","position":2,"name":"Produkti","item":"https:\/\/penosil.com\/lv\/produkti\/"},{"@type":"ListItem","position":3,"name":"Wet Room Silicone 323 \/ 323 c"}]},{"@type":"WebSite","@id":"https:\/\/penosil.com\/lv\/#website","url":"https:\/\/penosil.com\/lv\/","name":"Penosil Latvia","description":"","potentialAction":[{"@type":"SearchAction","target":{"@type":"EntryPoint","urlTemplate":"https:\/\/penosil.com\/lv\/?s={search_term_string}"},"query-input":{"@type":"PropertyValueSpecification","valueRequired":true,"valueName":"search_term_string"}}],"inLanguage":"lv-LV"}]}},"featured_img":"https:\/\/penosil.com\/lv\/wp-content\/uploads\/sites\/31\/2025\/06\/323_Wet_Room_Silicone_323_LT_LV.png","coauthors":[],"author_meta":{"author_link":"https:\/\/penosil.com\/lv\/author\/olgakucmasova\/","display_name":"olgakucmasova"},"relative_dates":{"created":"Posted 4 years ago","modified":"Updated 7 hours ago"},"absolute_dates":{"created":"Posted on September 26, 2022","modified":"Updated on April 15, 2026"},"absolute_dates_time":{"created":"Posted on September 26, 2022 6:57 am","modified":"Updated on April 15, 2026 12:03 am"},"featured_img_caption":"","tax_additional":{"product_brand":{"linked":[],"unlinked":[],"slug":"product_brand","name":"Brands"},"product_type":{"linked":["<a href=\"https:\/\/penosil.com\/lv\/?taxonomy=product_type&#038;term=variable\" class=\"advgb-post-tax-term\">variable<\/a>"],"unlinked":["<span class=\"advgb-post-tax-term\">variable<\/span>"],"slug":"product_type","name":"Product type"},"product_visibility":{"linked":[],"unlinked":[],"slug":"product_visibility","name":"Product visibility"},"product_cat":{"linked":["<a href=\"https:\/\/penosil.com\/lv\/produkti\/produktu-grupas\/hermetiki-un-mastikas\/skabie-silikona-hermetiki\/\" class=\"advgb-post-tax-term\">Sk\u0101bie silikona herm\u0113ti\u0137i<\/a>","<a href=\"https:\/\/penosil.com\/lv\/produkti\/produktu-grupas\/hermetiki-un-mastikas\/\" class=\"advgb-post-tax-term\">Herm\u0113ti\u0137i un mastikas<\/a>","<a href=\"https:\/\/penosil.com\/lv\/produkti\/pielietojums\/sanitaras-telpas\/\" class=\"advgb-post-tax-term\">Sanit\u0101r\u0101s telpas<\/a>"],"unlinked":["<span class=\"advgb-post-tax-term\">Sk\u0101bie silikona herm\u0113ti\u0137i<\/span>","<span class=\"advgb-post-tax-term\">Herm\u0113ti\u0137i un mastikas<\/span>","<span class=\"advgb-post-tax-term\">Sanit\u0101r\u0101s telpas<\/span>"],"slug":"product_cat","name":"Product categories"},"product_tag":{"linked":[],"unlinked":[],"slug":"product_tag","name":"Product tags"},"product_shipping_class":{"linked":[],"unlinked":[],"slug":"product_shipping_class","name":"Product shipping classes"},"pos_product_visibility":{"linked":[],"unlinked":[],"slug":"pos_product_visibility","name":"POS Product visibility"},"pa_color":{"linked":["<a href=\"https:\/\/penosil.com\/lv\/?taxonomy=pa_color&#038;term=white-lv-2\" class=\"advgb-post-tax-term\">Balts<\/a>","<a href=\"https:\/\/penosil.com\/lv\/?taxonomy=pa_color&#038;term=transparent-lv-2\" class=\"advgb-post-tax-term\">Caursp\u012bd\u012bgs<\/a>"],"unlinked":["<span class=\"advgb-post-tax-term\">Balts<\/span>","<span class=\"advgb-post-tax-term\">Caursp\u012bd\u012bgs<\/span>"],"slug":"pa_color","name":"Product Colour"},"pa_diameter":{"linked":[],"unlinked":[],"slug":"pa_diameter","name":"Product Diameter"},"pa_package":{"linked":["<a href=\"https:\/\/penosil.com\/lv\/?taxonomy=pa_package&#038;term=280-ml-lv-2\" class=\"advgb-post-tax-term\">280 ml<\/a>"],"unlinked":["<span class=\"advgb-post-tax-term\">280 ml<\/span>"],"slug":"pa_package","name":"Product Package"},"pa_roll":{"linked":[],"unlinked":[],"slug":"pa_roll","name":"Product Roll"},"pa_widths":{"linked":[],"unlinked":[],"slug":"pa_widths","name":"Product Widths"},"translation_priority":{"linked":["<a href=\"https:\/\/penosil.com\/lv\/?taxonomy=translation_priority&#038;term=optional-lv\" class=\"advgb-post-tax-term\">Optional<\/a>"],"unlinked":["<span class=\"advgb-post-tax-term\">Optional<\/span>"],"slug":"translation_priority","name":"Translation Priorities"}},"series_order":"","_links":{"self":[{"href":"https:\/\/penosil.com\/lv\/wp-json\/wp\/v2\/product\/28570","targetHints":{"allow":["GET"]}}],"collection":[{"href":"https:\/\/penosil.com\/lv\/wp-json\/wp\/v2\/product"}],"about":[{"href":"https:\/\/penosil.com\/lv\/wp-json\/wp\/v2\/types\/product"}],"version-history":[{"count":8,"href":"https:\/\/penosil.com\/lv\/wp-json\/wp\/v2\/product\/28570\/revisions"}],"predecessor-version":[{"id":32816,"href":"https:\/\/penosil.com\/lv\/wp-json\/wp\/v2\/product\/28570\/revisions\/32816"}],"wp:featuredmedia":[{"embeddable":true,"href":"https:\/\/penosil.com\/lv\/wp-json\/wp\/v2\/media\/32301"}],"wp:attachment":[{"href":"https:\/\/penosil.com\/lv\/wp-json\/wp\/v2\/media?parent=28570"}],"wp:term":[{"taxonomy":"product_brand","embeddable":true,"href":"https:\/\/penosil.com\/lv\/wp-json\/wp\/v2\/product_brand?post=28570"},{"taxonomy":"product_cat","embeddable":true,"href":"https:\/\/penosil.com\/lv\/wp-json\/wp\/v2\/product_cat?post=28570"},{"taxonomy":"product_tag","embeddable":true,"href":"https:\/\/penosil.com\/lv\/wp-json\/wp\/v2\/product_tag?post=28570"}],"curies":[{"name":"wp","href":"https:\/\/api.w.org\/{rel}","templated":true}]}}