{"id":28582,"date":"2022-09-26T10:43:34","date_gmt":"2022-09-26T10:43:34","guid":{"rendered":"https:\/\/penosil.com\/lv\/?post_type=product&#038;p=28582"},"modified":"2026-04-01T09:56:58","modified_gmt":"2026-04-01T09:56:58","slug":"filling-foam-212","status":"publish","type":"product","link":"https:\/\/penosil.com\/lv\/produkt\/filling-foam-212\/","title":{"rendered":"Filling Foam 212"},"content":{"rendered":"<p>PENOSIL Filling Foam 212 ir vienkomponenta, lieto\u0161anai gatavas, vissezonu putas ar salmi\u0146aplikatoru da\u017e\u0101diem celtniec\u012bbas darbiem, piem., caurumu aizpild\u012b\u0161anai, \u0161uvju un caurvadu izol\u0101cijai, siltuma un ska\u0146as izol\u0101cijai. Laba sa\u0137ere ar vairumu materi\u0101lu, piem., koku, betonu, akmeni, \u0123ipsi, met\u0101lu, PVC un polistirolu.<\/p>\n","protected":false},"excerpt":{"rendered":"Vissezonu putas aizpild\u012b\u0161anas un izol\u0101cijas darbiem","protected":false},"author":18,"featured_media":32175,"template":"","meta":{"_acf_changed":false,"advgb_blocks_editor_width":"","advgb_blocks_columns_visual_guide":"","footnotes":""},"product_brand":[],"product_cat":[1500,1571,579],"product_tag":[],"class_list":{"0":"post-28582","1":"product","2":"type-product","3":"status-publish","4":"has-post-thumbnail","6":"product_cat-celtniecibas-putas","7":"product_cat-putas-ar-salminaplikatoru","8":"product_cat-apdare","10":"first","11":"instock","12":"taxable","13":"shipping-taxable","14":"purchasable","15":"product-type-simple"},"acf":[],"yoast_head":"<!-- This site is optimized with the Yoast SEO plugin v27.2 - https:\/\/yoast.com\/product\/yoast-seo-wordpress\/ -->\n<title>PENOSIL Filling Foam 212 Vissezonu putas aizpild\u012b\u0161anas darbiem<\/title>\n<meta name=\"description\" content=\"PENOSILFilling Foam 212 Vissezonu putas ar salmi\u0146aplikator aizpild\u012b\u0161anas un izol\u0101cijas darbiem. Laba siltuma un ska\u0146as izol\u0101cija. Vair\u0101k info!\" \/>\n<meta name=\"robots\" content=\"index, follow, max-snippet:-1, max-image-preview:large, max-video-preview:-1\" \/>\n<link rel=\"canonical\" href=\"https:\/\/penosil.com\/lv\/produkt\/filling-foam-212\/\" \/>\n<meta property=\"og:locale\" content=\"lv_LV\" \/>\n<meta property=\"og:type\" content=\"article\" \/>\n<meta property=\"og:title\" content=\"PENOSIL Filling Foam 212 Vissezonu putas aizpild\u012b\u0161anas darbiem\" \/>\n<meta property=\"og:description\" content=\"PENOSILFilling Foam 212 Vissezonu putas ar salmi\u0146aplikator aizpild\u012b\u0161anas un izol\u0101cijas darbiem. Laba siltuma un ska\u0146as izol\u0101cija. Vair\u0101k info!\" \/>\n<meta property=\"og:url\" content=\"https:\/\/penosil.com\/lv\/produkt\/filling-foam-212\/\" \/>\n<meta property=\"og:site_name\" content=\"Penosil Latvia\" \/>\n<meta property=\"article:modified_time\" content=\"2026-04-01T09:56:58+00:00\" \/>\n<meta property=\"og:image\" content=\"https:\/\/penosil.com\/lv\/wp-content\/uploads\/sites\/31\/2022\/09\/212_Filling_Foam_212_LT_LV.png\" \/>\n\t<meta property=\"og:image:width\" content=\"523\" \/>\n\t<meta property=\"og:image:height\" content=\"1080\" \/>\n\t<meta property=\"og:image:type\" content=\"image\/png\" \/>\n<meta name=\"twitter:card\" content=\"summary_large_image\" \/>\n<meta name=\"twitter:label1\" content=\"Est. reading time\" \/>\n\t<meta name=\"twitter:data1\" content=\"5 minutes\" \/>\n<script type=\"application\/ld+json\" class=\"yoast-schema-graph\">{\"@context\":\"https:\/\/schema.org\",\"@graph\":[{\"@type\":\"WebPage\",\"@id\":\"https:\/\/penosil.com\/lv\/produkt\/filling-foam-212\/\",\"url\":\"https:\/\/penosil.com\/lv\/produkt\/filling-foam-212\/\",\"name\":\"PENOSIL Filling Foam 212 Vissezonu putas aizpild\u012b\u0161anas darbiem\",\"isPartOf\":{\"@id\":\"https:\/\/penosil.com\/lv\/#website\"},\"primaryImageOfPage\":{\"@id\":\"https:\/\/penosil.com\/lv\/produkt\/filling-foam-212\/#primaryimage\"},\"image\":{\"@id\":\"https:\/\/penosil.com\/lv\/produkt\/filling-foam-212\/#primaryimage\"},\"thumbnailUrl\":\"https:\/\/penosil.com\/lv\/wp-content\/uploads\/sites\/31\/2025\/06\/212_Filling_Foam_212_LT_LV.png\",\"datePublished\":\"2022-09-26T10:43:34+00:00\",\"dateModified\":\"2026-04-01T09:56:58+00:00\",\"description\":\"PENOSILFilling Foam 212 Vissezonu putas ar salmi\u0146aplikator aizpild\u012b\u0161anas un izol\u0101cijas darbiem. Laba siltuma un ska\u0146as izol\u0101cija. Vair\u0101k info!\",\"breadcrumb\":{\"@id\":\"https:\/\/penosil.com\/lv\/produkt\/filling-foam-212\/#breadcrumb\"},\"inLanguage\":\"lv-LV\",\"potentialAction\":[{\"@type\":\"ReadAction\",\"target\":[\"https:\/\/penosil.com\/lv\/produkt\/filling-foam-212\/\"]}]},{\"@type\":\"ImageObject\",\"inLanguage\":\"lv-LV\",\"@id\":\"https:\/\/penosil.com\/lv\/produkt\/filling-foam-212\/#primaryimage\",\"url\":\"https:\/\/penosil.com\/lv\/wp-content\/uploads\/sites\/31\/2025\/06\/212_Filling_Foam_212_LT_LV.png\",\"contentUrl\":\"https:\/\/penosil.com\/lv\/wp-content\/uploads\/sites\/31\/2025\/06\/212_Filling_Foam_212_LT_LV.png\",\"width\":523,\"height\":1080},{\"@type\":\"BreadcrumbList\",\"@id\":\"https:\/\/penosil.com\/lv\/produkt\/filling-foam-212\/#breadcrumb\",\"itemListElement\":[{\"@type\":\"ListItem\",\"position\":1,\"name\":\"S\u0101kums\",\"item\":\"https:\/\/penosil.com\/lv\/\"},{\"@type\":\"ListItem\",\"position\":2,\"name\":\"Produkti\",\"item\":\"https:\/\/penosil.com\/lv\/produkti\/\"},{\"@type\":\"ListItem\",\"position\":3,\"name\":\"Filling Foam 212\"}]},{\"@type\":\"WebSite\",\"@id\":\"https:\/\/penosil.com\/lv\/#website\",\"url\":\"https:\/\/penosil.com\/lv\/\",\"name\":\"Penosil Latvia\",\"description\":\"\",\"potentialAction\":[{\"@type\":\"SearchAction\",\"target\":{\"@type\":\"EntryPoint\",\"urlTemplate\":\"https:\/\/penosil.com\/lv\/?s={search_term_string}\"},\"query-input\":{\"@type\":\"PropertyValueSpecification\",\"valueRequired\":true,\"valueName\":\"search_term_string\"}}],\"inLanguage\":\"lv-LV\"}]}<\/script>\n<!-- \/ Yoast SEO plugin. -->","yoast_head_json":{"title":"PENOSIL Filling Foam 212 Vissezonu putas aizpild\u012b\u0161anas darbiem","description":"PENOSILFilling Foam 212 Vissezonu putas ar salmi\u0146aplikator aizpild\u012b\u0161anas un izol\u0101cijas darbiem. Laba siltuma un ska\u0146as izol\u0101cija. Vair\u0101k info!","robots":{"index":"index","follow":"follow","max-snippet":"max-snippet:-1","max-image-preview":"max-image-preview:large","max-video-preview":"max-video-preview:-1"},"canonical":"https:\/\/penosil.com\/lv\/produkt\/filling-foam-212\/","og_locale":"lv_LV","og_type":"article","og_title":"PENOSIL Filling Foam 212 Vissezonu putas aizpild\u012b\u0161anas darbiem","og_description":"PENOSILFilling Foam 212 Vissezonu putas ar salmi\u0146aplikator aizpild\u012b\u0161anas un izol\u0101cijas darbiem. Laba siltuma un ska\u0146as izol\u0101cija. Vair\u0101k info!","og_url":"https:\/\/penosil.com\/lv\/produkt\/filling-foam-212\/","og_site_name":"Penosil Latvia","article_modified_time":"2026-04-01T09:56:58+00:00","og_image":[{"width":523,"height":1080,"url":"https:\/\/penosil.com\/lv\/wp-content\/uploads\/sites\/31\/2022\/09\/212_Filling_Foam_212_LT_LV.png","type":"image\/png"}],"twitter_card":"summary_large_image","twitter_misc":{"Est. reading time":"5 minutes"},"schema":{"@context":"https:\/\/schema.org","@graph":[{"@type":"WebPage","@id":"https:\/\/penosil.com\/lv\/produkt\/filling-foam-212\/","url":"https:\/\/penosil.com\/lv\/produkt\/filling-foam-212\/","name":"PENOSIL Filling Foam 212 Vissezonu putas aizpild\u012b\u0161anas darbiem","isPartOf":{"@id":"https:\/\/penosil.com\/lv\/#website"},"primaryImageOfPage":{"@id":"https:\/\/penosil.com\/lv\/produkt\/filling-foam-212\/#primaryimage"},"image":{"@id":"https:\/\/penosil.com\/lv\/produkt\/filling-foam-212\/#primaryimage"},"thumbnailUrl":"https:\/\/penosil.com\/lv\/wp-content\/uploads\/sites\/31\/2025\/06\/212_Filling_Foam_212_LT_LV.png","datePublished":"2022-09-26T10:43:34+00:00","dateModified":"2026-04-01T09:56:58+00:00","description":"PENOSILFilling Foam 212 Vissezonu putas ar salmi\u0146aplikator aizpild\u012b\u0161anas un izol\u0101cijas darbiem. Laba siltuma un ska\u0146as izol\u0101cija. Vair\u0101k info!","breadcrumb":{"@id":"https:\/\/penosil.com\/lv\/produkt\/filling-foam-212\/#breadcrumb"},"inLanguage":"lv-LV","potentialAction":[{"@type":"ReadAction","target":["https:\/\/penosil.com\/lv\/produkt\/filling-foam-212\/"]}]},{"@type":"ImageObject","inLanguage":"lv-LV","@id":"https:\/\/penosil.com\/lv\/produkt\/filling-foam-212\/#primaryimage","url":"https:\/\/penosil.com\/lv\/wp-content\/uploads\/sites\/31\/2025\/06\/212_Filling_Foam_212_LT_LV.png","contentUrl":"https:\/\/penosil.com\/lv\/wp-content\/uploads\/sites\/31\/2025\/06\/212_Filling_Foam_212_LT_LV.png","width":523,"height":1080},{"@type":"BreadcrumbList","@id":"https:\/\/penosil.com\/lv\/produkt\/filling-foam-212\/#breadcrumb","itemListElement":[{"@type":"ListItem","position":1,"name":"S\u0101kums","item":"https:\/\/penosil.com\/lv\/"},{"@type":"ListItem","position":2,"name":"Produkti","item":"https:\/\/penosil.com\/lv\/produkti\/"},{"@type":"ListItem","position":3,"name":"Filling Foam 212"}]},{"@type":"WebSite","@id":"https:\/\/penosil.com\/lv\/#website","url":"https:\/\/penosil.com\/lv\/","name":"Penosil Latvia","description":"","potentialAction":[{"@type":"SearchAction","target":{"@type":"EntryPoint","urlTemplate":"https:\/\/penosil.com\/lv\/?s={search_term_string}"},"query-input":{"@type":"PropertyValueSpecification","valueRequired":true,"valueName":"search_term_string"}}],"inLanguage":"lv-LV"}]}},"featured_img":"https:\/\/penosil.com\/lv\/wp-content\/uploads\/sites\/31\/2025\/06\/212_Filling_Foam_212_LT_LV.png","coauthors":[],"author_meta":{"author_link":"https:\/\/penosil.com\/lv\/author\/olgakucmasova\/","display_name":"olgakucmasova"},"relative_dates":{"created":"Posted 4 years ago","modified":"Updated 2 weeks ago"},"absolute_dates":{"created":"Posted on September 26, 2022","modified":"Updated on April 1, 2026"},"absolute_dates_time":{"created":"Posted on September 26, 2022 10:43 am","modified":"Updated on April 1, 2026 9:56 am"},"featured_img_caption":"","tax_additional":{"product_brand":{"linked":[],"unlinked":[],"slug":"product_brand","name":"Brands"},"product_type":{"linked":["<a href=\"https:\/\/penosil.com\/lv\/?taxonomy=product_type&#038;term=simple\" class=\"advgb-post-tax-term\">simple<\/a>"],"unlinked":["<span class=\"advgb-post-tax-term\">simple<\/span>"],"slug":"product_type","name":"Product type"},"product_visibility":{"linked":[],"unlinked":[],"slug":"product_visibility","name":"Product visibility"},"product_cat":{"linked":["<a href=\"https:\/\/penosil.com\/lv\/produkti\/produktu-grupas\/celtniecibas-putas\/\" class=\"advgb-post-tax-term\">Celtniec\u012bbas putas<\/a>","<a href=\"https:\/\/penosil.com\/lv\/produkti\/produktu-grupas\/celtniecibas-putas\/putas-ar-salminaplikatoru\/\" class=\"advgb-post-tax-term\">Putas ar salmi\u0146aplikatoru<\/a>","<a href=\"https:\/\/penosil.com\/lv\/produkti\/pielietojums\/apdare\/\" class=\"advgb-post-tax-term\">Apdare<\/a>"],"unlinked":["<span class=\"advgb-post-tax-term\">Celtniec\u012bbas putas<\/span>","<span class=\"advgb-post-tax-term\">Putas ar salmi\u0146aplikatoru<\/span>","<span class=\"advgb-post-tax-term\">Apdare<\/span>"],"slug":"product_cat","name":"Product categories"},"product_tag":{"linked":[],"unlinked":[],"slug":"product_tag","name":"Product tags"},"product_shipping_class":{"linked":[],"unlinked":[],"slug":"product_shipping_class","name":"Product shipping classes"},"pos_product_visibility":{"linked":[],"unlinked":[],"slug":"pos_product_visibility","name":"POS Product visibility"},"pa_color":{"linked":["<a href=\"https:\/\/penosil.com\/lv\/?taxonomy=pa_color&#038;term=light-yellow-lv\" class=\"advgb-post-tax-term\">Gai\u0161i dzeltens<\/a>"],"unlinked":["<span class=\"advgb-post-tax-term\">Gai\u0161i dzeltens<\/span>"],"slug":"pa_color","name":"Product Colour"},"pa_diameter":{"linked":[],"unlinked":[],"slug":"pa_diameter","name":"Product Diameter"},"pa_package":{"linked":["<a href=\"https:\/\/penosil.com\/lv\/?taxonomy=pa_package&#038;term=1000-ml-lv-2\" class=\"advgb-post-tax-term\">1000 ml<\/a>"],"unlinked":["<span class=\"advgb-post-tax-term\">1000 ml<\/span>"],"slug":"pa_package","name":"Product Package"},"pa_roll":{"linked":[],"unlinked":[],"slug":"pa_roll","name":"Product Roll"},"pa_widths":{"linked":[],"unlinked":[],"slug":"pa_widths","name":"Product Widths"},"translation_priority":{"linked":["<a href=\"https:\/\/penosil.com\/lv\/?taxonomy=translation_priority&#038;term=optional-lv\" class=\"advgb-post-tax-term\">Optional<\/a>"],"unlinked":["<span class=\"advgb-post-tax-term\">Optional<\/span>"],"slug":"translation_priority","name":"Translation Priorities"}},"series_order":"","_links":{"self":[{"href":"https:\/\/penosil.com\/lv\/wp-json\/wp\/v2\/product\/28582","targetHints":{"allow":["GET"]}}],"collection":[{"href":"https:\/\/penosil.com\/lv\/wp-json\/wp\/v2\/product"}],"about":[{"href":"https:\/\/penosil.com\/lv\/wp-json\/wp\/v2\/types\/product"}],"version-history":[{"count":4,"href":"https:\/\/penosil.com\/lv\/wp-json\/wp\/v2\/product\/28582\/revisions"}],"predecessor-version":[{"id":32174,"href":"https:\/\/penosil.com\/lv\/wp-json\/wp\/v2\/product\/28582\/revisions\/32174"}],"wp:featuredmedia":[{"embeddable":true,"href":"https:\/\/penosil.com\/lv\/wp-json\/wp\/v2\/media\/32175"}],"wp:attachment":[{"href":"https:\/\/penosil.com\/lv\/wp-json\/wp\/v2\/media?parent=28582"}],"wp:term":[{"taxonomy":"product_brand","embeddable":true,"href":"https:\/\/penosil.com\/lv\/wp-json\/wp\/v2\/product_brand?post=28582"},{"taxonomy":"product_cat","embeddable":true,"href":"https:\/\/penosil.com\/lv\/wp-json\/wp\/v2\/product_cat?post=28582"},{"taxonomy":"product_tag","embeddable":true,"href":"https:\/\/penosil.com\/lv\/wp-json\/wp\/v2\/product_tag?post=28582"}],"curies":[{"name":"wp","href":"https:\/\/api.w.org\/{rel}","templated":true}]}}