{"id":28589,"date":"2022-09-28T13:54:26","date_gmt":"2022-09-28T13:54:26","guid":{"rendered":"https:\/\/penosil.com\/lv\/?post_type=product&#038;p=28589"},"modified":"2026-04-01T09:56:58","modified_gmt":"2026-04-01T09:56:58","slug":"speedfix-construction-878-plasa-pielietojuma-limejosas-putas","status":"publish","type":"product","link":"https:\/\/penosil.com\/lv\/produkt\/speedfix-construction-878-plasa-pielietojuma-limejosas-putas\/","title":{"rendered":"SpeedFix Construction 878"},"content":{"rendered":"<p>PENOSIL SpeedFix Construction 878 ir pla\u0161a pielietojuma l\u012bm\u0113jo\u0161\u0101s putas ar \u012bpa\u0161o EasyGun aplikatoru da\u017e\u0101diem celtniec\u012bbas iek\u0161darbiem un \u0101rdarbiem. Lieliski piem\u0113rotas izol\u0101cijas pl\u0101k\u0161\u0146u, palod\u017eu, celtniec\u012bbas bloku uc. stiprin\u0101\u0161anai un l\u012bm\u0113\u0161anai. \u013boti labas l\u012bm\u0113jo\u0161as un siltumizol\u0113jo\u0161as \u012bpa\u0161\u012bbas.\u00a0<\/p>\n","protected":false},"excerpt":{"rendered":"Pla\u0161a pielietojuma l\u012bm\u0113jo\u0161\u0101s putas","protected":false},"author":18,"featured_media":32545,"template":"","meta":{"_acf_changed":false,"advgb_blocks_editor_width":"","advgb_blocks_columns_visual_guide":"","footnotes":""},"product_brand":[],"product_cat":[1447,218,216],"product_tag":[],"class_list":{"0":"post-28589","1":"product","2":"type-product","3":"status-publish","4":"has-post-thumbnail","6":"product_cat-limejosas-putas","7":"product_cat-limes","8":"product_cat-limesana","10":"first","11":"instock","12":"taxable","13":"shipping-taxable","14":"purchasable","15":"product-type-simple"},"acf":[],"yoast_head":"<!-- This site is optimized with the Yoast SEO plugin v27.2 - https:\/\/yoast.com\/product\/yoast-seo-wordpress\/ -->\n<title>Penosil SpeedFix Construction 878 l\u012bm\u0113jo\u0161\u0101s putas<\/title>\n<meta name=\"description\" content=\"Penosil SpeedFix Construction 878 Pla\u0161a pielietojuma l\u012bm\u0113jo\u0161\u0101s putas da\u017e\u0101diem celtniec\u012bbas iek\u0161- un \u0101rdarbiem. Labas siltumizol\u0101cijas \u012bpa\u0161\u012bbas.\" \/>\n<meta name=\"robots\" content=\"index, follow, max-snippet:-1, max-image-preview:large, max-video-preview:-1\" \/>\n<link rel=\"canonical\" href=\"https:\/\/penosil.com\/lv\/produkt\/speedfix-construction-878-plasa-pielietojuma-limejosas-putas\/\" \/>\n<meta property=\"og:locale\" content=\"lv_LV\" \/>\n<meta property=\"og:type\" content=\"article\" \/>\n<meta property=\"og:title\" content=\"Penosil SpeedFix Construction 878 l\u012bm\u0113jo\u0161\u0101s putas\" \/>\n<meta property=\"og:description\" content=\"Penosil SpeedFix Construction 878 Pla\u0161a pielietojuma l\u012bm\u0113jo\u0161\u0101s putas da\u017e\u0101diem celtniec\u012bbas iek\u0161- un \u0101rdarbiem. Labas siltumizol\u0101cijas \u012bpa\u0161\u012bbas.\" \/>\n<meta property=\"og:url\" content=\"https:\/\/penosil.com\/lv\/produkt\/speedfix-construction-878-plasa-pielietojuma-limejosas-putas\/\" \/>\n<meta property=\"og:site_name\" content=\"Penosil Latvia\" \/>\n<meta property=\"article:modified_time\" content=\"2026-04-01T09:56:58+00:00\" \/>\n<meta property=\"og:image\" content=\"https:\/\/penosil.com\/lv\/wp-content\/uploads\/sites\/31\/2025\/07\/878_SpeedFix_Construction_878_LV_RU.png\" \/>\n\t<meta property=\"og:image:width\" content=\"523\" \/>\n\t<meta property=\"og:image:height\" content=\"1080\" \/>\n\t<meta property=\"og:image:type\" content=\"image\/png\" \/>\n<meta name=\"twitter:card\" content=\"summary_large_image\" \/>\n<meta name=\"twitter:label1\" content=\"Est. reading time\" \/>\n\t<meta name=\"twitter:data1\" content=\"8 minutes\" \/>\n<script type=\"application\/ld+json\" class=\"yoast-schema-graph\">{\"@context\":\"https:\/\/schema.org\",\"@graph\":[{\"@type\":\"WebPage\",\"@id\":\"https:\/\/penosil.com\/lv\/produkt\/speedfix-construction-878-plasa-pielietojuma-limejosas-putas\/\",\"url\":\"https:\/\/penosil.com\/lv\/produkt\/speedfix-construction-878-plasa-pielietojuma-limejosas-putas\/\",\"name\":\"Penosil SpeedFix Construction 878 l\u012bm\u0113jo\u0161\u0101s putas\",\"isPartOf\":{\"@id\":\"https:\/\/penosil.com\/lv\/#website\"},\"primaryImageOfPage\":{\"@id\":\"https:\/\/penosil.com\/lv\/produkt\/speedfix-construction-878-plasa-pielietojuma-limejosas-putas\/#primaryimage\"},\"image\":{\"@id\":\"https:\/\/penosil.com\/lv\/produkt\/speedfix-construction-878-plasa-pielietojuma-limejosas-putas\/#primaryimage\"},\"thumbnailUrl\":\"https:\/\/penosil.com\/lv\/wp-content\/uploads\/sites\/31\/2025\/07\/878_SpeedFix_Construction_878_LV_RU.png\",\"datePublished\":\"2022-09-28T13:54:26+00:00\",\"dateModified\":\"2026-04-01T09:56:58+00:00\",\"description\":\"Penosil SpeedFix Construction 878 Pla\u0161a pielietojuma l\u012bm\u0113jo\u0161\u0101s putas da\u017e\u0101diem celtniec\u012bbas iek\u0161- un \u0101rdarbiem. Labas siltumizol\u0101cijas \u012bpa\u0161\u012bbas.\",\"breadcrumb\":{\"@id\":\"https:\/\/penosil.com\/lv\/produkt\/speedfix-construction-878-plasa-pielietojuma-limejosas-putas\/#breadcrumb\"},\"inLanguage\":\"lv-LV\",\"potentialAction\":[{\"@type\":\"ReadAction\",\"target\":[\"https:\/\/penosil.com\/lv\/produkt\/speedfix-construction-878-plasa-pielietojuma-limejosas-putas\/\"]}]},{\"@type\":\"ImageObject\",\"inLanguage\":\"lv-LV\",\"@id\":\"https:\/\/penosil.com\/lv\/produkt\/speedfix-construction-878-plasa-pielietojuma-limejosas-putas\/#primaryimage\",\"url\":\"https:\/\/penosil.com\/lv\/wp-content\/uploads\/sites\/31\/2025\/07\/878_SpeedFix_Construction_878_LV_RU.png\",\"contentUrl\":\"https:\/\/penosil.com\/lv\/wp-content\/uploads\/sites\/31\/2025\/07\/878_SpeedFix_Construction_878_LV_RU.png\",\"width\":523,\"height\":1080},{\"@type\":\"BreadcrumbList\",\"@id\":\"https:\/\/penosil.com\/lv\/produkt\/speedfix-construction-878-plasa-pielietojuma-limejosas-putas\/#breadcrumb\",\"itemListElement\":[{\"@type\":\"ListItem\",\"position\":1,\"name\":\"S\u0101kums\",\"item\":\"https:\/\/penosil.com\/lv\/\"},{\"@type\":\"ListItem\",\"position\":2,\"name\":\"Produkti\",\"item\":\"https:\/\/penosil.com\/lv\/produkti\/\"},{\"@type\":\"ListItem\",\"position\":3,\"name\":\"SpeedFix Construction 878\"}]},{\"@type\":\"WebSite\",\"@id\":\"https:\/\/penosil.com\/lv\/#website\",\"url\":\"https:\/\/penosil.com\/lv\/\",\"name\":\"Penosil Latvia\",\"description\":\"\",\"potentialAction\":[{\"@type\":\"SearchAction\",\"target\":{\"@type\":\"EntryPoint\",\"urlTemplate\":\"https:\/\/penosil.com\/lv\/?s={search_term_string}\"},\"query-input\":{\"@type\":\"PropertyValueSpecification\",\"valueRequired\":true,\"valueName\":\"search_term_string\"}}],\"inLanguage\":\"lv-LV\"}]}<\/script>\n<!-- \/ Yoast SEO plugin. -->","yoast_head_json":{"title":"Penosil SpeedFix Construction 878 l\u012bm\u0113jo\u0161\u0101s putas","description":"Penosil SpeedFix Construction 878 Pla\u0161a pielietojuma l\u012bm\u0113jo\u0161\u0101s putas da\u017e\u0101diem celtniec\u012bbas iek\u0161- un \u0101rdarbiem. Labas siltumizol\u0101cijas \u012bpa\u0161\u012bbas.","robots":{"index":"index","follow":"follow","max-snippet":"max-snippet:-1","max-image-preview":"max-image-preview:large","max-video-preview":"max-video-preview:-1"},"canonical":"https:\/\/penosil.com\/lv\/produkt\/speedfix-construction-878-plasa-pielietojuma-limejosas-putas\/","og_locale":"lv_LV","og_type":"article","og_title":"Penosil SpeedFix Construction 878 l\u012bm\u0113jo\u0161\u0101s putas","og_description":"Penosil SpeedFix Construction 878 Pla\u0161a pielietojuma l\u012bm\u0113jo\u0161\u0101s putas da\u017e\u0101diem celtniec\u012bbas iek\u0161- un \u0101rdarbiem. Labas siltumizol\u0101cijas \u012bpa\u0161\u012bbas.","og_url":"https:\/\/penosil.com\/lv\/produkt\/speedfix-construction-878-plasa-pielietojuma-limejosas-putas\/","og_site_name":"Penosil Latvia","article_modified_time":"2026-04-01T09:56:58+00:00","og_image":[{"width":523,"height":1080,"url":"https:\/\/penosil.com\/lv\/wp-content\/uploads\/sites\/31\/2025\/07\/878_SpeedFix_Construction_878_LV_RU.png","type":"image\/png"}],"twitter_card":"summary_large_image","twitter_misc":{"Est. reading time":"8 minutes"},"schema":{"@context":"https:\/\/schema.org","@graph":[{"@type":"WebPage","@id":"https:\/\/penosil.com\/lv\/produkt\/speedfix-construction-878-plasa-pielietojuma-limejosas-putas\/","url":"https:\/\/penosil.com\/lv\/produkt\/speedfix-construction-878-plasa-pielietojuma-limejosas-putas\/","name":"Penosil SpeedFix Construction 878 l\u012bm\u0113jo\u0161\u0101s putas","isPartOf":{"@id":"https:\/\/penosil.com\/lv\/#website"},"primaryImageOfPage":{"@id":"https:\/\/penosil.com\/lv\/produkt\/speedfix-construction-878-plasa-pielietojuma-limejosas-putas\/#primaryimage"},"image":{"@id":"https:\/\/penosil.com\/lv\/produkt\/speedfix-construction-878-plasa-pielietojuma-limejosas-putas\/#primaryimage"},"thumbnailUrl":"https:\/\/penosil.com\/lv\/wp-content\/uploads\/sites\/31\/2025\/07\/878_SpeedFix_Construction_878_LV_RU.png","datePublished":"2022-09-28T13:54:26+00:00","dateModified":"2026-04-01T09:56:58+00:00","description":"Penosil SpeedFix Construction 878 Pla\u0161a pielietojuma l\u012bm\u0113jo\u0161\u0101s putas da\u017e\u0101diem celtniec\u012bbas iek\u0161- un \u0101rdarbiem. Labas siltumizol\u0101cijas \u012bpa\u0161\u012bbas.","breadcrumb":{"@id":"https:\/\/penosil.com\/lv\/produkt\/speedfix-construction-878-plasa-pielietojuma-limejosas-putas\/#breadcrumb"},"inLanguage":"lv-LV","potentialAction":[{"@type":"ReadAction","target":["https:\/\/penosil.com\/lv\/produkt\/speedfix-construction-878-plasa-pielietojuma-limejosas-putas\/"]}]},{"@type":"ImageObject","inLanguage":"lv-LV","@id":"https:\/\/penosil.com\/lv\/produkt\/speedfix-construction-878-plasa-pielietojuma-limejosas-putas\/#primaryimage","url":"https:\/\/penosil.com\/lv\/wp-content\/uploads\/sites\/31\/2025\/07\/878_SpeedFix_Construction_878_LV_RU.png","contentUrl":"https:\/\/penosil.com\/lv\/wp-content\/uploads\/sites\/31\/2025\/07\/878_SpeedFix_Construction_878_LV_RU.png","width":523,"height":1080},{"@type":"BreadcrumbList","@id":"https:\/\/penosil.com\/lv\/produkt\/speedfix-construction-878-plasa-pielietojuma-limejosas-putas\/#breadcrumb","itemListElement":[{"@type":"ListItem","position":1,"name":"S\u0101kums","item":"https:\/\/penosil.com\/lv\/"},{"@type":"ListItem","position":2,"name":"Produkti","item":"https:\/\/penosil.com\/lv\/produkti\/"},{"@type":"ListItem","position":3,"name":"SpeedFix Construction 878"}]},{"@type":"WebSite","@id":"https:\/\/penosil.com\/lv\/#website","url":"https:\/\/penosil.com\/lv\/","name":"Penosil Latvia","description":"","potentialAction":[{"@type":"SearchAction","target":{"@type":"EntryPoint","urlTemplate":"https:\/\/penosil.com\/lv\/?s={search_term_string}"},"query-input":{"@type":"PropertyValueSpecification","valueRequired":true,"valueName":"search_term_string"}}],"inLanguage":"lv-LV"}]}},"featured_img":"https:\/\/penosil.com\/lv\/wp-content\/uploads\/sites\/31\/2025\/07\/878_SpeedFix_Construction_878_LV_RU.png","coauthors":[],"author_meta":{"author_link":"https:\/\/penosil.com\/lv\/author\/olgakucmasova\/","display_name":"olgakucmasova"},"relative_dates":{"created":"Posted 4 years ago","modified":"Updated 2 weeks ago"},"absolute_dates":{"created":"Posted on September 28, 2022","modified":"Updated on April 1, 2026"},"absolute_dates_time":{"created":"Posted on September 28, 2022 1:54 pm","modified":"Updated on April 1, 2026 9:56 am"},"featured_img_caption":"","tax_additional":{"product_brand":{"linked":[],"unlinked":[],"slug":"product_brand","name":"Brands"},"product_type":{"linked":["<a href=\"https:\/\/penosil.com\/lv\/?taxonomy=product_type&#038;term=simple\" class=\"advgb-post-tax-term\">simple<\/a>"],"unlinked":["<span class=\"advgb-post-tax-term\">simple<\/span>"],"slug":"product_type","name":"Product type"},"product_visibility":{"linked":[],"unlinked":[],"slug":"product_visibility","name":"Product visibility"},"product_cat":{"linked":["<a href=\"https:\/\/penosil.com\/lv\/produkti\/produktu-grupas\/limes\/limejosas-putas\/\" class=\"advgb-post-tax-term\">L\u012bm\u0113jo\u0161\u0101s putas<\/a>","<a href=\"https:\/\/penosil.com\/lv\/produkti\/produktu-grupas\/limes\/\" class=\"advgb-post-tax-term\">L\u012bmes<\/a>","<a href=\"https:\/\/penosil.com\/lv\/produkti\/pielietojums\/limesana\/\" class=\"advgb-post-tax-term\">L\u012bm\u0113\u0161ana<\/a>"],"unlinked":["<span class=\"advgb-post-tax-term\">L\u012bm\u0113jo\u0161\u0101s putas<\/span>","<span class=\"advgb-post-tax-term\">L\u012bmes<\/span>","<span class=\"advgb-post-tax-term\">L\u012bm\u0113\u0161ana<\/span>"],"slug":"product_cat","name":"Product categories"},"product_tag":{"linked":[],"unlinked":[],"slug":"product_tag","name":"Product tags"},"product_shipping_class":{"linked":[],"unlinked":[],"slug":"product_shipping_class","name":"Product shipping classes"},"pos_product_visibility":{"linked":[],"unlinked":[],"slug":"pos_product_visibility","name":"POS Product visibility"},"pa_color":{"linked":["<a href=\"https:\/\/penosil.com\/lv\/?taxonomy=pa_color&#038;term=grey-lv-2\" class=\"advgb-post-tax-term\">Pel\u0113ks<\/a>"],"unlinked":["<span class=\"advgb-post-tax-term\">Pel\u0113ks<\/span>"],"slug":"pa_color","name":"Product Colour"},"pa_diameter":{"linked":[],"unlinked":[],"slug":"pa_diameter","name":"Product Diameter"},"pa_package":{"linked":["<a href=\"https:\/\/penosil.com\/lv\/?taxonomy=pa_package&#038;term=1000-ml-lv-2\" class=\"advgb-post-tax-term\">1000 ml<\/a>"],"unlinked":["<span class=\"advgb-post-tax-term\">1000 ml<\/span>"],"slug":"pa_package","name":"Product Package"},"pa_roll":{"linked":[],"unlinked":[],"slug":"pa_roll","name":"Product Roll"},"pa_widths":{"linked":[],"unlinked":[],"slug":"pa_widths","name":"Product Widths"},"translation_priority":{"linked":["<a href=\"https:\/\/penosil.com\/lv\/?taxonomy=translation_priority&#038;term=optional-lv\" class=\"advgb-post-tax-term\">Optional<\/a>"],"unlinked":["<span class=\"advgb-post-tax-term\">Optional<\/span>"],"slug":"translation_priority","name":"Translation Priorities"}},"series_order":"","_links":{"self":[{"href":"https:\/\/penosil.com\/lv\/wp-json\/wp\/v2\/product\/28589","targetHints":{"allow":["GET"]}}],"collection":[{"href":"https:\/\/penosil.com\/lv\/wp-json\/wp\/v2\/product"}],"about":[{"href":"https:\/\/penosil.com\/lv\/wp-json\/wp\/v2\/types\/product"}],"version-history":[{"count":9,"href":"https:\/\/penosil.com\/lv\/wp-json\/wp\/v2\/product\/28589\/revisions"}],"predecessor-version":[{"id":32829,"href":"https:\/\/penosil.com\/lv\/wp-json\/wp\/v2\/product\/28589\/revisions\/32829"}],"wp:featuredmedia":[{"embeddable":true,"href":"https:\/\/penosil.com\/lv\/wp-json\/wp\/v2\/media\/32545"}],"wp:attachment":[{"href":"https:\/\/penosil.com\/lv\/wp-json\/wp\/v2\/media?parent=28589"}],"wp:term":[{"taxonomy":"product_brand","embeddable":true,"href":"https:\/\/penosil.com\/lv\/wp-json\/wp\/v2\/product_brand?post=28589"},{"taxonomy":"product_cat","embeddable":true,"href":"https:\/\/penosil.com\/lv\/wp-json\/wp\/v2\/product_cat?post=28589"},{"taxonomy":"product_tag","embeddable":true,"href":"https:\/\/penosil.com\/lv\/wp-json\/wp\/v2\/product_tag?post=28589"}],"curies":[{"name":"wp","href":"https:\/\/api.w.org\/{rel}","templated":true}]}}