{"id":28595,"date":"2022-10-03T06:47:32","date_gmt":"2022-10-03T06:47:32","guid":{"rendered":"https:\/\/penosil.com\/lv\/?post_type=product&#038;p=28595"},"modified":"2026-04-20T13:42:01","modified_gmt":"2026-04-20T13:42:01","slug":"neutral-sanitary-silicone-350","status":"publish","type":"product","link":"https:\/\/penosil.com\/lv\/produkt\/neutral-sanitary-silicone-350\/","title":{"rendered":"Neutral Sanitary Silicone 350 \/ 350c"},"content":{"rendered":"<p>PENOSIL Neutral Sanitary Silicone 350\u00a0 ir pla\u0161a pielietojuma, neitr\u0101ls silikona herm\u0113ti\u0137is sanit\u0101rajiem un ventil\u0101cijas darbiem. Pievienotais fungic\u012bds nodro\u0161ina lielisku iztur\u012bbu pret pel\u0113jumu. Saciet\u0113 istabas temperat\u016br\u0101 atmosf\u0113ras mitruma ietekm\u0113, izveidojot elast\u012bgu silikona gumiju. Piem\u0113rots met\u0101la virsm\u0101m. \u00a0<\/p>\n","protected":false},"excerpt":{"rendered":"Neitr\u0101ls sanit\u0101rais silikona herm\u0113ti\u0137is","protected":false},"author":18,"featured_media":32247,"template":"","meta":{"_acf_changed":false,"advgb_blocks_editor_width":"","advgb_blocks_columns_visual_guide":"","footnotes":""},"product_brand":[],"product_cat":[2596,1605,1146],"product_tag":[],"class_list":{"0":"post-28595","1":"product","2":"type-product","3":"status-publish","4":"has-post-thumbnail","6":"product_cat-neitralie-silikona-hermetki","7":"product_cat-hermetiki-un-mastikas","8":"product_cat-sanitaras-telpas","10":"first","11":"instock","12":"taxable","13":"shipping-taxable","14":"purchasable","15":"product-type-variable","16":"has-default-attributes"},"acf":[],"yoast_head":"<!-- This site is optimized with the Yoast SEO plugin v27.4 - https:\/\/yoast.com\/product\/yoast-seo-wordpress\/ -->\n<title>Penosil Neutral Sanitary Silicone 350 \/ 350c<\/title>\n<meta name=\"description\" content=\"PENOSIL Neutral Sanitary Silicone 350 \/ 350c Neitr\u0101ls sanit\u0101rais silikona herm\u0113ti\u0137is. Iztur\u012bgs pret pel\u0113jumu, neizpl\u016bst \u0161uv\u0113. Uzzin\u0101t vair\u0101k!\" \/>\n<meta name=\"robots\" content=\"index, follow, max-snippet:-1, max-image-preview:large, max-video-preview:-1\" \/>\n<link rel=\"canonical\" href=\"https:\/\/penosil.com\/lv\/produkt\/neutral-sanitary-silicone-350\/\" \/>\n<meta property=\"og:locale\" content=\"lv_LV\" \/>\n<meta property=\"og:type\" content=\"article\" \/>\n<meta property=\"og:title\" content=\"Penosil Neutral Sanitary Silicone 350 \/ 350c\" \/>\n<meta property=\"og:description\" content=\"PENOSIL Neutral Sanitary Silicone 350 \/ 350c Neitr\u0101ls sanit\u0101rais silikona herm\u0113ti\u0137is. Iztur\u012bgs pret pel\u0113jumu, neizpl\u016bst \u0161uv\u0113. Uzzin\u0101t vair\u0101k!\" \/>\n<meta property=\"og:url\" content=\"https:\/\/penosil.com\/lv\/produkt\/neutral-sanitary-silicone-350\/\" \/>\n<meta property=\"og:site_name\" content=\"Penosil Latvia\" \/>\n<meta property=\"article:modified_time\" content=\"2026-04-20T13:42:01+00:00\" \/>\n<meta property=\"og:image\" content=\"https:\/\/penosil.com\/lv\/wp-content\/uploads\/sites\/31\/2025\/06\/350_Sanitary_Neutral_Sanitary_Silicone_350_LT_LV.png\" \/>\n\t<meta property=\"og:image:width\" content=\"870\" \/>\n\t<meta property=\"og:image:height\" content=\"2430\" \/>\n\t<meta property=\"og:image:type\" content=\"image\/png\" \/>\n<meta name=\"twitter:card\" content=\"summary_large_image\" \/>\n<meta name=\"twitter:label1\" content=\"Est. reading time\" \/>\n\t<meta name=\"twitter:data1\" content=\"4 minutes\" \/>\n<script type=\"application\/ld+json\" class=\"yoast-schema-graph\">{\"@context\":\"https:\\\/\\\/schema.org\",\"@graph\":[{\"@type\":\"WebPage\",\"@id\":\"https:\\\/\\\/penosil.com\\\/lv\\\/produkt\\\/neutral-sanitary-silicone-350\\\/\",\"url\":\"https:\\\/\\\/penosil.com\\\/lv\\\/produkt\\\/neutral-sanitary-silicone-350\\\/\",\"name\":\"Penosil Neutral Sanitary Silicone 350 \\\/ 350c\",\"isPartOf\":{\"@id\":\"https:\\\/\\\/penosil.com\\\/lv\\\/#website\"},\"primaryImageOfPage\":{\"@id\":\"https:\\\/\\\/penosil.com\\\/lv\\\/produkt\\\/neutral-sanitary-silicone-350\\\/#primaryimage\"},\"image\":{\"@id\":\"https:\\\/\\\/penosil.com\\\/lv\\\/produkt\\\/neutral-sanitary-silicone-350\\\/#primaryimage\"},\"thumbnailUrl\":\"https:\\\/\\\/penosil.com\\\/lv\\\/wp-content\\\/uploads\\\/sites\\\/31\\\/2025\\\/06\\\/350_Sanitary_Neutral_Sanitary_Silicone_350_LT_LV.png\",\"datePublished\":\"2022-10-03T06:47:32+00:00\",\"dateModified\":\"2026-04-20T13:42:01+00:00\",\"description\":\"PENOSIL Neutral Sanitary Silicone 350 \\\/ 350c Neitr\u0101ls sanit\u0101rais silikona herm\u0113ti\u0137is. Iztur\u012bgs pret pel\u0113jumu, neizpl\u016bst \u0161uv\u0113. Uzzin\u0101t vair\u0101k!\",\"breadcrumb\":{\"@id\":\"https:\\\/\\\/penosil.com\\\/lv\\\/produkt\\\/neutral-sanitary-silicone-350\\\/#breadcrumb\"},\"inLanguage\":\"lv-LV\",\"potentialAction\":[{\"@type\":\"ReadAction\",\"target\":[\"https:\\\/\\\/penosil.com\\\/lv\\\/produkt\\\/neutral-sanitary-silicone-350\\\/\"]}]},{\"@type\":\"ImageObject\",\"inLanguage\":\"lv-LV\",\"@id\":\"https:\\\/\\\/penosil.com\\\/lv\\\/produkt\\\/neutral-sanitary-silicone-350\\\/#primaryimage\",\"url\":\"https:\\\/\\\/penosil.com\\\/lv\\\/wp-content\\\/uploads\\\/sites\\\/31\\\/2025\\\/06\\\/350_Sanitary_Neutral_Sanitary_Silicone_350_LT_LV.png\",\"contentUrl\":\"https:\\\/\\\/penosil.com\\\/lv\\\/wp-content\\\/uploads\\\/sites\\\/31\\\/2025\\\/06\\\/350_Sanitary_Neutral_Sanitary_Silicone_350_LT_LV.png\",\"width\":870,\"height\":2430},{\"@type\":\"BreadcrumbList\",\"@id\":\"https:\\\/\\\/penosil.com\\\/lv\\\/produkt\\\/neutral-sanitary-silicone-350\\\/#breadcrumb\",\"itemListElement\":[{\"@type\":\"ListItem\",\"position\":1,\"name\":\"S\u0101kums\",\"item\":\"https:\\\/\\\/penosil.com\\\/lv\\\/\"},{\"@type\":\"ListItem\",\"position\":2,\"name\":\"Produkti\",\"item\":\"https:\\\/\\\/penosil.com\\\/lv\\\/produkti\\\/\"},{\"@type\":\"ListItem\",\"position\":3,\"name\":\"Neutral Sanitary Silicone 350 \\\/ 350c\"}]},{\"@type\":\"WebSite\",\"@id\":\"https:\\\/\\\/penosil.com\\\/lv\\\/#website\",\"url\":\"https:\\\/\\\/penosil.com\\\/lv\\\/\",\"name\":\"Penosil Latvia\",\"description\":\"\",\"potentialAction\":[{\"@type\":\"SearchAction\",\"target\":{\"@type\":\"EntryPoint\",\"urlTemplate\":\"https:\\\/\\\/penosil.com\\\/lv\\\/?s={search_term_string}\"},\"query-input\":{\"@type\":\"PropertyValueSpecification\",\"valueRequired\":true,\"valueName\":\"search_term_string\"}}],\"inLanguage\":\"lv-LV\"}]}<\/script>\n<!-- \/ Yoast SEO plugin. -->","yoast_head_json":{"title":"Penosil Neutral Sanitary Silicone 350 \/ 350c","description":"PENOSIL Neutral Sanitary Silicone 350 \/ 350c Neitr\u0101ls sanit\u0101rais silikona herm\u0113ti\u0137is. Iztur\u012bgs pret pel\u0113jumu, neizpl\u016bst \u0161uv\u0113. Uzzin\u0101t vair\u0101k!","robots":{"index":"index","follow":"follow","max-snippet":"max-snippet:-1","max-image-preview":"max-image-preview:large","max-video-preview":"max-video-preview:-1"},"canonical":"https:\/\/penosil.com\/lv\/produkt\/neutral-sanitary-silicone-350\/","og_locale":"lv_LV","og_type":"article","og_title":"Penosil Neutral Sanitary Silicone 350 \/ 350c","og_description":"PENOSIL Neutral Sanitary Silicone 350 \/ 350c Neitr\u0101ls sanit\u0101rais silikona herm\u0113ti\u0137is. Iztur\u012bgs pret pel\u0113jumu, neizpl\u016bst \u0161uv\u0113. Uzzin\u0101t vair\u0101k!","og_url":"https:\/\/penosil.com\/lv\/produkt\/neutral-sanitary-silicone-350\/","og_site_name":"Penosil Latvia","article_modified_time":"2026-04-20T13:42:01+00:00","og_image":[{"width":870,"height":2430,"url":"https:\/\/penosil.com\/lv\/wp-content\/uploads\/sites\/31\/2025\/06\/350_Sanitary_Neutral_Sanitary_Silicone_350_LT_LV.png","type":"image\/png"}],"twitter_card":"summary_large_image","twitter_misc":{"Est. reading time":"4 minutes"},"schema":{"@context":"https:\/\/schema.org","@graph":[{"@type":"WebPage","@id":"https:\/\/penosil.com\/lv\/produkt\/neutral-sanitary-silicone-350\/","url":"https:\/\/penosil.com\/lv\/produkt\/neutral-sanitary-silicone-350\/","name":"Penosil Neutral Sanitary Silicone 350 \/ 350c","isPartOf":{"@id":"https:\/\/penosil.com\/lv\/#website"},"primaryImageOfPage":{"@id":"https:\/\/penosil.com\/lv\/produkt\/neutral-sanitary-silicone-350\/#primaryimage"},"image":{"@id":"https:\/\/penosil.com\/lv\/produkt\/neutral-sanitary-silicone-350\/#primaryimage"},"thumbnailUrl":"https:\/\/penosil.com\/lv\/wp-content\/uploads\/sites\/31\/2025\/06\/350_Sanitary_Neutral_Sanitary_Silicone_350_LT_LV.png","datePublished":"2022-10-03T06:47:32+00:00","dateModified":"2026-04-20T13:42:01+00:00","description":"PENOSIL Neutral Sanitary Silicone 350 \/ 350c Neitr\u0101ls sanit\u0101rais silikona herm\u0113ti\u0137is. Iztur\u012bgs pret pel\u0113jumu, neizpl\u016bst \u0161uv\u0113. Uzzin\u0101t vair\u0101k!","breadcrumb":{"@id":"https:\/\/penosil.com\/lv\/produkt\/neutral-sanitary-silicone-350\/#breadcrumb"},"inLanguage":"lv-LV","potentialAction":[{"@type":"ReadAction","target":["https:\/\/penosil.com\/lv\/produkt\/neutral-sanitary-silicone-350\/"]}]},{"@type":"ImageObject","inLanguage":"lv-LV","@id":"https:\/\/penosil.com\/lv\/produkt\/neutral-sanitary-silicone-350\/#primaryimage","url":"https:\/\/penosil.com\/lv\/wp-content\/uploads\/sites\/31\/2025\/06\/350_Sanitary_Neutral_Sanitary_Silicone_350_LT_LV.png","contentUrl":"https:\/\/penosil.com\/lv\/wp-content\/uploads\/sites\/31\/2025\/06\/350_Sanitary_Neutral_Sanitary_Silicone_350_LT_LV.png","width":870,"height":2430},{"@type":"BreadcrumbList","@id":"https:\/\/penosil.com\/lv\/produkt\/neutral-sanitary-silicone-350\/#breadcrumb","itemListElement":[{"@type":"ListItem","position":1,"name":"S\u0101kums","item":"https:\/\/penosil.com\/lv\/"},{"@type":"ListItem","position":2,"name":"Produkti","item":"https:\/\/penosil.com\/lv\/produkti\/"},{"@type":"ListItem","position":3,"name":"Neutral Sanitary Silicone 350 \/ 350c"}]},{"@type":"WebSite","@id":"https:\/\/penosil.com\/lv\/#website","url":"https:\/\/penosil.com\/lv\/","name":"Penosil Latvia","description":"","potentialAction":[{"@type":"SearchAction","target":{"@type":"EntryPoint","urlTemplate":"https:\/\/penosil.com\/lv\/?s={search_term_string}"},"query-input":{"@type":"PropertyValueSpecification","valueRequired":true,"valueName":"search_term_string"}}],"inLanguage":"lv-LV"}]}},"featured_img":"https:\/\/penosil.com\/lv\/wp-content\/uploads\/sites\/31\/2025\/06\/350_Sanitary_Neutral_Sanitary_Silicone_350_LT_LV.png","coauthors":[],"author_meta":{"author_link":"https:\/\/penosil.com\/lv\/author\/olgakucmasova\/","display_name":"olgakucmasova"},"relative_dates":{"created":"Posted 4 years ago","modified":"Updated 5 days ago"},"absolute_dates":{"created":"Posted on October 3, 2022","modified":"Updated on April 20, 2026"},"absolute_dates_time":{"created":"Posted on October 3, 2022 6:47 am","modified":"Updated on April 20, 2026 1:42 pm"},"featured_img_caption":"","tax_additional":{"product_brand":{"linked":[],"unlinked":[],"slug":"product_brand","name":"Brands"},"product_type":{"linked":["<a href=\"https:\/\/penosil.com\/lv\/?taxonomy=product_type&#038;term=variable\" class=\"advgb-post-tax-term\">variable<\/a>"],"unlinked":["<span class=\"advgb-post-tax-term\">variable<\/span>"],"slug":"product_type","name":"Product type"},"product_visibility":{"linked":[],"unlinked":[],"slug":"product_visibility","name":"Product visibility"},"product_cat":{"linked":["<a href=\"https:\/\/penosil.com\/lv\/produkti\/produktu-grupas\/hermetiki-un-mastikas\/neitralie-silikona-hermetki\/\" class=\"advgb-post-tax-term\">Neitr\u0101lie silikona herm\u0113ti\u0137i<\/a>","<a href=\"https:\/\/penosil.com\/lv\/produkti\/produktu-grupas\/hermetiki-un-mastikas\/\" class=\"advgb-post-tax-term\">Herm\u0113ti\u0137i un mastikas<\/a>","<a href=\"https:\/\/penosil.com\/lv\/produkti\/pielietojums\/sanitaras-telpas\/\" class=\"advgb-post-tax-term\">Sanit\u0101r\u0101s telpas<\/a>"],"unlinked":["<span class=\"advgb-post-tax-term\">Neitr\u0101lie silikona herm\u0113ti\u0137i<\/span>","<span class=\"advgb-post-tax-term\">Herm\u0113ti\u0137i un mastikas<\/span>","<span class=\"advgb-post-tax-term\">Sanit\u0101r\u0101s telpas<\/span>"],"slug":"product_cat","name":"Product categories"},"product_tag":{"linked":[],"unlinked":[],"slug":"product_tag","name":"Product tags"},"product_shipping_class":{"linked":[],"unlinked":[],"slug":"product_shipping_class","name":"Product shipping classes"},"pos_product_visibility":{"linked":[],"unlinked":[],"slug":"pos_product_visibility","name":"POS Product visibility"},"pa_color":{"linked":["<a href=\"https:\/\/penosil.com\/lv\/?taxonomy=pa_color&#038;term=grey-lv-2\" class=\"advgb-post-tax-term\">Pel\u0113ks<\/a>","<a href=\"https:\/\/penosil.com\/lv\/?taxonomy=pa_color&#038;term=black-lv-2\" class=\"advgb-post-tax-term\">Melns<\/a>","<a href=\"https:\/\/penosil.com\/lv\/?taxonomy=pa_color&#038;term=white-lv-2\" class=\"advgb-post-tax-term\">Balts<\/a>","<a href=\"https:\/\/penosil.com\/lv\/?taxonomy=pa_color&#038;term=milky-lv-2\" class=\"advgb-post-tax-term\">Caursp\u012bd\u012bgi pienains<\/a>"],"unlinked":["<span class=\"advgb-post-tax-term\">Pel\u0113ks<\/span>","<span class=\"advgb-post-tax-term\">Melns<\/span>","<span class=\"advgb-post-tax-term\">Balts<\/span>","<span class=\"advgb-post-tax-term\">Caursp\u012bd\u012bgi pienains<\/span>"],"slug":"pa_color","name":"Product Colour"},"pa_diameter":{"linked":[],"unlinked":[],"slug":"pa_diameter","name":"Product Diameter"},"pa_package":{"linked":["<a href=\"https:\/\/penosil.com\/lv\/?taxonomy=pa_package&#038;term=280-ml-lv-2\" class=\"advgb-post-tax-term\">280 ml<\/a>","<a href=\"https:\/\/penosil.com\/lv\/?taxonomy=pa_package&#038;term=600-ml-lv-2\" class=\"advgb-post-tax-term\">600 ml<\/a>"],"unlinked":["<span class=\"advgb-post-tax-term\">280 ml<\/span>","<span class=\"advgb-post-tax-term\">600 ml<\/span>"],"slug":"pa_package","name":"Product Package"},"pa_roll":{"linked":[],"unlinked":[],"slug":"pa_roll","name":"Product Roll"},"pa_widths":{"linked":[],"unlinked":[],"slug":"pa_widths","name":"Product Widths"},"translation_priority":{"linked":["<a href=\"https:\/\/penosil.com\/lv\/?taxonomy=translation_priority&#038;term=optional-lv\" class=\"advgb-post-tax-term\">Optional<\/a>"],"unlinked":["<span class=\"advgb-post-tax-term\">Optional<\/span>"],"slug":"translation_priority","name":"Translation Priorities"}},"series_order":"","_links":{"self":[{"href":"https:\/\/penosil.com\/lv\/wp-json\/wp\/v2\/product\/28595","targetHints":{"allow":["GET"]}}],"collection":[{"href":"https:\/\/penosil.com\/lv\/wp-json\/wp\/v2\/product"}],"about":[{"href":"https:\/\/penosil.com\/lv\/wp-json\/wp\/v2\/types\/product"}],"version-history":[{"count":8,"href":"https:\/\/penosil.com\/lv\/wp-json\/wp\/v2\/product\/28595\/revisions"}],"predecessor-version":[{"id":33104,"href":"https:\/\/penosil.com\/lv\/wp-json\/wp\/v2\/product\/28595\/revisions\/33104"}],"wp:featuredmedia":[{"embeddable":true,"href":"https:\/\/penosil.com\/lv\/wp-json\/wp\/v2\/media\/32247"}],"wp:attachment":[{"href":"https:\/\/penosil.com\/lv\/wp-json\/wp\/v2\/media?parent=28595"}],"wp:term":[{"taxonomy":"product_brand","embeddable":true,"href":"https:\/\/penosil.com\/lv\/wp-json\/wp\/v2\/product_brand?post=28595"},{"taxonomy":"product_cat","embeddable":true,"href":"https:\/\/penosil.com\/lv\/wp-json\/wp\/v2\/product_cat?post=28595"},{"taxonomy":"product_tag","embeddable":true,"href":"https:\/\/penosil.com\/lv\/wp-json\/wp\/v2\/product_tag?post=28595"}],"curies":[{"name":"wp","href":"https:\/\/api.w.org\/{rel}","templated":true}]}}