{"id":28608,"date":"2022-10-10T13:30:25","date_gmt":"2022-10-10T13:30:25","guid":{"rendered":"https:\/\/penosil.com\/lv\/?post_type=product&#038;p=28608"},"modified":"2026-04-01T09:57:01","modified_gmt":"2026-04-01T09:57:01","slug":"acrylic-sealant-636","status":"publish","type":"product","link":"https:\/\/penosil.com\/lv\/produkt\/acrylic-sealant-636\/","title":{"rendered":"Acrylic Sealant 636"},"content":{"rendered":"<p>PENOSIL Acrylic Sealant 636 ir kr\u0101sojams akrila herm\u0113ti\u0137is uz \u016bdens b\u0101zes ar \u012bpa\u0161i vieglu tekst\u016bru spraugu un \u0161uvju aizpild\u012b\u0161anai pirms kr\u0101so\u0161anas darbiem. Tas izveido pret UV stariem un pel\u0113jumu iztur\u012bgu plastisku savienojumu ar visbie\u017e\u0101k sastopamajiem celtniec\u012bbas materi\u0101liem, piem\u0113ram, betonu, \u0123ip\u0161kartona pl\u0101ksn\u0113m un koku, nodro\u0161ina gludas un perfekti apstr\u0101d\u0101tas virsmas.<\/p>\n","protected":false},"excerpt":{"rendered":"Kr\u0101sojams akrila herm\u0113ti\u0137is","protected":false},"author":18,"featured_media":32190,"template":"","meta":{"_acf_changed":false,"advgb_blocks_editor_width":"","advgb_blocks_columns_visual_guide":"","footnotes":""},"product_brand":[],"product_cat":[1605,1629,579],"product_tag":[],"class_list":{"0":"post-28608","1":"product","2":"type-product","3":"status-publish","4":"has-post-thumbnail","6":"product_cat-hermetiki-un-mastikas","7":"product_cat-akrili","8":"product_cat-apdare","10":"first","11":"instock","12":"taxable","13":"shipping-taxable","14":"purchasable","15":"product-type-variable","16":"has-default-attributes"},"acf":[],"yoast_head":"<!-- This site is optimized with the Yoast SEO plugin v27.2 - https:\/\/yoast.com\/product\/yoast-seo-wordpress\/ -->\n<title>Penosil Acrylic Sealant 636 kr\u0101sojams akrila herm\u0113ti\u0137is<\/title>\n<meta name=\"description\" content=\"Penosil Acrylic Sealant 636 kr\u0101sojams akrila herm\u0113ti\u0137is spraugu un plaisu aizpild\u012b\u0161anai pirms kr\u0101so\u0161anas. Uzzin\u0101t vair\u0101k!\" \/>\n<meta name=\"robots\" content=\"index, follow, max-snippet:-1, max-image-preview:large, max-video-preview:-1\" \/>\n<link rel=\"canonical\" href=\"https:\/\/penosil.com\/lv\/produkt\/acrylic-sealant-636\/\" \/>\n<meta property=\"og:locale\" content=\"lv_LV\" \/>\n<meta property=\"og:type\" content=\"article\" \/>\n<meta property=\"og:title\" content=\"Penosil Acrylic Sealant 636 kr\u0101sojams akrila herm\u0113ti\u0137is\" \/>\n<meta property=\"og:description\" content=\"Penosil Acrylic Sealant 636 kr\u0101sojams akrila herm\u0113ti\u0137is spraugu un plaisu aizpild\u012b\u0161anai pirms kr\u0101so\u0161anas. Uzzin\u0101t vair\u0101k!\" \/>\n<meta property=\"og:url\" content=\"https:\/\/penosil.com\/lv\/produkt\/acrylic-sealant-636\/\" \/>\n<meta property=\"og:site_name\" content=\"Penosil Latvia\" \/>\n<meta property=\"article:modified_time\" content=\"2026-04-01T09:57:01+00:00\" \/>\n<meta property=\"og:image\" content=\"https:\/\/penosil.com\/lv\/wp-content\/uploads\/sites\/31\/2022\/10\/636_Acrylic_Sealant_636_white_LT_LV-700x1955.png\" \/>\n\t<meta property=\"og:image:width\" content=\"700\" \/>\n\t<meta property=\"og:image:height\" content=\"1955\" \/>\n\t<meta property=\"og:image:type\" content=\"image\/png\" \/>\n<meta name=\"twitter:card\" content=\"summary_large_image\" \/>\n<meta name=\"twitter:label1\" content=\"Est. reading time\" \/>\n\t<meta name=\"twitter:data1\" content=\"4 minutes\" \/>\n<script type=\"application\/ld+json\" class=\"yoast-schema-graph\">{\"@context\":\"https:\/\/schema.org\",\"@graph\":[{\"@type\":\"WebPage\",\"@id\":\"https:\/\/penosil.com\/lv\/produkt\/acrylic-sealant-636\/\",\"url\":\"https:\/\/penosil.com\/lv\/produkt\/acrylic-sealant-636\/\",\"name\":\"Penosil Acrylic Sealant 636 kr\u0101sojams akrila herm\u0113ti\u0137is\",\"isPartOf\":{\"@id\":\"https:\/\/penosil.com\/lv\/#website\"},\"primaryImageOfPage\":{\"@id\":\"https:\/\/penosil.com\/lv\/produkt\/acrylic-sealant-636\/#primaryimage\"},\"image\":{\"@id\":\"https:\/\/penosil.com\/lv\/produkt\/acrylic-sealant-636\/#primaryimage\"},\"thumbnailUrl\":\"https:\/\/penosil.com\/lv\/wp-content\/uploads\/sites\/31\/2025\/06\/636_Acrylic_Sealant_636_white_LT_LV.png\",\"datePublished\":\"2022-10-10T13:30:25+00:00\",\"dateModified\":\"2026-04-01T09:57:01+00:00\",\"description\":\"Penosil Acrylic Sealant 636 kr\u0101sojams akrila herm\u0113ti\u0137is spraugu un plaisu aizpild\u012b\u0161anai pirms kr\u0101so\u0161anas. Uzzin\u0101t vair\u0101k!\",\"breadcrumb\":{\"@id\":\"https:\/\/penosil.com\/lv\/produkt\/acrylic-sealant-636\/#breadcrumb\"},\"inLanguage\":\"lv-LV\",\"potentialAction\":[{\"@type\":\"ReadAction\",\"target\":[\"https:\/\/penosil.com\/lv\/produkt\/acrylic-sealant-636\/\"]}]},{\"@type\":\"ImageObject\",\"inLanguage\":\"lv-LV\",\"@id\":\"https:\/\/penosil.com\/lv\/produkt\/acrylic-sealant-636\/#primaryimage\",\"url\":\"https:\/\/penosil.com\/lv\/wp-content\/uploads\/sites\/31\/2025\/06\/636_Acrylic_Sealant_636_white_LT_LV.png\",\"contentUrl\":\"https:\/\/penosil.com\/lv\/wp-content\/uploads\/sites\/31\/2025\/06\/636_Acrylic_Sealant_636_white_LT_LV.png\",\"width\":870,\"height\":2430},{\"@type\":\"BreadcrumbList\",\"@id\":\"https:\/\/penosil.com\/lv\/produkt\/acrylic-sealant-636\/#breadcrumb\",\"itemListElement\":[{\"@type\":\"ListItem\",\"position\":1,\"name\":\"S\u0101kums\",\"item\":\"https:\/\/penosil.com\/lv\/\"},{\"@type\":\"ListItem\",\"position\":2,\"name\":\"Produkti\",\"item\":\"https:\/\/penosil.com\/lv\/produkti\/\"},{\"@type\":\"ListItem\",\"position\":3,\"name\":\"Acrylic Sealant 636\"}]},{\"@type\":\"WebSite\",\"@id\":\"https:\/\/penosil.com\/lv\/#website\",\"url\":\"https:\/\/penosil.com\/lv\/\",\"name\":\"Penosil Latvia\",\"description\":\"\",\"potentialAction\":[{\"@type\":\"SearchAction\",\"target\":{\"@type\":\"EntryPoint\",\"urlTemplate\":\"https:\/\/penosil.com\/lv\/?s={search_term_string}\"},\"query-input\":{\"@type\":\"PropertyValueSpecification\",\"valueRequired\":true,\"valueName\":\"search_term_string\"}}],\"inLanguage\":\"lv-LV\"}]}<\/script>\n<!-- \/ Yoast SEO plugin. -->","yoast_head_json":{"title":"Penosil Acrylic Sealant 636 kr\u0101sojams akrila herm\u0113ti\u0137is","description":"Penosil Acrylic Sealant 636 kr\u0101sojams akrila herm\u0113ti\u0137is spraugu un plaisu aizpild\u012b\u0161anai pirms kr\u0101so\u0161anas. Uzzin\u0101t vair\u0101k!","robots":{"index":"index","follow":"follow","max-snippet":"max-snippet:-1","max-image-preview":"max-image-preview:large","max-video-preview":"max-video-preview:-1"},"canonical":"https:\/\/penosil.com\/lv\/produkt\/acrylic-sealant-636\/","og_locale":"lv_LV","og_type":"article","og_title":"Penosil Acrylic Sealant 636 kr\u0101sojams akrila herm\u0113ti\u0137is","og_description":"Penosil Acrylic Sealant 636 kr\u0101sojams akrila herm\u0113ti\u0137is spraugu un plaisu aizpild\u012b\u0161anai pirms kr\u0101so\u0161anas. Uzzin\u0101t vair\u0101k!","og_url":"https:\/\/penosil.com\/lv\/produkt\/acrylic-sealant-636\/","og_site_name":"Penosil Latvia","article_modified_time":"2026-04-01T09:57:01+00:00","og_image":[{"width":700,"height":1955,"url":"https:\/\/penosil.com\/lv\/wp-content\/uploads\/sites\/31\/2022\/10\/636_Acrylic_Sealant_636_white_LT_LV-700x1955.png","type":"image\/png"}],"twitter_card":"summary_large_image","twitter_misc":{"Est. reading time":"4 minutes"},"schema":{"@context":"https:\/\/schema.org","@graph":[{"@type":"WebPage","@id":"https:\/\/penosil.com\/lv\/produkt\/acrylic-sealant-636\/","url":"https:\/\/penosil.com\/lv\/produkt\/acrylic-sealant-636\/","name":"Penosil Acrylic Sealant 636 kr\u0101sojams akrila herm\u0113ti\u0137is","isPartOf":{"@id":"https:\/\/penosil.com\/lv\/#website"},"primaryImageOfPage":{"@id":"https:\/\/penosil.com\/lv\/produkt\/acrylic-sealant-636\/#primaryimage"},"image":{"@id":"https:\/\/penosil.com\/lv\/produkt\/acrylic-sealant-636\/#primaryimage"},"thumbnailUrl":"https:\/\/penosil.com\/lv\/wp-content\/uploads\/sites\/31\/2025\/06\/636_Acrylic_Sealant_636_white_LT_LV.png","datePublished":"2022-10-10T13:30:25+00:00","dateModified":"2026-04-01T09:57:01+00:00","description":"Penosil Acrylic Sealant 636 kr\u0101sojams akrila herm\u0113ti\u0137is spraugu un plaisu aizpild\u012b\u0161anai pirms kr\u0101so\u0161anas. Uzzin\u0101t vair\u0101k!","breadcrumb":{"@id":"https:\/\/penosil.com\/lv\/produkt\/acrylic-sealant-636\/#breadcrumb"},"inLanguage":"lv-LV","potentialAction":[{"@type":"ReadAction","target":["https:\/\/penosil.com\/lv\/produkt\/acrylic-sealant-636\/"]}]},{"@type":"ImageObject","inLanguage":"lv-LV","@id":"https:\/\/penosil.com\/lv\/produkt\/acrylic-sealant-636\/#primaryimage","url":"https:\/\/penosil.com\/lv\/wp-content\/uploads\/sites\/31\/2025\/06\/636_Acrylic_Sealant_636_white_LT_LV.png","contentUrl":"https:\/\/penosil.com\/lv\/wp-content\/uploads\/sites\/31\/2025\/06\/636_Acrylic_Sealant_636_white_LT_LV.png","width":870,"height":2430},{"@type":"BreadcrumbList","@id":"https:\/\/penosil.com\/lv\/produkt\/acrylic-sealant-636\/#breadcrumb","itemListElement":[{"@type":"ListItem","position":1,"name":"S\u0101kums","item":"https:\/\/penosil.com\/lv\/"},{"@type":"ListItem","position":2,"name":"Produkti","item":"https:\/\/penosil.com\/lv\/produkti\/"},{"@type":"ListItem","position":3,"name":"Acrylic Sealant 636"}]},{"@type":"WebSite","@id":"https:\/\/penosil.com\/lv\/#website","url":"https:\/\/penosil.com\/lv\/","name":"Penosil Latvia","description":"","potentialAction":[{"@type":"SearchAction","target":{"@type":"EntryPoint","urlTemplate":"https:\/\/penosil.com\/lv\/?s={search_term_string}"},"query-input":{"@type":"PropertyValueSpecification","valueRequired":true,"valueName":"search_term_string"}}],"inLanguage":"lv-LV"}]}},"featured_img":"https:\/\/penosil.com\/lv\/wp-content\/uploads\/sites\/31\/2025\/06\/636_Acrylic_Sealant_636_white_LT_LV.png","coauthors":[],"author_meta":{"author_link":"https:\/\/penosil.com\/lv\/author\/olgakucmasova\/","display_name":"olgakucmasova"},"relative_dates":{"created":"Posted 4 years ago","modified":"Updated 2 weeks ago"},"absolute_dates":{"created":"Posted on October 10, 2022","modified":"Updated on April 1, 2026"},"absolute_dates_time":{"created":"Posted on October 10, 2022 1:30 pm","modified":"Updated on April 1, 2026 9:57 am"},"featured_img_caption":"","tax_additional":{"product_brand":{"linked":[],"unlinked":[],"slug":"product_brand","name":"Brands"},"product_type":{"linked":["<a href=\"https:\/\/penosil.com\/lv\/?taxonomy=product_type&#038;term=variable\" class=\"advgb-post-tax-term\">variable<\/a>"],"unlinked":["<span class=\"advgb-post-tax-term\">variable<\/span>"],"slug":"product_type","name":"Product type"},"product_visibility":{"linked":[],"unlinked":[],"slug":"product_visibility","name":"Product visibility"},"product_cat":{"linked":["<a href=\"https:\/\/penosil.com\/lv\/produkti\/produktu-grupas\/hermetiki-un-mastikas\/\" class=\"advgb-post-tax-term\">Herm\u0113ti\u0137i un mastikas<\/a>","<a href=\"https:\/\/penosil.com\/lv\/produkti\/produktu-grupas\/hermetiki-un-mastikas\/akrili\/\" class=\"advgb-post-tax-term\">Akrila herm\u0113ti\u0137i<\/a>","<a href=\"https:\/\/penosil.com\/lv\/produkti\/pielietojums\/apdare\/\" class=\"advgb-post-tax-term\">Apdare<\/a>"],"unlinked":["<span class=\"advgb-post-tax-term\">Herm\u0113ti\u0137i un mastikas<\/span>","<span class=\"advgb-post-tax-term\">Akrila herm\u0113ti\u0137i<\/span>","<span class=\"advgb-post-tax-term\">Apdare<\/span>"],"slug":"product_cat","name":"Product categories"},"product_tag":{"linked":[],"unlinked":[],"slug":"product_tag","name":"Product tags"},"product_shipping_class":{"linked":[],"unlinked":[],"slug":"product_shipping_class","name":"Product shipping classes"},"pos_product_visibility":{"linked":[],"unlinked":[],"slug":"pos_product_visibility","name":"POS Product visibility"},"pa_color":{"linked":["<a href=\"https:\/\/penosil.com\/lv\/?taxonomy=pa_color&#038;term=grey-lv-2\" class=\"advgb-post-tax-term\">Pel\u0113ks<\/a>","<a href=\"https:\/\/penosil.com\/lv\/?taxonomy=pa_color&#038;term=white-lv-2\" class=\"advgb-post-tax-term\">Balts<\/a>","<a href=\"https:\/\/penosil.com\/lv\/?taxonomy=pa_color&#038;term=brown-lv-2\" class=\"advgb-post-tax-term\">Br\u016bns<\/a>"],"unlinked":["<span class=\"advgb-post-tax-term\">Pel\u0113ks<\/span>","<span class=\"advgb-post-tax-term\">Balts<\/span>","<span class=\"advgb-post-tax-term\">Br\u016bns<\/span>"],"slug":"pa_color","name":"Product Colour"},"pa_diameter":{"linked":[],"unlinked":[],"slug":"pa_diameter","name":"Product Diameter"},"pa_package":{"linked":["<a href=\"https:\/\/penosil.com\/lv\/?taxonomy=pa_package&#038;term=280-ml-lv-2\" class=\"advgb-post-tax-term\">280 ml<\/a>","<a href=\"https:\/\/penosil.com\/lv\/?taxonomy=pa_package&#038;term=600-ml-lv-2\" class=\"advgb-post-tax-term\">600 ml<\/a>"],"unlinked":["<span class=\"advgb-post-tax-term\">280 ml<\/span>","<span class=\"advgb-post-tax-term\">600 ml<\/span>"],"slug":"pa_package","name":"Product Package"},"pa_roll":{"linked":[],"unlinked":[],"slug":"pa_roll","name":"Product Roll"},"pa_widths":{"linked":[],"unlinked":[],"slug":"pa_widths","name":"Product Widths"},"translation_priority":{"linked":["<a href=\"https:\/\/penosil.com\/lv\/?taxonomy=translation_priority&#038;term=optional-lv\" class=\"advgb-post-tax-term\">Optional<\/a>"],"unlinked":["<span class=\"advgb-post-tax-term\">Optional<\/span>"],"slug":"translation_priority","name":"Translation Priorities"}},"series_order":"","_links":{"self":[{"href":"https:\/\/penosil.com\/lv\/wp-json\/wp\/v2\/product\/28608","targetHints":{"allow":["GET"]}}],"collection":[{"href":"https:\/\/penosil.com\/lv\/wp-json\/wp\/v2\/product"}],"about":[{"href":"https:\/\/penosil.com\/lv\/wp-json\/wp\/v2\/types\/product"}],"version-history":[{"count":4,"href":"https:\/\/penosil.com\/lv\/wp-json\/wp\/v2\/product\/28608\/revisions"}],"predecessor-version":[{"id":32189,"href":"https:\/\/penosil.com\/lv\/wp-json\/wp\/v2\/product\/28608\/revisions\/32189"}],"wp:featuredmedia":[{"embeddable":true,"href":"https:\/\/penosil.com\/lv\/wp-json\/wp\/v2\/media\/32190"}],"wp:attachment":[{"href":"https:\/\/penosil.com\/lv\/wp-json\/wp\/v2\/media?parent=28608"}],"wp:term":[{"taxonomy":"product_brand","embeddable":true,"href":"https:\/\/penosil.com\/lv\/wp-json\/wp\/v2\/product_brand?post=28608"},{"taxonomy":"product_cat","embeddable":true,"href":"https:\/\/penosil.com\/lv\/wp-json\/wp\/v2\/product_cat?post=28608"},{"taxonomy":"product_tag","embeddable":true,"href":"https:\/\/penosil.com\/lv\/wp-json\/wp\/v2\/product_tag?post=28608"}],"curies":[{"name":"wp","href":"https:\/\/api.w.org\/{rel}","templated":true}]}}