{"id":28634,"date":"2022-10-19T12:14:46","date_gmt":"2022-10-19T12:14:46","guid":{"rendered":"https:\/\/penosil.com\/lv\/?post_type=product&#038;p=28634"},"modified":"2026-04-01T09:57:00","modified_gmt":"2026-04-01T09:57:00","slug":"hightemp-sealant-1500c","status":"publish","type":"product","link":"https:\/\/penosil.com\/lv\/produkt\/hightemp-sealant-1500c\/","title":{"rendered":"HighTemp Sealant +1500\u00b0C"},"content":{"rendered":"<p>PENOSIL HighTemp Sealant &#43;1500\u00b0C ir herm\u0113ti\u0137is uz silik\u0101tu b\u0101zes, kas paredz\u0113ts izmanto\u0161anai augst\u0101s temperat\u016br\u0101s. Izol\u0101cijas darbi un plaisu aizpild\u012b\u0161ana. P\u0113c sasild\u012b\u0161anas masa k\u013c\u016bst tum\u0161i pel\u0113ka, \u013coti cieta un iztur temperat\u016bru l\u012bdz &#43;1500 \u00b0C.<\/p>\n","protected":false},"excerpt":{"rendered":"Pret augst\u0101m temperat\u016br\u0101m iztur\u012bgs herm\u0113ti\u0137is","protected":false},"author":18,"featured_media":32187,"template":"","meta":{"_acf_changed":false,"advgb_blocks_editor_width":"","advgb_blocks_columns_visual_guide":"","footnotes":""},"product_brand":[],"product_cat":[1408,1711,661],"product_tag":[],"class_list":{"0":"post-28634","1":"product","2":"type-product","3":"status-publish","4":"has-post-thumbnail","6":"product_cat-aizpilditaji-un-pildvielas","7":"product_cat-virsmu-apstrade","8":"product_cat-ugunsdrosiba-augsta-temperatura","10":"first","11":"instock","12":"taxable","13":"shipping-taxable","14":"purchasable","15":"product-type-simple"},"acf":[],"yoast_head":"<!-- This site is optimized with the Yoast SEO plugin v27.2 - https:\/\/yoast.com\/product\/yoast-seo-wordpress\/ -->\n<title>Penosil HighTemp Sealant +1500\u00b0C Herm\u0113ti\u0137is kr\u0101sn\u012bm<\/title>\n<meta name=\"description\" content=\"PENOSILHighTemp Sealant +1500\u00b0C herm\u0113ti\u0137is uz silik\u0101tu b\u0101zes izmanto\u0161anai augst\u0101s temperat\u016br\u0101s. Izol\u0113, aizpilda un bl\u012bv\u0113. P\u0113rc \u0161eit!\" \/>\n<meta name=\"robots\" content=\"index, follow, max-snippet:-1, max-image-preview:large, max-video-preview:-1\" \/>\n<link rel=\"canonical\" href=\"https:\/\/penosil.com\/lv\/produkt\/hightemp-sealant-1500c\/\" \/>\n<meta property=\"og:locale\" content=\"lv_LV\" \/>\n<meta property=\"og:type\" content=\"article\" \/>\n<meta property=\"og:title\" content=\"Penosil HighTemp Sealant +1500\u00b0C Herm\u0113ti\u0137is kr\u0101sn\u012bm\" \/>\n<meta property=\"og:description\" content=\"PENOSILHighTemp Sealant +1500\u00b0C herm\u0113ti\u0137is uz silik\u0101tu b\u0101zes izmanto\u0161anai augst\u0101s temperat\u016br\u0101s. Izol\u0113, aizpilda un bl\u012bv\u0113. P\u0113rc \u0161eit!\" \/>\n<meta property=\"og:url\" content=\"https:\/\/penosil.com\/lv\/produkt\/hightemp-sealant-1500c\/\" \/>\n<meta property=\"og:site_name\" content=\"Penosil Latvia\" \/>\n<meta property=\"article:modified_time\" content=\"2026-04-01T09:57:00+00:00\" \/>\n<meta property=\"og:image\" content=\"https:\/\/penosil.com\/lv\/wp-content\/uploads\/sites\/31\/2025\/06\/1500_HighTemp_Sealant_1500_LT_LV.png\" \/>\n\t<meta property=\"og:image:width\" content=\"387\" \/>\n\t<meta property=\"og:image:height\" content=\"1080\" \/>\n\t<meta property=\"og:image:type\" content=\"image\/png\" \/>\n<meta name=\"twitter:card\" content=\"summary_large_image\" \/>\n<meta name=\"twitter:label1\" content=\"Est. reading time\" \/>\n\t<meta name=\"twitter:data1\" content=\"4 minutes\" \/>\n<script type=\"application\/ld+json\" class=\"yoast-schema-graph\">{\"@context\":\"https:\/\/schema.org\",\"@graph\":[{\"@type\":\"WebPage\",\"@id\":\"https:\/\/penosil.com\/lv\/produkt\/hightemp-sealant-1500c\/\",\"url\":\"https:\/\/penosil.com\/lv\/produkt\/hightemp-sealant-1500c\/\",\"name\":\"Penosil HighTemp Sealant +1500\u00b0C Herm\u0113ti\u0137is kr\u0101sn\u012bm\",\"isPartOf\":{\"@id\":\"https:\/\/penosil.com\/lv\/#website\"},\"primaryImageOfPage\":{\"@id\":\"https:\/\/penosil.com\/lv\/produkt\/hightemp-sealant-1500c\/#primaryimage\"},\"image\":{\"@id\":\"https:\/\/penosil.com\/lv\/produkt\/hightemp-sealant-1500c\/#primaryimage\"},\"thumbnailUrl\":\"https:\/\/penosil.com\/lv\/wp-content\/uploads\/sites\/31\/2025\/06\/1500_HighTemp_Sealant_1500_LT_LV.png\",\"datePublished\":\"2022-10-19T12:14:46+00:00\",\"dateModified\":\"2026-04-01T09:57:00+00:00\",\"description\":\"PENOSILHighTemp Sealant +1500\u00b0C herm\u0113ti\u0137is uz silik\u0101tu b\u0101zes izmanto\u0161anai augst\u0101s temperat\u016br\u0101s. Izol\u0113, aizpilda un bl\u012bv\u0113. P\u0113rc \u0161eit!\",\"breadcrumb\":{\"@id\":\"https:\/\/penosil.com\/lv\/produkt\/hightemp-sealant-1500c\/#breadcrumb\"},\"inLanguage\":\"lv-LV\",\"potentialAction\":[{\"@type\":\"ReadAction\",\"target\":[\"https:\/\/penosil.com\/lv\/produkt\/hightemp-sealant-1500c\/\"]}]},{\"@type\":\"ImageObject\",\"inLanguage\":\"lv-LV\",\"@id\":\"https:\/\/penosil.com\/lv\/produkt\/hightemp-sealant-1500c\/#primaryimage\",\"url\":\"https:\/\/penosil.com\/lv\/wp-content\/uploads\/sites\/31\/2025\/06\/1500_HighTemp_Sealant_1500_LT_LV.png\",\"contentUrl\":\"https:\/\/penosil.com\/lv\/wp-content\/uploads\/sites\/31\/2025\/06\/1500_HighTemp_Sealant_1500_LT_LV.png\",\"width\":387,\"height\":1080},{\"@type\":\"BreadcrumbList\",\"@id\":\"https:\/\/penosil.com\/lv\/produkt\/hightemp-sealant-1500c\/#breadcrumb\",\"itemListElement\":[{\"@type\":\"ListItem\",\"position\":1,\"name\":\"S\u0101kums\",\"item\":\"https:\/\/penosil.com\/lv\/\"},{\"@type\":\"ListItem\",\"position\":2,\"name\":\"Produkti\",\"item\":\"https:\/\/penosil.com\/lv\/produkti\/\"},{\"@type\":\"ListItem\",\"position\":3,\"name\":\"HighTemp Sealant +1500\u00b0C\"}]},{\"@type\":\"WebSite\",\"@id\":\"https:\/\/penosil.com\/lv\/#website\",\"url\":\"https:\/\/penosil.com\/lv\/\",\"name\":\"Penosil Latvia\",\"description\":\"\",\"potentialAction\":[{\"@type\":\"SearchAction\",\"target\":{\"@type\":\"EntryPoint\",\"urlTemplate\":\"https:\/\/penosil.com\/lv\/?s={search_term_string}\"},\"query-input\":{\"@type\":\"PropertyValueSpecification\",\"valueRequired\":true,\"valueName\":\"search_term_string\"}}],\"inLanguage\":\"lv-LV\"}]}<\/script>\n<!-- \/ Yoast SEO plugin. -->","yoast_head_json":{"title":"Penosil HighTemp Sealant +1500\u00b0C Herm\u0113ti\u0137is kr\u0101sn\u012bm","description":"PENOSILHighTemp Sealant +1500\u00b0C herm\u0113ti\u0137is uz silik\u0101tu b\u0101zes izmanto\u0161anai augst\u0101s temperat\u016br\u0101s. Izol\u0113, aizpilda un bl\u012bv\u0113. P\u0113rc \u0161eit!","robots":{"index":"index","follow":"follow","max-snippet":"max-snippet:-1","max-image-preview":"max-image-preview:large","max-video-preview":"max-video-preview:-1"},"canonical":"https:\/\/penosil.com\/lv\/produkt\/hightemp-sealant-1500c\/","og_locale":"lv_LV","og_type":"article","og_title":"Penosil HighTemp Sealant +1500\u00b0C Herm\u0113ti\u0137is kr\u0101sn\u012bm","og_description":"PENOSILHighTemp Sealant +1500\u00b0C herm\u0113ti\u0137is uz silik\u0101tu b\u0101zes izmanto\u0161anai augst\u0101s temperat\u016br\u0101s. Izol\u0113, aizpilda un bl\u012bv\u0113. P\u0113rc \u0161eit!","og_url":"https:\/\/penosil.com\/lv\/produkt\/hightemp-sealant-1500c\/","og_site_name":"Penosil Latvia","article_modified_time":"2026-04-01T09:57:00+00:00","og_image":[{"width":387,"height":1080,"url":"https:\/\/penosil.com\/lv\/wp-content\/uploads\/sites\/31\/2025\/06\/1500_HighTemp_Sealant_1500_LT_LV.png","type":"image\/png"}],"twitter_card":"summary_large_image","twitter_misc":{"Est. reading time":"4 minutes"},"schema":{"@context":"https:\/\/schema.org","@graph":[{"@type":"WebPage","@id":"https:\/\/penosil.com\/lv\/produkt\/hightemp-sealant-1500c\/","url":"https:\/\/penosil.com\/lv\/produkt\/hightemp-sealant-1500c\/","name":"Penosil HighTemp Sealant +1500\u00b0C Herm\u0113ti\u0137is kr\u0101sn\u012bm","isPartOf":{"@id":"https:\/\/penosil.com\/lv\/#website"},"primaryImageOfPage":{"@id":"https:\/\/penosil.com\/lv\/produkt\/hightemp-sealant-1500c\/#primaryimage"},"image":{"@id":"https:\/\/penosil.com\/lv\/produkt\/hightemp-sealant-1500c\/#primaryimage"},"thumbnailUrl":"https:\/\/penosil.com\/lv\/wp-content\/uploads\/sites\/31\/2025\/06\/1500_HighTemp_Sealant_1500_LT_LV.png","datePublished":"2022-10-19T12:14:46+00:00","dateModified":"2026-04-01T09:57:00+00:00","description":"PENOSILHighTemp Sealant +1500\u00b0C herm\u0113ti\u0137is uz silik\u0101tu b\u0101zes izmanto\u0161anai augst\u0101s temperat\u016br\u0101s. Izol\u0113, aizpilda un bl\u012bv\u0113. P\u0113rc \u0161eit!","breadcrumb":{"@id":"https:\/\/penosil.com\/lv\/produkt\/hightemp-sealant-1500c\/#breadcrumb"},"inLanguage":"lv-LV","potentialAction":[{"@type":"ReadAction","target":["https:\/\/penosil.com\/lv\/produkt\/hightemp-sealant-1500c\/"]}]},{"@type":"ImageObject","inLanguage":"lv-LV","@id":"https:\/\/penosil.com\/lv\/produkt\/hightemp-sealant-1500c\/#primaryimage","url":"https:\/\/penosil.com\/lv\/wp-content\/uploads\/sites\/31\/2025\/06\/1500_HighTemp_Sealant_1500_LT_LV.png","contentUrl":"https:\/\/penosil.com\/lv\/wp-content\/uploads\/sites\/31\/2025\/06\/1500_HighTemp_Sealant_1500_LT_LV.png","width":387,"height":1080},{"@type":"BreadcrumbList","@id":"https:\/\/penosil.com\/lv\/produkt\/hightemp-sealant-1500c\/#breadcrumb","itemListElement":[{"@type":"ListItem","position":1,"name":"S\u0101kums","item":"https:\/\/penosil.com\/lv\/"},{"@type":"ListItem","position":2,"name":"Produkti","item":"https:\/\/penosil.com\/lv\/produkti\/"},{"@type":"ListItem","position":3,"name":"HighTemp Sealant +1500\u00b0C"}]},{"@type":"WebSite","@id":"https:\/\/penosil.com\/lv\/#website","url":"https:\/\/penosil.com\/lv\/","name":"Penosil Latvia","description":"","potentialAction":[{"@type":"SearchAction","target":{"@type":"EntryPoint","urlTemplate":"https:\/\/penosil.com\/lv\/?s={search_term_string}"},"query-input":{"@type":"PropertyValueSpecification","valueRequired":true,"valueName":"search_term_string"}}],"inLanguage":"lv-LV"}]}},"featured_img":"https:\/\/penosil.com\/lv\/wp-content\/uploads\/sites\/31\/2025\/06\/1500_HighTemp_Sealant_1500_LT_LV.png","coauthors":[],"author_meta":{"author_link":"https:\/\/penosil.com\/lv\/author\/olgakucmasova\/","display_name":"olgakucmasova"},"relative_dates":{"created":"Posted 3 years ago","modified":"Updated 2 weeks ago"},"absolute_dates":{"created":"Posted on October 19, 2022","modified":"Updated on April 1, 2026"},"absolute_dates_time":{"created":"Posted on October 19, 2022 12:14 pm","modified":"Updated on April 1, 2026 9:57 am"},"featured_img_caption":"","tax_additional":{"product_brand":{"linked":[],"unlinked":[],"slug":"product_brand","name":"Brands"},"product_type":{"linked":["<a href=\"https:\/\/penosil.com\/lv\/?taxonomy=product_type&#038;term=simple\" class=\"advgb-post-tax-term\">simple<\/a>"],"unlinked":["<span class=\"advgb-post-tax-term\">simple<\/span>"],"slug":"product_type","name":"Product type"},"product_visibility":{"linked":[],"unlinked":[],"slug":"product_visibility","name":"Product visibility"},"product_cat":{"linked":["<a href=\"https:\/\/penosil.com\/lv\/produkti\/produktu-grupas\/virsmu-apstrade\/aizpilditaji-un-pildvielas\/\" class=\"advgb-post-tax-term\">Aizpild\u012bt\u0101ji un pildvielas<\/a>","<a href=\"https:\/\/penosil.com\/lv\/produkti\/produktu-grupas\/virsmu-apstrade\/\" class=\"advgb-post-tax-term\">Virsmu apstr\u0101de<\/a>","<a href=\"https:\/\/penosil.com\/lv\/produkti\/pielietojums\/ugunsdrosiba-augsta-temperatura\/\" class=\"advgb-post-tax-term\">Ugunsdro\u0161\u012bba \/ Augsta temperat\u016bra<\/a>"],"unlinked":["<span class=\"advgb-post-tax-term\">Aizpild\u012bt\u0101ji un pildvielas<\/span>","<span class=\"advgb-post-tax-term\">Virsmu apstr\u0101de<\/span>","<span class=\"advgb-post-tax-term\">Ugunsdro\u0161\u012bba \/ Augsta temperat\u016bra<\/span>"],"slug":"product_cat","name":"Product categories"},"product_tag":{"linked":[],"unlinked":[],"slug":"product_tag","name":"Product tags"},"product_shipping_class":{"linked":[],"unlinked":[],"slug":"product_shipping_class","name":"Product shipping classes"},"pos_product_visibility":{"linked":[],"unlinked":[],"slug":"pos_product_visibility","name":"POS Product visibility"},"pa_color":{"linked":["<a href=\"https:\/\/penosil.com\/lv\/?taxonomy=pa_color&#038;term=black-lv-2\" class=\"advgb-post-tax-term\">Melns<\/a>"],"unlinked":["<span class=\"advgb-post-tax-term\">Melns<\/span>"],"slug":"pa_color","name":"Product Colour"},"pa_diameter":{"linked":[],"unlinked":[],"slug":"pa_diameter","name":"Product Diameter"},"pa_package":{"linked":["<a href=\"https:\/\/penosil.com\/lv\/?taxonomy=pa_package&#038;term=280-ml-lv-2\" class=\"advgb-post-tax-term\">280 ml<\/a>"],"unlinked":["<span class=\"advgb-post-tax-term\">280 ml<\/span>"],"slug":"pa_package","name":"Product Package"},"pa_roll":{"linked":[],"unlinked":[],"slug":"pa_roll","name":"Product Roll"},"pa_widths":{"linked":[],"unlinked":[],"slug":"pa_widths","name":"Product Widths"},"translation_priority":{"linked":["<a href=\"https:\/\/penosil.com\/lv\/?taxonomy=translation_priority&#038;term=optional-lv\" class=\"advgb-post-tax-term\">Optional<\/a>"],"unlinked":["<span class=\"advgb-post-tax-term\">Optional<\/span>"],"slug":"translation_priority","name":"Translation Priorities"}},"series_order":"","_links":{"self":[{"href":"https:\/\/penosil.com\/lv\/wp-json\/wp\/v2\/product\/28634","targetHints":{"allow":["GET"]}}],"collection":[{"href":"https:\/\/penosil.com\/lv\/wp-json\/wp\/v2\/product"}],"about":[{"href":"https:\/\/penosil.com\/lv\/wp-json\/wp\/v2\/types\/product"}],"version-history":[{"count":5,"href":"https:\/\/penosil.com\/lv\/wp-json\/wp\/v2\/product\/28634\/revisions"}],"predecessor-version":[{"id":32827,"href":"https:\/\/penosil.com\/lv\/wp-json\/wp\/v2\/product\/28634\/revisions\/32827"}],"wp:featuredmedia":[{"embeddable":true,"href":"https:\/\/penosil.com\/lv\/wp-json\/wp\/v2\/media\/32187"}],"wp:attachment":[{"href":"https:\/\/penosil.com\/lv\/wp-json\/wp\/v2\/media?parent=28634"}],"wp:term":[{"taxonomy":"product_brand","embeddable":true,"href":"https:\/\/penosil.com\/lv\/wp-json\/wp\/v2\/product_brand?post=28634"},{"taxonomy":"product_cat","embeddable":true,"href":"https:\/\/penosil.com\/lv\/wp-json\/wp\/v2\/product_cat?post=28634"},{"taxonomy":"product_tag","embeddable":true,"href":"https:\/\/penosil.com\/lv\/wp-json\/wp\/v2\/product_tag?post=28634"}],"curies":[{"name":"wp","href":"https:\/\/api.w.org\/{rel}","templated":true}]}}