{"id":28637,"date":"2022-10-20T05:49:37","date_gmt":"2022-10-20T05:49:37","guid":{"rendered":"https:\/\/penosil.com\/lv\/?post_type=product&#038;p=28637"},"modified":"2026-04-01T09:56:59","modified_gmt":"2026-04-01T09:56:59","slug":"hightemp-neutral-silicone-300c","status":"publish","type":"product","link":"https:\/\/penosil.com\/lv\/produkt\/hightemp-neutral-silicone-300c\/","title":{"rendered":"HighTemp Neutral Silicone 300\u00b0C"},"content":{"rendered":"<p>PENOSIL HighTemp Neutral Silicone &#43;300\u00b0C ir neitr\u0101ls silikona herm\u0113ti\u0137is izmanto\u0161anai augst\u0101s temperat\u016br\u0101s. Piem\u0113rots lieto\u0161anai da\u017e\u0101dos darbos, kur nepiecie\u0161ama iztur\u012bba pret augst\u0101m temperat\u016br\u0101m, saglab\u0101jot elast\u012bbu un sa\u0137eri.<\/p>\n","protected":false},"excerpt":{"rendered":"Neitr\u0101ls, pret karstumu iztur\u012bgs silikona herm\u0113ti\u0137is","protected":false},"author":18,"featured_media":32181,"template":"","meta":{"_acf_changed":false,"advgb_blocks_editor_width":"","advgb_blocks_columns_visual_guide":"","footnotes":""},"product_brand":[],"product_cat":[2596,1605,661],"product_tag":[],"class_list":{"0":"post-28637","1":"product","2":"type-product","3":"status-publish","4":"has-post-thumbnail","6":"product_cat-neitralie-silikona-hermetki","7":"product_cat-hermetiki-un-mastikas","8":"product_cat-ugunsdrosiba-augsta-temperatura","10":"first","11":"instock","12":"taxable","13":"shipping-taxable","14":"purchasable","15":"product-type-simple"},"acf":[],"yoast_head":"<!-- This site is optimized with the Yoast SEO plugin v27.2 - https:\/\/yoast.com\/product\/yoast-seo-wordpress\/ -->\n<title>HighTemp Neutral Silicone 300\u00b0C pret karstumu iztur\u012bgs silikons<\/title>\n<meta name=\"description\" content=\"Penosil HighTemp Neutral Silicone 300\u00b0C Neitr\u0101ls, pla\u0161a pielietojuma, pret karstumu iztur\u012bgs silikona herm\u0113ti\u0137is. P\u0113rc \u0161eit!\" \/>\n<meta name=\"robots\" content=\"index, follow, max-snippet:-1, max-image-preview:large, max-video-preview:-1\" \/>\n<link rel=\"canonical\" href=\"https:\/\/penosil.com\/lv\/produkt\/hightemp-neutral-silicone-300c\/\" \/>\n<meta property=\"og:locale\" content=\"lv_LV\" \/>\n<meta property=\"og:type\" content=\"article\" \/>\n<meta property=\"og:title\" content=\"HighTemp Neutral Silicone 300\u00b0C pret karstumu iztur\u012bgs silikons\" \/>\n<meta property=\"og:description\" content=\"Penosil HighTemp Neutral Silicone 300\u00b0C Neitr\u0101ls, pla\u0161a pielietojuma, pret karstumu iztur\u012bgs silikona herm\u0113ti\u0137is. P\u0113rc \u0161eit!\" \/>\n<meta property=\"og:url\" content=\"https:\/\/penosil.com\/lv\/produkt\/hightemp-neutral-silicone-300c\/\" \/>\n<meta property=\"og:site_name\" content=\"Penosil Latvia\" \/>\n<meta property=\"article:modified_time\" content=\"2026-04-01T09:56:59+00:00\" \/>\n<meta property=\"og:image\" content=\"https:\/\/penosil.com\/lv\/wp-content\/uploads\/sites\/31\/2025\/06\/336_HighTemp_Neutral_Silicone_300_LT_LV.png\" \/>\n\t<meta property=\"og:image:width\" content=\"870\" \/>\n\t<meta property=\"og:image:height\" content=\"2430\" \/>\n\t<meta property=\"og:image:type\" content=\"image\/png\" \/>\n<meta name=\"twitter:card\" content=\"summary_large_image\" \/>\n<meta name=\"twitter:label1\" content=\"Est. reading time\" \/>\n\t<meta name=\"twitter:data1\" content=\"4 minutes\" \/>\n<script type=\"application\/ld+json\" class=\"yoast-schema-graph\">{\"@context\":\"https:\/\/schema.org\",\"@graph\":[{\"@type\":\"WebPage\",\"@id\":\"https:\/\/penosil.com\/lv\/produkt\/hightemp-neutral-silicone-300c\/\",\"url\":\"https:\/\/penosil.com\/lv\/produkt\/hightemp-neutral-silicone-300c\/\",\"name\":\"HighTemp Neutral Silicone 300\u00b0C pret karstumu iztur\u012bgs silikons\",\"isPartOf\":{\"@id\":\"https:\/\/penosil.com\/lv\/#website\"},\"primaryImageOfPage\":{\"@id\":\"https:\/\/penosil.com\/lv\/produkt\/hightemp-neutral-silicone-300c\/#primaryimage\"},\"image\":{\"@id\":\"https:\/\/penosil.com\/lv\/produkt\/hightemp-neutral-silicone-300c\/#primaryimage\"},\"thumbnailUrl\":\"https:\/\/penosil.com\/lv\/wp-content\/uploads\/sites\/31\/2025\/06\/336_HighTemp_Neutral_Silicone_300_LT_LV.png\",\"datePublished\":\"2022-10-20T05:49:37+00:00\",\"dateModified\":\"2026-04-01T09:56:59+00:00\",\"description\":\"Penosil HighTemp Neutral Silicone 300\u00b0C Neitr\u0101ls, pla\u0161a pielietojuma, pret karstumu iztur\u012bgs silikona herm\u0113ti\u0137is. P\u0113rc \u0161eit!\",\"breadcrumb\":{\"@id\":\"https:\/\/penosil.com\/lv\/produkt\/hightemp-neutral-silicone-300c\/#breadcrumb\"},\"inLanguage\":\"lv-LV\",\"potentialAction\":[{\"@type\":\"ReadAction\",\"target\":[\"https:\/\/penosil.com\/lv\/produkt\/hightemp-neutral-silicone-300c\/\"]}]},{\"@type\":\"ImageObject\",\"inLanguage\":\"lv-LV\",\"@id\":\"https:\/\/penosil.com\/lv\/produkt\/hightemp-neutral-silicone-300c\/#primaryimage\",\"url\":\"https:\/\/penosil.com\/lv\/wp-content\/uploads\/sites\/31\/2025\/06\/336_HighTemp_Neutral_Silicone_300_LT_LV.png\",\"contentUrl\":\"https:\/\/penosil.com\/lv\/wp-content\/uploads\/sites\/31\/2025\/06\/336_HighTemp_Neutral_Silicone_300_LT_LV.png\",\"width\":870,\"height\":2430},{\"@type\":\"BreadcrumbList\",\"@id\":\"https:\/\/penosil.com\/lv\/produkt\/hightemp-neutral-silicone-300c\/#breadcrumb\",\"itemListElement\":[{\"@type\":\"ListItem\",\"position\":1,\"name\":\"S\u0101kums\",\"item\":\"https:\/\/penosil.com\/lv\/\"},{\"@type\":\"ListItem\",\"position\":2,\"name\":\"Produkti\",\"item\":\"https:\/\/penosil.com\/lv\/produkti\/\"},{\"@type\":\"ListItem\",\"position\":3,\"name\":\"HighTemp Neutral Silicone 300\u00b0C\"}]},{\"@type\":\"WebSite\",\"@id\":\"https:\/\/penosil.com\/lv\/#website\",\"url\":\"https:\/\/penosil.com\/lv\/\",\"name\":\"Penosil Latvia\",\"description\":\"\",\"potentialAction\":[{\"@type\":\"SearchAction\",\"target\":{\"@type\":\"EntryPoint\",\"urlTemplate\":\"https:\/\/penosil.com\/lv\/?s={search_term_string}\"},\"query-input\":{\"@type\":\"PropertyValueSpecification\",\"valueRequired\":true,\"valueName\":\"search_term_string\"}}],\"inLanguage\":\"lv-LV\"}]}<\/script>\n<!-- \/ Yoast SEO plugin. -->","yoast_head_json":{"title":"HighTemp Neutral Silicone 300\u00b0C pret karstumu iztur\u012bgs silikons","description":"Penosil HighTemp Neutral Silicone 300\u00b0C Neitr\u0101ls, pla\u0161a pielietojuma, pret karstumu iztur\u012bgs silikona herm\u0113ti\u0137is. P\u0113rc \u0161eit!","robots":{"index":"index","follow":"follow","max-snippet":"max-snippet:-1","max-image-preview":"max-image-preview:large","max-video-preview":"max-video-preview:-1"},"canonical":"https:\/\/penosil.com\/lv\/produkt\/hightemp-neutral-silicone-300c\/","og_locale":"lv_LV","og_type":"article","og_title":"HighTemp Neutral Silicone 300\u00b0C pret karstumu iztur\u012bgs silikons","og_description":"Penosil HighTemp Neutral Silicone 300\u00b0C Neitr\u0101ls, pla\u0161a pielietojuma, pret karstumu iztur\u012bgs silikona herm\u0113ti\u0137is. P\u0113rc \u0161eit!","og_url":"https:\/\/penosil.com\/lv\/produkt\/hightemp-neutral-silicone-300c\/","og_site_name":"Penosil Latvia","article_modified_time":"2026-04-01T09:56:59+00:00","og_image":[{"width":870,"height":2430,"url":"https:\/\/penosil.com\/lv\/wp-content\/uploads\/sites\/31\/2025\/06\/336_HighTemp_Neutral_Silicone_300_LT_LV.png","type":"image\/png"}],"twitter_card":"summary_large_image","twitter_misc":{"Est. reading time":"4 minutes"},"schema":{"@context":"https:\/\/schema.org","@graph":[{"@type":"WebPage","@id":"https:\/\/penosil.com\/lv\/produkt\/hightemp-neutral-silicone-300c\/","url":"https:\/\/penosil.com\/lv\/produkt\/hightemp-neutral-silicone-300c\/","name":"HighTemp Neutral Silicone 300\u00b0C pret karstumu iztur\u012bgs silikons","isPartOf":{"@id":"https:\/\/penosil.com\/lv\/#website"},"primaryImageOfPage":{"@id":"https:\/\/penosil.com\/lv\/produkt\/hightemp-neutral-silicone-300c\/#primaryimage"},"image":{"@id":"https:\/\/penosil.com\/lv\/produkt\/hightemp-neutral-silicone-300c\/#primaryimage"},"thumbnailUrl":"https:\/\/penosil.com\/lv\/wp-content\/uploads\/sites\/31\/2025\/06\/336_HighTemp_Neutral_Silicone_300_LT_LV.png","datePublished":"2022-10-20T05:49:37+00:00","dateModified":"2026-04-01T09:56:59+00:00","description":"Penosil HighTemp Neutral Silicone 300\u00b0C Neitr\u0101ls, pla\u0161a pielietojuma, pret karstumu iztur\u012bgs silikona herm\u0113ti\u0137is. P\u0113rc \u0161eit!","breadcrumb":{"@id":"https:\/\/penosil.com\/lv\/produkt\/hightemp-neutral-silicone-300c\/#breadcrumb"},"inLanguage":"lv-LV","potentialAction":[{"@type":"ReadAction","target":["https:\/\/penosil.com\/lv\/produkt\/hightemp-neutral-silicone-300c\/"]}]},{"@type":"ImageObject","inLanguage":"lv-LV","@id":"https:\/\/penosil.com\/lv\/produkt\/hightemp-neutral-silicone-300c\/#primaryimage","url":"https:\/\/penosil.com\/lv\/wp-content\/uploads\/sites\/31\/2025\/06\/336_HighTemp_Neutral_Silicone_300_LT_LV.png","contentUrl":"https:\/\/penosil.com\/lv\/wp-content\/uploads\/sites\/31\/2025\/06\/336_HighTemp_Neutral_Silicone_300_LT_LV.png","width":870,"height":2430},{"@type":"BreadcrumbList","@id":"https:\/\/penosil.com\/lv\/produkt\/hightemp-neutral-silicone-300c\/#breadcrumb","itemListElement":[{"@type":"ListItem","position":1,"name":"S\u0101kums","item":"https:\/\/penosil.com\/lv\/"},{"@type":"ListItem","position":2,"name":"Produkti","item":"https:\/\/penosil.com\/lv\/produkti\/"},{"@type":"ListItem","position":3,"name":"HighTemp Neutral Silicone 300\u00b0C"}]},{"@type":"WebSite","@id":"https:\/\/penosil.com\/lv\/#website","url":"https:\/\/penosil.com\/lv\/","name":"Penosil Latvia","description":"","potentialAction":[{"@type":"SearchAction","target":{"@type":"EntryPoint","urlTemplate":"https:\/\/penosil.com\/lv\/?s={search_term_string}"},"query-input":{"@type":"PropertyValueSpecification","valueRequired":true,"valueName":"search_term_string"}}],"inLanguage":"lv-LV"}]}},"featured_img":"https:\/\/penosil.com\/lv\/wp-content\/uploads\/sites\/31\/2025\/06\/336_HighTemp_Neutral_Silicone_300_LT_LV.png","coauthors":[],"author_meta":{"author_link":"https:\/\/penosil.com\/lv\/author\/olgakucmasova\/","display_name":"olgakucmasova"},"relative_dates":{"created":"Posted 3 years ago","modified":"Updated 2 weeks ago"},"absolute_dates":{"created":"Posted on October 20, 2022","modified":"Updated on April 1, 2026"},"absolute_dates_time":{"created":"Posted on October 20, 2022 5:49 am","modified":"Updated on April 1, 2026 9:56 am"},"featured_img_caption":"","tax_additional":{"product_brand":{"linked":[],"unlinked":[],"slug":"product_brand","name":"Brands"},"product_type":{"linked":["<a href=\"https:\/\/penosil.com\/lv\/?taxonomy=product_type&#038;term=simple\" class=\"advgb-post-tax-term\">simple<\/a>"],"unlinked":["<span class=\"advgb-post-tax-term\">simple<\/span>"],"slug":"product_type","name":"Product type"},"product_visibility":{"linked":[],"unlinked":[],"slug":"product_visibility","name":"Product visibility"},"product_cat":{"linked":["<a href=\"https:\/\/penosil.com\/lv\/produkti\/produktu-grupas\/hermetiki-un-mastikas\/neitralie-silikona-hermetki\/\" class=\"advgb-post-tax-term\">Neitr\u0101lie silikona herm\u0113ti\u0137i<\/a>","<a href=\"https:\/\/penosil.com\/lv\/produkti\/produktu-grupas\/hermetiki-un-mastikas\/\" class=\"advgb-post-tax-term\">Herm\u0113ti\u0137i un mastikas<\/a>","<a href=\"https:\/\/penosil.com\/lv\/produkti\/pielietojums\/ugunsdrosiba-augsta-temperatura\/\" class=\"advgb-post-tax-term\">Ugunsdro\u0161\u012bba \/ Augsta temperat\u016bra<\/a>"],"unlinked":["<span class=\"advgb-post-tax-term\">Neitr\u0101lie silikona herm\u0113ti\u0137i<\/span>","<span class=\"advgb-post-tax-term\">Herm\u0113ti\u0137i un mastikas<\/span>","<span class=\"advgb-post-tax-term\">Ugunsdro\u0161\u012bba \/ Augsta temperat\u016bra<\/span>"],"slug":"product_cat","name":"Product categories"},"product_tag":{"linked":[],"unlinked":[],"slug":"product_tag","name":"Product tags"},"product_shipping_class":{"linked":[],"unlinked":[],"slug":"product_shipping_class","name":"Product shipping classes"},"pos_product_visibility":{"linked":[],"unlinked":[],"slug":"pos_product_visibility","name":"POS Product visibility"},"pa_color":{"linked":["<a href=\"https:\/\/penosil.com\/lv\/?taxonomy=pa_color&#038;term=black-lv-2\" class=\"advgb-post-tax-term\">Melns<\/a>"],"unlinked":["<span class=\"advgb-post-tax-term\">Melns<\/span>"],"slug":"pa_color","name":"Product Colour"},"pa_diameter":{"linked":[],"unlinked":[],"slug":"pa_diameter","name":"Product Diameter"},"pa_package":{"linked":["<a href=\"https:\/\/penosil.com\/lv\/?taxonomy=pa_package&#038;term=300-ml-2\" class=\"advgb-post-tax-term\">300 ml<\/a>"],"unlinked":["<span class=\"advgb-post-tax-term\">300 ml<\/span>"],"slug":"pa_package","name":"Product Package"},"pa_roll":{"linked":[],"unlinked":[],"slug":"pa_roll","name":"Product Roll"},"pa_widths":{"linked":[],"unlinked":[],"slug":"pa_widths","name":"Product Widths"},"translation_priority":{"linked":["<a href=\"https:\/\/penosil.com\/lv\/?taxonomy=translation_priority&#038;term=optional-lv\" class=\"advgb-post-tax-term\">Optional<\/a>"],"unlinked":["<span class=\"advgb-post-tax-term\">Optional<\/span>"],"slug":"translation_priority","name":"Translation Priorities"}},"series_order":"","_links":{"self":[{"href":"https:\/\/penosil.com\/lv\/wp-json\/wp\/v2\/product\/28637","targetHints":{"allow":["GET"]}}],"collection":[{"href":"https:\/\/penosil.com\/lv\/wp-json\/wp\/v2\/product"}],"about":[{"href":"https:\/\/penosil.com\/lv\/wp-json\/wp\/v2\/types\/product"}],"version-history":[{"count":5,"href":"https:\/\/penosil.com\/lv\/wp-json\/wp\/v2\/product\/28637\/revisions"}],"predecessor-version":[{"id":32826,"href":"https:\/\/penosil.com\/lv\/wp-json\/wp\/v2\/product\/28637\/revisions\/32826"}],"wp:featuredmedia":[{"embeddable":true,"href":"https:\/\/penosil.com\/lv\/wp-json\/wp\/v2\/media\/32181"}],"wp:attachment":[{"href":"https:\/\/penosil.com\/lv\/wp-json\/wp\/v2\/media?parent=28637"}],"wp:term":[{"taxonomy":"product_brand","embeddable":true,"href":"https:\/\/penosil.com\/lv\/wp-json\/wp\/v2\/product_brand?post=28637"},{"taxonomy":"product_cat","embeddable":true,"href":"https:\/\/penosil.com\/lv\/wp-json\/wp\/v2\/product_cat?post=28637"},{"taxonomy":"product_tag","embeddable":true,"href":"https:\/\/penosil.com\/lv\/wp-json\/wp\/v2\/product_tag?post=28637"}],"curies":[{"name":"wp","href":"https:\/\/api.w.org\/{rel}","templated":true}]}}