{"id":28647,"date":"2022-10-27T14:07:53","date_gmt":"2022-10-27T14:07:53","guid":{"rendered":"https:\/\/penosil.com\/lv\/?post_type=product&#038;p=28647"},"modified":"2026-04-20T13:42:01","modified_gmt":"2026-04-20T13:42:01","slug":"aquabrake-fiber-640-hidroizolacijas-mastika-pastiprinata-ar-skiedru","status":"publish","type":"product","link":"https:\/\/penosil.com\/lv\/produkt\/aquabrake-fiber-640-hidroizolacijas-mastika-pastiprinata-ar-skiedru\/","title":{"rendered":"AquaBrake Fiber 640"},"content":{"rendered":"<p>PENOSIL AquaBrake Fiber 640 ir lieto\u0161anai gatava, ar \u0161\u0137iedru pastiprin\u0101ta mastika virsmu zem gr\u012bd\u0101m un sien\u0101m hidroizol\u0101cijai telp\u0101s ar paaugstin\u0101tu mitrumu.<\/p>\n","protected":false},"excerpt":{"rendered":"Hidroizol\u0101cijas mastika pastiprin\u0101ta ar \u0161\u0137iedru","protected":false},"author":18,"featured_media":32259,"template":"","meta":{"_acf_changed":false,"advgb_blocks_editor_width":"","advgb_blocks_columns_visual_guide":"","footnotes":""},"product_brand":[],"product_cat":[1755,2602,1690,1146,1711],"product_tag":[],"class_list":{"0":"post-28647","1":"product","2":"type-product","3":"status-publish","4":"has-post-thumbnail","6":"product_cat-parklajumi-un-membranas","7":"product_cat-hidroizolacijas-lentes-un-membranas","8":"product_cat-lentes-un-membranas","9":"product_cat-sanitaras-telpas","10":"product_cat-virsmu-apstrade","12":"first","13":"instock","14":"taxable","15":"shipping-taxable","16":"purchasable","17":"product-type-variable","18":"has-default-attributes"},"acf":[],"yoast_head":"<!-- This site is optimized with the Yoast SEO plugin v27.4 - https:\/\/yoast.com\/product\/yoast-seo-wordpress\/ -->\n<title>Penosil AquaBrake Fiber 640 Hidroizol\u0101cijas mastika<\/title>\n<meta name=\"description\" content=\"PENOSIL AquaBrake Fiber 640 ar \u0161\u0137iedru pastiprin\u0101ta mastika virsmu zem gr\u012bd\u0101m un sien\u0101m hidroizol\u0101cijai telp\u0101s ar paaugstin\u0101tu mitrumu.\" \/>\n<meta name=\"robots\" content=\"index, follow, max-snippet:-1, max-image-preview:large, max-video-preview:-1\" \/>\n<link rel=\"canonical\" href=\"https:\/\/penosil.com\/lv\/produkt\/aquabrake-fiber-640-hidroizolacijas-mastika-pastiprinata-ar-skiedru\/\" \/>\n<meta property=\"og:locale\" content=\"lv_LV\" \/>\n<meta property=\"og:type\" content=\"article\" \/>\n<meta property=\"og:title\" content=\"Penosil AquaBrake Fiber 640 Hidroizol\u0101cijas mastika\" \/>\n<meta property=\"og:description\" content=\"PENOSIL AquaBrake Fiber 640 ar \u0161\u0137iedru pastiprin\u0101ta mastika virsmu zem gr\u012bd\u0101m un sien\u0101m hidroizol\u0101cijai telp\u0101s ar paaugstin\u0101tu mitrumu.\" \/>\n<meta property=\"og:url\" content=\"https:\/\/penosil.com\/lv\/produkt\/aquabrake-fiber-640-hidroizolacijas-mastika-pastiprinata-ar-skiedru\/\" \/>\n<meta property=\"og:site_name\" content=\"Penosil Latvia\" \/>\n<meta property=\"article:modified_time\" content=\"2026-04-20T13:42:01+00:00\" \/>\n<meta property=\"og:image\" content=\"https:\/\/penosil.com\/lv\/wp-content\/uploads\/sites\/31\/2022\/10\/640_AquaBrake_Fiber_13kg_LT_LV.png\" \/>\n\t<meta property=\"og:image:width\" content=\"1178\" \/>\n\t<meta property=\"og:image:height\" content=\"1080\" \/>\n\t<meta property=\"og:image:type\" content=\"image\/png\" \/>\n<meta name=\"twitter:card\" content=\"summary_large_image\" \/>\n<meta name=\"twitter:label1\" content=\"Est. reading time\" \/>\n\t<meta name=\"twitter:data1\" content=\"6 minutes\" \/>\n<script type=\"application\/ld+json\" class=\"yoast-schema-graph\">{\"@context\":\"https:\\\/\\\/schema.org\",\"@graph\":[{\"@type\":\"WebPage\",\"@id\":\"https:\\\/\\\/penosil.com\\\/lv\\\/produkt\\\/aquabrake-fiber-640-hidroizolacijas-mastika-pastiprinata-ar-skiedru\\\/\",\"url\":\"https:\\\/\\\/penosil.com\\\/lv\\\/produkt\\\/aquabrake-fiber-640-hidroizolacijas-mastika-pastiprinata-ar-skiedru\\\/\",\"name\":\"Penosil AquaBrake Fiber 640 Hidroizol\u0101cijas mastika\",\"isPartOf\":{\"@id\":\"https:\\\/\\\/penosil.com\\\/lv\\\/#website\"},\"primaryImageOfPage\":{\"@id\":\"https:\\\/\\\/penosil.com\\\/lv\\\/produkt\\\/aquabrake-fiber-640-hidroizolacijas-mastika-pastiprinata-ar-skiedru\\\/#primaryimage\"},\"image\":{\"@id\":\"https:\\\/\\\/penosil.com\\\/lv\\\/produkt\\\/aquabrake-fiber-640-hidroizolacijas-mastika-pastiprinata-ar-skiedru\\\/#primaryimage\"},\"thumbnailUrl\":\"https:\\\/\\\/penosil.com\\\/lv\\\/wp-content\\\/uploads\\\/sites\\\/31\\\/2025\\\/06\\\/640_AquaBrake_Fiber_12C3kg_LT_LV.png\",\"datePublished\":\"2022-10-27T14:07:53+00:00\",\"dateModified\":\"2026-04-20T13:42:01+00:00\",\"description\":\"PENOSIL AquaBrake Fiber 640 ar \u0161\u0137iedru pastiprin\u0101ta mastika virsmu zem gr\u012bd\u0101m un sien\u0101m hidroizol\u0101cijai telp\u0101s ar paaugstin\u0101tu mitrumu.\",\"breadcrumb\":{\"@id\":\"https:\\\/\\\/penosil.com\\\/lv\\\/produkt\\\/aquabrake-fiber-640-hidroizolacijas-mastika-pastiprinata-ar-skiedru\\\/#breadcrumb\"},\"inLanguage\":\"lv-LV\",\"potentialAction\":[{\"@type\":\"ReadAction\",\"target\":[\"https:\\\/\\\/penosil.com\\\/lv\\\/produkt\\\/aquabrake-fiber-640-hidroizolacijas-mastika-pastiprinata-ar-skiedru\\\/\"]}]},{\"@type\":\"ImageObject\",\"inLanguage\":\"lv-LV\",\"@id\":\"https:\\\/\\\/penosil.com\\\/lv\\\/produkt\\\/aquabrake-fiber-640-hidroizolacijas-mastika-pastiprinata-ar-skiedru\\\/#primaryimage\",\"url\":\"https:\\\/\\\/penosil.com\\\/lv\\\/wp-content\\\/uploads\\\/sites\\\/31\\\/2025\\\/06\\\/640_AquaBrake_Fiber_12C3kg_LT_LV.png\",\"contentUrl\":\"https:\\\/\\\/penosil.com\\\/lv\\\/wp-content\\\/uploads\\\/sites\\\/31\\\/2025\\\/06\\\/640_AquaBrake_Fiber_12C3kg_LT_LV.png\",\"width\":1178,\"height\":1080},{\"@type\":\"BreadcrumbList\",\"@id\":\"https:\\\/\\\/penosil.com\\\/lv\\\/produkt\\\/aquabrake-fiber-640-hidroizolacijas-mastika-pastiprinata-ar-skiedru\\\/#breadcrumb\",\"itemListElement\":[{\"@type\":\"ListItem\",\"position\":1,\"name\":\"S\u0101kums\",\"item\":\"https:\\\/\\\/penosil.com\\\/lv\\\/\"},{\"@type\":\"ListItem\",\"position\":2,\"name\":\"Produkti\",\"item\":\"https:\\\/\\\/penosil.com\\\/lv\\\/produkti\\\/\"},{\"@type\":\"ListItem\",\"position\":3,\"name\":\"AquaBrake Fiber 640\"}]},{\"@type\":\"WebSite\",\"@id\":\"https:\\\/\\\/penosil.com\\\/lv\\\/#website\",\"url\":\"https:\\\/\\\/penosil.com\\\/lv\\\/\",\"name\":\"Penosil Latvia\",\"description\":\"\",\"potentialAction\":[{\"@type\":\"SearchAction\",\"target\":{\"@type\":\"EntryPoint\",\"urlTemplate\":\"https:\\\/\\\/penosil.com\\\/lv\\\/?s={search_term_string}\"},\"query-input\":{\"@type\":\"PropertyValueSpecification\",\"valueRequired\":true,\"valueName\":\"search_term_string\"}}],\"inLanguage\":\"lv-LV\"}]}<\/script>\n<!-- \/ Yoast SEO plugin. -->","yoast_head_json":{"title":"Penosil AquaBrake Fiber 640 Hidroizol\u0101cijas mastika","description":"PENOSIL AquaBrake Fiber 640 ar \u0161\u0137iedru pastiprin\u0101ta mastika virsmu zem gr\u012bd\u0101m un sien\u0101m hidroizol\u0101cijai telp\u0101s ar paaugstin\u0101tu mitrumu.","robots":{"index":"index","follow":"follow","max-snippet":"max-snippet:-1","max-image-preview":"max-image-preview:large","max-video-preview":"max-video-preview:-1"},"canonical":"https:\/\/penosil.com\/lv\/produkt\/aquabrake-fiber-640-hidroizolacijas-mastika-pastiprinata-ar-skiedru\/","og_locale":"lv_LV","og_type":"article","og_title":"Penosil AquaBrake Fiber 640 Hidroizol\u0101cijas mastika","og_description":"PENOSIL AquaBrake Fiber 640 ar \u0161\u0137iedru pastiprin\u0101ta mastika virsmu zem gr\u012bd\u0101m un sien\u0101m hidroizol\u0101cijai telp\u0101s ar paaugstin\u0101tu mitrumu.","og_url":"https:\/\/penosil.com\/lv\/produkt\/aquabrake-fiber-640-hidroizolacijas-mastika-pastiprinata-ar-skiedru\/","og_site_name":"Penosil Latvia","article_modified_time":"2026-04-20T13:42:01+00:00","og_image":[{"width":1178,"height":1080,"url":"https:\/\/penosil.com\/lv\/wp-content\/uploads\/sites\/31\/2022\/10\/640_AquaBrake_Fiber_13kg_LT_LV.png","type":"image\/png"}],"twitter_card":"summary_large_image","twitter_misc":{"Est. reading time":"6 minutes"},"schema":{"@context":"https:\/\/schema.org","@graph":[{"@type":"WebPage","@id":"https:\/\/penosil.com\/lv\/produkt\/aquabrake-fiber-640-hidroizolacijas-mastika-pastiprinata-ar-skiedru\/","url":"https:\/\/penosil.com\/lv\/produkt\/aquabrake-fiber-640-hidroizolacijas-mastika-pastiprinata-ar-skiedru\/","name":"Penosil AquaBrake Fiber 640 Hidroizol\u0101cijas mastika","isPartOf":{"@id":"https:\/\/penosil.com\/lv\/#website"},"primaryImageOfPage":{"@id":"https:\/\/penosil.com\/lv\/produkt\/aquabrake-fiber-640-hidroizolacijas-mastika-pastiprinata-ar-skiedru\/#primaryimage"},"image":{"@id":"https:\/\/penosil.com\/lv\/produkt\/aquabrake-fiber-640-hidroizolacijas-mastika-pastiprinata-ar-skiedru\/#primaryimage"},"thumbnailUrl":"https:\/\/penosil.com\/lv\/wp-content\/uploads\/sites\/31\/2025\/06\/640_AquaBrake_Fiber_12C3kg_LT_LV.png","datePublished":"2022-10-27T14:07:53+00:00","dateModified":"2026-04-20T13:42:01+00:00","description":"PENOSIL AquaBrake Fiber 640 ar \u0161\u0137iedru pastiprin\u0101ta mastika virsmu zem gr\u012bd\u0101m un sien\u0101m hidroizol\u0101cijai telp\u0101s ar paaugstin\u0101tu mitrumu.","breadcrumb":{"@id":"https:\/\/penosil.com\/lv\/produkt\/aquabrake-fiber-640-hidroizolacijas-mastika-pastiprinata-ar-skiedru\/#breadcrumb"},"inLanguage":"lv-LV","potentialAction":[{"@type":"ReadAction","target":["https:\/\/penosil.com\/lv\/produkt\/aquabrake-fiber-640-hidroizolacijas-mastika-pastiprinata-ar-skiedru\/"]}]},{"@type":"ImageObject","inLanguage":"lv-LV","@id":"https:\/\/penosil.com\/lv\/produkt\/aquabrake-fiber-640-hidroizolacijas-mastika-pastiprinata-ar-skiedru\/#primaryimage","url":"https:\/\/penosil.com\/lv\/wp-content\/uploads\/sites\/31\/2025\/06\/640_AquaBrake_Fiber_12C3kg_LT_LV.png","contentUrl":"https:\/\/penosil.com\/lv\/wp-content\/uploads\/sites\/31\/2025\/06\/640_AquaBrake_Fiber_12C3kg_LT_LV.png","width":1178,"height":1080},{"@type":"BreadcrumbList","@id":"https:\/\/penosil.com\/lv\/produkt\/aquabrake-fiber-640-hidroizolacijas-mastika-pastiprinata-ar-skiedru\/#breadcrumb","itemListElement":[{"@type":"ListItem","position":1,"name":"S\u0101kums","item":"https:\/\/penosil.com\/lv\/"},{"@type":"ListItem","position":2,"name":"Produkti","item":"https:\/\/penosil.com\/lv\/produkti\/"},{"@type":"ListItem","position":3,"name":"AquaBrake Fiber 640"}]},{"@type":"WebSite","@id":"https:\/\/penosil.com\/lv\/#website","url":"https:\/\/penosil.com\/lv\/","name":"Penosil Latvia","description":"","potentialAction":[{"@type":"SearchAction","target":{"@type":"EntryPoint","urlTemplate":"https:\/\/penosil.com\/lv\/?s={search_term_string}"},"query-input":{"@type":"PropertyValueSpecification","valueRequired":true,"valueName":"search_term_string"}}],"inLanguage":"lv-LV"}]}},"featured_img":"https:\/\/penosil.com\/lv\/wp-content\/uploads\/sites\/31\/2025\/06\/640_AquaBrake_Fiber_12C3kg_LT_LV.png","coauthors":[],"author_meta":{"author_link":"https:\/\/penosil.com\/lv\/author\/olgakucmasova\/","display_name":"olgakucmasova"},"relative_dates":{"created":"Posted 3 years ago","modified":"Updated 6 days ago"},"absolute_dates":{"created":"Posted on October 27, 2022","modified":"Updated on April 20, 2026"},"absolute_dates_time":{"created":"Posted on October 27, 2022 2:07 pm","modified":"Updated on April 20, 2026 1:42 pm"},"featured_img_caption":"","tax_additional":{"product_brand":{"linked":[],"unlinked":[],"slug":"product_brand","name":"Brands"},"product_type":{"linked":["<a href=\"https:\/\/penosil.com\/lv\/?taxonomy=product_type&#038;term=variable\" class=\"advgb-post-tax-term\">variable<\/a>"],"unlinked":["<span class=\"advgb-post-tax-term\">variable<\/span>"],"slug":"product_type","name":"Product type"},"product_visibility":{"linked":[],"unlinked":[],"slug":"product_visibility","name":"Product visibility"},"product_cat":{"linked":["<a href=\"https:\/\/penosil.com\/lv\/produkti\/produktu-grupas\/virsmu-apstrade\/parklajumi-un-membranas\/\" class=\"advgb-post-tax-term\">P\u0101rkl\u0101jumi un membr\u0101nas<\/a>","<a href=\"https:\/\/penosil.com\/lv\/produkti\/produktu-grupas\/lentes-un-membranas\/hidroizolacijas-lentes-un-membranas\/\" class=\"advgb-post-tax-term\">Hidroizol\u0101cijas lentes un membr\u0101nas<\/a>","<a href=\"https:\/\/penosil.com\/lv\/produkti\/produktu-grupas\/lentes-un-membranas\/\" class=\"advgb-post-tax-term\">Lentes un membr\u0101nas<\/a>","<a href=\"https:\/\/penosil.com\/lv\/produkti\/pielietojums\/sanitaras-telpas\/\" class=\"advgb-post-tax-term\">Sanit\u0101r\u0101s telpas<\/a>","<a href=\"https:\/\/penosil.com\/lv\/produkti\/produktu-grupas\/virsmu-apstrade\/\" class=\"advgb-post-tax-term\">Virsmu apstr\u0101de<\/a>"],"unlinked":["<span class=\"advgb-post-tax-term\">P\u0101rkl\u0101jumi un membr\u0101nas<\/span>","<span class=\"advgb-post-tax-term\">Hidroizol\u0101cijas lentes un membr\u0101nas<\/span>","<span class=\"advgb-post-tax-term\">Lentes un membr\u0101nas<\/span>","<span class=\"advgb-post-tax-term\">Sanit\u0101r\u0101s telpas<\/span>","<span class=\"advgb-post-tax-term\">Virsmu apstr\u0101de<\/span>"],"slug":"product_cat","name":"Product categories"},"product_tag":{"linked":[],"unlinked":[],"slug":"product_tag","name":"Product tags"},"product_shipping_class":{"linked":[],"unlinked":[],"slug":"product_shipping_class","name":"Product shipping classes"},"pos_product_visibility":{"linked":[],"unlinked":[],"slug":"pos_product_visibility","name":"POS Product visibility"},"pa_color":{"linked":["<a href=\"https:\/\/penosil.com\/lv\/?taxonomy=pa_color&#038;term=blue-lv-2\" class=\"advgb-post-tax-term\">Zils<\/a>"],"unlinked":["<span class=\"advgb-post-tax-term\">Zils<\/span>"],"slug":"pa_color","name":"Product Colour"},"pa_diameter":{"linked":[],"unlinked":[],"slug":"pa_diameter","name":"Product Diameter"},"pa_package":{"linked":["<a href=\"https:\/\/penosil.com\/lv\/?taxonomy=pa_package&#038;term=1-3-kg\" class=\"advgb-post-tax-term\">1.3 kg<\/a>","<a href=\"https:\/\/penosil.com\/lv\/?taxonomy=pa_package&#038;term=7-kg\" class=\"advgb-post-tax-term\">7 kg<\/a>","<a href=\"https:\/\/penosil.com\/lv\/?taxonomy=pa_package&#038;term=14-kg\" class=\"advgb-post-tax-term\">14 kg<\/a>","<a href=\"https:\/\/penosil.com\/lv\/?taxonomy=pa_package&#038;term=20-kg\" class=\"advgb-post-tax-term\">20 kg<\/a>"],"unlinked":["<span class=\"advgb-post-tax-term\">1.3 kg<\/span>","<span class=\"advgb-post-tax-term\">7 kg<\/span>","<span class=\"advgb-post-tax-term\">14 kg<\/span>","<span class=\"advgb-post-tax-term\">20 kg<\/span>"],"slug":"pa_package","name":"Product Package"},"pa_roll":{"linked":[],"unlinked":[],"slug":"pa_roll","name":"Product Roll"},"pa_widths":{"linked":[],"unlinked":[],"slug":"pa_widths","name":"Product Widths"},"translation_priority":{"linked":["<a href=\"https:\/\/penosil.com\/lv\/?taxonomy=translation_priority&#038;term=optional-lv\" class=\"advgb-post-tax-term\">Optional<\/a>"],"unlinked":["<span class=\"advgb-post-tax-term\">Optional<\/span>"],"slug":"translation_priority","name":"Translation Priorities"}},"series_order":"","_links":{"self":[{"href":"https:\/\/penosil.com\/lv\/wp-json\/wp\/v2\/product\/28647","targetHints":{"allow":["GET"]}}],"collection":[{"href":"https:\/\/penosil.com\/lv\/wp-json\/wp\/v2\/product"}],"about":[{"href":"https:\/\/penosil.com\/lv\/wp-json\/wp\/v2\/types\/product"}],"version-history":[{"count":4,"href":"https:\/\/penosil.com\/lv\/wp-json\/wp\/v2\/product\/28647\/revisions"}],"predecessor-version":[{"id":32258,"href":"https:\/\/penosil.com\/lv\/wp-json\/wp\/v2\/product\/28647\/revisions\/32258"}],"wp:featuredmedia":[{"embeddable":true,"href":"https:\/\/penosil.com\/lv\/wp-json\/wp\/v2\/media\/32259"}],"wp:attachment":[{"href":"https:\/\/penosil.com\/lv\/wp-json\/wp\/v2\/media?parent=28647"}],"wp:term":[{"taxonomy":"product_brand","embeddable":true,"href":"https:\/\/penosil.com\/lv\/wp-json\/wp\/v2\/product_brand?post=28647"},{"taxonomy":"product_cat","embeddable":true,"href":"https:\/\/penosil.com\/lv\/wp-json\/wp\/v2\/product_cat?post=28647"},{"taxonomy":"product_tag","embeddable":true,"href":"https:\/\/penosil.com\/lv\/wp-json\/wp\/v2\/product_tag?post=28647"}],"curies":[{"name":"wp","href":"https:\/\/api.w.org\/{rel}","templated":true}]}}