{"id":28882,"date":"2023-04-13T12:52:28","date_gmt":"2023-04-13T12:52:28","guid":{"rendered":"https:\/\/penosil.com\/lv\/?post_type=product&#038;p=28882"},"modified":"2026-03-25T08:21:39","modified_gmt":"2026-03-25T08:21:39","slug":"gunfoam-146","status":"publish","type":"product","link":"https:\/\/penosil.com\/lv\/produkt\/gunfoam-146\/","title":{"rendered":"Gunfoam 146"},"content":{"rendered":"<p>PENOSIL Universal Gunfoam 146 ir poliuret\u0101na celtniec\u012bbas pisto\u013cputas da\u017e\u0101diem aizpild\u012b\u0161anas darbiem un citiem pielietojumiem b\u016bvniec\u012bb\u0101, piem., logu un durvju r\u0101mju uzst\u0101d\u012b\u0161anai, \u0161uvju un caurlaidumu bl\u012bv\u0113\u0161anai, siltuma un ska\u0146as izol\u0101cijai. Laba sa\u0137ere ar liel\u0101ko da\u013cu materi\u0101lu &#8211; koku, betonu, akmeni, \u0123ipsi, met\u0101lu, PVC un polistirolu.<\/p>\n","protected":false},"excerpt":{"rendered":"Celtniec\u012bbas pisto\u013cputas aizpild\u012b\u0161anas darbiem","protected":false},"author":18,"featured_media":32521,"template":"","meta":{"_acf_changed":false,"advgb_blocks_editor_width":"","advgb_blocks_columns_visual_guide":"","footnotes":""},"product_brand":[],"product_cat":[832,1539,1500],"product_tag":[],"class_list":{"0":"post-28882","1":"product","2":"type-product","3":"status-publish","4":"has-post-thumbnail","6":"product_cat-vispareja-buvnieciba","7":"product_cat-pistolu-putas","8":"product_cat-celtniecibas-putas","10":"first","11":"outofstock","12":"taxable","13":"shipping-taxable","14":"purchasable","15":"product-type-simple"},"acf":[],"yoast_head":"<!-- This site is optimized with the Yoast SEO plugin v27.2 - https:\/\/yoast.com\/product\/yoast-seo-wordpress\/ -->\n<title>Gunfoam 146<\/title>\n<meta name=\"description\" content=\"Lieto\u0161anai gatavas, poliuret\u0101na celtniec\u012bbas pisto\u013cputas da\u017e\u0101diem aizpild\u012b\u0161anas darbiem un citiem pielietojumiem b\u016bvniec\u012bb\u0101... P\u0113rc \u0161eit!\" \/>\n<meta name=\"robots\" content=\"index, follow, max-snippet:-1, max-image-preview:large, max-video-preview:-1\" \/>\n<link rel=\"canonical\" href=\"https:\/\/penosil.com\/lv\/produkt\/gunfoam-146\/\" \/>\n<meta property=\"og:locale\" content=\"lv_LV\" \/>\n<meta property=\"og:type\" content=\"article\" \/>\n<meta property=\"og:title\" content=\"Gunfoam 146\" \/>\n<meta property=\"og:description\" content=\"Lieto\u0161anai gatavas, poliuret\u0101na celtniec\u012bbas pisto\u013cputas da\u017e\u0101diem aizpild\u012b\u0161anas darbiem un citiem pielietojumiem b\u016bvniec\u012bb\u0101... P\u0113rc \u0161eit!\" \/>\n<meta property=\"og:url\" content=\"https:\/\/penosil.com\/lv\/produkt\/gunfoam-146\/\" \/>\n<meta property=\"og:site_name\" content=\"Penosil Latvia\" \/>\n<meta property=\"article:modified_time\" content=\"2026-03-25T08:21:39+00:00\" \/>\n<meta property=\"og:image\" content=\"https:\/\/penosil.com\/lv\/wp-content\/uploads\/sites\/31\/2023\/04\/146_Gunfoam_146_LT_LV.png\" \/>\n\t<meta property=\"og:image:width\" content=\"523\" \/>\n\t<meta property=\"og:image:height\" content=\"1080\" \/>\n\t<meta property=\"og:image:type\" content=\"image\/png\" \/>\n<meta name=\"twitter:card\" content=\"summary_large_image\" \/>\n<meta name=\"twitter:label1\" content=\"Est. reading time\" \/>\n\t<meta name=\"twitter:data1\" content=\"5 minutes\" \/>\n<script type=\"application\/ld+json\" class=\"yoast-schema-graph\">{\"@context\":\"https:\/\/schema.org\",\"@graph\":[{\"@type\":\"WebPage\",\"@id\":\"https:\/\/penosil.com\/lv\/produkt\/gunfoam-146\/\",\"url\":\"https:\/\/penosil.com\/lv\/produkt\/gunfoam-146\/\",\"name\":\"Gunfoam 146\",\"isPartOf\":{\"@id\":\"https:\/\/penosil.com\/lv\/#website\"},\"primaryImageOfPage\":{\"@id\":\"https:\/\/penosil.com\/lv\/produkt\/gunfoam-146\/#primaryimage\"},\"image\":{\"@id\":\"https:\/\/penosil.com\/lv\/produkt\/gunfoam-146\/#primaryimage\"},\"thumbnailUrl\":\"https:\/\/penosil.com\/lv\/wp-content\/uploads\/sites\/31\/2025\/07\/146_Gunfoam_146_LT_LV.png\",\"datePublished\":\"2023-04-13T12:52:28+00:00\",\"dateModified\":\"2026-03-25T08:21:39+00:00\",\"description\":\"Lieto\u0161anai gatavas, poliuret\u0101na celtniec\u012bbas pisto\u013cputas da\u017e\u0101diem aizpild\u012b\u0161anas darbiem un citiem pielietojumiem b\u016bvniec\u012bb\u0101... P\u0113rc \u0161eit!\",\"breadcrumb\":{\"@id\":\"https:\/\/penosil.com\/lv\/produkt\/gunfoam-146\/#breadcrumb\"},\"inLanguage\":\"lv-LV\",\"potentialAction\":[{\"@type\":\"ReadAction\",\"target\":[\"https:\/\/penosil.com\/lv\/produkt\/gunfoam-146\/\"]}]},{\"@type\":\"ImageObject\",\"inLanguage\":\"lv-LV\",\"@id\":\"https:\/\/penosil.com\/lv\/produkt\/gunfoam-146\/#primaryimage\",\"url\":\"https:\/\/penosil.com\/lv\/wp-content\/uploads\/sites\/31\/2025\/07\/146_Gunfoam_146_LT_LV.png\",\"contentUrl\":\"https:\/\/penosil.com\/lv\/wp-content\/uploads\/sites\/31\/2025\/07\/146_Gunfoam_146_LT_LV.png\",\"width\":523,\"height\":1080},{\"@type\":\"BreadcrumbList\",\"@id\":\"https:\/\/penosil.com\/lv\/produkt\/gunfoam-146\/#breadcrumb\",\"itemListElement\":[{\"@type\":\"ListItem\",\"position\":1,\"name\":\"S\u0101kums\",\"item\":\"https:\/\/penosil.com\/lv\/\"},{\"@type\":\"ListItem\",\"position\":2,\"name\":\"Produkti\",\"item\":\"https:\/\/penosil.com\/lv\/produkti\/\"},{\"@type\":\"ListItem\",\"position\":3,\"name\":\"Gunfoam 146\"}]},{\"@type\":\"WebSite\",\"@id\":\"https:\/\/penosil.com\/lv\/#website\",\"url\":\"https:\/\/penosil.com\/lv\/\",\"name\":\"Penosil Latvia\",\"description\":\"\",\"potentialAction\":[{\"@type\":\"SearchAction\",\"target\":{\"@type\":\"EntryPoint\",\"urlTemplate\":\"https:\/\/penosil.com\/lv\/?s={search_term_string}\"},\"query-input\":{\"@type\":\"PropertyValueSpecification\",\"valueRequired\":true,\"valueName\":\"search_term_string\"}}],\"inLanguage\":\"lv-LV\"}]}<\/script>\n<!-- \/ Yoast SEO plugin. -->","yoast_head_json":{"title":"Gunfoam 146","description":"Lieto\u0161anai gatavas, poliuret\u0101na celtniec\u012bbas pisto\u013cputas da\u017e\u0101diem aizpild\u012b\u0161anas darbiem un citiem pielietojumiem b\u016bvniec\u012bb\u0101... P\u0113rc \u0161eit!","robots":{"index":"index","follow":"follow","max-snippet":"max-snippet:-1","max-image-preview":"max-image-preview:large","max-video-preview":"max-video-preview:-1"},"canonical":"https:\/\/penosil.com\/lv\/produkt\/gunfoam-146\/","og_locale":"lv_LV","og_type":"article","og_title":"Gunfoam 146","og_description":"Lieto\u0161anai gatavas, poliuret\u0101na celtniec\u012bbas pisto\u013cputas da\u017e\u0101diem aizpild\u012b\u0161anas darbiem un citiem pielietojumiem b\u016bvniec\u012bb\u0101... P\u0113rc \u0161eit!","og_url":"https:\/\/penosil.com\/lv\/produkt\/gunfoam-146\/","og_site_name":"Penosil Latvia","article_modified_time":"2026-03-25T08:21:39+00:00","og_image":[{"width":523,"height":1080,"url":"https:\/\/penosil.com\/lv\/wp-content\/uploads\/sites\/31\/2023\/04\/146_Gunfoam_146_LT_LV.png","type":"image\/png"}],"twitter_card":"summary_large_image","twitter_misc":{"Est. reading time":"5 minutes"},"schema":{"@context":"https:\/\/schema.org","@graph":[{"@type":"WebPage","@id":"https:\/\/penosil.com\/lv\/produkt\/gunfoam-146\/","url":"https:\/\/penosil.com\/lv\/produkt\/gunfoam-146\/","name":"Gunfoam 146","isPartOf":{"@id":"https:\/\/penosil.com\/lv\/#website"},"primaryImageOfPage":{"@id":"https:\/\/penosil.com\/lv\/produkt\/gunfoam-146\/#primaryimage"},"image":{"@id":"https:\/\/penosil.com\/lv\/produkt\/gunfoam-146\/#primaryimage"},"thumbnailUrl":"https:\/\/penosil.com\/lv\/wp-content\/uploads\/sites\/31\/2025\/07\/146_Gunfoam_146_LT_LV.png","datePublished":"2023-04-13T12:52:28+00:00","dateModified":"2026-03-25T08:21:39+00:00","description":"Lieto\u0161anai gatavas, poliuret\u0101na celtniec\u012bbas pisto\u013cputas da\u017e\u0101diem aizpild\u012b\u0161anas darbiem un citiem pielietojumiem b\u016bvniec\u012bb\u0101... P\u0113rc \u0161eit!","breadcrumb":{"@id":"https:\/\/penosil.com\/lv\/produkt\/gunfoam-146\/#breadcrumb"},"inLanguage":"lv-LV","potentialAction":[{"@type":"ReadAction","target":["https:\/\/penosil.com\/lv\/produkt\/gunfoam-146\/"]}]},{"@type":"ImageObject","inLanguage":"lv-LV","@id":"https:\/\/penosil.com\/lv\/produkt\/gunfoam-146\/#primaryimage","url":"https:\/\/penosil.com\/lv\/wp-content\/uploads\/sites\/31\/2025\/07\/146_Gunfoam_146_LT_LV.png","contentUrl":"https:\/\/penosil.com\/lv\/wp-content\/uploads\/sites\/31\/2025\/07\/146_Gunfoam_146_LT_LV.png","width":523,"height":1080},{"@type":"BreadcrumbList","@id":"https:\/\/penosil.com\/lv\/produkt\/gunfoam-146\/#breadcrumb","itemListElement":[{"@type":"ListItem","position":1,"name":"S\u0101kums","item":"https:\/\/penosil.com\/lv\/"},{"@type":"ListItem","position":2,"name":"Produkti","item":"https:\/\/penosil.com\/lv\/produkti\/"},{"@type":"ListItem","position":3,"name":"Gunfoam 146"}]},{"@type":"WebSite","@id":"https:\/\/penosil.com\/lv\/#website","url":"https:\/\/penosil.com\/lv\/","name":"Penosil Latvia","description":"","potentialAction":[{"@type":"SearchAction","target":{"@type":"EntryPoint","urlTemplate":"https:\/\/penosil.com\/lv\/?s={search_term_string}"},"query-input":{"@type":"PropertyValueSpecification","valueRequired":true,"valueName":"search_term_string"}}],"inLanguage":"lv-LV"}]}},"featured_img":"https:\/\/penosil.com\/lv\/wp-content\/uploads\/sites\/31\/2025\/07\/146_Gunfoam_146_LT_LV.png","coauthors":[],"author_meta":{"author_link":"https:\/\/penosil.com\/lv\/author\/olgakucmasova\/","display_name":"olgakucmasova"},"relative_dates":{"created":"Posted 3 years ago","modified":"Updated 3 weeks ago"},"absolute_dates":{"created":"Posted on April 13, 2023","modified":"Updated on March 25, 2026"},"absolute_dates_time":{"created":"Posted on April 13, 2023 12:52 pm","modified":"Updated on March 25, 2026 8:21 am"},"featured_img_caption":"","tax_additional":{"product_brand":{"linked":[],"unlinked":[],"slug":"product_brand","name":"Brands"},"product_type":{"linked":["<a href=\"https:\/\/penosil.com\/lv\/?taxonomy=product_type&#038;term=simple\" class=\"advgb-post-tax-term\">simple<\/a>"],"unlinked":["<span class=\"advgb-post-tax-term\">simple<\/span>"],"slug":"product_type","name":"Product type"},"product_visibility":{"linked":["<a href=\"https:\/\/penosil.com\/lv\/en\/?taxonomy=product_visibility&#038;term=outofstock\" class=\"advgb-post-tax-term\">outofstock<\/a>"],"unlinked":["<span class=\"advgb-post-tax-term\">outofstock<\/span>"],"slug":"product_visibility","name":"Product visibility"},"product_cat":{"linked":["<a href=\"https:\/\/penosil.com\/lv\/produkti\/pielietojums\/vispareja-buvnieciba\/\" class=\"advgb-post-tax-term\">Visp\u0101r\u0113j\u0101 b\u016bvniec\u012bba<\/a>","<a href=\"https:\/\/penosil.com\/lv\/produkti\/produktu-grupas\/celtniecibas-putas\/pistolu-putas\/\" class=\"advgb-post-tax-term\">Pisto\u013cputas<\/a>","<a href=\"https:\/\/penosil.com\/lv\/produkti\/produktu-grupas\/celtniecibas-putas\/\" class=\"advgb-post-tax-term\">Celtniec\u012bbas putas<\/a>"],"unlinked":["<span class=\"advgb-post-tax-term\">Visp\u0101r\u0113j\u0101 b\u016bvniec\u012bba<\/span>","<span class=\"advgb-post-tax-term\">Pisto\u013cputas<\/span>","<span class=\"advgb-post-tax-term\">Celtniec\u012bbas putas<\/span>"],"slug":"product_cat","name":"Product categories"},"product_tag":{"linked":[],"unlinked":[],"slug":"product_tag","name":"Product tags"},"product_shipping_class":{"linked":[],"unlinked":[],"slug":"product_shipping_class","name":"Product shipping classes"},"pos_product_visibility":{"linked":[],"unlinked":[],"slug":"pos_product_visibility","name":"POS Product visibility"},"pa_color":{"linked":[],"unlinked":[],"slug":"pa_color","name":"Product Colour"},"pa_diameter":{"linked":[],"unlinked":[],"slug":"pa_diameter","name":"Product Diameter"},"pa_package":{"linked":[],"unlinked":[],"slug":"pa_package","name":"Product Package"},"pa_roll":{"linked":[],"unlinked":[],"slug":"pa_roll","name":"Product Roll"},"pa_widths":{"linked":[],"unlinked":[],"slug":"pa_widths","name":"Product Widths"},"translation_priority":{"linked":["<a href=\"https:\/\/penosil.com\/lv\/?taxonomy=translation_priority&#038;term=optional-lv\" class=\"advgb-post-tax-term\">Optional<\/a>"],"unlinked":["<span class=\"advgb-post-tax-term\">Optional<\/span>"],"slug":"translation_priority","name":"Translation Priorities"}},"series_order":"","_links":{"self":[{"href":"https:\/\/penosil.com\/lv\/wp-json\/wp\/v2\/product\/28882","targetHints":{"allow":["GET"]}}],"collection":[{"href":"https:\/\/penosil.com\/lv\/wp-json\/wp\/v2\/product"}],"about":[{"href":"https:\/\/penosil.com\/lv\/wp-json\/wp\/v2\/types\/product"}],"version-history":[{"count":5,"href":"https:\/\/penosil.com\/lv\/wp-json\/wp\/v2\/product\/28882\/revisions"}],"predecessor-version":[{"id":32520,"href":"https:\/\/penosil.com\/lv\/wp-json\/wp\/v2\/product\/28882\/revisions\/32520"}],"wp:featuredmedia":[{"embeddable":true,"href":"https:\/\/penosil.com\/lv\/wp-json\/wp\/v2\/media\/32521"}],"wp:attachment":[{"href":"https:\/\/penosil.com\/lv\/wp-json\/wp\/v2\/media?parent=28882"}],"wp:term":[{"taxonomy":"product_brand","embeddable":true,"href":"https:\/\/penosil.com\/lv\/wp-json\/wp\/v2\/product_brand?post=28882"},{"taxonomy":"product_cat","embeddable":true,"href":"https:\/\/penosil.com\/lv\/wp-json\/wp\/v2\/product_cat?post=28882"},{"taxonomy":"product_tag","embeddable":true,"href":"https:\/\/penosil.com\/lv\/wp-json\/wp\/v2\/product_tag?post=28882"}],"curies":[{"name":"wp","href":"https:\/\/api.w.org\/{rel}","templated":true}]}}