{"id":28888,"date":"2023-04-17T11:57:47","date_gmt":"2023-04-17T11:57:47","guid":{"rendered":"https:\/\/penosil.com\/lv\/?post_type=product&#038;p=28888"},"modified":"2026-04-12T00:05:39","modified_gmt":"2026-04-12T00:05:39","slug":"easygun-foam-108","status":"publish","type":"product","link":"https:\/\/penosil.com\/lv\/produkt\/easygun-foam-108\/","title":{"rendered":"EasyGun Foam 108"},"content":{"rendered":"<p>PENOSIL EasyGun Foam 108 ir vissezonu, vienkomponenta poliuret\u0101na pisto\u013cputas ar unik\u0101lu EasyGun aplikatoru. \u0160auru un dzi\u013cu spraugu un caurumu, kuriem gr\u016bti piek\u013c\u016bt, aizpild\u012b\u0161anai un izol\u0101cijai. Putas var uzkl\u0101t ar putu pistoli vai EasyGun aplikatoru, padarot to par daudzpus\u012bg\u0101ku produktu par tradicion\u0101l\u0101m pisto\u013cput\u0101m.<\/p>\n","protected":false},"excerpt":{"rendered":"Vissezonu pisto\u013cputas ar unik\u0101lu aplikatoru","protected":false},"author":18,"featured_media":32496,"template":"","meta":{"_acf_changed":false,"advgb_blocks_editor_width":"","advgb_blocks_columns_visual_guide":"","footnotes":""},"product_brand":[],"product_cat":[832,1500,1519],"product_tag":[],"class_list":{"0":"post-28888","1":"product","2":"type-product","3":"status-publish","4":"has-post-thumbnail","6":"product_cat-vispareja-buvnieciba","7":"product_cat-celtniecibas-putas","8":"product_cat-easygun-putas","10":"first","11":"outofstock","12":"taxable","13":"shipping-taxable","14":"purchasable","15":"product-type-simple"},"acf":[],"yoast_head":"<!-- This site is optimized with the Yoast SEO plugin v27.2 - https:\/\/yoast.com\/product\/yoast-seo-wordpress\/ -->\n<title>Penosil EasyGun Foam 108 Poliuret\u0101na putas ar unik\u0101lu aplikatoru<\/title>\n<meta name=\"description\" content=\"Penosil EasyGun Foam 108 augstas kvalit\u0101tes pisto\u013cputas ar unik\u0101lu, pl\u0101nu aplikatoru \u0161aur\u0101m un gr\u016bti sasniedzam\u0101m \u0161uv\u0113m. P\u0113rc \u0161eit!\" \/>\n<meta name=\"robots\" content=\"index, follow, max-snippet:-1, max-image-preview:large, max-video-preview:-1\" \/>\n<link rel=\"canonical\" href=\"https:\/\/penosil.com\/lv\/produkt\/easygun-foam-108\/\" \/>\n<meta property=\"og:locale\" content=\"lv_LV\" \/>\n<meta property=\"og:type\" content=\"article\" \/>\n<meta property=\"og:title\" content=\"Penosil EasyGun Foam 108 Poliuret\u0101na putas ar unik\u0101lu aplikatoru\" \/>\n<meta property=\"og:description\" content=\"Penosil EasyGun Foam 108 augstas kvalit\u0101tes pisto\u013cputas ar unik\u0101lu, pl\u0101nu aplikatoru \u0161aur\u0101m un gr\u016bti sasniedzam\u0101m \u0161uv\u0113m. P\u0113rc \u0161eit!\" \/>\n<meta property=\"og:url\" content=\"https:\/\/penosil.com\/lv\/produkt\/easygun-foam-108\/\" \/>\n<meta property=\"og:site_name\" content=\"Penosil Latvia\" \/>\n<meta property=\"article:modified_time\" content=\"2026-04-12T00:05:39+00:00\" \/>\n<meta property=\"og:image\" content=\"https:\/\/penosil.com\/lv\/wp-content\/uploads\/sites\/31\/2023\/04\/108_EasyGun_Foam_108.png\" \/>\n\t<meta property=\"og:image:width\" content=\"523\" \/>\n\t<meta property=\"og:image:height\" content=\"1080\" \/>\n\t<meta property=\"og:image:type\" content=\"image\/png\" \/>\n<meta name=\"twitter:card\" content=\"summary_large_image\" \/>\n<meta name=\"twitter:label1\" content=\"Est. reading time\" \/>\n\t<meta name=\"twitter:data1\" content=\"6 minutes\" \/>\n<script type=\"application\/ld+json\" class=\"yoast-schema-graph\">{\"@context\":\"https:\/\/schema.org\",\"@graph\":[{\"@type\":\"WebPage\",\"@id\":\"https:\/\/penosil.com\/lv\/produkt\/easygun-foam-108\/\",\"url\":\"https:\/\/penosil.com\/lv\/produkt\/easygun-foam-108\/\",\"name\":\"Penosil EasyGun Foam 108 Poliuret\u0101na putas ar unik\u0101lu aplikatoru\",\"isPartOf\":{\"@id\":\"https:\/\/penosil.com\/lv\/#website\"},\"primaryImageOfPage\":{\"@id\":\"https:\/\/penosil.com\/lv\/produkt\/easygun-foam-108\/#primaryimage\"},\"image\":{\"@id\":\"https:\/\/penosil.com\/lv\/produkt\/easygun-foam-108\/#primaryimage\"},\"thumbnailUrl\":\"https:\/\/penosil.com\/lv\/wp-content\/uploads\/sites\/31\/2025\/07\/108_EasyGun_Foam_108.png\",\"datePublished\":\"2023-04-17T11:57:47+00:00\",\"dateModified\":\"2026-04-12T00:05:39+00:00\",\"description\":\"Penosil EasyGun Foam 108 augstas kvalit\u0101tes pisto\u013cputas ar unik\u0101lu, pl\u0101nu aplikatoru \u0161aur\u0101m un gr\u016bti sasniedzam\u0101m \u0161uv\u0113m. P\u0113rc \u0161eit!\",\"breadcrumb\":{\"@id\":\"https:\/\/penosil.com\/lv\/produkt\/easygun-foam-108\/#breadcrumb\"},\"inLanguage\":\"lv-LV\",\"potentialAction\":[{\"@type\":\"ReadAction\",\"target\":[\"https:\/\/penosil.com\/lv\/produkt\/easygun-foam-108\/\"]}]},{\"@type\":\"ImageObject\",\"inLanguage\":\"lv-LV\",\"@id\":\"https:\/\/penosil.com\/lv\/produkt\/easygun-foam-108\/#primaryimage\",\"url\":\"https:\/\/penosil.com\/lv\/wp-content\/uploads\/sites\/31\/2025\/07\/108_EasyGun_Foam_108.png\",\"contentUrl\":\"https:\/\/penosil.com\/lv\/wp-content\/uploads\/sites\/31\/2025\/07\/108_EasyGun_Foam_108.png\",\"width\":523,\"height\":1080},{\"@type\":\"BreadcrumbList\",\"@id\":\"https:\/\/penosil.com\/lv\/produkt\/easygun-foam-108\/#breadcrumb\",\"itemListElement\":[{\"@type\":\"ListItem\",\"position\":1,\"name\":\"S\u0101kums\",\"item\":\"https:\/\/penosil.com\/lv\/\"},{\"@type\":\"ListItem\",\"position\":2,\"name\":\"Produkti\",\"item\":\"https:\/\/penosil.com\/lv\/produkti\/\"},{\"@type\":\"ListItem\",\"position\":3,\"name\":\"EasyGun Foam 108\"}]},{\"@type\":\"WebSite\",\"@id\":\"https:\/\/penosil.com\/lv\/#website\",\"url\":\"https:\/\/penosil.com\/lv\/\",\"name\":\"Penosil Latvia\",\"description\":\"\",\"potentialAction\":[{\"@type\":\"SearchAction\",\"target\":{\"@type\":\"EntryPoint\",\"urlTemplate\":\"https:\/\/penosil.com\/lv\/?s={search_term_string}\"},\"query-input\":{\"@type\":\"PropertyValueSpecification\",\"valueRequired\":true,\"valueName\":\"search_term_string\"}}],\"inLanguage\":\"lv-LV\"}]}<\/script>\n<!-- \/ Yoast SEO plugin. -->","yoast_head_json":{"title":"Penosil EasyGun Foam 108 Poliuret\u0101na putas ar unik\u0101lu aplikatoru","description":"Penosil EasyGun Foam 108 augstas kvalit\u0101tes pisto\u013cputas ar unik\u0101lu, pl\u0101nu aplikatoru \u0161aur\u0101m un gr\u016bti sasniedzam\u0101m \u0161uv\u0113m. P\u0113rc \u0161eit!","robots":{"index":"index","follow":"follow","max-snippet":"max-snippet:-1","max-image-preview":"max-image-preview:large","max-video-preview":"max-video-preview:-1"},"canonical":"https:\/\/penosil.com\/lv\/produkt\/easygun-foam-108\/","og_locale":"lv_LV","og_type":"article","og_title":"Penosil EasyGun Foam 108 Poliuret\u0101na putas ar unik\u0101lu aplikatoru","og_description":"Penosil EasyGun Foam 108 augstas kvalit\u0101tes pisto\u013cputas ar unik\u0101lu, pl\u0101nu aplikatoru \u0161aur\u0101m un gr\u016bti sasniedzam\u0101m \u0161uv\u0113m. P\u0113rc \u0161eit!","og_url":"https:\/\/penosil.com\/lv\/produkt\/easygun-foam-108\/","og_site_name":"Penosil Latvia","article_modified_time":"2026-04-12T00:05:39+00:00","og_image":[{"width":523,"height":1080,"url":"https:\/\/penosil.com\/lv\/wp-content\/uploads\/sites\/31\/2023\/04\/108_EasyGun_Foam_108.png","type":"image\/png"}],"twitter_card":"summary_large_image","twitter_misc":{"Est. reading time":"6 minutes"},"schema":{"@context":"https:\/\/schema.org","@graph":[{"@type":"WebPage","@id":"https:\/\/penosil.com\/lv\/produkt\/easygun-foam-108\/","url":"https:\/\/penosil.com\/lv\/produkt\/easygun-foam-108\/","name":"Penosil EasyGun Foam 108 Poliuret\u0101na putas ar unik\u0101lu aplikatoru","isPartOf":{"@id":"https:\/\/penosil.com\/lv\/#website"},"primaryImageOfPage":{"@id":"https:\/\/penosil.com\/lv\/produkt\/easygun-foam-108\/#primaryimage"},"image":{"@id":"https:\/\/penosil.com\/lv\/produkt\/easygun-foam-108\/#primaryimage"},"thumbnailUrl":"https:\/\/penosil.com\/lv\/wp-content\/uploads\/sites\/31\/2025\/07\/108_EasyGun_Foam_108.png","datePublished":"2023-04-17T11:57:47+00:00","dateModified":"2026-04-12T00:05:39+00:00","description":"Penosil EasyGun Foam 108 augstas kvalit\u0101tes pisto\u013cputas ar unik\u0101lu, pl\u0101nu aplikatoru \u0161aur\u0101m un gr\u016bti sasniedzam\u0101m \u0161uv\u0113m. P\u0113rc \u0161eit!","breadcrumb":{"@id":"https:\/\/penosil.com\/lv\/produkt\/easygun-foam-108\/#breadcrumb"},"inLanguage":"lv-LV","potentialAction":[{"@type":"ReadAction","target":["https:\/\/penosil.com\/lv\/produkt\/easygun-foam-108\/"]}]},{"@type":"ImageObject","inLanguage":"lv-LV","@id":"https:\/\/penosil.com\/lv\/produkt\/easygun-foam-108\/#primaryimage","url":"https:\/\/penosil.com\/lv\/wp-content\/uploads\/sites\/31\/2025\/07\/108_EasyGun_Foam_108.png","contentUrl":"https:\/\/penosil.com\/lv\/wp-content\/uploads\/sites\/31\/2025\/07\/108_EasyGun_Foam_108.png","width":523,"height":1080},{"@type":"BreadcrumbList","@id":"https:\/\/penosil.com\/lv\/produkt\/easygun-foam-108\/#breadcrumb","itemListElement":[{"@type":"ListItem","position":1,"name":"S\u0101kums","item":"https:\/\/penosil.com\/lv\/"},{"@type":"ListItem","position":2,"name":"Produkti","item":"https:\/\/penosil.com\/lv\/produkti\/"},{"@type":"ListItem","position":3,"name":"EasyGun Foam 108"}]},{"@type":"WebSite","@id":"https:\/\/penosil.com\/lv\/#website","url":"https:\/\/penosil.com\/lv\/","name":"Penosil Latvia","description":"","potentialAction":[{"@type":"SearchAction","target":{"@type":"EntryPoint","urlTemplate":"https:\/\/penosil.com\/lv\/?s={search_term_string}"},"query-input":{"@type":"PropertyValueSpecification","valueRequired":true,"valueName":"search_term_string"}}],"inLanguage":"lv-LV"}]}},"featured_img":"https:\/\/penosil.com\/lv\/wp-content\/uploads\/sites\/31\/2025\/07\/108_EasyGun_Foam_108.png","coauthors":[],"author_meta":{"author_link":"https:\/\/penosil.com\/lv\/author\/olgakucmasova\/","display_name":"olgakucmasova"},"relative_dates":{"created":"Posted 3 years ago","modified":"Updated 3 days ago"},"absolute_dates":{"created":"Posted on April 17, 2023","modified":"Updated on April 12, 2026"},"absolute_dates_time":{"created":"Posted on April 17, 2023 11:57 am","modified":"Updated on April 12, 2026 12:05 am"},"featured_img_caption":"","tax_additional":{"product_brand":{"linked":[],"unlinked":[],"slug":"product_brand","name":"Brands"},"product_type":{"linked":["<a href=\"https:\/\/penosil.com\/lv\/?taxonomy=product_type&#038;term=simple\" class=\"advgb-post-tax-term\">simple<\/a>"],"unlinked":["<span class=\"advgb-post-tax-term\">simple<\/span>"],"slug":"product_type","name":"Product type"},"product_visibility":{"linked":["<a href=\"https:\/\/penosil.com\/lv\/en\/?taxonomy=product_visibility&#038;term=outofstock\" class=\"advgb-post-tax-term\">outofstock<\/a>"],"unlinked":["<span class=\"advgb-post-tax-term\">outofstock<\/span>"],"slug":"product_visibility","name":"Product visibility"},"product_cat":{"linked":["<a href=\"https:\/\/penosil.com\/lv\/produkti\/pielietojums\/vispareja-buvnieciba\/\" class=\"advgb-post-tax-term\">Visp\u0101r\u0113j\u0101 b\u016bvniec\u012bba<\/a>","<a href=\"https:\/\/penosil.com\/lv\/produkti\/produktu-grupas\/celtniecibas-putas\/\" class=\"advgb-post-tax-term\">Celtniec\u012bbas putas<\/a>","<a href=\"https:\/\/penosil.com\/lv\/produkti\/produktu-grupas\/celtniecibas-putas\/easygun-putas\/\" class=\"advgb-post-tax-term\">Easygun putas<\/a>"],"unlinked":["<span class=\"advgb-post-tax-term\">Visp\u0101r\u0113j\u0101 b\u016bvniec\u012bba<\/span>","<span class=\"advgb-post-tax-term\">Celtniec\u012bbas putas<\/span>","<span class=\"advgb-post-tax-term\">Easygun putas<\/span>"],"slug":"product_cat","name":"Product categories"},"product_tag":{"linked":[],"unlinked":[],"slug":"product_tag","name":"Product tags"},"product_shipping_class":{"linked":[],"unlinked":[],"slug":"product_shipping_class","name":"Product shipping classes"},"pos_product_visibility":{"linked":[],"unlinked":[],"slug":"pos_product_visibility","name":"POS Product visibility"},"pa_color":{"linked":["<a href=\"https:\/\/penosil.com\/lv\/?taxonomy=pa_color&#038;term=light-yellow-lv\" class=\"advgb-post-tax-term\">Gai\u0161i dzeltens<\/a>"],"unlinked":["<span class=\"advgb-post-tax-term\">Gai\u0161i dzeltens<\/span>"],"slug":"pa_color","name":"Product Colour"},"pa_diameter":{"linked":[],"unlinked":[],"slug":"pa_diameter","name":"Product Diameter"},"pa_package":{"linked":["<a href=\"https:\/\/penosil.com\/lv\/?taxonomy=pa_package&#038;term=1000-ml-lv-2\" class=\"advgb-post-tax-term\">1000 ml<\/a>"],"unlinked":["<span class=\"advgb-post-tax-term\">1000 ml<\/span>"],"slug":"pa_package","name":"Product Package"},"pa_roll":{"linked":[],"unlinked":[],"slug":"pa_roll","name":"Product Roll"},"pa_widths":{"linked":[],"unlinked":[],"slug":"pa_widths","name":"Product Widths"},"translation_priority":{"linked":["<a href=\"https:\/\/penosil.com\/lv\/?taxonomy=translation_priority&#038;term=optional-lv\" class=\"advgb-post-tax-term\">Optional<\/a>"],"unlinked":["<span class=\"advgb-post-tax-term\">Optional<\/span>"],"slug":"translation_priority","name":"Translation Priorities"}},"series_order":"","_links":{"self":[{"href":"https:\/\/penosil.com\/lv\/wp-json\/wp\/v2\/product\/28888","targetHints":{"allow":["GET"]}}],"collection":[{"href":"https:\/\/penosil.com\/lv\/wp-json\/wp\/v2\/product"}],"about":[{"href":"https:\/\/penosil.com\/lv\/wp-json\/wp\/v2\/types\/product"}],"version-history":[{"count":7,"href":"https:\/\/penosil.com\/lv\/wp-json\/wp\/v2\/product\/28888\/revisions"}],"predecessor-version":[{"id":32495,"href":"https:\/\/penosil.com\/lv\/wp-json\/wp\/v2\/product\/28888\/revisions\/32495"}],"wp:featuredmedia":[{"embeddable":true,"href":"https:\/\/penosil.com\/lv\/wp-json\/wp\/v2\/media\/32496"}],"wp:attachment":[{"href":"https:\/\/penosil.com\/lv\/wp-json\/wp\/v2\/media?parent=28888"}],"wp:term":[{"taxonomy":"product_brand","embeddable":true,"href":"https:\/\/penosil.com\/lv\/wp-json\/wp\/v2\/product_brand?post=28888"},{"taxonomy":"product_cat","embeddable":true,"href":"https:\/\/penosil.com\/lv\/wp-json\/wp\/v2\/product_cat?post=28888"},{"taxonomy":"product_tag","embeddable":true,"href":"https:\/\/penosil.com\/lv\/wp-json\/wp\/v2\/product_tag?post=28888"}],"curies":[{"name":"wp","href":"https:\/\/api.w.org\/{rel}","templated":true}]}}