{"id":28927,"date":"2023-05-25T11:28:39","date_gmt":"2023-05-25T11:28:39","guid":{"rendered":"https:\/\/penosil.com\/lv\/?post_type=product&#038;p=28927"},"modified":"2026-04-01T09:57:00","modified_gmt":"2026-04-01T09:57:00","slug":"eco-mounting-adhesive-677-ilgtspejiga-lime-ieksdarbiem","status":"publish","type":"product","link":"https:\/\/penosil.com\/lv\/produkt\/eco-mounting-adhesive-677-ilgtspejiga-lime-ieksdarbiem\/","title":{"rendered":"ECO Mounting Adhesive 677"},"content":{"rendered":"<p>Lieto\u0161anai gatava l\u012bme iek\u0161darbiem uz ilgtsp\u0113j\u012bgas akrila dispersijas b\u0101zes, ar izcilu s\u0101kotn\u0113jo sa\u0137eri. Piem\u0113rota da\u017e\u0101du materi\u0101lu, piem\u0113ram, koka, nesl\u012bp\u0113tu akme\u0146u, betona, \u0123ip\u0161kartona, keramikas, da\u017e\u0101du \u0137ie\u0123e\u013cu, polistirola savieno\u0161anai. Saciet\u0113jot, l\u012bme ir iztur\u012bga pret UV staru un mitruma iedarb\u012bbu, ir kr\u0101sojama.<\/p>\n","protected":false},"excerpt":{"rendered":"Ilgtsp\u0113j\u012bga akrila l\u012bme iek\u0161darbiem","protected":false},"author":18,"featured_media":31810,"template":"","meta":{"_acf_changed":false,"advgb_blocks_editor_width":"","advgb_blocks_columns_visual_guide":"","footnotes":""},"product_brand":[],"product_cat":[2607,218,2572],"product_tag":[],"class_list":{"0":"post-28927","1":"product","2":"type-product","3":"status-publish","4":"has-post-thumbnail","6":"product_cat-akrila-limes","7":"product_cat-limes","8":"product_cat-ilgtspejiga-buvnieciba","10":"first","11":"instock","12":"taxable","13":"shipping-taxable","14":"purchasable","15":"product-type-simple"},"acf":[],"yoast_head":"<!-- This site is optimized with the Yoast SEO plugin v27.2 - https:\/\/yoast.com\/product\/yoast-seo-wordpress\/ -->\n<title>Penosil ECO Mounting Adhesive 677 Ilgtsp\u0113j\u012bga akrila l\u012bme<\/title>\n<meta name=\"description\" content=\"Penosil ECO Mounting Adhesive 677 Ilgtsp\u0113j\u012bga akrila l\u012bme iek\u0161darbiem ar lielisku s\u0101kotn\u0113jo sa\u0137eri. \u0100triem remonta darbiem. P\u0113rc \u0161eit!\" \/>\n<meta name=\"robots\" content=\"index, follow, max-snippet:-1, max-image-preview:large, max-video-preview:-1\" \/>\n<link rel=\"canonical\" href=\"https:\/\/penosil.com\/lv\/produkt\/eco-mounting-adhesive-677-ilgtspejiga-lime-ieksdarbiem\/\" \/>\n<meta property=\"og:locale\" content=\"lv_LV\" \/>\n<meta property=\"og:type\" content=\"article\" \/>\n<meta property=\"og:title\" content=\"Penosil ECO Mounting Adhesive 677 Ilgtsp\u0113j\u012bga akrila l\u012bme\" \/>\n<meta property=\"og:description\" content=\"Penosil ECO Mounting Adhesive 677 Ilgtsp\u0113j\u012bga akrila l\u012bme iek\u0161darbiem ar lielisku s\u0101kotn\u0113jo sa\u0137eri. \u0100triem remonta darbiem. P\u0113rc \u0161eit!\" \/>\n<meta property=\"og:url\" content=\"https:\/\/penosil.com\/lv\/produkt\/eco-mounting-adhesive-677-ilgtspejiga-lime-ieksdarbiem\/\" \/>\n<meta property=\"og:site_name\" content=\"Penosil Latvia\" \/>\n<meta property=\"article:modified_time\" content=\"2026-04-01T09:57:00+00:00\" \/>\n<meta property=\"og:image\" content=\"https:\/\/penosil.com\/lv\/wp-content\/uploads\/sites\/31\/2023\/05\/677_-ECO_Mounting_Adhesive_677_LT_LV_RU.png\" \/>\n\t<meta property=\"og:image:width\" content=\"387\" \/>\n\t<meta property=\"og:image:height\" content=\"1080\" \/>\n\t<meta property=\"og:image:type\" content=\"image\/png\" \/>\n<meta name=\"twitter:card\" content=\"summary_large_image\" \/>\n<meta name=\"twitter:label1\" content=\"Est. reading time\" \/>\n\t<meta name=\"twitter:data1\" content=\"4 minutes\" \/>\n<script type=\"application\/ld+json\" class=\"yoast-schema-graph\">{\"@context\":\"https:\/\/schema.org\",\"@graph\":[{\"@type\":\"WebPage\",\"@id\":\"https:\/\/penosil.com\/lv\/produkt\/eco-mounting-adhesive-677-ilgtspejiga-lime-ieksdarbiem\/\",\"url\":\"https:\/\/penosil.com\/lv\/produkt\/eco-mounting-adhesive-677-ilgtspejiga-lime-ieksdarbiem\/\",\"name\":\"Penosil ECO Mounting Adhesive 677 Ilgtsp\u0113j\u012bga akrila l\u012bme\",\"isPartOf\":{\"@id\":\"https:\/\/penosil.com\/lv\/#website\"},\"primaryImageOfPage\":{\"@id\":\"https:\/\/penosil.com\/lv\/produkt\/eco-mounting-adhesive-677-ilgtspejiga-lime-ieksdarbiem\/#primaryimage\"},\"image\":{\"@id\":\"https:\/\/penosil.com\/lv\/produkt\/eco-mounting-adhesive-677-ilgtspejiga-lime-ieksdarbiem\/#primaryimage\"},\"thumbnailUrl\":\"https:\/\/penosil.com\/lv\/wp-content\/uploads\/sites\/31\/2025\/05\/677_-ECO_Mounting_Adhesive_677_LT_LV_RU.png\",\"datePublished\":\"2023-05-25T11:28:39+00:00\",\"dateModified\":\"2026-04-01T09:57:00+00:00\",\"description\":\"Penosil ECO Mounting Adhesive 677 Ilgtsp\u0113j\u012bga akrila l\u012bme iek\u0161darbiem ar lielisku s\u0101kotn\u0113jo sa\u0137eri. \u0100triem remonta darbiem. P\u0113rc \u0161eit!\",\"breadcrumb\":{\"@id\":\"https:\/\/penosil.com\/lv\/produkt\/eco-mounting-adhesive-677-ilgtspejiga-lime-ieksdarbiem\/#breadcrumb\"},\"inLanguage\":\"lv-LV\",\"potentialAction\":[{\"@type\":\"ReadAction\",\"target\":[\"https:\/\/penosil.com\/lv\/produkt\/eco-mounting-adhesive-677-ilgtspejiga-lime-ieksdarbiem\/\"]}]},{\"@type\":\"ImageObject\",\"inLanguage\":\"lv-LV\",\"@id\":\"https:\/\/penosil.com\/lv\/produkt\/eco-mounting-adhesive-677-ilgtspejiga-lime-ieksdarbiem\/#primaryimage\",\"url\":\"https:\/\/penosil.com\/lv\/wp-content\/uploads\/sites\/31\/2025\/05\/677_-ECO_Mounting_Adhesive_677_LT_LV_RU.png\",\"contentUrl\":\"https:\/\/penosil.com\/lv\/wp-content\/uploads\/sites\/31\/2025\/05\/677_-ECO_Mounting_Adhesive_677_LT_LV_RU.png\",\"width\":387,\"height\":1080},{\"@type\":\"BreadcrumbList\",\"@id\":\"https:\/\/penosil.com\/lv\/produkt\/eco-mounting-adhesive-677-ilgtspejiga-lime-ieksdarbiem\/#breadcrumb\",\"itemListElement\":[{\"@type\":\"ListItem\",\"position\":1,\"name\":\"S\u0101kums\",\"item\":\"https:\/\/penosil.com\/lv\/\"},{\"@type\":\"ListItem\",\"position\":2,\"name\":\"Produkti\",\"item\":\"https:\/\/penosil.com\/lv\/produkti\/\"},{\"@type\":\"ListItem\",\"position\":3,\"name\":\"ECO Mounting Adhesive 677\"}]},{\"@type\":\"WebSite\",\"@id\":\"https:\/\/penosil.com\/lv\/#website\",\"url\":\"https:\/\/penosil.com\/lv\/\",\"name\":\"Penosil Latvia\",\"description\":\"\",\"potentialAction\":[{\"@type\":\"SearchAction\",\"target\":{\"@type\":\"EntryPoint\",\"urlTemplate\":\"https:\/\/penosil.com\/lv\/?s={search_term_string}\"},\"query-input\":{\"@type\":\"PropertyValueSpecification\",\"valueRequired\":true,\"valueName\":\"search_term_string\"}}],\"inLanguage\":\"lv-LV\"}]}<\/script>\n<!-- \/ Yoast SEO plugin. -->","yoast_head_json":{"title":"Penosil ECO Mounting Adhesive 677 Ilgtsp\u0113j\u012bga akrila l\u012bme","description":"Penosil ECO Mounting Adhesive 677 Ilgtsp\u0113j\u012bga akrila l\u012bme iek\u0161darbiem ar lielisku s\u0101kotn\u0113jo sa\u0137eri. \u0100triem remonta darbiem. P\u0113rc \u0161eit!","robots":{"index":"index","follow":"follow","max-snippet":"max-snippet:-1","max-image-preview":"max-image-preview:large","max-video-preview":"max-video-preview:-1"},"canonical":"https:\/\/penosil.com\/lv\/produkt\/eco-mounting-adhesive-677-ilgtspejiga-lime-ieksdarbiem\/","og_locale":"lv_LV","og_type":"article","og_title":"Penosil ECO Mounting Adhesive 677 Ilgtsp\u0113j\u012bga akrila l\u012bme","og_description":"Penosil ECO Mounting Adhesive 677 Ilgtsp\u0113j\u012bga akrila l\u012bme iek\u0161darbiem ar lielisku s\u0101kotn\u0113jo sa\u0137eri. \u0100triem remonta darbiem. P\u0113rc \u0161eit!","og_url":"https:\/\/penosil.com\/lv\/produkt\/eco-mounting-adhesive-677-ilgtspejiga-lime-ieksdarbiem\/","og_site_name":"Penosil Latvia","article_modified_time":"2026-04-01T09:57:00+00:00","og_image":[{"width":387,"height":1080,"url":"https:\/\/penosil.com\/lv\/wp-content\/uploads\/sites\/31\/2023\/05\/677_-ECO_Mounting_Adhesive_677_LT_LV_RU.png","type":"image\/png"}],"twitter_card":"summary_large_image","twitter_misc":{"Est. reading time":"4 minutes"},"schema":{"@context":"https:\/\/schema.org","@graph":[{"@type":"WebPage","@id":"https:\/\/penosil.com\/lv\/produkt\/eco-mounting-adhesive-677-ilgtspejiga-lime-ieksdarbiem\/","url":"https:\/\/penosil.com\/lv\/produkt\/eco-mounting-adhesive-677-ilgtspejiga-lime-ieksdarbiem\/","name":"Penosil ECO Mounting Adhesive 677 Ilgtsp\u0113j\u012bga akrila l\u012bme","isPartOf":{"@id":"https:\/\/penosil.com\/lv\/#website"},"primaryImageOfPage":{"@id":"https:\/\/penosil.com\/lv\/produkt\/eco-mounting-adhesive-677-ilgtspejiga-lime-ieksdarbiem\/#primaryimage"},"image":{"@id":"https:\/\/penosil.com\/lv\/produkt\/eco-mounting-adhesive-677-ilgtspejiga-lime-ieksdarbiem\/#primaryimage"},"thumbnailUrl":"https:\/\/penosil.com\/lv\/wp-content\/uploads\/sites\/31\/2025\/05\/677_-ECO_Mounting_Adhesive_677_LT_LV_RU.png","datePublished":"2023-05-25T11:28:39+00:00","dateModified":"2026-04-01T09:57:00+00:00","description":"Penosil ECO Mounting Adhesive 677 Ilgtsp\u0113j\u012bga akrila l\u012bme iek\u0161darbiem ar lielisku s\u0101kotn\u0113jo sa\u0137eri. \u0100triem remonta darbiem. P\u0113rc \u0161eit!","breadcrumb":{"@id":"https:\/\/penosil.com\/lv\/produkt\/eco-mounting-adhesive-677-ilgtspejiga-lime-ieksdarbiem\/#breadcrumb"},"inLanguage":"lv-LV","potentialAction":[{"@type":"ReadAction","target":["https:\/\/penosil.com\/lv\/produkt\/eco-mounting-adhesive-677-ilgtspejiga-lime-ieksdarbiem\/"]}]},{"@type":"ImageObject","inLanguage":"lv-LV","@id":"https:\/\/penosil.com\/lv\/produkt\/eco-mounting-adhesive-677-ilgtspejiga-lime-ieksdarbiem\/#primaryimage","url":"https:\/\/penosil.com\/lv\/wp-content\/uploads\/sites\/31\/2025\/05\/677_-ECO_Mounting_Adhesive_677_LT_LV_RU.png","contentUrl":"https:\/\/penosil.com\/lv\/wp-content\/uploads\/sites\/31\/2025\/05\/677_-ECO_Mounting_Adhesive_677_LT_LV_RU.png","width":387,"height":1080},{"@type":"BreadcrumbList","@id":"https:\/\/penosil.com\/lv\/produkt\/eco-mounting-adhesive-677-ilgtspejiga-lime-ieksdarbiem\/#breadcrumb","itemListElement":[{"@type":"ListItem","position":1,"name":"S\u0101kums","item":"https:\/\/penosil.com\/lv\/"},{"@type":"ListItem","position":2,"name":"Produkti","item":"https:\/\/penosil.com\/lv\/produkti\/"},{"@type":"ListItem","position":3,"name":"ECO Mounting Adhesive 677"}]},{"@type":"WebSite","@id":"https:\/\/penosil.com\/lv\/#website","url":"https:\/\/penosil.com\/lv\/","name":"Penosil Latvia","description":"","potentialAction":[{"@type":"SearchAction","target":{"@type":"EntryPoint","urlTemplate":"https:\/\/penosil.com\/lv\/?s={search_term_string}"},"query-input":{"@type":"PropertyValueSpecification","valueRequired":true,"valueName":"search_term_string"}}],"inLanguage":"lv-LV"}]}},"featured_img":"https:\/\/penosil.com\/lv\/wp-content\/uploads\/sites\/31\/2025\/05\/677_-ECO_Mounting_Adhesive_677_LT_LV_RU.png","coauthors":[],"author_meta":{"author_link":"https:\/\/penosil.com\/lv\/author\/olgakucmasova\/","display_name":"olgakucmasova"},"relative_dates":{"created":"Posted 3 years ago","modified":"Updated 2 weeks ago"},"absolute_dates":{"created":"Posted on May 25, 2023","modified":"Updated on April 1, 2026"},"absolute_dates_time":{"created":"Posted on May 25, 2023 11:28 am","modified":"Updated on April 1, 2026 9:57 am"},"featured_img_caption":"","tax_additional":{"product_brand":{"linked":[],"unlinked":[],"slug":"product_brand","name":"Brands"},"product_type":{"linked":["<a href=\"https:\/\/penosil.com\/lv\/?taxonomy=product_type&#038;term=simple\" class=\"advgb-post-tax-term\">simple<\/a>"],"unlinked":["<span class=\"advgb-post-tax-term\">simple<\/span>"],"slug":"product_type","name":"Product type"},"product_visibility":{"linked":[],"unlinked":[],"slug":"product_visibility","name":"Product visibility"},"product_cat":{"linked":["<a href=\"https:\/\/penosil.com\/lv\/produkti\/produktu-grupas\/limes\/akrila-limes\/\" class=\"advgb-post-tax-term\">Akrila l\u012bmes<\/a>","<a href=\"https:\/\/penosil.com\/lv\/produkti\/produktu-grupas\/limes\/\" class=\"advgb-post-tax-term\">L\u012bmes<\/a>","<a href=\"https:\/\/penosil.com\/lv\/produkti\/pielietojums\/ilgtspejiga-buvnieciba\/\" class=\"advgb-post-tax-term\">Ilgtsp\u0113j\u012bga b\u016bvniec\u012bba<\/a>"],"unlinked":["<span class=\"advgb-post-tax-term\">Akrila l\u012bmes<\/span>","<span class=\"advgb-post-tax-term\">L\u012bmes<\/span>","<span class=\"advgb-post-tax-term\">Ilgtsp\u0113j\u012bga b\u016bvniec\u012bba<\/span>"],"slug":"product_cat","name":"Product categories"},"product_tag":{"linked":[],"unlinked":[],"slug":"product_tag","name":"Product tags"},"product_shipping_class":{"linked":[],"unlinked":[],"slug":"product_shipping_class","name":"Product shipping classes"},"pos_product_visibility":{"linked":[],"unlinked":[],"slug":"pos_product_visibility","name":"POS Product visibility"},"pa_color":{"linked":["<a href=\"https:\/\/penosil.com\/lv\/?taxonomy=pa_color&#038;term=beige-lv\" class=\"advgb-post-tax-term\">B\u0113\u0161s<\/a>"],"unlinked":["<span class=\"advgb-post-tax-term\">B\u0113\u0161s<\/span>"],"slug":"pa_color","name":"Product Colour"},"pa_diameter":{"linked":[],"unlinked":[],"slug":"pa_diameter","name":"Product Diameter"},"pa_package":{"linked":["<a href=\"https:\/\/penosil.com\/lv\/?taxonomy=pa_package&#038;term=290-ml-lv-2\" class=\"advgb-post-tax-term\">290 ml<\/a>"],"unlinked":["<span class=\"advgb-post-tax-term\">290 ml<\/span>"],"slug":"pa_package","name":"Product Package"},"pa_roll":{"linked":[],"unlinked":[],"slug":"pa_roll","name":"Product Roll"},"pa_widths":{"linked":[],"unlinked":[],"slug":"pa_widths","name":"Product Widths"},"translation_priority":{"linked":["<a href=\"https:\/\/penosil.com\/lv\/?taxonomy=translation_priority&#038;term=optional-lv\" class=\"advgb-post-tax-term\">Optional<\/a>"],"unlinked":["<span class=\"advgb-post-tax-term\">Optional<\/span>"],"slug":"translation_priority","name":"Translation Priorities"}},"series_order":"","_links":{"self":[{"href":"https:\/\/penosil.com\/lv\/wp-json\/wp\/v2\/product\/28927","targetHints":{"allow":["GET"]}}],"collection":[{"href":"https:\/\/penosil.com\/lv\/wp-json\/wp\/v2\/product"}],"about":[{"href":"https:\/\/penosil.com\/lv\/wp-json\/wp\/v2\/types\/product"}],"version-history":[{"count":5,"href":"https:\/\/penosil.com\/lv\/wp-json\/wp\/v2\/product\/28927\/revisions"}],"predecessor-version":[{"id":31809,"href":"https:\/\/penosil.com\/lv\/wp-json\/wp\/v2\/product\/28927\/revisions\/31809"}],"wp:featuredmedia":[{"embeddable":true,"href":"https:\/\/penosil.com\/lv\/wp-json\/wp\/v2\/media\/31810"}],"wp:attachment":[{"href":"https:\/\/penosil.com\/lv\/wp-json\/wp\/v2\/media?parent=28927"}],"wp:term":[{"taxonomy":"product_brand","embeddable":true,"href":"https:\/\/penosil.com\/lv\/wp-json\/wp\/v2\/product_brand?post=28927"},{"taxonomy":"product_cat","embeddable":true,"href":"https:\/\/penosil.com\/lv\/wp-json\/wp\/v2\/product_cat?post=28927"},{"taxonomy":"product_tag","embeddable":true,"href":"https:\/\/penosil.com\/lv\/wp-json\/wp\/v2\/product_tag?post=28927"}],"curies":[{"name":"wp","href":"https:\/\/api.w.org\/{rel}","templated":true}]}}