{"id":29277,"date":"2023-12-07T10:23:55","date_gmt":"2023-12-07T10:23:55","guid":{"rendered":"https:\/\/penosil.com\/lv\/?post_type=product&#038;p=29277"},"modified":"2026-04-01T09:56:59","modified_gmt":"2026-04-01T09:56:59","slug":"mousestop-foam-299-putas-ar-salminaplikatoru-aizpildisanas-darbiem","status":"publish","type":"product","link":"https:\/\/penosil.com\/lv\/produkt\/mousestop-foam-299-putas-ar-salminaplikatoru-aizpildisanas-darbiem\/","title":{"rendered":"MouseStop Foam 299"},"content":{"rendered":"<p>PENOSIL MouseStop Foam 299 ir vienkomponenta, poliuret\u0101na putas ar salmi\u0146aplikatoru aizpild\u012b\u0161anas darbiem, ar peles un kait\u0113k\u013cus atbaido\u0161\u0101m piedev\u0101m caurumu, spraugu un plaisu aizpild\u012b\u0161anai un bl\u012bv\u0113\u0161anai. Laba sa\u0137ere ar liel\u0101ko da\u013cu materi\u0101lu, piem\u0113ram, koku, betonu, akmeni, apmetumu, met\u0101lu, PVC un polistirolu. \u00a0 \u00a0<\/p>\n","protected":false},"excerpt":{"rendered":"Putas ar salmi\u0146aplikatoru aizpild\u012b\u0161anas darbiem","protected":false},"author":18,"featured_media":32426,"template":"","meta":{"_acf_changed":false,"advgb_blocks_editor_width":"","advgb_blocks_columns_visual_guide":"","footnotes":""},"product_brand":[],"product_cat":[832,1500,1571],"product_tag":[],"class_list":{"0":"post-29277","1":"product","2":"type-product","3":"status-publish","4":"has-post-thumbnail","6":"product_cat-vispareja-buvnieciba","7":"product_cat-celtniecibas-putas","8":"product_cat-putas-ar-salminaplikatoru","10":"first","11":"instock","12":"taxable","13":"shipping-taxable","14":"purchasable","15":"product-type-simple"},"acf":[],"yoast_head":"<!-- This site is optimized with the Yoast SEO plugin v27.2 - https:\/\/yoast.com\/product\/yoast-seo-wordpress\/ -->\n<title>MouseStop Foam 299 Putas aizpild\u012b\u0161anas darbiem<\/title>\n<meta name=\"description\" content=\"Poliuret\u0101na putas ar salmi\u0146aplikatoru aizpild\u012b\u0161anas darbiem, ar peles un kait\u0113k\u013cus atbaido\u0161\u0101m piedev\u0101m. Uzzini vair\u0101k un p\u0113rc \u0161eit!\" \/>\n<meta name=\"robots\" content=\"index, follow, max-snippet:-1, max-image-preview:large, max-video-preview:-1\" \/>\n<link rel=\"canonical\" href=\"https:\/\/penosil.com\/lv\/produkt\/mousestop-foam-299-putas-ar-salminaplikatoru-aizpildisanas-darbiem\/\" \/>\n<meta property=\"og:locale\" content=\"lv_LV\" \/>\n<meta property=\"og:type\" content=\"article\" \/>\n<meta property=\"og:title\" content=\"MouseStop Foam 299 Putas aizpild\u012b\u0161anas darbiem\" \/>\n<meta property=\"og:description\" content=\"Poliuret\u0101na putas ar salmi\u0146aplikatoru aizpild\u012b\u0161anas darbiem, ar peles un kait\u0113k\u013cus atbaido\u0161\u0101m piedev\u0101m. Uzzini vair\u0101k un p\u0113rc \u0161eit!\" \/>\n<meta property=\"og:url\" content=\"https:\/\/penosil.com\/lv\/produkt\/mousestop-foam-299-putas-ar-salminaplikatoru-aizpildisanas-darbiem\/\" \/>\n<meta property=\"og:site_name\" content=\"Penosil Latvia\" \/>\n<meta property=\"article:modified_time\" content=\"2026-04-01T09:56:59+00:00\" \/>\n<meta property=\"og:image\" content=\"https:\/\/penosil.com\/lv\/wp-content\/uploads\/sites\/31\/2025\/06\/299_Mouse_Stop_Foam_299_LV_RU.png\" \/>\n\t<meta property=\"og:image:width\" content=\"523\" \/>\n\t<meta property=\"og:image:height\" content=\"1080\" \/>\n\t<meta property=\"og:image:type\" content=\"image\/png\" \/>\n<meta name=\"twitter:card\" content=\"summary_large_image\" \/>\n<meta name=\"twitter:label1\" content=\"Est. reading time\" \/>\n\t<meta name=\"twitter:data1\" content=\"5 minutes\" \/>\n<script type=\"application\/ld+json\" class=\"yoast-schema-graph\">{\"@context\":\"https:\/\/schema.org\",\"@graph\":[{\"@type\":\"WebPage\",\"@id\":\"https:\/\/penosil.com\/lv\/produkt\/mousestop-foam-299-putas-ar-salminaplikatoru-aizpildisanas-darbiem\/\",\"url\":\"https:\/\/penosil.com\/lv\/produkt\/mousestop-foam-299-putas-ar-salminaplikatoru-aizpildisanas-darbiem\/\",\"name\":\"MouseStop Foam 299 Putas aizpild\u012b\u0161anas darbiem\",\"isPartOf\":{\"@id\":\"https:\/\/penosil.com\/lv\/#website\"},\"primaryImageOfPage\":{\"@id\":\"https:\/\/penosil.com\/lv\/produkt\/mousestop-foam-299-putas-ar-salminaplikatoru-aizpildisanas-darbiem\/#primaryimage\"},\"image\":{\"@id\":\"https:\/\/penosil.com\/lv\/produkt\/mousestop-foam-299-putas-ar-salminaplikatoru-aizpildisanas-darbiem\/#primaryimage\"},\"thumbnailUrl\":\"https:\/\/penosil.com\/lv\/wp-content\/uploads\/sites\/31\/2025\/06\/299_Mouse_Stop_Foam_299_LV_RU.png\",\"datePublished\":\"2023-12-07T10:23:55+00:00\",\"dateModified\":\"2026-04-01T09:56:59+00:00\",\"description\":\"Poliuret\u0101na putas ar salmi\u0146aplikatoru aizpild\u012b\u0161anas darbiem, ar peles un kait\u0113k\u013cus atbaido\u0161\u0101m piedev\u0101m. Uzzini vair\u0101k un p\u0113rc \u0161eit!\",\"breadcrumb\":{\"@id\":\"https:\/\/penosil.com\/lv\/produkt\/mousestop-foam-299-putas-ar-salminaplikatoru-aizpildisanas-darbiem\/#breadcrumb\"},\"inLanguage\":\"lv-LV\",\"potentialAction\":[{\"@type\":\"ReadAction\",\"target\":[\"https:\/\/penosil.com\/lv\/produkt\/mousestop-foam-299-putas-ar-salminaplikatoru-aizpildisanas-darbiem\/\"]}]},{\"@type\":\"ImageObject\",\"inLanguage\":\"lv-LV\",\"@id\":\"https:\/\/penosil.com\/lv\/produkt\/mousestop-foam-299-putas-ar-salminaplikatoru-aizpildisanas-darbiem\/#primaryimage\",\"url\":\"https:\/\/penosil.com\/lv\/wp-content\/uploads\/sites\/31\/2025\/06\/299_Mouse_Stop_Foam_299_LV_RU.png\",\"contentUrl\":\"https:\/\/penosil.com\/lv\/wp-content\/uploads\/sites\/31\/2025\/06\/299_Mouse_Stop_Foam_299_LV_RU.png\",\"width\":523,\"height\":1080},{\"@type\":\"BreadcrumbList\",\"@id\":\"https:\/\/penosil.com\/lv\/produkt\/mousestop-foam-299-putas-ar-salminaplikatoru-aizpildisanas-darbiem\/#breadcrumb\",\"itemListElement\":[{\"@type\":\"ListItem\",\"position\":1,\"name\":\"S\u0101kums\",\"item\":\"https:\/\/penosil.com\/lv\/\"},{\"@type\":\"ListItem\",\"position\":2,\"name\":\"Produkti\",\"item\":\"https:\/\/penosil.com\/lv\/produkti\/\"},{\"@type\":\"ListItem\",\"position\":3,\"name\":\"MouseStop Foam 299\"}]},{\"@type\":\"WebSite\",\"@id\":\"https:\/\/penosil.com\/lv\/#website\",\"url\":\"https:\/\/penosil.com\/lv\/\",\"name\":\"Penosil Latvia\",\"description\":\"\",\"potentialAction\":[{\"@type\":\"SearchAction\",\"target\":{\"@type\":\"EntryPoint\",\"urlTemplate\":\"https:\/\/penosil.com\/lv\/?s={search_term_string}\"},\"query-input\":{\"@type\":\"PropertyValueSpecification\",\"valueRequired\":true,\"valueName\":\"search_term_string\"}}],\"inLanguage\":\"lv-LV\"}]}<\/script>\n<!-- \/ Yoast SEO plugin. -->","yoast_head_json":{"title":"MouseStop Foam 299 Putas aizpild\u012b\u0161anas darbiem","description":"Poliuret\u0101na putas ar salmi\u0146aplikatoru aizpild\u012b\u0161anas darbiem, ar peles un kait\u0113k\u013cus atbaido\u0161\u0101m piedev\u0101m. Uzzini vair\u0101k un p\u0113rc \u0161eit!","robots":{"index":"index","follow":"follow","max-snippet":"max-snippet:-1","max-image-preview":"max-image-preview:large","max-video-preview":"max-video-preview:-1"},"canonical":"https:\/\/penosil.com\/lv\/produkt\/mousestop-foam-299-putas-ar-salminaplikatoru-aizpildisanas-darbiem\/","og_locale":"lv_LV","og_type":"article","og_title":"MouseStop Foam 299 Putas aizpild\u012b\u0161anas darbiem","og_description":"Poliuret\u0101na putas ar salmi\u0146aplikatoru aizpild\u012b\u0161anas darbiem, ar peles un kait\u0113k\u013cus atbaido\u0161\u0101m piedev\u0101m. Uzzini vair\u0101k un p\u0113rc \u0161eit!","og_url":"https:\/\/penosil.com\/lv\/produkt\/mousestop-foam-299-putas-ar-salminaplikatoru-aizpildisanas-darbiem\/","og_site_name":"Penosil Latvia","article_modified_time":"2026-04-01T09:56:59+00:00","og_image":[{"width":523,"height":1080,"url":"https:\/\/penosil.com\/lv\/wp-content\/uploads\/sites\/31\/2025\/06\/299_Mouse_Stop_Foam_299_LV_RU.png","type":"image\/png"}],"twitter_card":"summary_large_image","twitter_misc":{"Est. reading time":"5 minutes"},"schema":{"@context":"https:\/\/schema.org","@graph":[{"@type":"WebPage","@id":"https:\/\/penosil.com\/lv\/produkt\/mousestop-foam-299-putas-ar-salminaplikatoru-aizpildisanas-darbiem\/","url":"https:\/\/penosil.com\/lv\/produkt\/mousestop-foam-299-putas-ar-salminaplikatoru-aizpildisanas-darbiem\/","name":"MouseStop Foam 299 Putas aizpild\u012b\u0161anas darbiem","isPartOf":{"@id":"https:\/\/penosil.com\/lv\/#website"},"primaryImageOfPage":{"@id":"https:\/\/penosil.com\/lv\/produkt\/mousestop-foam-299-putas-ar-salminaplikatoru-aizpildisanas-darbiem\/#primaryimage"},"image":{"@id":"https:\/\/penosil.com\/lv\/produkt\/mousestop-foam-299-putas-ar-salminaplikatoru-aizpildisanas-darbiem\/#primaryimage"},"thumbnailUrl":"https:\/\/penosil.com\/lv\/wp-content\/uploads\/sites\/31\/2025\/06\/299_Mouse_Stop_Foam_299_LV_RU.png","datePublished":"2023-12-07T10:23:55+00:00","dateModified":"2026-04-01T09:56:59+00:00","description":"Poliuret\u0101na putas ar salmi\u0146aplikatoru aizpild\u012b\u0161anas darbiem, ar peles un kait\u0113k\u013cus atbaido\u0161\u0101m piedev\u0101m. Uzzini vair\u0101k un p\u0113rc \u0161eit!","breadcrumb":{"@id":"https:\/\/penosil.com\/lv\/produkt\/mousestop-foam-299-putas-ar-salminaplikatoru-aizpildisanas-darbiem\/#breadcrumb"},"inLanguage":"lv-LV","potentialAction":[{"@type":"ReadAction","target":["https:\/\/penosil.com\/lv\/produkt\/mousestop-foam-299-putas-ar-salminaplikatoru-aizpildisanas-darbiem\/"]}]},{"@type":"ImageObject","inLanguage":"lv-LV","@id":"https:\/\/penosil.com\/lv\/produkt\/mousestop-foam-299-putas-ar-salminaplikatoru-aizpildisanas-darbiem\/#primaryimage","url":"https:\/\/penosil.com\/lv\/wp-content\/uploads\/sites\/31\/2025\/06\/299_Mouse_Stop_Foam_299_LV_RU.png","contentUrl":"https:\/\/penosil.com\/lv\/wp-content\/uploads\/sites\/31\/2025\/06\/299_Mouse_Stop_Foam_299_LV_RU.png","width":523,"height":1080},{"@type":"BreadcrumbList","@id":"https:\/\/penosil.com\/lv\/produkt\/mousestop-foam-299-putas-ar-salminaplikatoru-aizpildisanas-darbiem\/#breadcrumb","itemListElement":[{"@type":"ListItem","position":1,"name":"S\u0101kums","item":"https:\/\/penosil.com\/lv\/"},{"@type":"ListItem","position":2,"name":"Produkti","item":"https:\/\/penosil.com\/lv\/produkti\/"},{"@type":"ListItem","position":3,"name":"MouseStop Foam 299"}]},{"@type":"WebSite","@id":"https:\/\/penosil.com\/lv\/#website","url":"https:\/\/penosil.com\/lv\/","name":"Penosil Latvia","description":"","potentialAction":[{"@type":"SearchAction","target":{"@type":"EntryPoint","urlTemplate":"https:\/\/penosil.com\/lv\/?s={search_term_string}"},"query-input":{"@type":"PropertyValueSpecification","valueRequired":true,"valueName":"search_term_string"}}],"inLanguage":"lv-LV"}]}},"featured_img":"https:\/\/penosil.com\/lv\/wp-content\/uploads\/sites\/31\/2025\/06\/299_Mouse_Stop_Foam_299_LV_RU.png","coauthors":[],"author_meta":{"author_link":"https:\/\/penosil.com\/lv\/author\/olgakucmasova\/","display_name":"olgakucmasova"},"relative_dates":{"created":"Posted 2 years ago","modified":"Updated 2 weeks ago"},"absolute_dates":{"created":"Posted on December 7, 2023","modified":"Updated on April 1, 2026"},"absolute_dates_time":{"created":"Posted on December 7, 2023 10:23 am","modified":"Updated on April 1, 2026 9:56 am"},"featured_img_caption":"","tax_additional":{"product_brand":{"linked":[],"unlinked":[],"slug":"product_brand","name":"Brands"},"product_type":{"linked":["<a href=\"https:\/\/penosil.com\/lv\/?taxonomy=product_type&#038;term=simple\" class=\"advgb-post-tax-term\">simple<\/a>"],"unlinked":["<span class=\"advgb-post-tax-term\">simple<\/span>"],"slug":"product_type","name":"Product type"},"product_visibility":{"linked":[],"unlinked":[],"slug":"product_visibility","name":"Product visibility"},"product_cat":{"linked":["<a href=\"https:\/\/penosil.com\/lv\/produkti\/pielietojums\/vispareja-buvnieciba\/\" class=\"advgb-post-tax-term\">Visp\u0101r\u0113j\u0101 b\u016bvniec\u012bba<\/a>","<a href=\"https:\/\/penosil.com\/lv\/produkti\/produktu-grupas\/celtniecibas-putas\/\" class=\"advgb-post-tax-term\">Celtniec\u012bbas putas<\/a>","<a href=\"https:\/\/penosil.com\/lv\/produkti\/produktu-grupas\/celtniecibas-putas\/putas-ar-salminaplikatoru\/\" class=\"advgb-post-tax-term\">Putas ar salmi\u0146aplikatoru<\/a>"],"unlinked":["<span class=\"advgb-post-tax-term\">Visp\u0101r\u0113j\u0101 b\u016bvniec\u012bba<\/span>","<span class=\"advgb-post-tax-term\">Celtniec\u012bbas putas<\/span>","<span class=\"advgb-post-tax-term\">Putas ar salmi\u0146aplikatoru<\/span>"],"slug":"product_cat","name":"Product categories"},"product_tag":{"linked":[],"unlinked":[],"slug":"product_tag","name":"Product tags"},"product_shipping_class":{"linked":[],"unlinked":[],"slug":"product_shipping_class","name":"Product shipping classes"},"pos_product_visibility":{"linked":[],"unlinked":[],"slug":"pos_product_visibility","name":"POS Product visibility"},"pa_color":{"linked":["<a href=\"https:\/\/penosil.com\/lv\/?taxonomy=pa_color&#038;term=light-yellow-lv\" class=\"advgb-post-tax-term\">Gai\u0161i dzeltens<\/a>"],"unlinked":["<span class=\"advgb-post-tax-term\">Gai\u0161i dzeltens<\/span>"],"slug":"pa_color","name":"Product Colour"},"pa_diameter":{"linked":[],"unlinked":[],"slug":"pa_diameter","name":"Product Diameter"},"pa_package":{"linked":["<a href=\"https:\/\/penosil.com\/lv\/?taxonomy=pa_package&#038;term=365-ml-lv-2\" class=\"advgb-post-tax-term\">365 ml<\/a>"],"unlinked":["<span class=\"advgb-post-tax-term\">365 ml<\/span>"],"slug":"pa_package","name":"Product Package"},"pa_roll":{"linked":[],"unlinked":[],"slug":"pa_roll","name":"Product Roll"},"pa_widths":{"linked":[],"unlinked":[],"slug":"pa_widths","name":"Product Widths"},"translation_priority":{"linked":["<a href=\"https:\/\/penosil.com\/lv\/?taxonomy=translation_priority&#038;term=optional-lv\" class=\"advgb-post-tax-term\">Optional<\/a>"],"unlinked":["<span class=\"advgb-post-tax-term\">Optional<\/span>"],"slug":"translation_priority","name":"Translation Priorities"}},"series_order":"","_links":{"self":[{"href":"https:\/\/penosil.com\/lv\/wp-json\/wp\/v2\/product\/29277","targetHints":{"allow":["GET"]}}],"collection":[{"href":"https:\/\/penosil.com\/lv\/wp-json\/wp\/v2\/product"}],"about":[{"href":"https:\/\/penosil.com\/lv\/wp-json\/wp\/v2\/types\/product"}],"version-history":[{"count":7,"href":"https:\/\/penosil.com\/lv\/wp-json\/wp\/v2\/product\/29277\/revisions"}],"predecessor-version":[{"id":32828,"href":"https:\/\/penosil.com\/lv\/wp-json\/wp\/v2\/product\/29277\/revisions\/32828"}],"wp:featuredmedia":[{"embeddable":true,"href":"https:\/\/penosil.com\/lv\/wp-json\/wp\/v2\/media\/32426"}],"wp:attachment":[{"href":"https:\/\/penosil.com\/lv\/wp-json\/wp\/v2\/media?parent=29277"}],"wp:term":[{"taxonomy":"product_brand","embeddable":true,"href":"https:\/\/penosil.com\/lv\/wp-json\/wp\/v2\/product_brand?post=29277"},{"taxonomy":"product_cat","embeddable":true,"href":"https:\/\/penosil.com\/lv\/wp-json\/wp\/v2\/product_cat?post=29277"},{"taxonomy":"product_tag","embeddable":true,"href":"https:\/\/penosil.com\/lv\/wp-json\/wp\/v2\/product_tag?post=29277"}],"curies":[{"name":"wp","href":"https:\/\/api.w.org\/{rel}","templated":true}]}}