{"id":29471,"date":"2024-04-24T11:28:54","date_gmt":"2024-04-24T11:28:54","guid":{"rendered":"https:\/\/penosil.com\/lv\/?post_type=product&#038;p=29471"},"modified":"2026-04-01T09:56:59","modified_gmt":"2026-04-01T09:56:59","slug":"fast-foam-adhesive-888-atras-iedarbibas-limejosas-putas","status":"publish","type":"product","link":"https:\/\/penosil.com\/lv\/produkt\/fast-foam-adhesive-888-atras-iedarbibas-limejosas-putas\/","title":{"rendered":"Fast Foam Adhesive 888"},"content":{"rendered":"<p>PENOSIL Fast Foam Adhesive 888 ir \u0101tras iedarb\u012bbas, vienkomponenta, lieto\u0161anai gatavas poliuret\u0101na l\u012bm\u0113jo\u0161\u0101s putas, kas p\u0113c izsmidzin\u0101\u0161anas \u0101tri saciet\u0113. Piem\u0113rotas da\u017e\u0101diem \u0101r\u0113jiem un iek\u0161\u0113jiem l\u012bm\u0113\u0161anas darbiem celtniec\u012bb\u0101. Laba sa\u0137ere ar visbie\u017e\u0101k sastopamajiem b\u016bvmateri\u0101liem, piem\u0113ram, koku, betonu, akmeni u. c.<\/p>\n","protected":false},"excerpt":{"rendered":"\u0100tras iedarb\u012bbas l\u012bm\u0113jo\u0161\u0101s putas","protected":false},"author":18,"featured_media":32537,"template":"","meta":{"_acf_changed":false,"advgb_blocks_editor_width":"","advgb_blocks_columns_visual_guide":"","footnotes":""},"product_brand":[],"product_cat":[1447,218,216],"product_tag":[],"class_list":{"0":"post-29471","1":"product","2":"type-product","3":"status-publish","4":"has-post-thumbnail","6":"product_cat-limejosas-putas","7":"product_cat-limes","8":"product_cat-limesana","10":"first","11":"instock","12":"taxable","13":"shipping-taxable","14":"purchasable","15":"product-type-simple"},"acf":[],"yoast_head":"<!-- This site is optimized with the Yoast SEO plugin v27.2 - https:\/\/yoast.com\/product\/yoast-seo-wordpress\/ -->\n<title>Fast Foam Adhesive 888<\/title>\n<meta name=\"description\" content=\"\u0100tras iedarb\u012bbas, vienkomponenta, lieto\u0161anai gatavas poliuret\u0101na l\u012bm\u0113jo\u0161\u0101s putas, kas p\u0113c izsmidzin\u0101\u0161anas \u0101tri saciet\u0113. P\u0113rc \u0161eit!\" \/>\n<meta name=\"robots\" content=\"index, follow, max-snippet:-1, max-image-preview:large, max-video-preview:-1\" \/>\n<link rel=\"canonical\" href=\"https:\/\/penosil.com\/lv\/produkt\/fast-foam-adhesive-888-atras-iedarbibas-limejosas-putas\/\" \/>\n<meta property=\"og:locale\" content=\"lv_LV\" \/>\n<meta property=\"og:type\" content=\"article\" \/>\n<meta property=\"og:title\" content=\"Fast Foam Adhesive 888\" \/>\n<meta property=\"og:description\" content=\"\u0100tras iedarb\u012bbas, vienkomponenta, lieto\u0161anai gatavas poliuret\u0101na l\u012bm\u0113jo\u0161\u0101s putas, kas p\u0113c izsmidzin\u0101\u0161anas \u0101tri saciet\u0113. P\u0113rc \u0161eit!\" \/>\n<meta property=\"og:url\" content=\"https:\/\/penosil.com\/lv\/produkt\/fast-foam-adhesive-888-atras-iedarbibas-limejosas-putas\/\" \/>\n<meta property=\"og:site_name\" content=\"Penosil Latvia\" \/>\n<meta property=\"article:modified_time\" content=\"2026-04-01T09:56:59+00:00\" \/>\n<meta property=\"og:image\" content=\"https:\/\/penosil.com\/lv\/wp-content\/uploads\/sites\/31\/2025\/07\/888_Fast_Foam_Adhesive_888_LT_LV_RU.png\" \/>\n\t<meta property=\"og:image:width\" content=\"523\" \/>\n\t<meta property=\"og:image:height\" content=\"1080\" \/>\n\t<meta property=\"og:image:type\" content=\"image\/png\" \/>\n<meta name=\"twitter:card\" content=\"summary_large_image\" \/>\n<meta name=\"twitter:label1\" content=\"Est. reading time\" \/>\n\t<meta name=\"twitter:data1\" content=\"6 minutes\" \/>\n<script type=\"application\/ld+json\" class=\"yoast-schema-graph\">{\"@context\":\"https:\/\/schema.org\",\"@graph\":[{\"@type\":\"WebPage\",\"@id\":\"https:\/\/penosil.com\/lv\/produkt\/fast-foam-adhesive-888-atras-iedarbibas-limejosas-putas\/\",\"url\":\"https:\/\/penosil.com\/lv\/produkt\/fast-foam-adhesive-888-atras-iedarbibas-limejosas-putas\/\",\"name\":\"Fast Foam Adhesive 888\",\"isPartOf\":{\"@id\":\"https:\/\/penosil.com\/lv\/#website\"},\"primaryImageOfPage\":{\"@id\":\"https:\/\/penosil.com\/lv\/produkt\/fast-foam-adhesive-888-atras-iedarbibas-limejosas-putas\/#primaryimage\"},\"image\":{\"@id\":\"https:\/\/penosil.com\/lv\/produkt\/fast-foam-adhesive-888-atras-iedarbibas-limejosas-putas\/#primaryimage\"},\"thumbnailUrl\":\"https:\/\/penosil.com\/lv\/wp-content\/uploads\/sites\/31\/2025\/07\/888_Fast_Foam_Adhesive_888_LT_LV_RU.png\",\"datePublished\":\"2024-04-24T11:28:54+00:00\",\"dateModified\":\"2026-04-01T09:56:59+00:00\",\"description\":\"\u0100tras iedarb\u012bbas, vienkomponenta, lieto\u0161anai gatavas poliuret\u0101na l\u012bm\u0113jo\u0161\u0101s putas, kas p\u0113c izsmidzin\u0101\u0161anas \u0101tri saciet\u0113. P\u0113rc \u0161eit!\",\"breadcrumb\":{\"@id\":\"https:\/\/penosil.com\/lv\/produkt\/fast-foam-adhesive-888-atras-iedarbibas-limejosas-putas\/#breadcrumb\"},\"inLanguage\":\"lv-LV\",\"potentialAction\":[{\"@type\":\"ReadAction\",\"target\":[\"https:\/\/penosil.com\/lv\/produkt\/fast-foam-adhesive-888-atras-iedarbibas-limejosas-putas\/\"]}]},{\"@type\":\"ImageObject\",\"inLanguage\":\"lv-LV\",\"@id\":\"https:\/\/penosil.com\/lv\/produkt\/fast-foam-adhesive-888-atras-iedarbibas-limejosas-putas\/#primaryimage\",\"url\":\"https:\/\/penosil.com\/lv\/wp-content\/uploads\/sites\/31\/2025\/07\/888_Fast_Foam_Adhesive_888_LT_LV_RU.png\",\"contentUrl\":\"https:\/\/penosil.com\/lv\/wp-content\/uploads\/sites\/31\/2025\/07\/888_Fast_Foam_Adhesive_888_LT_LV_RU.png\",\"width\":523,\"height\":1080},{\"@type\":\"BreadcrumbList\",\"@id\":\"https:\/\/penosil.com\/lv\/produkt\/fast-foam-adhesive-888-atras-iedarbibas-limejosas-putas\/#breadcrumb\",\"itemListElement\":[{\"@type\":\"ListItem\",\"position\":1,\"name\":\"S\u0101kums\",\"item\":\"https:\/\/penosil.com\/lv\/\"},{\"@type\":\"ListItem\",\"position\":2,\"name\":\"Produkti\",\"item\":\"https:\/\/penosil.com\/lv\/produkti\/\"},{\"@type\":\"ListItem\",\"position\":3,\"name\":\"Fast Foam Adhesive 888\"}]},{\"@type\":\"WebSite\",\"@id\":\"https:\/\/penosil.com\/lv\/#website\",\"url\":\"https:\/\/penosil.com\/lv\/\",\"name\":\"Penosil Latvia\",\"description\":\"\",\"potentialAction\":[{\"@type\":\"SearchAction\",\"target\":{\"@type\":\"EntryPoint\",\"urlTemplate\":\"https:\/\/penosil.com\/lv\/?s={search_term_string}\"},\"query-input\":{\"@type\":\"PropertyValueSpecification\",\"valueRequired\":true,\"valueName\":\"search_term_string\"}}],\"inLanguage\":\"lv-LV\"}]}<\/script>\n<!-- \/ Yoast SEO plugin. -->","yoast_head_json":{"title":"Fast Foam Adhesive 888","description":"\u0100tras iedarb\u012bbas, vienkomponenta, lieto\u0161anai gatavas poliuret\u0101na l\u012bm\u0113jo\u0161\u0101s putas, kas p\u0113c izsmidzin\u0101\u0161anas \u0101tri saciet\u0113. P\u0113rc \u0161eit!","robots":{"index":"index","follow":"follow","max-snippet":"max-snippet:-1","max-image-preview":"max-image-preview:large","max-video-preview":"max-video-preview:-1"},"canonical":"https:\/\/penosil.com\/lv\/produkt\/fast-foam-adhesive-888-atras-iedarbibas-limejosas-putas\/","og_locale":"lv_LV","og_type":"article","og_title":"Fast Foam Adhesive 888","og_description":"\u0100tras iedarb\u012bbas, vienkomponenta, lieto\u0161anai gatavas poliuret\u0101na l\u012bm\u0113jo\u0161\u0101s putas, kas p\u0113c izsmidzin\u0101\u0161anas \u0101tri saciet\u0113. P\u0113rc \u0161eit!","og_url":"https:\/\/penosil.com\/lv\/produkt\/fast-foam-adhesive-888-atras-iedarbibas-limejosas-putas\/","og_site_name":"Penosil Latvia","article_modified_time":"2026-04-01T09:56:59+00:00","og_image":[{"width":523,"height":1080,"url":"https:\/\/penosil.com\/lv\/wp-content\/uploads\/sites\/31\/2025\/07\/888_Fast_Foam_Adhesive_888_LT_LV_RU.png","type":"image\/png"}],"twitter_card":"summary_large_image","twitter_misc":{"Est. reading time":"6 minutes"},"schema":{"@context":"https:\/\/schema.org","@graph":[{"@type":"WebPage","@id":"https:\/\/penosil.com\/lv\/produkt\/fast-foam-adhesive-888-atras-iedarbibas-limejosas-putas\/","url":"https:\/\/penosil.com\/lv\/produkt\/fast-foam-adhesive-888-atras-iedarbibas-limejosas-putas\/","name":"Fast Foam Adhesive 888","isPartOf":{"@id":"https:\/\/penosil.com\/lv\/#website"},"primaryImageOfPage":{"@id":"https:\/\/penosil.com\/lv\/produkt\/fast-foam-adhesive-888-atras-iedarbibas-limejosas-putas\/#primaryimage"},"image":{"@id":"https:\/\/penosil.com\/lv\/produkt\/fast-foam-adhesive-888-atras-iedarbibas-limejosas-putas\/#primaryimage"},"thumbnailUrl":"https:\/\/penosil.com\/lv\/wp-content\/uploads\/sites\/31\/2025\/07\/888_Fast_Foam_Adhesive_888_LT_LV_RU.png","datePublished":"2024-04-24T11:28:54+00:00","dateModified":"2026-04-01T09:56:59+00:00","description":"\u0100tras iedarb\u012bbas, vienkomponenta, lieto\u0161anai gatavas poliuret\u0101na l\u012bm\u0113jo\u0161\u0101s putas, kas p\u0113c izsmidzin\u0101\u0161anas \u0101tri saciet\u0113. P\u0113rc \u0161eit!","breadcrumb":{"@id":"https:\/\/penosil.com\/lv\/produkt\/fast-foam-adhesive-888-atras-iedarbibas-limejosas-putas\/#breadcrumb"},"inLanguage":"lv-LV","potentialAction":[{"@type":"ReadAction","target":["https:\/\/penosil.com\/lv\/produkt\/fast-foam-adhesive-888-atras-iedarbibas-limejosas-putas\/"]}]},{"@type":"ImageObject","inLanguage":"lv-LV","@id":"https:\/\/penosil.com\/lv\/produkt\/fast-foam-adhesive-888-atras-iedarbibas-limejosas-putas\/#primaryimage","url":"https:\/\/penosil.com\/lv\/wp-content\/uploads\/sites\/31\/2025\/07\/888_Fast_Foam_Adhesive_888_LT_LV_RU.png","contentUrl":"https:\/\/penosil.com\/lv\/wp-content\/uploads\/sites\/31\/2025\/07\/888_Fast_Foam_Adhesive_888_LT_LV_RU.png","width":523,"height":1080},{"@type":"BreadcrumbList","@id":"https:\/\/penosil.com\/lv\/produkt\/fast-foam-adhesive-888-atras-iedarbibas-limejosas-putas\/#breadcrumb","itemListElement":[{"@type":"ListItem","position":1,"name":"S\u0101kums","item":"https:\/\/penosil.com\/lv\/"},{"@type":"ListItem","position":2,"name":"Produkti","item":"https:\/\/penosil.com\/lv\/produkti\/"},{"@type":"ListItem","position":3,"name":"Fast Foam Adhesive 888"}]},{"@type":"WebSite","@id":"https:\/\/penosil.com\/lv\/#website","url":"https:\/\/penosil.com\/lv\/","name":"Penosil Latvia","description":"","potentialAction":[{"@type":"SearchAction","target":{"@type":"EntryPoint","urlTemplate":"https:\/\/penosil.com\/lv\/?s={search_term_string}"},"query-input":{"@type":"PropertyValueSpecification","valueRequired":true,"valueName":"search_term_string"}}],"inLanguage":"lv-LV"}]}},"featured_img":"https:\/\/penosil.com\/lv\/wp-content\/uploads\/sites\/31\/2025\/07\/888_Fast_Foam_Adhesive_888_LT_LV_RU.png","coauthors":[],"author_meta":{"author_link":"https:\/\/penosil.com\/lv\/author\/olgakucmasova\/","display_name":"olgakucmasova"},"relative_dates":{"created":"Posted 2 years ago","modified":"Updated 2 weeks ago"},"absolute_dates":{"created":"Posted on April 24, 2024","modified":"Updated on April 1, 2026"},"absolute_dates_time":{"created":"Posted on April 24, 2024 11:28 am","modified":"Updated on April 1, 2026 9:56 am"},"featured_img_caption":"","tax_additional":{"product_brand":{"linked":[],"unlinked":[],"slug":"product_brand","name":"Brands"},"product_type":{"linked":["<a href=\"https:\/\/penosil.com\/lv\/?taxonomy=product_type&#038;term=simple\" class=\"advgb-post-tax-term\">simple<\/a>"],"unlinked":["<span class=\"advgb-post-tax-term\">simple<\/span>"],"slug":"product_type","name":"Product type"},"product_visibility":{"linked":[],"unlinked":[],"slug":"product_visibility","name":"Product visibility"},"product_cat":{"linked":["<a href=\"https:\/\/penosil.com\/lv\/produkti\/produktu-grupas\/limes\/limejosas-putas\/\" class=\"advgb-post-tax-term\">L\u012bm\u0113jo\u0161\u0101s putas<\/a>","<a href=\"https:\/\/penosil.com\/lv\/produkti\/produktu-grupas\/limes\/\" class=\"advgb-post-tax-term\">L\u012bmes<\/a>","<a href=\"https:\/\/penosil.com\/lv\/produkti\/pielietojums\/limesana\/\" class=\"advgb-post-tax-term\">L\u012bm\u0113\u0161ana<\/a>"],"unlinked":["<span class=\"advgb-post-tax-term\">L\u012bm\u0113jo\u0161\u0101s putas<\/span>","<span class=\"advgb-post-tax-term\">L\u012bmes<\/span>","<span class=\"advgb-post-tax-term\">L\u012bm\u0113\u0161ana<\/span>"],"slug":"product_cat","name":"Product categories"},"product_tag":{"linked":[],"unlinked":[],"slug":"product_tag","name":"Product tags"},"product_shipping_class":{"linked":[],"unlinked":[],"slug":"product_shipping_class","name":"Product shipping classes"},"pos_product_visibility":{"linked":[],"unlinked":[],"slug":"pos_product_visibility","name":"POS Product visibility"},"pa_color":{"linked":["<a href=\"https:\/\/penosil.com\/lv\/?taxonomy=pa_color&#038;term=blue-lv-2\" class=\"advgb-post-tax-term\">Zils<\/a>"],"unlinked":["<span class=\"advgb-post-tax-term\">Zils<\/span>"],"slug":"pa_color","name":"Product Colour"},"pa_diameter":{"linked":[],"unlinked":[],"slug":"pa_diameter","name":"Product Diameter"},"pa_package":{"linked":["<a href=\"https:\/\/penosil.com\/lv\/?taxonomy=pa_package&#038;term=1000-ml-lv-2\" class=\"advgb-post-tax-term\">1000 ml<\/a>"],"unlinked":["<span class=\"advgb-post-tax-term\">1000 ml<\/span>"],"slug":"pa_package","name":"Product Package"},"pa_roll":{"linked":[],"unlinked":[],"slug":"pa_roll","name":"Product Roll"},"pa_widths":{"linked":[],"unlinked":[],"slug":"pa_widths","name":"Product Widths"},"translation_priority":{"linked":["<a href=\"https:\/\/penosil.com\/lv\/?taxonomy=translation_priority&#038;term=optional-lv\" class=\"advgb-post-tax-term\">Optional<\/a>"],"unlinked":["<span class=\"advgb-post-tax-term\">Optional<\/span>"],"slug":"translation_priority","name":"Translation Priorities"}},"series_order":"","_links":{"self":[{"href":"https:\/\/penosil.com\/lv\/wp-json\/wp\/v2\/product\/29471","targetHints":{"allow":["GET"]}}],"collection":[{"href":"https:\/\/penosil.com\/lv\/wp-json\/wp\/v2\/product"}],"about":[{"href":"https:\/\/penosil.com\/lv\/wp-json\/wp\/v2\/types\/product"}],"version-history":[{"count":9,"href":"https:\/\/penosil.com\/lv\/wp-json\/wp\/v2\/product\/29471\/revisions"}],"predecessor-version":[{"id":32894,"href":"https:\/\/penosil.com\/lv\/wp-json\/wp\/v2\/product\/29471\/revisions\/32894"}],"wp:featuredmedia":[{"embeddable":true,"href":"https:\/\/penosil.com\/lv\/wp-json\/wp\/v2\/media\/32537"}],"wp:attachment":[{"href":"https:\/\/penosil.com\/lv\/wp-json\/wp\/v2\/media?parent=29471"}],"wp:term":[{"taxonomy":"product_brand","embeddable":true,"href":"https:\/\/penosil.com\/lv\/wp-json\/wp\/v2\/product_brand?post=29471"},{"taxonomy":"product_cat","embeddable":true,"href":"https:\/\/penosil.com\/lv\/wp-json\/wp\/v2\/product_cat?post=29471"},{"taxonomy":"product_tag","embeddable":true,"href":"https:\/\/penosil.com\/lv\/wp-json\/wp\/v2\/product_tag?post=29471"}],"curies":[{"name":"wp","href":"https:\/\/api.w.org\/{rel}","templated":true}]}}