{"id":29858,"date":"2024-07-01T13:10:12","date_gmt":"2024-07-01T13:10:12","guid":{"rendered":"https:\/\/penosil.com\/lv\/?post_type=product&#038;p=29858"},"modified":"2026-04-03T00:03:30","modified_gmt":"2026-04-03T00:03:30","slug":"plasterseal-650","status":"publish","type":"product","link":"https:\/\/penosil.com\/lv\/produkt\/plasterseal-650\/","title":{"rendered":"PlasterSeal 650"},"content":{"rendered":"<p>PENOSIL PlasterSeal 650 ir \u0101tri \u017e\u016bsto\u0161s, viegls un lieto\u0161anai gatavs apmetums \u0123ip\u0161kartona \u0161uvju aizpild\u012b\u0161anai. To ir \u013coti viegli un \u0101tri uzkl\u0101t, jo nav nepiecie\u0161amas savienojuma lentes. Produkta \u013coti zem\u0101s sarau\u0161an\u0101s d\u0113\u013c to nepiecie\u0161ams uzkl\u0101t tikai vienu reizi.<\/p>\n<p><em>Produkts pieejams p\u0113c piepras\u012bjuma!<\/em><\/p>\n","protected":false},"excerpt":{"rendered":"Viegls, lieto\u0161anai gatavs apmetums","protected":false},"author":18,"featured_media":32224,"template":"","meta":{"_acf_changed":false,"advgb_blocks_editor_width":"","advgb_blocks_columns_visual_guide":"","footnotes":""},"product_brand":[],"product_cat":[1408,579,1711],"product_tag":[],"class_list":{"0":"post-29858","1":"product","2":"type-product","3":"status-publish","4":"has-post-thumbnail","6":"product_cat-aizpilditaji-un-pildvielas","7":"product_cat-apdare","8":"product_cat-virsmu-apstrade","10":"first","11":"outofstock","12":"taxable","13":"shipping-taxable","14":"purchasable","15":"product-type-simple"},"acf":[],"yoast_head":"<!-- This site is optimized with the Yoast SEO plugin v27.2 - https:\/\/yoast.com\/product\/yoast-seo-wordpress\/ -->\n<title>PlasterSeal 650<\/title>\n<meta name=\"description\" content=\"PENOSIL PlasterSeal 650 ir \u0101tri \u017e\u016bsto\u0161s, viegls un lieto\u0161anai gatavs apmetums \u0123ip\u0161kartona \u0161uvju aizpild\u012b\u0161anai. Uzzin\u0101t vair\u0101k!\" \/>\n<meta name=\"robots\" content=\"index, follow, max-snippet:-1, max-image-preview:large, max-video-preview:-1\" \/>\n<link rel=\"canonical\" href=\"https:\/\/penosil.com\/lv\/produkt\/plasterseal-650\/\" \/>\n<meta property=\"og:locale\" content=\"lv_LV\" \/>\n<meta property=\"og:type\" content=\"article\" \/>\n<meta property=\"og:title\" content=\"PlasterSeal 650\" \/>\n<meta property=\"og:description\" content=\"PENOSIL PlasterSeal 650 ir \u0101tri \u017e\u016bsto\u0161s, viegls un lieto\u0161anai gatavs apmetums \u0123ip\u0161kartona \u0161uvju aizpild\u012b\u0161anai. Uzzin\u0101t vair\u0101k!\" \/>\n<meta property=\"og:url\" content=\"https:\/\/penosil.com\/lv\/produkt\/plasterseal-650\/\" \/>\n<meta property=\"og:site_name\" content=\"Penosil Latvia\" \/>\n<meta property=\"article:modified_time\" content=\"2026-04-03T00:03:30+00:00\" \/>\n<meta property=\"og:image\" content=\"https:\/\/penosil.com\/lv\/wp-content\/uploads\/sites\/31\/2025\/06\/650_Plasterseal_650_5ltr_LT_LV.png\" \/>\n\t<meta property=\"og:image:width\" content=\"1080\" \/>\n\t<meta property=\"og:image:height\" content=\"608\" \/>\n\t<meta property=\"og:image:type\" content=\"image\/png\" \/>\n<meta name=\"twitter:card\" content=\"summary_large_image\" \/>\n<meta name=\"twitter:label1\" content=\"Est. reading time\" \/>\n\t<meta name=\"twitter:data1\" content=\"3 minutes\" \/>\n<script type=\"application\/ld+json\" class=\"yoast-schema-graph\">{\"@context\":\"https:\/\/schema.org\",\"@graph\":[{\"@type\":\"WebPage\",\"@id\":\"https:\/\/penosil.com\/lv\/produkt\/plasterseal-650\/\",\"url\":\"https:\/\/penosil.com\/lv\/produkt\/plasterseal-650\/\",\"name\":\"PlasterSeal 650\",\"isPartOf\":{\"@id\":\"https:\/\/penosil.com\/lv\/#website\"},\"primaryImageOfPage\":{\"@id\":\"https:\/\/penosil.com\/lv\/produkt\/plasterseal-650\/#primaryimage\"},\"image\":{\"@id\":\"https:\/\/penosil.com\/lv\/produkt\/plasterseal-650\/#primaryimage\"},\"thumbnailUrl\":\"https:\/\/penosil.com\/lv\/wp-content\/uploads\/sites\/31\/2025\/06\/650_Plasterseal_650_5ltr_LT_LV.png\",\"datePublished\":\"2024-07-01T13:10:12+00:00\",\"dateModified\":\"2026-04-03T00:03:30+00:00\",\"description\":\"PENOSIL PlasterSeal 650 ir \u0101tri \u017e\u016bsto\u0161s, viegls un lieto\u0161anai gatavs apmetums \u0123ip\u0161kartona \u0161uvju aizpild\u012b\u0161anai. Uzzin\u0101t vair\u0101k!\",\"breadcrumb\":{\"@id\":\"https:\/\/penosil.com\/lv\/produkt\/plasterseal-650\/#breadcrumb\"},\"inLanguage\":\"lv-LV\",\"potentialAction\":[{\"@type\":\"ReadAction\",\"target\":[\"https:\/\/penosil.com\/lv\/produkt\/plasterseal-650\/\"]}]},{\"@type\":\"ImageObject\",\"inLanguage\":\"lv-LV\",\"@id\":\"https:\/\/penosil.com\/lv\/produkt\/plasterseal-650\/#primaryimage\",\"url\":\"https:\/\/penosil.com\/lv\/wp-content\/uploads\/sites\/31\/2025\/06\/650_Plasterseal_650_5ltr_LT_LV.png\",\"contentUrl\":\"https:\/\/penosil.com\/lv\/wp-content\/uploads\/sites\/31\/2025\/06\/650_Plasterseal_650_5ltr_LT_LV.png\",\"width\":1080,\"height\":608},{\"@type\":\"BreadcrumbList\",\"@id\":\"https:\/\/penosil.com\/lv\/produkt\/plasterseal-650\/#breadcrumb\",\"itemListElement\":[{\"@type\":\"ListItem\",\"position\":1,\"name\":\"S\u0101kums\",\"item\":\"https:\/\/penosil.com\/lv\/\"},{\"@type\":\"ListItem\",\"position\":2,\"name\":\"Produkti\",\"item\":\"https:\/\/penosil.com\/lv\/produkti\/\"},{\"@type\":\"ListItem\",\"position\":3,\"name\":\"PlasterSeal 650\"}]},{\"@type\":\"WebSite\",\"@id\":\"https:\/\/penosil.com\/lv\/#website\",\"url\":\"https:\/\/penosil.com\/lv\/\",\"name\":\"Penosil Latvia\",\"description\":\"\",\"potentialAction\":[{\"@type\":\"SearchAction\",\"target\":{\"@type\":\"EntryPoint\",\"urlTemplate\":\"https:\/\/penosil.com\/lv\/?s={search_term_string}\"},\"query-input\":{\"@type\":\"PropertyValueSpecification\",\"valueRequired\":true,\"valueName\":\"search_term_string\"}}],\"inLanguage\":\"lv-LV\"}]}<\/script>\n<!-- \/ Yoast SEO plugin. -->","yoast_head_json":{"title":"PlasterSeal 650","description":"PENOSIL PlasterSeal 650 ir \u0101tri \u017e\u016bsto\u0161s, viegls un lieto\u0161anai gatavs apmetums \u0123ip\u0161kartona \u0161uvju aizpild\u012b\u0161anai. Uzzin\u0101t vair\u0101k!","robots":{"index":"index","follow":"follow","max-snippet":"max-snippet:-1","max-image-preview":"max-image-preview:large","max-video-preview":"max-video-preview:-1"},"canonical":"https:\/\/penosil.com\/lv\/produkt\/plasterseal-650\/","og_locale":"lv_LV","og_type":"article","og_title":"PlasterSeal 650","og_description":"PENOSIL PlasterSeal 650 ir \u0101tri \u017e\u016bsto\u0161s, viegls un lieto\u0161anai gatavs apmetums \u0123ip\u0161kartona \u0161uvju aizpild\u012b\u0161anai. Uzzin\u0101t vair\u0101k!","og_url":"https:\/\/penosil.com\/lv\/produkt\/plasterseal-650\/","og_site_name":"Penosil Latvia","article_modified_time":"2026-04-03T00:03:30+00:00","og_image":[{"width":1080,"height":608,"url":"https:\/\/penosil.com\/lv\/wp-content\/uploads\/sites\/31\/2025\/06\/650_Plasterseal_650_5ltr_LT_LV.png","type":"image\/png"}],"twitter_card":"summary_large_image","twitter_misc":{"Est. reading time":"3 minutes"},"schema":{"@context":"https:\/\/schema.org","@graph":[{"@type":"WebPage","@id":"https:\/\/penosil.com\/lv\/produkt\/plasterseal-650\/","url":"https:\/\/penosil.com\/lv\/produkt\/plasterseal-650\/","name":"PlasterSeal 650","isPartOf":{"@id":"https:\/\/penosil.com\/lv\/#website"},"primaryImageOfPage":{"@id":"https:\/\/penosil.com\/lv\/produkt\/plasterseal-650\/#primaryimage"},"image":{"@id":"https:\/\/penosil.com\/lv\/produkt\/plasterseal-650\/#primaryimage"},"thumbnailUrl":"https:\/\/penosil.com\/lv\/wp-content\/uploads\/sites\/31\/2025\/06\/650_Plasterseal_650_5ltr_LT_LV.png","datePublished":"2024-07-01T13:10:12+00:00","dateModified":"2026-04-03T00:03:30+00:00","description":"PENOSIL PlasterSeal 650 ir \u0101tri \u017e\u016bsto\u0161s, viegls un lieto\u0161anai gatavs apmetums \u0123ip\u0161kartona \u0161uvju aizpild\u012b\u0161anai. Uzzin\u0101t vair\u0101k!","breadcrumb":{"@id":"https:\/\/penosil.com\/lv\/produkt\/plasterseal-650\/#breadcrumb"},"inLanguage":"lv-LV","potentialAction":[{"@type":"ReadAction","target":["https:\/\/penosil.com\/lv\/produkt\/plasterseal-650\/"]}]},{"@type":"ImageObject","inLanguage":"lv-LV","@id":"https:\/\/penosil.com\/lv\/produkt\/plasterseal-650\/#primaryimage","url":"https:\/\/penosil.com\/lv\/wp-content\/uploads\/sites\/31\/2025\/06\/650_Plasterseal_650_5ltr_LT_LV.png","contentUrl":"https:\/\/penosil.com\/lv\/wp-content\/uploads\/sites\/31\/2025\/06\/650_Plasterseal_650_5ltr_LT_LV.png","width":1080,"height":608},{"@type":"BreadcrumbList","@id":"https:\/\/penosil.com\/lv\/produkt\/plasterseal-650\/#breadcrumb","itemListElement":[{"@type":"ListItem","position":1,"name":"S\u0101kums","item":"https:\/\/penosil.com\/lv\/"},{"@type":"ListItem","position":2,"name":"Produkti","item":"https:\/\/penosil.com\/lv\/produkti\/"},{"@type":"ListItem","position":3,"name":"PlasterSeal 650"}]},{"@type":"WebSite","@id":"https:\/\/penosil.com\/lv\/#website","url":"https:\/\/penosil.com\/lv\/","name":"Penosil Latvia","description":"","potentialAction":[{"@type":"SearchAction","target":{"@type":"EntryPoint","urlTemplate":"https:\/\/penosil.com\/lv\/?s={search_term_string}"},"query-input":{"@type":"PropertyValueSpecification","valueRequired":true,"valueName":"search_term_string"}}],"inLanguage":"lv-LV"}]}},"featured_img":"https:\/\/penosil.com\/lv\/wp-content\/uploads\/sites\/31\/2025\/06\/650_Plasterseal_650_5ltr_LT_LV.png","coauthors":[],"author_meta":{"author_link":"https:\/\/penosil.com\/lv\/author\/olgakucmasova\/","display_name":"olgakucmasova"},"relative_dates":{"created":"Posted 2 years ago","modified":"Updated 2 weeks ago"},"absolute_dates":{"created":"Posted on July 1, 2024","modified":"Updated on April 3, 2026"},"absolute_dates_time":{"created":"Posted on July 1, 2024 1:10 pm","modified":"Updated on April 3, 2026 12:03 am"},"featured_img_caption":"","tax_additional":{"product_brand":{"linked":[],"unlinked":[],"slug":"product_brand","name":"Brands"},"product_type":{"linked":["<a href=\"https:\/\/penosil.com\/lv\/?taxonomy=product_type&#038;term=simple\" class=\"advgb-post-tax-term\">simple<\/a>"],"unlinked":["<span class=\"advgb-post-tax-term\">simple<\/span>"],"slug":"product_type","name":"Product type"},"product_visibility":{"linked":["<a href=\"https:\/\/penosil.com\/lv\/en\/?taxonomy=product_visibility&#038;term=outofstock\" class=\"advgb-post-tax-term\">outofstock<\/a>"],"unlinked":["<span class=\"advgb-post-tax-term\">outofstock<\/span>"],"slug":"product_visibility","name":"Product visibility"},"product_cat":{"linked":["<a href=\"https:\/\/penosil.com\/lv\/produkti\/produktu-grupas\/virsmu-apstrade\/aizpilditaji-un-pildvielas\/\" class=\"advgb-post-tax-term\">Aizpild\u012bt\u0101ji un pildvielas<\/a>","<a href=\"https:\/\/penosil.com\/lv\/produkti\/pielietojums\/apdare\/\" class=\"advgb-post-tax-term\">Apdare<\/a>","<a href=\"https:\/\/penosil.com\/lv\/produkti\/produktu-grupas\/virsmu-apstrade\/\" class=\"advgb-post-tax-term\">Virsmu apstr\u0101de<\/a>"],"unlinked":["<span class=\"advgb-post-tax-term\">Aizpild\u012bt\u0101ji un pildvielas<\/span>","<span class=\"advgb-post-tax-term\">Apdare<\/span>","<span class=\"advgb-post-tax-term\">Virsmu apstr\u0101de<\/span>"],"slug":"product_cat","name":"Product categories"},"product_tag":{"linked":[],"unlinked":[],"slug":"product_tag","name":"Product tags"},"product_shipping_class":{"linked":[],"unlinked":[],"slug":"product_shipping_class","name":"Product shipping classes"},"pos_product_visibility":{"linked":[],"unlinked":[],"slug":"pos_product_visibility","name":"POS Product visibility"},"pa_color":{"linked":["<a href=\"https:\/\/penosil.com\/lv\/?taxonomy=pa_color&#038;term=white-lv-2\" class=\"advgb-post-tax-term\">Balts<\/a>"],"unlinked":["<span class=\"advgb-post-tax-term\">Balts<\/span>"],"slug":"pa_color","name":"Product Colour"},"pa_diameter":{"linked":[],"unlinked":[],"slug":"pa_diameter","name":"Product Diameter"},"pa_package":{"linked":["<a href=\"https:\/\/penosil.com\/lv\/?taxonomy=pa_package&#038;term=5-l-lv-2\" class=\"advgb-post-tax-term\">5 L<\/a>"],"unlinked":["<span class=\"advgb-post-tax-term\">5 L<\/span>"],"slug":"pa_package","name":"Product Package"},"pa_roll":{"linked":[],"unlinked":[],"slug":"pa_roll","name":"Product Roll"},"pa_widths":{"linked":[],"unlinked":[],"slug":"pa_widths","name":"Product Widths"},"translation_priority":{"linked":["<a href=\"https:\/\/penosil.com\/lv\/?taxonomy=translation_priority&#038;term=optional-lv\" class=\"advgb-post-tax-term\">Optional<\/a>"],"unlinked":["<span class=\"advgb-post-tax-term\">Optional<\/span>"],"slug":"translation_priority","name":"Translation Priorities"}},"series_order":"","_links":{"self":[{"href":"https:\/\/penosil.com\/lv\/wp-json\/wp\/v2\/product\/29858","targetHints":{"allow":["GET"]}}],"collection":[{"href":"https:\/\/penosil.com\/lv\/wp-json\/wp\/v2\/product"}],"about":[{"href":"https:\/\/penosil.com\/lv\/wp-json\/wp\/v2\/types\/product"}],"version-history":[{"count":6,"href":"https:\/\/penosil.com\/lv\/wp-json\/wp\/v2\/product\/29858\/revisions"}],"predecessor-version":[{"id":32223,"href":"https:\/\/penosil.com\/lv\/wp-json\/wp\/v2\/product\/29858\/revisions\/32223"}],"wp:featuredmedia":[{"embeddable":true,"href":"https:\/\/penosil.com\/lv\/wp-json\/wp\/v2\/media\/32224"}],"wp:attachment":[{"href":"https:\/\/penosil.com\/lv\/wp-json\/wp\/v2\/media?parent=29858"}],"wp:term":[{"taxonomy":"product_brand","embeddable":true,"href":"https:\/\/penosil.com\/lv\/wp-json\/wp\/v2\/product_brand?post=29858"},{"taxonomy":"product_cat","embeddable":true,"href":"https:\/\/penosil.com\/lv\/wp-json\/wp\/v2\/product_cat?post=29858"},{"taxonomy":"product_tag","embeddable":true,"href":"https:\/\/penosil.com\/lv\/wp-json\/wp\/v2\/product_tag?post=29858"}],"curies":[{"name":"wp","href":"https:\/\/api.w.org\/{rel}","templated":true}]}}