{"id":31676,"date":"2025-03-26T20:24:35","date_gmt":"2025-03-26T20:24:35","guid":{"rendered":"https:\/\/penosil.com\/lv\/?post_type=product&#038;p=31676"},"modified":"2026-01-07T01:04:30","modified_gmt":"2026-01-07T01:04:30","slug":"firestop-intumescent-acrylic-681","status":"publish","type":"product","link":"https:\/\/penosil.com\/lv\/produkt\/firestop-intumescent-acrylic-681\/","title":{"rendered":"FireStop Intumescent Acrylic 681"},"content":{"rendered":"<p>PENOSIL FireStop Intumescent Acrylic 681 ir uz akrila b\u0101zes izgatavots ugunsiztur\u012bgs herm\u0113ti\u0137is, kas paredz\u0113ts ugunsdro\u0161u \u0161uvju hermetiz\u0101cijai un caurviju bl\u012bv\u0113\u0161anai ugunsdro\u0161\u0101s konstrukcij\u0101s. Iztur uguns iedarb\u012bbu l\u012bdz 4 stund\u0101m line\u0101r\u0101 un cauru\u013cvadu savienojum\u0101.\u00a0<\/p>\n","protected":false},"excerpt":{"rendered":"PENOSIL FireStop Intumescent Acrylic 681 ir uz akrila b\u0101zes izgatavots ugunsiztur\u012bgs herm\u0113ti\u0137is, kas paredz\u0113ts ugunsdro\u0161u \u0161uvju hermetiz\u0101cijai un caurviju bl\u012bv\u0113\u0161anai ugunsdro\u0161\u0101s konstrukcij\u0101s. Iztur uguns iedarb\u012bbu l\u012bdz 4 stund\u0101m line\u0101r\u0101 un cauru\u013cvadu savienojum\u0101.\u00a0","protected":false},"author":18,"featured_media":31677,"template":"","meta":{"_acf_changed":false,"advgb_blocks_editor_width":"","advgb_blocks_columns_visual_guide":"","footnotes":""},"product_brand":[],"product_cat":[1605,1629,661],"product_tag":[],"class_list":{"0":"post-31676","1":"product","2":"type-product","3":"status-publish","4":"has-post-thumbnail","6":"product_cat-hermetiki-un-mastikas","7":"product_cat-akrili","8":"product_cat-ugunsdrosiba-augsta-temperatura","10":"first","11":"outofstock","12":"taxable","13":"shipping-taxable","14":"purchasable","15":"product-type-simple"},"acf":[],"yoast_head":"<!-- This site is optimized with the Yoast SEO plugin v27.2 - https:\/\/yoast.com\/product\/yoast-seo-wordpress\/ -->\n<title>FireStop Intumescent Acrylic 681 - Penosil Latvia<\/title>\n<meta name=\"description\" content=\"PENOSIL FireStop Intumescent Acrylic 681 ir uz akrila b\u0101zes izgatavots ugunsiztur\u012bgs herm\u0113ti\u0137is ugunsdro\u0161u \u0161uvju bl\u012bv\u0113\u0161anai ugunsdro\u0161\u0101s konstrukcij\u0101s.\" \/>\n<meta name=\"robots\" content=\"index, follow, max-snippet:-1, max-image-preview:large, max-video-preview:-1\" \/>\n<link rel=\"canonical\" href=\"https:\/\/penosil.com\/lv\/produkt\/firestop-intumescent-acrylic-681\/\" \/>\n<meta property=\"og:locale\" content=\"lv_LV\" \/>\n<meta property=\"og:type\" content=\"article\" \/>\n<meta property=\"og:title\" content=\"FireStop Intumescent Acrylic 681 - Penosil Latvia\" \/>\n<meta property=\"og:description\" content=\"PENOSIL FireStop Intumescent Acrylic 681 ir uz akrila b\u0101zes izgatavots ugunsiztur\u012bgs herm\u0113ti\u0137is ugunsdro\u0161u \u0161uvju bl\u012bv\u0113\u0161anai ugunsdro\u0161\u0101s konstrukcij\u0101s.\" \/>\n<meta property=\"og:url\" content=\"https:\/\/penosil.com\/lv\/produkt\/firestop-intumescent-acrylic-681\/\" \/>\n<meta property=\"og:site_name\" content=\"Penosil Latvia\" \/>\n<meta property=\"article:modified_time\" content=\"2026-01-07T01:04:30+00:00\" \/>\n<meta property=\"og:image\" content=\"https:\/\/penosil.com\/lv\/wp-content\/uploads\/sites\/31\/2025\/03\/681_FireStop_Intumescent_Acrylic_681_LT_LV_RU.png\" \/>\n\t<meta property=\"og:image:width\" content=\"387\" \/>\n\t<meta property=\"og:image:height\" content=\"1080\" \/>\n\t<meta property=\"og:image:type\" content=\"image\/png\" \/>\n<meta name=\"twitter:card\" content=\"summary_large_image\" \/>\n<meta name=\"twitter:label1\" content=\"Est. reading time\" \/>\n\t<meta name=\"twitter:data1\" content=\"3 minutes\" \/>\n<script type=\"application\/ld+json\" class=\"yoast-schema-graph\">{\"@context\":\"https:\/\/schema.org\",\"@graph\":[{\"@type\":\"WebPage\",\"@id\":\"https:\/\/penosil.com\/lv\/produkt\/firestop-intumescent-acrylic-681\/\",\"url\":\"https:\/\/penosil.com\/lv\/produkt\/firestop-intumescent-acrylic-681\/\",\"name\":\"FireStop Intumescent Acrylic 681 - Penosil Latvia\",\"isPartOf\":{\"@id\":\"https:\/\/penosil.com\/lv\/#website\"},\"primaryImageOfPage\":{\"@id\":\"https:\/\/penosil.com\/lv\/produkt\/firestop-intumescent-acrylic-681\/#primaryimage\"},\"image\":{\"@id\":\"https:\/\/penosil.com\/lv\/produkt\/firestop-intumescent-acrylic-681\/#primaryimage\"},\"thumbnailUrl\":\"https:\/\/penosil.com\/lv\/wp-content\/uploads\/sites\/31\/2025\/03\/681_FireStop_Intumescent_Acrylic_681_LT_LV_RU.png\",\"datePublished\":\"2025-03-26T20:24:35+00:00\",\"dateModified\":\"2026-01-07T01:04:30+00:00\",\"description\":\"PENOSIL FireStop Intumescent Acrylic 681 ir uz akrila b\u0101zes izgatavots ugunsiztur\u012bgs herm\u0113ti\u0137is ugunsdro\u0161u \u0161uvju bl\u012bv\u0113\u0161anai ugunsdro\u0161\u0101s konstrukcij\u0101s.\",\"breadcrumb\":{\"@id\":\"https:\/\/penosil.com\/lv\/produkt\/firestop-intumescent-acrylic-681\/#breadcrumb\"},\"inLanguage\":\"lv-LV\",\"potentialAction\":[{\"@type\":\"ReadAction\",\"target\":[\"https:\/\/penosil.com\/lv\/produkt\/firestop-intumescent-acrylic-681\/\"]}]},{\"@type\":\"ImageObject\",\"inLanguage\":\"lv-LV\",\"@id\":\"https:\/\/penosil.com\/lv\/produkt\/firestop-intumescent-acrylic-681\/#primaryimage\",\"url\":\"https:\/\/penosil.com\/lv\/wp-content\/uploads\/sites\/31\/2025\/03\/681_FireStop_Intumescent_Acrylic_681_LT_LV_RU.png\",\"contentUrl\":\"https:\/\/penosil.com\/lv\/wp-content\/uploads\/sites\/31\/2025\/03\/681_FireStop_Intumescent_Acrylic_681_LT_LV_RU.png\",\"width\":387,\"height\":1080},{\"@type\":\"BreadcrumbList\",\"@id\":\"https:\/\/penosil.com\/lv\/produkt\/firestop-intumescent-acrylic-681\/#breadcrumb\",\"itemListElement\":[{\"@type\":\"ListItem\",\"position\":1,\"name\":\"S\u0101kums\",\"item\":\"https:\/\/penosil.com\/lv\/\"},{\"@type\":\"ListItem\",\"position\":2,\"name\":\"Produkti\",\"item\":\"https:\/\/penosil.com\/lv\/produkti\/\"},{\"@type\":\"ListItem\",\"position\":3,\"name\":\"FireStop Intumescent Acrylic 681\"}]},{\"@type\":\"WebSite\",\"@id\":\"https:\/\/penosil.com\/lv\/#website\",\"url\":\"https:\/\/penosil.com\/lv\/\",\"name\":\"Penosil Latvia\",\"description\":\"\",\"potentialAction\":[{\"@type\":\"SearchAction\",\"target\":{\"@type\":\"EntryPoint\",\"urlTemplate\":\"https:\/\/penosil.com\/lv\/?s={search_term_string}\"},\"query-input\":{\"@type\":\"PropertyValueSpecification\",\"valueRequired\":true,\"valueName\":\"search_term_string\"}}],\"inLanguage\":\"lv-LV\"}]}<\/script>\n<!-- \/ Yoast SEO plugin. -->","yoast_head_json":{"title":"FireStop Intumescent Acrylic 681 - Penosil Latvia","description":"PENOSIL FireStop Intumescent Acrylic 681 ir uz akrila b\u0101zes izgatavots ugunsiztur\u012bgs herm\u0113ti\u0137is ugunsdro\u0161u \u0161uvju bl\u012bv\u0113\u0161anai ugunsdro\u0161\u0101s konstrukcij\u0101s.","robots":{"index":"index","follow":"follow","max-snippet":"max-snippet:-1","max-image-preview":"max-image-preview:large","max-video-preview":"max-video-preview:-1"},"canonical":"https:\/\/penosil.com\/lv\/produkt\/firestop-intumescent-acrylic-681\/","og_locale":"lv_LV","og_type":"article","og_title":"FireStop Intumescent Acrylic 681 - Penosil Latvia","og_description":"PENOSIL FireStop Intumescent Acrylic 681 ir uz akrila b\u0101zes izgatavots ugunsiztur\u012bgs herm\u0113ti\u0137is ugunsdro\u0161u \u0161uvju bl\u012bv\u0113\u0161anai ugunsdro\u0161\u0101s konstrukcij\u0101s.","og_url":"https:\/\/penosil.com\/lv\/produkt\/firestop-intumescent-acrylic-681\/","og_site_name":"Penosil Latvia","article_modified_time":"2026-01-07T01:04:30+00:00","og_image":[{"width":387,"height":1080,"url":"https:\/\/penosil.com\/lv\/wp-content\/uploads\/sites\/31\/2025\/03\/681_FireStop_Intumescent_Acrylic_681_LT_LV_RU.png","type":"image\/png"}],"twitter_card":"summary_large_image","twitter_misc":{"Est. reading time":"3 minutes"},"schema":{"@context":"https:\/\/schema.org","@graph":[{"@type":"WebPage","@id":"https:\/\/penosil.com\/lv\/produkt\/firestop-intumescent-acrylic-681\/","url":"https:\/\/penosil.com\/lv\/produkt\/firestop-intumescent-acrylic-681\/","name":"FireStop Intumescent Acrylic 681 - Penosil Latvia","isPartOf":{"@id":"https:\/\/penosil.com\/lv\/#website"},"primaryImageOfPage":{"@id":"https:\/\/penosil.com\/lv\/produkt\/firestop-intumescent-acrylic-681\/#primaryimage"},"image":{"@id":"https:\/\/penosil.com\/lv\/produkt\/firestop-intumescent-acrylic-681\/#primaryimage"},"thumbnailUrl":"https:\/\/penosil.com\/lv\/wp-content\/uploads\/sites\/31\/2025\/03\/681_FireStop_Intumescent_Acrylic_681_LT_LV_RU.png","datePublished":"2025-03-26T20:24:35+00:00","dateModified":"2026-01-07T01:04:30+00:00","description":"PENOSIL FireStop Intumescent Acrylic 681 ir uz akrila b\u0101zes izgatavots ugunsiztur\u012bgs herm\u0113ti\u0137is ugunsdro\u0161u \u0161uvju bl\u012bv\u0113\u0161anai ugunsdro\u0161\u0101s konstrukcij\u0101s.","breadcrumb":{"@id":"https:\/\/penosil.com\/lv\/produkt\/firestop-intumescent-acrylic-681\/#breadcrumb"},"inLanguage":"lv-LV","potentialAction":[{"@type":"ReadAction","target":["https:\/\/penosil.com\/lv\/produkt\/firestop-intumescent-acrylic-681\/"]}]},{"@type":"ImageObject","inLanguage":"lv-LV","@id":"https:\/\/penosil.com\/lv\/produkt\/firestop-intumescent-acrylic-681\/#primaryimage","url":"https:\/\/penosil.com\/lv\/wp-content\/uploads\/sites\/31\/2025\/03\/681_FireStop_Intumescent_Acrylic_681_LT_LV_RU.png","contentUrl":"https:\/\/penosil.com\/lv\/wp-content\/uploads\/sites\/31\/2025\/03\/681_FireStop_Intumescent_Acrylic_681_LT_LV_RU.png","width":387,"height":1080},{"@type":"BreadcrumbList","@id":"https:\/\/penosil.com\/lv\/produkt\/firestop-intumescent-acrylic-681\/#breadcrumb","itemListElement":[{"@type":"ListItem","position":1,"name":"S\u0101kums","item":"https:\/\/penosil.com\/lv\/"},{"@type":"ListItem","position":2,"name":"Produkti","item":"https:\/\/penosil.com\/lv\/produkti\/"},{"@type":"ListItem","position":3,"name":"FireStop Intumescent Acrylic 681"}]},{"@type":"WebSite","@id":"https:\/\/penosil.com\/lv\/#website","url":"https:\/\/penosil.com\/lv\/","name":"Penosil Latvia","description":"","potentialAction":[{"@type":"SearchAction","target":{"@type":"EntryPoint","urlTemplate":"https:\/\/penosil.com\/lv\/?s={search_term_string}"},"query-input":{"@type":"PropertyValueSpecification","valueRequired":true,"valueName":"search_term_string"}}],"inLanguage":"lv-LV"}]}},"featured_img":"https:\/\/penosil.com\/lv\/wp-content\/uploads\/sites\/31\/2025\/03\/681_FireStop_Intumescent_Acrylic_681_LT_LV_RU.png","coauthors":[],"author_meta":{"author_link":"https:\/\/penosil.com\/lv\/author\/olgakucmasova\/","display_name":"olgakucmasova"},"relative_dates":{"created":"Posted 1 year ago","modified":"Updated 3 months ago"},"absolute_dates":{"created":"Posted on March 26, 2025","modified":"Updated on January 7, 2026"},"absolute_dates_time":{"created":"Posted on March 26, 2025 8:24 pm","modified":"Updated on January 7, 2026 1:04 am"},"featured_img_caption":"","tax_additional":{"product_brand":{"linked":[],"unlinked":[],"slug":"product_brand","name":"Brands"},"product_type":{"linked":["<a href=\"https:\/\/penosil.com\/lv\/?taxonomy=product_type&#038;term=simple\" class=\"advgb-post-tax-term\">simple<\/a>"],"unlinked":["<span class=\"advgb-post-tax-term\">simple<\/span>"],"slug":"product_type","name":"Product type"},"product_visibility":{"linked":["<a href=\"https:\/\/penosil.com\/lv\/en\/?taxonomy=product_visibility&#038;term=outofstock\" class=\"advgb-post-tax-term\">outofstock<\/a>"],"unlinked":["<span class=\"advgb-post-tax-term\">outofstock<\/span>"],"slug":"product_visibility","name":"Product visibility"},"product_cat":{"linked":["<a href=\"https:\/\/penosil.com\/lv\/produkti\/produktu-grupas\/hermetiki-un-mastikas\/\" class=\"advgb-post-tax-term\">Herm\u0113ti\u0137i un mastikas<\/a>","<a href=\"https:\/\/penosil.com\/lv\/produkti\/produktu-grupas\/hermetiki-un-mastikas\/akrili\/\" class=\"advgb-post-tax-term\">Akrila herm\u0113ti\u0137i<\/a>","<a href=\"https:\/\/penosil.com\/lv\/produkti\/pielietojums\/ugunsdrosiba-augsta-temperatura\/\" class=\"advgb-post-tax-term\">Ugunsdro\u0161\u012bba \/ Augsta temperat\u016bra<\/a>"],"unlinked":["<span class=\"advgb-post-tax-term\">Herm\u0113ti\u0137i un mastikas<\/span>","<span class=\"advgb-post-tax-term\">Akrila herm\u0113ti\u0137i<\/span>","<span class=\"advgb-post-tax-term\">Ugunsdro\u0161\u012bba \/ Augsta temperat\u016bra<\/span>"],"slug":"product_cat","name":"Product categories"},"product_tag":{"linked":[],"unlinked":[],"slug":"product_tag","name":"Product tags"},"product_shipping_class":{"linked":[],"unlinked":[],"slug":"product_shipping_class","name":"Product shipping classes"},"pos_product_visibility":{"linked":[],"unlinked":[],"slug":"pos_product_visibility","name":"POS Product visibility"},"pa_color":{"linked":["<a href=\"https:\/\/penosil.com\/lv\/?taxonomy=pa_color&#038;term=white-lv-2\" class=\"advgb-post-tax-term\">Balts<\/a>"],"unlinked":["<span class=\"advgb-post-tax-term\">Balts<\/span>"],"slug":"pa_color","name":"Product Colour"},"pa_diameter":{"linked":[],"unlinked":[],"slug":"pa_diameter","name":"Product Diameter"},"pa_package":{"linked":["<a href=\"https:\/\/penosil.com\/lv\/?taxonomy=pa_package&#038;term=290-ml-lv-2\" class=\"advgb-post-tax-term\">290 ml<\/a>"],"unlinked":["<span class=\"advgb-post-tax-term\">290 ml<\/span>"],"slug":"pa_package","name":"Product Package"},"pa_roll":{"linked":[],"unlinked":[],"slug":"pa_roll","name":"Product Roll"},"pa_widths":{"linked":[],"unlinked":[],"slug":"pa_widths","name":"Product Widths"},"translation_priority":{"linked":["<a href=\"https:\/\/penosil.com\/lv\/?taxonomy=translation_priority&#038;term=optional-lv\" class=\"advgb-post-tax-term\">Optional<\/a>"],"unlinked":["<span class=\"advgb-post-tax-term\">Optional<\/span>"],"slug":"translation_priority","name":"Translation Priorities"}},"series_order":"","_links":{"self":[{"href":"https:\/\/penosil.com\/lv\/wp-json\/wp\/v2\/product\/31676","targetHints":{"allow":["GET"]}}],"collection":[{"href":"https:\/\/penosil.com\/lv\/wp-json\/wp\/v2\/product"}],"about":[{"href":"https:\/\/penosil.com\/lv\/wp-json\/wp\/v2\/types\/product"}],"version-history":[{"count":8,"href":"https:\/\/penosil.com\/lv\/wp-json\/wp\/v2\/product\/31676\/revisions"}],"predecessor-version":[{"id":32822,"href":"https:\/\/penosil.com\/lv\/wp-json\/wp\/v2\/product\/31676\/revisions\/32822"}],"wp:featuredmedia":[{"embeddable":true,"href":"https:\/\/penosil.com\/lv\/wp-json\/wp\/v2\/media\/31677"}],"wp:attachment":[{"href":"https:\/\/penosil.com\/lv\/wp-json\/wp\/v2\/media?parent=31676"}],"wp:term":[{"taxonomy":"product_brand","embeddable":true,"href":"https:\/\/penosil.com\/lv\/wp-json\/wp\/v2\/product_brand?post=31676"},{"taxonomy":"product_cat","embeddable":true,"href":"https:\/\/penosil.com\/lv\/wp-json\/wp\/v2\/product_cat?post=31676"},{"taxonomy":"product_tag","embeddable":true,"href":"https:\/\/penosil.com\/lv\/wp-json\/wp\/v2\/product_tag?post=31676"}],"curies":[{"name":"wp","href":"https:\/\/api.w.org\/{rel}","templated":true}]}}