{"id":31699,"date":"2025-04-16T14:22:41","date_gmt":"2025-04-16T14:22:41","guid":{"rendered":"https:\/\/penosil.com\/lv\/?post_type=product&#038;p=31699"},"modified":"2026-03-13T01:03:13","modified_gmt":"2026-03-13T01:03:13","slug":"firestop-fiberfoc-470","status":"publish","type":"product","link":"https:\/\/penosil.com\/lv\/produkt\/firestop-fiberfoc-470\/","title":{"rendered":"FireStop FiberFoc 470"},"content":{"rendered":"<p>PENOSIL FireStop FiberFoc 470\u00a0ir ugunsiztur\u012bga miner\u0101lvates \u0161\u0137iedras aukla, kas iet\u012bta stikla \u0161\u0137iedr\u0101. Piem\u0113rota \u0161uvju un spraugu bl\u012bv\u0113\u0161anai ugunsdro\u0161\u0101s konstrukcij\u0101s.<\/p>\n<p><em>Produkts pieejams p\u0113c piepras\u012bjuma!<\/em><\/p>\n","protected":false},"excerpt":{"rendered":"PENOSIL FireStop FiberFoc 470\u00a0ir ugunsiztur\u012bga miner\u0101lvates \u0161\u0137iedras aukla, kas iet\u012bta stikla \u0161\u0137iedr\u0101. Piem\u0113rota \u0161uvju un spraugu bl\u012bv\u0113\u0161anai ugunsdro\u0161\u0101s konstrukcij\u0101s. Produkts pieejams p\u0113c piepras\u012bjuma!","protected":false},"author":18,"featured_media":31700,"template":"","meta":{"_acf_changed":false,"advgb_blocks_editor_width":"","advgb_blocks_columns_visual_guide":"","footnotes":""},"product_brand":[],"product_cat":[1690,2604,661],"product_tag":[],"class_list":{"0":"post-31699","1":"product","2":"type-product","3":"status-publish","4":"has-post-thumbnail","6":"product_cat-lentes-un-membranas","7":"product_cat-blivesanas-auklas","8":"product_cat-ugunsdrosiba-augsta-temperatura","10":"first","11":"outofstock","12":"taxable","13":"shipping-taxable","14":"purchasable","15":"product-type-simple"},"acf":[],"yoast_head":"<!-- This site is optimized with the Yoast SEO plugin v27.2 - https:\/\/yoast.com\/product\/yoast-seo-wordpress\/ -->\n<title>FireStop FiberFoc 470 - Penosil Latvia<\/title>\n<meta name=\"description\" content=\"PENOSIL FireStop FiberFoc 470\u00a0ir ugunsiztur\u012bga miner\u0101lvates \u0161\u0137iedras aukla, kas iet\u012bta stikla \u0161\u0137iedr\u0101. Piem\u0113rota \u0161uvju un spraugu...uzzin\u0101t vair\u0101k!\" \/>\n<meta name=\"robots\" content=\"index, follow, max-snippet:-1, max-image-preview:large, max-video-preview:-1\" \/>\n<link rel=\"canonical\" href=\"https:\/\/penosil.com\/lv\/produkt\/firestop-fiberfoc-470\/\" \/>\n<meta property=\"og:locale\" content=\"lv_LV\" \/>\n<meta property=\"og:type\" content=\"article\" \/>\n<meta property=\"og:title\" content=\"FireStop FiberFoc 470 - Penosil Latvia\" \/>\n<meta property=\"og:description\" content=\"PENOSIL FireStop FiberFoc 470\u00a0ir ugunsiztur\u012bga miner\u0101lvates \u0161\u0137iedras aukla, kas iet\u012bta stikla \u0161\u0137iedr\u0101. Piem\u0113rota \u0161uvju un spraugu...uzzin\u0101t vair\u0101k!\" \/>\n<meta property=\"og:url\" content=\"https:\/\/penosil.com\/lv\/produkt\/firestop-fiberfoc-470\/\" \/>\n<meta property=\"og:site_name\" content=\"Penosil Latvia\" \/>\n<meta property=\"article:modified_time\" content=\"2026-03-13T01:03:13+00:00\" \/>\n<meta property=\"og:image\" content=\"https:\/\/penosil.com\/lv\/wp-content\/uploads\/sites\/31\/2025\/04\/470_PENOSIL_FireStop_FiberFoc_470_2.png\" \/>\n\t<meta property=\"og:image:width\" content=\"1388\" \/>\n\t<meta property=\"og:image:height\" content=\"1646\" \/>\n\t<meta property=\"og:image:type\" content=\"image\/png\" \/>\n<meta name=\"twitter:card\" content=\"summary_large_image\" \/>\n<meta name=\"twitter:label1\" content=\"Est. reading time\" \/>\n\t<meta name=\"twitter:data1\" content=\"2 minutes\" \/>\n<script type=\"application\/ld+json\" class=\"yoast-schema-graph\">{\"@context\":\"https:\/\/schema.org\",\"@graph\":[{\"@type\":\"WebPage\",\"@id\":\"https:\/\/penosil.com\/lv\/produkt\/firestop-fiberfoc-470\/\",\"url\":\"https:\/\/penosil.com\/lv\/produkt\/firestop-fiberfoc-470\/\",\"name\":\"FireStop FiberFoc 470 - Penosil Latvia\",\"isPartOf\":{\"@id\":\"https:\/\/penosil.com\/lv\/#website\"},\"primaryImageOfPage\":{\"@id\":\"https:\/\/penosil.com\/lv\/produkt\/firestop-fiberfoc-470\/#primaryimage\"},\"image\":{\"@id\":\"https:\/\/penosil.com\/lv\/produkt\/firestop-fiberfoc-470\/#primaryimage\"},\"thumbnailUrl\":\"https:\/\/penosil.com\/lv\/wp-content\/uploads\/sites\/31\/2025\/04\/470_PENOSIL_FireStop_FiberFoc_470_2.png\",\"datePublished\":\"2025-04-16T14:22:41+00:00\",\"dateModified\":\"2026-03-13T01:03:13+00:00\",\"description\":\"PENOSIL FireStop FiberFoc 470\u00a0ir ugunsiztur\u012bga miner\u0101lvates \u0161\u0137iedras aukla, kas iet\u012bta stikla \u0161\u0137iedr\u0101. Piem\u0113rota \u0161uvju un spraugu...uzzin\u0101t vair\u0101k!\",\"breadcrumb\":{\"@id\":\"https:\/\/penosil.com\/lv\/produkt\/firestop-fiberfoc-470\/#breadcrumb\"},\"inLanguage\":\"lv-LV\",\"potentialAction\":[{\"@type\":\"ReadAction\",\"target\":[\"https:\/\/penosil.com\/lv\/produkt\/firestop-fiberfoc-470\/\"]}]},{\"@type\":\"ImageObject\",\"inLanguage\":\"lv-LV\",\"@id\":\"https:\/\/penosil.com\/lv\/produkt\/firestop-fiberfoc-470\/#primaryimage\",\"url\":\"https:\/\/penosil.com\/lv\/wp-content\/uploads\/sites\/31\/2025\/04\/470_PENOSIL_FireStop_FiberFoc_470_2.png\",\"contentUrl\":\"https:\/\/penosil.com\/lv\/wp-content\/uploads\/sites\/31\/2025\/04\/470_PENOSIL_FireStop_FiberFoc_470_2.png\",\"width\":1388,\"height\":1646},{\"@type\":\"BreadcrumbList\",\"@id\":\"https:\/\/penosil.com\/lv\/produkt\/firestop-fiberfoc-470\/#breadcrumb\",\"itemListElement\":[{\"@type\":\"ListItem\",\"position\":1,\"name\":\"S\u0101kums\",\"item\":\"https:\/\/penosil.com\/lv\/\"},{\"@type\":\"ListItem\",\"position\":2,\"name\":\"Produkti\",\"item\":\"https:\/\/penosil.com\/lv\/produkti\/\"},{\"@type\":\"ListItem\",\"position\":3,\"name\":\"FireStop FiberFoc 470\"}]},{\"@type\":\"WebSite\",\"@id\":\"https:\/\/penosil.com\/lv\/#website\",\"url\":\"https:\/\/penosil.com\/lv\/\",\"name\":\"Penosil Latvia\",\"description\":\"\",\"potentialAction\":[{\"@type\":\"SearchAction\",\"target\":{\"@type\":\"EntryPoint\",\"urlTemplate\":\"https:\/\/penosil.com\/lv\/?s={search_term_string}\"},\"query-input\":{\"@type\":\"PropertyValueSpecification\",\"valueRequired\":true,\"valueName\":\"search_term_string\"}}],\"inLanguage\":\"lv-LV\"}]}<\/script>\n<!-- \/ Yoast SEO plugin. -->","yoast_head_json":{"title":"FireStop FiberFoc 470 - Penosil Latvia","description":"PENOSIL FireStop FiberFoc 470\u00a0ir ugunsiztur\u012bga miner\u0101lvates \u0161\u0137iedras aukla, kas iet\u012bta stikla \u0161\u0137iedr\u0101. Piem\u0113rota \u0161uvju un spraugu...uzzin\u0101t vair\u0101k!","robots":{"index":"index","follow":"follow","max-snippet":"max-snippet:-1","max-image-preview":"max-image-preview:large","max-video-preview":"max-video-preview:-1"},"canonical":"https:\/\/penosil.com\/lv\/produkt\/firestop-fiberfoc-470\/","og_locale":"lv_LV","og_type":"article","og_title":"FireStop FiberFoc 470 - Penosil Latvia","og_description":"PENOSIL FireStop FiberFoc 470\u00a0ir ugunsiztur\u012bga miner\u0101lvates \u0161\u0137iedras aukla, kas iet\u012bta stikla \u0161\u0137iedr\u0101. Piem\u0113rota \u0161uvju un spraugu...uzzin\u0101t vair\u0101k!","og_url":"https:\/\/penosil.com\/lv\/produkt\/firestop-fiberfoc-470\/","og_site_name":"Penosil Latvia","article_modified_time":"2026-03-13T01:03:13+00:00","og_image":[{"width":1388,"height":1646,"url":"https:\/\/penosil.com\/lv\/wp-content\/uploads\/sites\/31\/2025\/04\/470_PENOSIL_FireStop_FiberFoc_470_2.png","type":"image\/png"}],"twitter_card":"summary_large_image","twitter_misc":{"Est. reading time":"2 minutes"},"schema":{"@context":"https:\/\/schema.org","@graph":[{"@type":"WebPage","@id":"https:\/\/penosil.com\/lv\/produkt\/firestop-fiberfoc-470\/","url":"https:\/\/penosil.com\/lv\/produkt\/firestop-fiberfoc-470\/","name":"FireStop FiberFoc 470 - Penosil Latvia","isPartOf":{"@id":"https:\/\/penosil.com\/lv\/#website"},"primaryImageOfPage":{"@id":"https:\/\/penosil.com\/lv\/produkt\/firestop-fiberfoc-470\/#primaryimage"},"image":{"@id":"https:\/\/penosil.com\/lv\/produkt\/firestop-fiberfoc-470\/#primaryimage"},"thumbnailUrl":"https:\/\/penosil.com\/lv\/wp-content\/uploads\/sites\/31\/2025\/04\/470_PENOSIL_FireStop_FiberFoc_470_2.png","datePublished":"2025-04-16T14:22:41+00:00","dateModified":"2026-03-13T01:03:13+00:00","description":"PENOSIL FireStop FiberFoc 470\u00a0ir ugunsiztur\u012bga miner\u0101lvates \u0161\u0137iedras aukla, kas iet\u012bta stikla \u0161\u0137iedr\u0101. Piem\u0113rota \u0161uvju un spraugu...uzzin\u0101t vair\u0101k!","breadcrumb":{"@id":"https:\/\/penosil.com\/lv\/produkt\/firestop-fiberfoc-470\/#breadcrumb"},"inLanguage":"lv-LV","potentialAction":[{"@type":"ReadAction","target":["https:\/\/penosil.com\/lv\/produkt\/firestop-fiberfoc-470\/"]}]},{"@type":"ImageObject","inLanguage":"lv-LV","@id":"https:\/\/penosil.com\/lv\/produkt\/firestop-fiberfoc-470\/#primaryimage","url":"https:\/\/penosil.com\/lv\/wp-content\/uploads\/sites\/31\/2025\/04\/470_PENOSIL_FireStop_FiberFoc_470_2.png","contentUrl":"https:\/\/penosil.com\/lv\/wp-content\/uploads\/sites\/31\/2025\/04\/470_PENOSIL_FireStop_FiberFoc_470_2.png","width":1388,"height":1646},{"@type":"BreadcrumbList","@id":"https:\/\/penosil.com\/lv\/produkt\/firestop-fiberfoc-470\/#breadcrumb","itemListElement":[{"@type":"ListItem","position":1,"name":"S\u0101kums","item":"https:\/\/penosil.com\/lv\/"},{"@type":"ListItem","position":2,"name":"Produkti","item":"https:\/\/penosil.com\/lv\/produkti\/"},{"@type":"ListItem","position":3,"name":"FireStop FiberFoc 470"}]},{"@type":"WebSite","@id":"https:\/\/penosil.com\/lv\/#website","url":"https:\/\/penosil.com\/lv\/","name":"Penosil Latvia","description":"","potentialAction":[{"@type":"SearchAction","target":{"@type":"EntryPoint","urlTemplate":"https:\/\/penosil.com\/lv\/?s={search_term_string}"},"query-input":{"@type":"PropertyValueSpecification","valueRequired":true,"valueName":"search_term_string"}}],"inLanguage":"lv-LV"}]}},"featured_img":"https:\/\/penosil.com\/lv\/wp-content\/uploads\/sites\/31\/2025\/04\/470_PENOSIL_FireStop_FiberFoc_470_2.png","coauthors":[],"author_meta":{"author_link":"https:\/\/penosil.com\/lv\/author\/olgakucmasova\/","display_name":"olgakucmasova"},"relative_dates":{"created":"Posted 12 months ago","modified":"Updated 1 month ago"},"absolute_dates":{"created":"Posted on April 16, 2025","modified":"Updated on March 13, 2026"},"absolute_dates_time":{"created":"Posted on April 16, 2025 2:22 pm","modified":"Updated on March 13, 2026 1:03 am"},"featured_img_caption":"","tax_additional":{"product_brand":{"linked":[],"unlinked":[],"slug":"product_brand","name":"Brands"},"product_type":{"linked":["<a href=\"https:\/\/penosil.com\/lv\/?taxonomy=product_type&#038;term=simple\" class=\"advgb-post-tax-term\">simple<\/a>"],"unlinked":["<span class=\"advgb-post-tax-term\">simple<\/span>"],"slug":"product_type","name":"Product type"},"product_visibility":{"linked":["<a href=\"https:\/\/penosil.com\/lv\/en\/?taxonomy=product_visibility&#038;term=outofstock\" class=\"advgb-post-tax-term\">outofstock<\/a>"],"unlinked":["<span class=\"advgb-post-tax-term\">outofstock<\/span>"],"slug":"product_visibility","name":"Product visibility"},"product_cat":{"linked":["<a href=\"https:\/\/penosil.com\/lv\/produkti\/produktu-grupas\/lentes-un-membranas\/\" class=\"advgb-post-tax-term\">Lentes un membr\u0101nas<\/a>","<a href=\"https:\/\/penosil.com\/lv\/produkti\/produktu-grupas\/lentes-un-membranas\/blivesanas-auklas\/\" class=\"advgb-post-tax-term\">Bl\u012bv\u0113\u0161anas auklas<\/a>","<a href=\"https:\/\/penosil.com\/lv\/produkti\/pielietojums\/ugunsdrosiba-augsta-temperatura\/\" class=\"advgb-post-tax-term\">Ugunsdro\u0161\u012bba \/ Augsta temperat\u016bra<\/a>"],"unlinked":["<span class=\"advgb-post-tax-term\">Lentes un membr\u0101nas<\/span>","<span class=\"advgb-post-tax-term\">Bl\u012bv\u0113\u0161anas auklas<\/span>","<span class=\"advgb-post-tax-term\">Ugunsdro\u0161\u012bba \/ Augsta temperat\u016bra<\/span>"],"slug":"product_cat","name":"Product categories"},"product_tag":{"linked":[],"unlinked":[],"slug":"product_tag","name":"Product tags"},"product_shipping_class":{"linked":[],"unlinked":[],"slug":"product_shipping_class","name":"Product shipping classes"},"pos_product_visibility":{"linked":[],"unlinked":[],"slug":"pos_product_visibility","name":"POS Product visibility"},"pa_color":{"linked":[],"unlinked":[],"slug":"pa_color","name":"Product Colour"},"pa_diameter":{"linked":[],"unlinked":[],"slug":"pa_diameter","name":"Product Diameter"},"pa_package":{"linked":[],"unlinked":[],"slug":"pa_package","name":"Product Package"},"pa_roll":{"linked":[],"unlinked":[],"slug":"pa_roll","name":"Product Roll"},"pa_widths":{"linked":[],"unlinked":[],"slug":"pa_widths","name":"Product Widths"},"translation_priority":{"linked":["<a href=\"https:\/\/penosil.com\/lv\/?taxonomy=translation_priority&#038;term=optional-lv\" class=\"advgb-post-tax-term\">Optional<\/a>"],"unlinked":["<span class=\"advgb-post-tax-term\">Optional<\/span>"],"slug":"translation_priority","name":"Translation Priorities"}},"series_order":"","_links":{"self":[{"href":"https:\/\/penosil.com\/lv\/wp-json\/wp\/v2\/product\/31699","targetHints":{"allow":["GET"]}}],"collection":[{"href":"https:\/\/penosil.com\/lv\/wp-json\/wp\/v2\/product"}],"about":[{"href":"https:\/\/penosil.com\/lv\/wp-json\/wp\/v2\/types\/product"}],"version-history":[{"count":4,"href":"https:\/\/penosil.com\/lv\/wp-json\/wp\/v2\/product\/31699\/revisions"}],"predecessor-version":[{"id":32833,"href":"https:\/\/penosil.com\/lv\/wp-json\/wp\/v2\/product\/31699\/revisions\/32833"}],"wp:featuredmedia":[{"embeddable":true,"href":"https:\/\/penosil.com\/lv\/wp-json\/wp\/v2\/media\/31700"}],"wp:attachment":[{"href":"https:\/\/penosil.com\/lv\/wp-json\/wp\/v2\/media?parent=31699"}],"wp:term":[{"taxonomy":"product_brand","embeddable":true,"href":"https:\/\/penosil.com\/lv\/wp-json\/wp\/v2\/product_brand?post=31699"},{"taxonomy":"product_cat","embeddable":true,"href":"https:\/\/penosil.com\/lv\/wp-json\/wp\/v2\/product_cat?post=31699"},{"taxonomy":"product_tag","embeddable":true,"href":"https:\/\/penosil.com\/lv\/wp-json\/wp\/v2\/product_tag?post=31699"}],"curies":[{"name":"wp","href":"https:\/\/api.w.org\/{rel}","templated":true}]}}