{"id":31702,"date":"2025-04-15T07:57:31","date_gmt":"2025-04-15T07:57:31","guid":{"rendered":"https:\/\/penosil.com\/lv\/?post_type=product&#038;p=31702"},"modified":"2026-04-01T09:57:01","modified_gmt":"2026-04-01T09:57:01","slug":"firestop-intumescent-graphite-acrylic-682","status":"publish","type":"product","link":"https:\/\/penosil.com\/lv\/produkt\/firestop-intumescent-graphite-acrylic-682\/","title":{"rendered":"FireStop Intumescent Graphite Acrylic 682"},"content":{"rendered":"<p>PENOSIL\u00a0FireStop Intumescent Graphite Acrylic 682\u00a0ir uz akrila b\u0101zes veidots piebriesto\u0161s herm\u0113ti\u0137is ar graf\u012bta piedevu, kas paredz\u0113ts ugunsdro\u0161u \u0161uvju un caurlaidumu bl\u012bv\u0113\u0161anai. Izple\u0161as l\u012bdz ar karstumu un blo\u0137\u0113 d\u016bmu un uguns pl\u016bsmu.\u00a0<\/p>\n","protected":false},"excerpt":{"rendered":"PENOSIL\u00a0FireStop Intumescent Graphite Acrylic 682\u00a0ir uz akrila b\u0101zes veidots piebriesto\u0161s herm\u0113ti\u0137is ar graf\u012bta piedevu, kas paredz\u0113ts ugunsdro\u0161u \u0161uvju un caurlaidumu bl\u012bv\u0113\u0161anai. Izple\u0161as l\u012bdz ar karstumu un blo\u0137\u0113 d\u016bmu un uguns pl\u016bsmu.\u00a0","protected":false},"author":18,"featured_media":31703,"template":"","meta":{"_acf_changed":false,"advgb_blocks_editor_width":"","advgb_blocks_columns_visual_guide":"","footnotes":""},"product_brand":[],"product_cat":[1605,1629,661],"product_tag":[],"class_list":{"0":"post-31702","1":"product","2":"type-product","3":"status-publish","4":"has-post-thumbnail","6":"product_cat-hermetiki-un-mastikas","7":"product_cat-akrili","8":"product_cat-ugunsdrosiba-augsta-temperatura","10":"first","11":"instock","12":"taxable","13":"shipping-taxable","14":"purchasable","15":"product-type-simple"},"acf":[],"yoast_head":"<!-- This site is optimized with the Yoast SEO plugin v27.2 - https:\/\/yoast.com\/product\/yoast-seo-wordpress\/ -->\n<title>FireStop Intumescent Graphite Acrylic 682 - Penosil Latvia<\/title>\n<meta name=\"description\" content=\"Ugunsiztur\u012bgs, piebriesto\u0161s herm\u0113ti\u0137is ar graf\u012bta piedevu, kas paredz\u0113ts ugunsdro\u0161u \u0161uvju un caurlaidumu bl\u012bv\u0113\u0161anai. Uzzin\u0101t vair\u0101k!\" \/>\n<meta name=\"robots\" content=\"index, follow, max-snippet:-1, max-image-preview:large, max-video-preview:-1\" \/>\n<link rel=\"canonical\" href=\"https:\/\/penosil.com\/lv\/produkt\/firestop-intumescent-graphite-acrylic-682\/\" \/>\n<meta property=\"og:locale\" content=\"lv_LV\" \/>\n<meta property=\"og:type\" content=\"article\" \/>\n<meta property=\"og:title\" content=\"FireStop Intumescent Graphite Acrylic 682 - Penosil Latvia\" \/>\n<meta property=\"og:description\" content=\"Ugunsiztur\u012bgs, piebriesto\u0161s herm\u0113ti\u0137is ar graf\u012bta piedevu, kas paredz\u0113ts ugunsdro\u0161u \u0161uvju un caurlaidumu bl\u012bv\u0113\u0161anai. Uzzin\u0101t vair\u0101k!\" \/>\n<meta property=\"og:url\" content=\"https:\/\/penosil.com\/lv\/produkt\/firestop-intumescent-graphite-acrylic-682\/\" \/>\n<meta property=\"og:site_name\" content=\"Penosil Latvia\" \/>\n<meta property=\"article:modified_time\" content=\"2026-04-01T09:57:01+00:00\" \/>\n<meta property=\"og:image\" content=\"https:\/\/penosil.com\/lv\/wp-content\/uploads\/sites\/31\/2025\/04\/682_FireStop_Intumescent_Graphite_Acrylic_682_LT_LV_RU.png\" \/>\n\t<meta property=\"og:image:width\" content=\"387\" \/>\n\t<meta property=\"og:image:height\" content=\"1080\" \/>\n\t<meta property=\"og:image:type\" content=\"image\/png\" \/>\n<meta name=\"twitter:card\" content=\"summary_large_image\" \/>\n<meta name=\"twitter:label1\" content=\"Est. reading time\" \/>\n\t<meta name=\"twitter:data1\" content=\"4 minutes\" \/>\n<script type=\"application\/ld+json\" class=\"yoast-schema-graph\">{\"@context\":\"https:\/\/schema.org\",\"@graph\":[{\"@type\":\"WebPage\",\"@id\":\"https:\/\/penosil.com\/lv\/produkt\/firestop-intumescent-graphite-acrylic-682\/\",\"url\":\"https:\/\/penosil.com\/lv\/produkt\/firestop-intumescent-graphite-acrylic-682\/\",\"name\":\"FireStop Intumescent Graphite Acrylic 682 - Penosil Latvia\",\"isPartOf\":{\"@id\":\"https:\/\/penosil.com\/lv\/#website\"},\"primaryImageOfPage\":{\"@id\":\"https:\/\/penosil.com\/lv\/produkt\/firestop-intumescent-graphite-acrylic-682\/#primaryimage\"},\"image\":{\"@id\":\"https:\/\/penosil.com\/lv\/produkt\/firestop-intumescent-graphite-acrylic-682\/#primaryimage\"},\"thumbnailUrl\":\"https:\/\/penosil.com\/lv\/wp-content\/uploads\/sites\/31\/2025\/04\/682_FireStop_Intumescent_Graphite_Acrylic_682_LT_LV_RU.png\",\"datePublished\":\"2025-04-15T07:57:31+00:00\",\"dateModified\":\"2026-04-01T09:57:01+00:00\",\"description\":\"Ugunsiztur\u012bgs, piebriesto\u0161s herm\u0113ti\u0137is ar graf\u012bta piedevu, kas paredz\u0113ts ugunsdro\u0161u \u0161uvju un caurlaidumu bl\u012bv\u0113\u0161anai. Uzzin\u0101t vair\u0101k!\",\"breadcrumb\":{\"@id\":\"https:\/\/penosil.com\/lv\/produkt\/firestop-intumescent-graphite-acrylic-682\/#breadcrumb\"},\"inLanguage\":\"lv-LV\",\"potentialAction\":[{\"@type\":\"ReadAction\",\"target\":[\"https:\/\/penosil.com\/lv\/produkt\/firestop-intumescent-graphite-acrylic-682\/\"]}]},{\"@type\":\"ImageObject\",\"inLanguage\":\"lv-LV\",\"@id\":\"https:\/\/penosil.com\/lv\/produkt\/firestop-intumescent-graphite-acrylic-682\/#primaryimage\",\"url\":\"https:\/\/penosil.com\/lv\/wp-content\/uploads\/sites\/31\/2025\/04\/682_FireStop_Intumescent_Graphite_Acrylic_682_LT_LV_RU.png\",\"contentUrl\":\"https:\/\/penosil.com\/lv\/wp-content\/uploads\/sites\/31\/2025\/04\/682_FireStop_Intumescent_Graphite_Acrylic_682_LT_LV_RU.png\",\"width\":387,\"height\":1080},{\"@type\":\"BreadcrumbList\",\"@id\":\"https:\/\/penosil.com\/lv\/produkt\/firestop-intumescent-graphite-acrylic-682\/#breadcrumb\",\"itemListElement\":[{\"@type\":\"ListItem\",\"position\":1,\"name\":\"S\u0101kums\",\"item\":\"https:\/\/penosil.com\/lv\/\"},{\"@type\":\"ListItem\",\"position\":2,\"name\":\"Produkti\",\"item\":\"https:\/\/penosil.com\/lv\/produkti\/\"},{\"@type\":\"ListItem\",\"position\":3,\"name\":\"FireStop Intumescent Graphite Acrylic 682\"}]},{\"@type\":\"WebSite\",\"@id\":\"https:\/\/penosil.com\/lv\/#website\",\"url\":\"https:\/\/penosil.com\/lv\/\",\"name\":\"Penosil Latvia\",\"description\":\"\",\"potentialAction\":[{\"@type\":\"SearchAction\",\"target\":{\"@type\":\"EntryPoint\",\"urlTemplate\":\"https:\/\/penosil.com\/lv\/?s={search_term_string}\"},\"query-input\":{\"@type\":\"PropertyValueSpecification\",\"valueRequired\":true,\"valueName\":\"search_term_string\"}}],\"inLanguage\":\"lv-LV\"}]}<\/script>\n<!-- \/ Yoast SEO plugin. -->","yoast_head_json":{"title":"FireStop Intumescent Graphite Acrylic 682 - Penosil Latvia","description":"Ugunsiztur\u012bgs, piebriesto\u0161s herm\u0113ti\u0137is ar graf\u012bta piedevu, kas paredz\u0113ts ugunsdro\u0161u \u0161uvju un caurlaidumu bl\u012bv\u0113\u0161anai. Uzzin\u0101t vair\u0101k!","robots":{"index":"index","follow":"follow","max-snippet":"max-snippet:-1","max-image-preview":"max-image-preview:large","max-video-preview":"max-video-preview:-1"},"canonical":"https:\/\/penosil.com\/lv\/produkt\/firestop-intumescent-graphite-acrylic-682\/","og_locale":"lv_LV","og_type":"article","og_title":"FireStop Intumescent Graphite Acrylic 682 - Penosil Latvia","og_description":"Ugunsiztur\u012bgs, piebriesto\u0161s herm\u0113ti\u0137is ar graf\u012bta piedevu, kas paredz\u0113ts ugunsdro\u0161u \u0161uvju un caurlaidumu bl\u012bv\u0113\u0161anai. Uzzin\u0101t vair\u0101k!","og_url":"https:\/\/penosil.com\/lv\/produkt\/firestop-intumescent-graphite-acrylic-682\/","og_site_name":"Penosil Latvia","article_modified_time":"2026-04-01T09:57:01+00:00","og_image":[{"width":387,"height":1080,"url":"https:\/\/penosil.com\/lv\/wp-content\/uploads\/sites\/31\/2025\/04\/682_FireStop_Intumescent_Graphite_Acrylic_682_LT_LV_RU.png","type":"image\/png"}],"twitter_card":"summary_large_image","twitter_misc":{"Est. reading time":"4 minutes"},"schema":{"@context":"https:\/\/schema.org","@graph":[{"@type":"WebPage","@id":"https:\/\/penosil.com\/lv\/produkt\/firestop-intumescent-graphite-acrylic-682\/","url":"https:\/\/penosil.com\/lv\/produkt\/firestop-intumescent-graphite-acrylic-682\/","name":"FireStop Intumescent Graphite Acrylic 682 - Penosil Latvia","isPartOf":{"@id":"https:\/\/penosil.com\/lv\/#website"},"primaryImageOfPage":{"@id":"https:\/\/penosil.com\/lv\/produkt\/firestop-intumescent-graphite-acrylic-682\/#primaryimage"},"image":{"@id":"https:\/\/penosil.com\/lv\/produkt\/firestop-intumescent-graphite-acrylic-682\/#primaryimage"},"thumbnailUrl":"https:\/\/penosil.com\/lv\/wp-content\/uploads\/sites\/31\/2025\/04\/682_FireStop_Intumescent_Graphite_Acrylic_682_LT_LV_RU.png","datePublished":"2025-04-15T07:57:31+00:00","dateModified":"2026-04-01T09:57:01+00:00","description":"Ugunsiztur\u012bgs, piebriesto\u0161s herm\u0113ti\u0137is ar graf\u012bta piedevu, kas paredz\u0113ts ugunsdro\u0161u \u0161uvju un caurlaidumu bl\u012bv\u0113\u0161anai. Uzzin\u0101t vair\u0101k!","breadcrumb":{"@id":"https:\/\/penosil.com\/lv\/produkt\/firestop-intumescent-graphite-acrylic-682\/#breadcrumb"},"inLanguage":"lv-LV","potentialAction":[{"@type":"ReadAction","target":["https:\/\/penosil.com\/lv\/produkt\/firestop-intumescent-graphite-acrylic-682\/"]}]},{"@type":"ImageObject","inLanguage":"lv-LV","@id":"https:\/\/penosil.com\/lv\/produkt\/firestop-intumescent-graphite-acrylic-682\/#primaryimage","url":"https:\/\/penosil.com\/lv\/wp-content\/uploads\/sites\/31\/2025\/04\/682_FireStop_Intumescent_Graphite_Acrylic_682_LT_LV_RU.png","contentUrl":"https:\/\/penosil.com\/lv\/wp-content\/uploads\/sites\/31\/2025\/04\/682_FireStop_Intumescent_Graphite_Acrylic_682_LT_LV_RU.png","width":387,"height":1080},{"@type":"BreadcrumbList","@id":"https:\/\/penosil.com\/lv\/produkt\/firestop-intumescent-graphite-acrylic-682\/#breadcrumb","itemListElement":[{"@type":"ListItem","position":1,"name":"S\u0101kums","item":"https:\/\/penosil.com\/lv\/"},{"@type":"ListItem","position":2,"name":"Produkti","item":"https:\/\/penosil.com\/lv\/produkti\/"},{"@type":"ListItem","position":3,"name":"FireStop Intumescent Graphite Acrylic 682"}]},{"@type":"WebSite","@id":"https:\/\/penosil.com\/lv\/#website","url":"https:\/\/penosil.com\/lv\/","name":"Penosil Latvia","description":"","potentialAction":[{"@type":"SearchAction","target":{"@type":"EntryPoint","urlTemplate":"https:\/\/penosil.com\/lv\/?s={search_term_string}"},"query-input":{"@type":"PropertyValueSpecification","valueRequired":true,"valueName":"search_term_string"}}],"inLanguage":"lv-LV"}]}},"featured_img":"https:\/\/penosil.com\/lv\/wp-content\/uploads\/sites\/31\/2025\/04\/682_FireStop_Intumescent_Graphite_Acrylic_682_LT_LV_RU.png","coauthors":[],"author_meta":{"author_link":"https:\/\/penosil.com\/lv\/author\/olgakucmasova\/","display_name":"olgakucmasova"},"relative_dates":{"created":"Posted 12 months ago","modified":"Updated 2 weeks ago"},"absolute_dates":{"created":"Posted on April 15, 2025","modified":"Updated on April 1, 2026"},"absolute_dates_time":{"created":"Posted on April 15, 2025 7:57 am","modified":"Updated on April 1, 2026 9:57 am"},"featured_img_caption":"","tax_additional":{"product_brand":{"linked":[],"unlinked":[],"slug":"product_brand","name":"Brands"},"product_type":{"linked":["<a href=\"https:\/\/penosil.com\/lv\/?taxonomy=product_type&#038;term=simple\" class=\"advgb-post-tax-term\">simple<\/a>"],"unlinked":["<span class=\"advgb-post-tax-term\">simple<\/span>"],"slug":"product_type","name":"Product type"},"product_visibility":{"linked":[],"unlinked":[],"slug":"product_visibility","name":"Product visibility"},"product_cat":{"linked":["<a href=\"https:\/\/penosil.com\/lv\/produkti\/produktu-grupas\/hermetiki-un-mastikas\/\" class=\"advgb-post-tax-term\">Herm\u0113ti\u0137i un mastikas<\/a>","<a href=\"https:\/\/penosil.com\/lv\/produkti\/produktu-grupas\/hermetiki-un-mastikas\/akrili\/\" class=\"advgb-post-tax-term\">Akrila herm\u0113ti\u0137i<\/a>","<a href=\"https:\/\/penosil.com\/lv\/produkti\/pielietojums\/ugunsdrosiba-augsta-temperatura\/\" class=\"advgb-post-tax-term\">Ugunsdro\u0161\u012bba \/ Augsta temperat\u016bra<\/a>"],"unlinked":["<span class=\"advgb-post-tax-term\">Herm\u0113ti\u0137i un mastikas<\/span>","<span class=\"advgb-post-tax-term\">Akrila herm\u0113ti\u0137i<\/span>","<span class=\"advgb-post-tax-term\">Ugunsdro\u0161\u012bba \/ Augsta temperat\u016bra<\/span>"],"slug":"product_cat","name":"Product categories"},"product_tag":{"linked":[],"unlinked":[],"slug":"product_tag","name":"Product tags"},"product_shipping_class":{"linked":[],"unlinked":[],"slug":"product_shipping_class","name":"Product shipping classes"},"pos_product_visibility":{"linked":[],"unlinked":[],"slug":"pos_product_visibility","name":"POS Product visibility"},"pa_color":{"linked":[],"unlinked":[],"slug":"pa_color","name":"Product Colour"},"pa_diameter":{"linked":[],"unlinked":[],"slug":"pa_diameter","name":"Product Diameter"},"pa_package":{"linked":[],"unlinked":[],"slug":"pa_package","name":"Product Package"},"pa_roll":{"linked":[],"unlinked":[],"slug":"pa_roll","name":"Product Roll"},"pa_widths":{"linked":[],"unlinked":[],"slug":"pa_widths","name":"Product Widths"},"translation_priority":{"linked":["<a href=\"https:\/\/penosil.com\/lv\/?taxonomy=translation_priority&#038;term=optional-lv\" class=\"advgb-post-tax-term\">Optional<\/a>"],"unlinked":["<span class=\"advgb-post-tax-term\">Optional<\/span>"],"slug":"translation_priority","name":"Translation Priorities"}},"series_order":"","_links":{"self":[{"href":"https:\/\/penosil.com\/lv\/wp-json\/wp\/v2\/product\/31702","targetHints":{"allow":["GET"]}}],"collection":[{"href":"https:\/\/penosil.com\/lv\/wp-json\/wp\/v2\/product"}],"about":[{"href":"https:\/\/penosil.com\/lv\/wp-json\/wp\/v2\/types\/product"}],"version-history":[{"count":6,"href":"https:\/\/penosil.com\/lv\/wp-json\/wp\/v2\/product\/31702\/revisions"}],"predecessor-version":[{"id":32825,"href":"https:\/\/penosil.com\/lv\/wp-json\/wp\/v2\/product\/31702\/revisions\/32825"}],"wp:featuredmedia":[{"embeddable":true,"href":"https:\/\/penosil.com\/lv\/wp-json\/wp\/v2\/media\/31703"}],"wp:attachment":[{"href":"https:\/\/penosil.com\/lv\/wp-json\/wp\/v2\/media?parent=31702"}],"wp:term":[{"taxonomy":"product_brand","embeddable":true,"href":"https:\/\/penosil.com\/lv\/wp-json\/wp\/v2\/product_brand?post=31702"},{"taxonomy":"product_cat","embeddable":true,"href":"https:\/\/penosil.com\/lv\/wp-json\/wp\/v2\/product_cat?post=31702"},{"taxonomy":"product_tag","embeddable":true,"href":"https:\/\/penosil.com\/lv\/wp-json\/wp\/v2\/product_tag?post=31702"}],"curies":[{"name":"wp","href":"https:\/\/api.w.org\/{rel}","templated":true}]}}