{"id":31751,"date":"2025-05-08T08:27:46","date_gmt":"2025-05-08T08:27:46","guid":{"rendered":"https:\/\/penosil.com\/lv\/?post_type=product&#038;p=31751"},"modified":"2026-04-01T09:57:00","modified_gmt":"2026-04-01T09:57:00","slug":"neutral-sanitary-silicone-351","status":"publish","type":"product","link":"https:\/\/penosil.com\/lv\/produkt\/neutral-sanitary-silicone-351\/","title":{"rendered":"Neutral Sanitary Silicone 351"},"content":{"rendered":"<p>Penosil Neutral Sanitary Silicone 351\u00a0ir neitr\u0101ls, bez meko silikona herm\u0113ti\u0137is ar fungic\u012bdu piedevu visiem sanit\u0101rajiem un ventil\u0101cijas darbiem. Veido pret pel\u0113jumu un noveco\u0161anos iztur\u012bgu elast\u012bgu silikona gumijas bl\u012bv\u0113jumu.<\/p>\n","protected":false},"excerpt":{"rendered":"Penosil Neutral Sanitary Silicone 351\u00a0ir neitr\u0101ls, bez meko silikona herm\u0113ti\u0137is ar fungic\u012bdu piedevu visiem sanit\u0101rajiem un ventil\u0101cijas darbiem. Veido pret pel\u0113jumu un noveco\u0161anos iztur\u012bgu elast\u012bgu silikona gumijas bl\u012bv\u0113jumu.","protected":false},"author":18,"featured_media":31752,"template":"","meta":{"_acf_changed":false,"advgb_blocks_editor_width":"","advgb_blocks_columns_visual_guide":"","footnotes":""},"product_brand":[],"product_cat":[2596,1605,1146],"product_tag":[],"class_list":{"0":"post-31751","1":"product","2":"type-product","3":"status-publish","4":"has-post-thumbnail","6":"product_cat-neitralie-silikona-hermetki","7":"product_cat-hermetiki-un-mastikas","8":"product_cat-sanitaras-telpas","10":"first","11":"instock","12":"taxable","13":"shipping-taxable","14":"purchasable","15":"product-type-simple"},"acf":[],"yoast_head":"<!-- This site is optimized with the Yoast SEO plugin v27.2 - https:\/\/yoast.com\/product\/yoast-seo-wordpress\/ -->\n<title>Neutral Sanitary Silicone 351 - Penosil Latvia<\/title>\n<meta name=\"description\" content=\"PENOSIL Neutral Sanitary Silicone 351\u00a0ir neitr\u0101ls, bez meko silikona herm\u0113ti\u0137is ar fungic\u012bdu piedevu visiem sanit\u0101rajiem un ventil\u0101cijas darbiem. P\u0113rc \u0161eit!\" \/>\n<meta name=\"robots\" content=\"index, follow, max-snippet:-1, max-image-preview:large, max-video-preview:-1\" \/>\n<link rel=\"canonical\" href=\"https:\/\/penosil.com\/lv\/produkt\/neutral-sanitary-silicone-351\/\" \/>\n<meta property=\"og:locale\" content=\"lv_LV\" \/>\n<meta property=\"og:type\" content=\"article\" \/>\n<meta property=\"og:title\" content=\"Neutral Sanitary Silicone 351 - Penosil Latvia\" \/>\n<meta property=\"og:description\" content=\"PENOSIL Neutral Sanitary Silicone 351\u00a0ir neitr\u0101ls, bez meko silikona herm\u0113ti\u0137is ar fungic\u012bdu piedevu visiem sanit\u0101rajiem un ventil\u0101cijas darbiem. P\u0113rc \u0161eit!\" \/>\n<meta property=\"og:url\" content=\"https:\/\/penosil.com\/lv\/produkt\/neutral-sanitary-silicone-351\/\" \/>\n<meta property=\"og:site_name\" content=\"Penosil Latvia\" \/>\n<meta property=\"article:modified_time\" content=\"2026-04-01T09:57:00+00:00\" \/>\n<meta property=\"og:image\" content=\"https:\/\/penosil.com\/lv\/wp-content\/uploads\/sites\/31\/2025\/05\/351_Neutral_Sanitary_Silicone_351_LT_LV_RU2028129.png\" \/>\n\t<meta property=\"og:image:width\" content=\"387\" \/>\n\t<meta property=\"og:image:height\" content=\"1080\" \/>\n\t<meta property=\"og:image:type\" content=\"image\/png\" \/>\n<meta name=\"twitter:card\" content=\"summary_large_image\" \/>\n<meta name=\"twitter:label1\" content=\"Est. reading time\" \/>\n\t<meta name=\"twitter:data1\" content=\"3 minutes\" \/>\n<script type=\"application\/ld+json\" class=\"yoast-schema-graph\">{\"@context\":\"https:\/\/schema.org\",\"@graph\":[{\"@type\":\"WebPage\",\"@id\":\"https:\/\/penosil.com\/lv\/produkt\/neutral-sanitary-silicone-351\/\",\"url\":\"https:\/\/penosil.com\/lv\/produkt\/neutral-sanitary-silicone-351\/\",\"name\":\"Neutral Sanitary Silicone 351 - Penosil Latvia\",\"isPartOf\":{\"@id\":\"https:\/\/penosil.com\/lv\/#website\"},\"primaryImageOfPage\":{\"@id\":\"https:\/\/penosil.com\/lv\/produkt\/neutral-sanitary-silicone-351\/#primaryimage\"},\"image\":{\"@id\":\"https:\/\/penosil.com\/lv\/produkt\/neutral-sanitary-silicone-351\/#primaryimage\"},\"thumbnailUrl\":\"https:\/\/penosil.com\/lv\/wp-content\/uploads\/sites\/31\/2025\/05\/351_Neutral_Sanitary_Silicone_351_LT_LV_RU2028129.png\",\"datePublished\":\"2025-05-08T08:27:46+00:00\",\"dateModified\":\"2026-04-01T09:57:00+00:00\",\"description\":\"PENOSIL Neutral Sanitary Silicone 351\u00a0ir neitr\u0101ls, bez meko silikona herm\u0113ti\u0137is ar fungic\u012bdu piedevu visiem sanit\u0101rajiem un ventil\u0101cijas darbiem. P\u0113rc \u0161eit!\",\"breadcrumb\":{\"@id\":\"https:\/\/penosil.com\/lv\/produkt\/neutral-sanitary-silicone-351\/#breadcrumb\"},\"inLanguage\":\"lv-LV\",\"potentialAction\":[{\"@type\":\"ReadAction\",\"target\":[\"https:\/\/penosil.com\/lv\/produkt\/neutral-sanitary-silicone-351\/\"]}]},{\"@type\":\"ImageObject\",\"inLanguage\":\"lv-LV\",\"@id\":\"https:\/\/penosil.com\/lv\/produkt\/neutral-sanitary-silicone-351\/#primaryimage\",\"url\":\"https:\/\/penosil.com\/lv\/wp-content\/uploads\/sites\/31\/2025\/05\/351_Neutral_Sanitary_Silicone_351_LT_LV_RU2028129.png\",\"contentUrl\":\"https:\/\/penosil.com\/lv\/wp-content\/uploads\/sites\/31\/2025\/05\/351_Neutral_Sanitary_Silicone_351_LT_LV_RU2028129.png\",\"width\":387,\"height\":1080},{\"@type\":\"BreadcrumbList\",\"@id\":\"https:\/\/penosil.com\/lv\/produkt\/neutral-sanitary-silicone-351\/#breadcrumb\",\"itemListElement\":[{\"@type\":\"ListItem\",\"position\":1,\"name\":\"S\u0101kums\",\"item\":\"https:\/\/penosil.com\/lv\/\"},{\"@type\":\"ListItem\",\"position\":2,\"name\":\"Produkti\",\"item\":\"https:\/\/penosil.com\/lv\/produkti\/\"},{\"@type\":\"ListItem\",\"position\":3,\"name\":\"Neutral Sanitary Silicone 351\"}]},{\"@type\":\"WebSite\",\"@id\":\"https:\/\/penosil.com\/lv\/#website\",\"url\":\"https:\/\/penosil.com\/lv\/\",\"name\":\"Penosil Latvia\",\"description\":\"\",\"potentialAction\":[{\"@type\":\"SearchAction\",\"target\":{\"@type\":\"EntryPoint\",\"urlTemplate\":\"https:\/\/penosil.com\/lv\/?s={search_term_string}\"},\"query-input\":{\"@type\":\"PropertyValueSpecification\",\"valueRequired\":true,\"valueName\":\"search_term_string\"}}],\"inLanguage\":\"lv-LV\"}]}<\/script>\n<!-- \/ Yoast SEO plugin. -->","yoast_head_json":{"title":"Neutral Sanitary Silicone 351 - Penosil Latvia","description":"PENOSIL Neutral Sanitary Silicone 351\u00a0ir neitr\u0101ls, bez meko silikona herm\u0113ti\u0137is ar fungic\u012bdu piedevu visiem sanit\u0101rajiem un ventil\u0101cijas darbiem. P\u0113rc \u0161eit!","robots":{"index":"index","follow":"follow","max-snippet":"max-snippet:-1","max-image-preview":"max-image-preview:large","max-video-preview":"max-video-preview:-1"},"canonical":"https:\/\/penosil.com\/lv\/produkt\/neutral-sanitary-silicone-351\/","og_locale":"lv_LV","og_type":"article","og_title":"Neutral Sanitary Silicone 351 - Penosil Latvia","og_description":"PENOSIL Neutral Sanitary Silicone 351\u00a0ir neitr\u0101ls, bez meko silikona herm\u0113ti\u0137is ar fungic\u012bdu piedevu visiem sanit\u0101rajiem un ventil\u0101cijas darbiem. P\u0113rc \u0161eit!","og_url":"https:\/\/penosil.com\/lv\/produkt\/neutral-sanitary-silicone-351\/","og_site_name":"Penosil Latvia","article_modified_time":"2026-04-01T09:57:00+00:00","og_image":[{"width":387,"height":1080,"url":"https:\/\/penosil.com\/lv\/wp-content\/uploads\/sites\/31\/2025\/05\/351_Neutral_Sanitary_Silicone_351_LT_LV_RU2028129.png","type":"image\/png"}],"twitter_card":"summary_large_image","twitter_misc":{"Est. reading time":"3 minutes"},"schema":{"@context":"https:\/\/schema.org","@graph":[{"@type":"WebPage","@id":"https:\/\/penosil.com\/lv\/produkt\/neutral-sanitary-silicone-351\/","url":"https:\/\/penosil.com\/lv\/produkt\/neutral-sanitary-silicone-351\/","name":"Neutral Sanitary Silicone 351 - Penosil Latvia","isPartOf":{"@id":"https:\/\/penosil.com\/lv\/#website"},"primaryImageOfPage":{"@id":"https:\/\/penosil.com\/lv\/produkt\/neutral-sanitary-silicone-351\/#primaryimage"},"image":{"@id":"https:\/\/penosil.com\/lv\/produkt\/neutral-sanitary-silicone-351\/#primaryimage"},"thumbnailUrl":"https:\/\/penosil.com\/lv\/wp-content\/uploads\/sites\/31\/2025\/05\/351_Neutral_Sanitary_Silicone_351_LT_LV_RU2028129.png","datePublished":"2025-05-08T08:27:46+00:00","dateModified":"2026-04-01T09:57:00+00:00","description":"PENOSIL Neutral Sanitary Silicone 351\u00a0ir neitr\u0101ls, bez meko silikona herm\u0113ti\u0137is ar fungic\u012bdu piedevu visiem sanit\u0101rajiem un ventil\u0101cijas darbiem. P\u0113rc \u0161eit!","breadcrumb":{"@id":"https:\/\/penosil.com\/lv\/produkt\/neutral-sanitary-silicone-351\/#breadcrumb"},"inLanguage":"lv-LV","potentialAction":[{"@type":"ReadAction","target":["https:\/\/penosil.com\/lv\/produkt\/neutral-sanitary-silicone-351\/"]}]},{"@type":"ImageObject","inLanguage":"lv-LV","@id":"https:\/\/penosil.com\/lv\/produkt\/neutral-sanitary-silicone-351\/#primaryimage","url":"https:\/\/penosil.com\/lv\/wp-content\/uploads\/sites\/31\/2025\/05\/351_Neutral_Sanitary_Silicone_351_LT_LV_RU2028129.png","contentUrl":"https:\/\/penosil.com\/lv\/wp-content\/uploads\/sites\/31\/2025\/05\/351_Neutral_Sanitary_Silicone_351_LT_LV_RU2028129.png","width":387,"height":1080},{"@type":"BreadcrumbList","@id":"https:\/\/penosil.com\/lv\/produkt\/neutral-sanitary-silicone-351\/#breadcrumb","itemListElement":[{"@type":"ListItem","position":1,"name":"S\u0101kums","item":"https:\/\/penosil.com\/lv\/"},{"@type":"ListItem","position":2,"name":"Produkti","item":"https:\/\/penosil.com\/lv\/produkti\/"},{"@type":"ListItem","position":3,"name":"Neutral Sanitary Silicone 351"}]},{"@type":"WebSite","@id":"https:\/\/penosil.com\/lv\/#website","url":"https:\/\/penosil.com\/lv\/","name":"Penosil Latvia","description":"","potentialAction":[{"@type":"SearchAction","target":{"@type":"EntryPoint","urlTemplate":"https:\/\/penosil.com\/lv\/?s={search_term_string}"},"query-input":{"@type":"PropertyValueSpecification","valueRequired":true,"valueName":"search_term_string"}}],"inLanguage":"lv-LV"}]}},"featured_img":"https:\/\/penosil.com\/lv\/wp-content\/uploads\/sites\/31\/2025\/05\/351_Neutral_Sanitary_Silicone_351_LT_LV_RU2028129.png","coauthors":[],"author_meta":{"author_link":"https:\/\/penosil.com\/lv\/author\/olgakucmasova\/","display_name":"olgakucmasova"},"relative_dates":{"created":"Posted 11 months ago","modified":"Updated 2 weeks ago"},"absolute_dates":{"created":"Posted on May 8, 2025","modified":"Updated on April 1, 2026"},"absolute_dates_time":{"created":"Posted on May 8, 2025 8:27 am","modified":"Updated on April 1, 2026 9:57 am"},"featured_img_caption":"","tax_additional":{"product_brand":{"linked":[],"unlinked":[],"slug":"product_brand","name":"Brands"},"product_type":{"linked":["<a href=\"https:\/\/penosil.com\/lv\/?taxonomy=product_type&#038;term=simple\" class=\"advgb-post-tax-term\">simple<\/a>"],"unlinked":["<span class=\"advgb-post-tax-term\">simple<\/span>"],"slug":"product_type","name":"Product type"},"product_visibility":{"linked":[],"unlinked":[],"slug":"product_visibility","name":"Product visibility"},"product_cat":{"linked":["<a href=\"https:\/\/penosil.com\/lv\/produkti\/produktu-grupas\/hermetiki-un-mastikas\/neitralie-silikona-hermetki\/\" class=\"advgb-post-tax-term\">Neitr\u0101lie silikona herm\u0113ti\u0137i<\/a>","<a href=\"https:\/\/penosil.com\/lv\/produkti\/produktu-grupas\/hermetiki-un-mastikas\/\" class=\"advgb-post-tax-term\">Herm\u0113ti\u0137i un mastikas<\/a>","<a href=\"https:\/\/penosil.com\/lv\/produkti\/pielietojums\/sanitaras-telpas\/\" class=\"advgb-post-tax-term\">Sanit\u0101r\u0101s telpas<\/a>"],"unlinked":["<span class=\"advgb-post-tax-term\">Neitr\u0101lie silikona herm\u0113ti\u0137i<\/span>","<span class=\"advgb-post-tax-term\">Herm\u0113ti\u0137i un mastikas<\/span>","<span class=\"advgb-post-tax-term\">Sanit\u0101r\u0101s telpas<\/span>"],"slug":"product_cat","name":"Product categories"},"product_tag":{"linked":[],"unlinked":[],"slug":"product_tag","name":"Product tags"},"product_shipping_class":{"linked":[],"unlinked":[],"slug":"product_shipping_class","name":"Product shipping classes"},"pos_product_visibility":{"linked":[],"unlinked":[],"slug":"pos_product_visibility","name":"POS Product visibility"},"pa_color":{"linked":["<a href=\"https:\/\/penosil.com\/lv\/?taxonomy=pa_color&#038;term=aluminium-lv-2\" class=\"advgb-post-tax-term\">Alum\u012bnijs<\/a>"],"unlinked":["<span class=\"advgb-post-tax-term\">Alum\u012bnijs<\/span>"],"slug":"pa_color","name":"Product Colour"},"pa_diameter":{"linked":[],"unlinked":[],"slug":"pa_diameter","name":"Product Diameter"},"pa_package":{"linked":["<a href=\"https:\/\/penosil.com\/lv\/?taxonomy=pa_package&#038;term=280-ml-lv-2\" class=\"advgb-post-tax-term\">280 ml<\/a>"],"unlinked":["<span class=\"advgb-post-tax-term\">280 ml<\/span>"],"slug":"pa_package","name":"Product Package"},"pa_roll":{"linked":[],"unlinked":[],"slug":"pa_roll","name":"Product Roll"},"pa_widths":{"linked":[],"unlinked":[],"slug":"pa_widths","name":"Product Widths"},"translation_priority":{"linked":["<a href=\"https:\/\/penosil.com\/lv\/?taxonomy=translation_priority&#038;term=optional-lv\" class=\"advgb-post-tax-term\">Optional<\/a>"],"unlinked":["<span class=\"advgb-post-tax-term\">Optional<\/span>"],"slug":"translation_priority","name":"Translation Priorities"}},"series_order":"","_links":{"self":[{"href":"https:\/\/penosil.com\/lv\/wp-json\/wp\/v2\/product\/31751","targetHints":{"allow":["GET"]}}],"collection":[{"href":"https:\/\/penosil.com\/lv\/wp-json\/wp\/v2\/product"}],"about":[{"href":"https:\/\/penosil.com\/lv\/wp-json\/wp\/v2\/types\/product"}],"version-history":[{"count":6,"href":"https:\/\/penosil.com\/lv\/wp-json\/wp\/v2\/product\/31751\/revisions"}],"predecessor-version":[{"id":33124,"href":"https:\/\/penosil.com\/lv\/wp-json\/wp\/v2\/product\/31751\/revisions\/33124"}],"wp:featuredmedia":[{"embeddable":true,"href":"https:\/\/penosil.com\/lv\/wp-json\/wp\/v2\/media\/31752"}],"wp:attachment":[{"href":"https:\/\/penosil.com\/lv\/wp-json\/wp\/v2\/media?parent=31751"}],"wp:term":[{"taxonomy":"product_brand","embeddable":true,"href":"https:\/\/penosil.com\/lv\/wp-json\/wp\/v2\/product_brand?post=31751"},{"taxonomy":"product_cat","embeddable":true,"href":"https:\/\/penosil.com\/lv\/wp-json\/wp\/v2\/product_cat?post=31751"},{"taxonomy":"product_tag","embeddable":true,"href":"https:\/\/penosil.com\/lv\/wp-json\/wp\/v2\/product_tag?post=31751"}],"curies":[{"name":"wp","href":"https:\/\/api.w.org\/{rel}","templated":true}]}}