{"id":31754,"date":"2025-05-08T08:41:14","date_gmt":"2025-05-08T08:41:14","guid":{"rendered":"https:\/\/penosil.com\/lv\/?post_type=product&#038;p=31754"},"modified":"2026-04-01T09:56:59","modified_gmt":"2026-04-01T09:56:59","slug":"sealant-remover-990","status":"publish","type":"product","link":"https:\/\/penosil.com\/lv\/produkt\/sealant-remover-990\/","title":{"rendered":"Sealant Remover 990"},"content":{"rendered":"<p>PENOSIL\u00a0Sealant Remover 990\u00a0ir sp\u0113c\u012bgs un efekt\u012bvs t\u012br\u012bt\u0101js, kas no da\u017e\u0101d\u0101m virsm\u0101m no\u0146em saciet\u0113ju\u0161us herm\u0113ti\u0137us, silikonus, l\u012bmes, taukus, e\u013c\u013cu, vasku, net\u012brumus un darvas atliekas.<\/p>\n","protected":false},"excerpt":{"rendered":"PENOSIL\u00a0Sealant Remover 990\u00a0ir sp\u0113c\u012bgs un efekt\u012bvs t\u012br\u012bt\u0101js, kas no da\u017e\u0101d\u0101m virsm\u0101m no\u0146em saciet\u0113ju\u0161us herm\u0113ti\u0137us, silikonus, l\u012bmes, taukus, e\u013c\u013cu, vasku, net\u012brumus un darvas atliekas.","protected":false},"author":18,"featured_media":31755,"template":"","meta":{"_acf_changed":false,"advgb_blocks_editor_width":"","advgb_blocks_columns_visual_guide":"","footnotes":""},"product_brand":[],"product_cat":[2613,1605,1823,2599,2495],"product_tag":[],"class_list":{"0":"post-31754","1":"product","2":"type-product","3":"status-publish","4":"has-post-thumbnail","6":"product_cat-tiritaji","7":"product_cat-hermetiki-un-mastikas","8":"product_cat-tiritaji-un-instrumenti","9":"product_cat-hermetiku-pistoles-un-tiritaji","10":"product_cat-tirisana","12":"first","13":"instock","14":"taxable","15":"shipping-taxable","16":"purchasable","17":"product-type-simple"},"acf":[],"yoast_head":"<!-- This site is optimized with the Yoast SEO plugin v27.2 - https:\/\/yoast.com\/product\/yoast-seo-wordpress\/ -->\n<title>Sealant Remover 990 - Penosil Latvia<\/title>\n<meta name=\"description\" content=\"PENOSIL\u00a0Sealant Remover 990\u00a0ir sp\u0113c\u012bgs t\u012br\u012bt\u0101js, kas no da\u017e\u0101d\u0101m virsm\u0101m no\u0146em saciet\u0113ju\u0161us herm\u0113ti\u0137us, silikonus, l\u012bmes, taukus, e\u013c\u013cu....p\u0113rc \u0161eit!\" \/>\n<meta name=\"robots\" content=\"index, follow, max-snippet:-1, max-image-preview:large, max-video-preview:-1\" \/>\n<link rel=\"canonical\" href=\"https:\/\/penosil.com\/lv\/produkt\/sealant-remover-990\/\" \/>\n<meta property=\"og:locale\" content=\"lv_LV\" \/>\n<meta property=\"og:type\" content=\"article\" \/>\n<meta property=\"og:title\" content=\"Sealant Remover 990 - Penosil Latvia\" \/>\n<meta property=\"og:description\" content=\"PENOSIL\u00a0Sealant Remover 990\u00a0ir sp\u0113c\u012bgs t\u012br\u012bt\u0101js, kas no da\u017e\u0101d\u0101m virsm\u0101m no\u0146em saciet\u0113ju\u0161us herm\u0113ti\u0137us, silikonus, l\u012bmes, taukus, e\u013c\u013cu....p\u0113rc \u0161eit!\" \/>\n<meta property=\"og:url\" content=\"https:\/\/penosil.com\/lv\/produkt\/sealant-remover-990\/\" \/>\n<meta property=\"og:site_name\" content=\"Penosil Latvia\" \/>\n<meta property=\"article:modified_time\" content=\"2026-04-01T09:56:59+00:00\" \/>\n<meta property=\"og:image\" content=\"https:\/\/penosil.com\/lv\/wp-content\/uploads\/sites\/31\/2025\/05\/990_Sealant_Remover_990_ENG.png\" \/>\n\t<meta property=\"og:image:width\" content=\"523\" \/>\n\t<meta property=\"og:image:height\" content=\"1080\" \/>\n\t<meta property=\"og:image:type\" content=\"image\/png\" \/>\n<meta name=\"twitter:card\" content=\"summary_large_image\" \/>\n<meta name=\"twitter:label1\" content=\"Est. reading time\" \/>\n\t<meta name=\"twitter:data1\" content=\"4 minutes\" \/>\n<script type=\"application\/ld+json\" class=\"yoast-schema-graph\">{\"@context\":\"https:\/\/schema.org\",\"@graph\":[{\"@type\":\"WebPage\",\"@id\":\"https:\/\/penosil.com\/lv\/produkt\/sealant-remover-990\/\",\"url\":\"https:\/\/penosil.com\/lv\/produkt\/sealant-remover-990\/\",\"name\":\"Sealant Remover 990 - Penosil Latvia\",\"isPartOf\":{\"@id\":\"https:\/\/penosil.com\/lv\/#website\"},\"primaryImageOfPage\":{\"@id\":\"https:\/\/penosil.com\/lv\/produkt\/sealant-remover-990\/#primaryimage\"},\"image\":{\"@id\":\"https:\/\/penosil.com\/lv\/produkt\/sealant-remover-990\/#primaryimage\"},\"thumbnailUrl\":\"https:\/\/penosil.com\/lv\/wp-content\/uploads\/sites\/31\/2025\/05\/990_Sealant_Remover_990_ENG.png\",\"datePublished\":\"2025-05-08T08:41:14+00:00\",\"dateModified\":\"2026-04-01T09:56:59+00:00\",\"description\":\"PENOSIL\u00a0Sealant Remover 990\u00a0ir sp\u0113c\u012bgs t\u012br\u012bt\u0101js, kas no da\u017e\u0101d\u0101m virsm\u0101m no\u0146em saciet\u0113ju\u0161us herm\u0113ti\u0137us, silikonus, l\u012bmes, taukus, e\u013c\u013cu....p\u0113rc \u0161eit!\",\"breadcrumb\":{\"@id\":\"https:\/\/penosil.com\/lv\/produkt\/sealant-remover-990\/#breadcrumb\"},\"inLanguage\":\"lv-LV\",\"potentialAction\":[{\"@type\":\"ReadAction\",\"target\":[\"https:\/\/penosil.com\/lv\/produkt\/sealant-remover-990\/\"]}]},{\"@type\":\"ImageObject\",\"inLanguage\":\"lv-LV\",\"@id\":\"https:\/\/penosil.com\/lv\/produkt\/sealant-remover-990\/#primaryimage\",\"url\":\"https:\/\/penosil.com\/lv\/wp-content\/uploads\/sites\/31\/2025\/05\/990_Sealant_Remover_990_ENG.png\",\"contentUrl\":\"https:\/\/penosil.com\/lv\/wp-content\/uploads\/sites\/31\/2025\/05\/990_Sealant_Remover_990_ENG.png\",\"width\":523,\"height\":1080},{\"@type\":\"BreadcrumbList\",\"@id\":\"https:\/\/penosil.com\/lv\/produkt\/sealant-remover-990\/#breadcrumb\",\"itemListElement\":[{\"@type\":\"ListItem\",\"position\":1,\"name\":\"S\u0101kums\",\"item\":\"https:\/\/penosil.com\/lv\/\"},{\"@type\":\"ListItem\",\"position\":2,\"name\":\"Produkti\",\"item\":\"https:\/\/penosil.com\/lv\/produkti\/\"},{\"@type\":\"ListItem\",\"position\":3,\"name\":\"Sealant Remover 990\"}]},{\"@type\":\"WebSite\",\"@id\":\"https:\/\/penosil.com\/lv\/#website\",\"url\":\"https:\/\/penosil.com\/lv\/\",\"name\":\"Penosil Latvia\",\"description\":\"\",\"potentialAction\":[{\"@type\":\"SearchAction\",\"target\":{\"@type\":\"EntryPoint\",\"urlTemplate\":\"https:\/\/penosil.com\/lv\/?s={search_term_string}\"},\"query-input\":{\"@type\":\"PropertyValueSpecification\",\"valueRequired\":true,\"valueName\":\"search_term_string\"}}],\"inLanguage\":\"lv-LV\"}]}<\/script>\n<!-- \/ Yoast SEO plugin. -->","yoast_head_json":{"title":"Sealant Remover 990 - Penosil Latvia","description":"PENOSIL\u00a0Sealant Remover 990\u00a0ir sp\u0113c\u012bgs t\u012br\u012bt\u0101js, kas no da\u017e\u0101d\u0101m virsm\u0101m no\u0146em saciet\u0113ju\u0161us herm\u0113ti\u0137us, silikonus, l\u012bmes, taukus, e\u013c\u013cu....p\u0113rc \u0161eit!","robots":{"index":"index","follow":"follow","max-snippet":"max-snippet:-1","max-image-preview":"max-image-preview:large","max-video-preview":"max-video-preview:-1"},"canonical":"https:\/\/penosil.com\/lv\/produkt\/sealant-remover-990\/","og_locale":"lv_LV","og_type":"article","og_title":"Sealant Remover 990 - Penosil Latvia","og_description":"PENOSIL\u00a0Sealant Remover 990\u00a0ir sp\u0113c\u012bgs t\u012br\u012bt\u0101js, kas no da\u017e\u0101d\u0101m virsm\u0101m no\u0146em saciet\u0113ju\u0161us herm\u0113ti\u0137us, silikonus, l\u012bmes, taukus, e\u013c\u013cu....p\u0113rc \u0161eit!","og_url":"https:\/\/penosil.com\/lv\/produkt\/sealant-remover-990\/","og_site_name":"Penosil Latvia","article_modified_time":"2026-04-01T09:56:59+00:00","og_image":[{"width":523,"height":1080,"url":"https:\/\/penosil.com\/lv\/wp-content\/uploads\/sites\/31\/2025\/05\/990_Sealant_Remover_990_ENG.png","type":"image\/png"}],"twitter_card":"summary_large_image","twitter_misc":{"Est. reading time":"4 minutes"},"schema":{"@context":"https:\/\/schema.org","@graph":[{"@type":"WebPage","@id":"https:\/\/penosil.com\/lv\/produkt\/sealant-remover-990\/","url":"https:\/\/penosil.com\/lv\/produkt\/sealant-remover-990\/","name":"Sealant Remover 990 - Penosil Latvia","isPartOf":{"@id":"https:\/\/penosil.com\/lv\/#website"},"primaryImageOfPage":{"@id":"https:\/\/penosil.com\/lv\/produkt\/sealant-remover-990\/#primaryimage"},"image":{"@id":"https:\/\/penosil.com\/lv\/produkt\/sealant-remover-990\/#primaryimage"},"thumbnailUrl":"https:\/\/penosil.com\/lv\/wp-content\/uploads\/sites\/31\/2025\/05\/990_Sealant_Remover_990_ENG.png","datePublished":"2025-05-08T08:41:14+00:00","dateModified":"2026-04-01T09:56:59+00:00","description":"PENOSIL\u00a0Sealant Remover 990\u00a0ir sp\u0113c\u012bgs t\u012br\u012bt\u0101js, kas no da\u017e\u0101d\u0101m virsm\u0101m no\u0146em saciet\u0113ju\u0161us herm\u0113ti\u0137us, silikonus, l\u012bmes, taukus, e\u013c\u013cu....p\u0113rc \u0161eit!","breadcrumb":{"@id":"https:\/\/penosil.com\/lv\/produkt\/sealant-remover-990\/#breadcrumb"},"inLanguage":"lv-LV","potentialAction":[{"@type":"ReadAction","target":["https:\/\/penosil.com\/lv\/produkt\/sealant-remover-990\/"]}]},{"@type":"ImageObject","inLanguage":"lv-LV","@id":"https:\/\/penosil.com\/lv\/produkt\/sealant-remover-990\/#primaryimage","url":"https:\/\/penosil.com\/lv\/wp-content\/uploads\/sites\/31\/2025\/05\/990_Sealant_Remover_990_ENG.png","contentUrl":"https:\/\/penosil.com\/lv\/wp-content\/uploads\/sites\/31\/2025\/05\/990_Sealant_Remover_990_ENG.png","width":523,"height":1080},{"@type":"BreadcrumbList","@id":"https:\/\/penosil.com\/lv\/produkt\/sealant-remover-990\/#breadcrumb","itemListElement":[{"@type":"ListItem","position":1,"name":"S\u0101kums","item":"https:\/\/penosil.com\/lv\/"},{"@type":"ListItem","position":2,"name":"Produkti","item":"https:\/\/penosil.com\/lv\/produkti\/"},{"@type":"ListItem","position":3,"name":"Sealant Remover 990"}]},{"@type":"WebSite","@id":"https:\/\/penosil.com\/lv\/#website","url":"https:\/\/penosil.com\/lv\/","name":"Penosil Latvia","description":"","potentialAction":[{"@type":"SearchAction","target":{"@type":"EntryPoint","urlTemplate":"https:\/\/penosil.com\/lv\/?s={search_term_string}"},"query-input":{"@type":"PropertyValueSpecification","valueRequired":true,"valueName":"search_term_string"}}],"inLanguage":"lv-LV"}]}},"featured_img":"https:\/\/penosil.com\/lv\/wp-content\/uploads\/sites\/31\/2025\/05\/990_Sealant_Remover_990_ENG.png","coauthors":[],"author_meta":{"author_link":"https:\/\/penosil.com\/lv\/author\/olgakucmasova\/","display_name":"olgakucmasova"},"relative_dates":{"created":"Posted 11 months ago","modified":"Updated 2 weeks ago"},"absolute_dates":{"created":"Posted on May 8, 2025","modified":"Updated on April 1, 2026"},"absolute_dates_time":{"created":"Posted on May 8, 2025 8:41 am","modified":"Updated on April 1, 2026 9:56 am"},"featured_img_caption":"","tax_additional":{"product_brand":{"linked":[],"unlinked":[],"slug":"product_brand","name":"Brands"},"product_type":{"linked":["<a href=\"https:\/\/penosil.com\/lv\/?taxonomy=product_type&#038;term=simple\" class=\"advgb-post-tax-term\">simple<\/a>"],"unlinked":["<span class=\"advgb-post-tax-term\">simple<\/span>"],"slug":"product_type","name":"Product type"},"product_visibility":{"linked":[],"unlinked":[],"slug":"product_visibility","name":"Product visibility"},"product_cat":{"linked":["<a href=\"https:\/\/penosil.com\/lv\/produkti\/produktu-grupas\/tiritaji-un-instrumenti\/tiritaji\/\" class=\"advgb-post-tax-term\">T\u012br\u012bt\u0101ji<\/a>","<a href=\"https:\/\/penosil.com\/lv\/produkti\/produktu-grupas\/hermetiki-un-mastikas\/\" class=\"advgb-post-tax-term\">Herm\u0113ti\u0137i un mastikas<\/a>","<a href=\"https:\/\/penosil.com\/lv\/produkti\/produktu-grupas\/tiritaji-un-instrumenti\/\" class=\"advgb-post-tax-term\">T\u012br\u012bt\u0101ji un instrumenti<\/a>","<a href=\"https:\/\/penosil.com\/lv\/produkti\/produktu-grupas\/hermetiki-un-mastikas\/hermetiku-pistoles-un-tiritaji\/\" class=\"advgb-post-tax-term\">Herm\u0113ti\u0137u pistoles un t\u012br\u012bt\u0101ji<\/a>","<a href=\"https:\/\/penosil.com\/lv\/produkti\/pielietojums\/tirisana\/\" class=\"advgb-post-tax-term\">T\u012br\u012b\u0161ana<\/a>"],"unlinked":["<span class=\"advgb-post-tax-term\">T\u012br\u012bt\u0101ji<\/span>","<span class=\"advgb-post-tax-term\">Herm\u0113ti\u0137i un mastikas<\/span>","<span class=\"advgb-post-tax-term\">T\u012br\u012bt\u0101ji un instrumenti<\/span>","<span class=\"advgb-post-tax-term\">Herm\u0113ti\u0137u pistoles un t\u012br\u012bt\u0101ji<\/span>","<span class=\"advgb-post-tax-term\">T\u012br\u012b\u0161ana<\/span>"],"slug":"product_cat","name":"Product categories"},"product_tag":{"linked":[],"unlinked":[],"slug":"product_tag","name":"Product tags"},"product_shipping_class":{"linked":[],"unlinked":[],"slug":"product_shipping_class","name":"Product shipping classes"},"pos_product_visibility":{"linked":[],"unlinked":[],"slug":"pos_product_visibility","name":"POS Product visibility"},"pa_color":{"linked":["<a href=\"https:\/\/penosil.com\/lv\/?taxonomy=pa_color&#038;term=transparent-lv-2\" class=\"advgb-post-tax-term\">Caursp\u012bd\u012bgs<\/a>"],"unlinked":["<span class=\"advgb-post-tax-term\">Caursp\u012bd\u012bgs<\/span>"],"slug":"pa_color","name":"Product Colour"},"pa_diameter":{"linked":[],"unlinked":[],"slug":"pa_diameter","name":"Product Diameter"},"pa_package":{"linked":[],"unlinked":[],"slug":"pa_package","name":"Product Package"},"pa_roll":{"linked":[],"unlinked":[],"slug":"pa_roll","name":"Product Roll"},"pa_widths":{"linked":[],"unlinked":[],"slug":"pa_widths","name":"Product Widths"},"translation_priority":{"linked":["<a href=\"https:\/\/penosil.com\/lv\/?taxonomy=translation_priority&#038;term=optional-lv\" class=\"advgb-post-tax-term\">Optional<\/a>"],"unlinked":["<span class=\"advgb-post-tax-term\">Optional<\/span>"],"slug":"translation_priority","name":"Translation Priorities"}},"series_order":"","_links":{"self":[{"href":"https:\/\/penosil.com\/lv\/wp-json\/wp\/v2\/product\/31754","targetHints":{"allow":["GET"]}}],"collection":[{"href":"https:\/\/penosil.com\/lv\/wp-json\/wp\/v2\/product"}],"about":[{"href":"https:\/\/penosil.com\/lv\/wp-json\/wp\/v2\/types\/product"}],"version-history":[{"count":9,"href":"https:\/\/penosil.com\/lv\/wp-json\/wp\/v2\/product\/31754\/revisions"}],"predecessor-version":[{"id":32873,"href":"https:\/\/penosil.com\/lv\/wp-json\/wp\/v2\/product\/31754\/revisions\/32873"}],"wp:featuredmedia":[{"embeddable":true,"href":"https:\/\/penosil.com\/lv\/wp-json\/wp\/v2\/media\/31755"}],"wp:attachment":[{"href":"https:\/\/penosil.com\/lv\/wp-json\/wp\/v2\/media?parent=31754"}],"wp:term":[{"taxonomy":"product_brand","embeddable":true,"href":"https:\/\/penosil.com\/lv\/wp-json\/wp\/v2\/product_brand?post=31754"},{"taxonomy":"product_cat","embeddable":true,"href":"https:\/\/penosil.com\/lv\/wp-json\/wp\/v2\/product_cat?post=31754"},{"taxonomy":"product_tag","embeddable":true,"href":"https:\/\/penosil.com\/lv\/wp-json\/wp\/v2\/product_tag?post=31754"}],"curies":[{"name":"wp","href":"https:\/\/api.w.org\/{rel}","templated":true}]}}