{"id":32625,"date":"2025-08-19T13:13:15","date_gmt":"2025-08-19T13:13:15","guid":{"rendered":"https:\/\/penosil.com\/lv\/?post_type=product&#038;p=32625"},"modified":"2026-04-16T12:43:34","modified_gmt":"2026-04-16T12:43:34","slug":"electrofoam-220v","status":"publish","type":"product","link":"https:\/\/penosil.com\/lv\/produkt\/electrofoam-220v\/","title":{"rendered":"ElectroFoam 220V"},"content":{"rendered":"<p>PENOSIL\u00a0ElectroFoam 220V ir PU pisto\u013cputas ar \u012bpa\u0161u EasyGun aplikatoru elektroinstal\u0101cijas un bl\u012bv\u0113\u0161anas darbiem.\u00a0\u0100tr\u0101 saciet\u0113\u0161ana un zem\u0101 izple\u0161an\u0101s sp\u0113ja padara \u0161\u012bs PU putas \u012bpa\u0161i piem\u0113rotas elektrosadales k\u0101rbu un gofr\u0113to cauru\u013cu izol\u0101cijas darbiem uz m\u016bra un \u0123ip\u0161kartona virsm\u0101m.<\/p>\n","protected":false},"excerpt":{"rendered":"PENOSIL\u00a0ElectroFoam 220V ir PU pisto\u013cputas ar \u012bpa\u0161u EasyGun aplikatoru elektroinstal\u0101cijas un bl\u012bv\u0113\u0161anas darbiem.\u00a0\u0100tr\u0101 saciet\u0113\u0161ana un zem\u0101 izple\u0161an\u0101s sp\u0113ja padara \u0161\u012bs PU putas \u012bpa\u0161i piem\u0113rotas elektrosadales k\u0101rbu un gofr\u0113to cauru\u013cu izol\u0101cijas darbiem uz m\u016bra un \u0123ip\u0161kartona virsm\u0101m.","protected":false},"author":18,"featured_media":32626,"template":"","meta":{"_acf_changed":false,"advgb_blocks_editor_width":"","advgb_blocks_columns_visual_guide":"","footnotes":""},"product_brand":[],"product_cat":[1500,1519,661],"product_tag":[],"class_list":{"0":"post-32625","1":"product","2":"type-product","3":"status-publish","4":"has-post-thumbnail","6":"product_cat-celtniecibas-putas","7":"product_cat-easygun-putas","8":"product_cat-ugunsdrosiba-augsta-temperatura","10":"first","11":"instock","12":"taxable","13":"shipping-taxable","14":"purchasable","15":"product-type-simple"},"acf":[],"yoast_head":"<!-- This site is optimized with the Yoast SEO plugin v27.2 - https:\/\/yoast.com\/product\/yoast-seo-wordpress\/ -->\n<title>ElectroFoam 220V - putas elektroinstal\u0101cijas un bl\u012bv\u0113\u0161anas darbiem<\/title>\n<meta name=\"description\" content=\"PENOSIL\u00a0ElectroFoam 220V ir PU pisto\u013cputas ar \u012bpa\u0161u EasyGun aplikatoru elektroinstal\u0101cijas un bl\u012bv\u0113\u0161anas darbiem.\u00a0Uzzini vair\u0137a un p\u0113rc \u0161eit!\" \/>\n<meta name=\"robots\" content=\"index, follow, max-snippet:-1, max-image-preview:large, max-video-preview:-1\" \/>\n<link rel=\"canonical\" href=\"https:\/\/penosil.com\/lv\/produkt\/electrofoam-220v\/\" \/>\n<meta property=\"og:locale\" content=\"lv_LV\" \/>\n<meta property=\"og:type\" content=\"article\" \/>\n<meta property=\"og:title\" content=\"ElectroFoam 220V - putas elektroinstal\u0101cijas un bl\u012bv\u0113\u0161anas darbiem\" \/>\n<meta property=\"og:description\" content=\"PENOSIL\u00a0ElectroFoam 220V ir PU pisto\u013cputas ar \u012bpa\u0161u EasyGun aplikatoru elektroinstal\u0101cijas un bl\u012bv\u0113\u0161anas darbiem.\u00a0Uzzini vair\u0137a un p\u0113rc \u0161eit!\" \/>\n<meta property=\"og:url\" content=\"https:\/\/penosil.com\/lv\/produkt\/electrofoam-220v\/\" \/>\n<meta property=\"og:site_name\" content=\"Penosil Latvia\" \/>\n<meta property=\"article:modified_time\" content=\"2026-04-16T12:43:34+00:00\" \/>\n<meta property=\"og:image\" content=\"https:\/\/penosil.com\/lv\/wp-content\/uploads\/sites\/31\/2025\/08\/220_ElectroFoam_220V_LT_LV_RU.png\" \/>\n\t<meta property=\"og:image:width\" content=\"523\" \/>\n\t<meta property=\"og:image:height\" content=\"1080\" \/>\n\t<meta property=\"og:image:type\" content=\"image\/png\" \/>\n<meta name=\"twitter:card\" content=\"summary_large_image\" \/>\n<meta name=\"twitter:label1\" content=\"Est. reading time\" \/>\n\t<meta name=\"twitter:data1\" content=\"6 minutes\" \/>\n<script type=\"application\/ld+json\" class=\"yoast-schema-graph\">{\"@context\":\"https:\/\/schema.org\",\"@graph\":[{\"@type\":\"WebPage\",\"@id\":\"https:\/\/penosil.com\/lv\/produkt\/electrofoam-220v\/\",\"url\":\"https:\/\/penosil.com\/lv\/produkt\/electrofoam-220v\/\",\"name\":\"ElectroFoam 220V - putas elektroinstal\u0101cijas un bl\u012bv\u0113\u0161anas darbiem\",\"isPartOf\":{\"@id\":\"https:\/\/penosil.com\/lv\/#website\"},\"primaryImageOfPage\":{\"@id\":\"https:\/\/penosil.com\/lv\/produkt\/electrofoam-220v\/#primaryimage\"},\"image\":{\"@id\":\"https:\/\/penosil.com\/lv\/produkt\/electrofoam-220v\/#primaryimage\"},\"thumbnailUrl\":\"https:\/\/penosil.com\/lv\/wp-content\/uploads\/sites\/31\/2025\/08\/220_ElectroFoam_220V_LT_LV_RU.png\",\"datePublished\":\"2025-08-19T13:13:15+00:00\",\"dateModified\":\"2026-04-16T12:43:34+00:00\",\"description\":\"PENOSIL\u00a0ElectroFoam 220V ir PU pisto\u013cputas ar \u012bpa\u0161u EasyGun aplikatoru elektroinstal\u0101cijas un bl\u012bv\u0113\u0161anas darbiem.\u00a0Uzzini vair\u0137a un p\u0113rc \u0161eit!\",\"breadcrumb\":{\"@id\":\"https:\/\/penosil.com\/lv\/produkt\/electrofoam-220v\/#breadcrumb\"},\"inLanguage\":\"lv-LV\",\"potentialAction\":[{\"@type\":\"ReadAction\",\"target\":[\"https:\/\/penosil.com\/lv\/produkt\/electrofoam-220v\/\"]}]},{\"@type\":\"ImageObject\",\"inLanguage\":\"lv-LV\",\"@id\":\"https:\/\/penosil.com\/lv\/produkt\/electrofoam-220v\/#primaryimage\",\"url\":\"https:\/\/penosil.com\/lv\/wp-content\/uploads\/sites\/31\/2025\/08\/220_ElectroFoam_220V_LT_LV_RU.png\",\"contentUrl\":\"https:\/\/penosil.com\/lv\/wp-content\/uploads\/sites\/31\/2025\/08\/220_ElectroFoam_220V_LT_LV_RU.png\",\"width\":523,\"height\":1080},{\"@type\":\"BreadcrumbList\",\"@id\":\"https:\/\/penosil.com\/lv\/produkt\/electrofoam-220v\/#breadcrumb\",\"itemListElement\":[{\"@type\":\"ListItem\",\"position\":1,\"name\":\"S\u0101kums\",\"item\":\"https:\/\/penosil.com\/lv\/\"},{\"@type\":\"ListItem\",\"position\":2,\"name\":\"Produkti\",\"item\":\"https:\/\/penosil.com\/lv\/produkti\/\"},{\"@type\":\"ListItem\",\"position\":3,\"name\":\"ElectroFoam 220V\"}]},{\"@type\":\"WebSite\",\"@id\":\"https:\/\/penosil.com\/lv\/#website\",\"url\":\"https:\/\/penosil.com\/lv\/\",\"name\":\"Penosil Latvia\",\"description\":\"\",\"potentialAction\":[{\"@type\":\"SearchAction\",\"target\":{\"@type\":\"EntryPoint\",\"urlTemplate\":\"https:\/\/penosil.com\/lv\/?s={search_term_string}\"},\"query-input\":{\"@type\":\"PropertyValueSpecification\",\"valueRequired\":true,\"valueName\":\"search_term_string\"}}],\"inLanguage\":\"lv-LV\"}]}<\/script>\n<!-- \/ Yoast SEO plugin. -->","yoast_head_json":{"title":"ElectroFoam 220V - putas elektroinstal\u0101cijas un bl\u012bv\u0113\u0161anas darbiem","description":"PENOSIL\u00a0ElectroFoam 220V ir PU pisto\u013cputas ar \u012bpa\u0161u EasyGun aplikatoru elektroinstal\u0101cijas un bl\u012bv\u0113\u0161anas darbiem.\u00a0Uzzini vair\u0137a un p\u0113rc \u0161eit!","robots":{"index":"index","follow":"follow","max-snippet":"max-snippet:-1","max-image-preview":"max-image-preview:large","max-video-preview":"max-video-preview:-1"},"canonical":"https:\/\/penosil.com\/lv\/produkt\/electrofoam-220v\/","og_locale":"lv_LV","og_type":"article","og_title":"ElectroFoam 220V - putas elektroinstal\u0101cijas un bl\u012bv\u0113\u0161anas darbiem","og_description":"PENOSIL\u00a0ElectroFoam 220V ir PU pisto\u013cputas ar \u012bpa\u0161u EasyGun aplikatoru elektroinstal\u0101cijas un bl\u012bv\u0113\u0161anas darbiem.\u00a0Uzzini vair\u0137a un p\u0113rc \u0161eit!","og_url":"https:\/\/penosil.com\/lv\/produkt\/electrofoam-220v\/","og_site_name":"Penosil Latvia","article_modified_time":"2026-04-16T12:43:34+00:00","og_image":[{"width":523,"height":1080,"url":"https:\/\/penosil.com\/lv\/wp-content\/uploads\/sites\/31\/2025\/08\/220_ElectroFoam_220V_LT_LV_RU.png","type":"image\/png"}],"twitter_card":"summary_large_image","twitter_misc":{"Est. reading time":"6 minutes"},"schema":{"@context":"https:\/\/schema.org","@graph":[{"@type":"WebPage","@id":"https:\/\/penosil.com\/lv\/produkt\/electrofoam-220v\/","url":"https:\/\/penosil.com\/lv\/produkt\/electrofoam-220v\/","name":"ElectroFoam 220V - putas elektroinstal\u0101cijas un bl\u012bv\u0113\u0161anas darbiem","isPartOf":{"@id":"https:\/\/penosil.com\/lv\/#website"},"primaryImageOfPage":{"@id":"https:\/\/penosil.com\/lv\/produkt\/electrofoam-220v\/#primaryimage"},"image":{"@id":"https:\/\/penosil.com\/lv\/produkt\/electrofoam-220v\/#primaryimage"},"thumbnailUrl":"https:\/\/penosil.com\/lv\/wp-content\/uploads\/sites\/31\/2025\/08\/220_ElectroFoam_220V_LT_LV_RU.png","datePublished":"2025-08-19T13:13:15+00:00","dateModified":"2026-04-16T12:43:34+00:00","description":"PENOSIL\u00a0ElectroFoam 220V ir PU pisto\u013cputas ar \u012bpa\u0161u EasyGun aplikatoru elektroinstal\u0101cijas un bl\u012bv\u0113\u0161anas darbiem.\u00a0Uzzini vair\u0137a un p\u0113rc \u0161eit!","breadcrumb":{"@id":"https:\/\/penosil.com\/lv\/produkt\/electrofoam-220v\/#breadcrumb"},"inLanguage":"lv-LV","potentialAction":[{"@type":"ReadAction","target":["https:\/\/penosil.com\/lv\/produkt\/electrofoam-220v\/"]}]},{"@type":"ImageObject","inLanguage":"lv-LV","@id":"https:\/\/penosil.com\/lv\/produkt\/electrofoam-220v\/#primaryimage","url":"https:\/\/penosil.com\/lv\/wp-content\/uploads\/sites\/31\/2025\/08\/220_ElectroFoam_220V_LT_LV_RU.png","contentUrl":"https:\/\/penosil.com\/lv\/wp-content\/uploads\/sites\/31\/2025\/08\/220_ElectroFoam_220V_LT_LV_RU.png","width":523,"height":1080},{"@type":"BreadcrumbList","@id":"https:\/\/penosil.com\/lv\/produkt\/electrofoam-220v\/#breadcrumb","itemListElement":[{"@type":"ListItem","position":1,"name":"S\u0101kums","item":"https:\/\/penosil.com\/lv\/"},{"@type":"ListItem","position":2,"name":"Produkti","item":"https:\/\/penosil.com\/lv\/produkti\/"},{"@type":"ListItem","position":3,"name":"ElectroFoam 220V"}]},{"@type":"WebSite","@id":"https:\/\/penosil.com\/lv\/#website","url":"https:\/\/penosil.com\/lv\/","name":"Penosil Latvia","description":"","potentialAction":[{"@type":"SearchAction","target":{"@type":"EntryPoint","urlTemplate":"https:\/\/penosil.com\/lv\/?s={search_term_string}"},"query-input":{"@type":"PropertyValueSpecification","valueRequired":true,"valueName":"search_term_string"}}],"inLanguage":"lv-LV"}]}},"featured_img":"https:\/\/penosil.com\/lv\/wp-content\/uploads\/sites\/31\/2025\/08\/220_ElectroFoam_220V_LT_LV_RU.png","coauthors":[],"author_meta":{"author_link":"https:\/\/penosil.com\/lv\/author\/olgakucmasova\/","display_name":"olgakucmasova"},"relative_dates":{"created":"Posted 8 months ago","modified":"Updated 3 days ago"},"absolute_dates":{"created":"Posted on August 19, 2025","modified":"Updated on April 16, 2026"},"absolute_dates_time":{"created":"Posted on August 19, 2025 1:13 pm","modified":"Updated on April 16, 2026 12:43 pm"},"featured_img_caption":"","tax_additional":{"product_brand":{"linked":[],"unlinked":[],"slug":"product_brand","name":"Brands"},"product_type":{"linked":["<a href=\"https:\/\/penosil.com\/lv\/?taxonomy=product_type&#038;term=simple\" class=\"advgb-post-tax-term\">simple<\/a>"],"unlinked":["<span class=\"advgb-post-tax-term\">simple<\/span>"],"slug":"product_type","name":"Product type"},"product_visibility":{"linked":[],"unlinked":[],"slug":"product_visibility","name":"Product visibility"},"product_cat":{"linked":["<a href=\"https:\/\/penosil.com\/lv\/produkti\/produktu-grupas\/celtniecibas-putas\/\" class=\"advgb-post-tax-term\">Celtniec\u012bbas putas<\/a>","<a href=\"https:\/\/penosil.com\/lv\/produkti\/produktu-grupas\/celtniecibas-putas\/easygun-putas\/\" class=\"advgb-post-tax-term\">Easygun putas<\/a>","<a href=\"https:\/\/penosil.com\/lv\/produkti\/pielietojums\/ugunsdrosiba-augsta-temperatura\/\" class=\"advgb-post-tax-term\">Ugunsdro\u0161\u012bba \/ Augsta temperat\u016bra<\/a>"],"unlinked":["<span class=\"advgb-post-tax-term\">Celtniec\u012bbas putas<\/span>","<span class=\"advgb-post-tax-term\">Easygun putas<\/span>","<span class=\"advgb-post-tax-term\">Ugunsdro\u0161\u012bba \/ Augsta temperat\u016bra<\/span>"],"slug":"product_cat","name":"Product categories"},"product_tag":{"linked":[],"unlinked":[],"slug":"product_tag","name":"Product tags"},"product_shipping_class":{"linked":[],"unlinked":[],"slug":"product_shipping_class","name":"Product shipping classes"},"pos_product_visibility":{"linked":[],"unlinked":[],"slug":"pos_product_visibility","name":"POS Product visibility"},"pa_color":{"linked":["<a href=\"https:\/\/penosil.com\/lv\/?taxonomy=pa_color&#038;term=light-yellow-lv\" class=\"advgb-post-tax-term\">Gai\u0161i dzeltens<\/a>"],"unlinked":["<span class=\"advgb-post-tax-term\">Gai\u0161i dzeltens<\/span>"],"slug":"pa_color","name":"Product Colour"},"pa_diameter":{"linked":[],"unlinked":[],"slug":"pa_diameter","name":"Product Diameter"},"pa_package":{"linked":["<a href=\"https:\/\/penosil.com\/lv\/?taxonomy=pa_package&#038;term=1000-ml-lv-2\" class=\"advgb-post-tax-term\">1000 ml<\/a>"],"unlinked":["<span class=\"advgb-post-tax-term\">1000 ml<\/span>"],"slug":"pa_package","name":"Product Package"},"pa_roll":{"linked":[],"unlinked":[],"slug":"pa_roll","name":"Product Roll"},"pa_widths":{"linked":[],"unlinked":[],"slug":"pa_widths","name":"Product Widths"},"translation_priority":{"linked":["<a href=\"https:\/\/penosil.com\/lv\/?taxonomy=translation_priority&#038;term=optional-lv\" class=\"advgb-post-tax-term\">Optional<\/a>"],"unlinked":["<span class=\"advgb-post-tax-term\">Optional<\/span>"],"slug":"translation_priority","name":"Translation Priorities"}},"series_order":"","_links":{"self":[{"href":"https:\/\/penosil.com\/lv\/wp-json\/wp\/v2\/product\/32625","targetHints":{"allow":["GET"]}}],"collection":[{"href":"https:\/\/penosil.com\/lv\/wp-json\/wp\/v2\/product"}],"about":[{"href":"https:\/\/penosil.com\/lv\/wp-json\/wp\/v2\/types\/product"}],"version-history":[{"count":3,"href":"https:\/\/penosil.com\/lv\/wp-json\/wp\/v2\/product\/32625\/revisions"}],"predecessor-version":[{"id":32811,"href":"https:\/\/penosil.com\/lv\/wp-json\/wp\/v2\/product\/32625\/revisions\/32811"}],"wp:featuredmedia":[{"embeddable":true,"href":"https:\/\/penosil.com\/lv\/wp-json\/wp\/v2\/media\/32626"}],"wp:attachment":[{"href":"https:\/\/penosil.com\/lv\/wp-json\/wp\/v2\/media?parent=32625"}],"wp:term":[{"taxonomy":"product_brand","embeddable":true,"href":"https:\/\/penosil.com\/lv\/wp-json\/wp\/v2\/product_brand?post=32625"},{"taxonomy":"product_cat","embeddable":true,"href":"https:\/\/penosil.com\/lv\/wp-json\/wp\/v2\/product_cat?post=32625"},{"taxonomy":"product_tag","embeddable":true,"href":"https:\/\/penosil.com\/lv\/wp-json\/wp\/v2\/product_tag?post=32625"}],"curies":[{"name":"wp","href":"https:\/\/api.w.org\/{rel}","templated":true}]}}