{"id":32877,"date":"2026-02-03T12:18:59","date_gmt":"2026-02-03T12:18:59","guid":{"rendered":"https:\/\/penosil.com\/lv\/?post_type=product&#038;p=32877"},"modified":"2026-02-25T15:53:54","modified_gmt":"2026-02-25T15:53:54","slug":"sprayfoam-pro-138","status":"publish","type":"product","link":"https:\/\/penosil.com\/lv\/produkt\/sprayfoam-pro-138\/","title":{"rendered":"SprayFoam Pro 138"},"content":{"rendered":"<p>PENOSIL SprayFoam 138 ir vienkomponenta izsmidzin\u0101mas putas, kas paredz\u0113tas nel\u012bdzenu, apa\u013cu un gr\u016bti sasniedzamu virsmu bl\u012bv\u0113\u0161anai un izol\u0101cijai. \u0100tri un \u0113rti lietojamas.<\/p>\n","protected":false},"excerpt":{"rendered":"Izsmidzin\u0101m\u0101s putas","protected":false},"author":18,"featured_media":32878,"template":"","meta":{"_acf_changed":false,"advgb_blocks_editor_width":"","advgb_blocks_columns_visual_guide":"","footnotes":""},"product_brand":[],"product_cat":[209,1365,1500,1082,2595],"product_tag":[],"class_list":{"0":"post-32877","1":"product","2":"type-product","3":"status-publish","4":"has-post-thumbnail","6":"product_cat-pielietojums","7":"product_cat-produktu-grupas","8":"product_cat-celtniecibas-putas","9":"product_cat-jumti-un-fasades-1","10":"product_cat-easyspray-putas","12":"first","13":"outofstock","14":"taxable","15":"shipping-taxable","16":"purchasable","17":"product-type-simple"},"acf":[],"yoast_head":"<!-- This site is optimized with the Yoast SEO plugin v27.2 - https:\/\/yoast.com\/product\/yoast-seo-wordpress\/ -->\n<title>PENOSIL SprayFoam Pro 138<\/title>\n<meta name=\"description\" content=\"PENOSIL SprayFoam 138 ir vienkomponenta izsmidzin\u0101mas putas, kas paredz\u0113tas nel\u012bdzenu, apa\u013cu un gr\u016bti sasniedzamu virsmu bl\u012bv\u0113\u0161anai...uzzin\u0101t vair\u0101k!\" \/>\n<meta name=\"robots\" content=\"index, follow, max-snippet:-1, max-image-preview:large, max-video-preview:-1\" \/>\n<link rel=\"canonical\" href=\"https:\/\/penosil.com\/lv\/produkt\/sprayfoam-pro-138\/\" \/>\n<meta property=\"og:locale\" content=\"lv_LV\" \/>\n<meta property=\"og:type\" content=\"article\" \/>\n<meta property=\"og:title\" content=\"PENOSIL SprayFoam Pro 138\" \/>\n<meta property=\"og:description\" content=\"PENOSIL SprayFoam 138 ir vienkomponenta izsmidzin\u0101mas putas, kas paredz\u0113tas nel\u012bdzenu, apa\u013cu un gr\u016bti sasniedzamu virsmu bl\u012bv\u0113\u0161anai...uzzin\u0101t vair\u0101k!\" \/>\n<meta property=\"og:url\" content=\"https:\/\/penosil.com\/lv\/produkt\/sprayfoam-pro-138\/\" \/>\n<meta property=\"og:site_name\" content=\"Penosil Latvia\" \/>\n<meta property=\"article:modified_time\" content=\"2026-02-25T15:53:54+00:00\" \/>\n<meta property=\"og:image\" content=\"https:\/\/penosil.com\/lv\/wp-content\/uploads\/sites\/31\/2026\/02\/138_SprayFoam_Pro_138_LT_LV_RU.png\" \/>\n\t<meta property=\"og:image:width\" content=\"523\" \/>\n\t<meta property=\"og:image:height\" content=\"1080\" \/>\n\t<meta property=\"og:image:type\" content=\"image\/png\" \/>\n<meta name=\"twitter:card\" content=\"summary_large_image\" \/>\n<meta name=\"twitter:label1\" content=\"Est. reading time\" \/>\n\t<meta name=\"twitter:data1\" content=\"6 minutes\" \/>\n<script type=\"application\/ld+json\" class=\"yoast-schema-graph\">{\"@context\":\"https:\/\/schema.org\",\"@graph\":[{\"@type\":\"WebPage\",\"@id\":\"https:\/\/penosil.com\/lv\/produkt\/sprayfoam-pro-138\/\",\"url\":\"https:\/\/penosil.com\/lv\/produkt\/sprayfoam-pro-138\/\",\"name\":\"PENOSIL SprayFoam Pro 138\",\"isPartOf\":{\"@id\":\"https:\/\/penosil.com\/lv\/#website\"},\"primaryImageOfPage\":{\"@id\":\"https:\/\/penosil.com\/lv\/produkt\/sprayfoam-pro-138\/#primaryimage\"},\"image\":{\"@id\":\"https:\/\/penosil.com\/lv\/produkt\/sprayfoam-pro-138\/#primaryimage\"},\"thumbnailUrl\":\"https:\/\/penosil.com\/lv\/wp-content\/uploads\/sites\/31\/2026\/02\/138_SprayFoam_Pro_138_LT_LV_RU.png\",\"datePublished\":\"2026-02-03T12:18:59+00:00\",\"dateModified\":\"2026-02-25T15:53:54+00:00\",\"description\":\"PENOSIL SprayFoam 138 ir vienkomponenta izsmidzin\u0101mas putas, kas paredz\u0113tas nel\u012bdzenu, apa\u013cu un gr\u016bti sasniedzamu virsmu bl\u012bv\u0113\u0161anai...uzzin\u0101t vair\u0101k!\",\"breadcrumb\":{\"@id\":\"https:\/\/penosil.com\/lv\/produkt\/sprayfoam-pro-138\/#breadcrumb\"},\"inLanguage\":\"lv-LV\",\"potentialAction\":[{\"@type\":\"ReadAction\",\"target\":[\"https:\/\/penosil.com\/lv\/produkt\/sprayfoam-pro-138\/\"]}]},{\"@type\":\"ImageObject\",\"inLanguage\":\"lv-LV\",\"@id\":\"https:\/\/penosil.com\/lv\/produkt\/sprayfoam-pro-138\/#primaryimage\",\"url\":\"https:\/\/penosil.com\/lv\/wp-content\/uploads\/sites\/31\/2026\/02\/138_SprayFoam_Pro_138_LT_LV_RU.png\",\"contentUrl\":\"https:\/\/penosil.com\/lv\/wp-content\/uploads\/sites\/31\/2026\/02\/138_SprayFoam_Pro_138_LT_LV_RU.png\",\"width\":523,\"height\":1080,\"caption\":\"SprayFoam 138 izsmidzin\u0101mas putas\"},{\"@type\":\"BreadcrumbList\",\"@id\":\"https:\/\/penosil.com\/lv\/produkt\/sprayfoam-pro-138\/#breadcrumb\",\"itemListElement\":[{\"@type\":\"ListItem\",\"position\":1,\"name\":\"S\u0101kums\",\"item\":\"https:\/\/penosil.com\/lv\/\"},{\"@type\":\"ListItem\",\"position\":2,\"name\":\"Produkti\",\"item\":\"https:\/\/penosil.com\/lv\/produkti\/\"},{\"@type\":\"ListItem\",\"position\":3,\"name\":\"SprayFoam Pro 138\"}]},{\"@type\":\"WebSite\",\"@id\":\"https:\/\/penosil.com\/lv\/#website\",\"url\":\"https:\/\/penosil.com\/lv\/\",\"name\":\"Penosil Latvia\",\"description\":\"\",\"potentialAction\":[{\"@type\":\"SearchAction\",\"target\":{\"@type\":\"EntryPoint\",\"urlTemplate\":\"https:\/\/penosil.com\/lv\/?s={search_term_string}\"},\"query-input\":{\"@type\":\"PropertyValueSpecification\",\"valueRequired\":true,\"valueName\":\"search_term_string\"}}],\"inLanguage\":\"lv-LV\"}]}<\/script>\n<!-- \/ Yoast SEO plugin. -->","yoast_head_json":{"title":"PENOSIL SprayFoam Pro 138","description":"PENOSIL SprayFoam 138 ir vienkomponenta izsmidzin\u0101mas putas, kas paredz\u0113tas nel\u012bdzenu, apa\u013cu un gr\u016bti sasniedzamu virsmu bl\u012bv\u0113\u0161anai...uzzin\u0101t vair\u0101k!","robots":{"index":"index","follow":"follow","max-snippet":"max-snippet:-1","max-image-preview":"max-image-preview:large","max-video-preview":"max-video-preview:-1"},"canonical":"https:\/\/penosil.com\/lv\/produkt\/sprayfoam-pro-138\/","og_locale":"lv_LV","og_type":"article","og_title":"PENOSIL SprayFoam Pro 138","og_description":"PENOSIL SprayFoam 138 ir vienkomponenta izsmidzin\u0101mas putas, kas paredz\u0113tas nel\u012bdzenu, apa\u013cu un gr\u016bti sasniedzamu virsmu bl\u012bv\u0113\u0161anai...uzzin\u0101t vair\u0101k!","og_url":"https:\/\/penosil.com\/lv\/produkt\/sprayfoam-pro-138\/","og_site_name":"Penosil Latvia","article_modified_time":"2026-02-25T15:53:54+00:00","og_image":[{"width":523,"height":1080,"url":"https:\/\/penosil.com\/lv\/wp-content\/uploads\/sites\/31\/2026\/02\/138_SprayFoam_Pro_138_LT_LV_RU.png","type":"image\/png"}],"twitter_card":"summary_large_image","twitter_misc":{"Est. reading time":"6 minutes"},"schema":{"@context":"https:\/\/schema.org","@graph":[{"@type":"WebPage","@id":"https:\/\/penosil.com\/lv\/produkt\/sprayfoam-pro-138\/","url":"https:\/\/penosil.com\/lv\/produkt\/sprayfoam-pro-138\/","name":"PENOSIL SprayFoam Pro 138","isPartOf":{"@id":"https:\/\/penosil.com\/lv\/#website"},"primaryImageOfPage":{"@id":"https:\/\/penosil.com\/lv\/produkt\/sprayfoam-pro-138\/#primaryimage"},"image":{"@id":"https:\/\/penosil.com\/lv\/produkt\/sprayfoam-pro-138\/#primaryimage"},"thumbnailUrl":"https:\/\/penosil.com\/lv\/wp-content\/uploads\/sites\/31\/2026\/02\/138_SprayFoam_Pro_138_LT_LV_RU.png","datePublished":"2026-02-03T12:18:59+00:00","dateModified":"2026-02-25T15:53:54+00:00","description":"PENOSIL SprayFoam 138 ir vienkomponenta izsmidzin\u0101mas putas, kas paredz\u0113tas nel\u012bdzenu, apa\u013cu un gr\u016bti sasniedzamu virsmu bl\u012bv\u0113\u0161anai...uzzin\u0101t vair\u0101k!","breadcrumb":{"@id":"https:\/\/penosil.com\/lv\/produkt\/sprayfoam-pro-138\/#breadcrumb"},"inLanguage":"lv-LV","potentialAction":[{"@type":"ReadAction","target":["https:\/\/penosil.com\/lv\/produkt\/sprayfoam-pro-138\/"]}]},{"@type":"ImageObject","inLanguage":"lv-LV","@id":"https:\/\/penosil.com\/lv\/produkt\/sprayfoam-pro-138\/#primaryimage","url":"https:\/\/penosil.com\/lv\/wp-content\/uploads\/sites\/31\/2026\/02\/138_SprayFoam_Pro_138_LT_LV_RU.png","contentUrl":"https:\/\/penosil.com\/lv\/wp-content\/uploads\/sites\/31\/2026\/02\/138_SprayFoam_Pro_138_LT_LV_RU.png","width":523,"height":1080,"caption":"SprayFoam 138 izsmidzin\u0101mas putas"},{"@type":"BreadcrumbList","@id":"https:\/\/penosil.com\/lv\/produkt\/sprayfoam-pro-138\/#breadcrumb","itemListElement":[{"@type":"ListItem","position":1,"name":"S\u0101kums","item":"https:\/\/penosil.com\/lv\/"},{"@type":"ListItem","position":2,"name":"Produkti","item":"https:\/\/penosil.com\/lv\/produkti\/"},{"@type":"ListItem","position":3,"name":"SprayFoam Pro 138"}]},{"@type":"WebSite","@id":"https:\/\/penosil.com\/lv\/#website","url":"https:\/\/penosil.com\/lv\/","name":"Penosil Latvia","description":"","potentialAction":[{"@type":"SearchAction","target":{"@type":"EntryPoint","urlTemplate":"https:\/\/penosil.com\/lv\/?s={search_term_string}"},"query-input":{"@type":"PropertyValueSpecification","valueRequired":true,"valueName":"search_term_string"}}],"inLanguage":"lv-LV"}]}},"featured_img":"https:\/\/penosil.com\/lv\/wp-content\/uploads\/sites\/31\/2026\/02\/138_SprayFoam_Pro_138_LT_LV_RU.png","coauthors":[],"author_meta":{"author_link":"https:\/\/penosil.com\/lv\/author\/olgakucmasova\/","display_name":"olgakucmasova"},"relative_dates":{"created":"Posted 2 months ago","modified":"Updated 2 months ago"},"absolute_dates":{"created":"Posted on February 3, 2026","modified":"Updated on February 25, 2026"},"absolute_dates_time":{"created":"Posted on February 3, 2026 12:18 pm","modified":"Updated on February 25, 2026 3:53 pm"},"featured_img_caption":"","tax_additional":{"product_brand":{"linked":[],"unlinked":[],"slug":"product_brand","name":"Brands"},"product_type":{"linked":["<a href=\"https:\/\/penosil.com\/lv\/?taxonomy=product_type&#038;term=simple\" class=\"advgb-post-tax-term\">simple<\/a>"],"unlinked":["<span class=\"advgb-post-tax-term\">simple<\/span>"],"slug":"product_type","name":"Product type"},"product_visibility":{"linked":["<a href=\"https:\/\/penosil.com\/lv\/en\/?taxonomy=product_visibility&#038;term=outofstock\" class=\"advgb-post-tax-term\">outofstock<\/a>"],"unlinked":["<span class=\"advgb-post-tax-term\">outofstock<\/span>"],"slug":"product_visibility","name":"Product visibility"},"product_cat":{"linked":["<a href=\"https:\/\/penosil.com\/lv\/produkti\/pielietojums\/\" class=\"advgb-post-tax-term\">Pielietojums<\/a>","<a href=\"https:\/\/penosil.com\/lv\/produkti\/produktu-grupas\/\" class=\"advgb-post-tax-term\">Produktu grupas<\/a>","<a href=\"https:\/\/penosil.com\/lv\/produkti\/produktu-grupas\/celtniecibas-putas\/\" class=\"advgb-post-tax-term\">Celtniec\u012bbas putas<\/a>","<a href=\"https:\/\/penosil.com\/lv\/produkti\/pielietojums\/jumti-un-fasades-1\/\" class=\"advgb-post-tax-term\">Jumti un fas\u0101des<\/a>","<a href=\"https:\/\/penosil.com\/lv\/produkti\/produktu-grupas\/celtniecibas-putas\/easyspray-putas\/\" class=\"advgb-post-tax-term\">EasySpray putas<\/a>"],"unlinked":["<span class=\"advgb-post-tax-term\">Pielietojums<\/span>","<span class=\"advgb-post-tax-term\">Produktu grupas<\/span>","<span class=\"advgb-post-tax-term\">Celtniec\u012bbas putas<\/span>","<span class=\"advgb-post-tax-term\">Jumti un fas\u0101des<\/span>","<span class=\"advgb-post-tax-term\">EasySpray putas<\/span>"],"slug":"product_cat","name":"Product categories"},"product_tag":{"linked":[],"unlinked":[],"slug":"product_tag","name":"Product tags"},"product_shipping_class":{"linked":[],"unlinked":[],"slug":"product_shipping_class","name":"Product shipping classes"},"pos_product_visibility":{"linked":[],"unlinked":[],"slug":"pos_product_visibility","name":"POS Product visibility"},"pa_color":{"linked":[],"unlinked":[],"slug":"pa_color","name":"Product Colour"},"pa_diameter":{"linked":[],"unlinked":[],"slug":"pa_diameter","name":"Product Diameter"},"pa_package":{"linked":[],"unlinked":[],"slug":"pa_package","name":"Product Package"},"pa_roll":{"linked":[],"unlinked":[],"slug":"pa_roll","name":"Product Roll"},"pa_widths":{"linked":[],"unlinked":[],"slug":"pa_widths","name":"Product Widths"},"translation_priority":{"linked":["<a href=\"https:\/\/penosil.com\/lv\/?taxonomy=translation_priority&#038;term=optional-lv\" class=\"advgb-post-tax-term\">Optional<\/a>"],"unlinked":["<span class=\"advgb-post-tax-term\">Optional<\/span>"],"slug":"translation_priority","name":"Translation Priorities"}},"series_order":"","_links":{"self":[{"href":"https:\/\/penosil.com\/lv\/wp-json\/wp\/v2\/product\/32877","targetHints":{"allow":["GET"]}}],"collection":[{"href":"https:\/\/penosil.com\/lv\/wp-json\/wp\/v2\/product"}],"about":[{"href":"https:\/\/penosil.com\/lv\/wp-json\/wp\/v2\/types\/product"}],"version-history":[{"count":2,"href":"https:\/\/penosil.com\/lv\/wp-json\/wp\/v2\/product\/32877\/revisions"}],"predecessor-version":[{"id":32883,"href":"https:\/\/penosil.com\/lv\/wp-json\/wp\/v2\/product\/32877\/revisions\/32883"}],"wp:featuredmedia":[{"embeddable":true,"href":"https:\/\/penosil.com\/lv\/wp-json\/wp\/v2\/media\/32878"}],"wp:attachment":[{"href":"https:\/\/penosil.com\/lv\/wp-json\/wp\/v2\/media?parent=32877"}],"wp:term":[{"taxonomy":"product_brand","embeddable":true,"href":"https:\/\/penosil.com\/lv\/wp-json\/wp\/v2\/product_brand?post=32877"},{"taxonomy":"product_cat","embeddable":true,"href":"https:\/\/penosil.com\/lv\/wp-json\/wp\/v2\/product_cat?post=32877"},{"taxonomy":"product_tag","embeddable":true,"href":"https:\/\/penosil.com\/lv\/wp-json\/wp\/v2\/product_tag?post=32877"}],"curies":[{"name":"wp","href":"https:\/\/api.w.org\/{rel}","templated":true}]}}