{"id":16,"date":"2019-07-24T11:47:37","date_gmt":"2019-07-24T11:47:37","guid":{"rendered":"https:\/\/penosil.com\/wish-list\/"},"modified":"2025-03-13T22:34:25","modified_gmt":"2025-03-13T22:34:25","slug":"moja-lista","status":"publish","type":"page","link":"https:\/\/penosil.com\/pl\/moja-lista\/","title":{"rendered":"Moja lista"},"content":{"rendered":"<p><span style=\"font-weight: 400;\">Zaznacz produkty, kt\u00f3rych potrzebujesz, i stw\u00f3rz swoj\u0105 spersonalizowan\u0105 list\u0119, kt\u00f3r\u0105 mo\u017cesz wydrukowa\u0107 lub wys\u0142a\u0107 e-mailem jako zam\u00f3wienie do swojego przedstawiciela PENOSIL.<\/span><\/p>\n","protected":false},"excerpt":{"rendered":"Zaznacz produkty, kt\u00f3rych potrzebujesz, i stw\u00f3rz swoj\u0105 spersonalizowan\u0105 list\u0119, kt\u00f3r\u0105 mo\u017cesz wydrukowa\u0107 lub wys\u0142a\u0107 e-mailem jako zam\u00f3wienie do swojego przedstawiciela PENOSIL.","protected":false},"author":1,"featured_media":0,"parent":0,"menu_order":378,"comment_status":"closed","ping_status":"closed","template":"page-templates\/template-wish-list.php","meta":{"_acf_changed":false,"advgb_blocks_editor_width":"","advgb_blocks_columns_visual_guide":"","footnotes":""},"class_list":["post-16","page","type-page","status-publish","hentry"],"acf":[],"yoast_head":"<!-- This site is optimized with the Yoast SEO plugin v27.2 - https:\/\/yoast.com\/product\/yoast-seo-wordpress\/ -->\n<title>Moja lista | PENOSIL Polska<\/title>\n<meta name=\"description\" content=\"Stw\u00f3rz swoj\u0105 list\u0119 produkt\u00f3w PENOSIL. Zaznacz produkty, kt\u00f3re chcesz obejrze\u0107 p\u00f3\u017aniej lub wy\u015blij je e-mailem. Dodaj produkty do swojej listy!\" \/>\n<meta name=\"robots\" content=\"index, follow, max-snippet:-1, max-image-preview:large, max-video-preview:-1\" \/>\n<link rel=\"canonical\" href=\"https:\/\/penosil.com\/pl\/moja-lista\/\" \/>\n<meta property=\"og:locale\" content=\"pl_PL\" \/>\n<meta property=\"og:type\" content=\"article\" \/>\n<meta property=\"og:title\" content=\"Moja lista | PENOSIL Polska\" \/>\n<meta property=\"og:description\" content=\"Stw\u00f3rz swoj\u0105 list\u0119 produkt\u00f3w PENOSIL. Zaznacz produkty, kt\u00f3re chcesz obejrze\u0107 p\u00f3\u017aniej lub wy\u015blij je e-mailem. Dodaj produkty do swojej listy!\" \/>\n<meta property=\"og:url\" content=\"https:\/\/penosil.com\/pl\/moja-lista\/\" \/>\n<meta property=\"og:site_name\" content=\"PENOSIL Polska\" \/>\n<meta property=\"article:modified_time\" content=\"2025-03-13T22:34:25+00:00\" \/>\n<meta name=\"twitter:card\" content=\"summary_large_image\" \/>\n<meta name=\"twitter:label1\" content=\"Szacowany czas czytania\" \/>\n\t<meta name=\"twitter:data1\" content=\"1 minuta\" \/>\n<script type=\"application\/ld+json\" class=\"yoast-schema-graph\">{\"@context\":\"https:\/\/schema.org\",\"@graph\":[{\"@type\":\"WebPage\",\"@id\":\"https:\/\/penosil.com\/pl\/moja-lista\/\",\"url\":\"https:\/\/penosil.com\/pl\/moja-lista\/\",\"name\":\"Moja lista | PENOSIL Polska\",\"isPartOf\":{\"@id\":\"https:\/\/penosil.com\/pl\/#website\"},\"datePublished\":\"2019-07-24T11:47:37+00:00\",\"dateModified\":\"2025-03-13T22:34:25+00:00\",\"description\":\"Stw\u00f3rz swoj\u0105 list\u0119 produkt\u00f3w PENOSIL. Zaznacz produkty, kt\u00f3re chcesz obejrze\u0107 p\u00f3\u017aniej lub wy\u015blij je e-mailem. Dodaj produkty do swojej listy!\",\"breadcrumb\":{\"@id\":\"https:\/\/penosil.com\/pl\/moja-lista\/#breadcrumb\"},\"inLanguage\":\"pl-PL\",\"potentialAction\":[{\"@type\":\"ReadAction\",\"target\":[\"https:\/\/penosil.com\/pl\/moja-lista\/\"]}]},{\"@type\":\"BreadcrumbList\",\"@id\":\"https:\/\/penosil.com\/pl\/moja-lista\/#breadcrumb\",\"itemListElement\":[{\"@type\":\"ListItem\",\"position\":1,\"name\":\"Home\",\"item\":\"https:\/\/penosil.com\/pl\/\"},{\"@type\":\"ListItem\",\"position\":2,\"name\":\"Moja lista\"}]},{\"@type\":\"WebSite\",\"@id\":\"https:\/\/penosil.com\/pl\/#website\",\"url\":\"https:\/\/penosil.com\/pl\/\",\"name\":\"PENOSIL Polska\",\"description\":\"\",\"potentialAction\":[{\"@type\":\"SearchAction\",\"target\":{\"@type\":\"EntryPoint\",\"urlTemplate\":\"https:\/\/penosil.com\/pl\/?s={search_term_string}\"},\"query-input\":{\"@type\":\"PropertyValueSpecification\",\"valueRequired\":true,\"valueName\":\"search_term_string\"}}],\"inLanguage\":\"pl-PL\"}]}<\/script>\n<!-- \/ Yoast SEO plugin. -->","yoast_head_json":{"title":"Moja lista | PENOSIL Polska","description":"Stw\u00f3rz swoj\u0105 list\u0119 produkt\u00f3w PENOSIL. Zaznacz produkty, kt\u00f3re chcesz obejrze\u0107 p\u00f3\u017aniej lub wy\u015blij je e-mailem. Dodaj produkty do swojej listy!","robots":{"index":"index","follow":"follow","max-snippet":"max-snippet:-1","max-image-preview":"max-image-preview:large","max-video-preview":"max-video-preview:-1"},"canonical":"https:\/\/penosil.com\/pl\/moja-lista\/","og_locale":"pl_PL","og_type":"article","og_title":"Moja lista | PENOSIL Polska","og_description":"Stw\u00f3rz swoj\u0105 list\u0119 produkt\u00f3w PENOSIL. Zaznacz produkty, kt\u00f3re chcesz obejrze\u0107 p\u00f3\u017aniej lub wy\u015blij je e-mailem. Dodaj produkty do swojej listy!","og_url":"https:\/\/penosil.com\/pl\/moja-lista\/","og_site_name":"PENOSIL Polska","article_modified_time":"2025-03-13T22:34:25+00:00","twitter_card":"summary_large_image","twitter_misc":{"Szacowany czas czytania":"1 minuta"},"schema":{"@context":"https:\/\/schema.org","@graph":[{"@type":"WebPage","@id":"https:\/\/penosil.com\/pl\/moja-lista\/","url":"https:\/\/penosil.com\/pl\/moja-lista\/","name":"Moja lista | PENOSIL Polska","isPartOf":{"@id":"https:\/\/penosil.com\/pl\/#website"},"datePublished":"2019-07-24T11:47:37+00:00","dateModified":"2025-03-13T22:34:25+00:00","description":"Stw\u00f3rz swoj\u0105 list\u0119 produkt\u00f3w PENOSIL. Zaznacz produkty, kt\u00f3re chcesz obejrze\u0107 p\u00f3\u017aniej lub wy\u015blij je e-mailem. Dodaj produkty do swojej listy!","breadcrumb":{"@id":"https:\/\/penosil.com\/pl\/moja-lista\/#breadcrumb"},"inLanguage":"pl-PL","potentialAction":[{"@type":"ReadAction","target":["https:\/\/penosil.com\/pl\/moja-lista\/"]}]},{"@type":"BreadcrumbList","@id":"https:\/\/penosil.com\/pl\/moja-lista\/#breadcrumb","itemListElement":[{"@type":"ListItem","position":1,"name":"Home","item":"https:\/\/penosil.com\/pl\/"},{"@type":"ListItem","position":2,"name":"Moja lista"}]},{"@type":"WebSite","@id":"https:\/\/penosil.com\/pl\/#website","url":"https:\/\/penosil.com\/pl\/","name":"PENOSIL Polska","description":"","potentialAction":[{"@type":"SearchAction","target":{"@type":"EntryPoint","urlTemplate":"https:\/\/penosil.com\/pl\/?s={search_term_string}"},"query-input":{"@type":"PropertyValueSpecification","valueRequired":true,"valueName":"search_term_string"}}],"inLanguage":"pl-PL"}]}},"coauthors":[],"author_meta":{"author_link":"https:\/\/penosil.com\/pl\/author\/reaktiiv-pe\/","display_name":"reaktiiv-pe"},"relative_dates":{"created":"Posted 7 lat ago","modified":"Updated 1 rok ago"},"absolute_dates":{"created":"Posted on 24\/07\/2019","modified":"Updated on 13\/03\/2025"},"absolute_dates_time":{"created":"Posted on 24\/07\/2019 11:47","modified":"Updated on 13\/03\/2025 22:34"},"featured_img_caption":"","featured_img":false,"series_order":"","_links":{"self":[{"href":"https:\/\/penosil.com\/pl\/wp-json\/wp\/v2\/pages\/16","targetHints":{"allow":["GET"]}}],"collection":[{"href":"https:\/\/penosil.com\/pl\/wp-json\/wp\/v2\/pages"}],"about":[{"href":"https:\/\/penosil.com\/pl\/wp-json\/wp\/v2\/types\/page"}],"author":[{"embeddable":true,"href":"https:\/\/penosil.com\/pl\/wp-json\/wp\/v2\/users\/1"}],"replies":[{"embeddable":true,"href":"https:\/\/penosil.com\/pl\/wp-json\/wp\/v2\/comments?post=16"}],"version-history":[{"count":14,"href":"https:\/\/penosil.com\/pl\/wp-json\/wp\/v2\/pages\/16\/revisions"}],"predecessor-version":[{"id":37342,"href":"https:\/\/penosil.com\/pl\/wp-json\/wp\/v2\/pages\/16\/revisions\/37342"}],"wp:attachment":[{"href":"https:\/\/penosil.com\/pl\/wp-json\/wp\/v2\/media?parent=16"}],"curies":[{"name":"wp","href":"https:\/\/api.w.org\/{rel}","templated":true}]}}