{"id":3080,"date":"2019-07-24T13:17:32","date_gmt":"2019-07-24T13:17:32","guid":{"rendered":"https:\/\/penosil.com\/contacts\/"},"modified":"2025-03-28T07:47:54","modified_gmt":"2025-03-28T07:47:54","slug":"kontakt","status":"publish","type":"page","link":"https:\/\/penosil.com\/pl\/kontakt\/","title":{"rendered":"Kontakt"},"content":{"rendered":"","protected":false},"excerpt":{"rendered":"","protected":false},"author":1,"featured_media":0,"parent":0,"menu_order":294,"comment_status":"closed","ping_status":"closed","template":"page-templates\/template-contacts.php","meta":{"_acf_changed":false,"advgb_blocks_editor_width":"","advgb_blocks_columns_visual_guide":"","footnotes":""},"class_list":["post-3080","page","type-page","status-publish","hentry"],"acf":[],"yoast_head":"<!-- This site is optimized with the Yoast SEO plugin v27.2 - https:\/\/yoast.com\/product\/yoast-seo-wordpress\/ -->\n<title>Skontaktuj si\u0119 z nami | PENOSIL Polska<\/title>\n<meta name=\"description\" content=\"Chcesz porozmawia\u0107 z dzia\u0142em sprzeda\u017cy, masz pytanie lub chcesz skontaktowa\u0107 si\u0119 z PENOSIL? Skontaktuj si\u0119 z zespo\u0142em PENOSIL tutaj.\" \/>\n<meta name=\"robots\" content=\"index, follow, max-snippet:-1, max-image-preview:large, max-video-preview:-1\" \/>\n<link rel=\"canonical\" href=\"https:\/\/penosil.com\/pl\/kontakt\/\" \/>\n<meta property=\"og:locale\" content=\"pl_PL\" \/>\n<meta property=\"og:type\" content=\"article\" \/>\n<meta property=\"og:title\" content=\"Skontaktuj si\u0119 z nami | PENOSIL Polska\" \/>\n<meta property=\"og:description\" content=\"Chcesz porozmawia\u0107 z dzia\u0142em sprzeda\u017cy, masz pytanie lub chcesz skontaktowa\u0107 si\u0119 z PENOSIL? Skontaktuj si\u0119 z zespo\u0142em PENOSIL tutaj.\" \/>\n<meta property=\"og:url\" content=\"https:\/\/penosil.com\/pl\/kontakt\/\" \/>\n<meta property=\"og:site_name\" content=\"PENOSIL Polska\" \/>\n<meta property=\"article:modified_time\" content=\"2025-03-28T07:47:54+00:00\" \/>\n<meta name=\"twitter:card\" content=\"summary_large_image\" \/>\n<meta name=\"twitter:label1\" content=\"Szacowany czas czytania\" \/>\n\t<meta name=\"twitter:data1\" content=\"1 minuta\" \/>\n<script type=\"application\/ld+json\" class=\"yoast-schema-graph\">{\"@context\":\"https:\/\/schema.org\",\"@graph\":[{\"@type\":\"WebPage\",\"@id\":\"https:\/\/penosil.com\/pl\/kontakt\/\",\"url\":\"https:\/\/penosil.com\/pl\/kontakt\/\",\"name\":\"Skontaktuj si\u0119 z nami | PENOSIL Polska\",\"isPartOf\":{\"@id\":\"https:\/\/penosil.com\/pl\/#website\"},\"datePublished\":\"2019-07-24T13:17:32+00:00\",\"dateModified\":\"2025-03-28T07:47:54+00:00\",\"description\":\"Chcesz porozmawia\u0107 z dzia\u0142em sprzeda\u017cy, masz pytanie lub chcesz skontaktowa\u0107 si\u0119 z PENOSIL? Skontaktuj si\u0119 z zespo\u0142em PENOSIL tutaj.\",\"breadcrumb\":{\"@id\":\"https:\/\/penosil.com\/pl\/kontakt\/#breadcrumb\"},\"inLanguage\":\"pl-PL\",\"potentialAction\":[{\"@type\":\"ReadAction\",\"target\":[\"https:\/\/penosil.com\/pl\/kontakt\/\"]}]},{\"@type\":\"BreadcrumbList\",\"@id\":\"https:\/\/penosil.com\/pl\/kontakt\/#breadcrumb\",\"itemListElement\":[{\"@type\":\"ListItem\",\"position\":1,\"name\":\"Home\",\"item\":\"https:\/\/penosil.com\/pl\/\"},{\"@type\":\"ListItem\",\"position\":2,\"name\":\"Kontakt\"}]},{\"@type\":\"WebSite\",\"@id\":\"https:\/\/penosil.com\/pl\/#website\",\"url\":\"https:\/\/penosil.com\/pl\/\",\"name\":\"PENOSIL Polska\",\"description\":\"\",\"potentialAction\":[{\"@type\":\"SearchAction\",\"target\":{\"@type\":\"EntryPoint\",\"urlTemplate\":\"https:\/\/penosil.com\/pl\/?s={search_term_string}\"},\"query-input\":{\"@type\":\"PropertyValueSpecification\",\"valueRequired\":true,\"valueName\":\"search_term_string\"}}],\"inLanguage\":\"pl-PL\"}]}<\/script>\n<!-- \/ Yoast SEO plugin. -->","yoast_head_json":{"title":"Skontaktuj si\u0119 z nami | PENOSIL Polska","description":"Chcesz porozmawia\u0107 z dzia\u0142em sprzeda\u017cy, masz pytanie lub chcesz skontaktowa\u0107 si\u0119 z PENOSIL? Skontaktuj si\u0119 z zespo\u0142em PENOSIL tutaj.","robots":{"index":"index","follow":"follow","max-snippet":"max-snippet:-1","max-image-preview":"max-image-preview:large","max-video-preview":"max-video-preview:-1"},"canonical":"https:\/\/penosil.com\/pl\/kontakt\/","og_locale":"pl_PL","og_type":"article","og_title":"Skontaktuj si\u0119 z nami | PENOSIL Polska","og_description":"Chcesz porozmawia\u0107 z dzia\u0142em sprzeda\u017cy, masz pytanie lub chcesz skontaktowa\u0107 si\u0119 z PENOSIL? Skontaktuj si\u0119 z zespo\u0142em PENOSIL tutaj.","og_url":"https:\/\/penosil.com\/pl\/kontakt\/","og_site_name":"PENOSIL Polska","article_modified_time":"2025-03-28T07:47:54+00:00","twitter_card":"summary_large_image","twitter_misc":{"Szacowany czas czytania":"1 minuta"},"schema":{"@context":"https:\/\/schema.org","@graph":[{"@type":"WebPage","@id":"https:\/\/penosil.com\/pl\/kontakt\/","url":"https:\/\/penosil.com\/pl\/kontakt\/","name":"Skontaktuj si\u0119 z nami | PENOSIL Polska","isPartOf":{"@id":"https:\/\/penosil.com\/pl\/#website"},"datePublished":"2019-07-24T13:17:32+00:00","dateModified":"2025-03-28T07:47:54+00:00","description":"Chcesz porozmawia\u0107 z dzia\u0142em sprzeda\u017cy, masz pytanie lub chcesz skontaktowa\u0107 si\u0119 z PENOSIL? Skontaktuj si\u0119 z zespo\u0142em PENOSIL tutaj.","breadcrumb":{"@id":"https:\/\/penosil.com\/pl\/kontakt\/#breadcrumb"},"inLanguage":"pl-PL","potentialAction":[{"@type":"ReadAction","target":["https:\/\/penosil.com\/pl\/kontakt\/"]}]},{"@type":"BreadcrumbList","@id":"https:\/\/penosil.com\/pl\/kontakt\/#breadcrumb","itemListElement":[{"@type":"ListItem","position":1,"name":"Home","item":"https:\/\/penosil.com\/pl\/"},{"@type":"ListItem","position":2,"name":"Kontakt"}]},{"@type":"WebSite","@id":"https:\/\/penosil.com\/pl\/#website","url":"https:\/\/penosil.com\/pl\/","name":"PENOSIL Polska","description":"","potentialAction":[{"@type":"SearchAction","target":{"@type":"EntryPoint","urlTemplate":"https:\/\/penosil.com\/pl\/?s={search_term_string}"},"query-input":{"@type":"PropertyValueSpecification","valueRequired":true,"valueName":"search_term_string"}}],"inLanguage":"pl-PL"}]}},"coauthors":[],"author_meta":{"author_link":"https:\/\/penosil.com\/pl\/author\/reaktiiv-pe\/","display_name":"reaktiiv-pe"},"relative_dates":{"created":"Posted 7 lat ago","modified":"Updated 1 rok ago"},"absolute_dates":{"created":"Posted on 24\/07\/2019","modified":"Updated on 28\/03\/2025"},"absolute_dates_time":{"created":"Posted on 24\/07\/2019 13:17","modified":"Updated on 28\/03\/2025 07:47"},"featured_img_caption":"","featured_img":false,"series_order":"","_links":{"self":[{"href":"https:\/\/penosil.com\/pl\/wp-json\/wp\/v2\/pages\/3080","targetHints":{"allow":["GET"]}}],"collection":[{"href":"https:\/\/penosil.com\/pl\/wp-json\/wp\/v2\/pages"}],"about":[{"href":"https:\/\/penosil.com\/pl\/wp-json\/wp\/v2\/types\/page"}],"author":[{"embeddable":true,"href":"https:\/\/penosil.com\/pl\/wp-json\/wp\/v2\/users\/1"}],"replies":[{"embeddable":true,"href":"https:\/\/penosil.com\/pl\/wp-json\/wp\/v2\/comments?post=3080"}],"version-history":[{"count":5,"href":"https:\/\/penosil.com\/pl\/wp-json\/wp\/v2\/pages\/3080\/revisions"}],"predecessor-version":[{"id":37316,"href":"https:\/\/penosil.com\/pl\/wp-json\/wp\/v2\/pages\/3080\/revisions\/37316"}],"wp:attachment":[{"href":"https:\/\/penosil.com\/pl\/wp-json\/wp\/v2\/media?parent=3080"}],"curies":[{"name":"wp","href":"https:\/\/api.w.org\/{rel}","templated":true}]}}