{"id":35576,"date":"2024-05-09T09:15:36","date_gmt":"2024-05-09T09:15:36","guid":{"rendered":"https:\/\/penosil.rktv.ee\/pl\/zrownowazony-rozwoj\/waste-management\/"},"modified":"2025-07-10T13:08:33","modified_gmt":"2025-07-10T11:08:33","slug":"zarzadzanie-odpadami","status":"publish","type":"page","link":"https:\/\/penosil.com\/pl\/zrownowazony-rozwoj\/zarzadzanie-odpadami\/","title":{"rendered":"Zarz\u0105dzanie odpadami"},"content":{"rendered":"<section class=\"pnsl-thin-banner-block\" style=\"background-color: #25a18e; color: #ffffff\" aria-label=\"Zarz\u0105dzanie odpadami\">\n   <div class=\"container d-flex flex-column flex-lg-row align-items-lg-center justify-content-between\">\n      <div class=\"text-wrap\">\n                     <h1>Zarz\u0105dzanie odpadami<\/h1>\n         \n                     <p><span style=\"font-weight: 400;\">Naszym celem jest zmniejszenie, ponowne wykorzystanie, recykling oraz odzysk naszych odpad\u00f3w <strong>o 50% do 2030 roku.<\/strong><\/span><\/p>\n               <\/div>\n\n               <div id=\"lottie-block_71ecaa1386ecf4b2bcb1bc71fb1ad175\" class=\"lottie-animation\" data-path=\"https:\/\/penosil.com\/pl\/wp-content\/themes\/penosil\/assets\/lottie\/waste.json\" data-speed=\"0.75\" role=\"img\" aria-label=\"Decorative animation\"><\/div>\n         <\/div>\n<\/section>\n\n<section class=\"pnsl-waste-management-block d-flex flex-column\" aria-label=\"Waste Management Information\">\n         <div class=\"container accordion-container\">\n         <div class=\"accordion\" role=\"region\" aria-label=\"Waste management topics\">\n                                          <div class=\"item active\">\n                  <button type=\"button\" \n                     class=\"title-wrap d-flex align-items-center\" \n                     aria-expanded=\"true\"\n                     aria-controls=\"waste-panel-0\"\n                     id=\"waste-header-0\">\n                     <span class=\"number d-flex align-items-center justify-content-center\" aria-hidden=\"true\"><span>1<\/span><\/span>\n                     <span class=\"title d-flex align-items-center\">Redukcja<\/span>\n                  <\/button>\n                  <div class=\"content\" \n                     id=\"waste-panel-0\" \n                     role=\"region\" \n                     aria-labelledby=\"waste-header-0\"\n                     >\n                     <ul>\n<li><span style=\"font-weight: 400;\">\u00a0Ci\u0105gle zmniejszamy wp\u0142yw naszych produkt\u00f3w na \u015brodowisko, zast\u0119puj\u0105c substancje niebezpieczne bezpieczniejszymi alternatywami, co pozwala <strong>ograniczy\u0107 ilo\u015b\u0107 odpad\u00f3w niebezpiecznych.<\/strong><\/span><\/li>\n<li><span style=\"font-weight: 400;\">Jednym ze sposob\u00f3w redukcji odpad\u00f3w opakowaniowych jest <strong>zwi\u0119kszenie wielko\u015bci opakowania<\/strong> &#8211; wiele produkt\u00f3w PENOSIL dost\u0119pnych jest w r\u00f3\u017cnych wariantach opakowa\u0144.<\/span><span style=\"font-weight: 400;\"><br \/>\n<\/span><\/li>\n<\/ul>\n\n                                             <div class=\"animation-wrap d-flex flex-column flex-lg-row align-items-center\" role=\"figure\" aria-label=\"Waste management process diagram\">\n                           <div class=\"image\">\n                              <img loading=\"lazy\" decoding=\"async\" src=\"https:\/\/penosil.com\/pl\/wp-content\/uploads\/sites\/39\/2024\/05\/Padrun_Foolium_video-1.png\" width=\"110\" height=\"165\" alt=\"\">\n                           <\/div>\n\n                           <div class=\"gray-arrow d-flex align-items-center\" aria-hidden=\"true\">\n                              <div class=\"text\">\n                                 <ul>\n<li><span style=\"font-weight: 400;\">Opr\u00f3cz naboj\u00f3w 270 ml, wiele naszych uszczelniaczy produkowanych jest tak\u017ce w <strong>foliowych opakowaniach 600 ml.<\/strong><\/span><\/li>\n<li><span style=\"font-weight: 400;\">Opakowanie 600 ml pozwala zaoszcz\u0119dzi\u0107 <strong>75%<\/strong> odpad\u00f3w opakowaniowych w por\u00f3wnaniu do naboj\u00f3w.<\/span><span style=\"font-weight: 400;\"><br \/>\n<\/span><\/li>\n<\/ul>\n                              <\/div>\n                           <\/div>\n                        <\/div>\n                        \n                                                   <div class=\"visually-hidden\">\n                              <ul>\n<li><span style=\"font-weight: 400;\">Opr\u00f3cz naboj\u00f3w 270 ml, wiele naszych uszczelniaczy produkowanych jest tak\u017ce w <strong>foliowych opakowaniach 600 ml.<\/strong><\/span><\/li>\n<li><span style=\"font-weight: 400;\">Opakowanie 600 ml pozwala zaoszcz\u0119dzi\u0107 <strong>75%<\/strong> odpad\u00f3w opakowaniowych w por\u00f3wnaniu do naboj\u00f3w.<\/span><span style=\"font-weight: 400;\"><br \/>\n<\/span><\/li>\n<\/ul>\n                           <\/div>\n                                             \n                                             <ul>\n<li><span style=\"font-weight: 400;\">Produkty cementowe generuj\u0105 znacz\u0105ce emisje CO\u2082 &#8211; w PENOSIL opracowali\u015bmy liczne <strong>pianokleje, kt\u00f3re mog\u0105 zast\u0105pi\u0107 produkty cementowe.<\/strong><\/span><\/li>\n<\/ul>\n<div id=\"gtx-trans\" style=\"position: absolute; left: 4px; top: 54px;\">\n<div class=\"gtx-trans-icon\"><\/div>\n<\/div>\n                     \n                                             <div class=\"border-red\" role=\"complementary\" aria-label=\"Important information\">\n                           <p><span style=\"font-weight: 400;\"><strong>1-litrowa puszka pianokleju<\/strong> odpowiada <strong>25 kg cementu<\/strong>, co redukuje \u015blad w\u0119glowy zwi\u0105zany z transportem.<\/span><\/p>\n<div id=\"gtx-trans\" style=\"position: absolute; left: -36px; top: 54px;\">\n<div class=\"gtx-trans-icon\"><\/div>\n<\/div>\n                        <\/div>\n                                       <\/div>\n               <\/div>\n                                          <div class=\"item\">\n                  <button type=\"button\" \n                     class=\"title-wrap d-flex align-items-center\" \n                     aria-expanded=\"false\"\n                     aria-controls=\"waste-panel-1\"\n                     id=\"waste-header-1\">\n                     <span class=\"number d-flex align-items-center justify-content-center\" aria-hidden=\"true\"><span>2<\/span><\/span>\n                     <span class=\"title d-flex align-items-center\">Recykling<\/span>\n                  <\/button>\n                  <div class=\"content\" \n                     id=\"waste-panel-1\" \n                     role=\"region\" \n                     aria-labelledby=\"waste-header-1\"\n                     hidden>\n                     <p><span style=\"font-weight: 400;\">Nasze fabryki poddaj\u0105 recyklingowi wszystkie odpady produkcyjne. Wi\u0119kszo\u015b\u0107 odpad\u00f3w przetwarzana jest przez naszych zewn\u0119trznych partner\u00f3w, jednak <strong>nieustannie opracowujemy nowe metody recyklingu wewn\u0119trznego.<\/strong><\/span><span style=\"font-weight: 400;\"><br \/>\n<\/span><\/p>\n<ul>\n<li><span style=\"font-weight: 400;\">Optymalizujemy procesy produkcji uszczelniaczy &#8211; na przyk\u0142ad, <strong>zmniejszyli\u015bmy ilo\u015b\u0107 pozosta\u0142ych surowc\u00f3w<\/strong>, wykorzystuj\u0105c je ponownie w innych formu\u0142ach.<\/span><\/li>\n<li><span style=\"font-weight: 400;\">Poszukujemy tak\u017ce sposob\u00f3w na ponowne wykorzystanie <strong>utwardzonego silikonu i odpad\u00f3w hybrydowych<\/strong> &#8211; we wsp\u00f3\u0142pracy z uczelniami badamy, jak przetworzy\u0107 te odpady na surowiec do budowy dr\u00f3g, produkcji asfaltu czy betonu.<\/span><\/li>\n<\/ul>\n\n                     \n                     \n                                       <\/div>\n               <\/div>\n                                          <div class=\"item\">\n                  <button type=\"button\" \n                     class=\"title-wrap d-flex align-items-center\" \n                     aria-expanded=\"false\"\n                     aria-controls=\"waste-panel-2\"\n                     id=\"waste-header-2\">\n                     <span class=\"number d-flex align-items-center justify-content-center\" aria-hidden=\"true\"><span>3<\/span><\/span>\n                     <span class=\"title d-flex align-items-center\">Ponowne wykorzystanie<\/span>\n                  <\/button>\n                  <div class=\"content\" \n                     id=\"waste-panel-2\" \n                     role=\"region\" \n                     aria-labelledby=\"waste-header-2\"\n                     hidden>\n                     <p><span style=\"font-weight: 400;\">Od 2021 roku wykorzystujemy <strong>100% naszych wewn\u0119trznych odpad\u00f3w z produkcji plastiku<\/strong> do wytwarzania narz\u0119dzi i element\u00f3w plastikowych Penosil.<\/span><\/p>\n<ul>\n<li><span style=\"font-weight: 400;\">Na przyk\u0142ad, opatentowana <strong>szpatu\u0142ka PENOSIL<\/strong> produkowana jest z odzyskanego plastiku.<\/span><span style=\"font-weight: 400;\"><br \/>\n<\/span><\/li>\n<\/ul>\n<p><img loading=\"lazy\" decoding=\"async\" class=\"\" src=\"https:\/\/penosil.com\/pl\/wp-content\/uploads\/sites\/39\/2025\/07\/Spatula-B.png\" width=\"58\" height=\"50\" \/><\/p>\n<ul>\n<li>\u00a0Obecnie testujemy tak\u017ce zastosowanie plastiku PCR przy produkcji adapter\u00f3w do pian oraz w produkcji pian ze s\u0142omy.<\/li>\n<\/ul>\n\n                     \n                     \n                                       <\/div>\n               <\/div>\n                     <\/div>\n      <\/div>\n   <\/section>\n\n<section class=\"pnsl-icon-hovers-block\" aria-label=\"Interactive Icon Navigation\">\n   <div class=\"container\">\n               <h2>Przejd\u017a do kolejnego tematu zr\u00f3wnowa\u017conego rozwoju<\/h2>\n         <\/div>\n\n         <div class=\"container icons-container\">\n         <ul class=\"icons d-flex align-items-center justify-content-center justify-content-lg-between flex-wrap\" role=\"list\">\n                                          <li class=\"icon\">\n                  <a href=\"https:\/\/penosil.com\/pl\/zrownowazony-rozwoj\/trwalosc\/\"\n                     class=\"icon-link d-flex align-items-center justify-content-center\"\n                     style=\"--bg-color: #b7e4c7; --text-color: #ffffff\"\n                     >\n                     <span class=\"icon-image\" aria-hidden=\"true\">\n                        <img loading=\"lazy\" decoding=\"async\" src=\"https:\/\/penosil.com\/pl\/wp-content\/uploads\/sites\/39\/2024\/05\/Icons.svg\" width=\"68\" height=\"67\" alt=\"\">\n                     <\/span>\n                     <span class=\"icon-label\">Trwa\u0142o\u015b\u0107<\/span>\n                  <\/a>\n               <\/li>\n                                          <li class=\"icon\">\n                  <a href=\"https:\/\/penosil.com\/pl\/en\/zrownowazony-rozwoj\/sustainable-components\/\"\n                     class=\"icon-link d-flex align-items-center justify-content-center\"\n                     style=\"--bg-color: #52b788; --text-color: #fff\"\n                     >\n                     <span class=\"icon-image\" aria-hidden=\"true\">\n                        <img loading=\"lazy\" decoding=\"async\" src=\"https:\/\/penosil.com\/pl\/wp-content\/uploads\/sites\/39\/2024\/05\/Group-409.svg\" width=\"72\" height=\"75\" alt=\"\">\n                     <\/span>\n                     <span class=\"icon-label\">Zr\u00f3wnowa\u017cone komponenty<\/span>\n                  <\/a>\n               <\/li>\n                                          <li class=\"icon\">\n                  <a href=\"https:\/\/penosil.com\/pl\/en\/zrownowazony-rozwoj\/renewable-energy\/\"\n                     class=\"icon-link d-flex align-items-center justify-content-center\"\n                     style=\"--bg-color: #40916c; --text-color: #fff\"\n                     >\n                     <span class=\"icon-image\" aria-hidden=\"true\">\n                        <img loading=\"lazy\" decoding=\"async\" src=\"https:\/\/penosil.com\/pl\/wp-content\/uploads\/sites\/39\/2024\/05\/48x48_Icons.svg\" width=\"76\" height=\"73\" alt=\"\">\n                     <\/span>\n                     <span class=\"icon-label\">\u017br\u00f3d\u0142a odnawialnej energii<\/span>\n                  <\/a>\n               <\/li>\n                                          <li class=\"icon\">\n                  <a href=\"https:\/\/penosil.com\/pl\/en\/zrownowazony-rozwoj\/innovation\/\"\n                     class=\"icon-link d-flex align-items-center justify-content-center\"\n                     style=\"--bg-color: #1b4332; --text-color: #fff\"\n                     >\n                     <span class=\"icon-image\" aria-hidden=\"true\">\n                        <img loading=\"lazy\" decoding=\"async\" src=\"https:\/\/penosil.com\/pl\/wp-content\/uploads\/sites\/39\/2024\/05\/Group-410.svg\" width=\"88\" height=\"94\" alt=\"\">\n                     <\/span>\n                     <span class=\"icon-label\">Innowacje<\/span>\n                  <\/a>\n               <\/li>\n                                          <li class=\"icon\">\n                  <a href=\"https:\/\/penosil.com\/pl\/en\/zrownowazony-rozwoj\/safer-living-environment\/\"\n                     class=\"icon-link d-flex align-items-center justify-content-center\"\n                     style=\"--bg-color: #426a5a; --text-color: #fff\"\n                     >\n                     <span class=\"icon-image\" aria-hidden=\"true\">\n                        <img loading=\"lazy\" decoding=\"async\" src=\"https:\/\/penosil.com\/pl\/wp-content\/uploads\/sites\/39\/2024\/05\/Group-416.svg\" width=\"79\" height=\"90\" alt=\"\">\n                     <\/span>\n                     <span class=\"icon-label\">Bezpieczniejsze \u015brodowisko \u017cycia<\/span>\n                  <\/a>\n               <\/li>\n                                          <li class=\"icon\">\n                  <a href=\"https:\/\/penosil.com\/pl\/en\/zrownowazony-rozwoj\/invisible-but-everywhere\/\"\n                     class=\"icon-link d-flex align-items-center justify-content-center\"\n                     style=\"--bg-color: #007F5F; --text-color: #fff\"\n                     >\n                     <span class=\"icon-image\" aria-hidden=\"true\">\n                        <img loading=\"lazy\" decoding=\"async\" src=\"https:\/\/penosil.com\/pl\/wp-content\/uploads\/sites\/39\/2024\/05\/Group-393.svg\" width=\"87\" height=\"79\" alt=\"\">\n                     <\/span>\n                     <span class=\"icon-label\">Niewidoczne, ale wsz\u0119dzie obecne<\/span>\n                  <\/a>\n               <\/li>\n                     <\/ul>\n      <\/div>\n   <\/section>","protected":false},"excerpt":{"rendered":"","protected":false},"author":105,"featured_media":0,"parent":35571,"menu_order":0,"comment_status":"closed","ping_status":"closed","template":"page-templates\/template-no-title.php","meta":{"_acf_changed":false,"advgb_blocks_editor_width":"","advgb_blocks_columns_visual_guide":"","footnotes":""},"class_list":["post-35576","page","type-page","status-publish","hentry"],"acf":[],"yoast_head":"<!-- This site is optimized with the Yoast SEO plugin v27.2 - https:\/\/yoast.com\/product\/yoast-seo-wordpress\/ -->\n<title>Zarz\u0105dzanie odpadami - PENOSIL Polska<\/title>\n<meta name=\"description\" content=\"Naszym celem jest zmniejszenie, ponowne wykorzystanie, recykling oraz odzysk naszych odpad\u00f3w o 50% do 2030 roku.\" \/>\n<meta name=\"robots\" content=\"index, follow, max-snippet:-1, max-image-preview:large, max-video-preview:-1\" \/>\n<link rel=\"canonical\" href=\"https:\/\/penosil.com\/pl\/zrownowazony-rozwoj\/zarzadzanie-odpadami\/\" \/>\n<meta property=\"og:locale\" content=\"pl_PL\" \/>\n<meta property=\"og:type\" content=\"article\" \/>\n<meta property=\"og:title\" content=\"Zarz\u0105dzanie odpadami - PENOSIL Polska\" \/>\n<meta property=\"og:description\" content=\"Naszym celem jest zmniejszenie, ponowne wykorzystanie, recykling oraz odzysk naszych odpad\u00f3w o 50% do 2030 roku.\" \/>\n<meta property=\"og:url\" content=\"https:\/\/penosil.com\/pl\/zrownowazony-rozwoj\/zarzadzanie-odpadami\/\" \/>\n<meta property=\"og:site_name\" content=\"PENOSIL Polska\" \/>\n<meta property=\"article:modified_time\" content=\"2025-07-10T11:08:33+00:00\" \/>\n<meta name=\"twitter:card\" content=\"summary_large_image\" \/>\n<meta name=\"twitter:label1\" content=\"Szacowany czas czytania\" \/>\n\t<meta name=\"twitter:data1\" content=\"2 minuty\" \/>\n<script type=\"application\/ld+json\" class=\"yoast-schema-graph\">{\"@context\":\"https:\/\/schema.org\",\"@graph\":[{\"@type\":\"WebPage\",\"@id\":\"https:\/\/penosil.com\/pl\/zrownowazony-rozwoj\/zarzadzanie-odpadami\/\",\"url\":\"https:\/\/penosil.com\/pl\/zrownowazony-rozwoj\/zarzadzanie-odpadami\/\",\"name\":\"Zarz\u0105dzanie odpadami - PENOSIL Polska\",\"isPartOf\":{\"@id\":\"https:\/\/penosil.com\/pl\/#website\"},\"datePublished\":\"2024-05-09T09:15:36+00:00\",\"dateModified\":\"2025-07-10T11:08:33+00:00\",\"description\":\"Naszym celem jest zmniejszenie, ponowne wykorzystanie, recykling oraz odzysk naszych odpad\u00f3w o 50% do 2030 roku.\",\"breadcrumb\":{\"@id\":\"https:\/\/penosil.com\/pl\/zrownowazony-rozwoj\/zarzadzanie-odpadami\/#breadcrumb\"},\"inLanguage\":\"pl-PL\",\"potentialAction\":[{\"@type\":\"ReadAction\",\"target\":[\"https:\/\/penosil.com\/pl\/zrownowazony-rozwoj\/zarzadzanie-odpadami\/\"]}]},{\"@type\":\"BreadcrumbList\",\"@id\":\"https:\/\/penosil.com\/pl\/zrownowazony-rozwoj\/zarzadzanie-odpadami\/#breadcrumb\",\"itemListElement\":[{\"@type\":\"ListItem\",\"position\":1,\"name\":\"Home\",\"item\":\"https:\/\/penosil.com\/pl\/\"},{\"@type\":\"ListItem\",\"position\":2,\"name\":\"Zr\u00f3wnowa\u017cony rozw\u00f3j\",\"item\":\"https:\/\/penosil.com\/pl\/zrownowazony-rozwoj\/\"},{\"@type\":\"ListItem\",\"position\":3,\"name\":\"Zarz\u0105dzanie odpadami\"}]},{\"@type\":\"WebSite\",\"@id\":\"https:\/\/penosil.com\/pl\/#website\",\"url\":\"https:\/\/penosil.com\/pl\/\",\"name\":\"PENOSIL Polska\",\"description\":\"\",\"potentialAction\":[{\"@type\":\"SearchAction\",\"target\":{\"@type\":\"EntryPoint\",\"urlTemplate\":\"https:\/\/penosil.com\/pl\/?s={search_term_string}\"},\"query-input\":{\"@type\":\"PropertyValueSpecification\",\"valueRequired\":true,\"valueName\":\"search_term_string\"}}],\"inLanguage\":\"pl-PL\"}]}<\/script>\n<!-- \/ Yoast SEO plugin. -->","yoast_head_json":{"title":"Zarz\u0105dzanie odpadami - PENOSIL Polska","description":"Naszym celem jest zmniejszenie, ponowne wykorzystanie, recykling oraz odzysk naszych odpad\u00f3w o 50% do 2030 roku.","robots":{"index":"index","follow":"follow","max-snippet":"max-snippet:-1","max-image-preview":"max-image-preview:large","max-video-preview":"max-video-preview:-1"},"canonical":"https:\/\/penosil.com\/pl\/zrownowazony-rozwoj\/zarzadzanie-odpadami\/","og_locale":"pl_PL","og_type":"article","og_title":"Zarz\u0105dzanie odpadami - PENOSIL Polska","og_description":"Naszym celem jest zmniejszenie, ponowne wykorzystanie, recykling oraz odzysk naszych odpad\u00f3w o 50% do 2030 roku.","og_url":"https:\/\/penosil.com\/pl\/zrownowazony-rozwoj\/zarzadzanie-odpadami\/","og_site_name":"PENOSIL Polska","article_modified_time":"2025-07-10T11:08:33+00:00","twitter_card":"summary_large_image","twitter_misc":{"Szacowany czas czytania":"2 minuty"},"schema":{"@context":"https:\/\/schema.org","@graph":[{"@type":"WebPage","@id":"https:\/\/penosil.com\/pl\/zrownowazony-rozwoj\/zarzadzanie-odpadami\/","url":"https:\/\/penosil.com\/pl\/zrownowazony-rozwoj\/zarzadzanie-odpadami\/","name":"Zarz\u0105dzanie odpadami - PENOSIL Polska","isPartOf":{"@id":"https:\/\/penosil.com\/pl\/#website"},"datePublished":"2024-05-09T09:15:36+00:00","dateModified":"2025-07-10T11:08:33+00:00","description":"Naszym celem jest zmniejszenie, ponowne wykorzystanie, recykling oraz odzysk naszych odpad\u00f3w o 50% do 2030 roku.","breadcrumb":{"@id":"https:\/\/penosil.com\/pl\/zrownowazony-rozwoj\/zarzadzanie-odpadami\/#breadcrumb"},"inLanguage":"pl-PL","potentialAction":[{"@type":"ReadAction","target":["https:\/\/penosil.com\/pl\/zrownowazony-rozwoj\/zarzadzanie-odpadami\/"]}]},{"@type":"BreadcrumbList","@id":"https:\/\/penosil.com\/pl\/zrownowazony-rozwoj\/zarzadzanie-odpadami\/#breadcrumb","itemListElement":[{"@type":"ListItem","position":1,"name":"Home","item":"https:\/\/penosil.com\/pl\/"},{"@type":"ListItem","position":2,"name":"Zr\u00f3wnowa\u017cony rozw\u00f3j","item":"https:\/\/penosil.com\/pl\/zrownowazony-rozwoj\/"},{"@type":"ListItem","position":3,"name":"Zarz\u0105dzanie odpadami"}]},{"@type":"WebSite","@id":"https:\/\/penosil.com\/pl\/#website","url":"https:\/\/penosil.com\/pl\/","name":"PENOSIL Polska","description":"","potentialAction":[{"@type":"SearchAction","target":{"@type":"EntryPoint","urlTemplate":"https:\/\/penosil.com\/pl\/?s={search_term_string}"},"query-input":{"@type":"PropertyValueSpecification","valueRequired":true,"valueName":"search_term_string"}}],"inLanguage":"pl-PL"}]}},"coauthors":[],"author_meta":{"author_link":"https:\/\/penosil.com\/pl\/author\/kevinreaktiiv\/","display_name":"kevinreaktiiv"},"relative_dates":{"created":"Posted 2 lata ago","modified":"Updated 9 miesi\u0119cy ago"},"absolute_dates":{"created":"Posted on 09\/05\/2024","modified":"Updated on 10\/07\/2025"},"absolute_dates_time":{"created":"Posted on 09\/05\/2024 09:15","modified":"Updated on 10\/07\/2025 13:08"},"featured_img_caption":"","featured_img":false,"series_order":"","_links":{"self":[{"href":"https:\/\/penosil.com\/pl\/wp-json\/wp\/v2\/pages\/35576","targetHints":{"allow":["GET"]}}],"collection":[{"href":"https:\/\/penosil.com\/pl\/wp-json\/wp\/v2\/pages"}],"about":[{"href":"https:\/\/penosil.com\/pl\/wp-json\/wp\/v2\/types\/page"}],"author":[{"embeddable":true,"href":"https:\/\/penosil.com\/pl\/wp-json\/wp\/v2\/users\/105"}],"replies":[{"embeddable":true,"href":"https:\/\/penosil.com\/pl\/wp-json\/wp\/v2\/comments?post=35576"}],"version-history":[{"count":4,"href":"https:\/\/penosil.com\/pl\/wp-json\/wp\/v2\/pages\/35576\/revisions"}],"predecessor-version":[{"id":37907,"href":"https:\/\/penosil.com\/pl\/wp-json\/wp\/v2\/pages\/35576\/revisions\/37907"}],"up":[{"embeddable":true,"href":"https:\/\/penosil.com\/pl\/wp-json\/wp\/v2\/pages\/35571"}],"wp:attachment":[{"href":"https:\/\/penosil.com\/pl\/wp-json\/wp\/v2\/media?parent=35576"}],"curies":[{"name":"wp","href":"https:\/\/api.w.org\/{rel}","templated":true}]}}