{"id":35578,"date":"2024-05-09T09:10:09","date_gmt":"2024-05-09T09:10:09","guid":{"rendered":"https:\/\/penosil.rktv.ee\/pl\/zrownowazony-rozwoj\/safer-living-environment\/"},"modified":"2025-07-10T13:11:09","modified_gmt":"2025-07-10T11:11:09","slug":"bezpieczniejsze-srodowisko-zycia","status":"publish","type":"page","link":"https:\/\/penosil.com\/pl\/zrownowazony-rozwoj\/bezpieczniejsze-srodowisko-zycia\/","title":{"rendered":"Bezpieczniejsze \u015brodowisko \u017cycia"},"content":{"rendered":"<section class=\"pnsl-thin-banner-block\" style=\"background-color: #426a5a; color: #ffffff\" aria-label=\"Bezpieczniejsze \u015brodowisko \u017cycia\">\n   <div class=\"container d-flex flex-column flex-lg-row align-items-lg-center justify-content-between\">\n      <div class=\"text-wrap\">\n                     <h1>Bezpieczniejsze \u015brodowisko \u017cycia<\/h1>\n         \n                     <p>Chcemy, aby\u015b m\u00f3g\u0142 cieszy\u0107 si\u0119 lepszym i bezpieczniejszym \u015brodowiskiem \u017cycia.<\/p>\n               <\/div>\n\n               <div id=\"lottie-block_b6ef174f95c9bd49e13acce699b7263d\" class=\"lottie-animation\" data-path=\"https:\/\/penosil.com\/pl\/wp-content\/themes\/penosil\/assets\/lottie\/safer.json\" data-speed=\"0.75\" role=\"img\" aria-label=\"Decorative animation\"><\/div>\n         <\/div>\n<\/section>\n\n<main class=\"pnsl-safer-living-environment-block\" aria-label=\"Safer Living Environment Information\">\n         <section class=\"container text-container d-flex flex-column align-items-start\" aria-labelledby=\"safer-living-intro\">\n         <div class=\"upper-text text-wrap\">\n            <div id=\"safer-living-intro\">\n               <p>Dlatego:<\/p>\n<div id=\"gtx-trans\" style=\"position: absolute; left: -19px; top: 38.3333px;\">\n<div class=\"gtx-trans-icon\"><\/div>\n<\/div>\n            <\/div>\n\n                           <ul>\n                                                            <li>\n                        <p><span style=\"font-weight: 400;\">Ci\u0105gle udoskonalamy nasze dotychczasowe formu\u0142y.<\/span><span style=\"font-weight: 400;\"><br \/>\n<\/span><\/p>\n                     \n                                             <\/li>\n                                                            <li>\n                        <p>Pracujemy nad nowymi produktami o <strong>niskiej zawarto\u015bci VOC i wykorzystuj\u0105cymi bezpieczniejsze surowce.<\/strong><\/p>\n                     \n                                                \n                                                         <button type=\"button\" class=\"tooltip sus-tooltip\" data-tooltip-content=\"#tooltip-safer\" aria-expanded=\"false\" aria-describedby=\"tooltip-safer\" aria-label=\"Show more information\">\n                                 <img loading=\"lazy\" decoding=\"async\" src=\"https:\/\/penosil.com\/pl\/wp-content\/themes\/penosil\/images\/icons\/sus-info.svg\" width=\"52\" height=\"63\" alt=\"\" aria-hidden=\"true\">\n                              <\/button>\n\n                              <div class=\"safer-tooltip-content tooltip-content\" role=\"tooltip\" id=\"tooltip-safer\" aria-hidden=\"true\">\n                                 <h3>Czym jest low-VOC?<\/h3>\n<ul>\n<li>Lotne Zwi\u0105zki Organiczne (VOC) to substancje chemiczne uwalniane przez materia\u0142y budowlane i meble, kt\u00f3re \u0142atwo paruj\u0105 i rozprzestrzeniaj\u0105 si\u0119.<\/li>\n<li>Wysokie st\u0119\u017cenie VOC wp\u0142ywa na jako\u015b\u0107 powietrza wewn\u0119trznego oraz mo\u017ce powodowa\u0107 podra\u017cnienia i problemy zdrowotne.<\/li>\n<\/ul>\n<p><span style=\"font-size: 16px;\"><strong><span style=\"font-weight: 400;\">Na etykietach produkt\u00f3w szukaj certyfikat\u00f3w<\/span>:<\/strong><\/span><\/p>\n<p><img loading=\"lazy\" decoding=\"async\" class=\"\" src=\"https:\/\/penosil.com\/pl\/wp-content\/uploads\/sites\/39\/2025\/07\/EC1_Plus_mark.png\" width=\"75\" height=\"75\" \/>\u00a0 \u00a0 <img loading=\"lazy\" decoding=\"async\" class=\"\" src=\"https:\/\/penosil.com\/pl\/wp-content\/uploads\/sites\/39\/2025\/07\/M1-logo_RGB_english_black.png\" width=\"75\" height=\"75\" \/>\u00a0 \u00a0 <img loading=\"lazy\" decoding=\"async\" class=\"\" src=\"https:\/\/penosil.com\/pl\/wp-content\/uploads\/sites\/39\/2025\/07\/A-French.png\" width=\"92\" height=\"75\" \/><\/p>\n<div id=\"gtx-trans\" style=\"position: absolute; left: -5px; top: 152.167px;\">\n<div class=\"gtx-trans-icon\"><\/div>\n<\/div>\n                              <\/div>\n                                                                        <\/li>\n                                 <\/ul>\n                     <\/div>\n      <\/section>\n   \n   <section class=\"container angles-container\" aria-label=\"Process steps\">\n      <div class=\"angles row flex-column flex-lg-row flex-lg-nowrap\" role=\"list\">\n                                 <div class=\"angle col d-flex align-items-center justify-content-center\" role=\"listitem\" aria-label=\"Step 1\">\n               <div class=\"angle-text\"><p><span style=\"font-weight: 400;\">\u00a0W 2020 roku <strong>14%<\/strong> produkt\u00f3w PENOSIL posiada\u0142o certyfikacj\u0119 EC1+.<\/span><\/p>\n<\/div>\n            <\/div>\n                                 <div class=\"angle col d-flex align-items-center justify-content-center\" role=\"listitem\" aria-label=\"Step 2\">\n               <div class=\"angle-text\"><p><span style=\"font-weight: 400;\">W 2023 roku a\u017c <strong>52%<\/strong> produkt\u00f3w PENOSILposiada\u0142o certyfikacj\u0119 EC1+<\/span><\/p>\n<\/div>\n            <\/div>\n                                 <div class=\"angle col d-flex align-items-center justify-content-center\" role=\"listitem\" aria-label=\"Step 3\">\n               <div class=\"angle-text\"><p>W ci\u0105gu najbli\u017cszych kilku lat ponad <strong>70%<\/strong> produkt\u00f3w PENOSIL powinno uzyska\u0107 certyfikaty low-VOC.<\/p>\n<\/div>\n            <\/div>\n               <\/div>\n   <\/section>\n\n   <section class=\"container text-container\" aria-label=\"Additional information\">\n               <div class=\"above-lines-text text-wrap\">\n            <p><span style=\"font-weight: 400;\">W ci\u0105gu ostatnich pi\u0119ciu lat opracowali\u015bmy liczne kleje, uszczelniacze i wype\u0142niacze <strong>oparte na wodzie i bezrozpuszczalnikowe<\/strong>. Dodatkowo, wiele naszych silikon\u00f3w oksymowych dost\u0119pnych jest w wersji<strong> wolnej od MEKO<\/strong>.<\/span><\/p>\n         <\/div>\n      \n               <div class=\"lines-text w-100 d-flex flex-column flex-lg-row justify-content-between\" role=\"list\" aria-label=\"Key benefits\">\n                                          <div class=\"item d-flex flex-column flex-md-row align-items-center\" role=\"listitem\">\n                                       <div class=\"item-icon\">\n                        <img loading=\"lazy\" decoding=\"async\" src=\"https:\/\/penosil.com\/pl\/wp-content\/uploads\/sites\/39\/2024\/05\/Group-414.svg\" width=\"110\" height=\"106\" alt=\"\">\n                     <\/div>\n                  \n                                       <div class=\"item-text\">\n                        <p>Na etykiecie produktu szukaj certyfikatu \u201ezero MEKO\u201d.<\/p>\n                     <\/div>\n                                 <\/div>\n                                          <div class=\"item d-flex flex-column flex-md-row align-items-center\" role=\"listitem\">\n                                       <div class=\"item-icon\">\n                        <img loading=\"lazy\" decoding=\"async\" src=\"https:\/\/penosil.com\/pl\/wp-content\/uploads\/sites\/39\/2024\/05\/Layer_1-2.svg\" width=\"108\" height=\"108\" alt=\"\">\n                     <\/div>\n                  \n                                       <div class=\"item-text\">\n                        <p><span style=\"font-weight: 400;\">Na naszych pianach PU o niskiej i zerowej zawarto\u015bci MDI znajdziesz znak Safe Choice.<\/span><\/p>\n                     <\/div>\n                                 <\/div>\n                     <\/div>\n      \n               <div class=\"text-before-icon text-wrap\">\n            <p><span style=\"font-weight: 400;\">Coraz wi\u0119cej naszych pian PU charakteryzuje si\u0119 bardzo nisk\u0105 zawarto\u015bci\u0105 monomeru diizocyjanianu (&lt;0,1%) lub jest ca\u0142kowicie <strong>wolnych od MDI.<\/strong><\/span><\/p>\n\n                           <button type=\"button\" class=\"tooltip sus-tooltip\" data-tooltip-content=\"#tooltip-safer-bottom\" aria-expanded=\"false\" aria-describedby=\"tooltip-safer-bottom\" aria-label=\"Show more information\">\n                  <img loading=\"lazy\" decoding=\"async\" src=\"https:\/\/penosil.com\/pl\/wp-content\/themes\/penosil\/images\/icons\/sus-info.svg\" width=\"52\" height=\"63\" alt=\"\" aria-hidden=\"true\">\n               <\/button>\n\n               <div class=\"safer-tooltip-content tooltip-content\" role=\"tooltip\" id=\"tooltip-safer-bottom\" aria-hidden=\"true\">\n                  <h4><strong>Czym jest MDI?<\/strong><\/h4>\n<p><span style=\"font-weight: 400;\">Metylenodifenyl diizocyjanian (MDI) to <strong>zwi\u0105zek chemiczny<\/strong> stosowany przy produkcji materia\u0142\u00f3w PU. <\/span><\/p>\n<p><span style=\"font-weight: 400;\">Podczas aplikacji piany zawarto\u015b\u0107 MDI <strong>mo\u017ce powodowa\u0107 podra\u017cnienia<\/strong> sk\u00f3ry i gard\u0142a.<\/span><\/p>\n               <\/div>\n                     <\/div>\n      \n               <div class=\"under-lines-text text-wrap\">\n            <p><span style=\"font-weight: 400;\">Piany PU o niskiej i zerowej zawarto\u015bci MDI stanowi\u0105 <strong>bezpieczniejsz\u0105 alternatyw\u0119<\/strong> dla standardowych pian, minimalizuj\u0105c ryzyko nara\u017cenia na szkodliwe chemikalia, poprawiaj\u0105c bezpiecze\u0144stwo pracy, zmniejszaj\u0105c wp\u0142yw na \u015brodowisko oraz zapewniaj\u0105c zgodno\u015b\u0107 z przepisami.<\/span><\/p>\n<p><span style=\"font-weight: 400;\">Nasza<strong> nowa fabryka pian PU w Hiszpanii<\/strong> b\u0119dzie wiod\u0105cym europejskim zak\u0142adem produkuj\u0105cym produkty o niskiej i zerowej zawarto\u015bci MDI. Jeste\u015bmy pierwszym europejskim producentem oferuj\u0105cym pe\u0142n\u0105 gam\u0119 pian PU o niskiej i zerowej zawarto\u015bci MDI. W portfolio PENOSIL znajduj\u0105 si\u0119 aktualnie:\u00a0<\/span><\/p>\n<ul>\n<li><span style=\"font-weight: 400;\"> Piany natryskowe<\/span><\/li>\n<li><span style=\"font-weight: 400;\">Piany do pistoletu<\/span><\/li>\n<li><span style=\"font-weight: 400;\">Piany z wykorzystaniem s\u0142omy<\/span><\/li>\n<\/ul>\n<p>Wkr\u00f3tce uzupe\u0142nimy nasz\u0105 ofert\u0119 o piany o niskiej zawarto\u015bci MDI, w tym pian\u0119 pistoletow\u0105 B2, pian\u0119 natryskow\u0105 B2 i klej.<\/p>\n         <\/div>\n         <\/section>\n<\/main>\n\n<section class=\"pnsl-icon-hovers-block\" aria-label=\"Interactive Icon Navigation\">\n   <div class=\"container\">\n               <h2>Przejd\u017a do kolejnego tematu zr\u00f3wnowa\u017conego rozwoju<\/h2>\n         <\/div>\n\n         <div class=\"container icons-container\">\n         <ul class=\"icons d-flex align-items-center justify-content-center justify-content-lg-between flex-wrap\" role=\"list\">\n                                          <li class=\"icon\">\n                  <a href=\"https:\/\/penosil.com\/pl\/en\/zrownowazony-rozwoj\/durability\/\"\n                     class=\"icon-link d-flex align-items-center justify-content-center\"\n                     style=\"--bg-color: #b7e4c7; --text-color: #ffffff\"\n                     >\n                     <span class=\"icon-image\" aria-hidden=\"true\">\n                        <img loading=\"lazy\" decoding=\"async\" src=\"https:\/\/penosil.com\/pl\/wp-content\/uploads\/sites\/39\/2024\/05\/Icons.svg\" width=\"68\" height=\"67\" alt=\"\">\n                     <\/span>\n                     <span class=\"icon-label\">Trwa\u0142o\u015b\u0107<\/span>\n                  <\/a>\n               <\/li>\n                                          <li class=\"icon\">\n                  <a href=\"https:\/\/penosil.com\/pl\/en\/zrownowazony-rozwoj\/sustainable-components\/\"\n                     class=\"icon-link d-flex align-items-center justify-content-center\"\n                     style=\"--bg-color: #52b788; --text-color: #fff\"\n                     >\n                     <span class=\"icon-image\" aria-hidden=\"true\">\n                        <img loading=\"lazy\" decoding=\"async\" src=\"https:\/\/penosil.com\/pl\/wp-content\/uploads\/sites\/39\/2024\/05\/Group-409.svg\" width=\"72\" height=\"75\" alt=\"\">\n                     <\/span>\n                     <span class=\"icon-label\">Zr\u00f3wnowa\u017cone komponenty<\/span>\n                  <\/a>\n               <\/li>\n                                          <li class=\"icon\">\n                  <a href=\"https:\/\/penosil.com\/pl\/en\/zrownowazony-rozwoj\/renewable-energy\/\"\n                     class=\"icon-link d-flex align-items-center justify-content-center\"\n                     style=\"--bg-color: #40916c; --text-color: #fff\"\n                     >\n                     <span class=\"icon-image\" aria-hidden=\"true\">\n                        <img loading=\"lazy\" decoding=\"async\" src=\"https:\/\/penosil.com\/pl\/wp-content\/uploads\/sites\/39\/2024\/05\/48x48_Icons.svg\" width=\"76\" height=\"73\" alt=\"\">\n                     <\/span>\n                     <span class=\"icon-label\">\u017br\u00f3d\u0142a odnawialenej energii<\/span>\n                  <\/a>\n               <\/li>\n                                          <li class=\"icon\">\n                  <a href=\"https:\/\/penosil.com\/pl\/en\/zrownowazony-rozwoj\/innovation\/\"\n                     class=\"icon-link d-flex align-items-center justify-content-center\"\n                     style=\"--bg-color: #1b4332; --text-color: #fff\"\n                     >\n                     <span class=\"icon-image\" aria-hidden=\"true\">\n                        <img loading=\"lazy\" decoding=\"async\" src=\"https:\/\/penosil.com\/pl\/wp-content\/uploads\/sites\/39\/2024\/05\/Group-410.svg\" width=\"88\" height=\"94\" alt=\"\">\n                     <\/span>\n                     <span class=\"icon-label\">Innowacje<\/span>\n                  <\/a>\n               <\/li>\n                                          <li class=\"icon\">\n                  <a href=\"https:\/\/penosil.com\/pl\/en\/zrownowazony-rozwoj\/waste-management\/\"\n                     class=\"icon-link d-flex align-items-center justify-content-center\"\n                     style=\"--bg-color: #25a18e; --text-color: #fff\"\n                     >\n                     <span class=\"icon-image\" aria-hidden=\"true\">\n                        <img loading=\"lazy\" decoding=\"async\" src=\"https:\/\/penosil.com\/pl\/wp-content\/uploads\/sites\/39\/2024\/05\/Group-415.svg\" width=\"82\" height=\"75\" alt=\"\">\n                     <\/span>\n                     <span class=\"icon-label\">Zarz\u0105dzanie odpadami<\/span>\n                  <\/a>\n               <\/li>\n                                          <li class=\"icon\">\n                  <a href=\"https:\/\/penosil.com\/pl\/en\/zrownowazony-rozwoj\/invisible-but-everywhere\/\"\n                     class=\"icon-link d-flex align-items-center justify-content-center\"\n                     style=\"--bg-color: #007F5F; --text-color: #fff\"\n                     >\n                     <span class=\"icon-image\" aria-hidden=\"true\">\n                        <img loading=\"lazy\" decoding=\"async\" src=\"https:\/\/penosil.com\/pl\/wp-content\/uploads\/sites\/39\/2024\/05\/Group-393.svg\" width=\"87\" height=\"79\" alt=\"\">\n                     <\/span>\n                     <span class=\"icon-label\">Niewidoczne, ale wsz\u0119dzie obecne<\/span>\n                  <\/a>\n               <\/li>\n                     <\/ul>\n      <\/div>\n   <\/section>","protected":false},"excerpt":{"rendered":"","protected":false},"author":105,"featured_media":0,"parent":35571,"menu_order":0,"comment_status":"closed","ping_status":"closed","template":"page-templates\/template-no-title.php","meta":{"_acf_changed":false,"advgb_blocks_editor_width":"","advgb_blocks_columns_visual_guide":"","footnotes":""},"class_list":["post-35578","page","type-page","status-publish","hentry"],"acf":[],"yoast_head":"<!-- This site is optimized with the Yoast SEO plugin v27.2 - https:\/\/yoast.com\/product\/yoast-seo-wordpress\/ -->\n<title>Bezpieczniejsze \u015brodowisko \u017cycia - PENOSIL Polska<\/title>\n<meta name=\"description\" content=\"W PENOIL pracujemy nad nowymi produktami o niskiej zawarto\u015bci VOC i wykorzystuj\u0105cymi bezpieczniejsze surowce.\" \/>\n<meta name=\"robots\" content=\"index, follow, max-snippet:-1, max-image-preview:large, max-video-preview:-1\" \/>\n<link rel=\"canonical\" href=\"https:\/\/penosil.com\/pl\/zrownowazony-rozwoj\/bezpieczniejsze-srodowisko-zycia\/\" \/>\n<meta property=\"og:locale\" content=\"pl_PL\" \/>\n<meta property=\"og:type\" content=\"article\" \/>\n<meta property=\"og:title\" content=\"Bezpieczniejsze \u015brodowisko \u017cycia - PENOSIL Polska\" \/>\n<meta property=\"og:description\" content=\"W PENOIL pracujemy nad nowymi produktami o niskiej zawarto\u015bci VOC i wykorzystuj\u0105cymi bezpieczniejsze surowce.\" \/>\n<meta property=\"og:url\" content=\"https:\/\/penosil.com\/pl\/zrownowazony-rozwoj\/bezpieczniejsze-srodowisko-zycia\/\" \/>\n<meta property=\"og:site_name\" content=\"PENOSIL Polska\" \/>\n<meta property=\"article:modified_time\" content=\"2025-07-10T11:11:09+00:00\" \/>\n<meta name=\"twitter:card\" content=\"summary_large_image\" \/>\n<meta name=\"twitter:label1\" content=\"Szacowany czas czytania\" \/>\n\t<meta name=\"twitter:data1\" content=\"2 minuty\" \/>\n<script type=\"application\/ld+json\" class=\"yoast-schema-graph\">{\"@context\":\"https:\/\/schema.org\",\"@graph\":[{\"@type\":\"WebPage\",\"@id\":\"https:\/\/penosil.com\/pl\/zrownowazony-rozwoj\/bezpieczniejsze-srodowisko-zycia\/\",\"url\":\"https:\/\/penosil.com\/pl\/zrownowazony-rozwoj\/bezpieczniejsze-srodowisko-zycia\/\",\"name\":\"Bezpieczniejsze \u015brodowisko \u017cycia - PENOSIL Polska\",\"isPartOf\":{\"@id\":\"https:\/\/penosil.com\/pl\/#website\"},\"datePublished\":\"2024-05-09T09:10:09+00:00\",\"dateModified\":\"2025-07-10T11:11:09+00:00\",\"description\":\"W PENOIL pracujemy nad nowymi produktami o niskiej zawarto\u015bci VOC i wykorzystuj\u0105cymi bezpieczniejsze surowce.\",\"breadcrumb\":{\"@id\":\"https:\/\/penosil.com\/pl\/zrownowazony-rozwoj\/bezpieczniejsze-srodowisko-zycia\/#breadcrumb\"},\"inLanguage\":\"pl-PL\",\"potentialAction\":[{\"@type\":\"ReadAction\",\"target\":[\"https:\/\/penosil.com\/pl\/zrownowazony-rozwoj\/bezpieczniejsze-srodowisko-zycia\/\"]}]},{\"@type\":\"BreadcrumbList\",\"@id\":\"https:\/\/penosil.com\/pl\/zrownowazony-rozwoj\/bezpieczniejsze-srodowisko-zycia\/#breadcrumb\",\"itemListElement\":[{\"@type\":\"ListItem\",\"position\":1,\"name\":\"Home\",\"item\":\"https:\/\/penosil.com\/pl\/\"},{\"@type\":\"ListItem\",\"position\":2,\"name\":\"Zr\u00f3wnowa\u017cony rozw\u00f3j\",\"item\":\"https:\/\/penosil.com\/pl\/zrownowazony-rozwoj\/\"},{\"@type\":\"ListItem\",\"position\":3,\"name\":\"Bezpieczniejsze \u015brodowisko \u017cycia\"}]},{\"@type\":\"WebSite\",\"@id\":\"https:\/\/penosil.com\/pl\/#website\",\"url\":\"https:\/\/penosil.com\/pl\/\",\"name\":\"PENOSIL Polska\",\"description\":\"\",\"potentialAction\":[{\"@type\":\"SearchAction\",\"target\":{\"@type\":\"EntryPoint\",\"urlTemplate\":\"https:\/\/penosil.com\/pl\/?s={search_term_string}\"},\"query-input\":{\"@type\":\"PropertyValueSpecification\",\"valueRequired\":true,\"valueName\":\"search_term_string\"}}],\"inLanguage\":\"pl-PL\"}]}<\/script>\n<!-- \/ Yoast SEO plugin. -->","yoast_head_json":{"title":"Bezpieczniejsze \u015brodowisko \u017cycia - PENOSIL Polska","description":"W PENOIL pracujemy nad nowymi produktami o niskiej zawarto\u015bci VOC i wykorzystuj\u0105cymi bezpieczniejsze surowce.","robots":{"index":"index","follow":"follow","max-snippet":"max-snippet:-1","max-image-preview":"max-image-preview:large","max-video-preview":"max-video-preview:-1"},"canonical":"https:\/\/penosil.com\/pl\/zrownowazony-rozwoj\/bezpieczniejsze-srodowisko-zycia\/","og_locale":"pl_PL","og_type":"article","og_title":"Bezpieczniejsze \u015brodowisko \u017cycia - PENOSIL Polska","og_description":"W PENOIL pracujemy nad nowymi produktami o niskiej zawarto\u015bci VOC i wykorzystuj\u0105cymi bezpieczniejsze surowce.","og_url":"https:\/\/penosil.com\/pl\/zrownowazony-rozwoj\/bezpieczniejsze-srodowisko-zycia\/","og_site_name":"PENOSIL Polska","article_modified_time":"2025-07-10T11:11:09+00:00","twitter_card":"summary_large_image","twitter_misc":{"Szacowany czas czytania":"2 minuty"},"schema":{"@context":"https:\/\/schema.org","@graph":[{"@type":"WebPage","@id":"https:\/\/penosil.com\/pl\/zrownowazony-rozwoj\/bezpieczniejsze-srodowisko-zycia\/","url":"https:\/\/penosil.com\/pl\/zrownowazony-rozwoj\/bezpieczniejsze-srodowisko-zycia\/","name":"Bezpieczniejsze \u015brodowisko \u017cycia - PENOSIL Polska","isPartOf":{"@id":"https:\/\/penosil.com\/pl\/#website"},"datePublished":"2024-05-09T09:10:09+00:00","dateModified":"2025-07-10T11:11:09+00:00","description":"W PENOIL pracujemy nad nowymi produktami o niskiej zawarto\u015bci VOC i wykorzystuj\u0105cymi bezpieczniejsze surowce.","breadcrumb":{"@id":"https:\/\/penosil.com\/pl\/zrownowazony-rozwoj\/bezpieczniejsze-srodowisko-zycia\/#breadcrumb"},"inLanguage":"pl-PL","potentialAction":[{"@type":"ReadAction","target":["https:\/\/penosil.com\/pl\/zrownowazony-rozwoj\/bezpieczniejsze-srodowisko-zycia\/"]}]},{"@type":"BreadcrumbList","@id":"https:\/\/penosil.com\/pl\/zrownowazony-rozwoj\/bezpieczniejsze-srodowisko-zycia\/#breadcrumb","itemListElement":[{"@type":"ListItem","position":1,"name":"Home","item":"https:\/\/penosil.com\/pl\/"},{"@type":"ListItem","position":2,"name":"Zr\u00f3wnowa\u017cony rozw\u00f3j","item":"https:\/\/penosil.com\/pl\/zrownowazony-rozwoj\/"},{"@type":"ListItem","position":3,"name":"Bezpieczniejsze \u015brodowisko \u017cycia"}]},{"@type":"WebSite","@id":"https:\/\/penosil.com\/pl\/#website","url":"https:\/\/penosil.com\/pl\/","name":"PENOSIL Polska","description":"","potentialAction":[{"@type":"SearchAction","target":{"@type":"EntryPoint","urlTemplate":"https:\/\/penosil.com\/pl\/?s={search_term_string}"},"query-input":{"@type":"PropertyValueSpecification","valueRequired":true,"valueName":"search_term_string"}}],"inLanguage":"pl-PL"}]}},"coauthors":[],"author_meta":{"author_link":"https:\/\/penosil.com\/pl\/author\/kevinreaktiiv\/","display_name":"kevinreaktiiv"},"relative_dates":{"created":"Posted 2 lata ago","modified":"Updated 9 miesi\u0119cy ago"},"absolute_dates":{"created":"Posted on 09\/05\/2024","modified":"Updated on 10\/07\/2025"},"absolute_dates_time":{"created":"Posted on 09\/05\/2024 09:10","modified":"Updated on 10\/07\/2025 13:11"},"featured_img_caption":"","featured_img":false,"series_order":"","_links":{"self":[{"href":"https:\/\/penosil.com\/pl\/wp-json\/wp\/v2\/pages\/35578","targetHints":{"allow":["GET"]}}],"collection":[{"href":"https:\/\/penosil.com\/pl\/wp-json\/wp\/v2\/pages"}],"about":[{"href":"https:\/\/penosil.com\/pl\/wp-json\/wp\/v2\/types\/page"}],"author":[{"embeddable":true,"href":"https:\/\/penosil.com\/pl\/wp-json\/wp\/v2\/users\/105"}],"replies":[{"embeddable":true,"href":"https:\/\/penosil.com\/pl\/wp-json\/wp\/v2\/comments?post=35578"}],"version-history":[{"count":4,"href":"https:\/\/penosil.com\/pl\/wp-json\/wp\/v2\/pages\/35578\/revisions"}],"predecessor-version":[{"id":37910,"href":"https:\/\/penosil.com\/pl\/wp-json\/wp\/v2\/pages\/35578\/revisions\/37910"}],"up":[{"embeddable":true,"href":"https:\/\/penosil.com\/pl\/wp-json\/wp\/v2\/pages\/35571"}],"wp:attachment":[{"href":"https:\/\/penosil.com\/pl\/wp-json\/wp\/v2\/media?parent=35578"}],"curies":[{"name":"wp","href":"https:\/\/api.w.org\/{rel}","templated":true}]}}