{"id":35582,"date":"2024-05-09T08:49:46","date_gmt":"2024-05-09T08:49:46","guid":{"rendered":"https:\/\/penosil.rktv.ee\/pl\/zrownowazony-rozwoj\/renewable-energy\/"},"modified":"2025-03-28T07:32:55","modified_gmt":"2025-03-28T07:32:55","slug":"zrodla-odnawialnej-energii","status":"publish","type":"page","link":"https:\/\/penosil.com\/pl\/zrownowazony-rozwoj\/zrodla-odnawialnej-energii\/","title":{"rendered":"\u0179r\u00f3d\u0142a odnawialnej energii"},"content":{"rendered":"<section class=\"pnsl-thin-banner-block\" style=\"background-color: #40916c; color: #ffffff\" aria-label=\"\u0179r\u00f3d\u0142a odnawialnej energii\">\n   <div class=\"container d-flex flex-column flex-lg-row align-items-lg-center justify-content-between\">\n      <div class=\"text-wrap\">\n                     <h1>\u0179r\u00f3d\u0142a odnawialnej energii<\/h1>\n         \n                     <p>Naszym celem jest przej\u015bcie na <strong>100%<\/strong> zielonej energii do<strong> 2030 roku<\/strong>.<\/p>\n               <\/div>\n\n               <div id=\"lottie-block_94fc95fb73ba95f6ba8dc487e41297aa\" class=\"lottie-animation\" data-path=\"https:\/\/penosil.com\/pl\/wp-content\/themes\/penosil\/assets\/lottie\/renewable.json\" data-speed=\"0.75\" role=\"img\" aria-label=\"Decorative animation\"><\/div>\n         <\/div>\n<\/section>\n\n<section class=\"pnsl-renewable-energy-block d-flex flex-column\" aria-label=\"Renewable Energy Information\">\n         <div class=\"text-container container\">\n         <div class=\"lines-text d-flex flex-column flex-lg-row align-items-center\" role=\"region\" aria-label=\"Key Energy Message\">\n                           <img loading=\"lazy\" decoding=\"async\" src=\"https:\/\/penosil.com\/pl\/wp-content\/uploads\/sites\/39\/2024\/05\/GreenElectricity_green-1.svg\" width=\"80\" height=\"80\" alt=\"\" role=\"img\">\n            \n            <p><span style=\"font-weight: 400;\">Obecnie produkcja PENOSIL korzysta w <strong>100%<\/strong> z energii elektrycznej pochodz\u0105cej ze \u017ar\u00f3de\u0142 odnawialnych.<\/span><\/p>\n         <\/div>\n      <\/div>\n   \n   <div class=\"container angles-container\">\n      <div class=\"angles d-flex flex-column flex-lg-row align-items-center align-items-lg-stretch\">\n         <div class=\"red d-flex align-items-center justify-content-center\" role=\"complementary\" aria-label=\"Wind Energy Animation\">\n            <div id=\"lottie-block_3b8eff1971a62ddc2fafca9bf04cf1ac\"\n               class=\"lottie-animation\"\n               data-path=\"https:\/\/penosil.com\/pl\/wp-content\/themes\/penosil\/assets\/lottie\/windturbine.json\"\n               data-speed=\"0.75\"\n               role=\"img\"\n               aria-label=\"Animated wind turbine illustration\"><\/div>\n         <\/div>\n\n                     <div class=\"gray d-flex align-items-center justify-content-center\" role=\"complementary\" aria-label=\"Renewable Energy Details\">\n               <div class=\"gray-text\">\n                  <ul>\n<li>Energia elektryczna stanowi<strong> 70-75%<\/strong> naszego zu\u017cycia energii.<\/li>\n<li>W naszych fabrykach i biurach w Tallinie oraz Barcelonie korzystamy w <strong>100% z zielonej energii<\/strong> elektrycznej, pozyskiwanej <strong>ze s\u0142o\u0144ca i wiatru.<\/strong><\/li>\n<\/ul>\n               <\/div>\n            <\/div>\n               <\/div>\n   <\/div>\n\n         <div class=\"text-container container\">\n         <div class=\"last-text\" role=\"region\" aria-label=\"Additional Energy Information\">\n            <ul>\n<li>W latach 2018-2019 wymienili\u015bmy ca\u0142e o\u015bwietlenie na \u017car\u00f3wki LED, co pozwoli\u0142o obni\u017cy\u0107 zu\u017cycie energii elektrycznej <strong>o 18%<\/strong>.<\/li>\n<li>Gaz stanowi oko\u0142o <strong>25-30%<\/strong> naszego zu\u017cycia &#8211; d\u0105\u017cymy do <strong>przej\u015bcia na zielony gaz do 2030 roku<\/strong>.<\/li>\n<li>Modernizacja system\u00f3w grzewczych w naszych zak\u0142adach w Tallinie, przeprowadzona oko\u0142o pi\u0119\u0107 lat temu, pozwoli\u0142a <strong>zredukowa\u0107 emisje CO\u2082 o 40%<\/strong>.<\/li>\n<\/ul>\n         <\/div>\n      <\/div>\n   <\/section>\n\n<section class=\"pnsl-icon-hovers-block\" aria-label=\"Interactive Icon Navigation\">\n   <div class=\"container\">\n               <h2>Przejd\u017a do kolejnego tematu zr\u00f3wnowa\u017conego rozwoju<\/h2>\n         <\/div>\n\n         <div class=\"container icons-container\">\n         <ul class=\"icons d-flex align-items-center justify-content-center justify-content-lg-between flex-wrap\" role=\"list\">\n                                          <li class=\"icon\">\n                  <a href=\"https:\/\/penosil.com\/pl\/en\/zrownowazony-rozwoj\/durability\/\"\n                     class=\"icon-link d-flex align-items-center justify-content-center\"\n                     style=\"--bg-color: #b7e4c7; --text-color: #ffffff\"\n                     >\n                     <span class=\"icon-image\" aria-hidden=\"true\">\n                        <img loading=\"lazy\" decoding=\"async\" src=\"https:\/\/penosil.com\/pl\/wp-content\/uploads\/sites\/39\/2024\/05\/Icons.svg\" width=\"68\" height=\"67\" alt=\"\">\n                     <\/span>\n                     <span class=\"icon-label\">Trwa\u0142o\u015b\u0107<\/span>\n                  <\/a>\n               <\/li>\n                                          <li class=\"icon\">\n                  <a href=\"https:\/\/penosil.com\/pl\/en\/zrownowazony-rozwoj\/sustainable-components\/\"\n                     class=\"icon-link d-flex align-items-center justify-content-center\"\n                     style=\"--bg-color: #52b788; --text-color: #fff\"\n                     >\n                     <span class=\"icon-image\" aria-hidden=\"true\">\n                        <img loading=\"lazy\" decoding=\"async\" src=\"https:\/\/penosil.com\/pl\/wp-content\/uploads\/sites\/39\/2024\/05\/Group-409.svg\" width=\"72\" height=\"75\" alt=\"\">\n                     <\/span>\n                     <span class=\"icon-label\">Zr\u00f3wnowa\u017cone komponenty<\/span>\n                  <\/a>\n               <\/li>\n                                          <li class=\"icon\">\n                  <a href=\"https:\/\/penosil.com\/pl\/en\/zrownowazony-rozwoj\/innovation\/\"\n                     class=\"icon-link d-flex align-items-center justify-content-center\"\n                     style=\"--bg-color: #1b4332; --text-color: #fff\"\n                     >\n                     <span class=\"icon-image\" aria-hidden=\"true\">\n                        <img loading=\"lazy\" decoding=\"async\" src=\"https:\/\/penosil.com\/pl\/wp-content\/uploads\/sites\/39\/2024\/05\/Group-410.svg\" width=\"88\" height=\"94\" alt=\"\">\n                     <\/span>\n                     <span class=\"icon-label\">Innowacje<\/span>\n                  <\/a>\n               <\/li>\n                                          <li class=\"icon\">\n                  <a href=\"https:\/\/penosil.com\/pl\/en\/zrownowazony-rozwoj\/safer-living-environment\/\"\n                     class=\"icon-link d-flex align-items-center justify-content-center\"\n                     style=\"--bg-color: #426a5a; --text-color: #fff\"\n                     >\n                     <span class=\"icon-image\" aria-hidden=\"true\">\n                        <img loading=\"lazy\" decoding=\"async\" src=\"https:\/\/penosil.com\/pl\/wp-content\/uploads\/sites\/39\/2024\/05\/Group-416.svg\" width=\"79\" height=\"90\" alt=\"\">\n                     <\/span>\n                     <span class=\"icon-label\">Bezpieczniejsze \u015brodowisko \u017cycia<\/span>\n                  <\/a>\n               <\/li>\n                                          <li class=\"icon\">\n                  <a href=\"https:\/\/penosil.com\/pl\/en\/zrownowazony-rozwoj\/waste-management\/\"\n                     class=\"icon-link d-flex align-items-center justify-content-center\"\n                     style=\"--bg-color: #25a18e; --text-color: #fff\"\n                     >\n                     <span class=\"icon-image\" aria-hidden=\"true\">\n                        <img loading=\"lazy\" decoding=\"async\" src=\"https:\/\/penosil.com\/pl\/wp-content\/uploads\/sites\/39\/2024\/05\/Group-415.svg\" width=\"82\" height=\"75\" alt=\"\">\n                     <\/span>\n                     <span class=\"icon-label\">Zarz\u0105dzanie odpadami<\/span>\n                  <\/a>\n               <\/li>\n                                          <li class=\"icon\">\n                  <a href=\"https:\/\/penosil.com\/pl\/en\/zrownowazony-rozwoj\/invisible-but-everywhere\/\"\n                     class=\"icon-link d-flex align-items-center justify-content-center\"\n                     style=\"--bg-color: #007F5F; --text-color: #fff\"\n                     >\n                     <span class=\"icon-image\" aria-hidden=\"true\">\n                        <img loading=\"lazy\" decoding=\"async\" src=\"https:\/\/penosil.com\/pl\/wp-content\/uploads\/sites\/39\/2024\/05\/Group-393.svg\" width=\"87\" height=\"79\" alt=\"\">\n                     <\/span>\n                     <span class=\"icon-label\">Niewidoczne, ale wszedzie obecne<\/span>\n                  <\/a>\n               <\/li>\n                     <\/ul>\n      <\/div>\n   <\/section>","protected":false},"excerpt":{"rendered":"","protected":false},"author":105,"featured_media":0,"parent":35571,"menu_order":0,"comment_status":"closed","ping_status":"closed","template":"page-templates\/template-no-title.php","meta":{"_acf_changed":false,"advgb_blocks_editor_width":"","advgb_blocks_columns_visual_guide":"","footnotes":""},"class_list":["post-35582","page","type-page","status-publish","hentry"],"acf":[],"yoast_head":"<!-- This site is optimized with the Yoast SEO plugin v27.2 - https:\/\/yoast.com\/product\/yoast-seo-wordpress\/ -->\n<title>\u0179r\u00f3d\u0142a odnawialnej energii - PENOSIL Polska<\/title>\n<meta name=\"description\" content=\"Obecnie produkcja PENOSIL korzysta w 100% z energii elektrycznej pochodz\u0105cej ze \u017ar\u00f3de\u0142 odnawialnych. Dowiedz si\u0119 wi\u0119cej!\" \/>\n<meta name=\"robots\" content=\"index, follow, max-snippet:-1, max-image-preview:large, max-video-preview:-1\" \/>\n<link rel=\"canonical\" href=\"https:\/\/penosil.com\/pl\/zrownowazony-rozwoj\/zrodla-odnawialnej-energii\/\" \/>\n<meta property=\"og:locale\" content=\"pl_PL\" \/>\n<meta property=\"og:type\" content=\"article\" \/>\n<meta property=\"og:title\" content=\"\u0179r\u00f3d\u0142a odnawialnej energii - PENOSIL Polska\" \/>\n<meta property=\"og:description\" content=\"Obecnie produkcja PENOSIL korzysta w 100% z energii elektrycznej pochodz\u0105cej ze \u017ar\u00f3de\u0142 odnawialnych. Dowiedz si\u0119 wi\u0119cej!\" \/>\n<meta property=\"og:url\" content=\"https:\/\/penosil.com\/pl\/zrownowazony-rozwoj\/zrodla-odnawialnej-energii\/\" \/>\n<meta property=\"og:site_name\" content=\"PENOSIL Polska\" \/>\n<meta property=\"article:modified_time\" content=\"2025-03-28T07:32:55+00:00\" \/>\n<meta name=\"twitter:card\" content=\"summary_large_image\" \/>\n<meta name=\"twitter:label1\" content=\"Szacowany czas czytania\" \/>\n\t<meta name=\"twitter:data1\" content=\"1 minuta\" \/>\n<script type=\"application\/ld+json\" class=\"yoast-schema-graph\">{\"@context\":\"https:\/\/schema.org\",\"@graph\":[{\"@type\":\"WebPage\",\"@id\":\"https:\/\/penosil.com\/pl\/zrownowazony-rozwoj\/zrodla-odnawialnej-energii\/\",\"url\":\"https:\/\/penosil.com\/pl\/zrownowazony-rozwoj\/zrodla-odnawialnej-energii\/\",\"name\":\"\u0179r\u00f3d\u0142a odnawialnej energii - PENOSIL Polska\",\"isPartOf\":{\"@id\":\"https:\/\/penosil.com\/pl\/#website\"},\"datePublished\":\"2024-05-09T08:49:46+00:00\",\"dateModified\":\"2025-03-28T07:32:55+00:00\",\"description\":\"Obecnie produkcja PENOSIL korzysta w 100% z energii elektrycznej pochodz\u0105cej ze \u017ar\u00f3de\u0142 odnawialnych. Dowiedz si\u0119 wi\u0119cej!\",\"breadcrumb\":{\"@id\":\"https:\/\/penosil.com\/pl\/zrownowazony-rozwoj\/zrodla-odnawialnej-energii\/#breadcrumb\"},\"inLanguage\":\"pl-PL\",\"potentialAction\":[{\"@type\":\"ReadAction\",\"target\":[\"https:\/\/penosil.com\/pl\/zrownowazony-rozwoj\/zrodla-odnawialnej-energii\/\"]}]},{\"@type\":\"BreadcrumbList\",\"@id\":\"https:\/\/penosil.com\/pl\/zrownowazony-rozwoj\/zrodla-odnawialnej-energii\/#breadcrumb\",\"itemListElement\":[{\"@type\":\"ListItem\",\"position\":1,\"name\":\"Home\",\"item\":\"https:\/\/penosil.com\/pl\/\"},{\"@type\":\"ListItem\",\"position\":2,\"name\":\"Zr\u00f3wnowa\u017cony rozw\u00f3j\",\"item\":\"https:\/\/penosil.com\/pl\/zrownowazony-rozwoj\/\"},{\"@type\":\"ListItem\",\"position\":3,\"name\":\"\u0179r\u00f3d\u0142a odnawialnej energii\"}]},{\"@type\":\"WebSite\",\"@id\":\"https:\/\/penosil.com\/pl\/#website\",\"url\":\"https:\/\/penosil.com\/pl\/\",\"name\":\"PENOSIL Polska\",\"description\":\"\",\"potentialAction\":[{\"@type\":\"SearchAction\",\"target\":{\"@type\":\"EntryPoint\",\"urlTemplate\":\"https:\/\/penosil.com\/pl\/?s={search_term_string}\"},\"query-input\":{\"@type\":\"PropertyValueSpecification\",\"valueRequired\":true,\"valueName\":\"search_term_string\"}}],\"inLanguage\":\"pl-PL\"}]}<\/script>\n<!-- \/ Yoast SEO plugin. -->","yoast_head_json":{"title":"\u0179r\u00f3d\u0142a odnawialnej energii - PENOSIL Polska","description":"Obecnie produkcja PENOSIL korzysta w 100% z energii elektrycznej pochodz\u0105cej ze \u017ar\u00f3de\u0142 odnawialnych. Dowiedz si\u0119 wi\u0119cej!","robots":{"index":"index","follow":"follow","max-snippet":"max-snippet:-1","max-image-preview":"max-image-preview:large","max-video-preview":"max-video-preview:-1"},"canonical":"https:\/\/penosil.com\/pl\/zrownowazony-rozwoj\/zrodla-odnawialnej-energii\/","og_locale":"pl_PL","og_type":"article","og_title":"\u0179r\u00f3d\u0142a odnawialnej energii - PENOSIL Polska","og_description":"Obecnie produkcja PENOSIL korzysta w 100% z energii elektrycznej pochodz\u0105cej ze \u017ar\u00f3de\u0142 odnawialnych. Dowiedz si\u0119 wi\u0119cej!","og_url":"https:\/\/penosil.com\/pl\/zrownowazony-rozwoj\/zrodla-odnawialnej-energii\/","og_site_name":"PENOSIL Polska","article_modified_time":"2025-03-28T07:32:55+00:00","twitter_card":"summary_large_image","twitter_misc":{"Szacowany czas czytania":"1 minuta"},"schema":{"@context":"https:\/\/schema.org","@graph":[{"@type":"WebPage","@id":"https:\/\/penosil.com\/pl\/zrownowazony-rozwoj\/zrodla-odnawialnej-energii\/","url":"https:\/\/penosil.com\/pl\/zrownowazony-rozwoj\/zrodla-odnawialnej-energii\/","name":"\u0179r\u00f3d\u0142a odnawialnej energii - PENOSIL Polska","isPartOf":{"@id":"https:\/\/penosil.com\/pl\/#website"},"datePublished":"2024-05-09T08:49:46+00:00","dateModified":"2025-03-28T07:32:55+00:00","description":"Obecnie produkcja PENOSIL korzysta w 100% z energii elektrycznej pochodz\u0105cej ze \u017ar\u00f3de\u0142 odnawialnych. Dowiedz si\u0119 wi\u0119cej!","breadcrumb":{"@id":"https:\/\/penosil.com\/pl\/zrownowazony-rozwoj\/zrodla-odnawialnej-energii\/#breadcrumb"},"inLanguage":"pl-PL","potentialAction":[{"@type":"ReadAction","target":["https:\/\/penosil.com\/pl\/zrownowazony-rozwoj\/zrodla-odnawialnej-energii\/"]}]},{"@type":"BreadcrumbList","@id":"https:\/\/penosil.com\/pl\/zrownowazony-rozwoj\/zrodla-odnawialnej-energii\/#breadcrumb","itemListElement":[{"@type":"ListItem","position":1,"name":"Home","item":"https:\/\/penosil.com\/pl\/"},{"@type":"ListItem","position":2,"name":"Zr\u00f3wnowa\u017cony rozw\u00f3j","item":"https:\/\/penosil.com\/pl\/zrownowazony-rozwoj\/"},{"@type":"ListItem","position":3,"name":"\u0179r\u00f3d\u0142a odnawialnej energii"}]},{"@type":"WebSite","@id":"https:\/\/penosil.com\/pl\/#website","url":"https:\/\/penosil.com\/pl\/","name":"PENOSIL Polska","description":"","potentialAction":[{"@type":"SearchAction","target":{"@type":"EntryPoint","urlTemplate":"https:\/\/penosil.com\/pl\/?s={search_term_string}"},"query-input":{"@type":"PropertyValueSpecification","valueRequired":true,"valueName":"search_term_string"}}],"inLanguage":"pl-PL"}]}},"coauthors":[],"author_meta":{"author_link":"https:\/\/penosil.com\/pl\/author\/kevinreaktiiv\/","display_name":"kevinreaktiiv"},"relative_dates":{"created":"Posted 2 lata ago","modified":"Updated 1 rok ago"},"absolute_dates":{"created":"Posted on 09\/05\/2024","modified":"Updated on 28\/03\/2025"},"absolute_dates_time":{"created":"Posted on 09\/05\/2024 08:49","modified":"Updated on 28\/03\/2025 07:32"},"featured_img_caption":"","featured_img":false,"series_order":"","_links":{"self":[{"href":"https:\/\/penosil.com\/pl\/wp-json\/wp\/v2\/pages\/35582","targetHints":{"allow":["GET"]}}],"collection":[{"href":"https:\/\/penosil.com\/pl\/wp-json\/wp\/v2\/pages"}],"about":[{"href":"https:\/\/penosil.com\/pl\/wp-json\/wp\/v2\/types\/page"}],"author":[{"embeddable":true,"href":"https:\/\/penosil.com\/pl\/wp-json\/wp\/v2\/users\/105"}],"replies":[{"embeddable":true,"href":"https:\/\/penosil.com\/pl\/wp-json\/wp\/v2\/comments?post=35582"}],"version-history":[{"count":3,"href":"https:\/\/penosil.com\/pl\/wp-json\/wp\/v2\/pages\/35582\/revisions"}],"predecessor-version":[{"id":37726,"href":"https:\/\/penosil.com\/pl\/wp-json\/wp\/v2\/pages\/35582\/revisions\/37726"}],"up":[{"embeddable":true,"href":"https:\/\/penosil.com\/pl\/wp-json\/wp\/v2\/pages\/35571"}],"wp:attachment":[{"href":"https:\/\/penosil.com\/pl\/wp-json\/wp\/v2\/media?parent=35582"}],"curies":[{"name":"wp","href":"https:\/\/api.w.org\/{rel}","templated":true}]}}