{"id":35586,"date":"2024-05-09T08:41:46","date_gmt":"2024-05-09T08:41:46","guid":{"rendered":"https:\/\/penosil.rktv.ee\/pl\/zrownowazony-rozwoj\/durability\/"},"modified":"2025-03-28T07:36:19","modified_gmt":"2025-03-28T07:36:19","slug":"trwalosc","status":"publish","type":"page","link":"https:\/\/penosil.com\/pl\/zrownowazony-rozwoj\/trwalosc\/","title":{"rendered":"Trwa\u0142o\u015b\u0107"},"content":{"rendered":"<section class=\"pnsl-thin-banner-block\" style=\"background-color: #b7e4c7; color: #007f5f\" aria-label=\"Trwa\u0142o\u015b\u0107\">\n   <div class=\"container d-flex flex-column flex-lg-row align-items-lg-center justify-content-between\">\n      <div class=\"text-wrap\">\n                     <h1>Trwa\u0142o\u015b\u0107<\/h1>\n         \n                     <p><span style=\"font-weight: 400;\"><strong>Trwa\u0142o\u015b\u0107 i jako\u015b\u0107<\/strong> naszych produkt\u00f3w to jeden z najwa\u017cniejszych priorytet\u00f3w.<\/span><\/p>\n               <\/div>\n\n               <div id=\"lottie-block_a609deab841b48b4d82f7da1d842251f\" class=\"lottie-animation\" data-path=\"https:\/\/penosil.com\/pl\/wp-content\/themes\/penosil\/assets\/lottie\/durability.json\" data-speed=\"0.75\" role=\"img\" aria-label=\"Decorative animation\"><\/div>\n         <\/div>\n<\/section>\n\n<section class=\"pnsl-durability-block d-flex flex-column\" aria-label=\"Product Durability Information\">\n   <div class=\"container angles-container\">\n      <div class=\"angles d-flex flex-column flex-lg-row align-items-center align-items-lg-stretch\">\n                     <div class=\"red d-flex align-items-center justify-content-center\" role=\"complementary\" aria-label=\"Key Durability Highlight\">\n               <p>Co sprawia, \u017ce <strong>produkty PENOSIL<\/strong> s\u0105 trwa\u0142e?<b><br \/>\n<\/b><\/p>\n<div id=\"gtx-trans\" style=\"position: absolute; left: 239px; top: -9.33333px;\">\n<div class=\"gtx-trans-icon\"><\/div>\n<\/div>\n            <\/div>\n         \n                     <div class=\"gray d-flex align-items-center justify-content-center\" role=\"complementary\" aria-label=\"Durability Details\">\n               <div class=\"gray-text\">\n                  <ul>\n<li><span style=\"font-weight: 400;\">Ci\u0105gle pracujemy nad optymalizacj\u0105 r\u00f3wnowagi mi\u0119dzy <strong>\u017cywotno\u015bci\u0105 produktu<\/strong> a jego <strong>wp\u0142ywem na \u015brodowisko<\/strong>.<\/span><\/li>\n<li><span style=\"font-weight: 400;\">Na przyk\u0142ad, produkt o wy\u017cszym wp\u0142ywie na \u015brodowisko mo\u017ce dzi\u0119ki <strong>d\u0142u\u017cszej \u017cywotno\u015bci<\/strong> by\u0107 bardziej zr\u00f3wnowa\u017cony.<\/span><\/li>\n<\/ul>\n               <\/div>\n            <\/div>\n               <\/div>\n   <\/div>\n\n         <div class=\"container text-container\">\n         <div class=\"regular-text\" role=\"region\" aria-label=\"Additional Durability Information\">\n            <h3><strong><span style=\"color: #e30000;\">Piany PU<\/span><\/strong><\/h3>\n<p><span style=\"font-weight: 400;\">Je\u015bli piana PU zostanie <strong>prawid\u0142owo zaaplikowana w odpowiednich warunkach<\/strong>, jej w\u0142a\u015bciwo\u015bci izolacyjne utrzymuj\u0105 si\u0119 przez wiele lat.<\/span><\/p>\n<p><span style=\"font-weight: 400;\">G\u0142\u00f3wnym zagro\u017ceniem dla trwa\u0142o\u015bci piany PU s\u0105 <strong>promienie UV<\/strong>. Aby zapewni\u0107 jej d\u0142ugowieczno\u015b\u0107, zawsze zalecamy <strong>pokrycie utwardzonej piany<\/strong> nieprzezroczystym materia\u0142em, takim jak farba czy tynk \u2013 w przeciwnym razie promienie UV mog\u0105 uszkodzi\u0107 struktur\u0119 piany, powoduj\u0105c utrat\u0119 izolacyjno\u015bci.<\/span><\/p>\n<h3><strong><span style=\"color: #e30000;\">Uszczelniacze<\/span><\/strong><\/h3>\n<p><span style=\"font-weight: 400;\">Podobnie jak struktura piany PU, uszczelniacze s\u0105 wra\u017cliwe na <strong>dzia\u0142anie promieni UV oraz wysok\u0105 wilgotno\u015b\u0107<\/strong>. Mimo \u017ce w naszej ofercie posiadamy uszczelniacze z dodatkiem fungicyd\u00f3w, nawet najbardziej skuteczny \u015brodek odporny na ple\u015b\u0144 mo\u017ce z czasem ulec rozwojowi ple\u015bni w s\u0142abo wentylowanym pomieszczeniu.<\/span><\/p>\n<p><span style=\"font-weight: 400;\"><strong>Aby zapewni\u0107 trwa\u0142o\u015b\u0107 uszczelnionych powierzchni na d\u0142ugi czas<\/strong>, wa\u017cne jest:<\/span><\/p>\n<ul>\n<li><span style=\"font-weight: 400;\">Dobre dopasowanie rodzaju uszczelniacza (odpornego na ple\u015b\u0144, elastycznego, malowalnego itd.)<\/span><\/li>\n<li><span style=\"font-weight: 400;\">\u015acis\u0142e przestrzeganie instrukcji aplikacji<\/span><\/li>\n<li><span style=\"font-weight: 400;\">Zminimalizowanie warunk\u00f3w szkodliwych, takich jak brak wentylacji i sta\u0142a wysoka wilgotno\u015b\u0107<\/span><\/li>\n<\/ul>\n         <\/div>\n      <\/div>\n   \n         <div class=\"container text-container\">\n         <div class=\"text-between-lines\" role=\"region\" aria-label=\"Highlighted Durability Statement\">\n            <p><span style=\"font-weight: 400;\">Prawid\u0142owo izolowane i uszczelnione konstrukcje przek\u0142adaj\u0105 si\u0119 na <strong>ni\u017csze koszty remont\u00f3w, ogrzewania i ch\u0142odzenia<\/strong> przez wiele lat.<\/span><\/p>\n         <\/div>\n      <\/div>\n   <\/section>\n\n<section class=\"pnsl-icon-hovers-block\" aria-label=\"Interactive Icon Navigation\">\n   <div class=\"container\">\n               <h2>Przejd\u017a do kolejnego tematu zr\u00f3wnowa\u017conego rozwoju<\/h2>\n         <\/div>\n\n         <div class=\"container icons-container\">\n         <ul class=\"icons d-flex align-items-center justify-content-center justify-content-lg-between flex-wrap\" role=\"list\">\n                                          <li class=\"icon\">\n                  <a href=\"https:\/\/penosil.com\/pl\/en\/zrownowazony-rozwoj\/sustainable-components\/\"\n                     class=\"icon-link d-flex align-items-center justify-content-center\"\n                     style=\"--bg-color: #52b788; --text-color: #fff\"\n                     >\n                     <span class=\"icon-image\" aria-hidden=\"true\">\n                        <img loading=\"lazy\" decoding=\"async\" src=\"https:\/\/penosil.com\/pl\/wp-content\/uploads\/sites\/39\/2024\/05\/Group-409.svg\" width=\"72\" height=\"75\" alt=\"\">\n                     <\/span>\n                     <span class=\"icon-label\">Zr\u00f3wnowa\u017cone komponenty<\/span>\n                  <\/a>\n               <\/li>\n                                          <li class=\"icon\">\n                  <a href=\"https:\/\/penosil.com\/pl\/en\/zrownowazony-rozwoj\/renewable-energy\/\"\n                     class=\"icon-link d-flex align-items-center justify-content-center\"\n                     style=\"--bg-color: #40916c; --text-color: #fff\"\n                     >\n                     <span class=\"icon-image\" aria-hidden=\"true\">\n                        <img loading=\"lazy\" decoding=\"async\" src=\"https:\/\/penosil.com\/pl\/wp-content\/uploads\/sites\/39\/2024\/05\/48x48_Icons.svg\" width=\"76\" height=\"73\" alt=\"\">\n                     <\/span>\n                     <span class=\"icon-label\">\u017br\u00f3d\u0142a odnawialnej energii<\/span>\n                  <\/a>\n               <\/li>\n                                          <li class=\"icon\">\n                  <a href=\"https:\/\/penosil.com\/pl\/en\/zrownowazony-rozwoj\/innovation\/\"\n                     class=\"icon-link d-flex align-items-center justify-content-center\"\n                     style=\"--bg-color: #1b4332; --text-color: #fff\"\n                     >\n                     <span class=\"icon-image\" aria-hidden=\"true\">\n                        <img loading=\"lazy\" decoding=\"async\" src=\"https:\/\/penosil.com\/pl\/wp-content\/uploads\/sites\/39\/2024\/05\/Group-410.svg\" width=\"88\" height=\"94\" alt=\"\">\n                     <\/span>\n                     <span class=\"icon-label\">Innowacje<\/span>\n                  <\/a>\n               <\/li>\n                                          <li class=\"icon\">\n                  <a href=\"https:\/\/penosil.com\/pl\/en\/zrownowazony-rozwoj\/safer-living-environment\/\"\n                     class=\"icon-link d-flex align-items-center justify-content-center\"\n                     style=\"--bg-color: #426a5a; --text-color: #fff\"\n                     >\n                     <span class=\"icon-image\" aria-hidden=\"true\">\n                        <img loading=\"lazy\" decoding=\"async\" src=\"https:\/\/penosil.com\/pl\/wp-content\/uploads\/sites\/39\/2024\/05\/Group-416.svg\" width=\"79\" height=\"90\" alt=\"\">\n                     <\/span>\n                     <span class=\"icon-label\">Bezpieczniejsze \u015brodowisko \u017cycia<\/span>\n                  <\/a>\n               <\/li>\n                                          <li class=\"icon\">\n                  <a href=\"https:\/\/penosil.com\/pl\/en\/zrownowazony-rozwoj\/waste-management\/\"\n                     class=\"icon-link d-flex align-items-center justify-content-center\"\n                     style=\"--bg-color: #25a18e; --text-color: #fff\"\n                     >\n                     <span class=\"icon-image\" aria-hidden=\"true\">\n                        <img loading=\"lazy\" decoding=\"async\" src=\"https:\/\/penosil.com\/pl\/wp-content\/uploads\/sites\/39\/2024\/05\/Group-415.svg\" width=\"82\" height=\"75\" alt=\"\">\n                     <\/span>\n                     <span class=\"icon-label\">Zarz\u0105dzanie odpadami<\/span>\n                  <\/a>\n               <\/li>\n                                          <li class=\"icon\">\n                  <a href=\"https:\/\/penosil.com\/pl\/en\/zrownowazony-rozwoj\/invisible-but-everywhere\/\"\n                     class=\"icon-link d-flex align-items-center justify-content-center\"\n                     style=\"--bg-color: #007F5F; --text-color: #fff\"\n                     >\n                     <span class=\"icon-image\" aria-hidden=\"true\">\n                        <img loading=\"lazy\" decoding=\"async\" src=\"https:\/\/penosil.com\/pl\/wp-content\/uploads\/sites\/39\/2024\/05\/Group-393.svg\" width=\"87\" height=\"79\" alt=\"\">\n                     <\/span>\n                     <span class=\"icon-label\">Niewidoczne, ale wsz\u0119dzie obecne<\/span>\n                  <\/a>\n               <\/li>\n                     <\/ul>\n      <\/div>\n   <\/section>","protected":false},"excerpt":{"rendered":"","protected":false},"author":105,"featured_media":0,"parent":35571,"menu_order":0,"comment_status":"closed","ping_status":"closed","template":"page-templates\/template-no-title.php","meta":{"_acf_changed":false,"advgb_blocks_editor_width":"","advgb_blocks_columns_visual_guide":"","footnotes":""},"class_list":["post-35586","page","type-page","status-publish","hentry"],"acf":[],"yoast_head":"<!-- This site is optimized with the Yoast SEO plugin v27.2 - https:\/\/yoast.com\/product\/yoast-seo-wordpress\/ -->\n<title>Trwa\u0142o\u015b\u0107 - PENOSIL Polska<\/title>\n<meta name=\"description\" content=\"Ci\u0105gle pracujemy nad optymalizacj\u0105 r\u00f3wnowagi mi\u0119dzy \u017cywotno\u015bci\u0105 naszych produkt\u00f3w a ich wp\u0142ywem na \u015brodowisko.\" \/>\n<meta name=\"robots\" content=\"index, follow, max-snippet:-1, max-image-preview:large, max-video-preview:-1\" \/>\n<link rel=\"canonical\" href=\"https:\/\/penosil.com\/pl\/zrownowazony-rozwoj\/trwalosc\/\" \/>\n<meta property=\"og:locale\" content=\"pl_PL\" \/>\n<meta property=\"og:type\" content=\"article\" \/>\n<meta property=\"og:title\" content=\"Trwa\u0142o\u015b\u0107 - PENOSIL Polska\" \/>\n<meta property=\"og:description\" content=\"Ci\u0105gle pracujemy nad optymalizacj\u0105 r\u00f3wnowagi mi\u0119dzy \u017cywotno\u015bci\u0105 naszych produkt\u00f3w a ich wp\u0142ywem na \u015brodowisko.\" \/>\n<meta property=\"og:url\" content=\"https:\/\/penosil.com\/pl\/zrownowazony-rozwoj\/trwalosc\/\" \/>\n<meta property=\"og:site_name\" content=\"PENOSIL Polska\" \/>\n<meta property=\"article:modified_time\" content=\"2025-03-28T07:36:19+00:00\" \/>\n<meta name=\"twitter:card\" content=\"summary_large_image\" \/>\n<meta name=\"twitter:label1\" content=\"Szacowany czas czytania\" \/>\n\t<meta name=\"twitter:data1\" content=\"1 minuta\" \/>\n<script type=\"application\/ld+json\" class=\"yoast-schema-graph\">{\"@context\":\"https:\/\/schema.org\",\"@graph\":[{\"@type\":\"WebPage\",\"@id\":\"https:\/\/penosil.com\/pl\/zrownowazony-rozwoj\/trwalosc\/\",\"url\":\"https:\/\/penosil.com\/pl\/zrownowazony-rozwoj\/trwalosc\/\",\"name\":\"Trwa\u0142o\u015b\u0107 - PENOSIL Polska\",\"isPartOf\":{\"@id\":\"https:\/\/penosil.com\/pl\/#website\"},\"datePublished\":\"2024-05-09T08:41:46+00:00\",\"dateModified\":\"2025-03-28T07:36:19+00:00\",\"description\":\"Ci\u0105gle pracujemy nad optymalizacj\u0105 r\u00f3wnowagi mi\u0119dzy \u017cywotno\u015bci\u0105 naszych produkt\u00f3w a ich wp\u0142ywem na \u015brodowisko.\",\"breadcrumb\":{\"@id\":\"https:\/\/penosil.com\/pl\/zrownowazony-rozwoj\/trwalosc\/#breadcrumb\"},\"inLanguage\":\"pl-PL\",\"potentialAction\":[{\"@type\":\"ReadAction\",\"target\":[\"https:\/\/penosil.com\/pl\/zrownowazony-rozwoj\/trwalosc\/\"]}]},{\"@type\":\"BreadcrumbList\",\"@id\":\"https:\/\/penosil.com\/pl\/zrownowazony-rozwoj\/trwalosc\/#breadcrumb\",\"itemListElement\":[{\"@type\":\"ListItem\",\"position\":1,\"name\":\"Home\",\"item\":\"https:\/\/penosil.com\/pl\/\"},{\"@type\":\"ListItem\",\"position\":2,\"name\":\"Zr\u00f3wnowa\u017cony rozw\u00f3j\",\"item\":\"https:\/\/penosil.com\/pl\/zrownowazony-rozwoj\/\"},{\"@type\":\"ListItem\",\"position\":3,\"name\":\"Trwa\u0142o\u015b\u0107\"}]},{\"@type\":\"WebSite\",\"@id\":\"https:\/\/penosil.com\/pl\/#website\",\"url\":\"https:\/\/penosil.com\/pl\/\",\"name\":\"PENOSIL Polska\",\"description\":\"\",\"potentialAction\":[{\"@type\":\"SearchAction\",\"target\":{\"@type\":\"EntryPoint\",\"urlTemplate\":\"https:\/\/penosil.com\/pl\/?s={search_term_string}\"},\"query-input\":{\"@type\":\"PropertyValueSpecification\",\"valueRequired\":true,\"valueName\":\"search_term_string\"}}],\"inLanguage\":\"pl-PL\"}]}<\/script>\n<!-- \/ Yoast SEO plugin. -->","yoast_head_json":{"title":"Trwa\u0142o\u015b\u0107 - PENOSIL Polska","description":"Ci\u0105gle pracujemy nad optymalizacj\u0105 r\u00f3wnowagi mi\u0119dzy \u017cywotno\u015bci\u0105 naszych produkt\u00f3w a ich wp\u0142ywem na \u015brodowisko.","robots":{"index":"index","follow":"follow","max-snippet":"max-snippet:-1","max-image-preview":"max-image-preview:large","max-video-preview":"max-video-preview:-1"},"canonical":"https:\/\/penosil.com\/pl\/zrownowazony-rozwoj\/trwalosc\/","og_locale":"pl_PL","og_type":"article","og_title":"Trwa\u0142o\u015b\u0107 - PENOSIL Polska","og_description":"Ci\u0105gle pracujemy nad optymalizacj\u0105 r\u00f3wnowagi mi\u0119dzy \u017cywotno\u015bci\u0105 naszych produkt\u00f3w a ich wp\u0142ywem na \u015brodowisko.","og_url":"https:\/\/penosil.com\/pl\/zrownowazony-rozwoj\/trwalosc\/","og_site_name":"PENOSIL Polska","article_modified_time":"2025-03-28T07:36:19+00:00","twitter_card":"summary_large_image","twitter_misc":{"Szacowany czas czytania":"1 minuta"},"schema":{"@context":"https:\/\/schema.org","@graph":[{"@type":"WebPage","@id":"https:\/\/penosil.com\/pl\/zrownowazony-rozwoj\/trwalosc\/","url":"https:\/\/penosil.com\/pl\/zrownowazony-rozwoj\/trwalosc\/","name":"Trwa\u0142o\u015b\u0107 - PENOSIL Polska","isPartOf":{"@id":"https:\/\/penosil.com\/pl\/#website"},"datePublished":"2024-05-09T08:41:46+00:00","dateModified":"2025-03-28T07:36:19+00:00","description":"Ci\u0105gle pracujemy nad optymalizacj\u0105 r\u00f3wnowagi mi\u0119dzy \u017cywotno\u015bci\u0105 naszych produkt\u00f3w a ich wp\u0142ywem na \u015brodowisko.","breadcrumb":{"@id":"https:\/\/penosil.com\/pl\/zrownowazony-rozwoj\/trwalosc\/#breadcrumb"},"inLanguage":"pl-PL","potentialAction":[{"@type":"ReadAction","target":["https:\/\/penosil.com\/pl\/zrownowazony-rozwoj\/trwalosc\/"]}]},{"@type":"BreadcrumbList","@id":"https:\/\/penosil.com\/pl\/zrownowazony-rozwoj\/trwalosc\/#breadcrumb","itemListElement":[{"@type":"ListItem","position":1,"name":"Home","item":"https:\/\/penosil.com\/pl\/"},{"@type":"ListItem","position":2,"name":"Zr\u00f3wnowa\u017cony rozw\u00f3j","item":"https:\/\/penosil.com\/pl\/zrownowazony-rozwoj\/"},{"@type":"ListItem","position":3,"name":"Trwa\u0142o\u015b\u0107"}]},{"@type":"WebSite","@id":"https:\/\/penosil.com\/pl\/#website","url":"https:\/\/penosil.com\/pl\/","name":"PENOSIL Polska","description":"","potentialAction":[{"@type":"SearchAction","target":{"@type":"EntryPoint","urlTemplate":"https:\/\/penosil.com\/pl\/?s={search_term_string}"},"query-input":{"@type":"PropertyValueSpecification","valueRequired":true,"valueName":"search_term_string"}}],"inLanguage":"pl-PL"}]}},"coauthors":[],"author_meta":{"author_link":"https:\/\/penosil.com\/pl\/author\/kevinreaktiiv\/","display_name":"kevinreaktiiv"},"relative_dates":{"created":"Posted 2 lata ago","modified":"Updated 1 rok ago"},"absolute_dates":{"created":"Posted on 09\/05\/2024","modified":"Updated on 28\/03\/2025"},"absolute_dates_time":{"created":"Posted on 09\/05\/2024 08:41","modified":"Updated on 28\/03\/2025 07:36"},"featured_img_caption":"","featured_img":false,"series_order":"","_links":{"self":[{"href":"https:\/\/penosil.com\/pl\/wp-json\/wp\/v2\/pages\/35586","targetHints":{"allow":["GET"]}}],"collection":[{"href":"https:\/\/penosil.com\/pl\/wp-json\/wp\/v2\/pages"}],"about":[{"href":"https:\/\/penosil.com\/pl\/wp-json\/wp\/v2\/types\/page"}],"author":[{"embeddable":true,"href":"https:\/\/penosil.com\/pl\/wp-json\/wp\/v2\/users\/105"}],"replies":[{"embeddable":true,"href":"https:\/\/penosil.com\/pl\/wp-json\/wp\/v2\/comments?post=35586"}],"version-history":[{"count":4,"href":"https:\/\/penosil.com\/pl\/wp-json\/wp\/v2\/pages\/35586\/revisions"}],"predecessor-version":[{"id":37728,"href":"https:\/\/penosil.com\/pl\/wp-json\/wp\/v2\/pages\/35586\/revisions\/37728"}],"up":[{"embeddable":true,"href":"https:\/\/penosil.com\/pl\/wp-json\/wp\/v2\/pages\/35571"}],"wp:attachment":[{"href":"https:\/\/penosil.com\/pl\/wp-json\/wp\/v2\/media?parent=35586"}],"curies":[{"name":"wp","href":"https:\/\/api.w.org\/{rel}","templated":true}]}}