{"id":35587,"date":"2024-05-09T08:13:53","date_gmt":"2024-05-09T08:13:53","guid":{"rendered":"https:\/\/penosil.rktv.ee\/pl\/zrownowazony-rozwoj\/invisible-but-everywhere\/"},"modified":"2025-03-28T07:36:57","modified_gmt":"2025-03-28T07:36:57","slug":"niewidoczne-ale-wszedzie-obecne","status":"publish","type":"page","link":"https:\/\/penosil.com\/pl\/zrownowazony-rozwoj\/niewidoczne-ale-wszedzie-obecne\/","title":{"rendered":"Niewidoczne, ale wsz\u0119dzie obecne"},"content":{"rendered":"<section class=\"pnsl-thin-banner-block\" style=\"background-color: #007F5F; color: #FFFFFF\" aria-label=\"Niewidoczne, ale wsz\u0119dzie obecne\">\n   <div class=\"container d-flex flex-column flex-lg-row align-items-lg-center justify-content-between\">\n      <div class=\"text-wrap\">\n                     <h1>Niewidoczne, ale wsz\u0119dzie obecne<\/h1>\n         \n                     <p>Nasze produkty cz\u0119sto pozostaj\u0105 niewidoczne, gdy budynek jest uko\u0144czony, ale <strong>stanowi\u0105<\/strong> <strong>nieodzowny element ca\u0142ego procesu budowlanego.<\/strong><\/p>\n               <\/div>\n\n               <div id=\"lottie-block_13221c498063457ee8082beb7c6ca5be\" class=\"lottie-animation\" data-path=\"https:\/\/penosil.com\/pl\/wp-content\/themes\/penosil\/assets\/lottie\/invisible.json\" data-speed=\"0.75\" role=\"img\" aria-label=\"Decorative animation\"><\/div>\n         <\/div>\n<\/section>\n\n<section class=\"pnsl-energy-efficiency-block d-flex flex-column\">\n   <div class=\"container\">\n               <div class=\"above-lines-text w100\">\n            <p>Budynki nale\u017c\u0105 do najwi\u0119kszych konsument\u00f3w energii &#8211; odpowiadaj\u0105 za ponad <strong>40%<\/strong> \u015bwiatowego zu\u017cycia energii oraz<strong> 33%<\/strong> globalnych emisji CO\u2082.<\/p>\n         <\/div>\n      \n               <div class=\"lines-text w100\">\n            <p>Produkty PENOSIL aktywnie<strong> przyczyniaj\u0105 si\u0119 do walki ze zmianami klimatycznymi<\/strong> poprzez popraw\u0119 efektywno\u015bci energetycznej budynk\u00f3w, co przek\u0142ada si\u0119 na obni\u017cenie emisji CO\u2082.<\/p>\n         <\/div>\n      \n               <h2>Jak poprawiamy efektywno\u015b\u0107 energetyczn\u0105?<\/h2>\n         <\/div>\n\n         <div class=\"container accordion-container\">\n         <div class=\"accordion\" role=\"region\" aria-label=\"Energy efficiency topics\">\n                                          <div class=\"item\">\n                  <button type=\"button\" \n                     class=\"title-wrap d-flex align-items-center\" \n                     aria-expanded=\"false\"\n                     aria-controls=\"accordion-panel-0\"\n                     id=\"accordion-header-0\">\n                     <div class=\"number d-flex align-items-center justify-content-center\" aria-hidden=\"true\"><span>1<\/span><\/div>\n                     <div class=\"title d-flex align-items-center\">Poprzez termoizolacj\u0119 konstrukcji<\/div>\n                  <\/button>\n                  <div class=\"content\" \n                     id=\"accordion-panel-0\" \n                     role=\"region\" \n                     aria-labelledby=\"accordion-header-0\"\n                     hidden>\n                     <ul>\n<li class=\"textLayer\">Nasze piany PU uszczelniaj\u0105 szczeliny, p\u0119kni\u0119cia oraz termoizoluj\u0105 po\u0142\u0105czenia, zapobiegaj\u0105c utracie energii w budynkach i redukuj\u0105c emisje CO\u2082.<\/li>\n<li class=\"textLayer\">Piany PU PENOSIL oszcz\u0119dzaj\u0105 ponad <strong>70 razy wi\u0119cej<\/strong> energii w trakcie cyklu \u017cycia ni\u017c zu\u017cyto podczas ich produkcji.<\/li>\n<li class=\"textLayer\"><strong>1 kg piany PU oszcz\u0119dza 1 000 kg CO\u2082<\/strong> &#8211; dla por\u00f3wnania, drzewo mo\u017ce poch\u0142on\u0105\u0107 oko\u0142o 1 000 kg CO\u2082 w ci\u0105gu 100 lat.<\/li>\n<li class=\"textLayer\">Piana PU to doskona\u0142y materia\u0142 izolacyjny, kt\u00f3ry dociera do trudno dost\u0119pnych miejsc i charakteryzuje si\u0119 ni\u017csz\u0105 przewodno\u015bci\u0105 ciepln\u0105 ni\u017c we\u0142na mineralna.<\/li>\n<li class=\"textLayer\">Prawid\u0142owo zastosowana piana PU pe\u0142ni r\u00f3wnie\u017c funkcj\u0119 izolacji akustycznej oraz zmniejsza ryzyko kondensacji i powstawania ple\u015bni.<\/li>\n<\/ul>\n\n                     \n                                       <\/div>\n               <\/div>\n                                          <div class=\"item\">\n                  <button type=\"button\" \n                     class=\"title-wrap d-flex align-items-center\" \n                     aria-expanded=\"false\"\n                     aria-controls=\"accordion-panel-1\"\n                     id=\"accordion-header-1\">\n                     <div class=\"number d-flex align-items-center justify-content-center\" aria-hidden=\"true\"><span>2<\/span><\/div>\n                     <div class=\"title d-flex align-items-center\">Poprzez popraw\u0119 szczelno\u015bci konstrukcji<\/div>\n                  <\/button>\n                  <div class=\"content\" \n                     id=\"accordion-panel-1\" \n                     role=\"region\" \n                     aria-labelledby=\"accordion-header-1\"\n                     hidden>\n                     <ul>\n<li>Szczelno\u015b\u0107 budynku zapobiega przedostawaniu si\u0119 powietrza, problemom z wilgoci\u0105 i kondensacj\u0105, zwi\u0119ksza bezpiecze\u0144stwo po\u017carowe oraz minimalizuje ha\u0142as.<\/li>\n<li>Utrata ciep\u0142a przez nieszczelno\u015bci wynosi oko\u0142o <strong>25-40%<\/strong> strat w zimnym klimacie oraz <strong>10-15%<\/strong> przyrostu ciep\u0142a w gor\u0105cym klimacie.<\/li>\n<li>Nawet najmniejsza nieszczelna szczelina ma du\u017cy wp\u0142yw na efektywno\u015b\u0107 energetyczn\u0105 \u2013 przyk\u0142adowo, szczelina o szeroko\u015bci 1 mm w \u015bcianie zewn\u0119trznej w zimie <strong>mo\u017ce zwi\u0119kszy\u0107 straty ciep\u0142a a\u017c 4,8-krotnie<\/strong> w por\u00f3wnaniu do uszczelnionego po\u0142\u0105czenia.<\/li>\n<li>Aby poprawi\u0107 szczelno\u015b\u0107 budynku, kluczowe jest stosowanie uszczelniaczy do zamkni\u0119cia nawet najmniejszych szczelin.<\/li>\n<\/ul>\n<p><strong>Typowe miejsca nieszczelno\u015bci:<\/strong><\/p>\n\n                                             <div class=\"airtightness\" role=\"figure\" aria-label=\"Building airtightness diagram\">\n                           <div class=\"image-wrap\">\n                                                               <img loading=\"lazy\" decoding=\"async\" class=\"d-none d-lg-block\" src=\"https:\/\/penosil.com\/pl\/wp-content\/uploads\/sites\/39\/2024\/05\/Group-437.svg\" width=\"255\" height=\"154\" alt=\"\">\n                              \n                                                               <img loading=\"lazy\" decoding=\"async\" class=\"d-lg-none\" src=\"https:\/\/penosil.com\/pl\/wp-content\/uploads\/sites\/39\/2024\/05\/Group-437-1.svg\" width=\"317\" height=\"410\" alt=\"\">\n                              \n                              <div class=\"texts-wrap\" role=\"list\" aria-label=\"Heat loss breakdown\">\n                                                                     <p class=\"doors\" role=\"listitem\">Drzwi <strong>10%<\/strong><\/p>\n                                 \n                                                                     <p class=\"windows\" role=\"listitem\">Okna <strong>15%<\/strong><\/p>\n                                 \n                                                                     <p class=\"roof\" role=\"listitem\">Konstrukcje dachowe <strong>25%<\/strong><\/p>\n                                 \n                                                                     <p class=\"penetration\" role=\"listitem\">Przebicia przez pow\u0142ok\u0119 budynku <strong>15%<\/strong><\/p>\n                                 \n                                                                     <p class=\"building\" role=\"listitem\">Pow\u0142oka budynku <strong>35%<\/strong><\/p>\n                                                               <\/div>\n                           <\/div>\n\n                        <\/div>\n                     \n                                       <\/div>\n               <\/div>\n                                          <div class=\"item\">\n                  <button type=\"button\" \n                     class=\"title-wrap d-flex align-items-center\" \n                     aria-expanded=\"false\"\n                     aria-controls=\"accordion-panel-2\"\n                     id=\"accordion-header-2\">\n                     <div class=\"number d-flex align-items-center justify-content-center\" aria-hidden=\"true\"><span>3<\/span><\/div>\n                     <div class=\"title d-flex align-items-center\">Poprzez minimalizacj\u0119 mostk\u00f3w termicznych<\/div>\n                  <\/button>\n                  <div class=\"content\" \n                     id=\"accordion-panel-2\" \n                     role=\"region\" \n                     aria-labelledby=\"accordion-header-2\"\n                     hidden>\n                     <ul>\n<li>Niew\u0142a\u015bciwie zamontowane okna i drzwi mog\u0105 powodowa\u0107 znaczne straty ciep\u0142a.<\/li>\n<li>PENOSIL oferuje r\u00f3\u017cnorodne energooszcz\u0119dne <a href=\"https:\/\/penosil.com\/pl\/systemy-i-rozwiazania\/\">rozwi\u0105zania do monta\u017cu okien i uszczelniania elewacji<\/a><\/li>\n<li>Stosowane razem, produkty z rozwi\u0105zania do energooszcz\u0119dnego monta\u017cu okien PENOSIL pomagaj\u0105 zminimalizowa\u0107 mostki termiczne i obni\u017cy\u0107 emisje CO\u2082.<\/li>\n<\/ul>\n\n                     \n                                             <div class=\"text-before-icon\">\n                           <p class=\"open-sus-modal open-thermal-bridges-modal\"> Czym s\u0105 mostki termiczne?<\/p>\n                           <button type=\"button\" \n                              class=\"open-sus-modal open-thermal-bridges-modal\"\n                              aria-label=\"Open thermal bridges information\">\n                              <img loading=\"lazy\" decoding=\"async\" src=\"https:\/\/penosil.com\/pl\/wp-content\/themes\/penosil\/images\/icons\/sus-info.svg\" width=\"52\" height=\"63\" alt=\"\" aria-hidden=\"true\">\n                           <\/button>\n                        <\/div>\n                                       <\/div>\n               <\/div>\n                     <\/div>\n      <\/div>\n   \n         <div class=\"sustainability-modal thermal-bridges-modal\" role=\"dialog\" aria-modal=\"true\" aria-labelledby=\"modal-title-thermal-bridges-modal\" hidden>\n\t<div class=\"modal_wrapper\">\n\t\t<div class=\"modal_content\">\n\t\t\t<button type=\"button\" class=\"close_modal\" aria-label=\"Zamknij\"><\/button>\n\n\t\t\t<div class=\"content_wrapper\">\n\t\t\t\t<div class=\"modal_main w100 d-flex flex-column flex-lg-row\">\n\t\t\t\t\t<div class=\"text_wrapper\">\n\t\t\t\t\t\t\t\t\t\t\t<h2 id=\"modal-title-thermal-bridges-modal\"> Czym s\u0105 mostki termiczne?<\/h2>\n\t\t\t\t\t\n\t\t\t\t\t\t\t\t\t\t\t<p><span style=\"font-weight: 400;\">Mostki termiczne to <strong>fragmenty konstrukcji budynku<\/strong>, w kt\u00f3rych przewodno\u015b\u0107 cieplna jest lokalnie <strong>znacznie wy\u017csza<\/strong> ni\u017c w pozosta\u0142ej cz\u0119\u015bci.<\/span><\/p>\n<p><strong>Mostki termiczne w budynkach wyst\u0119puj\u0105 w:<\/strong><\/p>\n<ul>\n<li><span style=\"font-weight: 400;\">Rogach \u015bcian zewn\u0119trznych oraz ramach okiennych i drzwiowych<\/span><\/li>\n<li><span style=\"font-weight: 400;\">Miejscach \u0142\u0105czenia \u015bcian zewn\u0119trznych z pod\u0142og\u0105, a tak\u017ce \u015bcian z dachem.<\/span><\/li>\n<\/ul>\n\t\t\t\t\t\t\t\t\t\t<\/div>\n\n\t\t\t\t\t\t\t\t\t\t<div class=\"image_wrapper\">\n\t\t\t\t\t\t<img loading=\"lazy\" decoding=\"async\" src=\"https:\/\/penosil.com\/pl\/wp-content\/uploads\/sites\/39\/2024\/05\/Heat-scanning-in-new-flat-2-scaled-1.jpg\" width=\"2560\" height=\"1918\" alt=\"\">\n\t\t\t\t\t<\/div>\n\t\t\t\t\t\t\t\t\t<\/div>\n\t\t\t<\/div>\n\t\t<\/div>\n\t<\/div>\n<\/div>   <\/section>\n\n<section class=\"pnsl-icon-hovers-block\" aria-label=\"Interactive Icon Navigation\">\n   <div class=\"container\">\n               <h2>Przejd\u017a do kolejnego tematu zr\u00f3wnowa\u017conego rozwoju<\/h2>\n         <\/div>\n\n         <div class=\"container icons-container\">\n         <ul class=\"icons d-flex align-items-center justify-content-center justify-content-lg-between flex-wrap\" role=\"list\">\n                                          <li class=\"icon\">\n                  <a href=\"https:\/\/penosil.com\/pl\/en\/zrownowazony-rozwoj\/durability\/\"\n                     class=\"icon-link d-flex align-items-center justify-content-center\"\n                     style=\"--bg-color: #b7e4c7; --text-color: #ffffff\"\n                     >\n                     <span class=\"icon-image\" aria-hidden=\"true\">\n                        <img loading=\"lazy\" decoding=\"async\" src=\"https:\/\/penosil.com\/pl\/wp-content\/uploads\/sites\/39\/2024\/05\/Icons.svg\" width=\"68\" height=\"67\" alt=\"\">\n                     <\/span>\n                     <span class=\"icon-label\">Trwa\u0142o\u015b\u0107<\/span>\n                  <\/a>\n               <\/li>\n                                          <li class=\"icon\">\n                  <a href=\"https:\/\/penosil.com\/pl\/en\/zrownowazony-rozwoj\/sustainable-components\/\"\n                     class=\"icon-link d-flex align-items-center justify-content-center\"\n                     style=\"--bg-color: #52b788; --text-color: #fff\"\n                     >\n                     <span class=\"icon-image\" aria-hidden=\"true\">\n                        <img loading=\"lazy\" decoding=\"async\" src=\"https:\/\/penosil.com\/pl\/wp-content\/uploads\/sites\/39\/2024\/05\/Group-409.svg\" width=\"72\" height=\"75\" alt=\"\">\n                     <\/span>\n                     <span class=\"icon-label\">Zr\u00f3wnowa\u017cone komponenty<\/span>\n                  <\/a>\n               <\/li>\n                                          <li class=\"icon\">\n                  <a href=\"https:\/\/penosil.com\/pl\/en\/zrownowazony-rozwoj\/renewable-energy\/\"\n                     class=\"icon-link d-flex align-items-center justify-content-center\"\n                     style=\"--bg-color: #40916c; --text-color: #fff\"\n                     >\n                     <span class=\"icon-image\" aria-hidden=\"true\">\n                        <img loading=\"lazy\" decoding=\"async\" src=\"https:\/\/penosil.com\/pl\/wp-content\/uploads\/sites\/39\/2024\/05\/48x48_Icons.svg\" width=\"76\" height=\"73\" alt=\"\">\n                     <\/span>\n                     <span class=\"icon-label\">\u0179r\u00f3d\u0142a odnawialnej energii<\/span>\n                  <\/a>\n               <\/li>\n                                          <li class=\"icon\">\n                  <a href=\"https:\/\/penosil.com\/pl\/en\/zrownowazony-rozwoj\/innovation\/\"\n                     class=\"icon-link d-flex align-items-center justify-content-center\"\n                     style=\"--bg-color: #1b4332; --text-color: #fff\"\n                     >\n                     <span class=\"icon-image\" aria-hidden=\"true\">\n                        <img loading=\"lazy\" decoding=\"async\" src=\"https:\/\/penosil.com\/pl\/wp-content\/uploads\/sites\/39\/2024\/05\/Group-410.svg\" width=\"88\" height=\"94\" alt=\"\">\n                     <\/span>\n                     <span class=\"icon-label\">Innowacje<\/span>\n                  <\/a>\n               <\/li>\n                                          <li class=\"icon\">\n                  <a href=\"https:\/\/penosil.com\/pl\/en\/zrownowazony-rozwoj\/safer-living-environment\/\"\n                     class=\"icon-link d-flex align-items-center justify-content-center\"\n                     style=\"--bg-color: #426a5a; --text-color: #fff\"\n                     >\n                     <span class=\"icon-image\" aria-hidden=\"true\">\n                        <img loading=\"lazy\" decoding=\"async\" src=\"https:\/\/penosil.com\/pl\/wp-content\/uploads\/sites\/39\/2024\/05\/Group-416.svg\" width=\"79\" height=\"90\" alt=\"\">\n                     <\/span>\n                     <span class=\"icon-label\">Bezpieczniejsze \u015brodowisko \u017cycia<\/span>\n                  <\/a>\n               <\/li>\n                                          <li class=\"icon\">\n                  <a href=\"https:\/\/penosil.com\/pl\/en\/zrownowazony-rozwoj\/waste-management\/\"\n                     class=\"icon-link d-flex align-items-center justify-content-center\"\n                     style=\"--bg-color: #25a18e; --text-color: #fff\"\n                     >\n                     <span class=\"icon-image\" aria-hidden=\"true\">\n                        <img loading=\"lazy\" decoding=\"async\" src=\"https:\/\/penosil.com\/pl\/wp-content\/uploads\/sites\/39\/2024\/05\/Group-415.svg\" width=\"82\" height=\"75\" alt=\"\">\n                     <\/span>\n                     <span class=\"icon-label\">Zarz\u0105dzanie odpadami<\/span>\n                  <\/a>\n               <\/li>\n                     <\/ul>\n      <\/div>\n   <\/section>","protected":false},"excerpt":{"rendered":"","protected":false},"author":105,"featured_media":0,"parent":35571,"menu_order":0,"comment_status":"closed","ping_status":"closed","template":"page-templates\/template-no-title.php","meta":{"_acf_changed":false,"advgb_blocks_editor_width":"","advgb_blocks_columns_visual_guide":"","footnotes":""},"class_list":["post-35587","page","type-page","status-publish","hentry"],"acf":[],"yoast_head":"<!-- This site is optimized with the Yoast SEO plugin v27.2 - https:\/\/yoast.com\/product\/yoast-seo-wordpress\/ -->\n<title>Niewidoczne, ale wsz\u0119dzie obecne - PENOSIL Polska<\/title>\n<meta name=\"description\" content=\"Produkty PENOSIL aktywnie przyczyniaj\u0105 si\u0119 do walki ze zmianami klimatycznymi poprzez popraw\u0119 efektywno\u015bci energetycznej budynk\u00f3w.\" \/>\n<meta name=\"robots\" content=\"index, follow, max-snippet:-1, max-image-preview:large, max-video-preview:-1\" \/>\n<link rel=\"canonical\" href=\"https:\/\/penosil.com\/pl\/zrownowazony-rozwoj\/niewidoczne-ale-wszedzie-obecne\/\" \/>\n<meta property=\"og:locale\" content=\"pl_PL\" \/>\n<meta property=\"og:type\" content=\"article\" \/>\n<meta property=\"og:title\" content=\"Niewidoczne, ale wsz\u0119dzie obecne - PENOSIL Polska\" \/>\n<meta property=\"og:description\" content=\"Produkty PENOSIL aktywnie przyczyniaj\u0105 si\u0119 do walki ze zmianami klimatycznymi poprzez popraw\u0119 efektywno\u015bci energetycznej budynk\u00f3w.\" \/>\n<meta property=\"og:url\" content=\"https:\/\/penosil.com\/pl\/zrownowazony-rozwoj\/niewidoczne-ale-wszedzie-obecne\/\" \/>\n<meta property=\"og:site_name\" content=\"PENOSIL Polska\" \/>\n<meta property=\"article:modified_time\" content=\"2025-03-28T07:36:57+00:00\" \/>\n<meta name=\"twitter:card\" content=\"summary_large_image\" \/>\n<meta name=\"twitter:label1\" content=\"Szacowany czas czytania\" \/>\n\t<meta name=\"twitter:data1\" content=\"2 minuty\" \/>\n<script type=\"application\/ld+json\" class=\"yoast-schema-graph\">{\"@context\":\"https:\/\/schema.org\",\"@graph\":[{\"@type\":\"WebPage\",\"@id\":\"https:\/\/penosil.com\/pl\/zrownowazony-rozwoj\/niewidoczne-ale-wszedzie-obecne\/\",\"url\":\"https:\/\/penosil.com\/pl\/zrownowazony-rozwoj\/niewidoczne-ale-wszedzie-obecne\/\",\"name\":\"Niewidoczne, ale wsz\u0119dzie obecne - PENOSIL Polska\",\"isPartOf\":{\"@id\":\"https:\/\/penosil.com\/pl\/#website\"},\"datePublished\":\"2024-05-09T08:13:53+00:00\",\"dateModified\":\"2025-03-28T07:36:57+00:00\",\"description\":\"Produkty PENOSIL aktywnie przyczyniaj\u0105 si\u0119 do walki ze zmianami klimatycznymi poprzez popraw\u0119 efektywno\u015bci energetycznej budynk\u00f3w.\",\"breadcrumb\":{\"@id\":\"https:\/\/penosil.com\/pl\/zrownowazony-rozwoj\/niewidoczne-ale-wszedzie-obecne\/#breadcrumb\"},\"inLanguage\":\"pl-PL\",\"potentialAction\":[{\"@type\":\"ReadAction\",\"target\":[\"https:\/\/penosil.com\/pl\/zrownowazony-rozwoj\/niewidoczne-ale-wszedzie-obecne\/\"]}]},{\"@type\":\"BreadcrumbList\",\"@id\":\"https:\/\/penosil.com\/pl\/zrownowazony-rozwoj\/niewidoczne-ale-wszedzie-obecne\/#breadcrumb\",\"itemListElement\":[{\"@type\":\"ListItem\",\"position\":1,\"name\":\"Home\",\"item\":\"https:\/\/penosil.com\/pl\/\"},{\"@type\":\"ListItem\",\"position\":2,\"name\":\"Zr\u00f3wnowa\u017cony rozw\u00f3j\",\"item\":\"https:\/\/penosil.com\/pl\/zrownowazony-rozwoj\/\"},{\"@type\":\"ListItem\",\"position\":3,\"name\":\"Niewidoczne, ale wsz\u0119dzie obecne\"}]},{\"@type\":\"WebSite\",\"@id\":\"https:\/\/penosil.com\/pl\/#website\",\"url\":\"https:\/\/penosil.com\/pl\/\",\"name\":\"PENOSIL Polska\",\"description\":\"\",\"potentialAction\":[{\"@type\":\"SearchAction\",\"target\":{\"@type\":\"EntryPoint\",\"urlTemplate\":\"https:\/\/penosil.com\/pl\/?s={search_term_string}\"},\"query-input\":{\"@type\":\"PropertyValueSpecification\",\"valueRequired\":true,\"valueName\":\"search_term_string\"}}],\"inLanguage\":\"pl-PL\"}]}<\/script>\n<!-- \/ Yoast SEO plugin. -->","yoast_head_json":{"title":"Niewidoczne, ale wsz\u0119dzie obecne - PENOSIL Polska","description":"Produkty PENOSIL aktywnie przyczyniaj\u0105 si\u0119 do walki ze zmianami klimatycznymi poprzez popraw\u0119 efektywno\u015bci energetycznej budynk\u00f3w.","robots":{"index":"index","follow":"follow","max-snippet":"max-snippet:-1","max-image-preview":"max-image-preview:large","max-video-preview":"max-video-preview:-1"},"canonical":"https:\/\/penosil.com\/pl\/zrownowazony-rozwoj\/niewidoczne-ale-wszedzie-obecne\/","og_locale":"pl_PL","og_type":"article","og_title":"Niewidoczne, ale wsz\u0119dzie obecne - PENOSIL Polska","og_description":"Produkty PENOSIL aktywnie przyczyniaj\u0105 si\u0119 do walki ze zmianami klimatycznymi poprzez popraw\u0119 efektywno\u015bci energetycznej budynk\u00f3w.","og_url":"https:\/\/penosil.com\/pl\/zrownowazony-rozwoj\/niewidoczne-ale-wszedzie-obecne\/","og_site_name":"PENOSIL Polska","article_modified_time":"2025-03-28T07:36:57+00:00","twitter_card":"summary_large_image","twitter_misc":{"Szacowany czas czytania":"2 minuty"},"schema":{"@context":"https:\/\/schema.org","@graph":[{"@type":"WebPage","@id":"https:\/\/penosil.com\/pl\/zrownowazony-rozwoj\/niewidoczne-ale-wszedzie-obecne\/","url":"https:\/\/penosil.com\/pl\/zrownowazony-rozwoj\/niewidoczne-ale-wszedzie-obecne\/","name":"Niewidoczne, ale wsz\u0119dzie obecne - PENOSIL Polska","isPartOf":{"@id":"https:\/\/penosil.com\/pl\/#website"},"datePublished":"2024-05-09T08:13:53+00:00","dateModified":"2025-03-28T07:36:57+00:00","description":"Produkty PENOSIL aktywnie przyczyniaj\u0105 si\u0119 do walki ze zmianami klimatycznymi poprzez popraw\u0119 efektywno\u015bci energetycznej budynk\u00f3w.","breadcrumb":{"@id":"https:\/\/penosil.com\/pl\/zrownowazony-rozwoj\/niewidoczne-ale-wszedzie-obecne\/#breadcrumb"},"inLanguage":"pl-PL","potentialAction":[{"@type":"ReadAction","target":["https:\/\/penosil.com\/pl\/zrownowazony-rozwoj\/niewidoczne-ale-wszedzie-obecne\/"]}]},{"@type":"BreadcrumbList","@id":"https:\/\/penosil.com\/pl\/zrownowazony-rozwoj\/niewidoczne-ale-wszedzie-obecne\/#breadcrumb","itemListElement":[{"@type":"ListItem","position":1,"name":"Home","item":"https:\/\/penosil.com\/pl\/"},{"@type":"ListItem","position":2,"name":"Zr\u00f3wnowa\u017cony rozw\u00f3j","item":"https:\/\/penosil.com\/pl\/zrownowazony-rozwoj\/"},{"@type":"ListItem","position":3,"name":"Niewidoczne, ale wsz\u0119dzie obecne"}]},{"@type":"WebSite","@id":"https:\/\/penosil.com\/pl\/#website","url":"https:\/\/penosil.com\/pl\/","name":"PENOSIL Polska","description":"","potentialAction":[{"@type":"SearchAction","target":{"@type":"EntryPoint","urlTemplate":"https:\/\/penosil.com\/pl\/?s={search_term_string}"},"query-input":{"@type":"PropertyValueSpecification","valueRequired":true,"valueName":"search_term_string"}}],"inLanguage":"pl-PL"}]}},"coauthors":[],"author_meta":{"author_link":"https:\/\/penosil.com\/pl\/author\/kevinreaktiiv\/","display_name":"kevinreaktiiv"},"relative_dates":{"created":"Posted 2 lata ago","modified":"Updated 1 rok ago"},"absolute_dates":{"created":"Posted on 09\/05\/2024","modified":"Updated on 28\/03\/2025"},"absolute_dates_time":{"created":"Posted on 09\/05\/2024 08:13","modified":"Updated on 28\/03\/2025 07:36"},"featured_img_caption":"","featured_img":false,"series_order":"","_links":{"self":[{"href":"https:\/\/penosil.com\/pl\/wp-json\/wp\/v2\/pages\/35587","targetHints":{"allow":["GET"]}}],"collection":[{"href":"https:\/\/penosil.com\/pl\/wp-json\/wp\/v2\/pages"}],"about":[{"href":"https:\/\/penosil.com\/pl\/wp-json\/wp\/v2\/types\/page"}],"author":[{"embeddable":true,"href":"https:\/\/penosil.com\/pl\/wp-json\/wp\/v2\/users\/105"}],"replies":[{"embeddable":true,"href":"https:\/\/penosil.com\/pl\/wp-json\/wp\/v2\/comments?post=35587"}],"version-history":[{"count":2,"href":"https:\/\/penosil.com\/pl\/wp-json\/wp\/v2\/pages\/35587\/revisions"}],"predecessor-version":[{"id":37162,"href":"https:\/\/penosil.com\/pl\/wp-json\/wp\/v2\/pages\/35587\/revisions\/37162"}],"up":[{"embeddable":true,"href":"https:\/\/penosil.com\/pl\/wp-json\/wp\/v2\/pages\/35571"}],"wp:attachment":[{"href":"https:\/\/penosil.com\/pl\/wp-json\/wp\/v2\/media?parent=35587"}],"curies":[{"name":"wp","href":"https:\/\/api.w.org\/{rel}","templated":true}]}}