{"id":35589,"date":"2024-04-02T09:40:57","date_gmt":"2024-04-02T09:40:57","guid":{"rendered":"https:\/\/penosil.rktv.ee\/pl\/ustawienia-plikow-cookie\/"},"modified":"2025-03-28T07:41:17","modified_gmt":"2025-03-28T07:41:17","slug":"ustawienia-plikow-cookie","status":"publish","type":"page","link":"https:\/\/penosil.com\/pl\/ustawienia-plikow-cookie\/","title":{"rendered":"Ustawienia plik\u00f3w cookie"},"content":{"rendered":"\n<script id=\"CookieDeclaration\" src=\"https:\/\/consent.cookiebot.com\/5e17b36a-a977-4354-a4f1-6d6b52bad99c\/cd.js\" type=\"text\/javascript\" async=\"\"><\/script>\n\n\n\n<p><\/p>\n","protected":false},"excerpt":{"rendered":"","protected":false},"author":105,"featured_media":0,"parent":0,"menu_order":0,"comment_status":"closed","ping_status":"closed","template":"","meta":{"_acf_changed":false,"advgb_blocks_editor_width":"","advgb_blocks_columns_visual_guide":"","footnotes":""},"class_list":["post-35589","page","type-page","status-publish","hentry"],"acf":[],"yoast_head":"<!-- This site is optimized with the Yoast SEO plugin v27.2 - https:\/\/yoast.com\/product\/yoast-seo-wordpress\/ -->\n<title>Ustawienia plik\u00f3w cookie - PENOSIL Polska<\/title>\n<meta name=\"description\" content=\"Polityka cookies PENOSIL \u2013 sprawd\u017a, jak wykorzystujemy pliki cookie w celu poprawy funkcjonalno\u015bci strony i jako\u015bci obs\u0142ugi u\u017cytkownika.\" \/>\n<meta name=\"robots\" content=\"index, follow, max-snippet:-1, max-image-preview:large, max-video-preview:-1\" \/>\n<link rel=\"canonical\" href=\"https:\/\/penosil.com\/pl\/ustawienia-plikow-cookie\/\" \/>\n<meta property=\"og:locale\" content=\"pl_PL\" \/>\n<meta property=\"og:type\" content=\"article\" \/>\n<meta property=\"og:title\" content=\"Ustawienia plik\u00f3w cookie - PENOSIL Polska\" \/>\n<meta property=\"og:description\" content=\"Polityka cookies PENOSIL \u2013 sprawd\u017a, jak wykorzystujemy pliki cookie w celu poprawy funkcjonalno\u015bci strony i jako\u015bci obs\u0142ugi u\u017cytkownika.\" \/>\n<meta property=\"og:url\" content=\"https:\/\/penosil.com\/pl\/ustawienia-plikow-cookie\/\" \/>\n<meta property=\"og:site_name\" content=\"PENOSIL Polska\" \/>\n<meta property=\"article:modified_time\" content=\"2025-03-28T07:41:17+00:00\" \/>\n<meta name=\"twitter:card\" content=\"summary_large_image\" \/>\n<script type=\"application\/ld+json\" class=\"yoast-schema-graph\">{\"@context\":\"https:\/\/schema.org\",\"@graph\":[{\"@type\":\"WebPage\",\"@id\":\"https:\/\/penosil.com\/pl\/ustawienia-plikow-cookie\/\",\"url\":\"https:\/\/penosil.com\/pl\/ustawienia-plikow-cookie\/\",\"name\":\"Ustawienia plik\u00f3w cookie - PENOSIL Polska\",\"isPartOf\":{\"@id\":\"https:\/\/penosil.com\/pl\/#website\"},\"datePublished\":\"2024-04-02T09:40:57+00:00\",\"dateModified\":\"2025-03-28T07:41:17+00:00\",\"description\":\"Polityka cookies PENOSIL \u2013 sprawd\u017a, jak wykorzystujemy pliki cookie w celu poprawy funkcjonalno\u015bci strony i jako\u015bci obs\u0142ugi u\u017cytkownika.\",\"breadcrumb\":{\"@id\":\"https:\/\/penosil.com\/pl\/ustawienia-plikow-cookie\/#breadcrumb\"},\"inLanguage\":\"pl-PL\",\"potentialAction\":[{\"@type\":\"ReadAction\",\"target\":[\"https:\/\/penosil.com\/pl\/ustawienia-plikow-cookie\/\"]}]},{\"@type\":\"BreadcrumbList\",\"@id\":\"https:\/\/penosil.com\/pl\/ustawienia-plikow-cookie\/#breadcrumb\",\"itemListElement\":[{\"@type\":\"ListItem\",\"position\":1,\"name\":\"Home\",\"item\":\"https:\/\/penosil.com\/pl\/\"},{\"@type\":\"ListItem\",\"position\":2,\"name\":\"Ustawienia plik\u00f3w cookie\"}]},{\"@type\":\"WebSite\",\"@id\":\"https:\/\/penosil.com\/pl\/#website\",\"url\":\"https:\/\/penosil.com\/pl\/\",\"name\":\"PENOSIL Polska\",\"description\":\"\",\"potentialAction\":[{\"@type\":\"SearchAction\",\"target\":{\"@type\":\"EntryPoint\",\"urlTemplate\":\"https:\/\/penosil.com\/pl\/?s={search_term_string}\"},\"query-input\":{\"@type\":\"PropertyValueSpecification\",\"valueRequired\":true,\"valueName\":\"search_term_string\"}}],\"inLanguage\":\"pl-PL\"}]}<\/script>\n<!-- \/ Yoast SEO plugin. -->","yoast_head_json":{"title":"Ustawienia plik\u00f3w cookie - PENOSIL Polska","description":"Polityka cookies PENOSIL \u2013 sprawd\u017a, jak wykorzystujemy pliki cookie w celu poprawy funkcjonalno\u015bci strony i jako\u015bci obs\u0142ugi u\u017cytkownika.","robots":{"index":"index","follow":"follow","max-snippet":"max-snippet:-1","max-image-preview":"max-image-preview:large","max-video-preview":"max-video-preview:-1"},"canonical":"https:\/\/penosil.com\/pl\/ustawienia-plikow-cookie\/","og_locale":"pl_PL","og_type":"article","og_title":"Ustawienia plik\u00f3w cookie - PENOSIL Polska","og_description":"Polityka cookies PENOSIL \u2013 sprawd\u017a, jak wykorzystujemy pliki cookie w celu poprawy funkcjonalno\u015bci strony i jako\u015bci obs\u0142ugi u\u017cytkownika.","og_url":"https:\/\/penosil.com\/pl\/ustawienia-plikow-cookie\/","og_site_name":"PENOSIL Polska","article_modified_time":"2025-03-28T07:41:17+00:00","twitter_card":"summary_large_image","schema":{"@context":"https:\/\/schema.org","@graph":[{"@type":"WebPage","@id":"https:\/\/penosil.com\/pl\/ustawienia-plikow-cookie\/","url":"https:\/\/penosil.com\/pl\/ustawienia-plikow-cookie\/","name":"Ustawienia plik\u00f3w cookie - PENOSIL Polska","isPartOf":{"@id":"https:\/\/penosil.com\/pl\/#website"},"datePublished":"2024-04-02T09:40:57+00:00","dateModified":"2025-03-28T07:41:17+00:00","description":"Polityka cookies PENOSIL \u2013 sprawd\u017a, jak wykorzystujemy pliki cookie w celu poprawy funkcjonalno\u015bci strony i jako\u015bci obs\u0142ugi u\u017cytkownika.","breadcrumb":{"@id":"https:\/\/penosil.com\/pl\/ustawienia-plikow-cookie\/#breadcrumb"},"inLanguage":"pl-PL","potentialAction":[{"@type":"ReadAction","target":["https:\/\/penosil.com\/pl\/ustawienia-plikow-cookie\/"]}]},{"@type":"BreadcrumbList","@id":"https:\/\/penosil.com\/pl\/ustawienia-plikow-cookie\/#breadcrumb","itemListElement":[{"@type":"ListItem","position":1,"name":"Home","item":"https:\/\/penosil.com\/pl\/"},{"@type":"ListItem","position":2,"name":"Ustawienia plik\u00f3w cookie"}]},{"@type":"WebSite","@id":"https:\/\/penosil.com\/pl\/#website","url":"https:\/\/penosil.com\/pl\/","name":"PENOSIL Polska","description":"","potentialAction":[{"@type":"SearchAction","target":{"@type":"EntryPoint","urlTemplate":"https:\/\/penosil.com\/pl\/?s={search_term_string}"},"query-input":{"@type":"PropertyValueSpecification","valueRequired":true,"valueName":"search_term_string"}}],"inLanguage":"pl-PL"}]}},"coauthors":[],"author_meta":{"author_link":"https:\/\/penosil.com\/pl\/author\/kevinreaktiiv\/","display_name":"kevinreaktiiv"},"relative_dates":{"created":"Posted 2 lata ago","modified":"Updated 1 rok ago"},"absolute_dates":{"created":"Posted on 02\/04\/2024","modified":"Updated on 28\/03\/2025"},"absolute_dates_time":{"created":"Posted on 02\/04\/2024 09:40","modified":"Updated on 28\/03\/2025 07:41"},"featured_img_caption":"","featured_img":false,"series_order":"","_links":{"self":[{"href":"https:\/\/penosil.com\/pl\/wp-json\/wp\/v2\/pages\/35589","targetHints":{"allow":["GET"]}}],"collection":[{"href":"https:\/\/penosil.com\/pl\/wp-json\/wp\/v2\/pages"}],"about":[{"href":"https:\/\/penosil.com\/pl\/wp-json\/wp\/v2\/types\/page"}],"author":[{"embeddable":true,"href":"https:\/\/penosil.com\/pl\/wp-json\/wp\/v2\/users\/105"}],"replies":[{"embeddable":true,"href":"https:\/\/penosil.com\/pl\/wp-json\/wp\/v2\/comments?post=35589"}],"version-history":[{"count":1,"href":"https:\/\/penosil.com\/pl\/wp-json\/wp\/v2\/pages\/35589\/revisions"}],"predecessor-version":[{"id":37729,"href":"https:\/\/penosil.com\/pl\/wp-json\/wp\/v2\/pages\/35589\/revisions\/37729"}],"wp:attachment":[{"href":"https:\/\/penosil.com\/pl\/wp-json\/wp\/v2\/media?parent=35589"}],"curies":[{"name":"wp","href":"https:\/\/api.w.org\/{rel}","templated":true}]}}