{"id":35591,"date":"2023-08-29T06:43:34","date_gmt":"2023-08-29T06:43:34","guid":{"rendered":"https:\/\/penosil.rktv.ee\/pl\/rozwiazania-penosil\/"},"modified":"2025-10-20T18:21:33","modified_gmt":"2025-10-20T16:21:33","slug":"rozwiazania","status":"publish","type":"page","link":"https:\/\/penosil.com\/pl\/rozwiazania\/","title":{"rendered":"Rozwi\u0105zania"},"content":{"rendered":"<section id=\"pnsl-solutions-selection-block_bf605aaf6504bdf00dd07f3477709cbf\" class=\"pnsl-solutions-selection-block\" aria-labelledby=\"solutions-heading\">\n   \n    <section class=\"pnsl-breadcrumbs\">\n        <div class=\"container\">\n            <div class=\"d-flex flex-wrap align-items-center\">\n                                                            <a href=\"https:\/\/penosil.com\/pl\">Home<\/a>\n                    \n                                            <div class=\"arrow\"><\/div>\n                                                                                <span>Rozwi\u0105zania<\/span>\n                    \n                                                <\/div>\n        <\/div>\n    <\/section>\n\n   <div class=\"container\">\n      <h1 id=\"solutions-heading\" class=\"visually-hidden\">Penosil Solutions<\/h1>\n\n      <ul class=\"row solutions-list\" role=\"list\">\n                                 <li class=\"col col-12 col-lg-6\">\n               <article class=\"solution d-flex flex-column align-items-center text-center\">\n                                       <h2>Rozwi\u0105zania systemowe<\/h2>\n                  \n                                       <a href=\"https:\/\/penosil.com\/pl\/rozwiazania-systemowe\/\"\n                        class=\"image-wrap\"\n                        aria-hidden=\"true\"\n                        tabindex=\"-1\"\n                        >\n                        <img decoding=\"async\" src=\"https:\/\/penosil.com\/pl\/wp-content\/uploads\/sites\/39\/2024\/07\/Pro-Builders-solutions-Penosil.png\"\n                           width=\"965\"\n                           height=\"510\"\n                           alt=\"Pro-Builders-solutions-Penosil\"\n                           loading=\"lazy\">\n                     <\/a>\n                  \n                  \n                                                            <a class=\"btn rbtn\"\n                        href=\"https:\/\/penosil.com\/pl\/rozwiazania-systemowe\/\"\n                        aria-label=\"View Rozwi\u0105zania systemowe solutions\"\n                        >\n                        Sprawd\u017a                     <\/a>\n                                 <\/article>\n            <\/li>\n                                 <li class=\"col col-12 col-lg-6\">\n               <article class=\"solution d-flex flex-column align-items-center text-center\">\n                                       <h2>Rozwi\u0105zania przemys\u0142owe<\/h2>\n                  \n                                       <a href=\"https:\/\/penosil.com\/pl\/rozwiazania-przemyslowe\/\"\n                        class=\"image-wrap\"\n                        aria-hidden=\"true\"\n                        tabindex=\"-1\"\n                        >\n                        <img decoding=\"async\" src=\"https:\/\/penosil.com\/pl\/wp-content\/uploads\/sites\/39\/2024\/07\/Industrial-solutions-Penosil.png\"\n                           width=\"965\"\n                           height=\"510\"\n                           alt=\"Industrial-solutions-Penosil\"\n                           loading=\"lazy\">\n                     <\/a>\n                  \n                  \n                                                            <a class=\"btn rbtn\"\n                        href=\"https:\/\/penosil.com\/pl\/rozwiazania-przemyslowe\/\"\n                        aria-label=\"View Rozwi\u0105zania przemys\u0142owe solutions\"\n                        >\n                        Sprawd\u017a                     <\/a>\n                                 <\/article>\n            <\/li>\n               <\/ul>\n   <\/div>\n<\/section>","protected":false},"excerpt":{"rendered":"","protected":false},"author":105,"featured_media":0,"parent":0,"menu_order":0,"comment_status":"closed","ping_status":"closed","template":"page-templates\/template-no-title.php","meta":{"_acf_changed":false,"advgb_blocks_editor_width":"","advgb_blocks_columns_visual_guide":"","footnotes":""},"class_list":["post-35591","page","type-page","status-publish","hentry"],"acf":[],"yoast_head":"<!-- This site is optimized with the Yoast SEO plugin v27.2 - https:\/\/yoast.com\/product\/yoast-seo-wordpress\/ -->\n<title>Rozwi\u0105zania | PENOSIL Polska<\/title>\n<meta name=\"description\" content=\"Systemy i rozwi\u0105zania \u2013 poznaj nowoczesne rozwi\u0105zania PENOSIL dla budownictwa i monta\u017cu. Sprawdzone produkty i porady dla profesjonalist\u00f3w\" \/>\n<meta name=\"robots\" content=\"index, follow, max-snippet:-1, max-image-preview:large, max-video-preview:-1\" \/>\n<link rel=\"canonical\" href=\"https:\/\/penosil.com\/pl\/rozwiazania\/\" \/>\n<meta property=\"og:locale\" content=\"pl_PL\" \/>\n<meta property=\"og:type\" content=\"article\" \/>\n<meta property=\"og:title\" content=\"Rozwi\u0105zania | PENOSIL Polska\" \/>\n<meta property=\"og:description\" content=\"Systemy i rozwi\u0105zania \u2013 poznaj nowoczesne rozwi\u0105zania PENOSIL dla budownictwa i monta\u017cu. Sprawdzone produkty i porady dla profesjonalist\u00f3w\" \/>\n<meta property=\"og:url\" content=\"https:\/\/penosil.com\/pl\/rozwiazania\/\" \/>\n<meta property=\"og:site_name\" content=\"PENOSIL Polska\" \/>\n<meta property=\"article:modified_time\" content=\"2025-10-20T16:21:33+00:00\" \/>\n<meta name=\"twitter:card\" content=\"summary_large_image\" \/>\n<meta name=\"twitter:label1\" content=\"Szacowany czas czytania\" \/>\n\t<meta name=\"twitter:data1\" content=\"1 minuta\" \/>\n<script type=\"application\/ld+json\" class=\"yoast-schema-graph\">{\"@context\":\"https:\/\/schema.org\",\"@graph\":[{\"@type\":\"WebPage\",\"@id\":\"https:\/\/penosil.com\/pl\/rozwiazania\/\",\"url\":\"https:\/\/penosil.com\/pl\/rozwiazania\/\",\"name\":\"Rozwi\u0105zania | PENOSIL Polska\",\"isPartOf\":{\"@id\":\"https:\/\/penosil.com\/pl\/#website\"},\"datePublished\":\"2023-08-29T06:43:34+00:00\",\"dateModified\":\"2025-10-20T16:21:33+00:00\",\"description\":\"Systemy i rozwi\u0105zania \u2013 poznaj nowoczesne rozwi\u0105zania PENOSIL dla budownictwa i monta\u017cu. Sprawdzone produkty i porady dla profesjonalist\u00f3w\",\"breadcrumb\":{\"@id\":\"https:\/\/penosil.com\/pl\/rozwiazania\/#breadcrumb\"},\"inLanguage\":\"pl-PL\",\"potentialAction\":[{\"@type\":\"ReadAction\",\"target\":[\"https:\/\/penosil.com\/pl\/rozwiazania\/\"]}]},{\"@type\":\"BreadcrumbList\",\"@id\":\"https:\/\/penosil.com\/pl\/rozwiazania\/#breadcrumb\",\"itemListElement\":[{\"@type\":\"ListItem\",\"position\":1,\"name\":\"Home\",\"item\":\"https:\/\/penosil.com\/pl\/\"},{\"@type\":\"ListItem\",\"position\":2,\"name\":\"Rozwi\u0105zania\"}]},{\"@type\":\"WebSite\",\"@id\":\"https:\/\/penosil.com\/pl\/#website\",\"url\":\"https:\/\/penosil.com\/pl\/\",\"name\":\"PENOSIL Polska\",\"description\":\"\",\"potentialAction\":[{\"@type\":\"SearchAction\",\"target\":{\"@type\":\"EntryPoint\",\"urlTemplate\":\"https:\/\/penosil.com\/pl\/?s={search_term_string}\"},\"query-input\":{\"@type\":\"PropertyValueSpecification\",\"valueRequired\":true,\"valueName\":\"search_term_string\"}}],\"inLanguage\":\"pl-PL\"}]}<\/script>\n<!-- \/ Yoast SEO plugin. -->","yoast_head_json":{"title":"Rozwi\u0105zania | PENOSIL Polska","description":"Systemy i rozwi\u0105zania \u2013 poznaj nowoczesne rozwi\u0105zania PENOSIL dla budownictwa i monta\u017cu. Sprawdzone produkty i porady dla profesjonalist\u00f3w","robots":{"index":"index","follow":"follow","max-snippet":"max-snippet:-1","max-image-preview":"max-image-preview:large","max-video-preview":"max-video-preview:-1"},"canonical":"https:\/\/penosil.com\/pl\/rozwiazania\/","og_locale":"pl_PL","og_type":"article","og_title":"Rozwi\u0105zania | PENOSIL Polska","og_description":"Systemy i rozwi\u0105zania \u2013 poznaj nowoczesne rozwi\u0105zania PENOSIL dla budownictwa i monta\u017cu. Sprawdzone produkty i porady dla profesjonalist\u00f3w","og_url":"https:\/\/penosil.com\/pl\/rozwiazania\/","og_site_name":"PENOSIL Polska","article_modified_time":"2025-10-20T16:21:33+00:00","twitter_card":"summary_large_image","twitter_misc":{"Szacowany czas czytania":"1 minuta"},"schema":{"@context":"https:\/\/schema.org","@graph":[{"@type":"WebPage","@id":"https:\/\/penosil.com\/pl\/rozwiazania\/","url":"https:\/\/penosil.com\/pl\/rozwiazania\/","name":"Rozwi\u0105zania | PENOSIL Polska","isPartOf":{"@id":"https:\/\/penosil.com\/pl\/#website"},"datePublished":"2023-08-29T06:43:34+00:00","dateModified":"2025-10-20T16:21:33+00:00","description":"Systemy i rozwi\u0105zania \u2013 poznaj nowoczesne rozwi\u0105zania PENOSIL dla budownictwa i monta\u017cu. Sprawdzone produkty i porady dla profesjonalist\u00f3w","breadcrumb":{"@id":"https:\/\/penosil.com\/pl\/rozwiazania\/#breadcrumb"},"inLanguage":"pl-PL","potentialAction":[{"@type":"ReadAction","target":["https:\/\/penosil.com\/pl\/rozwiazania\/"]}]},{"@type":"BreadcrumbList","@id":"https:\/\/penosil.com\/pl\/rozwiazania\/#breadcrumb","itemListElement":[{"@type":"ListItem","position":1,"name":"Home","item":"https:\/\/penosil.com\/pl\/"},{"@type":"ListItem","position":2,"name":"Rozwi\u0105zania"}]},{"@type":"WebSite","@id":"https:\/\/penosil.com\/pl\/#website","url":"https:\/\/penosil.com\/pl\/","name":"PENOSIL Polska","description":"","potentialAction":[{"@type":"SearchAction","target":{"@type":"EntryPoint","urlTemplate":"https:\/\/penosil.com\/pl\/?s={search_term_string}"},"query-input":{"@type":"PropertyValueSpecification","valueRequired":true,"valueName":"search_term_string"}}],"inLanguage":"pl-PL"}]}},"coauthors":[],"author_meta":{"author_link":"https:\/\/penosil.com\/pl\/author\/kevinreaktiiv\/","display_name":"kevinreaktiiv"},"relative_dates":{"created":"Posted 3 lata ago","modified":"Updated 6 miesi\u0119cy ago"},"absolute_dates":{"created":"Posted on 29\/08\/2023","modified":"Updated on 20\/10\/2025"},"absolute_dates_time":{"created":"Posted on 29\/08\/2023 06:43","modified":"Updated on 20\/10\/2025 18:21"},"featured_img_caption":"","featured_img":false,"series_order":"","_links":{"self":[{"href":"https:\/\/penosil.com\/pl\/wp-json\/wp\/v2\/pages\/35591","targetHints":{"allow":["GET"]}}],"collection":[{"href":"https:\/\/penosil.com\/pl\/wp-json\/wp\/v2\/pages"}],"about":[{"href":"https:\/\/penosil.com\/pl\/wp-json\/wp\/v2\/types\/page"}],"author":[{"embeddable":true,"href":"https:\/\/penosil.com\/pl\/wp-json\/wp\/v2\/users\/105"}],"replies":[{"embeddable":true,"href":"https:\/\/penosil.com\/pl\/wp-json\/wp\/v2\/comments?post=35591"}],"version-history":[{"count":12,"href":"https:\/\/penosil.com\/pl\/wp-json\/wp\/v2\/pages\/35591\/revisions"}],"predecessor-version":[{"id":38201,"href":"https:\/\/penosil.com\/pl\/wp-json\/wp\/v2\/pages\/35591\/revisions\/38201"}],"wp:attachment":[{"href":"https:\/\/penosil.com\/pl\/wp-json\/wp\/v2\/media?parent=35591"}],"curies":[{"name":"wp","href":"https:\/\/api.w.org\/{rel}","templated":true}]}}