{"id":6225,"date":"2019-12-06T11:15:52","date_gmt":"2019-12-06T11:15:52","guid":{"rendered":"https:\/\/penosil.com\/documentation\/"},"modified":"2025-03-28T07:51:14","modified_gmt":"2025-03-28T07:51:14","slug":"dokumentacja-techniczna","status":"publish","type":"page","link":"https:\/\/penosil.com\/pl\/baza-wiedzy\/dokumentacja-techniczna\/","title":{"rendered":"Dokumentacja techniczna"},"content":{"rendered":"","protected":false},"excerpt":{"rendered":"","protected":false},"author":1,"featured_media":0,"parent":6540,"menu_order":0,"comment_status":"closed","ping_status":"closed","template":"page-templates\/template-documentation.php","meta":{"_acf_changed":false,"advgb_blocks_editor_width":"","advgb_blocks_columns_visual_guide":"","footnotes":""},"class_list":["post-6225","page","type-page","status-publish","hentry"],"acf":[],"yoast_head":"<!-- This site is optimized with the Yoast SEO plugin v27.2 - https:\/\/yoast.com\/product\/yoast-seo-wordpress\/ -->\n<title>Dokumentacja techniczna | PENOSIL Polska<\/title>\n<meta name=\"description\" content=\"Pobierz karty techniczne, karty charakterystyki, deklaracje w\u0142a\u015bciwo\u015bci u\u017cytkowych oraz certyfikaty produkt\u00f3w PENOSIL. Zobacz dokumentacj\u0119!\" \/>\n<meta name=\"robots\" content=\"index, follow, max-snippet:-1, max-image-preview:large, max-video-preview:-1\" \/>\n<link rel=\"canonical\" href=\"https:\/\/penosil.com\/pl\/baza-wiedzy\/dokumentacja-techniczna\/\" \/>\n<meta property=\"og:locale\" content=\"pl_PL\" \/>\n<meta property=\"og:type\" content=\"article\" \/>\n<meta property=\"og:title\" content=\"Dokumentacja techniczna | PENOSIL Polska\" \/>\n<meta property=\"og:description\" content=\"Pobierz karty techniczne, karty charakterystyki, deklaracje w\u0142a\u015bciwo\u015bci u\u017cytkowych oraz certyfikaty produkt\u00f3w PENOSIL. Zobacz dokumentacj\u0119!\" \/>\n<meta property=\"og:url\" content=\"https:\/\/penosil.com\/pl\/baza-wiedzy\/dokumentacja-techniczna\/\" \/>\n<meta property=\"og:site_name\" content=\"PENOSIL Polska\" \/>\n<meta property=\"article:modified_time\" content=\"2025-03-28T07:51:14+00:00\" \/>\n<meta name=\"twitter:card\" content=\"summary_large_image\" \/>\n<script type=\"application\/ld+json\" class=\"yoast-schema-graph\">{\"@context\":\"https:\/\/schema.org\",\"@graph\":[{\"@type\":\"WebPage\",\"@id\":\"https:\/\/penosil.com\/pl\/baza-wiedzy\/dokumentacja-techniczna\/\",\"url\":\"https:\/\/penosil.com\/pl\/baza-wiedzy\/dokumentacja-techniczna\/\",\"name\":\"Dokumentacja techniczna | PENOSIL Polska\",\"isPartOf\":{\"@id\":\"https:\/\/penosil.com\/pl\/#website\"},\"datePublished\":\"2019-12-06T11:15:52+00:00\",\"dateModified\":\"2025-03-28T07:51:14+00:00\",\"description\":\"Pobierz karty techniczne, karty charakterystyki, deklaracje w\u0142a\u015bciwo\u015bci u\u017cytkowych oraz certyfikaty produkt\u00f3w PENOSIL. Zobacz dokumentacj\u0119!\",\"breadcrumb\":{\"@id\":\"https:\/\/penosil.com\/pl\/baza-wiedzy\/dokumentacja-techniczna\/#breadcrumb\"},\"inLanguage\":\"pl-PL\",\"potentialAction\":[{\"@type\":\"ReadAction\",\"target\":[\"https:\/\/penosil.com\/pl\/baza-wiedzy\/dokumentacja-techniczna\/\"]}]},{\"@type\":\"BreadcrumbList\",\"@id\":\"https:\/\/penosil.com\/pl\/baza-wiedzy\/dokumentacja-techniczna\/#breadcrumb\",\"itemListElement\":[{\"@type\":\"ListItem\",\"position\":1,\"name\":\"Home\",\"item\":\"https:\/\/penosil.com\/pl\/\"},{\"@type\":\"ListItem\",\"position\":2,\"name\":\"Baza wiedzy\",\"item\":\"https:\/\/penosil.com\/pl\/baza-wiedzy\/\"},{\"@type\":\"ListItem\",\"position\":3,\"name\":\"Dokumentacja techniczna\"}]},{\"@type\":\"WebSite\",\"@id\":\"https:\/\/penosil.com\/pl\/#website\",\"url\":\"https:\/\/penosil.com\/pl\/\",\"name\":\"PENOSIL Polska\",\"description\":\"\",\"potentialAction\":[{\"@type\":\"SearchAction\",\"target\":{\"@type\":\"EntryPoint\",\"urlTemplate\":\"https:\/\/penosil.com\/pl\/?s={search_term_string}\"},\"query-input\":{\"@type\":\"PropertyValueSpecification\",\"valueRequired\":true,\"valueName\":\"search_term_string\"}}],\"inLanguage\":\"pl-PL\"}]}<\/script>\n<!-- \/ Yoast SEO plugin. -->","yoast_head_json":{"title":"Dokumentacja techniczna | PENOSIL Polska","description":"Pobierz karty techniczne, karty charakterystyki, deklaracje w\u0142a\u015bciwo\u015bci u\u017cytkowych oraz certyfikaty produkt\u00f3w PENOSIL. Zobacz dokumentacj\u0119!","robots":{"index":"index","follow":"follow","max-snippet":"max-snippet:-1","max-image-preview":"max-image-preview:large","max-video-preview":"max-video-preview:-1"},"canonical":"https:\/\/penosil.com\/pl\/baza-wiedzy\/dokumentacja-techniczna\/","og_locale":"pl_PL","og_type":"article","og_title":"Dokumentacja techniczna | PENOSIL Polska","og_description":"Pobierz karty techniczne, karty charakterystyki, deklaracje w\u0142a\u015bciwo\u015bci u\u017cytkowych oraz certyfikaty produkt\u00f3w PENOSIL. Zobacz dokumentacj\u0119!","og_url":"https:\/\/penosil.com\/pl\/baza-wiedzy\/dokumentacja-techniczna\/","og_site_name":"PENOSIL Polska","article_modified_time":"2025-03-28T07:51:14+00:00","twitter_card":"summary_large_image","schema":{"@context":"https:\/\/schema.org","@graph":[{"@type":"WebPage","@id":"https:\/\/penosil.com\/pl\/baza-wiedzy\/dokumentacja-techniczna\/","url":"https:\/\/penosil.com\/pl\/baza-wiedzy\/dokumentacja-techniczna\/","name":"Dokumentacja techniczna | PENOSIL Polska","isPartOf":{"@id":"https:\/\/penosil.com\/pl\/#website"},"datePublished":"2019-12-06T11:15:52+00:00","dateModified":"2025-03-28T07:51:14+00:00","description":"Pobierz karty techniczne, karty charakterystyki, deklaracje w\u0142a\u015bciwo\u015bci u\u017cytkowych oraz certyfikaty produkt\u00f3w PENOSIL. Zobacz dokumentacj\u0119!","breadcrumb":{"@id":"https:\/\/penosil.com\/pl\/baza-wiedzy\/dokumentacja-techniczna\/#breadcrumb"},"inLanguage":"pl-PL","potentialAction":[{"@type":"ReadAction","target":["https:\/\/penosil.com\/pl\/baza-wiedzy\/dokumentacja-techniczna\/"]}]},{"@type":"BreadcrumbList","@id":"https:\/\/penosil.com\/pl\/baza-wiedzy\/dokumentacja-techniczna\/#breadcrumb","itemListElement":[{"@type":"ListItem","position":1,"name":"Home","item":"https:\/\/penosil.com\/pl\/"},{"@type":"ListItem","position":2,"name":"Baza wiedzy","item":"https:\/\/penosil.com\/pl\/baza-wiedzy\/"},{"@type":"ListItem","position":3,"name":"Dokumentacja techniczna"}]},{"@type":"WebSite","@id":"https:\/\/penosil.com\/pl\/#website","url":"https:\/\/penosil.com\/pl\/","name":"PENOSIL Polska","description":"","potentialAction":[{"@type":"SearchAction","target":{"@type":"EntryPoint","urlTemplate":"https:\/\/penosil.com\/pl\/?s={search_term_string}"},"query-input":{"@type":"PropertyValueSpecification","valueRequired":true,"valueName":"search_term_string"}}],"inLanguage":"pl-PL"}]}},"coauthors":[],"author_meta":{"author_link":"https:\/\/penosil.com\/pl\/author\/reaktiiv-pe\/","display_name":"reaktiiv-pe"},"relative_dates":{"created":"Posted 6 lat ago","modified":"Updated 1 rok ago"},"absolute_dates":{"created":"Posted on 06\/12\/2019","modified":"Updated on 28\/03\/2025"},"absolute_dates_time":{"created":"Posted on 06\/12\/2019 11:15","modified":"Updated on 28\/03\/2025 07:51"},"featured_img_caption":"","featured_img":false,"series_order":"","_links":{"self":[{"href":"https:\/\/penosil.com\/pl\/wp-json\/wp\/v2\/pages\/6225","targetHints":{"allow":["GET"]}}],"collection":[{"href":"https:\/\/penosil.com\/pl\/wp-json\/wp\/v2\/pages"}],"about":[{"href":"https:\/\/penosil.com\/pl\/wp-json\/wp\/v2\/types\/page"}],"author":[{"embeddable":true,"href":"https:\/\/penosil.com\/pl\/wp-json\/wp\/v2\/users\/1"}],"replies":[{"embeddable":true,"href":"https:\/\/penosil.com\/pl\/wp-json\/wp\/v2\/comments?post=6225"}],"version-history":[{"count":2,"href":"https:\/\/penosil.com\/pl\/wp-json\/wp\/v2\/pages\/6225\/revisions"}],"predecessor-version":[{"id":35163,"href":"https:\/\/penosil.com\/pl\/wp-json\/wp\/v2\/pages\/6225\/revisions\/35163"}],"up":[{"embeddable":true,"href":"https:\/\/penosil.com\/pl\/wp-json\/wp\/v2\/pages\/6540"}],"wp:attachment":[{"href":"https:\/\/penosil.com\/pl\/wp-json\/wp\/v2\/media?parent=6225"}],"curies":[{"name":"wp","href":"https:\/\/api.w.org\/{rel}","templated":true}]}}