{"id":6238,"date":"2019-12-05T07:49:44","date_gmt":"2019-12-05T07:49:44","guid":{"rendered":"https:\/\/penosil.com\/educational-articles\/"},"modified":"2025-03-28T07:51:57","modified_gmt":"2025-03-28T07:51:57","slug":"artykuly-edukacyjne","status":"publish","type":"page","link":"https:\/\/penosil.com\/pl\/baza-wiedzy\/artykuly-edukacyjne\/","title":{"rendered":"Artyku\u0142y edukacyjne"},"content":{"rendered":"\n<p>Przydatne informacje o energooszcz\u0119dnym budownictwie oraz nowo\u015bciach w bran\u017cy chemicznej i materia\u0142\u00f3w budowlanych.<\/p>\n\n\n\n<p><\/p>\n","protected":false},"excerpt":{"rendered":"Przydatne informacje o energooszcz\u0119dnym budownictwie oraz nowo\u015bciach w bran\u017cy chemicznej i materia\u0142\u00f3w budowlanych.","protected":false},"author":1,"featured_media":0,"parent":6540,"menu_order":0,"comment_status":"closed","ping_status":"closed","template":"page-templates\/template-educational-articles.php","meta":{"_acf_changed":false,"advgb_blocks_editor_width":"","advgb_blocks_columns_visual_guide":"","footnotes":""},"class_list":["post-6238","page","type-page","status-publish","hentry"],"acf":[],"yoast_head":"<!-- This site is optimized with the Yoast SEO plugin v27.2 - https:\/\/yoast.com\/product\/yoast-seo-wordpress\/ -->\n<title>Artyku\u0142y edukacyjne | PENOSIL Polska<\/title>\n<meta name=\"description\" content=\"Ciekawe informacje o energooszcz\u0119dnym i przyjaznym dla \u015brodowiska budownictwie oraz porady ekspert\u00f3w. Dowiedz si\u0119 wi\u0119cej!\" \/>\n<meta name=\"robots\" content=\"index, follow, max-snippet:-1, max-image-preview:large, max-video-preview:-1\" \/>\n<link rel=\"canonical\" href=\"https:\/\/penosil.com\/pl\/baza-wiedzy\/artykuly-edukacyjne\/\" \/>\n<meta property=\"og:locale\" content=\"pl_PL\" \/>\n<meta property=\"og:type\" content=\"article\" \/>\n<meta property=\"og:title\" content=\"Artyku\u0142y edukacyjne | PENOSIL Polska\" \/>\n<meta property=\"og:description\" content=\"Ciekawe informacje o energooszcz\u0119dnym i przyjaznym dla \u015brodowiska budownictwie oraz porady ekspert\u00f3w. Dowiedz si\u0119 wi\u0119cej!\" \/>\n<meta property=\"og:url\" content=\"https:\/\/penosil.com\/pl\/baza-wiedzy\/artykuly-edukacyjne\/\" \/>\n<meta property=\"og:site_name\" content=\"PENOSIL Polska\" \/>\n<meta property=\"article:modified_time\" content=\"2025-03-28T07:51:57+00:00\" \/>\n<meta name=\"twitter:card\" content=\"summary_large_image\" \/>\n<meta name=\"twitter:label1\" content=\"Szacowany czas czytania\" \/>\n\t<meta name=\"twitter:data1\" content=\"1 minuta\" \/>\n<script type=\"application\/ld+json\" class=\"yoast-schema-graph\">{\"@context\":\"https:\/\/schema.org\",\"@graph\":[{\"@type\":\"WebPage\",\"@id\":\"https:\/\/penosil.com\/pl\/baza-wiedzy\/artykuly-edukacyjne\/\",\"url\":\"https:\/\/penosil.com\/pl\/baza-wiedzy\/artykuly-edukacyjne\/\",\"name\":\"Artyku\u0142y edukacyjne | PENOSIL Polska\",\"isPartOf\":{\"@id\":\"https:\/\/penosil.com\/pl\/#website\"},\"datePublished\":\"2019-12-05T07:49:44+00:00\",\"dateModified\":\"2025-03-28T07:51:57+00:00\",\"description\":\"Ciekawe informacje o energooszcz\u0119dnym i przyjaznym dla \u015brodowiska budownictwie oraz porady ekspert\u00f3w. Dowiedz si\u0119 wi\u0119cej!\",\"breadcrumb\":{\"@id\":\"https:\/\/penosil.com\/pl\/baza-wiedzy\/artykuly-edukacyjne\/#breadcrumb\"},\"inLanguage\":\"pl-PL\",\"potentialAction\":[{\"@type\":\"ReadAction\",\"target\":[\"https:\/\/penosil.com\/pl\/baza-wiedzy\/artykuly-edukacyjne\/\"]}]},{\"@type\":\"BreadcrumbList\",\"@id\":\"https:\/\/penosil.com\/pl\/baza-wiedzy\/artykuly-edukacyjne\/#breadcrumb\",\"itemListElement\":[{\"@type\":\"ListItem\",\"position\":1,\"name\":\"Home\",\"item\":\"https:\/\/penosil.com\/pl\/\"},{\"@type\":\"ListItem\",\"position\":2,\"name\":\"Baza wiedzy\",\"item\":\"https:\/\/penosil.com\/pl\/baza-wiedzy\/\"},{\"@type\":\"ListItem\",\"position\":3,\"name\":\"Artyku\u0142y edukacyjne\"}]},{\"@type\":\"WebSite\",\"@id\":\"https:\/\/penosil.com\/pl\/#website\",\"url\":\"https:\/\/penosil.com\/pl\/\",\"name\":\"PENOSIL Polska\",\"description\":\"\",\"potentialAction\":[{\"@type\":\"SearchAction\",\"target\":{\"@type\":\"EntryPoint\",\"urlTemplate\":\"https:\/\/penosil.com\/pl\/?s={search_term_string}\"},\"query-input\":{\"@type\":\"PropertyValueSpecification\",\"valueRequired\":true,\"valueName\":\"search_term_string\"}}],\"inLanguage\":\"pl-PL\"}]}<\/script>\n<!-- \/ Yoast SEO plugin. -->","yoast_head_json":{"title":"Artyku\u0142y edukacyjne | PENOSIL Polska","description":"Ciekawe informacje o energooszcz\u0119dnym i przyjaznym dla \u015brodowiska budownictwie oraz porady ekspert\u00f3w. Dowiedz si\u0119 wi\u0119cej!","robots":{"index":"index","follow":"follow","max-snippet":"max-snippet:-1","max-image-preview":"max-image-preview:large","max-video-preview":"max-video-preview:-1"},"canonical":"https:\/\/penosil.com\/pl\/baza-wiedzy\/artykuly-edukacyjne\/","og_locale":"pl_PL","og_type":"article","og_title":"Artyku\u0142y edukacyjne | PENOSIL Polska","og_description":"Ciekawe informacje o energooszcz\u0119dnym i przyjaznym dla \u015brodowiska budownictwie oraz porady ekspert\u00f3w. Dowiedz si\u0119 wi\u0119cej!","og_url":"https:\/\/penosil.com\/pl\/baza-wiedzy\/artykuly-edukacyjne\/","og_site_name":"PENOSIL Polska","article_modified_time":"2025-03-28T07:51:57+00:00","twitter_card":"summary_large_image","twitter_misc":{"Szacowany czas czytania":"1 minuta"},"schema":{"@context":"https:\/\/schema.org","@graph":[{"@type":"WebPage","@id":"https:\/\/penosil.com\/pl\/baza-wiedzy\/artykuly-edukacyjne\/","url":"https:\/\/penosil.com\/pl\/baza-wiedzy\/artykuly-edukacyjne\/","name":"Artyku\u0142y edukacyjne | PENOSIL Polska","isPartOf":{"@id":"https:\/\/penosil.com\/pl\/#website"},"datePublished":"2019-12-05T07:49:44+00:00","dateModified":"2025-03-28T07:51:57+00:00","description":"Ciekawe informacje o energooszcz\u0119dnym i przyjaznym dla \u015brodowiska budownictwie oraz porady ekspert\u00f3w. Dowiedz si\u0119 wi\u0119cej!","breadcrumb":{"@id":"https:\/\/penosil.com\/pl\/baza-wiedzy\/artykuly-edukacyjne\/#breadcrumb"},"inLanguage":"pl-PL","potentialAction":[{"@type":"ReadAction","target":["https:\/\/penosil.com\/pl\/baza-wiedzy\/artykuly-edukacyjne\/"]}]},{"@type":"BreadcrumbList","@id":"https:\/\/penosil.com\/pl\/baza-wiedzy\/artykuly-edukacyjne\/#breadcrumb","itemListElement":[{"@type":"ListItem","position":1,"name":"Home","item":"https:\/\/penosil.com\/pl\/"},{"@type":"ListItem","position":2,"name":"Baza wiedzy","item":"https:\/\/penosil.com\/pl\/baza-wiedzy\/"},{"@type":"ListItem","position":3,"name":"Artyku\u0142y edukacyjne"}]},{"@type":"WebSite","@id":"https:\/\/penosil.com\/pl\/#website","url":"https:\/\/penosil.com\/pl\/","name":"PENOSIL Polska","description":"","potentialAction":[{"@type":"SearchAction","target":{"@type":"EntryPoint","urlTemplate":"https:\/\/penosil.com\/pl\/?s={search_term_string}"},"query-input":{"@type":"PropertyValueSpecification","valueRequired":true,"valueName":"search_term_string"}}],"inLanguage":"pl-PL"}]}},"coauthors":[],"author_meta":{"author_link":"https:\/\/penosil.com\/pl\/author\/reaktiiv-pe\/","display_name":"reaktiiv-pe"},"relative_dates":{"created":"Posted 6 lat ago","modified":"Updated 1 rok ago"},"absolute_dates":{"created":"Posted on 05\/12\/2019","modified":"Updated on 28\/03\/2025"},"absolute_dates_time":{"created":"Posted on 05\/12\/2019 07:49","modified":"Updated on 28\/03\/2025 07:51"},"featured_img_caption":"","featured_img":false,"series_order":"","_links":{"self":[{"href":"https:\/\/penosil.com\/pl\/wp-json\/wp\/v2\/pages\/6238","targetHints":{"allow":["GET"]}}],"collection":[{"href":"https:\/\/penosil.com\/pl\/wp-json\/wp\/v2\/pages"}],"about":[{"href":"https:\/\/penosil.com\/pl\/wp-json\/wp\/v2\/types\/page"}],"author":[{"embeddable":true,"href":"https:\/\/penosil.com\/pl\/wp-json\/wp\/v2\/users\/1"}],"replies":[{"embeddable":true,"href":"https:\/\/penosil.com\/pl\/wp-json\/wp\/v2\/comments?post=6238"}],"version-history":[{"count":7,"href":"https:\/\/penosil.com\/pl\/wp-json\/wp\/v2\/pages\/6238\/revisions"}],"predecessor-version":[{"id":37086,"href":"https:\/\/penosil.com\/pl\/wp-json\/wp\/v2\/pages\/6238\/revisions\/37086"}],"up":[{"embeddable":true,"href":"https:\/\/penosil.com\/pl\/wp-json\/wp\/v2\/pages\/6540"}],"wp:attachment":[{"href":"https:\/\/penosil.com\/pl\/wp-json\/wp\/v2\/media?parent=6238"}],"curies":[{"name":"wp","href":"https:\/\/api.w.org\/{rel}","templated":true}]}}