{"id":6345,"date":"2019-10-25T12:32:22","date_gmt":"2019-10-25T12:32:22","guid":{"rendered":"https:\/\/penosil.com\/product-know-how\/"},"modified":"2025-03-28T08:31:31","modified_gmt":"2025-03-28T08:31:31","slug":"katalogi","status":"publish","type":"page","link":"https:\/\/penosil.com\/pl\/baza-wiedzy\/katalogi\/","title":{"rendered":"Katalogi"},"content":{"rendered":"\n<p>Biblioteka katalog\u00f3w i broszur Penosil.<\/p>\n\n\n\n<p><\/p>\n","protected":false},"excerpt":{"rendered":"Biblioteka katalog\u00f3w i broszur Penosil.","protected":false},"author":1,"featured_media":0,"parent":6540,"menu_order":161,"comment_status":"closed","ping_status":"closed","template":"page-templates\/template-product-know-how.php","meta":{"_acf_changed":false,"advgb_blocks_editor_width":"","advgb_blocks_columns_visual_guide":"","footnotes":""},"class_list":["post-6345","page","type-page","status-publish","hentry"],"acf":[],"yoast_head":"<!-- This site is optimized with the Yoast SEO plugin v27.2 - https:\/\/yoast.com\/product\/yoast-seo-wordpress\/ -->\n<title>Katalogi i broszury produktowe | PENOSIL Polska<\/title>\n<meta name=\"description\" content=\"Biblioteka wiedzy eksperckiej PENOSIL oraz materia\u0142\u00f3w pomocniczych do stosowania produkt\u00f3w w bardziej z\u0142o\u017conych projektach konstrukcyjnych.\" \/>\n<meta name=\"robots\" content=\"index, follow, max-snippet:-1, max-image-preview:large, max-video-preview:-1\" \/>\n<link rel=\"canonical\" href=\"https:\/\/penosil.com\/pl\/baza-wiedzy\/katalogi\/\" \/>\n<meta property=\"og:locale\" content=\"pl_PL\" \/>\n<meta property=\"og:type\" content=\"article\" \/>\n<meta property=\"og:title\" content=\"Katalogi i broszury produktowe | PENOSIL Polska\" \/>\n<meta property=\"og:description\" content=\"Biblioteka wiedzy eksperckiej PENOSIL oraz materia\u0142\u00f3w pomocniczych do stosowania produkt\u00f3w w bardziej z\u0142o\u017conych projektach konstrukcyjnych.\" \/>\n<meta property=\"og:url\" content=\"https:\/\/penosil.com\/pl\/baza-wiedzy\/katalogi\/\" \/>\n<meta property=\"og:site_name\" content=\"PENOSIL Polska\" \/>\n<meta property=\"article:modified_time\" content=\"2025-03-28T08:31:31+00:00\" \/>\n<meta name=\"twitter:card\" content=\"summary_large_image\" \/>\n<meta name=\"twitter:label1\" content=\"Szacowany czas czytania\" \/>\n\t<meta name=\"twitter:data1\" content=\"1 minuta\" \/>\n<script type=\"application\/ld+json\" class=\"yoast-schema-graph\">{\"@context\":\"https:\/\/schema.org\",\"@graph\":[{\"@type\":\"WebPage\",\"@id\":\"https:\/\/penosil.com\/pl\/baza-wiedzy\/katalogi\/\",\"url\":\"https:\/\/penosil.com\/pl\/baza-wiedzy\/katalogi\/\",\"name\":\"Katalogi i broszury produktowe | PENOSIL Polska\",\"isPartOf\":{\"@id\":\"https:\/\/penosil.com\/pl\/#website\"},\"datePublished\":\"2019-10-25T12:32:22+00:00\",\"dateModified\":\"2025-03-28T08:31:31+00:00\",\"description\":\"Biblioteka wiedzy eksperckiej PENOSIL oraz materia\u0142\u00f3w pomocniczych do stosowania produkt\u00f3w w bardziej z\u0142o\u017conych projektach konstrukcyjnych.\",\"breadcrumb\":{\"@id\":\"https:\/\/penosil.com\/pl\/baza-wiedzy\/katalogi\/#breadcrumb\"},\"inLanguage\":\"pl-PL\",\"potentialAction\":[{\"@type\":\"ReadAction\",\"target\":[\"https:\/\/penosil.com\/pl\/baza-wiedzy\/katalogi\/\"]}]},{\"@type\":\"BreadcrumbList\",\"@id\":\"https:\/\/penosil.com\/pl\/baza-wiedzy\/katalogi\/#breadcrumb\",\"itemListElement\":[{\"@type\":\"ListItem\",\"position\":1,\"name\":\"Home\",\"item\":\"https:\/\/penosil.com\/pl\/\"},{\"@type\":\"ListItem\",\"position\":2,\"name\":\"Baza wiedzy\",\"item\":\"https:\/\/penosil.com\/pl\/baza-wiedzy\/\"},{\"@type\":\"ListItem\",\"position\":3,\"name\":\"Katalogi\"}]},{\"@type\":\"WebSite\",\"@id\":\"https:\/\/penosil.com\/pl\/#website\",\"url\":\"https:\/\/penosil.com\/pl\/\",\"name\":\"PENOSIL Polska\",\"description\":\"\",\"potentialAction\":[{\"@type\":\"SearchAction\",\"target\":{\"@type\":\"EntryPoint\",\"urlTemplate\":\"https:\/\/penosil.com\/pl\/?s={search_term_string}\"},\"query-input\":{\"@type\":\"PropertyValueSpecification\",\"valueRequired\":true,\"valueName\":\"search_term_string\"}}],\"inLanguage\":\"pl-PL\"}]}<\/script>\n<!-- \/ Yoast SEO plugin. -->","yoast_head_json":{"title":"Katalogi i broszury produktowe | PENOSIL Polska","description":"Biblioteka wiedzy eksperckiej PENOSIL oraz materia\u0142\u00f3w pomocniczych do stosowania produkt\u00f3w w bardziej z\u0142o\u017conych projektach konstrukcyjnych.","robots":{"index":"index","follow":"follow","max-snippet":"max-snippet:-1","max-image-preview":"max-image-preview:large","max-video-preview":"max-video-preview:-1"},"canonical":"https:\/\/penosil.com\/pl\/baza-wiedzy\/katalogi\/","og_locale":"pl_PL","og_type":"article","og_title":"Katalogi i broszury produktowe | PENOSIL Polska","og_description":"Biblioteka wiedzy eksperckiej PENOSIL oraz materia\u0142\u00f3w pomocniczych do stosowania produkt\u00f3w w bardziej z\u0142o\u017conych projektach konstrukcyjnych.","og_url":"https:\/\/penosil.com\/pl\/baza-wiedzy\/katalogi\/","og_site_name":"PENOSIL Polska","article_modified_time":"2025-03-28T08:31:31+00:00","twitter_card":"summary_large_image","twitter_misc":{"Szacowany czas czytania":"1 minuta"},"schema":{"@context":"https:\/\/schema.org","@graph":[{"@type":"WebPage","@id":"https:\/\/penosil.com\/pl\/baza-wiedzy\/katalogi\/","url":"https:\/\/penosil.com\/pl\/baza-wiedzy\/katalogi\/","name":"Katalogi i broszury produktowe | PENOSIL Polska","isPartOf":{"@id":"https:\/\/penosil.com\/pl\/#website"},"datePublished":"2019-10-25T12:32:22+00:00","dateModified":"2025-03-28T08:31:31+00:00","description":"Biblioteka wiedzy eksperckiej PENOSIL oraz materia\u0142\u00f3w pomocniczych do stosowania produkt\u00f3w w bardziej z\u0142o\u017conych projektach konstrukcyjnych.","breadcrumb":{"@id":"https:\/\/penosil.com\/pl\/baza-wiedzy\/katalogi\/#breadcrumb"},"inLanguage":"pl-PL","potentialAction":[{"@type":"ReadAction","target":["https:\/\/penosil.com\/pl\/baza-wiedzy\/katalogi\/"]}]},{"@type":"BreadcrumbList","@id":"https:\/\/penosil.com\/pl\/baza-wiedzy\/katalogi\/#breadcrumb","itemListElement":[{"@type":"ListItem","position":1,"name":"Home","item":"https:\/\/penosil.com\/pl\/"},{"@type":"ListItem","position":2,"name":"Baza wiedzy","item":"https:\/\/penosil.com\/pl\/baza-wiedzy\/"},{"@type":"ListItem","position":3,"name":"Katalogi"}]},{"@type":"WebSite","@id":"https:\/\/penosil.com\/pl\/#website","url":"https:\/\/penosil.com\/pl\/","name":"PENOSIL Polska","description":"","potentialAction":[{"@type":"SearchAction","target":{"@type":"EntryPoint","urlTemplate":"https:\/\/penosil.com\/pl\/?s={search_term_string}"},"query-input":{"@type":"PropertyValueSpecification","valueRequired":true,"valueName":"search_term_string"}}],"inLanguage":"pl-PL"}]}},"coauthors":[],"author_meta":{"author_link":"https:\/\/penosil.com\/pl\/author\/reaktiiv-pe\/","display_name":"reaktiiv-pe"},"relative_dates":{"created":"Posted 6 lat ago","modified":"Updated 1 rok ago"},"absolute_dates":{"created":"Posted on 25\/10\/2019","modified":"Updated on 28\/03\/2025"},"absolute_dates_time":{"created":"Posted on 25\/10\/2019 12:32","modified":"Updated on 28\/03\/2025 08:31"},"featured_img_caption":"","featured_img":false,"series_order":"","_links":{"self":[{"href":"https:\/\/penosil.com\/pl\/wp-json\/wp\/v2\/pages\/6345","targetHints":{"allow":["GET"]}}],"collection":[{"href":"https:\/\/penosil.com\/pl\/wp-json\/wp\/v2\/pages"}],"about":[{"href":"https:\/\/penosil.com\/pl\/wp-json\/wp\/v2\/types\/page"}],"author":[{"embeddable":true,"href":"https:\/\/penosil.com\/pl\/wp-json\/wp\/v2\/users\/1"}],"replies":[{"embeddable":true,"href":"https:\/\/penosil.com\/pl\/wp-json\/wp\/v2\/comments?post=6345"}],"version-history":[{"count":42,"href":"https:\/\/penosil.com\/pl\/wp-json\/wp\/v2\/pages\/6345\/revisions"}],"predecessor-version":[{"id":37668,"href":"https:\/\/penosil.com\/pl\/wp-json\/wp\/v2\/pages\/6345\/revisions\/37668"}],"up":[{"embeddable":true,"href":"https:\/\/penosil.com\/pl\/wp-json\/wp\/v2\/pages\/6540"}],"wp:attachment":[{"href":"https:\/\/penosil.com\/pl\/wp-json\/wp\/v2\/media?parent=6345"}],"curies":[{"name":"wp","href":"https:\/\/api.w.org\/{rel}","templated":true}]}}