{"id":6371,"date":"2019-10-18T13:19:17","date_gmt":"2019-10-18T13:19:17","guid":{"rendered":"https:\/\/penosil.com\/architectural-drawings\/"},"modified":"2025-03-28T08:33:08","modified_gmt":"2025-03-28T08:33:08","slug":"rysunki-techniczne","status":"publish","type":"page","link":"https:\/\/penosil.com\/pl\/baza-wiedzy\/rysunki-techniczne\/","title":{"rendered":"Rysunki techniczne"},"content":{"rendered":"\n<p>Rysunki jednostek konstrukcyjnych dla r\u00f3\u017cnych typ\u00f3w budynk\u00f3w w formacie PDF oraz DWG.<\/p>\n\n\n\n<p><\/p>\n","protected":false},"excerpt":{"rendered":"Rysunki jednostek konstrukcyjnych dla r\u00f3\u017cnych typ\u00f3w budynk\u00f3w w formacie PDF oraz DWG.","protected":false},"author":1,"featured_media":0,"parent":6540,"menu_order":196,"comment_status":"closed","ping_status":"closed","template":"page-templates\/template-drawings.php","meta":{"_acf_changed":false,"advgb_blocks_editor_width":"","advgb_blocks_columns_visual_guide":"","footnotes":""},"class_list":["post-6371","page","type-page","status-publish","hentry"],"acf":[],"yoast_head":"<!-- This site is optimized with the Yoast SEO plugin v27.2 - https:\/\/yoast.com\/product\/yoast-seo-wordpress\/ -->\n<title>Rysunki techniczne | PENOSIL Polska<\/title>\n<meta name=\"description\" content=\"Sprawd\u017a rysunki techniczne PENOSIL dla r\u00f3\u017cnych typ\u00f3w budynk\u00f3w w formatach PDF i DWG \u2013 wykorzystaj je do energooszcz\u0119dnego budowania.\" \/>\n<meta name=\"robots\" content=\"index, follow, max-snippet:-1, max-image-preview:large, max-video-preview:-1\" \/>\n<link rel=\"canonical\" href=\"https:\/\/penosil.com\/pl\/baza-wiedzy\/rysunki-techniczne\/\" \/>\n<meta property=\"og:locale\" content=\"pl_PL\" \/>\n<meta property=\"og:type\" content=\"article\" \/>\n<meta property=\"og:title\" content=\"Rysunki techniczne | PENOSIL Polska\" \/>\n<meta property=\"og:description\" content=\"Sprawd\u017a rysunki techniczne PENOSIL dla r\u00f3\u017cnych typ\u00f3w budynk\u00f3w w formatach PDF i DWG \u2013 wykorzystaj je do energooszcz\u0119dnego budowania.\" \/>\n<meta property=\"og:url\" content=\"https:\/\/penosil.com\/pl\/baza-wiedzy\/rysunki-techniczne\/\" \/>\n<meta property=\"og:site_name\" content=\"PENOSIL Polska\" \/>\n<meta property=\"article:modified_time\" content=\"2025-03-28T08:33:08+00:00\" \/>\n<meta name=\"twitter:card\" content=\"summary_large_image\" \/>\n<meta name=\"twitter:label1\" content=\"Szacowany czas czytania\" \/>\n\t<meta name=\"twitter:data1\" content=\"1 minuta\" \/>\n<script type=\"application\/ld+json\" class=\"yoast-schema-graph\">{\"@context\":\"https:\/\/schema.org\",\"@graph\":[{\"@type\":\"WebPage\",\"@id\":\"https:\/\/penosil.com\/pl\/baza-wiedzy\/rysunki-techniczne\/\",\"url\":\"https:\/\/penosil.com\/pl\/baza-wiedzy\/rysunki-techniczne\/\",\"name\":\"Rysunki techniczne | PENOSIL Polska\",\"isPartOf\":{\"@id\":\"https:\/\/penosil.com\/pl\/#website\"},\"datePublished\":\"2019-10-18T13:19:17+00:00\",\"dateModified\":\"2025-03-28T08:33:08+00:00\",\"description\":\"Sprawd\u017a rysunki techniczne PENOSIL dla r\u00f3\u017cnych typ\u00f3w budynk\u00f3w w formatach PDF i DWG \u2013 wykorzystaj je do energooszcz\u0119dnego budowania.\",\"breadcrumb\":{\"@id\":\"https:\/\/penosil.com\/pl\/baza-wiedzy\/rysunki-techniczne\/#breadcrumb\"},\"inLanguage\":\"pl-PL\",\"potentialAction\":[{\"@type\":\"ReadAction\",\"target\":[\"https:\/\/penosil.com\/pl\/baza-wiedzy\/rysunki-techniczne\/\"]}]},{\"@type\":\"BreadcrumbList\",\"@id\":\"https:\/\/penosil.com\/pl\/baza-wiedzy\/rysunki-techniczne\/#breadcrumb\",\"itemListElement\":[{\"@type\":\"ListItem\",\"position\":1,\"name\":\"Home\",\"item\":\"https:\/\/penosil.com\/pl\/\"},{\"@type\":\"ListItem\",\"position\":2,\"name\":\"Baza wiedzy\",\"item\":\"https:\/\/penosil.com\/pl\/baza-wiedzy\/\"},{\"@type\":\"ListItem\",\"position\":3,\"name\":\"Rysunki techniczne\"}]},{\"@type\":\"WebSite\",\"@id\":\"https:\/\/penosil.com\/pl\/#website\",\"url\":\"https:\/\/penosil.com\/pl\/\",\"name\":\"PENOSIL Polska\",\"description\":\"\",\"potentialAction\":[{\"@type\":\"SearchAction\",\"target\":{\"@type\":\"EntryPoint\",\"urlTemplate\":\"https:\/\/penosil.com\/pl\/?s={search_term_string}\"},\"query-input\":{\"@type\":\"PropertyValueSpecification\",\"valueRequired\":true,\"valueName\":\"search_term_string\"}}],\"inLanguage\":\"pl-PL\"}]}<\/script>\n<!-- \/ Yoast SEO plugin. -->","yoast_head_json":{"title":"Rysunki techniczne | PENOSIL Polska","description":"Sprawd\u017a rysunki techniczne PENOSIL dla r\u00f3\u017cnych typ\u00f3w budynk\u00f3w w formatach PDF i DWG \u2013 wykorzystaj je do energooszcz\u0119dnego budowania.","robots":{"index":"index","follow":"follow","max-snippet":"max-snippet:-1","max-image-preview":"max-image-preview:large","max-video-preview":"max-video-preview:-1"},"canonical":"https:\/\/penosil.com\/pl\/baza-wiedzy\/rysunki-techniczne\/","og_locale":"pl_PL","og_type":"article","og_title":"Rysunki techniczne | PENOSIL Polska","og_description":"Sprawd\u017a rysunki techniczne PENOSIL dla r\u00f3\u017cnych typ\u00f3w budynk\u00f3w w formatach PDF i DWG \u2013 wykorzystaj je do energooszcz\u0119dnego budowania.","og_url":"https:\/\/penosil.com\/pl\/baza-wiedzy\/rysunki-techniczne\/","og_site_name":"PENOSIL Polska","article_modified_time":"2025-03-28T08:33:08+00:00","twitter_card":"summary_large_image","twitter_misc":{"Szacowany czas czytania":"1 minuta"},"schema":{"@context":"https:\/\/schema.org","@graph":[{"@type":"WebPage","@id":"https:\/\/penosil.com\/pl\/baza-wiedzy\/rysunki-techniczne\/","url":"https:\/\/penosil.com\/pl\/baza-wiedzy\/rysunki-techniczne\/","name":"Rysunki techniczne | PENOSIL Polska","isPartOf":{"@id":"https:\/\/penosil.com\/pl\/#website"},"datePublished":"2019-10-18T13:19:17+00:00","dateModified":"2025-03-28T08:33:08+00:00","description":"Sprawd\u017a rysunki techniczne PENOSIL dla r\u00f3\u017cnych typ\u00f3w budynk\u00f3w w formatach PDF i DWG \u2013 wykorzystaj je do energooszcz\u0119dnego budowania.","breadcrumb":{"@id":"https:\/\/penosil.com\/pl\/baza-wiedzy\/rysunki-techniczne\/#breadcrumb"},"inLanguage":"pl-PL","potentialAction":[{"@type":"ReadAction","target":["https:\/\/penosil.com\/pl\/baza-wiedzy\/rysunki-techniczne\/"]}]},{"@type":"BreadcrumbList","@id":"https:\/\/penosil.com\/pl\/baza-wiedzy\/rysunki-techniczne\/#breadcrumb","itemListElement":[{"@type":"ListItem","position":1,"name":"Home","item":"https:\/\/penosil.com\/pl\/"},{"@type":"ListItem","position":2,"name":"Baza wiedzy","item":"https:\/\/penosil.com\/pl\/baza-wiedzy\/"},{"@type":"ListItem","position":3,"name":"Rysunki techniczne"}]},{"@type":"WebSite","@id":"https:\/\/penosil.com\/pl\/#website","url":"https:\/\/penosil.com\/pl\/","name":"PENOSIL Polska","description":"","potentialAction":[{"@type":"SearchAction","target":{"@type":"EntryPoint","urlTemplate":"https:\/\/penosil.com\/pl\/?s={search_term_string}"},"query-input":{"@type":"PropertyValueSpecification","valueRequired":true,"valueName":"search_term_string"}}],"inLanguage":"pl-PL"}]}},"coauthors":[],"author_meta":{"author_link":"https:\/\/penosil.com\/pl\/author\/reaktiiv-pe\/","display_name":"reaktiiv-pe"},"relative_dates":{"created":"Posted 6 lat ago","modified":"Updated 1 rok ago"},"absolute_dates":{"created":"Posted on 18\/10\/2019","modified":"Updated on 28\/03\/2025"},"absolute_dates_time":{"created":"Posted on 18\/10\/2019 13:19","modified":"Updated on 28\/03\/2025 08:33"},"featured_img_caption":"","featured_img":false,"series_order":"","_links":{"self":[{"href":"https:\/\/penosil.com\/pl\/wp-json\/wp\/v2\/pages\/6371","targetHints":{"allow":["GET"]}}],"collection":[{"href":"https:\/\/penosil.com\/pl\/wp-json\/wp\/v2\/pages"}],"about":[{"href":"https:\/\/penosil.com\/pl\/wp-json\/wp\/v2\/types\/page"}],"author":[{"embeddable":true,"href":"https:\/\/penosil.com\/pl\/wp-json\/wp\/v2\/users\/1"}],"replies":[{"embeddable":true,"href":"https:\/\/penosil.com\/pl\/wp-json\/wp\/v2\/comments?post=6371"}],"version-history":[{"count":2,"href":"https:\/\/penosil.com\/pl\/wp-json\/wp\/v2\/pages\/6371\/revisions"}],"predecessor-version":[{"id":37101,"href":"https:\/\/penosil.com\/pl\/wp-json\/wp\/v2\/pages\/6371\/revisions\/37101"}],"up":[{"embeddable":true,"href":"https:\/\/penosil.com\/pl\/wp-json\/wp\/v2\/pages\/6540"}],"wp:attachment":[{"href":"https:\/\/penosil.com\/pl\/wp-json\/wp\/v2\/media?parent=6371"}],"curies":[{"name":"wp","href":"https:\/\/api.w.org\/{rel}","templated":true}]}}