{"id":6384,"date":"2019-10-16T20:16:46","date_gmt":"2019-10-16T20:16:46","guid":{"rendered":"https:\/\/penosil.com\/news\/"},"modified":"2025-04-04T18:30:08","modified_gmt":"2025-04-04T18:30:08","slug":"aktualnosci","status":"publish","type":"page","link":"https:\/\/penosil.com\/pl\/aktualnosci\/","title":{"rendered":"Aktualno\u015bci"},"content":{"rendered":"\n<p>Zobacz informacje o nowych produktach PENOSIL, szkoleniach produktowych, targach budowlanych, wiadomo\u015bciach z \u017cycia firmy, grupy oraz bran\u017cy.<\/p>\n\n\n\n<p><\/p>\n","protected":false},"excerpt":{"rendered":"Zobacz informacje o nowych produktach PENOSIL, szkoleniach produktowych, targach budowlanych, wiadomo\u015bciach z \u017cycia firmy, grupy oraz bran\u017cy.","protected":false},"author":1,"featured_media":0,"parent":0,"menu_order":204,"comment_status":"closed","ping_status":"closed","template":"page-templates\/template-news.php","meta":{"_acf_changed":false,"advgb_blocks_editor_width":"","advgb_blocks_columns_visual_guide":"","footnotes":""},"class_list":["post-6384","page","type-page","status-publish","hentry"],"acf":[],"yoast_head":"<!-- This site is optimized with the Yoast SEO plugin v27.2 - https:\/\/yoast.com\/product\/yoast-seo-wordpress\/ -->\n<title>Aktualno\u015bci | PENOSIL Polska<\/title>\n<meta name=\"description\" content=\"Zobacz informacje o nowych produktach PENOSIL, szkoleniach produktowych, targach budowlanych, wiadomo\u015bciach z \u017cycia firmy, grupy oraz bran\u017cy.\" \/>\n<meta name=\"robots\" content=\"index, follow, max-snippet:-1, max-image-preview:large, max-video-preview:-1\" \/>\n<link rel=\"canonical\" href=\"https:\/\/penosil.com\/pl\/aktualnosci\/\" \/>\n<meta property=\"og:locale\" content=\"pl_PL\" \/>\n<meta property=\"og:type\" content=\"article\" \/>\n<meta property=\"og:title\" content=\"Aktualno\u015bci | PENOSIL Polska\" \/>\n<meta property=\"og:description\" content=\"Zobacz informacje o nowych produktach PENOSIL, szkoleniach produktowych, targach budowlanych, wiadomo\u015bciach z \u017cycia firmy, grupy oraz bran\u017cy.\" \/>\n<meta property=\"og:url\" content=\"https:\/\/penosil.com\/pl\/aktualnosci\/\" \/>\n<meta property=\"og:site_name\" content=\"PENOSIL Polska\" \/>\n<meta property=\"article:modified_time\" content=\"2025-04-04T18:30:08+00:00\" \/>\n<meta name=\"twitter:card\" content=\"summary_large_image\" \/>\n<meta name=\"twitter:label1\" content=\"Szacowany czas czytania\" \/>\n\t<meta name=\"twitter:data1\" content=\"1 minuta\" \/>\n<script type=\"application\/ld+json\" class=\"yoast-schema-graph\">{\"@context\":\"https:\/\/schema.org\",\"@graph\":[{\"@type\":\"WebPage\",\"@id\":\"https:\/\/penosil.com\/pl\/aktualnosci\/\",\"url\":\"https:\/\/penosil.com\/pl\/aktualnosci\/\",\"name\":\"Aktualno\u015bci | PENOSIL Polska\",\"isPartOf\":{\"@id\":\"https:\/\/penosil.com\/pl\/#website\"},\"datePublished\":\"2019-10-16T20:16:46+00:00\",\"dateModified\":\"2025-04-04T18:30:08+00:00\",\"description\":\"Zobacz informacje o nowych produktach PENOSIL, szkoleniach produktowych, targach budowlanych, wiadomo\u015bciach z \u017cycia firmy, grupy oraz bran\u017cy.\",\"breadcrumb\":{\"@id\":\"https:\/\/penosil.com\/pl\/aktualnosci\/#breadcrumb\"},\"inLanguage\":\"pl-PL\",\"potentialAction\":[{\"@type\":\"ReadAction\",\"target\":[\"https:\/\/penosil.com\/pl\/aktualnosci\/\"]}]},{\"@type\":\"BreadcrumbList\",\"@id\":\"https:\/\/penosil.com\/pl\/aktualnosci\/#breadcrumb\",\"itemListElement\":[{\"@type\":\"ListItem\",\"position\":1,\"name\":\"Home\",\"item\":\"https:\/\/penosil.com\/pl\/\"},{\"@type\":\"ListItem\",\"position\":2,\"name\":\"Aktualno\u015bci\"}]},{\"@type\":\"WebSite\",\"@id\":\"https:\/\/penosil.com\/pl\/#website\",\"url\":\"https:\/\/penosil.com\/pl\/\",\"name\":\"PENOSIL Polska\",\"description\":\"\",\"potentialAction\":[{\"@type\":\"SearchAction\",\"target\":{\"@type\":\"EntryPoint\",\"urlTemplate\":\"https:\/\/penosil.com\/pl\/?s={search_term_string}\"},\"query-input\":{\"@type\":\"PropertyValueSpecification\",\"valueRequired\":true,\"valueName\":\"search_term_string\"}}],\"inLanguage\":\"pl-PL\"}]}<\/script>\n<!-- \/ Yoast SEO plugin. -->","yoast_head_json":{"title":"Aktualno\u015bci | PENOSIL Polska","description":"Zobacz informacje o nowych produktach PENOSIL, szkoleniach produktowych, targach budowlanych, wiadomo\u015bciach z \u017cycia firmy, grupy oraz bran\u017cy.","robots":{"index":"index","follow":"follow","max-snippet":"max-snippet:-1","max-image-preview":"max-image-preview:large","max-video-preview":"max-video-preview:-1"},"canonical":"https:\/\/penosil.com\/pl\/aktualnosci\/","og_locale":"pl_PL","og_type":"article","og_title":"Aktualno\u015bci | PENOSIL Polska","og_description":"Zobacz informacje o nowych produktach PENOSIL, szkoleniach produktowych, targach budowlanych, wiadomo\u015bciach z \u017cycia firmy, grupy oraz bran\u017cy.","og_url":"https:\/\/penosil.com\/pl\/aktualnosci\/","og_site_name":"PENOSIL Polska","article_modified_time":"2025-04-04T18:30:08+00:00","twitter_card":"summary_large_image","twitter_misc":{"Szacowany czas czytania":"1 minuta"},"schema":{"@context":"https:\/\/schema.org","@graph":[{"@type":"WebPage","@id":"https:\/\/penosil.com\/pl\/aktualnosci\/","url":"https:\/\/penosil.com\/pl\/aktualnosci\/","name":"Aktualno\u015bci | PENOSIL Polska","isPartOf":{"@id":"https:\/\/penosil.com\/pl\/#website"},"datePublished":"2019-10-16T20:16:46+00:00","dateModified":"2025-04-04T18:30:08+00:00","description":"Zobacz informacje o nowych produktach PENOSIL, szkoleniach produktowych, targach budowlanych, wiadomo\u015bciach z \u017cycia firmy, grupy oraz bran\u017cy.","breadcrumb":{"@id":"https:\/\/penosil.com\/pl\/aktualnosci\/#breadcrumb"},"inLanguage":"pl-PL","potentialAction":[{"@type":"ReadAction","target":["https:\/\/penosil.com\/pl\/aktualnosci\/"]}]},{"@type":"BreadcrumbList","@id":"https:\/\/penosil.com\/pl\/aktualnosci\/#breadcrumb","itemListElement":[{"@type":"ListItem","position":1,"name":"Home","item":"https:\/\/penosil.com\/pl\/"},{"@type":"ListItem","position":2,"name":"Aktualno\u015bci"}]},{"@type":"WebSite","@id":"https:\/\/penosil.com\/pl\/#website","url":"https:\/\/penosil.com\/pl\/","name":"PENOSIL Polska","description":"","potentialAction":[{"@type":"SearchAction","target":{"@type":"EntryPoint","urlTemplate":"https:\/\/penosil.com\/pl\/?s={search_term_string}"},"query-input":{"@type":"PropertyValueSpecification","valueRequired":true,"valueName":"search_term_string"}}],"inLanguage":"pl-PL"}]}},"coauthors":[],"author_meta":{"author_link":"https:\/\/penosil.com\/pl\/author\/reaktiiv-pe\/","display_name":"reaktiiv-pe"},"relative_dates":{"created":"Posted 6 lat ago","modified":"Updated 1 rok ago"},"absolute_dates":{"created":"Posted on 16\/10\/2019","modified":"Updated on 04\/04\/2025"},"absolute_dates_time":{"created":"Posted on 16\/10\/2019 20:16","modified":"Updated on 04\/04\/2025 18:30"},"featured_img_caption":"","featured_img":false,"series_order":"","_links":{"self":[{"href":"https:\/\/penosil.com\/pl\/wp-json\/wp\/v2\/pages\/6384","targetHints":{"allow":["GET"]}}],"collection":[{"href":"https:\/\/penosil.com\/pl\/wp-json\/wp\/v2\/pages"}],"about":[{"href":"https:\/\/penosil.com\/pl\/wp-json\/wp\/v2\/types\/page"}],"author":[{"embeddable":true,"href":"https:\/\/penosil.com\/pl\/wp-json\/wp\/v2\/users\/1"}],"replies":[{"embeddable":true,"href":"https:\/\/penosil.com\/pl\/wp-json\/wp\/v2\/comments?post=6384"}],"version-history":[{"count":2,"href":"https:\/\/penosil.com\/pl\/wp-json\/wp\/v2\/pages\/6384\/revisions"}],"predecessor-version":[{"id":37082,"href":"https:\/\/penosil.com\/pl\/wp-json\/wp\/v2\/pages\/6384\/revisions\/37082"}],"wp:attachment":[{"href":"https:\/\/penosil.com\/pl\/wp-json\/wp\/v2\/media?parent=6384"}],"curies":[{"name":"wp","href":"https:\/\/api.w.org\/{rel}","templated":true}]}}