{"id":6405,"date":"2019-08-01T13:07:26","date_gmt":"2019-08-01T13:07:26","guid":{"rendered":"https:\/\/penosil.com\/calculate-the-amount-of-foam-needed-to-install-a-window\/"},"modified":"2025-04-25T03:49:23","modified_gmt":"2025-04-25T03:49:23","slug":"kalkulator-piany-do-montazu-okna","status":"publish","type":"page","link":"https:\/\/penosil.com\/pl\/baza-wiedzy\/kalkulatory\/kalkulator-piany-do-montazu-okna\/","title":{"rendered":"Kalkulator piany potrzebnej do monta\u017cu okna"},"content":{"rendered":"<div id=\"pnsl-calculator-block_5d43eba7525bd\" class=\"pnsl-calculator-block foam-amount-window-calculator\" role=\"form\" aria-label=\"Kalkulator piany potrzebnej do monta\u017cu okna\">\n   <h2 class=\"mb24\">Kalkulator piany potrzebnej do monta\u017cu okna<\/h2>\n   <fieldset class=\"calculator-part\">\n      <legend class=\"calculator-part-title\">\n         <h3>Wymiary okna<\/h3>\n      <\/legend>\n\n      <div class=\"calculator-part-inputs d-flex align-items-center flex-wrap\">\n\n         <div class=\"calculator-input\">\n            <label for=\"foam-window-window-width\" class=\"input-label\">Szeroko\u015b\u0107<\/label>\n            <div class=\"input-field\">\n               <input type=\"number\" id=\"foam-window-window-width\" name=\"foam-window-window-width\" aria-required=\"true\">\n               <span class=\"unit\" aria-label=\"millimeters\">mm<\/span>\n            <\/div>\n         <\/div>\n\n         <div class=\"calculator-separator\" aria-hidden=\"true\">x<\/div>\n\n         <div class=\"calculator-input\">\n            <label for=\"foam-window-window-height\" class=\"input-label\">Wysoko\u015b\u0107<\/label>\n            <div class=\"input-field\">\n               <input type=\"number\" id=\"foam-window-window-height\" name=\"foam-window-window-height\" aria-required=\"true\">\n               <span class=\"unit\" aria-label=\"millimeters\">mm<\/span>\n            <\/div>\n         <\/div>\n      <\/div>\n   <\/fieldset>\n\n   <fieldset class=\"calculator-part\">\n      <legend class=\"calculator-part-title\">\n         <h3>Wymiary ramy okna<\/h3>\n      <\/legend>\n\n      <div class=\"calculator-part-inputs d-flex align-items-center flex-wrap\">\n\n         <div class=\"calculator-input\">\n            <label for=\"foam-window-window-frame-thickness\" class=\"input-label\">Grubo\u015b\u0107 ramy<\/label>\n            <div class=\"input-field\">\n               <input type=\"number\" id=\"foam-window-window-frame-thickness\" name=\"foam-window-window-frame-thickness\" aria-required=\"true\">\n               <span class=\"unit\" aria-label=\"millimeters\">mm<\/span>\n            <\/div>\n         <\/div>\n\n         <div class=\"calculator-separator\" aria-hidden=\"true\">x<\/div>\n\n         <div class=\"calculator-input\">\n            <label for=\"foam-window-joint-size\" class=\"input-label\">Rozmiar szczeliny<\/label>\n            <div class=\"input-field\">\n               <input type=\"number\" id=\"foam-window-joint-size\" name=\"foam-window-joint-size\" aria-required=\"true\">\n               <span class=\"unit\" aria-label=\"millimeters\">mm<\/span>\n            <\/div>\n         <\/div>\n\n      <\/div>\n   <\/fieldset>\n\n   <fieldset class=\"calculator-part\">\n      <legend class=\"calculator-part-title\">\n         <h3>Okno<\/h3>\n      <\/legend>\n\n      <div class=\"calculator-part-inputs d-flex align-items-center flex-wrap\">\n\n         <div class=\"calculator-input\">\n            <label for=\"foam-window-window-count\" class=\"input-label\">Liczba okien<\/label>\n            <div class=\"input-field\">\n               <input type=\"number\" id=\"foam-window-window-count\" name=\"foam-window-window-count\" aria-required=\"true\">\n               <span class=\"unit\" aria-label=\"pieces\">szt.<\/span>\n            <\/div>\n         <\/div>\n\n      <\/div>\n   <\/fieldset>\n\n   <div class=\"calculator-output\" role=\"region\" aria-live=\"polite\" aria-label=\"Calculation results\">\n      <h3 class=\"sr-only\">Results<\/h3>\n      <div class=\"output-block output-full d-flex flex-wrap\">\n         <div class=\"output-title w100\">\n            <span>Puszki (wype\u0142nione 750 ml piany)<\/span>\n         <\/div>\n         <div class=\"output-result w100\" id=\"foam-window-balloons-count-750\" aria-label=\"Number of 750ml cans needed\">\n            0\n         <\/div>\n      <\/div>\n      <div class=\"output-block output-full d-flex flex-wrap\">\n         <div class=\"output-title w100\">\n            <span>Puszki (wypenione 830-870 ml piany)<\/span>\n         <\/div>\n         <div class=\"output-result w100\" id=\"foam-window-balloons-count-870\" aria-label=\"Number of 830-870ml cans needed\">\n            0\n         <\/div>\n      <\/div>\n   <\/div>\n<\/div>","protected":false},"excerpt":{"rendered":"","protected":false},"author":1,"featured_media":0,"parent":6465,"menu_order":422,"comment_status":"closed","ping_status":"closed","template":"page-templates\/template-calculators.php","meta":{"_acf_changed":false,"advgb_blocks_editor_width":"","advgb_blocks_columns_visual_guide":"","footnotes":""},"class_list":["post-6405","page","type-page","status-publish","hentry"],"acf":[],"yoast_head":"<!-- This site is optimized with the Yoast SEO plugin v27.2 - https:\/\/yoast.com\/product\/yoast-seo-wordpress\/ -->\n<title>Kalkulator piany potrzebnej do monta\u017cu okna<\/title>\n<meta name=\"description\" content=\"Skorzystaj z kalkulatora monta\u017cu okien PENOSIL, aby obliczy\u0107 ilo\u015b\u0107 piany potrzebnej do monta\u017cu okna. Rozpocznij obliczenia!\" \/>\n<meta name=\"robots\" content=\"index, follow, max-snippet:-1, max-image-preview:large, max-video-preview:-1\" \/>\n<link rel=\"canonical\" href=\"https:\/\/penosil.com\/pl\/baza-wiedzy\/kalkulatory\/kalkulator-piany-do-montazu-okna\/\" \/>\n<meta property=\"og:locale\" content=\"pl_PL\" \/>\n<meta property=\"og:type\" content=\"article\" \/>\n<meta property=\"og:title\" content=\"Kalkulator piany potrzebnej do monta\u017cu okna\" \/>\n<meta property=\"og:description\" content=\"Skorzystaj z kalkulatora monta\u017cu okien PENOSIL, aby obliczy\u0107 ilo\u015b\u0107 piany potrzebnej do monta\u017cu okna. Rozpocznij obliczenia!\" \/>\n<meta property=\"og:url\" content=\"https:\/\/penosil.com\/pl\/baza-wiedzy\/kalkulatory\/kalkulator-piany-do-montazu-okna\/\" \/>\n<meta property=\"og:site_name\" content=\"PENOSIL Polska\" \/>\n<meta property=\"article:modified_time\" content=\"2025-04-25T03:49:23+00:00\" \/>\n<meta name=\"twitter:card\" content=\"summary_large_image\" \/>\n<meta name=\"twitter:label1\" content=\"Szacowany czas czytania\" \/>\n\t<meta name=\"twitter:data1\" content=\"1 minuta\" \/>\n<script type=\"application\/ld+json\" class=\"yoast-schema-graph\">{\"@context\":\"https:\/\/schema.org\",\"@graph\":[{\"@type\":\"WebPage\",\"@id\":\"https:\/\/penosil.com\/pl\/baza-wiedzy\/kalkulatory\/kalkulator-piany-do-montazu-okna\/\",\"url\":\"https:\/\/penosil.com\/pl\/baza-wiedzy\/kalkulatory\/kalkulator-piany-do-montazu-okna\/\",\"name\":\"Kalkulator piany potrzebnej do monta\u017cu okna\",\"isPartOf\":{\"@id\":\"https:\/\/penosil.com\/pl\/#website\"},\"datePublished\":\"2019-08-01T13:07:26+00:00\",\"dateModified\":\"2025-04-25T03:49:23+00:00\",\"description\":\"Skorzystaj z kalkulatora monta\u017cu okien PENOSIL, aby obliczy\u0107 ilo\u015b\u0107 piany potrzebnej do monta\u017cu okna. Rozpocznij obliczenia!\",\"breadcrumb\":{\"@id\":\"https:\/\/penosil.com\/pl\/baza-wiedzy\/kalkulatory\/kalkulator-piany-do-montazu-okna\/#breadcrumb\"},\"inLanguage\":\"pl-PL\",\"potentialAction\":[{\"@type\":\"ReadAction\",\"target\":[\"https:\/\/penosil.com\/pl\/baza-wiedzy\/kalkulatory\/kalkulator-piany-do-montazu-okna\/\"]}]},{\"@type\":\"BreadcrumbList\",\"@id\":\"https:\/\/penosil.com\/pl\/baza-wiedzy\/kalkulatory\/kalkulator-piany-do-montazu-okna\/#breadcrumb\",\"itemListElement\":[{\"@type\":\"ListItem\",\"position\":1,\"name\":\"Home\",\"item\":\"https:\/\/penosil.com\/pl\/\"},{\"@type\":\"ListItem\",\"position\":2,\"name\":\"Baza wiedzy\",\"item\":\"https:\/\/penosil.com\/pl\/baza-wiedzy\/\"},{\"@type\":\"ListItem\",\"position\":3,\"name\":\"Kalkulatory\",\"item\":\"https:\/\/penosil.com\/pl\/baza-wiedzy\/kalkulatory\/\"},{\"@type\":\"ListItem\",\"position\":4,\"name\":\"Kalkulator piany potrzebnej do monta\u017cu okna\"}]},{\"@type\":\"WebSite\",\"@id\":\"https:\/\/penosil.com\/pl\/#website\",\"url\":\"https:\/\/penosil.com\/pl\/\",\"name\":\"PENOSIL Polska\",\"description\":\"\",\"potentialAction\":[{\"@type\":\"SearchAction\",\"target\":{\"@type\":\"EntryPoint\",\"urlTemplate\":\"https:\/\/penosil.com\/pl\/?s={search_term_string}\"},\"query-input\":{\"@type\":\"PropertyValueSpecification\",\"valueRequired\":true,\"valueName\":\"search_term_string\"}}],\"inLanguage\":\"pl-PL\"}]}<\/script>\n<!-- \/ Yoast SEO plugin. -->","yoast_head_json":{"title":"Kalkulator piany potrzebnej do monta\u017cu okna","description":"Skorzystaj z kalkulatora monta\u017cu okien PENOSIL, aby obliczy\u0107 ilo\u015b\u0107 piany potrzebnej do monta\u017cu okna. Rozpocznij obliczenia!","robots":{"index":"index","follow":"follow","max-snippet":"max-snippet:-1","max-image-preview":"max-image-preview:large","max-video-preview":"max-video-preview:-1"},"canonical":"https:\/\/penosil.com\/pl\/baza-wiedzy\/kalkulatory\/kalkulator-piany-do-montazu-okna\/","og_locale":"pl_PL","og_type":"article","og_title":"Kalkulator piany potrzebnej do monta\u017cu okna","og_description":"Skorzystaj z kalkulatora monta\u017cu okien PENOSIL, aby obliczy\u0107 ilo\u015b\u0107 piany potrzebnej do monta\u017cu okna. Rozpocznij obliczenia!","og_url":"https:\/\/penosil.com\/pl\/baza-wiedzy\/kalkulatory\/kalkulator-piany-do-montazu-okna\/","og_site_name":"PENOSIL Polska","article_modified_time":"2025-04-25T03:49:23+00:00","twitter_card":"summary_large_image","twitter_misc":{"Szacowany czas czytania":"1 minuta"},"schema":{"@context":"https:\/\/schema.org","@graph":[{"@type":"WebPage","@id":"https:\/\/penosil.com\/pl\/baza-wiedzy\/kalkulatory\/kalkulator-piany-do-montazu-okna\/","url":"https:\/\/penosil.com\/pl\/baza-wiedzy\/kalkulatory\/kalkulator-piany-do-montazu-okna\/","name":"Kalkulator piany potrzebnej do monta\u017cu okna","isPartOf":{"@id":"https:\/\/penosil.com\/pl\/#website"},"datePublished":"2019-08-01T13:07:26+00:00","dateModified":"2025-04-25T03:49:23+00:00","description":"Skorzystaj z kalkulatora monta\u017cu okien PENOSIL, aby obliczy\u0107 ilo\u015b\u0107 piany potrzebnej do monta\u017cu okna. Rozpocznij obliczenia!","breadcrumb":{"@id":"https:\/\/penosil.com\/pl\/baza-wiedzy\/kalkulatory\/kalkulator-piany-do-montazu-okna\/#breadcrumb"},"inLanguage":"pl-PL","potentialAction":[{"@type":"ReadAction","target":["https:\/\/penosil.com\/pl\/baza-wiedzy\/kalkulatory\/kalkulator-piany-do-montazu-okna\/"]}]},{"@type":"BreadcrumbList","@id":"https:\/\/penosil.com\/pl\/baza-wiedzy\/kalkulatory\/kalkulator-piany-do-montazu-okna\/#breadcrumb","itemListElement":[{"@type":"ListItem","position":1,"name":"Home","item":"https:\/\/penosil.com\/pl\/"},{"@type":"ListItem","position":2,"name":"Baza wiedzy","item":"https:\/\/penosil.com\/pl\/baza-wiedzy\/"},{"@type":"ListItem","position":3,"name":"Kalkulatory","item":"https:\/\/penosil.com\/pl\/baza-wiedzy\/kalkulatory\/"},{"@type":"ListItem","position":4,"name":"Kalkulator piany potrzebnej do monta\u017cu okna"}]},{"@type":"WebSite","@id":"https:\/\/penosil.com\/pl\/#website","url":"https:\/\/penosil.com\/pl\/","name":"PENOSIL Polska","description":"","potentialAction":[{"@type":"SearchAction","target":{"@type":"EntryPoint","urlTemplate":"https:\/\/penosil.com\/pl\/?s={search_term_string}"},"query-input":{"@type":"PropertyValueSpecification","valueRequired":true,"valueName":"search_term_string"}}],"inLanguage":"pl-PL"}]}},"coauthors":[],"author_meta":{"author_link":"https:\/\/penosil.com\/pl\/author\/reaktiiv-pe\/","display_name":"reaktiiv-pe"},"relative_dates":{"created":"Posted 7 lat ago","modified":"Updated 12 miesi\u0119cy ago"},"absolute_dates":{"created":"Posted on 01\/08\/2019","modified":"Updated on 25\/04\/2025"},"absolute_dates_time":{"created":"Posted on 01\/08\/2019 13:07","modified":"Updated on 25\/04\/2025 03:49"},"featured_img_caption":"","featured_img":false,"series_order":"","_links":{"self":[{"href":"https:\/\/penosil.com\/pl\/wp-json\/wp\/v2\/pages\/6405","targetHints":{"allow":["GET"]}}],"collection":[{"href":"https:\/\/penosil.com\/pl\/wp-json\/wp\/v2\/pages"}],"about":[{"href":"https:\/\/penosil.com\/pl\/wp-json\/wp\/v2\/types\/page"}],"author":[{"embeddable":true,"href":"https:\/\/penosil.com\/pl\/wp-json\/wp\/v2\/users\/1"}],"replies":[{"embeddable":true,"href":"https:\/\/penosil.com\/pl\/wp-json\/wp\/v2\/comments?post=6405"}],"version-history":[{"count":5,"href":"https:\/\/penosil.com\/pl\/wp-json\/wp\/v2\/pages\/6405\/revisions"}],"predecessor-version":[{"id":38203,"href":"https:\/\/penosil.com\/pl\/wp-json\/wp\/v2\/pages\/6405\/revisions\/38203"}],"up":[{"embeddable":true,"href":"https:\/\/penosil.com\/pl\/wp-json\/wp\/v2\/pages\/6465"}],"wp:attachment":[{"href":"https:\/\/penosil.com\/pl\/wp-json\/wp\/v2\/media?parent=6405"}],"curies":[{"name":"wp","href":"https:\/\/api.w.org\/{rel}","templated":true}]}}